{"id":1508,"date":"2024-12-23T05:50:37","date_gmt":"2024-12-23T05:50:37","guid":{"rendered":"https:\/\/fmp-components.com\/product\/cost-effective-customized-stainless-steel-hydraulic-cylinder-double-acting-hydraulic-cylinder\/"},"modified":"2024-12-23T06:24:34","modified_gmt":"2024-12-23T06:24:34","slug":"cost-effective-customized-stainless-steel-hydraulic-cylinder-double-acting-hydraulic-cylinder","status":"publish","type":"product","link":"https:\/\/fmp-components.com\/fi\/product\/cost-effective-customized-stainless-steel-hydraulic-cylinder-double-acting-hydraulic-cylinder\/","title":{"rendered":"Kustannustehokas r\u00e4\u00e4t\u00e4l\u00f6ity ruostumattomasta ter\u00e4ksest\u00e4 valmistettu hydraulisylinteri, kaksitoiminen hydraulisylinteri"},"content":{"rendered":"<p>Kustannustehokas r\u00e4\u00e4t\u00e4l\u00f6ity ruostumattomasta ter\u00e4ksest\u00e4 valmistettu hydraulisylinteri, kaksitoiminen hydraulisylinteri Kustannustehokas r\u00e4\u00e4t\u00e4l\u00f6ity ruostumattomasta ter\u00e4ksest\u00e4 valmistettu hydraulisylinteri, kaksitoiminen hydraulisylinteri on korkealaatuinen hydraulisylinteri, joka on suunniteltu vastaamaan erilaisiin teollisuuden tarpeisiin. T\u00e4m\u00e4 tuote on valmistettu ruostumattomasta ter\u00e4ksest\u00e4, mik\u00e4 varmistaa kest\u00e4vyyden ja korroosionkest\u00e4vyyden. Se on my\u00f6s r\u00e4\u00e4t\u00e4l\u00f6ity vastaamaan asiakkaan erityisvaatimuksia.<\/p>\n<p>Yksi t\u00e4m\u00e4n hydraulisylinterin merkitt\u00e4vimmist\u00e4 ominaisuuksista on sen kaksitoimisuus. T\u00e4m\u00e4 tarkoittaa, ett\u00e4 se voi tuottaa voimaa molempiin suuntiin, mik\u00e4 tekee siit\u00e4 tehokkaamman ja monipuolisemman verrattuna yksitoimisiin sylintereihin. Se soveltuu monenlaisiin teollisiin sovelluksiin, kuten rakentamiseen, kaivostoimintaan ja valmistukseen.<\/p>\n<p>Kustannustehokas r\u00e4\u00e4t\u00e4l\u00f6ity ruostumattomasta ter\u00e4ksest\u00e4 valmistettu kaksitoiminen hydraulisylinteri on suunniteltu kustannustehokkaaksi, mik\u00e4 tarkoittaa, ett\u00e4 se tarjoaa erinomaista vastinetta rahalle. Se on rakennettu kest\u00e4m\u00e4\u00e4n ja vaatii vain v\u00e4h\u00e4n huoltoa, mik\u00e4 auttaa v\u00e4hent\u00e4m\u00e4\u00e4n kustannuksia ajan my\u00f6t\u00e4. Lis\u00e4ksi sen r\u00e4\u00e4t\u00e4l\u00f6ity suunnittelu tarkoittaa, ett\u00e4 se on r\u00e4\u00e4t\u00e4l\u00f6ity vastaamaan asiakkaan erityistarpeita, mik\u00e4 auttaa minimoimaan j\u00e4tett\u00e4 ja optimoimaan tehokkuutta.<\/p>\n<p>Yhteenvetona voidaan todeta, ett\u00e4 kustannustehokas r\u00e4\u00e4t\u00e4l\u00f6ity ruostumattomasta ter\u00e4ksest\u00e4 valmistettu kaksitoiminen hydraulisylinteri on luotettava ja monipuolinen hydraulisylinteri, joka on suunniteltu vastaamaan erilaisiin teollisuuden tarpeisiin. Sen ruostumattomasta ter\u00e4ksest\u00e4 valmistettu rakenne, kaksitoiminen ominaisuus ja mukautettava muotoilu tekev\u00e4t siit\u00e4 kustannustehokkaan ratkaisun teollisuudenaloille, jotka vaativat korkealaatuisia hydraulisylintereit\u00e4.<\/p>\n<div>\n<h2>Kustannustehokas r\u00e4\u00e4t\u00e4l\u00f6ity ruostumattomasta ter\u00e4ksest\u00e4 valmistettu hydraulisylinteri hydraulisiin tarpeisiisi<\/h2>\n<p>Esittelyss\u00e4 r\u00e4\u00e4t\u00e4l\u00f6ity ruostumattomasta ter\u00e4ksest\u00e4 valmistettu kaksitoiminen hydraulisylinterimme \u2013 t\u00e4ydellinen ratkaisu hydraulisiin tarpeisiisi. Tuotteemme on suunniteltu tarkkuus, kest\u00e4vyys ja laatu mieless\u00e4 pit\u00e4en, joten se sopii t\u00e4ydellisesti eri toimialoille, kuten konepajoille, maatiloille, energia- ja kaivosteollisuudelle, konevalmistukseen ja konetehtaisiin.<\/p>\n<p><img decoding=\"async\" title=\"Lumiauran hydraulisylinteri\" src=\"https:\/\/hzpt.com\/wp-content\/uploads\/2023\/11\/Snow-Plow-Hydraulic-Cylinder-3.webp\" alt=\"Lumiauran hydraulisylinteri\" \/><\/p>\n<h2>Tuotteen ominaisuudet<\/h2>\n<p>Hydraulisylinteriss\u00e4mme on useita ominaisuuksia, jotka erottavat sen kilpailijoista. Se on valmistettu tukevasta ruostumattomasta ter\u00e4ksest\u00e4, mik\u00e4 takaa pitk\u00e4n k\u00e4ytt\u00f6i\u00e4n ja minimaalisen huollon tarpeen. Se on my\u00f6s muokattavissa, joten voit r\u00e4\u00e4t\u00e4l\u00f6id\u00e4 sen omiin tarpeisiisi.<\/p>\n<ul>\n<li><b>Kunto:<\/b> Uusi<\/li>\n<li><b>Takuu:<\/b> 1 vuosi<\/li>\n<li><b>Maksimi ty\u00f6nt\u00f6voima:<\/b> 3000<\/li>\n<li><b>Maksimiveto:<\/b> 20 tonnia<\/li>\n<li><b>Sertifiointi:<\/b> ISO9001:2000<\/li>\n<li><b>Rei\u00e4n koko:<\/b> 2\u20136 tuumaa<\/li>\n<li><b>Tangon koko:<\/b> 1,125\u20134 tuumaa<\/li>\n<li><b>Iskun koko:<\/b> 4\u2013100 tuumaa<\/li>\n<li><b>Tapin koko:<\/b> 0,5\u20132 tuumaa<\/li>\n<\/ul>\n<\/div>\n<h2>S\u00e4\u00e4dett\u00e4vien haarukkatyyppisten sylinterien edut<\/h2>\n<p>S\u00e4\u00e4dett\u00e4v\u00e4t haarukkatyyppiset sylinterit ovat olennainen osa hydraulij\u00e4rjestelmi\u00e4. N\u00e4it\u00e4 sylintereit\u00e4 k\u00e4ytet\u00e4\u00e4n hydraulisen energian muuntamiseen mekaaniseksi voimaksi. Niit\u00e4 k\u00e4ytet\u00e4\u00e4n yleisesti erilaisissa sovelluksissa, kuten rakentamisessa, valmistuksessa ja kuljetuksessa. T\u00e4ss\u00e4 artikkelissa k\u00e4sittelemme s\u00e4\u00e4dett\u00e4vien haarukkatyyppisten sylinterien etuja.<\/p>\n<p>1. <b>Kustannustehokas<\/b><\/p>\n<p>Yksi s\u00e4\u00e4dett\u00e4vien haarukkatyyppisten sylinterien t\u00e4rkeimmist\u00e4 eduista on niiden kustannustehokkuus. Ne on suunniteltu kest\u00e4viksi ja pitk\u00e4ik\u00e4isiksi, mik\u00e4 tarkoittaa, ett\u00e4 ne vaativat v\u00e4hemm\u00e4n huoltoa ja korjauksia ajan my\u00f6t\u00e4. Lis\u00e4ksi ne on valmistettu korkealaatuisista materiaaleista, kuten ruostumattomasta ter\u00e4ksest\u00e4, mik\u00e4 edist\u00e4\u00e4 niiden pitk\u00e4ik\u00e4isyytt\u00e4 ja luotettavuutta.<\/p>\n<p>2. <b>Mukautettava<\/b><\/p>\n<p>S\u00e4\u00e4dett\u00e4vien haarukkatyyppisten sylinterien toinen etu on, ett\u00e4 ne voidaan r\u00e4\u00e4t\u00e4l\u00f6id\u00e4 vastaamaan tiettyj\u00e4 teollisia tai kaupallisia vaatimuksia. Valmistajat voivat muokata n\u00e4iden sylinterien kokoa, muotoa ja ominaisuuksia, kuten lis\u00e4t\u00e4 portteja ja kiinnitysvaihtoehtoja, asiakkaidensa tarpeiden mukaan. T\u00e4m\u00e4 r\u00e4\u00e4t\u00e4l\u00f6inti varmistaa, ett\u00e4 sylinterit on optimoitu aiottuun sovellukseen, mik\u00e4 lis\u00e4\u00e4 niiden tehokkuutta ja vaikuttavuutta.<\/p>\n<p>3. <b>Ruostumattomasta ter\u00e4ksest\u00e4 valmistettu rakenne<\/b><\/p>\n<p>S\u00e4\u00e4dett\u00e4v\u00e4t haarukkatyyppiset sylinterit valmistetaan usein ruostumattomasta ter\u00e4ksest\u00e4, joka on materiaali, jolla on erinomainen kest\u00e4vyys, korroosionkest\u00e4vyys ja lujuus. Ruostumattoman ter\u00e4ksen ansiosta n\u00e4m\u00e4 sylinterit kest\u00e4v\u00e4t ankaria ymp\u00e4rist\u00f6olosuhteita, kuten korkeita l\u00e4mp\u00f6tiloja ja altistumista kemikaaleille. Lis\u00e4ksi ruostumattomasta ter\u00e4ksest\u00e4 valmistetut sylinterit on helppo puhdistaa ja huoltaa, mik\u00e4 voi pident\u00e4\u00e4 niiden k\u00e4ytt\u00f6ik\u00e4\u00e4.<\/p>\n<p>4. <b>Kaksitoiminen<\/b><\/p>\n<p>S\u00e4\u00e4dett\u00e4v\u00e4t haarukkatyyppiset sylinterit voidaan suunnitella kaksitoimisiksi sylintereiksi, mik\u00e4 tarkoittaa, ett\u00e4 ne voivat tuottaa voimaa molempiin suuntiin. T\u00e4m\u00e4 ominaisuus on hy\u00f6dyllinen sovelluksissa, joissa vaaditaan tarkkaa ohjausta ja liikett\u00e4, kuten valmistuksessa ja rakentamisessa. Kaksitoimiset sylinterit ovat my\u00f6s tehokkaampia kuin yksitoimiset sylinterit, mik\u00e4 voi edist\u00e4\u00e4 kokonaiskustannuss\u00e4\u00e4st\u00f6j\u00e4.<\/p>\n<p>Yhteenvetona voidaan todeta, ett\u00e4 s\u00e4\u00e4dett\u00e4v\u00e4t haarukkatyyppiset sylinterit tarjoavat useita etuja muuntyyppisiin hydraulisylintereihin verrattuna. Ne ovat kustannustehokkaita, muokattavissa, valmistettu ruostumattomasta ter\u00e4ksest\u00e4 ja ne voidaan suunnitella kaksitoimisiksi sylintereiksi. N\u00e4m\u00e4 ominaisuudet tekev\u00e4t niist\u00e4 erinomaisen valinnan teollisiin ja kaupallisiin sovelluksiin, jotka vaativat luotettavia, tehokkaita ja pitk\u00e4ik\u00e4isi\u00e4 hydraulisylintereit\u00e4.<\/p>\n<h3>Tietoja FMP:st\u00e4<\/h3>\n<p>FMP on johtava hydraulisylintereiden tuotantoon ja myyntiin erikoistunut yritys. Laajan alan kokemuksemme ja ammattitaitoisen tiimimme avulla olemme sitoutuneet tarjoamaan asiakkaillemme korkealaatuisia ja luotettavia hydraulisylinteriratkaisuja.<\/p>\n<p>T\u00e4ss\u00e4 on tuotteidemme ja yrityksemme viisi keskeist\u00e4 etua:<\/p>\n<p>1. Laaja tuotevalikoima: Tarjoamme monipuolisen valikoiman hydraulisylintereit\u00e4, mukaan lukien s\u00e4\u00e4dett\u00e4v\u00e4t haarukkatyyppiset sylinterit, kuten alla on esitetty:<\/p>\n<p><img decoding=\"async\" src=\"https:\/\/fmp-components.com\/wp-content\/uploads\/2024\/12\/Adjustable-Clevis-Type-Cylinders-6.webp\" alt=\"S\u00e4\u00e4dett\u00e4v\u00e4 haarukkatyyppinen sylinteri\" width=\"832\" title=\"\"><\/p>\n<p>2. Ylivertainen laatu: Olemme luoneet pitk\u00e4aikaisia \u200b\u200bja vakaita yhteisty\u00f6suhteita korkealaatuisten toimittajien kanssa, mik\u00e4 varmistaa, ett\u00e4 kaikki hydraulisylinterimme t\u00e4ytt\u00e4v\u00e4t tiukat laatustandardit. Sitoutumisemme laatuun erottaa meid\u00e4t kilpailijoista.<\/p>\n<p>3. Ammattitaitoinen myyntitiimi: Kokenut ja taitava myyntitiimimme tuntee hydraulisylinterialan kehityssuunnat ja asiakastarpeet hyvin. He ovat omistautuneet tarjoamaan ammattimaista tuotekonsultointia ja \u00e4lykk\u00e4it\u00e4 ostoehdotuksia.<\/p>\n<p>4. Tehokas logistiikka ja jakelu: Ymm\u00e4rr\u00e4mme oikea-aikaisten ja t\u00e4sm\u00e4llisten toimitusten merkityksen. Tehokkaan logistiikka- ja jakeluj\u00e4rjestelm\u00e4mme avulla varmistamme, ett\u00e4 asiakkaat saavat tarvitsemansa hydraulisylinterit nopeasti.<\/p>\n<p>5. Kattavat ratkaisut: Hydraulisylinterien lis\u00e4ksi tarjoamme laajan valikoiman rakennuskoneiden osia ja t\u00e4ydellisi\u00e4 koneratkaisuja. N\u00e4in asiakkaamme l\u00f6yt\u00e4v\u00e4t kaikki tarvittavat komponentit ja lis\u00e4varusteet yhdest\u00e4 paikasta, mik\u00e4 s\u00e4\u00e4st\u00e4\u00e4 aikaa ja vaivaa.<\/p>\n<p>Kutsumme sinut yhteisty\u00f6kumppaniksemme ja kokemaan FMP:n hydraulisylintereiden erinomaisuuden. Ota meihin yhteytt\u00e4 jo t\u00e4n\u00e4\u00e4n keskustellaksesi erityisvaatimuksistasi ja anna tiimimme auttaa sinua l\u00f6yt\u00e4m\u00e4\u00e4n t\u00e4ydellisen hydraulisylinteriratkaisun tarpeisiisi.<\/p>\n<h2>Usein kysytyt kysymykset<\/h2>\n<h3>K: Oletko kauppayhti\u00f6 vai valmistaja?<\/h3>\n<p>A: Olemme tehdas, joka valmistaa hydraulisylintereit\u00e4 ja muita maatalouskoneiden osia.<\/p>\n<h3>K: Kuinka pitk\u00e4 on toimitusaikanne?<\/h3>\n<p>V: Normaali toimitusaikamme on 25\u201335 p\u00e4iv\u00e4\u00e4.<\/p>\n<h3>K: Tarjoatteko n\u00e4ytteit\u00e4? Ovatko ne ilmaisia \u200b\u200bvai ylim\u00e4\u00e4r\u00e4isi\u00e4?<\/h3>\n<p>V: Kyll\u00e4, tarjoamme n\u00e4ytteit\u00e4, mutta ne eiv\u00e4t ole ilmaisia.<\/p>\n<p>Tekij\u00e4: CX<\/p>","protected":false},"excerpt":{"rendered":"<p>Cost Effective Customized Stainless Steel Hydraulic Cylinder Double Acting Hydraulic CylinderCost Effective Customized Stainless Steel Hydraulic Cylinder Double Acting Hydraulic Cylinder is a high-quality hydraulic cylinder designed to meet various industrial needs. This product is made of stainless steel, which ensures durability and resistance to corrosion. It is also customized to meet the specific requirements [&hellip;]<\/p>","protected":false},"featured_media":1509,"comment_status":"closed","ping_status":"closed","template":"","meta":{"_et_pb_use_builder":"","_et_pb_old_content":"","_et_gb_content_width":""},"product_brand":[],"product_cat":[42],"product_tag":[34,44],"class_list":{"0":"post-1508","1":"product","2":"type-product","3":"status-publish","4":"has-post-thumbnail","6":"product_cat-snow-plow-hydraulic-cylinder","7":"product_tag-hydraulic-cylinder","8":"product_tag-snow-plow-hydraulic-cylinder","10":"first","11":"instock","12":"product-type-simple"},"_links":{"self":[{"href":"https:\/\/fmp-components.com\/fi\/wp-json\/wp\/v2\/product\/1508","targetHints":{"allow":["GET"]}}],"collection":[{"href":"https:\/\/fmp-components.com\/fi\/wp-json\/wp\/v2\/product"}],"about":[{"href":"https:\/\/fmp-components.com\/fi\/wp-json\/wp\/v2\/types\/product"}],"replies":[{"embeddable":true,"href":"https:\/\/fmp-components.com\/fi\/wp-json\/wp\/v2\/comments?post=1508"}],"wp:featuredmedia":[{"embeddable":true,"href":"https:\/\/fmp-components.com\/fi\/wp-json\/wp\/v2\/media\/1509"}],"wp:attachment":[{"href":"https:\/\/fmp-components.com\/fi\/wp-json\/wp\/v2\/media?parent=1508"}],"wp:term":[{"taxonomy":"product_brand","embeddable":true,"href":"https:\/\/fmp-components.com\/fi\/wp-json\/wp\/v2\/product_brand?post=1508"},{"taxonomy":"product_cat","embeddable":true,"href":"https:\/\/fmp-components.com\/fi\/wp-json\/wp\/v2\/product_cat?post=1508"},{"taxonomy":"product_tag","embeddable":true,"href":"https:\/\/fmp-components.com\/fi\/wp-json\/wp\/v2\/product_tag?post=1508"}],"curies":[{"name":"wp","href":"https:\/\/api.w.org\/{rel}","templated":true}]}}