{"id":1502,"date":"2024-12-23T05:50:37","date_gmt":"2024-12-23T05:50:37","guid":{"rendered":"https:\/\/fmp-components.com\/product\/high-quality-customized-snow-plow-hydraulic-piston-cylinder\/"},"modified":"2024-12-23T06:26:31","modified_gmt":"2024-12-23T06:26:31","slug":"high-quality-customized-snow-plow-hydraulic-piston-cylinder","status":"publish","type":"product","link":"https:\/\/fmp-components.com\/fi\/product\/high-quality-customized-snow-plow-hydraulic-piston-cylinder\/","title":{"rendered":"Korkealaatuinen r\u00e4\u00e4t\u00e4l\u00f6ity lumiauran hydraulinen m\u00e4nt\u00e4sylinteri"},"content":{"rendered":"<p>Korkealaatuinen r\u00e4\u00e4t\u00e4l\u00f6ity lumiauran hydraulinen m\u00e4nt\u00e4sylinteriKorkealaatuinen r\u00e4\u00e4t\u00e4l\u00f6ity lumiauran hydraulinen m\u00e4nt\u00e4sylinteri on v\u00e4ltt\u00e4m\u00e4t\u00f6n hankinta kaikille, jotka haluavat varmistaa sujuvan ja tehokkaan lumiaurauskokemuksen. T\u00e4m\u00e4 tuote on suunniteltu tarjoamaan korkeimman tason suorituskyky\u00e4 ja luotettavuutta jopa ankarimmissa olosuhteissa.<\/p>\n<p>Hienoimmista materiaaleista valmistettu ja kest\u00e4m\u00e4\u00e4n kest\u00e4v\u00e4 hydraulinen m\u00e4nt\u00e4sylinteri on sek\u00e4 kest\u00e4v\u00e4 ett\u00e4 luotettava. Se pystyy k\u00e4sittelem\u00e4\u00e4n raskaita kuormia ja kest\u00e4\u00e4 helposti \u00e4\u00e4rimm\u00e4isi\u00e4 l\u00e4mp\u00f6tiloja, joten se on t\u00e4ydellinen valinta kaikille, jotka tarvitsevat korkealaatuisen ja pitk\u00e4ik\u00e4isen lumiauran hydraulisen m\u00e4nt\u00e4sylinterin.<\/p>\n<p>Lis\u00e4ksi t\u00e4t\u00e4 tuotetta voidaan r\u00e4\u00e4t\u00e4l\u00f6id\u00e4 vastaamaan jokaisen asiakkaan ainutlaatuisia tarpeita, mik\u00e4 varmistaa, ett\u00e4 se on t\u00e4ysin r\u00e4\u00e4t\u00e4l\u00f6ity heid\u00e4n erityisvaatimuksiinsa. Tarvitsetpa sitten suurempaa tai pienemp\u00e4\u00e4 m\u00e4nt\u00e4sylinteri\u00e4 tai tietyn tyyppiseen lumiauraan suunniteltua sylinteri\u00e4, t\u00e4m\u00e4 tuote voidaan r\u00e4\u00e4t\u00e4l\u00f6id\u00e4 tarpeidesi mukaan.<\/p>\n<p>Kaiken kaikkiaan, jos tarvitset korkealaatuista, kest\u00e4v\u00e4\u00e4 ja luotettavaa lumiauran hydraulista m\u00e4nt\u00e4sylinteri\u00e4, korkealaatuinen r\u00e4\u00e4t\u00e4l\u00f6ity lumiauran hydraulinen m\u00e4nt\u00e4sylinteri on oikea valinta. Erinomaisen suorituskykyns\u00e4 ja mukautettavan muotoilunsa ansiosta t\u00e4m\u00e4 tuote tarjoaa varmasti tarvitsemasi tulokset. Esittelyss\u00e4 korkealaatuinen r\u00e4\u00e4t\u00e4l\u00f6ity lumiauran hydraulinen m\u00e4nt\u00e4sylinterimme, uusi, huippuluokan tuote, joka on suunniteltu mullistamaan konekorjaamojasi, maatilojasi, energia- ja kaivostoimintaasi, koneenrakennusteollisuuttasi ja muita sovellettavia toimialoja. Tarkkuudella valmistettu lumiauran hydraulinen m\u00e4nt\u00e4sylinteri takaa kest\u00e4vyyden, luotettavuuden ja huomattavan suorituskyvyn.<\/p>\n<p><img decoding=\"async\" title=\"Lumiauran hydraulisylinteri\" src=\"https:\/\/hzpt.com\/wp-content\/uploads\/2023\/11\/Snow-Plow-Hydraulic-Cylinder-1.webp\" alt=\"Lumiauran hydraulisylinteri\" \/><\/p>\n<h2>Hydraulisen m\u00e4nt\u00e4sylinterin ominaisuudet<\/h2>\n<p>Lumiauran hydraulisylinterillemme on ominaista sen poikkeukselliset ominaisuudet, joihin kuuluvat:<\/p>\n<ul>\n<li>Yhden vuoden takuu takaa laadun ja kest\u00e4vyyden.<\/li>\n<li>ISO 9001:2000 -sertifiointi, joka on osoitus sen valmistuksen korkeista standardeista.<\/li>\n<li>Vakiorakenne ja m\u00e4nt\u00e4sylinterirakenne takaavat yhteensopivuuden useimpien koneiden kanssa.<\/li>\n<li>Valmistettu ter\u00e4ksest\u00e4, lupaa kest\u00e4vyytt\u00e4 ja pitk\u00e4ik\u00e4isyytt\u00e4.<\/li>\n<li>Maksimaalinen ty\u00f6nt\u00f6voima 3000 tonnia ja maksimivetovoima 20 tonnia takaavat tehokkaan suorituskyvyn.<\/li>\n<li>Useita kokovaihtoehtoja reik\u00e4-, tanko-, iskunpituudelle ja tapille tarpeidesi mukaan.<\/li>\n<li>Saatavilla G\/SAE\/NPT\/M-porteilla.<\/li>\n<li>Sen tyylik\u00e4s musta v\u00e4ri korostaa sen ammattimaista ilmett\u00e4.<\/li>\n<\/ul>\n<h2>Hydraulisen m\u00e4nt\u00e4sylinterin huolto ja k\u00e4ytt\u00f6tarkoitukset<\/h2>\n<p>Lumiauran hydraulisylinterin huolto on yksinkertaista ja suoraviivaista, mik\u00e4 varmistaa tuotteen pitk\u00e4n k\u00e4ytt\u00f6i\u00e4n ja optimaalisen suorituskyvyn. Yhden vuoden takuu keskeisille osille, mukaan lukien laakeri ja hydraulisylinteri, takaa tuotteemme luotettavuuden ja kest\u00e4vyyden. Sen k\u00e4ytt\u00f6kohteet ovat laajat ja monipuoliset, aina konepajoista, maatiloista, energia- ja kaivosteollisuudesta, konevalmistuksesta ja muusta, mik\u00e4 tekee siit\u00e4 monipuolisen ja v\u00e4ltt\u00e4m\u00e4tt\u00f6m\u00e4n ty\u00f6kalun lukuisilla teollisuudenaloilla.<img decoding=\"async\" title=\"Lumiauran hydraulisylinteri\" src=\"https:\/\/hzpt.com\/wp-content\/uploads\/2023\/11\/Snow-Plow-Hydraulic-Cylinder-3.webp\" alt=\"Lumiauran hydraulisylinteri\" \/><\/p>\n<h2>S\u00e4\u00e4dett\u00e4vien haarukkatyyppisten sylinterien edut<\/h2>\n<p>S\u00e4\u00e4dett\u00e4v\u00e4t haarukkatyyppiset sylinterit, kuten korkealaatuinen r\u00e4\u00e4t\u00e4l\u00f6ity lumiauran hydraulinen m\u00e4nt\u00e4sylinteri, tarjoavat useita selkeit\u00e4 etuja erilaisissa sovelluksissa. N\u00e4m\u00e4 sylinterit on suunniteltu erityisominaisuuksilla, jotka parantavat niiden toimivuutta ja suorituskyky\u00e4, mik\u00e4 tekee niist\u00e4 suositun valinnan monilla teollisuudenaloilla. Alla on joitakin s\u00e4\u00e4dett\u00e4vien haarukkatyyppisten sylinterien t\u00e4rkeimpi\u00e4 etuja:<\/p>\n<p>1. Parannettu joustavuus: S\u00e4\u00e4dett\u00e4v\u00e4t haarukkatyyppiset sylinterit tarjoavat suuren joustavuuden asennusvaihtoehtojen suhteen. S\u00e4\u00e4dett\u00e4v\u00e4n haarukan ansiosta ne on helppo kiinnitt\u00e4\u00e4 erilaisiin laitteisiin tai koneisiin, mik\u00e4 tarjoaa monipuolisen ratkaisun erilaisiin k\u00e4ytt\u00f6tarkoituksiin. T\u00e4m\u00e4 joustavuus poistaa tarpeen r\u00e4\u00e4t\u00e4l\u00f6idyille kiinnikkeille, mik\u00e4 s\u00e4\u00e4st\u00e4\u00e4 aikaa ja kustannuksia asennuksessa.<\/p>\n<p>2. Tarkka pituuden s\u00e4\u00e4t\u00f6: Yksi s\u00e4\u00e4dett\u00e4vien haarukkatyyppisten sylinterien merkitt\u00e4vist\u00e4 eduista on kyky s\u00e4\u00e4t\u00e4\u00e4 sylinterin pituutta tiettyjen vaatimusten mukaan. T\u00e4m\u00e4 ominaisuus mahdollistaa tarkan sijoittelun, mik\u00e4 varmistaa optimaalisen suorituskyvyn ja toimivuuden. Pituutta s\u00e4\u00e4t\u00e4m\u00e4ll\u00e4 sylinteri mukautuu eri iskunpituuksiin, mik\u00e4 tekee siit\u00e4 sopivan monenlaisiin teht\u00e4viin.<\/p>\n<p>3. Optimoitu suorituskyky: S\u00e4\u00e4dett\u00e4v\u00e4t haarukkatyyppiset sylinterit on suunniteltu tarjoamaan korkealaatuista suorituskyky\u00e4 vaativissa olosuhteissa. N\u00e4m\u00e4 sylinterit on valmistettu edistyneell\u00e4 tiivistystekniikalla, joka varmistaa luotettavan ja tehokkaan toiminnan my\u00f6s ankarissa olosuhteissa. Tarkka valmistus ja korkealaatuisten materiaalien k\u00e4ytt\u00f6 edist\u00e4v\u00e4t n\u00e4iden sylinterien kest\u00e4vyytt\u00e4 ja pitk\u00e4ik\u00e4isyytt\u00e4.<\/p>\n<p>4. Suurempi kuormituskapasiteetti: S\u00e4\u00e4dett\u00e4vien haarukkatyyppisten sylinterien toinen etu on niiden kyky k\u00e4sitell\u00e4 raskaita kuormia. N\u00e4m\u00e4 sylinterit on suunniteltu tarjoamaan vankkoja nosto- ja ty\u00f6nt\u00f6ominaisuuksia, mik\u00e4 tekee niist\u00e4 sopivia sovelluksiin, jotka vaativat huomattavaa voimaa. Vankan rakenteensa ja tarkan suunnittelunsa ansiosta sylinterit kest\u00e4v\u00e4t raskaita kuormia tinkim\u00e4tt\u00e4 suorituskyvyst\u00e4 tai turvallisuudesta.<\/p>\n<p>5. Parannetut turvaominaisuudet: S\u00e4\u00e4dett\u00e4v\u00e4t haarukkatyyppiset sylinterit priorisoivat turvallisuutta sis\u00e4llytt\u00e4m\u00e4ll\u00e4 siihen erilaisia \u200b\u200bominaisuuksia onnettomuuksien tai vaurioiden est\u00e4miseksi. N\u00e4iss\u00e4 sylintereiss\u00e4 on usein sis\u00e4\u00e4nrakennetut turvalukot tai -mekanismit, jotka varmistavat turvallisen kiinnityksen ja est\u00e4v\u00e4t tahattoman liikkeen. Lis\u00e4ksi joissakin malleissa voi olla ylikuormitussuojausj\u00e4rjestelm\u00e4t tai paineenalennusventtiilit, jotka suojaavat liialliselta voimalta tai paineelta.<\/p>\n<p>Yhteenvetona voidaan todeta, ett\u00e4 s\u00e4\u00e4dett\u00e4v\u00e4t haarukkatyyppiset sylinterit, kuten korkealaatuinen r\u00e4\u00e4t\u00e4l\u00f6ity lumiauran hydraulinen m\u00e4nt\u00e4sylinteri, tarjoavat useita etuja, jotka tekev\u00e4t niist\u00e4 ensisijaisen valinnan monissa sovelluksissa. Niiden joustavuus asennusvaihtoehdoissa, tarkka pituuden s\u00e4\u00e4t\u00f6, optimoitu suorituskyky, lis\u00e4\u00e4ntynyt kuormituskapasiteetti ja parannetut turvaominaisuudet edist\u00e4v\u00e4t niiden suosiota. K\u00e4ytettiinp\u00e4 niit\u00e4 lumiauroissa, rakennuskoneissa tai muissa teollisuuskoneissa, n\u00e4m\u00e4 sylinterit tarjoavat luotettavaa ja tehokasta hydraulivoimaa erilaisiin teht\u00e4viin.<\/p>\n<h3>Tietoja FMP-hydraulisylinterist\u00e4<\/h3>\n<p>FMP on yritys, joka tarjoaa asiakkaille korkealaatuisia ja luotettavia hydraulisylintereit\u00e4 ja t\u00e4ydellisi\u00e4 koneratkaisuja. Hydraulisylintereit\u00e4mme k\u00e4ytet\u00e4\u00e4n laajalti erilaisissa rakennuskoneissa, kuten maatalouskoneiden vaihteistoissa, planeettavaihteistoissa, teollisuusvaihteistoissa ja maatalouskoneiden osissa. T\u00e4ss\u00e4 on viisi syyt\u00e4, miksi sinun kannattaa valita FMP:<\/p>\n<p>1. Korkeat laatustandardit: FMP:ll\u00e4 luomme pitk\u00e4aikaisia \u200b\u200bja vakaita yhteisty\u00f6suhteita monien korkealaatuisten toimittajien kanssa kotimaassa ja ulkomailla varmistaen, ett\u00e4 kaikki toimittamamme hydraulisylinterit t\u00e4ytt\u00e4v\u00e4t tiukat laatustandardit. Hydraulisylinterimme ovat kest\u00e4vi\u00e4, tehokkaita ja niill\u00e4 on pitk\u00e4 k\u00e4ytt\u00f6ik\u00e4, mik\u00e4 voi s\u00e4\u00e4st\u00e4\u00e4 asiakkaidemme huolto- ja korjauskustannuksia.<\/p>\n<p>2. Ammattitaitoinen tiimi: FMP:ll\u00e4 on kokenut ja taitava myyntitiimi, joka tuntee rakennuskoneteollisuuden kehitystrendit ja asiakastarpeet. He voivat tarjota ammattimaista tuotekonsultointia ja \u00e4lykk\u00e4it\u00e4 ostoehdotuksia auttaen asiakkaita valitsemaan koneisiinsa sopivimmat hydraulisylinterit.<\/p>\n<p>3. Laaja tuotevalikoima: FMP:n tuotevalikoima on laaja ja sis\u00e4lt\u00e4\u00e4 erityyppisi\u00e4 hydraulisylintereit\u00e4, kuten s\u00e4\u00e4dett\u00e4vi\u00e4 haarukkatyyppisi\u00e4 sylintereit\u00e4, teleskooppisylintereit\u00e4 ja hitsattuja hydraulisylintereit\u00e4. Tarjoamme my\u00f6s useita niihin sopivia huippuluokan lis\u00e4varusteita, kuten hydraulipumppuja, venttiilej\u00e4 ja suodattimia, asiakkaiden erilaisten tarpeiden t\u00e4ytt\u00e4miseksi.<\/p>\n<p>4. Tehokas logistiikka-jakelu: FMP:ll\u00e4 on tehokas logistiikka-jakeluj\u00e4rjestelm\u00e4, joka varmistaa, ett\u00e4 asiakkaat saavat tarvittavat hydraulisylinterit ajallaan ja t\u00e4sm\u00e4llisesti. Tarjoamme nopeita ja luotettavia kuljetuspalveluita s\u00e4\u00e4st\u00e4\u00e4ksemme asiakkaiden aikaa ja v\u00e4ltt\u00e4\u00e4ksemme viiv\u00e4styksist\u00e4 aiheutuvia tappioita.<\/p>\n<p>5. Ammattimainen huoltopalvelu: FMP on sitoutunut tarjoamaan asiakkaille ammattimaista huoltopalvelua. Jos asiakkailla on kysytt\u00e4v\u00e4\u00e4 tai ongelmia hydraulisylintereidemme k\u00e4yt\u00f6n aikana, huoltotiimimme tarjoaa oikea-aikaisia \u200b\u200bja tehokkaita ratkaisuja varmistaakseen, ett\u00e4 asiakkaiden koneet toimivat moitteettomasti.<\/p>\n<p><img decoding=\"async\" src=\"https:\/\/fmp-components.com\/wp-content\/uploads\/2024\/12\/Adjustable-Clevis-Type-Cylinders-6.webp\" alt=\"S\u00e4\u00e4dett\u00e4v\u00e4 haarukkatyyppinen sylinteri\" width=\"829\" title=\"\"><\/p>\n<p>Valitse FMP, valitse korkealaatuiset ja luotettavat hydraulisylinterit rakennuskoneisiisi.<\/p>\n<h2>Usein kysytyt kysymykset<\/h2>\n<h3>K: Oletko kauppayhti\u00f6 vai valmistaja?<\/h3>\n<p>V: Olemme valmistaja.<\/p>\n<h3>K: Kuinka pitk\u00e4 on toimitusaikanne?<\/h3>\n<p>V: Toimitusaikamme on yleens\u00e4 25\u201335 p\u00e4iv\u00e4\u00e4.<\/p>\n<h3>K: Toimitatteko n\u00e4ytteit\u00e4? Onko se ilmaista vai lis\u00e4maksullista?<\/h3>\n<p>V: Kyll\u00e4, tarjoamme n\u00e4ytteit\u00e4, mutta ne eiv\u00e4t ole ilmaisia.<\/p>\n<p>Tekij\u00e4: CX<\/p>","protected":false},"excerpt":{"rendered":"<p>High Quality Customized Snow Plow Hydraulic Piston CylinderHigh Quality Customized Snow Plow Hydraulic Piston Cylinder is a must-have for anyone who wants to ensure a smooth and efficient snow plowing experience. This product is designed to provide the highest level of performance and reliability in even the harshest conditions. Crafted from the finest materials and [&hellip;]<\/p>","protected":false},"featured_media":1503,"comment_status":"closed","ping_status":"closed","template":"","meta":{"_et_pb_use_builder":"","_et_pb_old_content":"","_et_gb_content_width":""},"product_brand":[],"product_cat":[42],"product_tag":[34,44],"class_list":{"0":"post-1502","1":"product","2":"type-product","3":"status-publish","4":"has-post-thumbnail","6":"product_cat-snow-plow-hydraulic-cylinder","7":"product_tag-hydraulic-cylinder","8":"product_tag-snow-plow-hydraulic-cylinder","10":"first","11":"instock","12":"product-type-simple"},"_links":{"self":[{"href":"https:\/\/fmp-components.com\/fi\/wp-json\/wp\/v2\/product\/1502","targetHints":{"allow":["GET"]}}],"collection":[{"href":"https:\/\/fmp-components.com\/fi\/wp-json\/wp\/v2\/product"}],"about":[{"href":"https:\/\/fmp-components.com\/fi\/wp-json\/wp\/v2\/types\/product"}],"replies":[{"embeddable":true,"href":"https:\/\/fmp-components.com\/fi\/wp-json\/wp\/v2\/comments?post=1502"}],"wp:featuredmedia":[{"embeddable":true,"href":"https:\/\/fmp-components.com\/fi\/wp-json\/wp\/v2\/media\/1503"}],"wp:attachment":[{"href":"https:\/\/fmp-components.com\/fi\/wp-json\/wp\/v2\/media?parent=1502"}],"wp:term":[{"taxonomy":"product_brand","embeddable":true,"href":"https:\/\/fmp-components.com\/fi\/wp-json\/wp\/v2\/product_brand?post=1502"},{"taxonomy":"product_cat","embeddable":true,"href":"https:\/\/fmp-components.com\/fi\/wp-json\/wp\/v2\/product_cat?post=1502"},{"taxonomy":"product_tag","embeddable":true,"href":"https:\/\/fmp-components.com\/fi\/wp-json\/wp\/v2\/product_tag?post=1502"}],"curies":[{"name":"wp","href":"https:\/\/api.w.org\/{rel}","templated":true}]}}