{"id":1492,"date":"2024-12-23T05:50:37","date_gmt":"2024-12-23T05:50:37","guid":{"rendered":"https:\/\/fmp-components.com\/product\/new-arrival-snow-plow-stainless-steel-hydraulic-oil-cylinder\/"},"modified":"2024-12-23T06:27:49","modified_gmt":"2024-12-23T06:27:49","slug":"new-arrival-snow-plow-stainless-steel-hydraulic-oil-cylinder","status":"publish","type":"product","link":"https:\/\/fmp-components.com\/fi\/product\/new-arrival-snow-plow-stainless-steel-hydraulic-oil-cylinder\/","title":{"rendered":"Uusi saapumislumiauran ruostumattomasta ter\u00e4ksest\u00e4 valmistettu hydrauli\u00f6ljysylinteri"},"content":{"rendered":"<h2>Uusi saapumislumiauran ruostumattomasta ter\u00e4ksest\u00e4 valmistettu hydrauli\u00f6ljysylinteri<\/h2>\n<p>Uusi lumiauran ruostumattomasta ter\u00e4ksest\u00e4 valmistettu hydrauli\u00f6ljysylinteri on huippuluokan tuote, joka on suunniteltu erityisesti lumiauroille. Korkealaatuisesta ruostumattomasta ter\u00e4ksest\u00e4 valmistettu hydrauli\u00f6ljysylinteri tarjoaa poikkeuksellisen kest\u00e4vyyden ja pitk\u00e4ik\u00e4isyyden varmistaen, ett\u00e4 se kest\u00e4\u00e4 jopa ankarimmat talviolosuhteet.<\/p>\n<p>Edistyksellisen hydrauliikkatekniikan ansiosta t\u00e4m\u00e4 \u00f6ljysylinteri tarjoaa tehokkaan ja luotettavan suorituskyvyn, mik\u00e4 mahdollistaa tehokkaan ja tuloksellisen lumenaurauksen. Sen hydrauliikkaj\u00e4rjestelm\u00e4 mahdollistaa sujuvan ja tarkan toiminnan, jolloin k\u00e4ytt\u00e4j\u00e4t voivat hallita auraa helposti ja tarkasti.<\/p>\n<p>T\u00e4m\u00e4n \u00f6ljysylinterin ruostumattomasta ter\u00e4ksest\u00e4 valmistettu rakenne tarjoaa erinomaisen korroosion-, ruosteen- ja kulumiskest\u00e4vyyden, mik\u00e4 tekee siit\u00e4 ihanteellisen k\u00e4ytett\u00e4v\u00e4ksi lumisissa ja j\u00e4isiss\u00e4 ymp\u00e4rist\u00f6iss\u00e4. T\u00e4m\u00e4 varmistaa, ett\u00e4 sylinteri pysyy optimaalisessa kunnossa koko k\u00e4ytt\u00f6ik\u00e4ns\u00e4 ajan ja tarjoaa tasaisen ja luotettavan suorituskyvyn vuodesta toiseen.<\/p>\n<p>K\u00e4ytt\u00e4j\u00e4\u00e4 ajatellen suunniteltu uusi lumiauran ruostumattomasta ter\u00e4ksest\u00e4 valmistettu hydrauli\u00f6ljysylinteri on helppo asentaa ja k\u00e4ytt\u00e4\u00e4. Sen kompakti ja kevyt rakenne mahdollistaa vaivattoman asennuksen, ja sen k\u00e4ytt\u00e4j\u00e4yst\u00e4v\u00e4lliset hallintalaitteet tekev\u00e4t k\u00e4yt\u00f6st\u00e4 yksinkertaista ja suoraviivaista.<\/p>\n<p>Erinomaisen laatunsa ja suorituskykyns\u00e4 ansiosta uusi ruostumattomasta ter\u00e4ksest\u00e4 valmistettu hydraulinen \u00f6ljysylinteri on v\u00e4ltt\u00e4m\u00e4t\u00f6n hankinta jokaiselle lumiauran k\u00e4ytt\u00e4j\u00e4lle. Olitpa sitten ammattilainen tai omakotitalon omistaja, joka haluaa poistaa lumen ajotielt\u00e4si, t\u00e4m\u00e4 tuote ylitt\u00e4\u00e4 odotuksesi ja tekee lumenaurauksesta helppoa.<\/p>\n<p>Investoi uuteen lumiauran ruostumattomasta ter\u00e4ksest\u00e4 valmistettuun hydrauli\u00f6ljysylinteriin jo t\u00e4n\u00e4\u00e4n ja koe, miten se voi vaikuttaa lumiauraust\u00f6ihisi. Pysy talvis\u00e4\u00e4st\u00e4 edell\u00e4 ja pid\u00e4 ymp\u00e4rist\u00f6si siistin\u00e4 ja turvallisena t\u00e4ll\u00e4 huippuluokan hydrauli\u00f6ljysylinterill\u00e4.<\/p>\n<div>\n<h2>Esittelyss\u00e4 lumiauran ruostumattomasta ter\u00e4ksest\u00e4 valmistettu hydrauli\u00f6ljysylinteri<\/h2>\n<p>Lumiauran ruostumattomasta ter\u00e4ksest\u00e4 valmistettu hydrauli\u00f6ljysylinteri on innovatiivinen laite, joka mullistaa tapasi hallita lumenaurausteht\u00e4vi\u00e4si. Se on huippuluokan hydrauli\u00f6ljysylinteri, joka on suunniteltu tarjoamaan tehokkuutta, kest\u00e4vyytt\u00e4 ja huippuluokan suorituskyky\u00e4. T\u00e4m\u00e4 laite ei ole vain yksi laite lis\u00e4\u00e4, vaan pikemminkin investointi, joka tekee lumenaurausteht\u00e4vist\u00e4si helppoja ja tehokkaita.<\/p>\n<h2>Tuotteen ominaisuudet<\/h2>\n<ul>\n<li>Huippuluokan, vakiokokoinen m\u00e4nt\u00e4sylinteri, joka toimii hydraulisella voimalla<\/li>\n<li>Ter\u00e4ksinen runkomateriaali kest\u00e4vyyden ja pitk\u00e4ik\u00e4isen suorituskyvyn takaamiseksi<\/li>\n<li>Maksimaalinen ty\u00f6nt\u00f6voima 3000 tonnia ja maksimivetovoima 20 tonnia vaativimpiinkin lumenauraust\u00f6ihin<\/li>\n<li>Rei\u00e4n koko vaihtelee 2\u20136 tuuman, tangon koko 1,125\u20134 tuuman ja iskunpituuden 4\u2013100 tuuman v\u00e4lill\u00e4.<\/li>\n<li>Tapin koko 0,5\u20132 tuumaa helppoa asennusta, k\u00e4ytt\u00f6\u00e4 ja huoltoa varten<\/li>\n<li>Ytimess\u00e4 on laakeri ja hydraulisylinteri, joille molemmille on yhden vuoden takuu<\/li>\n<\/ul>\n<\/div>\n<h2>S\u00e4\u00e4dett\u00e4vien haarukkatyyppisten sylinterien edut<\/h2>\n<ul>\n<li style=\"list-style-type: none;\">\n<ul>\n<li><strong>Mukauttaminen:<\/strong> Yksi s\u00e4\u00e4dett\u00e4vien haarukkatyyppisten sylinterien keskeisist\u00e4 eduista on niiden kyky r\u00e4\u00e4t\u00e4l\u00f6id\u00e4 tiettyihin hydraulisiin sovelluksiin. S\u00e4\u00e4dett\u00e4v\u00e4n haarukkarakenteensa ansiosta ne voidaan helposti mukauttaa erilaisiin asennuskokoonpanoihin, mik\u00e4 tekee niist\u00e4 monipuolisia ja sopivia monenlaisiin k\u00e4ytt\u00f6tarkoituksiin.<\/li>\n<\/ul>\n<\/li>\n<\/ul>\n<p>Esimerkiksi uusi lumiauran ruostumattomasta ter\u00e4ksest\u00e4 valmistettu hydrauli\u00f6ljysylinteri on loistava esimerkki s\u00e4\u00e4dett\u00e4vist\u00e4 sakkelityyppisist\u00e4 sylintereist\u00e4, jotka on r\u00e4\u00e4t\u00e4l\u00f6ity k\u00e4ytett\u00e4v\u00e4ksi lumiauroissa. Ruostumattomasta ter\u00e4ksest\u00e4 valmistetun rakenteensa ansiosta se on eritt\u00e4in korroosionkest\u00e4v\u00e4 ja suunniteltu kest\u00e4m\u00e4\u00e4n ankaria talviolosuhteita. S\u00e4\u00e4dett\u00e4v\u00e4n sakkelirakenteensa ansiosta se voidaan my\u00f6s helposti asentaa erityyppisiin lumiauroihin, mik\u00e4 tekee siit\u00e4 monipuolisen ratkaisun lumenauraukseen.<\/p>\n<ul>\n<li style=\"list-style-type: none;\">\n<ul>\n<li><strong>Eritt\u00e4in tehokas:<\/strong> S\u00e4\u00e4dett\u00e4vien haarukkatyyppisten sylinterien toinen etu on niiden korkea hy\u00f6tysuhde. Tarkan suunnittelun ja korkealaatuisten materiaalien ansiosta ne pystyv\u00e4t tarjoamaan tasaisen ja luotettavan suorituskyvyn my\u00f6s vaativissa sovelluksissa.<\/li>\n<\/ul>\n<\/li>\n<\/ul>\n<p>Esimerkiksi uuden tulokkaan lumiauran ruostumattomasta ter\u00e4ksest\u00e4 valmistettu hydrauli\u00f6ljysylinteri on suunniteltu tarjoamaan maksimaalinen nostovoima minimaalisella vaivalla. Sen korkeapaineinen hydrauliikkaj\u00e4rjestelm\u00e4 varmistaa, ett\u00e4 se nostaa raskaita lumiauroja helposti, ja sen s\u00e4\u00e4dett\u00e4v\u00e4 haarukkarakenne mahdollistaa auran ter\u00e4n kulman ja asennon tarkan hallinnan varmistaen optimaalisen lumenpoistotehon.<\/p>\n<ul>\n<li style=\"list-style-type: none;\">\n<ul>\n<li><strong>Kest\u00e4v\u00e4:<\/strong> S\u00e4\u00e4dett\u00e4v\u00e4t haarukkatyyppiset sylinterit tunnetaan my\u00f6s kest\u00e4vyydest\u00e4\u00e4n ja pitk\u00e4ik\u00e4isyydest\u00e4\u00e4n. Ne on rakennettu kest\u00e4m\u00e4\u00e4n ankaria ymp\u00e4rist\u00f6olosuhteita, \u00e4\u00e4rimm\u00e4isi\u00e4 l\u00e4mp\u00f6tiloja ja raskaita kuormia, mik\u00e4 tekee niist\u00e4 ihanteellisia k\u00e4ytett\u00e4v\u00e4ksi erilaisissa teollisissa sovelluksissa.<\/li>\n<\/ul>\n<\/li>\n<\/ul>\n<p>Uusi ruostumattomasta ter\u00e4ksest\u00e4 valmistettu lumiauran hydrauli\u00f6ljysylinteri on valmistettu korkealaatuisesta ruostumattomasta ter\u00e4ksest\u00e4, joka ei ole ainoastaan \u200b\u200beritt\u00e4in korroosionkest\u00e4v\u00e4, vaan tarjoaa my\u00f6s erinomaisen lujuuden ja kest\u00e4vyyden. Lis\u00e4ksi sen tarkka suunnittelu ja korkealaatuiset materiaalit varmistavat, ett\u00e4 se kest\u00e4\u00e4 \u00e4\u00e4rimm\u00e4isi\u00e4 l\u00e4mp\u00f6tiloja ja raskaita kuormia, mik\u00e4 tekee siit\u00e4 luotettavan ja kest\u00e4v\u00e4n ratkaisun lumenauraukseen.<\/p>\n<ul>\n<li style=\"list-style-type: none;\">\n<ul>\n<li><strong>Helppohoitoisuus:<\/strong> Lopuksi, s\u00e4\u00e4dett\u00e4v\u00e4t haarukkatyyppiset sylinterit on suunniteltu helppok\u00e4ytt\u00f6isiksi. Yksinkertaisen mutta kest\u00e4v\u00e4n rakenteensa ansiosta ne on helppo purkaa ja huoltaa, mik\u00e4 mahdollistaa nopeat ja tehokkaat korjaukset ja huollot.<\/li>\n<\/ul>\n<\/li>\n<\/ul>\n<p>Esimerkiksi uuden tulokkaan ruostumattomasta ter\u00e4ksest\u00e4 valmistettu hydrauli\u00f6ljysylinteri on suunniteltu modulaariseksi rakenteeksi, joka tekee yksitt\u00e4isten osien purkamisen ja vaihtamisen helpoksi. Sen korkealaatuiset materiaalit varmistavat my\u00f6s, ett\u00e4 se vaatii vain v\u00e4h\u00e4n huoltoa, mik\u00e4 tekee siit\u00e4 kustannustehokkaan ratkaisun lumenauraukseen.<\/p>\n<p>Yhteenvetona voidaan todeta, ett\u00e4 s\u00e4\u00e4dett\u00e4v\u00e4t haarukkatyyppiset sylinterit tarjoavat useita etuja, kuten r\u00e4\u00e4t\u00e4l\u00f6it\u00e4vyyden, tehokkuuden, kest\u00e4vyyden ja helpon huollon. Uusi lumiauran ruostumattomasta ter\u00e4ksest\u00e4 valmistettu hydrauli\u00f6ljysylinteri on loistava esimerkki s\u00e4\u00e4dett\u00e4vist\u00e4 haarukkatyyppisist\u00e4 sylintereist\u00e4, jotka on r\u00e4\u00e4t\u00e4l\u00f6ity k\u00e4ytett\u00e4v\u00e4ksi lumiauroissa ja jotka tarjoavat poikkeuksellista suorituskyky\u00e4 ja luotettavuutta ankarissa talviolosuhteissa.<\/p>\n<h3>Tietoja FMP:st\u00e4 \u2013 ammattimainen hydraulisylintereiden valmistaja ja toimittaja<\/h3>\n<p>FMP on yritys, joka on erikoistunut korkealaatuisten ja luotettavien rakennuskoneiden osien ja kokonaisten koneiden tuotantoon ja myyntiin. Meill\u00e4 on vuosien kokemus alalta ja ammattitaitoinen tiimi, joka varmistaa, ett\u00e4 asiakkaamme saavat parhaat tuotteet ja palvelut.<\/p>\n<p>Hydraulisylinterimme on yksi suosituimmista tuotteistamme, eik\u00e4 syytt\u00e4. T\u00e4ss\u00e4 on vain muutamia syit\u00e4, miksi sinun kannattaa valita FMP hydraulisylinterien toimittajaksi:<\/p>\n<p>1. Korkealaatuiset materiaalit \u2013 K\u00e4yt\u00e4mme hydraulisylintereidemme valmistuksessa vain korkealaatuisimpia materiaaleja. T\u00e4m\u00e4 varmistaa niiden kest\u00e4vyyden, luotettavuuden ja pitk\u00e4n k\u00e4ytt\u00f6i\u00e4n.<\/p>\n<p>2. Monipuoliset vaihtoehdot \u2013 Tarjoamme laajan valikoiman hydraulisylintereit\u00e4, joista valita, mukaan lukien s\u00e4\u00e4dett\u00e4v\u00e4t haarukkatyyppiset sylinterit, kaksitoimiset hydraulisylinterit ja hitsatut hydraulisylinterit. N\u00e4in asiakkaat voivat valita tarpeisiinsa parhaiten sopivan sylinterin.<\/p>\n<p>3. R\u00e4\u00e4t\u00e4l\u00f6inti \u2013 Ymm\u00e4rr\u00e4mme, ett\u00e4 jokaisella asiakkaalla on ainutlaatuiset vaatimukset, mink\u00e4 vuoksi tarjoamme r\u00e4\u00e4t\u00e4l\u00f6ityj\u00e4 hydraulisylintereit\u00e4 vastaamaan erityistarpeita.<\/p>\n<p>4. Ammattitaitoinen myyntitiimi \u2013 Kokenut ja taitava myyntitiimimme on aina valmiina tarjoamaan ammattimaista tuotekonsultaatiota ja \u00e4lykk\u00e4it\u00e4 ostoehdotuksia asiakkaille.<\/p>\n<p>5. Tehokas logistiikka-jakeluj\u00e4rjestelm\u00e4 \u2013 Meill\u00e4 on tehokas logistiikka-jakeluj\u00e4rjestelm\u00e4, joka varmistaa, ett\u00e4 asiakkaat saavat tarvitsemansa hydraulisylinterit ajallaan ja t\u00e4sm\u00e4llisesti.<\/p>\n<p><img decoding=\"async\" src=\"https:\/\/fmp-components.com\/wp-content\/uploads\/2024\/12\/Adjustable-Clevis-Type-Cylinders-6.webp\" alt=\"S\u00e4\u00e4dett\u00e4v\u00e4 haarukkatyyppinen sylinteri\" width=\"824\" title=\"\"><\/p>\n<p>N\u00e4iden etujen lis\u00e4ksi FMP on sitoutunut luomaan pitk\u00e4aikaisia \u200b\u200bja vakaita yhteisty\u00f6suhteita korkealaatuisten toimittajien kanssa sek\u00e4 kotimaassa ett\u00e4 ulkomailla varmistaakseen, ett\u00e4 kaikki toimitetut osat t\u00e4ytt\u00e4v\u00e4t tiukat laatustandardit. Siksi takaamme, ett\u00e4 hydraulisylinterimme ovat korkealaatuisia ja vastaavat tarpeitasi.<\/p>\n<p>Valitse FMP hydraulisylinterien valmistajaksi ja toimittajaksi. Ota meihin yhteytt\u00e4 jo t\u00e4n\u00e4\u00e4n saadaksesi lis\u00e4tietoja tuotteistamme ja palveluistamme.<\/p>\n<h2>Usein kysytyt kysymykset<\/h2>\n<h3>K: Oletko kauppayhti\u00f6 vai valmistaja?<\/h3>\n<p>A: Olemme tehdas, joka valmistaa tuotteitamme.<\/p>\n<h3>K: Kuinka pitk\u00e4 on toimitusaikanne?<\/h3>\n<p>V: Toimitusaikamme on yleens\u00e4 25\u201335 p\u00e4iv\u00e4\u00e4.<\/p>\n<h3>K: Toimitatteko n\u00e4ytteit\u00e4?<\/h3>\n<p>V: Kyll\u00e4, tarjoamme n\u00e4ytteit\u00e4, mutta ne eiv\u00e4t ole ilmaisia.<\/p>\n<p><img decoding=\"async\" title=\"Lumiauran hydraulisylinteri\" src=\"https:\/\/hzpt.com\/wp-content\/uploads\/2023\/11\/Snow-Plow-Hydraulic-Cylinder-3.webp\" alt=\"Lumiauran hydraulisylinteri\" \/><\/p>\n<p>Tekij\u00e4: CX<\/p>","protected":false},"excerpt":{"rendered":"<p>New Arrival Snow Plow Stainless Steel Hydraulic Oil Cylinder The New Arrival Snow Plow Stainless Steel Hydraulic Oil Cylinder is a cutting-edge product designed specifically for snow plows. Made from high-quality stainless steel, this hydraulic oil cylinder offers exceptional durability and longevity, ensuring it can withstand even the harshest winter conditions. Equipped with advanced hydraulic [&hellip;]<\/p>","protected":false},"featured_media":1493,"comment_status":"closed","ping_status":"closed","template":"","meta":{"_et_pb_use_builder":"","_et_pb_old_content":"","_et_gb_content_width":""},"product_brand":[],"product_cat":[42],"product_tag":[34,44],"class_list":{"0":"post-1492","1":"product","2":"type-product","3":"status-publish","4":"has-post-thumbnail","6":"product_cat-snow-plow-hydraulic-cylinder","7":"product_tag-hydraulic-cylinder","8":"product_tag-snow-plow-hydraulic-cylinder","10":"first","11":"instock","12":"product-type-simple"},"_links":{"self":[{"href":"https:\/\/fmp-components.com\/fi\/wp-json\/wp\/v2\/product\/1492","targetHints":{"allow":["GET"]}}],"collection":[{"href":"https:\/\/fmp-components.com\/fi\/wp-json\/wp\/v2\/product"}],"about":[{"href":"https:\/\/fmp-components.com\/fi\/wp-json\/wp\/v2\/types\/product"}],"replies":[{"embeddable":true,"href":"https:\/\/fmp-components.com\/fi\/wp-json\/wp\/v2\/comments?post=1492"}],"wp:featuredmedia":[{"embeddable":true,"href":"https:\/\/fmp-components.com\/fi\/wp-json\/wp\/v2\/media\/1493"}],"wp:attachment":[{"href":"https:\/\/fmp-components.com\/fi\/wp-json\/wp\/v2\/media?parent=1492"}],"wp:term":[{"taxonomy":"product_brand","embeddable":true,"href":"https:\/\/fmp-components.com\/fi\/wp-json\/wp\/v2\/product_brand?post=1492"},{"taxonomy":"product_cat","embeddable":true,"href":"https:\/\/fmp-components.com\/fi\/wp-json\/wp\/v2\/product_cat?post=1492"},{"taxonomy":"product_tag","embeddable":true,"href":"https:\/\/fmp-components.com\/fi\/wp-json\/wp\/v2\/product_tag?post=1492"}],"curies":[{"name":"wp","href":"https:\/\/api.w.org\/{rel}","templated":true}]}}