{"id":1490,"date":"2024-12-23T05:50:37","date_gmt":"2024-12-23T05:50:37","guid":{"rendered":"https:\/\/fmp-components.com\/product\/competitive-price-piston-hydraulic-cylinder-double-acting\/"},"modified":"2024-12-23T06:14:10","modified_gmt":"2024-12-23T06:14:10","slug":"competitive-price-piston-hydraulic-cylinder-double-acting","status":"publish","type":"product","link":"https:\/\/fmp-components.com\/fi\/product\/competitive-price-piston-hydraulic-cylinder-double-acting\/","title":{"rendered":"Kilpailukykyinen hintainen m\u00e4nt\u00e4hydraulinen sylinteri kaksitoiminen"},"content":{"rendered":"<h2>Esittelyss\u00e4 kilpailukykyiseen hintaan varustettu kaksitoiminen m\u00e4nt\u00e4hydraulisylinteri:<\/h2>\n<p>Kilpailukykyisen hintainen kaksitoiminen m\u00e4nt\u00e4hydraulisylinteri on korkealaatuinen tuote, joka on suunniteltu erilaisiin teollisiin sovelluksiin. T\u00e4m\u00e4 hydraulisylinteri on valmistettu edistyneell\u00e4 teknologialla ja ensiluokkaisista materiaaleista, mik\u00e4 takaa kest\u00e4vyyden ja luotettavuuden.<\/p>\n<p>M\u00e4nt\u00e4rakenteensa ansiosta t\u00e4m\u00e4 hydraulisylinteri tarjoaa tasaisen ja tarkan liikkeen, mik\u00e4 mahdollistaa tehokkaan ja tuloksellisen toiminnan. Se on suunniteltu kaksitoimiseksi, mink\u00e4 ansiosta se voi kohdistaa voimaa molempiin suuntiin, mik\u00e4 lis\u00e4\u00e4 tuottavuutta ja monipuolisuutta.<\/p>\n<p>Kilpailukykyisen hintansa ansiosta t\u00e4m\u00e4 hydraulisylinteri tarjoaa erinomaista vastinetta rahalle. Se tarjoaa erinomaisen suorituskyvyn ja kest\u00e4vyyden, mik\u00e4 tekee siit\u00e4 kustannustehokkaan valinnan kaikenkokoisille yrityksille. K\u00e4ytettiinp\u00e4 sit\u00e4 sitten rakentamisessa, maataloudessa tai teollisuudessa, t\u00e4m\u00e4 hydraulisylinteri on rakennettu kest\u00e4m\u00e4\u00e4n vaativia olosuhteita ja tarjoamaan poikkeuksellisia tuloksia.<\/p>\n<p><img decoding=\"async\" title=\"Lumiauran hydraulisylinteri\" src=\"https:\/\/hzpt.com\/wp-content\/uploads\/2023\/11\/Snow-Plow-Hydraulic-Cylinder-2.webp\" alt=\"Lumiauran hydraulisylinteri\" \/><\/p>\n<p>Kilpailukykyisen hintainen kaksitoiminen m\u00e4nt\u00e4hydraulisylinteri on helppo asentaa ja huoltaa, mik\u00e4 minimoi seisokkiajat ja maksimoi tuottavuuden. Se on yhteensopiva useiden hydraulij\u00e4rjestelmien kanssa ja voidaan integroida saumattomasti olemassa oleviin laitteisiin.<\/p>\n<p>Yhteenvetona voidaan todeta, ett\u00e4 kilpailukykyisen hinnan omaava kaksitoiminen m\u00e4nt\u00e4hydraulisylinteri on luotettava ja tehokas ratkaisu hydraulisiin tarpeisiisi. Sen kilpailukykyinen hinta yhdistettyn\u00e4 korkealaatuiseen rakenteeseen ja suorituskykyyn tekee siit\u00e4 erinomaisen valinnan yrityksille, jotka haluavat tehostaa toimintaansa. Investoi t\u00e4h\u00e4n hydraulisylinteriin jo t\u00e4n\u00e4\u00e4n ja koe parantunut tuottavuus ja kustannustehokkuus. Jos etsit kest\u00e4v\u00e4\u00e4 ja tehokasta m\u00e4nt\u00e4hydraulisylinteri\u00e4, \u00e4l\u00e4 etsi en\u00e4\u00e4. T\u00e4m\u00e4 kaksitoiminen sylinteri tarjotaan kilpailukykyiseen hintaan, mik\u00e4 varmistaa, ett\u00e4 saat parhaan vastineen rahoillesi. Sen ainutlaatuinen muotoilu ja rakenne tekev\u00e4t siit\u00e4 sopivan useille eri aloille, kuten konepajoille, maatiloille, energia- ja kaivosteollisuuteen sek\u00e4 konevalmistukseen ja tehtaisiin.<\/p>\n<h2>Tuotteen tekniset tiedot<\/h2>\n<p>T\u00e4ll\u00e4 uudella m\u00e4nt\u00e4hydraulisylinterill\u00e4 on vuoden takuu, joka lupaa luotettavaa suorituskyky\u00e4 ja kest\u00e4vyytt\u00e4. Sylinterill\u00e4 on vakiorakenne, se on hydraulisesti toimiva ja valmistettu kest\u00e4v\u00e4st\u00e4 ter\u00e4srungosta. T\u00e4m\u00e4 varmistaa, ett\u00e4 se kest\u00e4\u00e4 kovaa k\u00e4ytt\u00f6\u00e4 tinkim\u00e4tt\u00e4 tehokkuudestaan \u200b\u200bja pitk\u00e4ik\u00e4isyydest\u00e4\u00e4n.<\/p>\n<h3>Ydinkomponentit<\/h3>\n<p>T\u00e4m\u00e4n hydraulisylinterin ydinkomponentteihin kuuluvat laakeri ja itse hydraulisylinteri. N\u00e4m\u00e4 ovat ratkaisevan t\u00e4rkeit\u00e4 osia, joilla on merkitt\u00e4v\u00e4 rooli laitteen yleisess\u00e4 toiminnassa ja tehokkuudessa.<\/p>\n<h3>Teho ja kapasiteetti<\/h3>\n<p>Hydraulisylinterin enimm\u00e4isty\u00f6nt\u00f6voima on 3000 ja vetokyky 20 tonnia, mik\u00e4 varmistaa, ett\u00e4 se k\u00e4sittelee raskaita kuormia helposti. Se soveltuu k\u00e4ytett\u00e4v\u00e4ksi lumiauran hydraulisylinterin\u00e4, mik\u00e4 tekee siit\u00e4 monipuolisen ty\u00f6kalun moniin k\u00e4ytt\u00f6tarkoituksiin.<\/p>\n<h3>Koko ja muotoilu<\/h3>\n<p>Sylinterin sylinterin sis\u00e4halkaisija on 2\u20136 tuumaa, m\u00e4nn\u00e4nvarren koko 1,125\u20134 tuumaa, iskunpituus 4\u2013100 tuumaa ja tapin koko 0,5\u20132 tuumaa. Siin\u00e4 on G\/SAE\/NPT\/M-portit ja se on saatavana tyylikk\u00e4\u00e4n mustana.<\/p>\n<h2>S\u00e4\u00e4dett\u00e4vien haarukkatyyppisten sylinterien edut<\/h2>\n<p>S\u00e4\u00e4dett\u00e4v\u00e4t haarukkatyyppiset sylinterit, kuten kilpailukykyisen hintainen kaksitoiminen m\u00e4nt\u00e4hydraulinen sylinteri, tarjoavat useita selkeit\u00e4 etuja erilaisissa sovelluksissa. N\u00e4m\u00e4 sylinterit on suunniteltu tarkkuus ja tehokkuus mieless\u00e4, mik\u00e4 mahdollistaa optimaalisen suorituskyvyn ja monipuolisuuden. Alla on joitakin s\u00e4\u00e4dett\u00e4vien haarukkatyyppisten sylinterien t\u00e4rkeimpi\u00e4 etuja:<\/p>\n<h3>1. Parempi joustavuus<\/h3>\n<p>Yksi s\u00e4\u00e4dett\u00e4vien haarukkatyyppisten sylinterien t\u00e4rkeimmist\u00e4 eduista on niiden kyky tarjota parannettua joustavuutta erilaisissa k\u00e4ytt\u00f6olosuhteissa. S\u00e4\u00e4dett\u00e4v\u00e4n haarukan ansiosta iskunpituutta on helppo mukauttaa ja s\u00e4\u00e4t\u00e4\u00e4, jolloin sylinteri mukautuu tiettyihin vaatimuksiin. T\u00e4m\u00e4 joustavuus varmistaa, ett\u00e4 sylinteri\u00e4 voidaan k\u00e4ytt\u00e4\u00e4 monenlaisissa sovelluksissa, mik\u00e4 tekee siit\u00e4 monipuolisen valinnan eri teollisuudenaloille.<\/p>\n<h3>2. Ylivertainen kuormankantokyky<\/h3>\n<p>S\u00e4\u00e4dett\u00e4vien haarukkatyyppisten sylinterien toinen huomattava etu on niiden erinomainen kuormankantokyky. N\u00e4m\u00e4 sylinterit on suunniteltu k\u00e4sittelem\u00e4\u00e4n raskaita kuormia ja tarjoamaan poikkeuksellisen voimantuoton. Erityisesti kilpailukykyiseen hintaan varustettu kaksitoiminen m\u00e4nt\u00e4hydraulisylinteri pystyy tuottamaan suuria voimia sek\u00e4 pidennys- ett\u00e4 sis\u00e4\u00e4nvetoiskulla, mik\u00e4 tekee siit\u00e4 ihanteellisen sovelluksiin, jotka vaativat huomattavaa tehoa ja tehokkuutta.<\/p>\n<h3>3. Tarkka paikannus<\/h3>\n<p>S\u00e4\u00e4dett\u00e4v\u00e4t haarukkatyyppiset sylinterit tunnetaan tarkasta paikannuskyvyst\u00e4\u00e4n. Edistyksellisen hydrauliikkateknologian k\u00e4ytt\u00f6 mahdollistaa tarkat ja hallitut liikkeet, mik\u00e4 varmistaa, ett\u00e4 sylinteri voi saavuttaa tarkan lineaarisen liikkeen. T\u00e4m\u00e4 tarkkuustaso on ratkaisevan t\u00e4rke\u00e4 sovelluksissa, joissa vaaditaan tarkkaa paikannusta, kuten robotiikassa, automaatiossa ja materiaalink\u00e4sittelyj\u00e4rjestelmiss\u00e4.<\/p>\n<h3>4. Kest\u00e4vyys ja pitk\u00e4ik\u00e4isyys<\/h3>\n<p>S\u00e4\u00e4dett\u00e4v\u00e4t haarukkatyyppiset sylinterit on valmistettu korkealaatuisista materiaaleista ja ne k\u00e4yv\u00e4t l\u00e4pi tiukat testit kest\u00e4vyyden ja pitk\u00e4ik\u00e4isyyden varmistamiseksi. Kilpailukykyisen hintainen kaksitoiminen m\u00e4nt\u00e4hydraulisylinteri on rakennettu kest\u00e4m\u00e4\u00e4n ankaria k\u00e4ytt\u00f6olosuhteita ja raskasta k\u00e4ytt\u00f6\u00e4. Sylinterin kest\u00e4v\u00e4 rakenne ja luotettava tiivistysj\u00e4rjestelm\u00e4 pident\u00e4v\u00e4t sen k\u00e4ytt\u00f6ik\u00e4\u00e4, mik\u00e4 v\u00e4hent\u00e4\u00e4 huoltotarvetta ja kokonaiskustannuksia.<\/p>\n<h3>5. Tehokas energiankulutus<\/h3>\n<p>Tehokas energiankulutus on s\u00e4\u00e4dett\u00e4vien haarukkatyyppisten sylinterien keskeinen etu. N\u00e4m\u00e4 sylinterit on suunniteltu minimoimaan energiah\u00e4vi\u00f6it\u00e4 ja optimoimaan tehonk\u00e4ytt\u00f6\u00e4, mik\u00e4 parantaa kokonaistehokkuutta. Kilpailukykyisen hintaisen kaksitoimisen m\u00e4nt\u00e4hydraulisylinterin edistynyt hydraulinen rakenne ja tarkat ohjausmekanismit edist\u00e4v\u00e4t sen energians\u00e4\u00e4st\u00f6ominaisuuksia, mik\u00e4 tekee siit\u00e4 kustannustehokkaan valinnan pitk\u00e4aikaiseen k\u00e4ytt\u00f6\u00f6n.<\/p>\n<h3>6. Helppo asennus ja huolto<\/h3>\n<p>S\u00e4\u00e4dett\u00e4v\u00e4t haarukkatyyppiset sylinterit on suunniteltu helppoa asennusta ja huoltoa varten. Niiden kompakti rakenne ja standardoidut kiinnitysvaihtoehdot yksinkertaistavat asennusprosessia ja v\u00e4hent\u00e4v\u00e4t seisokkiaikaa. Lis\u00e4ksi sylinterin modulaarinen rakenne mahdollistaa helpon p\u00e4\u00e4syn sis\u00e4isiin komponentteihin, mik\u00e4 helpottaa ja helpottaa huoltoa.<\/p>\n<p>Yhteenvetona voidaan todeta, ett\u00e4 s\u00e4\u00e4dett\u00e4v\u00e4t haarukkatyyppiset sylinterit, kuten kilpailukykyisen hintainen kaksitoiminen m\u00e4nt\u00e4hydraulisylinteri, tarjoavat lukuisia etuja monissa sovelluksissa. Niiden parannettu joustavuus, erinomainen kuormankantokyky, tarkat paikannusominaisuudet, kest\u00e4vyys, tehokas energiankulutus sek\u00e4 helppo asennus ja huolto tekev\u00e4t niist\u00e4 halutun valinnan teollisuudenaloille, jotka etsiv\u00e4t luotettavia ja tehokkaita hydrauliikkaratkaisuja.<\/p>\n<h3>Tietoja FMP-hydraulisylinterist\u00e4<\/h3>\n<p>FMP on johtava yritys Italiassa, joka on erikoistunut rakennuskoneiden osien ja kokonaisten koneiden myyntiin ja huoltoon. Hydraulisylinterimme on yksi myydyimmist\u00e4 tuotteistamme, ja olemme ylpeit\u00e4 sen erinomaisesta laadusta ja toimivuudesta. T\u00e4ss\u00e4 on viisi syyt\u00e4, miksi sinun kannattaa valita FMP:n hydraulisylinteri:<\/p>\n<ol>\n<li><strong>Ensiluokkainen laatu:<\/strong> FMP-hydraulisylinteri on valmistettu korkealaatuisista materiaaleista, jotka takaavat kest\u00e4vyyden ja luotettavuuden. Hankimme materiaalimme luotettavilta toimittajilta, jotka t\u00e4ytt\u00e4v\u00e4t tiukat laatustandardimme varmistaen, ett\u00e4 tuotteemme ovat korkeinta laatua.<\/li>\n<li><strong>Erilaisia \u200b\u200b\u200b\u200beritelmi\u00e4:<\/strong> Hydraulisylinterimme on saatavilla eri kokoisina ja eritelmin\u00e4 tarpeidesi mukaan. Tarjoamme laajan valikoiman tuotteita, kuten s\u00e4\u00e4dett\u00e4v\u00e4t sakkelityyppiset sylinterit, vetotangot ja hitsatut hydraulisylinterit.<\/li>\n<li><strong>Ammatillinen konsultaatio:<\/strong> Kokenut myyntitiimimme tuntee rakennuskoneteollisuuden ja voi tarjota sinulle ammattimaista tuotekonsultointia. Voimme auttaa sinua m\u00e4\u00e4ritt\u00e4m\u00e4\u00e4n projektiisi sopivan hydraulisylinterin, varmistaen, ett\u00e4 teet tietoon perustuvan p\u00e4\u00e4t\u00f6ksen.<\/li>\n<li><strong>Tehokas logistiikka:<\/strong> Ymm\u00e4rr\u00e4mme, ett\u00e4 aika on kortilla, ja siksi meill\u00e4 on k\u00e4yt\u00f6ss\u00e4 tehokas logistiikkaj\u00e4rjestelm\u00e4. Varmistamme, ett\u00e4 hydraulisylinterisi toimitetaan sinulle ajallaan ja t\u00e4sm\u00e4llisesti.<\/li>\n<li><strong>Erinomainen asiakaspalvelu:<\/strong> FMP:ll\u00e4 arvostamme asiakkaitamme ja pyrimme tarjoamaan erinomaista asiakaspalvelua. Olemme sitoutuneet t\u00e4ytt\u00e4m\u00e4\u00e4n ja ylitt\u00e4m\u00e4\u00e4n odotuksesi, ja olemme aina valmiita auttamaan sinua kaikissa kysymyksiss\u00e4si tai huolenaiheissasi.<\/li>\n<\/ol>\n<p>Me FMP:ll\u00e4 olemme ylpeit\u00e4 voidessamme tarjota asiakkaillemme korkealaatuisia ja luotettavia hydraulisylinteriratkaisuja. Tuotteidemme ja palveluidemme taustalla on vuosien kokemus alalta ja ammattitaitoinen tiimi. Valitse FMP:n hydraulisylinteri seuraavaan projektiisi ja koe ero.<\/p>\n<p><img decoding=\"async\" src=\"https:\/\/fmp-components.com\/wp-content\/uploads\/2024\/12\/Adjustable-Clevis-Type-Cylinders-6.webp\" alt=\"S\u00e4\u00e4dett\u00e4v\u00e4 haarukkatyyppinen sylinteri\" width=\"823\" title=\"\"><\/p>\n<h2>Miksi valita m\u00e4nt\u00e4hydraulisylinterimme?<\/h2>\n<p>Kaksitoimiset m\u00e4nt\u00e4hydraulisylinterimme tarjoavat kilpailukykyisen hinnan tinkim\u00e4tt\u00e4 tuotteen laadusta ja luotettavuudesta. Olemme omistautuneet vastaamaan asiakkaidemme tarpeisiin ja tarjoamaan heille kest\u00e4vi\u00e4, tehokkaita ja luotettavia tuotteita.<\/p>\n<p>Kannustamme sinua tutustumaan tuotteeseemme ja n\u00e4kem\u00e4\u00e4n itse, miten se voi vaikuttaa toimintaasi. Kilpailukykyisten hintojemme ja korkealaatuisten tuotteidemme ansiosta olemme varmoja, ett\u00e4 l\u00f6yd\u00e4t etsim\u00e4si arvon ja suorituskyvyn.<\/p>\n<h2>Usein kysytyt kysymykset<\/h2>\n<h3>K: Kuinka pitk\u00e4 toimitusaika on?<\/h3>\n<p>V: Tyypillinen toimitusaika on 25\u201335 p\u00e4iv\u00e4\u00e4.<\/p>\n<h3>K: Toimitatteko n\u00e4ytteit\u00e4? Onko se ilmaista vai lis\u00e4maksullista?<\/h3>\n<p>V: Kyll\u00e4, tarjoamme n\u00e4ytteit\u00e4, mutta ne eiv\u00e4t ole ilmaisia.<\/p>\n<h3>K: Voitteko tuottaa n\u00e4ytteiden mukaan?<\/h3>\n<p>V: Kyll\u00e4, voimme valmistaa n\u00e4ytteidesi tai teknisten piirustusten perusteella. Meill\u00e4 on my\u00f6s kyky rakentaa muotteja ja kiinnittimi\u00e4.<\/p>\n<p><img decoding=\"async\" title=\"Lumiauran hydraulisylinteri\" src=\"https:\/\/hzpt.com\/wp-content\/uploads\/2023\/11\/Snow-Plow-Hydraulic-Cylinder-3.webp\" alt=\"Lumiauran hydraulisylinteri\" \/><\/p>\n<p>Tekij\u00e4: CX<\/p>","protected":false},"excerpt":{"rendered":"<p>Introducing Competitive Price Piston Hydraulic Cylinder Double Acting: The Competitive Price Piston Hydraulic Cylinder Double Acting is a high-quality product designed for various industrial applications. This hydraulic cylinder is manufactured using advanced technology and premium materials, ensuring durability and reliability. Featuring a piston design, this hydraulic cylinder offers smooth and precise movement, allowing for efficient [&hellip;]<\/p>","protected":false},"featured_media":1491,"comment_status":"closed","ping_status":"closed","template":"","meta":{"_et_pb_use_builder":"","_et_pb_old_content":"","_et_gb_content_width":""},"product_brand":[],"product_cat":[42],"product_tag":[34,44],"class_list":{"0":"post-1490","1":"product","2":"type-product","3":"status-publish","4":"has-post-thumbnail","6":"product_cat-snow-plow-hydraulic-cylinder","7":"product_tag-hydraulic-cylinder","8":"product_tag-snow-plow-hydraulic-cylinder","10":"first","11":"instock","12":"product-type-simple"},"_links":{"self":[{"href":"https:\/\/fmp-components.com\/fi\/wp-json\/wp\/v2\/product\/1490","targetHints":{"allow":["GET"]}}],"collection":[{"href":"https:\/\/fmp-components.com\/fi\/wp-json\/wp\/v2\/product"}],"about":[{"href":"https:\/\/fmp-components.com\/fi\/wp-json\/wp\/v2\/types\/product"}],"replies":[{"embeddable":true,"href":"https:\/\/fmp-components.com\/fi\/wp-json\/wp\/v2\/comments?post=1490"}],"wp:featuredmedia":[{"embeddable":true,"href":"https:\/\/fmp-components.com\/fi\/wp-json\/wp\/v2\/media\/1491"}],"wp:attachment":[{"href":"https:\/\/fmp-components.com\/fi\/wp-json\/wp\/v2\/media?parent=1490"}],"wp:term":[{"taxonomy":"product_brand","embeddable":true,"href":"https:\/\/fmp-components.com\/fi\/wp-json\/wp\/v2\/product_brand?post=1490"},{"taxonomy":"product_cat","embeddable":true,"href":"https:\/\/fmp-components.com\/fi\/wp-json\/wp\/v2\/product_cat?post=1490"},{"taxonomy":"product_tag","embeddable":true,"href":"https:\/\/fmp-components.com\/fi\/wp-json\/wp\/v2\/product_tag?post=1490"}],"curies":[{"name":"wp","href":"https:\/\/api.w.org\/{rel}","templated":true}]}}