{"id":1488,"date":"2024-12-23T05:50:37","date_gmt":"2024-12-23T05:50:37","guid":{"rendered":"https:\/\/fmp-components.com\/product\/customized-double-effect-stainless-steel-hydraulic-ram-cylinder\/"},"modified":"2025-05-10T12:28:50","modified_gmt":"2025-05-10T12:28:50","slug":"customized-double-effect-stainless-steel-hydraulic-ram-cylinder","status":"publish","type":"product","link":"https:\/\/fmp-components.com\/fi\/product\/customized-double-effect-stainless-steel-hydraulic-ram-cylinder\/","title":{"rendered":"R\u00e4\u00e4t\u00e4l\u00f6ity kaksitehoinen ruostumattomasta ter\u00e4ksest\u00e4 valmistettu hydraulinen sylinteri"},"content":{"rendered":"<h2>R\u00e4\u00e4t\u00e4l\u00f6ity kaksitehoinen ruostumattomasta ter\u00e4ksest\u00e4 valmistettu hydraulinen sylinteri<\/h2>\n<p>Esittelyss\u00e4 r\u00e4\u00e4t\u00e4l\u00f6ity kaksitehoinen ruostumattomasta ter\u00e4ksest\u00e4 valmistettu hydraulinen m\u00e4nn\u00e4n sylinteri:<\/p>\n<p>R\u00e4\u00e4t\u00e4l\u00f6ity kaksitehoinen ruostumattomasta ter\u00e4ksest\u00e4 valmistettu hydraulinen m\u00e4nn\u00e4nsylinteri on korkealaatuinen tuote, joka on suunniteltu optimaaliseen suorituskykyyn erilaisissa teollisissa sovelluksissa. T\u00e4m\u00e4 hydraulinen m\u00e4nn\u00e4nsylinteri on valmistettu kest\u00e4v\u00e4st\u00e4 ruostumattomasta ter\u00e4ksest\u00e4, mik\u00e4 varmistaa sen pitk\u00e4n k\u00e4ytt\u00f6i\u00e4n ja korroosionkest\u00e4vyyden.<\/p>\n<p>Kaksoisvaikutteisen rakenteensa ansiosta t\u00e4m\u00e4 sylinteri tarjoaa tehokkaan ja luotettavan toiminnan. Kaksoistoimintaominaisuus mahdollistaa m\u00e4nn\u00e4n sek\u00e4 pident\u00e4misen ett\u00e4 vet\u00e4misen sis\u00e4\u00e4n, mik\u00e4 lis\u00e4\u00e4 tuottavuutta ja v\u00e4hent\u00e4\u00e4 seisokkiaikoja. T\u00e4m\u00e4 tekee siit\u00e4 ihanteellisen valinnan vaativiin teht\u00e4viin, jotka edellytt\u00e4v\u00e4t tarkkaa ohjausta ja sujuvaa toimintaa.<\/p>\n<p>R\u00e4\u00e4t\u00e4l\u00f6ity kaksitehoinen ruostumattomasta ter\u00e4ksest\u00e4 valmistettu hydraulinen m\u00e4nn\u00e4nsylinteri on suunniteltu tarjoamaan poikkeuksellista suorituskyky\u00e4 korkeissa paineolosuhteissa. Sen kest\u00e4v\u00e4 rakenne ja edistynyt tiivistystekniikka takaavat minimaalisen vuodon ja paremman turvallisuuden k\u00e4yt\u00f6n aikana.<\/p>\n<p>T\u00e4m\u00e4 hydraulinen m\u00e4nn\u00e4n sylinteri on eritt\u00e4in muokattavissa tiettyjen vaatimusten t\u00e4ytt\u00e4miseksi. Sit\u00e4 on saatavana eri kokoisina ja iskunpituisina, mik\u00e4 mahdollistaa helpon integroinnin erilaisiin hydraulij\u00e4rjestelmiin. Lis\u00e4ksi se voidaan r\u00e4\u00e4t\u00e4l\u00f6id\u00e4 sopimaan tiettyihin paine- ja l\u00e4mp\u00f6tila-alueisiin, joten se soveltuu monenlaisiin sovelluksiin eri teollisuudenaloilla.<\/p>\n<p>Yhteenvetona voidaan todeta, ett\u00e4 r\u00e4\u00e4t\u00e4l\u00f6ity kaksitehoinen ruostumattomasta ter\u00e4ksest\u00e4 valmistettu hydraulinen m\u00e4nn\u00e4nsylinteri tarjoaa kest\u00e4vyytt\u00e4, tehokkuutta ja monipuolisuutta. Sen erinomainen suorituskyky ja mukautettavat ominaisuudet tekev\u00e4t siit\u00e4 ihanteellisen valinnan teollisiin sovelluksiin, joissa luotettavuus ja tarkkuus ovat ensiarvoisen t\u00e4rkeit\u00e4.<\/p>\n<h2>R\u00e4\u00e4t\u00e4l\u00f6ity kaksitehoinen ruostumattomasta ter\u00e4ksest\u00e4 valmistettu hydraulinen sylinteri raskaisiin koneisiin<\/h2>\n<p>Esittelyss\u00e4 uusi ja edistynyt, r\u00e4\u00e4t\u00e4l\u00f6ity kaksoisvaikutteinen ruostumattomasta ter\u00e4ksest\u00e4 valmistettu hydraulinen sylinteri, joka on t\u00e4ydellinen ratkaisu raskaiden koneiden tarpeisiin. T\u00e4m\u00e4 huippuluokan hydraulisylinteri on valmistettu eritt\u00e4in laadukkaasta ter\u00e4ksest\u00e4, mik\u00e4 varmistaa maksimaalisen kest\u00e4vyyden ja tehokkuuden. Sen kaksoisvaikutteinen toiminnallisuus mahdollistaa sujuvan k\u00e4yt\u00f6n konepajoissa, maatiloilla, energia- ja kaivosteollisuudessa, konevalmistuksessa ja tehtaissa.<\/p>\n<h2>Tuotteen kohokohdat<\/h2>\n<ul>\n<li>Kunto: Upouusi<\/li>\n<li>Takuu: 1 vuosi<\/li>\n<li>Paino: 11 kg<\/li>\n<li>Maksimi ty\u00f6nt\u00f6voima: 3000<\/li>\n<li>Tyyppi: Lumiauran hydraulisylinterit<\/li>\n<li>Maksimiveto: 20 tonnia<\/li>\n<li>Sertifiointi: ISO9001:2000<\/li>\n<li>V\u00e4ri: Musta<\/li>\n<\/ul>\n<h2>Vertaansa vailla olevaa laatua ja tehokkuutta<\/h2>\n<p>R\u00e4\u00e4t\u00e4l\u00f6idyll\u00e4 kaksitehoisella ruostumattomasta ter\u00e4ksest\u00e4 valmistetulla hydraulisylinterill\u00e4mme on vaikuttava yhden vuoden takuu, mik\u00e4 varmistaa, ett\u00e4 saat parhaan vastineen rahoillesi. Sen ydinkomponentit koostuvat laakerista ja hydraulisylinterist\u00e4, mik\u00e4 tekee siit\u00e4 standardin m\u00e4nt\u00e4sylinterirakenteen. T\u00e4m\u00e4 tuote tarjoaa my\u00f6s enint\u00e4\u00e4n 3000 ty\u00f6nt\u00f6voiman, mik\u00e4 tekee siit\u00e4 luotettavan valinnan raskaaseen k\u00e4ytt\u00f6\u00f6n.<\/p>\n<h2>S\u00e4\u00e4dett\u00e4vien haarukkatyyppisten sylinterien edut<\/h2>\n<p>S\u00e4\u00e4dett\u00e4v\u00e4t haarukkatyyppiset sylinterit, jotka tunnetaan my\u00f6s hydraulisina m\u00e4nn\u00e4nsylinterein\u00e4, ovat ratkaiseva komponentti useilla teollisuudenaloilla, jotka ovat riippuvaisia \u200b\u200braskaista koneista ja laitteista. N\u00e4ill\u00e4 sylintereill\u00e4 on useita etuja muuntyyppisiin sylintereihin verrattuna, mink\u00e4 vuoksi ne ovat suosittu valinta moniin sovelluksiin. T\u00e4ss\u00e4 blogikirjoituksessa tutkimme yksityiskohtaisesti s\u00e4\u00e4dett\u00e4vien haarukkatyyppisten sylinterien etuja.<\/p>\n<h3>1. Parannettu joustavuus ja r\u00e4\u00e4t\u00e4l\u00f6inti<\/h3>\n<p>Yksi s\u00e4\u00e4dett\u00e4vien haarukkatyyppisten sylinterien t\u00e4rkeimmist\u00e4 eduista on niiden parannettu joustavuus ja r\u00e4\u00e4t\u00e4l\u00f6intimahdollisuudet. N\u00e4m\u00e4 sylinterit on suunniteltu s\u00e4\u00e4dett\u00e4viksi, mik\u00e4 mahdollistaa tarkan sijoittelun ja kohdistuksen erilaisissa sovelluksissa. T\u00e4m\u00e4 s\u00e4\u00e4dett\u00e4vyysominaisuus antaa k\u00e4ytt\u00e4jille mahdollisuuden optimoida k\u00e4ytt\u00e4miens\u00e4 koneiden suorituskyky\u00e4 ja tehokkuutta, mik\u00e4 parantaa tuottavuutta ja v\u00e4hent\u00e4\u00e4 seisokkiaikoja.<\/p>\n<p>S\u00e4\u00e4dett\u00e4vien haarukkatyyppisten sylinterien toinen merkitt\u00e4v\u00e4 etu on r\u00e4\u00e4t\u00e4l\u00f6it\u00e4vyys. N\u00e4m\u00e4 sylinterit voidaan r\u00e4\u00e4t\u00e4l\u00f6id\u00e4 vastaamaan erityisvaatimuksia, kuten kokoa, iskunpituutta ja kiinnitysvaihtoehtoja. Sylinterin r\u00e4\u00e4t\u00e4l\u00f6intimahdollisuus varmistaa yhteensopivuuden eri laitteiden ja j\u00e4rjestelmien kanssa, mik\u00e4 tekee siit\u00e4 monipuolisen vaihtoehdon eri toimialoille.<\/p>\n<h3>2. Kaksoistehostesuunnittelu tehokkaaseen toimintaan<\/h3>\n<p>S\u00e4\u00e4dett\u00e4v\u00e4t haarukkatyyppiset sylinterit on tyypillisesti suunniteltu kaksoisvaikutteisella mekanismilla, joka mahdollistaa tehokkaan toiminnan ja paremman suorituskyvyn. T\u00e4m\u00e4 rakenne mahdollistaa sek\u00e4 sylinterin pident\u00e4misen ett\u00e4 sis\u00e4\u00e4nvet\u00e4misen, mik\u00e4 varmistaa tasapainoisen ja hallitun liikkeen. Kaksoisvaikutteinen rakenne poistaa ulkoisten voimien tai manuaalisten s\u00e4\u00e4t\u00f6jen tarpeen, mik\u00e4 tekee sylinterist\u00e4 luotettavamman ja helpomman k\u00e4ytt\u00e4\u00e4.<\/p>\n<p>Lis\u00e4ksi n\u00e4iden sylinterien kaksoisvaikutteinen rakenne tarjoaa suuremman voimantuoton verrattuna yksivaikutteisiin sylintereihin. T\u00e4m\u00e4 lis\u00e4\u00e4ntynyt voima tekee s\u00e4\u00e4dett\u00e4vist\u00e4 haarukkatyyppisist\u00e4 sylintereist\u00e4 sopivia raskaisiin sovelluksiin, jotka vaativat huomattavien kuormien nostamista tai ty\u00f6nt\u00e4mist\u00e4. N\u00e4iden sylinterien tehokas toiminta parantaa kokonaistuottavuutta ja varmistaa vaativien teht\u00e4vien onnistuneen suorittamisen.<\/p>\n<h3>3. Korkealaatuinen ruostumattomasta ter\u00e4ksest\u00e4 valmistettu rakenne<\/h3>\n<p>S\u00e4\u00e4dett\u00e4v\u00e4t haarukkatyyppiset sylinterit on valmistettu korkealaatuisista ruostumattomasta ter\u00e4ksest\u00e4, mik\u00e4 tarjoaa lukuisia etuja kest\u00e4vyyden ja korroosionkest\u00e4vyyden suhteen. Ruostumaton ter\u00e4s tunnetaan poikkeuksellisesta lujuudestaan \u200b\u200bja kulutuskest\u00e4vyydest\u00e4\u00e4n, mink\u00e4 ansiosta se sopii erinomaisesti haastaviin ty\u00f6ymp\u00e4rist\u00f6ihin.<\/p>\n<p>K\u00e4ytt\u00e4m\u00e4ll\u00e4 ruostumatonta ter\u00e4st\u00e4 s\u00e4\u00e4dett\u00e4vien haarukkatyyppisten sylinterien rakenteessa valmistajat varmistavat, ett\u00e4 n\u00e4m\u00e4 sylinterit kest\u00e4v\u00e4t ankaria olosuhteita, kuten \u00e4\u00e4rimm\u00e4isi\u00e4 l\u00e4mp\u00f6tiloja, altistumista kemikaaleille ja voimakasta t\u00e4rin\u00e4\u00e4. T\u00e4m\u00e4 kest\u00e4vyys pident\u00e4\u00e4 sylinterien k\u00e4ytt\u00f6ik\u00e4\u00e4 ja v\u00e4hent\u00e4\u00e4 huoltotarvetta, mik\u00e4 johtaa kustannuss\u00e4\u00e4st\u00f6ihin k\u00e4ytt\u00e4jille.<\/p>\n<h3>4. Parempi turvallisuus ja luotettavuus<\/h3>\n<p>S\u00e4\u00e4dett\u00e4v\u00e4t haarukkatyyppiset sylinterit asettavat turvallisuuden ja luotettavuuden etusijalle, mik\u00e4 tekee niist\u00e4 ensisijaisen valinnan kriittisiss\u00e4 sovelluksissa. N\u00e4m\u00e4 sylinterit on suunniteltu edistyneill\u00e4 turvaominaisuuksilla, kuten ylikuormitussuojalla ja h\u00e4t\u00e4pys\u00e4ytysmekanismeilla, onnettomuuksien ja laitevaurioiden est\u00e4miseksi.<\/p>\n<p>Lis\u00e4ksi s\u00e4\u00e4dett\u00e4vien haarukkatyyppisten sylinterien tarjoama tarkka ohjaus ja asemointi lis\u00e4\u00e4v\u00e4t koneen yleist\u00e4 turvallisuutta. K\u00e4ytt\u00e4j\u00e4t voivat s\u00e4\u00e4t\u00e4\u00e4 sylinterin iskunpituutta ja nopeutta tarkasti, mik\u00e4 varmistaa sujuvat ja hallitut liikkeet. T\u00e4m\u00e4 hallinnan taso minimoi \u00e4killisten nyk\u00e4ysten tai odottamattomien liikkeiden riskin, jotka voisivat vaarantaa k\u00e4ytt\u00e4jien ja ymp\u00e4rill\u00e4 olevan henkil\u00f6st\u00f6n turvallisuuden.<\/p>\n<p>Yhteenvetona voidaan todeta, ett\u00e4 s\u00e4\u00e4dett\u00e4vien haarukkatyyppisten sylinterien edut tekev\u00e4t niist\u00e4 erinomaisen valinnan useille eri teollisuudenaloille. Niiden joustavuus, r\u00e4\u00e4t\u00e4l\u00f6intimahdollisuudet, tehokas toiminta, korkealaatuinen rakenne ja parannettu turvallisuus parantavat laitteiden suorituskyky\u00e4, tuottavuutta ja yleist\u00e4 toiminnan tehokkuutta. Ainutlaatuisten ominaisuuksiensa ja kykyjens\u00e4 ansiosta s\u00e4\u00e4dett\u00e4v\u00e4t haarukkatyyppiset sylinterit ovat arvokas osa modernia teollista maisemaa.<\/p>\n<h3>Tietoja FMP-hydraulisylinterist\u00e4<\/h3>\n<p>FMP on johtava korkealaatuisten hydraulisylintereiden toimittaja rakennuskoneisiin. Tuotteemme tunnetaan kest\u00e4vyydest\u00e4\u00e4n, luotettavuudestaan \u200b\u200bja erinomaisesta suorituskyvyst\u00e4\u00e4n. T\u00e4ss\u00e4 on muutamia syit\u00e4, miksi sinun kannattaa valita FMP:n hydraulisylinteri rakennuskoneisiisi:<\/p>\n<p>1. Laatu: Hydraulisylinterimme on valmistettu korkealaatuisista materiaaleista, jotka takaavat niiden pitk\u00e4n k\u00e4ytt\u00f6i\u00e4n ja erinomaisen suorituskyvyn.<\/p>\n<p>2. Laaja tuotevalikoima: FMP tarjoaa laajan valikoiman hydraulisylintereit\u00e4 erityyppisille rakennuskoneille, mukaan lukien s\u00e4\u00e4dett\u00e4v\u00e4t haarukkatyyppiset sylinterit (katso kuva alla), raidetangolla varustetut sylinterit, hitsatut sylinterit ja paljon muuta.<\/p>\n<p><img decoding=\"async\" src=\"https:\/\/fmp-components.com\/wp-content\/uploads\/2024\/12\/Adjustable-Clevis-Type-Cylinders-6.webp\" alt=\"S\u00e4\u00e4dett\u00e4v\u00e4 haarukkatyyppinen sylinteri\" width=\"822\" title=\"\"><\/p>\n<p>3. Kilpailukykyinen hinnoittelu: FMP tarjoaa tuotteitaan eritt\u00e4in kilpailukykyiseen hintaan, mik\u00e4 tekee niist\u00e4 laajan asiakaskunnan saatavilla.<\/p>\n<p>4. Ammattitaitoinen tiimi: Kokenut myyntitiimimme tuntee rakennuskoneteollisuuden ja voi tarjota asiakkaille asiantuntevaa neuvontaa ja tukea.<\/p>\n<p>5. Tehokas logistiikka: Meill\u00e4 on vakiintunut logistiikka-jakeluj\u00e4rjestelm\u00e4, joka varmistaa tuotteiden oikea-aikaisen ja tarkan toimituksen asiakkaille.<\/p>\n<p>Yhteenvetona voidaan todeta, ett\u00e4 FMP-hydraulisylinteri on luotettava ja varma valinta kaikkiin rakennuskonetarpeisiisi. Ota yhteytt\u00e4 jo t\u00e4n\u00e4\u00e4n saadaksesi lis\u00e4tietoja tuotteistamme ja palveluistamme.<\/p>\n<h2>Usein kysytyt kysymykset<\/h2>\n<h3>K: Oletko kauppayhti\u00f6 vai valmistaja?<\/h3>\n<p>A: Olemme tehdas, joka on erikoistunut hydraulisylintereiden ja maatalouskoneiden osien valmistukseen.<\/p>\n<h3>K: Kuinka pitk\u00e4 on toimitusaikanne?<\/h3>\n<p>V: Toimitusaikamme on yleens\u00e4 25\u201335 p\u00e4iv\u00e4\u00e4.<\/p>\n<h3>K: Toimitatteko n\u00e4ytteit\u00e4?<\/h3>\n<p>V: Kyll\u00e4, tarjoamme n\u00e4ytteit\u00e4, mutta ne eiv\u00e4t ole ilmaisia.<\/p>\n<p>Tekij\u00e4: CX<\/p>","protected":false},"excerpt":{"rendered":"<p>Customized Double Effect Stainless Steel Hydraulic Ram Cylinder Introducing the Customized Double Effect Stainless Steel Hydraulic Ram Cylinder: The Customized Double Effect Stainless Steel Hydraulic Ram Cylinder is a high-quality product designed for optimal performance in various industrial applications. This hydraulic ram cylinder is manufactured using durable stainless steel, ensuring its longevity and resistance to [&hellip;]<\/p>","protected":false},"featured_media":1489,"comment_status":"closed","ping_status":"closed","template":"","meta":{"_et_pb_use_builder":"","_et_pb_old_content":"","_et_gb_content_width":""},"product_brand":[],"product_cat":[42],"product_tag":[34,44],"class_list":{"0":"post-1488","1":"product","2":"type-product","3":"status-publish","4":"has-post-thumbnail","6":"product_cat-snow-plow-hydraulic-cylinder","7":"product_tag-hydraulic-cylinder","8":"product_tag-snow-plow-hydraulic-cylinder","10":"first","11":"instock","12":"product-type-simple"},"_links":{"self":[{"href":"https:\/\/fmp-components.com\/fi\/wp-json\/wp\/v2\/product\/1488","targetHints":{"allow":["GET"]}}],"collection":[{"href":"https:\/\/fmp-components.com\/fi\/wp-json\/wp\/v2\/product"}],"about":[{"href":"https:\/\/fmp-components.com\/fi\/wp-json\/wp\/v2\/types\/product"}],"replies":[{"embeddable":true,"href":"https:\/\/fmp-components.com\/fi\/wp-json\/wp\/v2\/comments?post=1488"}],"wp:featuredmedia":[{"embeddable":true,"href":"https:\/\/fmp-components.com\/fi\/wp-json\/wp\/v2\/media\/1489"}],"wp:attachment":[{"href":"https:\/\/fmp-components.com\/fi\/wp-json\/wp\/v2\/media?parent=1488"}],"wp:term":[{"taxonomy":"product_brand","embeddable":true,"href":"https:\/\/fmp-components.com\/fi\/wp-json\/wp\/v2\/product_brand?post=1488"},{"taxonomy":"product_cat","embeddable":true,"href":"https:\/\/fmp-components.com\/fi\/wp-json\/wp\/v2\/product_cat?post=1488"},{"taxonomy":"product_tag","embeddable":true,"href":"https:\/\/fmp-components.com\/fi\/wp-json\/wp\/v2\/product_tag?post=1488"}],"curies":[{"name":"wp","href":"https:\/\/api.w.org\/{rel}","templated":true}]}}