{"id":1482,"date":"2024-12-23T05:49:26","date_gmt":"2024-12-23T05:49:26","guid":{"rendered":"https:\/\/fmp-components.com\/product\/high-quality-mini-customized-welded-hydraulic-cylinder\/"},"modified":"2025-05-10T13:04:29","modified_gmt":"2025-05-10T13:04:29","slug":"high-quality-mini-customized-welded-hydraulic-cylinder","status":"publish","type":"product","link":"https:\/\/fmp-components.com\/fi\/product\/high-quality-mini-customized-welded-hydraulic-cylinder\/","title":{"rendered":"Korkealaatuinen minikokoinen r\u00e4\u00e4t\u00e4l\u00f6ity hitsattu hydraulisylinteri"},"content":{"rendered":"<h2><span style=\"color: #333333; font-size: 30px;\">P\u00e4ivit\u00e4 koneesi r\u00e4\u00e4t\u00e4l\u00f6idyll\u00e4 hitsatulla hydraulisylinterill\u00e4mme<\/span><\/h2>\n<div>\n<p>Koe korkealaatuisen, r\u00e4\u00e4t\u00e4l\u00f6idyn hitsatun hydraulisylinterimme teho, joka on uusi standardi koneiden tehokkuudessa. Hydraulisylinterimme sopii t\u00e4ydellisesti konepajoille, maatiloille, energia- ja kaivosteollisuuteen, konevalmistukseen ja konetehtaisiin. Se on suunniteltu tarjoamaan optimaalista suorituskyky\u00e4 kompaktilla ja kest\u00e4v\u00e4ll\u00e4 rakenteella.<\/p>\n<h3>Tuotteen kohokohdat<\/h3>\n<ul>\n<li>Hydraulinen voima: Hydraulinen sylinteri toimii hydraulisella voimalla, mik\u00e4 tarjoaa valtavan voiman erilaisiin k\u00e4ytt\u00f6tarkoituksiin.<\/li>\n<li>Kest\u00e4vyys: Korkealaatuisesta ter\u00e4ksest\u00e4 valmistettu runko varmistaa sylinterin kest\u00e4vyyden ja pitk\u00e4n k\u00e4ytt\u00f6i\u00e4n.<\/li>\n<li>Tekniset tiedot: T\u00e4m\u00e4n hydraulisylinterin enimm\u00e4isty\u00f6nt\u00f6voima on 3000 ja enimm\u00e4isvetovoima 20 tonnia, joten se on suunniteltu raskaaseen k\u00e4ytt\u00f6\u00f6n.<\/li>\n<li>Mukautettava: Rei\u00e4n koko, m\u00e4nn\u00e4nvarren koko, iskunpituus ja tapin koko ovat muokattavissa tarpeidesi mukaan.<\/li>\n<li>Takuu: Tuotteella on yhden vuoden takuu, joka takaa asiakkaalle mielenrauhan.<\/li>\n<\/ul>\n<\/div>\n<h2>S\u00e4\u00e4dett\u00e4vien haarukkatyyppisten sylinterien edut<\/h2>\n<p>Hydraulisylinterit ovat olennainen osa monia eri teollisuudenaloilla k\u00e4ytettyj\u00e4 koneita ja laitteita. Yksi hydraulisylinterityyppi, joka erottuu ainutlaatuisen rakenteensa ja toiminnallisuutensa ansiosta, on s\u00e4\u00e4dett\u00e4v\u00e4 sakkelityyppinen sylinteri. T\u00e4ss\u00e4 artikkelissa tutkimme s\u00e4\u00e4dett\u00e4vien sakkelityyppisten sylinterien etuja ja sit\u00e4, miksi ne ovat suosittu valinta monissa sovelluksissa.<\/p>\n<h3>1. Monipuolisuus<\/h3>\n<p>Yksi s\u00e4\u00e4dett\u00e4vien haarukkatyyppisten sylinterien t\u00e4rkeimmist\u00e4 eduista on niiden monipuolisuus. N\u00e4it\u00e4 sylintereit\u00e4 voidaan k\u00e4ytt\u00e4\u00e4 monenlaisissa sovelluksissa, koska niit\u00e4 voidaan s\u00e4\u00e4t\u00e4\u00e4 tiettyjen tarpeiden mukaan. T\u00e4m\u00e4 tekee niist\u00e4 ihanteellisen valinnan sovelluksiin, jotka vaativat r\u00e4\u00e4t\u00e4l\u00f6ity\u00e4 hydraulisylinteri\u00e4. Lis\u00e4ksi niit\u00e4 voidaan k\u00e4ytt\u00e4\u00e4 sek\u00e4 ty\u00f6nt\u00f6- ett\u00e4 vetosovelluksissa, mik\u00e4 lis\u00e4\u00e4 niiden monipuolisuutta entisest\u00e4\u00e4n.<\/p>\n<h3>2. Tarkka paikannus<\/h3>\n<p>S\u00e4\u00e4dett\u00e4v\u00e4t haarukkatyyppiset sylinterit on suunniteltu tarkkaan asemointiin, mik\u00e4 on kriittist\u00e4 monissa sovelluksissa. N\u00e4ill\u00e4 sylintereill\u00e4 voit s\u00e4\u00e4t\u00e4\u00e4 sylinterin iskunpituutta saavuttaaksesi tarkalleen sovelluksessasi tarvittavan asennon. T\u00e4m\u00e4 tekee niist\u00e4 ihanteellisen valinnan sovelluksiin, jotka vaativat tarkkaa asemointia, kuten valmistusteollisuudessa.<\/p>\n<h3>3. Korkea laatu<\/h3>\n<p>S\u00e4\u00e4dett\u00e4v\u00e4t sakkelityyppiset sylinterit on valmistettu korkealaatuisista materiaaleista, mik\u00e4 takaa kest\u00e4vyyden ja pitk\u00e4ik\u00e4isyyden. Ne on suunniteltu kest\u00e4m\u00e4\u00e4n ankaria ymp\u00e4rist\u00f6j\u00e4 ja raskaita sovelluksia, mik\u00e4 tekee niist\u00e4 suositun valinnan esimerkiksi rakennus- ja kaivosteollisuudessa. Lis\u00e4ksi valmistajat, kuten High Quality Mini Customized Welded Hydraulic Cylinder, valmistavat s\u00e4\u00e4dett\u00e4vi\u00e4 sakkelityyppisi\u00e4 sylintereit\u00e4, jotka testataan kansainv\u00e4listen standardien mukaisesti, mik\u00e4 varmistaa niiden laadun.<\/p>\n<h3>4. Mukautettava<\/h3>\n<p>S\u00e4\u00e4dett\u00e4vi\u00e4 haarukkatyyppisi\u00e4 sylintereit\u00e4 voidaan r\u00e4\u00e4t\u00e4l\u00f6id\u00e4 vastaamaan erityistarpeita ja -sovelluksia. T\u00e4m\u00e4 r\u00e4\u00e4t\u00e4l\u00f6inti voi sis\u00e4lt\u00e4\u00e4 erilaisia \u200b\u200bkiinnitysvaihtoehtoja, tangonp\u00e4\u00e4n kokoonpanoja ja iskunpituuksia. T\u00e4m\u00e4 tekee niist\u00e4 ihanteellisen valinnan sovelluksiin, jotka vaativat ainutlaatuisen hydraulisylinterin, jota ei l\u00f6ydy vakiosylintereist\u00e4.<\/p>\n<h3>5. Kustannustehokas<\/h3>\n<p>S\u00e4\u00e4dett\u00e4v\u00e4t haarukkatyyppiset sylinterit ovat kustannustehokas valinta sovelluksiin, jotka vaativat r\u00e4\u00e4t\u00e4l\u00f6ity\u00e4 hydraulisylinteri\u00e4. Sen sijaan, ett\u00e4 investoitaisiin t\u00e4ysin r\u00e4\u00e4t\u00e4l\u00f6ityyn sylinteriin, s\u00e4\u00e4dett\u00e4v\u00e4t haarukkatyyppiset sylinterit voidaan s\u00e4\u00e4t\u00e4\u00e4 vastaamaan tiettyj\u00e4 tarpeita, mik\u00e4 v\u00e4hent\u00e4\u00e4 kustannuksia ja toimitusaikaa. Lis\u00e4ksi niiden korkea laatu ja kest\u00e4vyys takaavat pitk\u00e4ik\u00e4isen suorituskyvyn, mik\u00e4 v\u00e4hent\u00e4\u00e4 kokonaisvaltaisia \u200b\u200byll\u00e4pito- ja vaihtokustannuksia.<\/p>\n<p>Yhteenvetona voidaan todeta, ett\u00e4 s\u00e4\u00e4dett\u00e4v\u00e4t sakkelityyppiset sylinterit tarjoavat monia etuja tavallisiin hydraulisylintereihin verrattuna. Niiden monipuolisuus, tarkka sijoittelu, korkea laatu, muokattavuus ja kustannustehokkuus tekev\u00e4t niist\u00e4 suositun valinnan eri toimialoilla. Tarvitsetpa hydraulisylinteri\u00e4 sitten vakio- tai r\u00e4\u00e4t\u00e4l\u00f6ityyn sovellukseen, s\u00e4\u00e4dett\u00e4v\u00e4t sakkelityyppiset sylinterit ovat harkitsemisen arvoisia.<\/p>\n<h3>Tietoja FMP:st\u00e4<\/h3>\n<p><img decoding=\"async\" class=\"aligncenter\" src=\"https:\/\/fmp-components.com\/wp-content\/uploads\/2024\/12\/Adjustable-Clevis-Type-Cylinders-6.webp\" alt=\"S\u00e4\u00e4dett\u00e4v\u00e4 haarukkatyyppinen sylinteri\" width=\"819\" title=\"\"><\/p>\n<p>FMP on johtava hydraulisylintereiden tuotantoon ja myyntiin erikoistunut yritys. Laajan kokemuksemme alalta ja ammattitaitoisen tiimimme avulla olemme omistautuneet tarjoamaan asiakkaillemme korkealaatuisia ja luotettavia hydraulisylintereit\u00e4 erilaisiin rakennuskoneiden sovelluksiin.<\/p>\n<p>1. Laaja tuotevalikoima:<br \/>\nTarjoamme laajan valikoiman hydraulisylintereit\u00e4, jotka vastaavat erilaisten rakennuskoneiden tarpeisiin. Tuotevalikoimaamme kuuluu s\u00e4\u00e4dett\u00e4vi\u00e4 haarukkatyyppisi\u00e4 sylintereit\u00e4, hitsattuja sylintereit\u00e4, teleskooppisylintereit\u00e4 ja paljon muuta. T\u00e4m\u00e4 laaja valikoima varmistaa, ett\u00e4 meill\u00e4 on oikea hydraulisylinteri juuri sinun tarpeisiisi.<\/p>\n<p>2. Erinomainen laatu:<br \/>\nFMP:ll\u00e4 asetamme laadun etusijalle ja varmistamme, ett\u00e4 kaikki hydraulisylinterimme t\u00e4ytt\u00e4v\u00e4t tiukat laatustandardit. Olemme luoneet pitk\u00e4aikaisia \u200b\u200bja vakaita suhteita korkealaatuisiin toimittajiin sek\u00e4 kotimaassa ett\u00e4 kansainv\u00e4lisesti. T\u00e4m\u00e4n ansiosta voimme hankkia parhaita materiaaleja ja komponentteja, mik\u00e4 johtaa kest\u00e4viin, tehokkaisiin ja luotettaviin hydraulisylintereihin.<\/p>\n<p>3. Ammattimainen myyntitiimi:<br \/>\nKokeneella ja taitavalla myyntitiimill\u00e4mme on syv\u00e4llinen tiet\u00e4mys rakennuskoneteollisuudesta. He pysyv\u00e4t ajan tasalla alan uusimmista trendeist\u00e4 ja ymm\u00e4rt\u00e4v\u00e4t asiakkaidemme erityistarpeita. Asiantuntemuksensa avulla he tarjoavat ammattimaista tuotekonsultointia ja ohjaavat sinua l\u00f6yt\u00e4m\u00e4\u00e4n tarpeisiisi parhaiten sopivan hydraulisylinterin.<\/p>\n<p>4. \u00c4lykk\u00e4it\u00e4 ostoehdotuksia:<br \/>\nYmm\u00e4rt\u00e4m\u00e4ll\u00e4, ett\u00e4 jokaisella asiakkaalla on ainutlaatuiset tarpeet, myyntitiimimme tekee kaikkensa tarjotakseen \u00e4lykk\u00e4it\u00e4 ostoehdotuksia. He ottavat huomioon esimerkiksi sovellusvaatimukset, budjettirajoitukset ja projektin vaatimukset suositellakseen sopivinta hydraulisylinteri\u00e4. T\u00e4m\u00e4 henkil\u00f6kohtainen l\u00e4hestymistapa varmistaa, ett\u00e4 teet tietoon perustuvan p\u00e4\u00e4t\u00f6ksen ja l\u00f6yd\u00e4t oikean hydraulisylinteriratkaisun.<\/p>\n<p>5. Tehokas logistiikka ja jakelu:<br \/>\nOlemme ylpeit\u00e4 tehokkaasta logistiikka-jakeluj\u00e4rjestelm\u00e4st\u00e4mme, joka varmistaa hydraulisylinterien oikea-aikaisen ja tarkan toimituksen asiakkaillemme. Hyvin organisoidun toimitusketjumme avulla takaamme, ett\u00e4 saat tarvitsemasi hydraulisylinterit nopeasti, mik\u00e4 minimoi mahdolliset viiv\u00e4stykset tai h\u00e4iri\u00f6t rakennusprojekteissasi.<\/p>\n<p>Tee yhteisty\u00f6t\u00e4 FMP:n kanssa saadaksesi huippulaatuisia hydraulisylintereit\u00e4, joiden taustalla on alan asiantuntemus, erinomainen laatu ja tehokas palvelu. Ota meihin yhteytt\u00e4 jo t\u00e4n\u00e4\u00e4n keskustellaksesi rakennuskonetarpeistasi ja koe FMP:n tarjoama ero.<\/p>\n<h2>Usein kysytyt kysymykset<\/h2>\n<h3>K: Oletko kauppayhti\u00f6 vai valmistaja?<\/h3>\n<p>A: Olemme tehdas, joka valmistaa tuotteita.<\/p>\n<h3>K: Mik\u00e4 on toimitusaikanne?<\/h3>\n<p>V: Yleinen toimitusaikamme on 25\u201335 p\u00e4iv\u00e4\u00e4.<\/p>\n<h3>K: Tarjoatteko n\u00e4ytteit\u00e4? Ovatko ne ilmaisia \u200b\u200bvai ylim\u00e4\u00e4r\u00e4isi\u00e4?<\/h3>\n<p>V: Kyll\u00e4, tarjoamme n\u00e4ytteit\u00e4, mutta ne eiv\u00e4t ole ilmaisia.<\/p>\n<p><img decoding=\"async\" class=\"aligncenter\" title=\"Lumiauran hydraulisylinteri\" src=\"https:\/\/hzpt.com\/wp-content\/uploads\/2023\/11\/Snow-Plow-Hydraulic-Cylinder-3.webp\" alt=\"Lumiauran hydraulisylinteri\" \/><\/p>\n<p>Tekij\u00e4: CX<\/p>","protected":false},"excerpt":{"rendered":"<p>Upgrade Your Machinery with Our Customized Welded Hydraulic Cylinder Experience the power of our High Quality Mini Customized Welded Hydraulic Cylinder, the new standard in machinery efficiency. Perfect for Machinery Repair Shops, Farms, Energy &amp; Mining, Machinery Manufacturing, and Machinery Factory, our hydraulic cylinder is designed to deliver optimal performance with a compact structure and [&hellip;]<\/p>","protected":false},"featured_media":1483,"comment_status":"closed","ping_status":"closed","template":"","meta":{"_et_pb_use_builder":"","_et_pb_old_content":"","_et_gb_content_width":""},"product_brand":[],"product_cat":[42],"product_tag":[34,44],"class_list":{"0":"post-1482","1":"product","2":"type-product","3":"status-publish","4":"has-post-thumbnail","6":"product_cat-snow-plow-hydraulic-cylinder","7":"product_tag-hydraulic-cylinder","8":"product_tag-snow-plow-hydraulic-cylinder","10":"first","11":"instock","12":"product-type-simple"},"_links":{"self":[{"href":"https:\/\/fmp-components.com\/fi\/wp-json\/wp\/v2\/product\/1482","targetHints":{"allow":["GET"]}}],"collection":[{"href":"https:\/\/fmp-components.com\/fi\/wp-json\/wp\/v2\/product"}],"about":[{"href":"https:\/\/fmp-components.com\/fi\/wp-json\/wp\/v2\/types\/product"}],"replies":[{"embeddable":true,"href":"https:\/\/fmp-components.com\/fi\/wp-json\/wp\/v2\/comments?post=1482"}],"wp:featuredmedia":[{"embeddable":true,"href":"https:\/\/fmp-components.com\/fi\/wp-json\/wp\/v2\/media\/1483"}],"wp:attachment":[{"href":"https:\/\/fmp-components.com\/fi\/wp-json\/wp\/v2\/media?parent=1482"}],"wp:term":[{"taxonomy":"product_brand","embeddable":true,"href":"https:\/\/fmp-components.com\/fi\/wp-json\/wp\/v2\/product_brand?post=1482"},{"taxonomy":"product_cat","embeddable":true,"href":"https:\/\/fmp-components.com\/fi\/wp-json\/wp\/v2\/product_cat?post=1482"},{"taxonomy":"product_tag","embeddable":true,"href":"https:\/\/fmp-components.com\/fi\/wp-json\/wp\/v2\/product_tag?post=1482"}],"curies":[{"name":"wp","href":"https:\/\/api.w.org\/{rel}","templated":true}]}}