{"id":1480,"date":"2024-12-23T05:49:26","date_gmt":"2024-12-23T05:49:26","guid":{"rendered":"https:\/\/fmp-components.com\/product\/premium-quality-stainless-steel-hydraulic-oil-cylinder-hydraulic-piston-cylinder\/"},"modified":"2024-12-23T06:45:09","modified_gmt":"2024-12-23T06:45:09","slug":"premium-quality-stainless-steel-hydraulic-oil-cylinder-hydraulic-piston-cylinder","status":"publish","type":"product","link":"https:\/\/fmp-components.com\/fi\/product\/premium-quality-stainless-steel-hydraulic-oil-cylinder-hydraulic-piston-cylinder\/","title":{"rendered":"Ensiluokkainen ruostumattomasta ter\u00e4ksest\u00e4 valmistettu hydrauli\u00f6ljysylinteri hydraulinen m\u00e4nt\u00e4sylinteri"},"content":{"rendered":"<h2>Ensiluokkainen ruostumattomasta ter\u00e4ksest\u00e4 valmistettu hydrauli\u00f6ljysylinteri hydraulinen m\u00e4nt\u00e4sylinteri<\/h2>\n<p>Ensiluokkainen ruostumattomasta ter\u00e4ksest\u00e4 valmistettu hydrauli\u00f6ljysylinteri, hydraulinen m\u00e4nt\u00e4sylinteri, on eritt\u00e4in suorituskykyinen hydraulisylinteri, joka on suunniteltu erilaisiin teollisiin sovelluksiin. T\u00e4m\u00e4 sylinteri on valmistettu ensiluokkaisesta ruostumattomasta ter\u00e4ksest\u00e4, mik\u00e4 parantaa sen kest\u00e4vyytt\u00e4 ja korroosionkest\u00e4vyytt\u00e4.<\/p>\n<p>Edistyksellisen hydraulisen m\u00e4nt\u00e4rakenteensa ansiosta t\u00e4m\u00e4 sylinteri varmistaa sujuvan ja tehokkaan toiminnan. Se pystyy tuottamaan voimakasta hydraulista voimaa, joten se sopii raskaisiin teht\u00e4viin. Olipa kyseess\u00e4 sitten nostaminen, ty\u00f6nt\u00e4minen tai vet\u00e4minen, t\u00e4m\u00e4 hydraulisylinteri tarjoaa luotettavan ja tasaisen suorituskyvyn.<\/p>\n<p>T\u00e4m\u00e4n sylinterin ruostumattomasta ter\u00e4ksest\u00e4 valmistettu rakenne tekee siit\u00e4 ihanteellisen k\u00e4ytett\u00e4v\u00e4ksi vaativissa ymp\u00e4rist\u00f6iss\u00e4, mukaan lukien olosuhteet, joissa se altistuu koville kemikaaleille tai \u00e4\u00e4rimm\u00e4isille l\u00e4mp\u00f6tiloille. Se tarjoaa erinomaisen korroosionkest\u00e4vyyden, mik\u00e4 varmistaa pidemm\u00e4n k\u00e4ytt\u00f6i\u00e4n ja v\u00e4hent\u00e4\u00e4 huoltotarvetta.<\/p>\n<p>Edistyksellisen tiivistystekniikan ansiosta t\u00e4m\u00e4 hydraulisylinteri minimoi vuotoriskin ja parantaa kokonaistehokkuutta. Siin\u00e4 on tarkka ty\u00f6st\u00f6 ja tiivis tiiviste, jotka takaavat luotettavan ja vuotamattoman toiminnan my\u00f6s korkeissa paineolosuhteissa.<\/p>\n<p>Lis\u00e4ksi t\u00e4t\u00e4 hydraulisylinteri\u00e4 voidaan r\u00e4\u00e4t\u00e4l\u00f6id\u00e4 vastaamaan erityisvaatimuksia. Sit\u00e4 on saatavana eri kokoisina, iskunpituuksina ja kiinnitysvaihtoehdoilla, mik\u00e4 mahdollistaa helpon integroinnin erilaisiin hydraulij\u00e4rjestelmiin. T\u00e4m\u00e4n sylinterin monipuolisuus tekee siit\u00e4 sopivan monille eri toimialoille, kuten rakentamiseen, valmistukseen, maatalouteen ja muihin.<\/p>\n<p>Yhteenvetona voidaan todeta, ett\u00e4 korkealaatuinen ruostumattomasta ter\u00e4ksest\u00e4 valmistettu hydrauli\u00f6ljysylinteri ja hydraulinen m\u00e4nt\u00e4sylinteri ovat huippulaatuisia hydraulisylinteri, joka tarjoaa poikkeuksellisen suorituskyvyn ja kest\u00e4vyyden. Sen ruostumattomasta ter\u00e4ksest\u00e4 valmistettu rakenne, edistynyt hydraulinen suunnittelu ja mukautettavat vaihtoehdot tekev\u00e4t siit\u00e4 erinomaisen valinnan erilaisiin teollisiin sovelluksiin.<\/p>\n<h2>P\u00e4ivit\u00e4 koneesi korkealaatuisella ruostumattomasta ter\u00e4ksest\u00e4 valmistetulla hydrauli\u00f6ljysylinterill\u00e4, hydraulisella m\u00e4nt\u00e4sylinterill\u00e4<\/h2>\n<p>Paranna koneesi tehoa ja suorituskyky\u00e4 ensiluokkaisella ruostumattomasta ter\u00e4ksest\u00e4 valmistetulla hydrauli\u00f6ljysylinterill\u00e4mme, jossa on hydraulinen m\u00e4nt\u00e4sylinteri. T\u00e4m\u00e4 hydraulisylinteri on suunniteltu kest\u00e4m\u00e4\u00e4n raskasta k\u00e4ytt\u00f6\u00e4 ja varmistaa luotettavan ja tehokkaan toiminnan jopa ankarimmissa olosuhteissa.<\/p>\n<p><img decoding=\"async\" title=\"Lumiauran hydraulisylinteri\" src=\"https:\/\/hzpt.com\/wp-content\/uploads\/2023\/11\/Snow-Plow-Hydraulic-Cylinder-3.webp\" alt=\"Lumiauran hydraulisylinteri\" \/><\/p>\n<h2>Tuotteen ominaisuudet<\/h2>\n<p>Korkealaatuisesta ruostumattomasta ter\u00e4ksest\u00e4 valmistettu hydraulinen \u00f6ljysylinterimme hydraulinen m\u00e4nt\u00e4sylinteri takaa kest\u00e4vyyden ja pitk\u00e4n k\u00e4ytt\u00f6i\u00e4n. Sill\u00e4 on yhden vuoden takuu, ja se soveltuu k\u00e4ytett\u00e4v\u00e4ksi useilla eri teollisuudenaloilla, kuten konepajoissa, maatiloilla, energia- ja kaivosteollisuudessa, konepajateollisuudessa ja muissa.<\/p>\n<ul>\n<li style=\"list-style-type: none;\">\n<ul>\n<li>Kunto: Uusi<\/li>\n<li>Takuu: 1 vuosi<\/li>\n<li>Paino (kg): 6<\/li>\n<\/ul>\n<\/li>\n<\/ul>\n<ul>\n<li>Vakio: Vakio<\/li>\n<li>Rakenne: M\u00e4nt\u00e4sylinteri<\/li>\n<li>Voima: Hydraulinen<\/li>\n<li>Rungon materiaali: Ter\u00e4s<\/li>\n<li>Maksimi ty\u00f6nt\u00f6voima: 3000<\/li>\n<li>Tyyppi: Lumiauran hydraulisylinterit<\/li>\n<li>Maksimiveto: 20 tonnia<\/li>\n<li>Sertifiointi: ISO9001:2000<\/li>\n<\/ul>\n<h2>Huolto ja hoito<\/h2>\n<p>Ruostumattomasta ter\u00e4ksest\u00e4 valmistettu hydrauli\u00f6ljysylinterimme hydraulim\u00e4nt\u00e4sylinteri on suunniteltu helppohoitoiseksi ja v\u00e4h\u00e4n huoltoa vaativaksi. S\u00e4\u00e4nn\u00f6llinen puhdistus ja kulumisen merkkien tarkistaminen pit\u00e4v\u00e4t tuotteen optimaalisessa toimintakunnossa. On my\u00f6s eritt\u00e4in t\u00e4rke\u00e4\u00e4 k\u00e4ytt\u00e4\u00e4 valmistajan suosittelemaa hydrauli\u00f6ljy\u00e4 sujuvan toiminnan ja pitk\u00e4n k\u00e4ytt\u00f6i\u00e4n varmistamiseksi.<\/p>\n<h2>Yleisi\u00e4 sovelluksia<\/h2>\n<p>Hydraulisylintereit\u00e4mme k\u00e4ytet\u00e4\u00e4n laajalti maatalouskoneiden osissa, kuten nivelakseleissa, maatalouden voimanottovaihteistoissa, maatalouden hihnapy\u00f6riss\u00e4 ja muissa. Niit\u00e4 k\u00e4ytet\u00e4\u00e4n my\u00f6s laajalti lumiauran hydraulisylintereiss\u00e4, mik\u00e4 takaa luotettavan ja tasaisen toiminnan.<\/p>\n<h2>S\u00e4\u00e4dett\u00e4vien haarukkatyyppisten sylinterien edut<\/h2>\n<p>S\u00e4\u00e4dett\u00e4v\u00e4t haarukkatyyppiset sylinterit ovat er\u00e4\u00e4nlainen hydraulinen m\u00e4nt\u00e4sylinteri, jolla on useita keskeisi\u00e4 etuja muihin sylinterirakenteisiin verrattuna. N\u00e4m\u00e4 sylinterit on valmistettu ensiluokkaisesta ruostumattomasta ter\u00e4ksest\u00e4, mik\u00e4 varmistaa niiden kest\u00e4vyyden ja luotettavuuden erilaisissa sovelluksissa. T\u00e4ss\u00e4 artikkelissa tutkimme s\u00e4\u00e4dett\u00e4vien haarukkatyyppisten sylinterien etuja perusteellisesti.<\/p>\n<h3>1. Parempi joustavuus<\/h3>\n<p>Yksi s\u00e4\u00e4dett\u00e4vien haarukkatyyppisten sylinterien t\u00e4rkeimmist\u00e4 eduista on niiden parempi joustavuus. N\u00e4iss\u00e4 sylintereiss\u00e4 on haarukkakiinnitys, joka mahdollistaa m\u00e4nn\u00e4nvarren asennon helpon s\u00e4\u00e4t\u00e4misen. T\u00e4m\u00e4 joustavuus mahdollistaa sylinterin mukautumisen erilaisiin kiinnityskokoonpanoihin, mik\u00e4 tekee siit\u00e4 sopivan monenlaisiin k\u00e4ytt\u00f6tarkoituksiin.<\/p>\n<h3>2. Tarkka paikannus<\/h3>\n<p>S\u00e4\u00e4dett\u00e4v\u00e4t haarukkatyyppiset sylinterit sopivat erinomaisesti sovelluksiin, jotka vaativat tarkkaa asemointia. M\u00e4nn\u00e4nvarren asennon s\u00e4\u00e4t\u00f6mahdollisuus mahdollistaa sylinterin jatkeen ja sis\u00e4\u00e4nvedon hienos\u00e4\u00e4d\u00f6n ja tarkan hallinnan. T\u00e4m\u00e4 tarkkuustaso on ratkaisevan t\u00e4rke\u00e4\u00e4 esimerkiksi teollisuusautomaatiossa, jossa tarvitaan tarkkoja liikkeit\u00e4.<\/p>\n<p><img decoding=\"async\" title=\"Lumiauran hydraulisylinteri\" src=\"https:\/\/hzpt.com\/wp-content\/uploads\/2023\/11\/Snow-Plow-Hydraulic-Cylinder-1.webp\" alt=\"Lumiauran hydraulisylinteri\" \/><\/p>\n<h3>3. Pidempi iskunpituus<\/h3>\n<p>Verrattuna muihin sylinterirakenteisiin, s\u00e4\u00e4dett\u00e4v\u00e4t sakkelityyppiset sylinterit tarjoavat pidemm\u00e4n iskunpituuden. S\u00e4\u00e4dett\u00e4v\u00e4 sakkelikiinnitys mahdollistaa suuremman liikeradan, jolloin m\u00e4nn\u00e4nvarsi voi ty\u00f6nty\u00e4 ulos ja sis\u00e4\u00e4n pidemm\u00e4n matkan. T\u00e4m\u00e4 pidennetty iskunpituus on eduksi sovelluksissa, jotka vaativat suurempaa ty\u00f6skentelyaluetta.<\/p>\n<h3>4. Optimaalinen kuorman jakautuminen<\/h3>\n<p>S\u00e4\u00e4dett\u00e4vien haarukkatyyppisten sylinterien toinen etu on niiden kyky jakaa kuormat tasaisemmin. Haarukkakiinnitys tarjoaa vakaan ja turvallisen liitoksen sylinterin ja kuorman v\u00e4lille varmistaen, ett\u00e4 voimat jakautuvat tasaisesti. T\u00e4m\u00e4 tasainen kuormanjakauma minimoi sylinteriin kohdistuvan rasituksen ja rasituksen, mik\u00e4 parantaa suorituskyky\u00e4 ja pident\u00e4\u00e4 k\u00e4ytt\u00f6ik\u00e4\u00e4.<\/p>\n<h3>5. Helppo huolto<\/h3>\n<p>S\u00e4\u00e4dett\u00e4v\u00e4t haarukkatyyppiset sylinterit on suunniteltu helppoa huoltoa varten. Haarukkakiinnitys mahdollistaa sylinterin nopean ja vaivattoman purkamisen ja kokoamisen. T\u00e4m\u00e4 helppo huolto v\u00e4hent\u00e4\u00e4 seisokkiaikoja ja parantaa j\u00e4rjestelm\u00e4n kokonaistehokkuutta.<\/p>\n<p>Yhteenvetona voidaan todeta, ett\u00e4 s\u00e4\u00e4dett\u00e4v\u00e4t haarukkatyyppiset sylinterit tarjoavat useita etuja, jotka tekev\u00e4t niist\u00e4 ensisijaisen vaihtoehdon monissa sovelluksissa. Niiden parannettu joustavuus, tarkka sijoittelu, pidennetty iskunpituus, optimaalinen kuorman jakautuminen ja helppo huolto tekev\u00e4t niist\u00e4 luotettavan ja tehokkaan hydraulisen m\u00e4nt\u00e4sylinterin. K\u00e4ytt\u00e4m\u00e4ll\u00e4 ensiluokkaista ruostumatonta ter\u00e4st\u00e4 n\u00e4m\u00e4 sylinterit varmistavat pitk\u00e4ik\u00e4isen suorituskyvyn ja kest\u00e4vyyden. Olipa kyseess\u00e4 teollisuusautomaatio, rakentaminen tai mik\u00e4 tahansa muu hydraulista tehoa vaativa ala, s\u00e4\u00e4dett\u00e4v\u00e4t haarukkatyyppiset sylinterit tarjoavat monipuolisuutta ja suorituskyky\u00e4, jota tarvitaan erilaisten sovellusten vaatimuksiin.<\/p>\n<h3>Tietoja FMP:st\u00e4<\/h3>\n<p>FMP on yritys, joka on erikoistunut hydraulisten sylinterien tuotantoon ja myyntiin. Italiassa sijaitsevalla yrityksell\u00e4mme on vuosien kokemus rakennuskoneteollisuudesta ja ammattitaitoinen tiimi, joka on omistautunut tarjoamaan korkealaatuisia ja luotettavia tuotteita ja palveluita.<\/p>\n<p><img decoding=\"async\" src=\"https:\/\/fmp-components.com\/wp-content\/uploads\/2024\/12\/Adjustable-Clevis-Type-Cylinders-6.webp\" alt=\"S\u00e4\u00e4dett\u00e4v\u00e4 haarukkatyyppinen sylinteri\" width=\"818\" title=\"\"><\/p>\n<p>T\u00e4ss\u00e4 on viisi syyt\u00e4, miksi sinun kannattaa valita FMP hydraulisylinteritarpeisiisi:<\/p>\n<ol>\n<li>Laaja tuotevalikoima: Tarjoamme kattavan valikoiman hydraulisylintereit\u00e4, mukaan lukien s\u00e4\u00e4dett\u00e4v\u00e4t haarukkatyyppiset sylinterit, raidetangosylinterit, hitsatut sylinterit ja paljon muuta. Olivatpa erityistarpeesi mitk\u00e4 tahansa, meill\u00e4 on sinulle sopiva sylinteri.<\/li>\n<li>Poikkeuksellinen laatu: Kaikki hydraulisylinterimme on valmistettu huippuluokan materiaaleista ja huipputeknologialla. Noudatamme tiukkoja laatustandardeja varmistaaksemme, ett\u00e4 tuotteemme t\u00e4ytt\u00e4v\u00e4t tai ylitt\u00e4v\u00e4t asiakkaiden odotukset.<\/li>\n<li>Luotettava suorituskyky: Hydraulisylinterimme on suunniteltu tarjoamaan luotettavaa ja tasaista suorituskyky\u00e4 my\u00f6s vaativissa olosuhteissa. Ne on rakennettu kest\u00e4m\u00e4\u00e4n raskaita kuormia ja varmistamaan sujuva ja tehokas toiminta.<\/li>\n<li>Asiantuntijakonsultointi: Kokenut myyntitiimimme tuntee rakennuskonealan hyvin. He tuntevat uusimmat trendit ja asiakkaiden tarpeet ja voivat tarjota ammattimaista tuotekonsultointia auttaakseen sinua tekem\u00e4\u00e4n oikean valinnan projekteihisi.<\/li>\n<li>Tehokas toimitus: Ymm\u00e4rr\u00e4mme oikea-aikaisen toimituksen t\u00e4rkeyden. Tehokkaan logistiikka-jakeluj\u00e4rjestelm\u00e4mme avulla varmistamme, ett\u00e4 tarvitsemasi hydraulisylinterit toimitetaan sinulle ajallaan ja t\u00e4sm\u00e4llisesti, mik\u00e4 minimoi seisokkiajat ja pit\u00e4\u00e4 projektisi aikataulussa.<\/li>\n<\/ol>\n<p>Ryhdy FMP:n kumppaniksi hydraulisylinteritarpeissasi ja koe ero. Ota meihin yhteytt\u00e4 jo t\u00e4n\u00e4\u00e4n keskustellaksesi vaatimuksistasi ja l\u00f6yt\u00e4\u00e4ksesi t\u00e4ydellisen ratkaisun rakennuskoneillesi.<\/p>\n<p>Tekij\u00e4: CX<\/p>","protected":false},"excerpt":{"rendered":"<p>Premium Quality Stainless Steel Hydraulic Oil Cylinder Hydraulic Piston Cylinder The Premium Quality Stainless Steel Hydraulic Oil Cylinder Hydraulic Piston Cylinder is a high-performance hydraulic cylinder designed for various industrial applications. This cylinder is made from premium quality stainless steel, which enhances its durability and resistance to corrosion. With its advanced hydraulic piston design, this [&hellip;]<\/p>","protected":false},"featured_media":1481,"comment_status":"closed","ping_status":"closed","template":"","meta":{"_et_pb_use_builder":"","_et_pb_old_content":"","_et_gb_content_width":""},"product_brand":[],"product_cat":[42],"product_tag":[34,44],"class_list":{"0":"post-1480","1":"product","2":"type-product","3":"status-publish","4":"has-post-thumbnail","6":"product_cat-snow-plow-hydraulic-cylinder","7":"product_tag-hydraulic-cylinder","8":"product_tag-snow-plow-hydraulic-cylinder","10":"first","11":"instock","12":"product-type-simple"},"_links":{"self":[{"href":"https:\/\/fmp-components.com\/fi\/wp-json\/wp\/v2\/product\/1480","targetHints":{"allow":["GET"]}}],"collection":[{"href":"https:\/\/fmp-components.com\/fi\/wp-json\/wp\/v2\/product"}],"about":[{"href":"https:\/\/fmp-components.com\/fi\/wp-json\/wp\/v2\/types\/product"}],"replies":[{"embeddable":true,"href":"https:\/\/fmp-components.com\/fi\/wp-json\/wp\/v2\/comments?post=1480"}],"wp:featuredmedia":[{"embeddable":true,"href":"https:\/\/fmp-components.com\/fi\/wp-json\/wp\/v2\/media\/1481"}],"wp:attachment":[{"href":"https:\/\/fmp-components.com\/fi\/wp-json\/wp\/v2\/media?parent=1480"}],"wp:term":[{"taxonomy":"product_brand","embeddable":true,"href":"https:\/\/fmp-components.com\/fi\/wp-json\/wp\/v2\/product_brand?post=1480"},{"taxonomy":"product_cat","embeddable":true,"href":"https:\/\/fmp-components.com\/fi\/wp-json\/wp\/v2\/product_cat?post=1480"},{"taxonomy":"product_tag","embeddable":true,"href":"https:\/\/fmp-components.com\/fi\/wp-json\/wp\/v2\/product_tag?post=1480"}],"curies":[{"name":"wp","href":"https:\/\/api.w.org\/{rel}","templated":true}]}}