{"id":1478,"date":"2024-12-23T05:49:26","date_gmt":"2024-12-23T05:49:26","guid":{"rendered":"https:\/\/fmp-components.com\/product\/competitive-price-2-ton-double-effect-small-hydraulic-cylinder\/"},"modified":"2024-12-23T06:39:58","modified_gmt":"2024-12-23T06:39:58","slug":"competitive-price-2-ton-double-effect-small-hydraulic-cylinder","status":"publish","type":"product","link":"https:\/\/fmp-components.com\/fi\/product\/competitive-price-2-ton-double-effect-small-hydraulic-cylinder\/","title":{"rendered":"Kilpailukykyinen hinta 2 tonnin kaksitehoinen pieni hydraulisylinteri"},"content":{"rendered":"<h2>Kilpailukykyinen hinta 2 tonnin kaksitehoinen pieni hydraulisylinteri<\/h2>\n<p>Tuotteen esittely: Kilpailukykyinen hinta 2 tonnin kaksitehoinen pieni hydraulisylinteri<\/p>\n<p>Kilpailukykyisen hintainen 2 tonnin kaksoisvaikutteinen pieni hydraulisylinteri on eritt\u00e4in tehokas ja luotettava hydraulisylinteri, joka on suunniteltu tarjoamaan erinomaista suorituskyky\u00e4 monenlaisissa teollisissa sovelluksissa. T\u00e4ss\u00e4 hydraulisylinteriss\u00e4 on kaksitoiminen rakenne, joka tarjoaa tasaisen ja tarkan liikkeen, joten se sopii erinomaisesti sovelluksiin, joissa tarkkuus ja t\u00e4sm\u00e4llisyys ovat kriittisi\u00e4.<\/p>\n<p>T\u00e4m\u00e4 hydraulisylinteri on valmistettu korkealaatuisista materiaaleista ja se on rakennettu kest\u00e4m\u00e4\u00e4n vaativimmatkin teollisuusymp\u00e4rist\u00f6t. Sen kompakti ja kevyt rakenne tekee siit\u00e4 helpon asentaa ja k\u00e4ytt\u00e4\u00e4, samalla varmistaen, ett\u00e4 se vie vain v\u00e4h\u00e4n tilaa.<\/p>\n<p>Kilpailukykyisen hintainen 2 tonnin kaksoisvaikutteinen pieni hydraulisylinteri on my\u00f6s suunniteltu eritt\u00e4in kest\u00e4v\u00e4ksi ja pitk\u00e4ik\u00e4iseksi. Siin\u00e4 on vankka rakenne, joka kest\u00e4\u00e4 kulutusta ja repe\u00e4mi\u00e4, mik\u00e4 varmistaa, ett\u00e4 se kest\u00e4\u00e4 vuosien kovaa k\u00e4ytt\u00f6\u00e4 ilman usein toistuvaa huoltoa tai korjauksia.<\/p>\n<p>Etsitp\u00e4 sitten hydraulisylinteri\u00e4 valmistukseen, rakentamiseen tai mihin tahansa muuhun teolliseen sovellukseen, kilpailukykyisen hintainen 2 tonnin kaksitehoinen pieni hydraulisylinteri on ihanteellinen valinta. Erinomaisen suorituskykyns\u00e4, luotettavuutensa ja kest\u00e4vyytens\u00e4 ansiosta t\u00e4m\u00e4 hydraulisylinteri takaa tulokset, joita tarvitset toimintasi sujuvan ja tehokkaan toiminnan varmistamiseksi.<\/p>\n<p>Esittelyss\u00e4 kilpailukykyisesti hinnoiteltu, kaksitoiminen, pieni hydraulisylinterimme, jonka kapasiteetti on 2 tonnia. T\u00e4m\u00e4 uusi, vakiomallin m\u00e4nt\u00e4sylinteri tarjoaa tehokkaan hydraulisen toiminnan, mik\u00e4 tekee siit\u00e4 ihanteellisen useille eri teollisuudenaloille, kuten konepajoille, maatiloille, energia- ja kaivosteollisuudelle, konevalmistukseen ja konetehtaisiin.<\/p>\n<h2>Tuotteen ominaisuudet ja tekniset tiedot<\/h2>\n<p>Hydraulisylinterimme tunnetaan kest\u00e4vyydest\u00e4\u00e4n ja lujuudestaan. Ter\u00e4ksest\u00e4 valmistettu runko kest\u00e4\u00e4 vaativimmatkin ymp\u00e4rist\u00f6t. Sen enimm\u00e4isty\u00f6nt\u00f6voima on 3000 tonnia ja enimm\u00e4isvetovoima 20 tonnia, mik\u00e4 tarjoaa vaikuttavaa tehoa kokoonsa n\u00e4hden. T\u00e4m\u00e4 hydraulisylinteri on suunniteltu k\u00e4ytett\u00e4v\u00e4ksi lumiauran hydraulij\u00e4rjestelmiss\u00e4, mutta sit\u00e4 voidaan k\u00e4ytt\u00e4\u00e4 my\u00f6s monissa muissa sovelluksissa.<\/p>\n<ul>\n<li><b>Materiaali:<\/b> Ter\u00e4s<\/li>\n<li><b>Tyyppi:<\/b> Lumiauran hydraulisylinterit<\/li>\n<li><b>Maksimi ty\u00f6nt\u00f6voima:<\/b> 3000<\/li>\n<li><b>Maksimiveto:<\/b> 20 tonnia<\/li>\n<li><b>Rei\u00e4n koko:<\/b> 2\u20136 tuumaa<\/li>\n<li><b>Tangon koko:<\/b> 1,125\u20134 tuumaa<\/li>\n<li><b>Iskun koko:<\/b> 4\u2013100 tuumaa<\/li>\n<li><b>Tapin koko:<\/b> 0,5\u20132 tuumaa<\/li>\n<li><b>V\u00e4ri:<\/b> Musta<\/li>\n<\/ul>\n<p><img decoding=\"async\" title=\"Lumiauran hydraulisylinteri\" src=\"https:\/\/hzpt.com\/wp-content\/uploads\/2023\/11\/Snow-Plow-Hydraulic-Cylinder-2.webp\" alt=\"Lumiauran hydraulisylinteri\" \/><\/p>\n<h2>S\u00e4\u00e4dett\u00e4vien haarukkatyyppisten sylinterien edut<\/h2>\n<ul>\n<li><b>Lis\u00e4\u00e4ntynyt monipuolisuus:<\/b> S\u00e4\u00e4dett\u00e4v\u00e4t haarukkatyyppiset sylinterit tarjoavat suuremman liikeradan ja joustavuuden verrattuna kiinte\u00e4sti asennettuihin sylintereihin. Niit\u00e4 voidaan s\u00e4\u00e4t\u00e4\u00e4 sopimaan erilaisiin sovelluksiin, mik\u00e4 tekee niist\u00e4 suositun valinnan eri toimialoilla aina rakentamisesta valmistukseen. N\u00e4iden sylinterien monipuolisuus voi auttaa v\u00e4hent\u00e4m\u00e4\u00e4n useiden sylinterien tarvetta ja s\u00e4\u00e4st\u00e4m\u00e4\u00e4n kustannuksia.<\/li>\n<li><b>Parempi kuormanhallinta:<\/b> S\u00e4\u00e4dett\u00e4v\u00e4t haarukkatyyppiset sylinterit tarjoavat paremman kuormanhallinnan, mik\u00e4 mahdollistaa raskaiden laitteiden tai materiaalien tarkan siirt\u00e4misen ja sijoittamisen. T\u00e4m\u00e4 on erityisen t\u00e4rke\u00e4\u00e4 sovelluksissa, jotka vaativat tarkkaa ja hallittua liikett\u00e4, kuten valmistuksessa tai kokoonpanolinjoilla. Kuorman liikkeen hallintamahdollisuus varmistaa my\u00f6s ty\u00f6ntekij\u00f6iden turvallisuuden ja v\u00e4hent\u00e4\u00e4 onnettomuuksien tai laitteiden vaurioitumisen riski\u00e4.<\/li>\n<li><b>Parannettu tehokkuus:<\/b> Sylinterin iskunpituuden s\u00e4\u00e4t\u00f6- ja hienos\u00e4\u00e4t\u00f6mahdollisuuden ansiosta s\u00e4\u00e4dett\u00e4v\u00e4t haarukkatyyppiset sylinterit voivat parantaa kokonaistehokkuutta. V\u00e4hent\u00e4m\u00e4ll\u00e4 hukkaliikett\u00e4 n\u00e4m\u00e4 sylinterit voivat auttaa lis\u00e4\u00e4m\u00e4\u00e4n tuotantonopeutta ja alentamaan k\u00e4ytt\u00f6kustannuksia. T\u00e4m\u00e4 on erityisen edullista sovelluksissa, jotka vaativat suurta tarkkuutta ja toistettavuutta.<\/li>\n<li><b>Pidempi k\u00e4ytt\u00f6ik\u00e4:<\/b> S\u00e4\u00e4dett\u00e4v\u00e4t haarukkatyyppiset sylinterit on rakennettu kest\u00e4m\u00e4\u00e4n kovaa k\u00e4ytt\u00f6\u00e4 ja vaativia ymp\u00e4rist\u00f6j\u00e4. Ne on valmistettu korkealaatuisista materiaaleista ja suunniteltu kest\u00e4m\u00e4\u00e4n kulumista. Asianmukaisella huollolla ja hoidolla n\u00e4m\u00e4 sylinterit voivat kest\u00e4\u00e4 useita vuosia, mik\u00e4 tarjoaa luotettavan ja kustannustehokkaan ratkaisun monenlaisiin k\u00e4ytt\u00f6tarkoituksiin. Kahden tonnin kaksitehoisen pienen hydraulisylinterin kilpailukykyinen hinta tekee siit\u00e4 suositun valinnan niille, jotka etsiv\u00e4t luotettavaa ja kustannustehokasta ratkaisua.<\/li>\n<li><b>Lyhennetty seisokkiaika:<\/b> Toimintah\u00e4iri\u00f6n tai rikkoutumisen sattuessa s\u00e4\u00e4dett\u00e4v\u00e4t haarukkatyyppiset sylinterit voidaan helposti korjata tai vaihtaa. N\u00e4iden sylinterien modulaarinen rakenne mahdollistaa nopean ja helpon huollon, mik\u00e4 v\u00e4hent\u00e4\u00e4 seisokkiaikoja ja varmistaa, ett\u00e4 laitteet ovat taas toiminnassa mahdollisimman pian. T\u00e4m\u00e4 on erityisen t\u00e4rke\u00e4\u00e4 toimialoilla, joilla seisokkiajat voivat johtaa merkitt\u00e4viin taloudellisiin tappioihin.<\/li>\n<\/ul>\n<p>Kaiken kaikkiaan s\u00e4\u00e4dett\u00e4v\u00e4t haarukkatyyppiset sylinterit tarjoavat useita etuja kiinte\u00e4sti asennettuihin sylintereihin verrattuna. Ne tarjoavat enemm\u00e4n monipuolisuutta, paremman kuormanhallinnan, parannetun tehokkuuden, pidemm\u00e4n k\u00e4ytt\u00f6i\u00e4n ja lyhyemm\u00e4t seisokkiajat. Kahden tonnin kaksitehoisen pienen hydraulisylinterin kilpailukykyinen hinta tekee siit\u00e4 my\u00f6s suositun valinnan niille, jotka etsiv\u00e4t luotettavaa ja kustannustehokasta ratkaisua.<\/p>\n<h3>Tietoja FMP:st\u00e4<\/h3>\n<p>FMP on yritys, joka on erikoistunut hydraulisylintereiden tuotantoon ja myyntiin. Italiassa sijaitseva yrityksemme tarjoaa korkealaatuisia ja luotettavia hydraulisylintereit\u00e4 monivuotisen kokemuksemme ja ammattitaitoisen tiimimme avulla.<\/p>\n<p><img decoding=\"async\" src=\"https:\/\/fmp-components.com\/wp-content\/uploads\/2024\/12\/Adjustable-Clevis-Type-Cylinders-6.webp\" alt=\"S\u00e4\u00e4dett\u00e4v\u00e4 haarukkatyyppinen sylinteri\" width=\"817\" title=\"\"><\/p>\n<ol>\n<li>Laaja tuotevalikoima: Tarjoamme monipuolisen valikoiman hydraulisylintereit\u00e4, jotka sopivat erilaisiin k\u00e4ytt\u00f6tarkoituksiin rakennuskoneteollisuudessa.<\/li>\n<li>Huippulaatu: Kaikki hydraulisylinterimme on valmistettu huippulaatuisista materiaaleista ja ne k\u00e4yv\u00e4t l\u00e4pi tiukat laadunvalvontatarkastukset kest\u00e4vyyden ja suorituskyvyn varmistamiseksi.<\/li>\n<li>R\u00e4\u00e4t\u00e4l\u00f6intivaihtoehdot: Tarjoamme r\u00e4\u00e4t\u00e4l\u00f6intipalveluita asiakkaidemme erityisvaatimusten t\u00e4ytt\u00e4miseksi ja r\u00e4\u00e4t\u00e4l\u00f6ityj\u00e4 ratkaisuja heid\u00e4n rakennuskoneiden tarpeisiinsa.<\/li>\n<li>Asiantunteva myyntitiimi: Kokeneella myyntitiimill\u00e4mme on syv\u00e4llinen tiet\u00e4mys rakennuskoneteollisuudesta ja he voivat tarjota ammattimaisia \u200b\u200btuotekonsultaatioita auttaakseen asiakkaita tekem\u00e4\u00e4n tietoon perustuvia ostop\u00e4\u00e4t\u00f6ksi\u00e4.<\/li>\n<li>Tehokas logistiikka: Tehokkaan logistiikka-jakeluj\u00e4rjestelm\u00e4mme avulla takaamme hydraulisylintereiden oikea-aikaisen ja tarkan toimituksen asiakkaillemme, varmistaen, ett\u00e4 heid\u00e4n projektinsa voivat edet\u00e4 sujuvasti ilman viiv\u00e4styksi\u00e4.<\/li>\n<\/ol>\n<p>Tee yhteisty\u00f6t\u00e4 FMP:n kanssa kaikissa hydraulisylintereihisi liittyviss\u00e4 tarpeissasi ja koe luotettavuus, laatu ja ammattitaito, jotka erottavat meid\u00e4t rakennuskoneteollisuudessa.<\/p>\n<p>Tekij\u00e4: CX<\/p>","protected":false},"excerpt":{"rendered":"<p>Competitive Price 2 Ton Double Effect Small Hydraulic Cylinder Product Introduction: Competitive Price 2 Ton Double Effect Small Hydraulic Cylinder The Competitive Price 2 Ton Double Effect Small Hydraulic Cylinder is a highly efficient and reliable hydraulic cylinder that is designed to deliver superior performance for a wide range of industrial applications. This hydraulic cylinder [&hellip;]<\/p>","protected":false},"featured_media":1479,"comment_status":"closed","ping_status":"closed","template":"","meta":{"_et_pb_use_builder":"","_et_pb_old_content":"","_et_gb_content_width":""},"product_brand":[],"product_cat":[42],"product_tag":[34,44],"class_list":{"0":"post-1478","1":"product","2":"type-product","3":"status-publish","4":"has-post-thumbnail","6":"product_cat-snow-plow-hydraulic-cylinder","7":"product_tag-hydraulic-cylinder","8":"product_tag-snow-plow-hydraulic-cylinder","10":"first","11":"instock","12":"product-type-simple"},"_links":{"self":[{"href":"https:\/\/fmp-components.com\/fi\/wp-json\/wp\/v2\/product\/1478","targetHints":{"allow":["GET"]}}],"collection":[{"href":"https:\/\/fmp-components.com\/fi\/wp-json\/wp\/v2\/product"}],"about":[{"href":"https:\/\/fmp-components.com\/fi\/wp-json\/wp\/v2\/types\/product"}],"replies":[{"embeddable":true,"href":"https:\/\/fmp-components.com\/fi\/wp-json\/wp\/v2\/comments?post=1478"}],"wp:featuredmedia":[{"embeddable":true,"href":"https:\/\/fmp-components.com\/fi\/wp-json\/wp\/v2\/media\/1479"}],"wp:attachment":[{"href":"https:\/\/fmp-components.com\/fi\/wp-json\/wp\/v2\/media?parent=1478"}],"wp:term":[{"taxonomy":"product_brand","embeddable":true,"href":"https:\/\/fmp-components.com\/fi\/wp-json\/wp\/v2\/product_brand?post=1478"},{"taxonomy":"product_cat","embeddable":true,"href":"https:\/\/fmp-components.com\/fi\/wp-json\/wp\/v2\/product_cat?post=1478"},{"taxonomy":"product_tag","embeddable":true,"href":"https:\/\/fmp-components.com\/fi\/wp-json\/wp\/v2\/product_tag?post=1478"}],"curies":[{"name":"wp","href":"https:\/\/api.w.org\/{rel}","templated":true}]}}