{"id":1476,"date":"2024-12-23T05:49:26","date_gmt":"2024-12-23T05:49:26","guid":{"rendered":"https:\/\/fmp-components.com\/product\/superior-quality-small-welded-hydraulic-oil-cylinder\/"},"modified":"2024-12-23T06:35:24","modified_gmt":"2024-12-23T06:35:24","slug":"superior-quality-small-welded-hydraulic-oil-cylinder","status":"publish","type":"product","link":"https:\/\/fmp-components.com\/fi\/product\/superior-quality-small-welded-hydraulic-oil-cylinder\/","title":{"rendered":"Huippulaatuinen pieni hitsattu hydrauli\u00f6ljysylinteri"},"content":{"rendered":"<h2>Huippulaatuinen pieni hitsattu hydrauli\u00f6ljysylinteri<\/h2>\n<p>Esittelyss\u00e4 eritt\u00e4in laadukas pieni hitsattu hydrauli\u00f6ljysylinteri:<\/p>\n<p>Huippulaatuinen pieni hitsattu hydrauli\u00f6ljysylinteri on eritt\u00e4in luotettava ja tehokas tuote, joka on suunniteltu erilaisiin teollisiin sovelluksiin. Edistyksellisen teknologiansa ja huippuluokan ammattitaitonsa ansiosta t\u00e4m\u00e4 hydraulisylinteri on rakennettu tarjoamaan poikkeuksellista suorituskyky\u00e4 ja pitk\u00e4ik\u00e4isyytt\u00e4.<\/p>\n<p>T\u00e4m\u00e4 hydrauli\u00f6ljysylinteri on asiantuntevasti valmistettu korkealaatuisista materiaaleista, mik\u00e4 takaa kest\u00e4vyyden ja kulumiskest\u00e4vyyden. Sen hitsattu rakenne tarjoaa erinomaisen lujuuden ja vakauden, joten se sopii vaativimpiinkin hydraulij\u00e4rjestelmiin.<\/p>\n<p>Huippuluokan hydrauliikkateknologialla varustettu sylinteri tarjoaa tarkan ohjauksen ja tasaisen toiminnan. Se tarjoaa tehokkaan voimansiirron, mik\u00e4 mahdollistaa saumattoman liikkeen ja optimaalisen suorituskyvyn hydraulisissa koneissa.<\/p>\n<p>Huippulaadukas pieni hitsattu hydrauli\u00f6ljysylinteri tunnetaan vaikuttavasta kuormankantokyvyst\u00e4\u00e4n ja paineenkest\u00e4vyydest\u00e4\u00e4n. T\u00e4m\u00e4 tekee siit\u00e4 ihanteellisen raskaisiin sovelluksiin, jotka vaativat luotettavan ja kest\u00e4v\u00e4n hydraulij\u00e4rjestelm\u00e4n.<\/p>\n<p>Lis\u00e4ksi t\u00e4m\u00e4 hydraulisylinteri testataan ja tarkastetaan huolellisesti, jotta se t\u00e4ytt\u00e4\u00e4 korkeimmat laatustandardit. Se k\u00e4y l\u00e4pi tiukat suorituskykyarvioinnit sen toimivuuden ja luotettavuuden varmistamiseksi erilaisissa k\u00e4ytt\u00f6olosuhteissa.<\/p>\n<p>Yhteenvetona voidaan todeta, ett\u00e4 eritt\u00e4in laadukas pieni hitsattu hydrauliikka\u00f6ljysylinteri on huippuluokan tuote, joka on suunniteltu tarjoamaan poikkeuksellista suorituskyky\u00e4 ja kest\u00e4vyytt\u00e4. Edistyksellisen teknologiansa, tarkan ohjauksensa ja erinomaisen lujuutensa ansiosta se on erinomainen valinta teollisuussovelluksiin, jotka vaativat luotettavia hydraulij\u00e4rjestelmi\u00e4.<\/p>\n<p><img decoding=\"async\" title=\"Lumiauran hydraulisylinteri\" src=\"https:\/\/hzpt.com\/wp-content\/uploads\/2023\/11\/Snow-Plow-Hydraulic-Cylinder-3.webp\" alt=\"Lumiauran hydraulisylinteri\" \/><\/p>\n<h2>Esittelyss\u00e4 eritt\u00e4in laadukas pieni hitsattu hydrauli\u00f6ljysylinteri<\/h2>\n<p>Esittelyss\u00e4 eritt\u00e4in laadukas pieni hitsattu hydraulinen \u00f6ljysylinteri, huippuluokan koneenosa, joka on suunniteltu vastaamaan useiden teollisuudenalojen tiukkoihin vaatimuksiin. T\u00e4m\u00e4 hydraulinen sylinteri on uusi, eritt\u00e4in luotettava ja sill\u00e4 on yhden vuoden takuu, mik\u00e4 on osoitus sitoutumisestamme laatuun ja luotettavuuteen.<\/p>\n<h2>Tuotteen ominaisuudet<\/h2>\n<p>Hydrauli\u00f6ljysylinteri on valmistettu kest\u00e4v\u00e4st\u00e4 ter\u00e4ksest\u00e4 ja suunniteltu standardim\u00e4nt\u00e4iseen sylinterirakenteeseen, mik\u00e4 sopii erinomaisesti konepajoille, maatiloille, energia- ja kaivosteollisuudelle, konevalmistukseen ja tehtaisiin. 12 kg:n painollaan t\u00e4t\u00e4 hydraulisylinteri\u00e4 on helppo k\u00e4sitell\u00e4. Sen ydinkomponentteihin kuuluvat laakeri ja hydraulisylinteri, joille my\u00f6nnet\u00e4\u00e4n yhden vuoden takuu. Sylinteri toimii hydraulisella voimalla ja kest\u00e4\u00e4 enint\u00e4\u00e4n 3000 tonnin ty\u00f6nt\u00f6voiman ja enint\u00e4\u00e4n 20 tonnin vetovoiman, mik\u00e4 tekee siit\u00e4 kest\u00e4v\u00e4n ja luotettavan vaihtoehdon korkeapaineisille teollisuudenaloille.<\/p>\n<h2>Tekniset tiedot<\/h2>\n<ul>\n<li>Vakio vai ei-standardi: Vakio<\/li>\n<li>Rakenne: M\u00e4nt\u00e4sylinteri<\/li>\n<li>Voima: Hydraulinen<\/li>\n<li>Rungon materiaali: Ter\u00e4s<\/li>\n<li>Maksimi ty\u00f6nt\u00f6voima: 3000<\/li>\n<li>Maksimiveto: 20 tonnia<\/li>\n<li>Proteesit: G\/SAE\/NPT\/M<\/li>\n<li>Rei\u00e4n koko: 2-6 tuumaa<\/li>\n<li>Tangon koko: 1,125\u20134 tuumaa<\/li>\n<li>Iskun pituus: 4\u2013100 tuumaa<\/li>\n<li>Tapin koko: 0,5\u20132 tuumaa<\/li>\n<\/ul>\n<h2>S\u00e4\u00e4dett\u00e4vien haarukkatyyppisten sylinterien edut<\/h2>\n<p>S\u00e4\u00e4dett\u00e4v\u00e4t haarukkatyyppiset sylinterit ovat yh\u00e4 suositumpia useissa teollisissa sovelluksissa niiden monien etujen ansiosta. T\u00e4ss\u00e4 artikkelissa tutkimme n\u00e4iden sylinterien etuja ja sit\u00e4, miksi ne ovat parempia kuin muuntyyppiset hydraulisylinterit.<\/p>\n<h3>1. Monipuolisuus<\/h3>\n<p>Yksi s\u00e4\u00e4dett\u00e4vien haarukkatyyppisten sylinterien t\u00e4rkeimmist\u00e4 eduista on niiden monipuolisuus. N\u00e4it\u00e4 sylintereit\u00e4 voidaan k\u00e4ytt\u00e4\u00e4 monenlaisissa sovelluksissa rakennuskoneista maatalouskoneisiin. T\u00e4m\u00e4 monipuolisuus johtuu niiden helposta s\u00e4\u00e4t\u00e4misest\u00e4 tiettyjen vaatimusten mukaan, mik\u00e4 tekee niist\u00e4 ihanteellisen valinnan sovelluksiin, joissa joustavuus on avainasemassa.<\/p>\n<h3>2. Tarkkuus<\/h3>\n<p>S\u00e4\u00e4dett\u00e4vien haarukkatyyppisten sylinterien toinen etu on niiden tarkkuus. N\u00e4m\u00e4 sylinterit on suunniteltu tarjoamaan tarkkaa ja luotettavaa ohjausta, mik\u00e4 tekee niist\u00e4 ihanteellisia sovelluksiin, joissa tarkka liike on v\u00e4ltt\u00e4m\u00e4t\u00f6nt\u00e4. T\u00e4m\u00e4 tarkkuus saavutetaan k\u00e4ytt\u00e4m\u00e4ll\u00e4 korkealaatuisia materiaaleja ja edistyneit\u00e4 valmistustekniikoita, joiden tuloksena on eritt\u00e4in laadukas pieni hitsattu hydrauli\u00f6ljysylinteri.<\/p>\n<h3>3. Kest\u00e4vyys<\/h3>\n<p>S\u00e4\u00e4dett\u00e4v\u00e4t haarukkatyyppiset sylinterit tunnetaan my\u00f6s kest\u00e4vyydest\u00e4\u00e4n. N\u00e4m\u00e4 sylinterit on suunniteltu kest\u00e4m\u00e4\u00e4n jopa ankarimpia ymp\u00e4rist\u00f6j\u00e4 ja olosuhteita, mik\u00e4 tekee niist\u00e4 ihanteellisia k\u00e4ytett\u00e4v\u00e4ksi raskaissa sovelluksissa. T\u00e4m\u00e4 kest\u00e4vyys johtuu korkealaatuisten materiaalien k\u00e4yt\u00f6st\u00e4 ja edistyneist\u00e4 valmistustekniikoista, jotka varmistavat, ett\u00e4 sylinterit on rakennettu kest\u00e4m\u00e4\u00e4n.<\/p>\n<h3>4. Tehokkuus<\/h3>\n<p>Tehokkuus on s\u00e4\u00e4dett\u00e4vien haarukkatyyppisten sylinterien toinen etu. N\u00e4m\u00e4 sylinterit on suunniteltu tarjoamaan maksimaalinen teho minimaalisella energiankulutuksella, mik\u00e4 tekee niist\u00e4 energiatehokkaan vaihtoehdon monenlaisiin k\u00e4ytt\u00f6tarkoituksiin. T\u00e4m\u00e4 tehokkuus saavutetaan k\u00e4ytt\u00e4m\u00e4ll\u00e4 edistyneit\u00e4 hydraulij\u00e4rjestelmi\u00e4 ja muita suunnitteluominaisuuksia, jotka optimoivat suorituskyvyn ja minimoivat energianhukkaa.<\/p>\n<h3>5. Mukauttaminen<\/h3>\n<p>Lopuksi, s\u00e4\u00e4dett\u00e4v\u00e4t haarukkatyyppiset sylinterit tarjoavat paljon r\u00e4\u00e4t\u00e4l\u00f6intimahdollisuuksia. N\u00e4it\u00e4 sylintereit\u00e4 voidaan helposti muokata tiettyjen vaatimusten mukaisesti, mik\u00e4 tekee niist\u00e4 ihanteellisen valinnan sovelluksiin, joissa r\u00e4\u00e4t\u00e4l\u00f6inti on tarpeen. T\u00e4m\u00e4 r\u00e4\u00e4t\u00e4l\u00f6inti voi sis\u00e4lt\u00e4\u00e4 muutoksia sylinterin reik\u00e4\u00e4n, iskunpituuteen ja kiinnitysvaihtoehtoihin muiden ominaisuuksien ohella, mik\u00e4 varmistaa, ett\u00e4 sylinteri vastaa tarkasti sovelluksen tarpeita.<\/p>\n<p>Yhteenvetona voidaan todeta, ett\u00e4 s\u00e4\u00e4dett\u00e4v\u00e4t haarukkatyyppiset sylinterit tarjoavat laajan valikoiman etuja, jotka tekev\u00e4t niist\u00e4 ihanteellisen valinnan erilaisiin teollisiin sovelluksiin. Monipuolisuudestaan \u200b\u200bja tarkkuudestaan \u200b\u200bkest\u00e4vyyteen, tehokkuuteen ja r\u00e4\u00e4t\u00e4l\u00f6intimahdollisuuksiin n\u00e4m\u00e4 sylinterit tarjoavat erinomaisen suorituskyvyn ja luotettavuuden, mik\u00e4 tekee niist\u00e4 ensisijaisen vaihtoehdon teollisuudessa.<\/p>\n<h3>Tietoja FMP:st\u00e4<\/h3>\n<p>FMP on hydraulisylintereiden tuotantoon ja myyntiin erikoistunut yritys. Vuosien kokemuksella alalta ja ammattitaitoisella tiimill\u00e4mme tarjoamme asiakkaillemme korkealaatuisia ja luotettavia hydraulisylintereit\u00e4 rakennuskoneisiin.<\/p>\n<p><img decoding=\"async\" src=\"https:\/\/fmp-components.com\/wp-content\/uploads\/2024\/12\/Adjustable-Clevis-Type-Cylinders-6.webp\" alt=\"S\u00e4\u00e4dett\u00e4v\u00e4 haarukkatyyppinen sylinteri\" width=\"816\" title=\"\"><\/p>\n<p>T\u00e4ss\u00e4 on viisi syyt\u00e4, miksi sinun kannattaa valita hydraulisylinterimme:<\/p>\n<ol>\n<li>Laaja valikoima vaihtoehtoja: Tarjoamme kattavan valikoiman hydraulisylintereit\u00e4, mukaan lukien s\u00e4\u00e4dett\u00e4v\u00e4t haarukkatyyppiset sylinterit, raidetangosylinterit, hitsatut sylinterit, teleskooppisylinterit ja kompaktisylinterit. Olivatpa rakennuskoneesi tarpeet mitk\u00e4 tahansa, meill\u00e4 on sinulle t\u00e4ydellinen sylinteri.<\/li>\n<li>Huippulaatu: Kaikki hydraulisylinterimme on valmistettu korkealaatuisista materiaaleista ja ne k\u00e4yv\u00e4t l\u00e4pi tiukat laadunvalvontatarkastukset. Varmistamme, ett\u00e4 jokainen sylinteri t\u00e4ytt\u00e4\u00e4 tiukat alan standardit, mik\u00e4 tarjoaa luotettavan ja kest\u00e4v\u00e4n suorituskyvyn.<\/li>\n<li>R\u00e4\u00e4t\u00e4l\u00f6inti: Ymm\u00e4rr\u00e4mme, ett\u00e4 jokaisella rakennusprojektilla on ainutlaatuiset vaatimukset. Siksi tarjoamme hydraulisylintereillemme r\u00e4\u00e4t\u00e4l\u00f6intivaihtoehtoja. Olipa kyseess\u00e4 sitten koko, kiinnitystapa tai paineluokitus, voimme r\u00e4\u00e4t\u00e4l\u00f6id\u00e4 sylinterin juuri sinun tarpeisiisi.<\/li>\n<li>Asiantunteva ohjaus: Asiantunteva myyntitiimimme tuntee rakennuskoneet hyvin. He voivat tarjota ammattimaista tuotekonsultointia ja auttaa sinua valitsemaan oikean hydraulisylinterin laitteillesi. Olemme sitoutuneet l\u00f6yt\u00e4m\u00e4\u00e4n parhaat ratkaisut asiakkaillemme.<\/li>\n<li>Tehokas jakelu: Meill\u00e4 on k\u00e4yt\u00f6ss\u00e4 tehokas logistiikkaj\u00e4rjestelm\u00e4, joka varmistaa, ett\u00e4 saat hydraulisylinterisi ajallaan ja t\u00e4sm\u00e4llisesti. Voit luottaa siihen, ett\u00e4 toimitamme tarvitsemasi osat silloin, kun niit\u00e4 tarvitset, mik\u00e4 minimoi koneesi seisokkiajat.<\/li>\n<\/ol>\n<p>Valitse FMP hydraulisylinteritarpeisiisi ja koe ero. Ota meihin yhteytt\u00e4 jo t\u00e4n\u00e4\u00e4n ja keskustele siit\u00e4, miten voimme t\u00e4ytt\u00e4\u00e4 rakennuskonevaatimuksesi.<\/p>\n<h2>Usein kysytyt kysymykset<\/h2>\n<h3>K: Oletko kauppayhti\u00f6 vai valmistaja?<\/h3>\n<p>A: Olemme tehdas ja valmistamme tuotteitamme.<\/p>\n<h3>K: Kuinka pitk\u00e4 on toimitusaikanne?<\/h3>\n<p>V: Toimitusaikamme on yleens\u00e4 25\u201335 p\u00e4iv\u00e4\u00e4.<\/p>\n<h3>K: Voitteko tuottaa n\u00e4ytteiden mukaan?<\/h3>\n<p>V: Kyll\u00e4, voimme valmistaa n\u00e4ytteidenne tai teknisten piirustustenne perusteella. Voimme rakentaa muotit ja kalusteet.<\/p>\n<p><img decoding=\"async\" src=\"https:\/\/hzpt.com\/wp-content\/uploads\/2023\/11\/Snow-Plow-Hydraulic-Cylinder-4Factory.webp\" alt=\"Ever-Power-vaihteistotehdas\" title=\"\"><\/p>\n<p>Tekij\u00e4: CX<\/p>","protected":false},"excerpt":{"rendered":"<p>Superior Quality Small Welded Hydraulic Oil Cylinder Introducing the Superior Quality Small Welded Hydraulic Oil Cylinder: The Superior Quality Small Welded Hydraulic Oil Cylinder is a highly reliable and efficient product designed for various industrial applications. With its advanced technology and top-notch craftsmanship, this hydraulic cylinder is built to deliver exceptional performance and longevity. This [&hellip;]<\/p>","protected":false},"featured_media":1477,"comment_status":"closed","ping_status":"closed","template":"","meta":{"_et_pb_use_builder":"","_et_pb_old_content":"","_et_gb_content_width":""},"product_brand":[],"product_cat":[42],"product_tag":[34,44],"class_list":{"0":"post-1476","1":"product","2":"type-product","3":"status-publish","4":"has-post-thumbnail","6":"product_cat-snow-plow-hydraulic-cylinder","7":"product_tag-hydraulic-cylinder","8":"product_tag-snow-plow-hydraulic-cylinder","10":"first","11":"instock","12":"product-type-simple"},"_links":{"self":[{"href":"https:\/\/fmp-components.com\/fi\/wp-json\/wp\/v2\/product\/1476","targetHints":{"allow":["GET"]}}],"collection":[{"href":"https:\/\/fmp-components.com\/fi\/wp-json\/wp\/v2\/product"}],"about":[{"href":"https:\/\/fmp-components.com\/fi\/wp-json\/wp\/v2\/types\/product"}],"replies":[{"embeddable":true,"href":"https:\/\/fmp-components.com\/fi\/wp-json\/wp\/v2\/comments?post=1476"}],"wp:featuredmedia":[{"embeddable":true,"href":"https:\/\/fmp-components.com\/fi\/wp-json\/wp\/v2\/media\/1477"}],"wp:attachment":[{"href":"https:\/\/fmp-components.com\/fi\/wp-json\/wp\/v2\/media?parent=1476"}],"wp:term":[{"taxonomy":"product_brand","embeddable":true,"href":"https:\/\/fmp-components.com\/fi\/wp-json\/wp\/v2\/product_brand?post=1476"},{"taxonomy":"product_cat","embeddable":true,"href":"https:\/\/fmp-components.com\/fi\/wp-json\/wp\/v2\/product_cat?post=1476"},{"taxonomy":"product_tag","embeddable":true,"href":"https:\/\/fmp-components.com\/fi\/wp-json\/wp\/v2\/product_tag?post=1476"}],"curies":[{"name":"wp","href":"https:\/\/api.w.org\/{rel}","templated":true}]}}