{"id":1470,"date":"2024-12-23T05:49:26","date_gmt":"2024-12-23T05:49:26","guid":{"rendered":"https:\/\/fmp-components.com\/product\/china-supplier-mini-piston-hydraulic-cylinder-double-acting\/"},"modified":"2025-03-18T02:10:05","modified_gmt":"2025-03-18T02:10:05","slug":"italy-supplier-mini-piston-hydraulic-cylinder-double-acting","status":"publish","type":"product","link":"https:\/\/fmp-components.com\/fi\/product\/italy-supplier-mini-piston-hydraulic-cylinder-double-acting\/","title":{"rendered":"Italia Toimittaja Mini M\u00e4nt\u00e4 Hydraulinen Sylinteri Kaksitoiminen"},"content":{"rendered":"<h2>Italia Toimittaja Mini M\u00e4nt\u00e4 Hydraulinen Sylinteri Kaksitoiminen<\/h2>\n<p>Italialainen toimittaja, kaksitoiminen minim\u00e4nt\u00e4hydraulisylinteri, on korkealaatuinen, kompakti ja luotettava hydraulisylinteri. T\u00e4m\u00e4n tuotteen on suunnitellut ja valmistanut italialainen johtava toimittaja, joka tunnetaan hydraulisten laitteiden valmistuksen asiantuntemuksestaan.<\/p>\n<p>Minim\u00e4nt\u00e4hydraulisylinteri, kaksitoiminen, on eritt\u00e4in monipuolinen ja sit\u00e4 voidaan k\u00e4ytt\u00e4\u00e4 erilaisissa sovelluksissa, kuten teollisuuskoneissa, rakennuskoneissa ja maatalouskoneissa. Sen kaksitoiminen rakenne mahdollistaa tehokkaan toiminnan sek\u00e4 pidennyksess\u00e4 ett\u00e4 sis\u00e4\u00e4nvedossa, mik\u00e4 parantaa tuottavuutta ja suorituskyky\u00e4.<\/p>\n<p>T\u00e4m\u00e4 hydraulisylinteri on valmistettu korkealaatuisista materiaaleista, mik\u00e4 takaa kest\u00e4vyyden ja pitk\u00e4n k\u00e4ytt\u00f6i\u00e4n. Se on suunniteltu kest\u00e4m\u00e4\u00e4n raskaita kuormia ja ankaria ty\u00f6olosuhteita, joten se sopii vaativiin ymp\u00e4rist\u00f6ihin. M\u00e4nt\u00e4 on suunniteltu tarkasti tarjoamaan sujuvaa ja luotettavaa toimintaa v\u00e4hent\u00e4en kitkaa ja kulumista.<\/p>\n<p><img decoding=\"async\" title=\"Lumiauran hydraulisylinteri\" src=\"https:\/\/hzpt.com\/wp-content\/uploads\/2023\/11\/Snow-Plow-Hydraulic-Cylinder-3.webp\" alt=\"Lumiauran hydraulisylinteri\" \/><\/p>\n<p>Italialaisen toimittajan kaksitoiminen minim\u00e4nt\u00e4hydraulisylinteri on helppo asentaa ja huoltaa. Se on varustettu korkealaatuisilla tiivisteill\u00e4 vuotojen est\u00e4miseksi ja optimaalisen suorituskyvyn yll\u00e4pit\u00e4miseksi. Lis\u00e4ksi se on yhteensopiva useiden hydraulij\u00e4rjestelmien kanssa, mik\u00e4 tekee siit\u00e4 monipuolisen valinnan eri teollisuudenaloille.<\/p>\n<p>Kompaktin kokonsa ansiosta t\u00e4m\u00e4 hydraulisylinteri tarjoaa joustavuutta asennuksessa my\u00f6s ahtaissa tiloissa. Se tarjoaa erinomaisen iskunpituuden, mik\u00e4 mahdollistaa tarkan ohjauksen ja tehokkaan toiminnan. Minim\u00e4nt\u00e4hydraulisylinteri, kaksitoiminen, on suunniteltu tuottamaan tasaista ja tarkkaa voimaa, mik\u00e4 parantaa sen koneen yleist\u00e4 suorituskyky\u00e4, johon se on asennettu.<\/p>\n<p>Yhteenvetona voidaan todeta, ett\u00e4 italialaisen toimittajan valmistama kaksitoiminen minim\u00e4nt\u00e4hydraulisylinteri on luotettava ja tehokas hydraulisylinteri, joka tarjoaa monipuolisuutta, kest\u00e4vyytt\u00e4 ja tehokkuutta. Kompaktin kokonsa ja kaksitoimisen rakenteensa ansiosta se sopii monenlaisiin sovelluksiin eri toimialoilla. Valitse t\u00e4m\u00e4 tuote parannetun tuottavuuden ja luotettavan toiminnan saavuttamiseksi. Tutustu uuteen tehokkuuden ja voiman standardiin maineikkaan italialaisen toimittajamme kaksitoimisen minim\u00e4nt\u00e4hydraulisylinterin avulla. Vuoden mittaisen takuun ja useiden toimialojen ansiosta t\u00e4m\u00e4 tuote on varma sijoitus laatuun ja suorituskykyyn.<\/p>\n<h2>Tuotteen ominaisuudet<\/h2>\n<p>Minim\u00e4nt\u00e4hydraulisylinterimme on kaksitoiminen, vakiom\u00e4nt\u00e4inen sylinteri, joka on suunniteltu korkeaan suorituskykyyn. Kest\u00e4v\u00e4n ter\u00e4srungon ansiosta se voi tuottaa enint\u00e4\u00e4n 3000 tonnin ty\u00f6nt\u00f6voiman ja enint\u00e4\u00e4n 20 tonnin vetovoiman. Se on paitsi tehokas my\u00f6s monipuolinen ja sopii t\u00e4ydellisesti lumiauran hydraulisylintereihin.<\/p>\n<h3>Tekniset tiedot<\/h3>\n<ul>\n<li>Paino (kg): 5,4<\/li>\n<li>Maksimi ty\u00f6nt\u00f6voima: 3000<\/li>\n<li>Tyyppi: Lumiauran hydraulisylinterit<\/li>\n<li>Liit\u00e4nn\u00e4t: G\/SAE\/NPT\/M<\/li>\n<li>Maksimiveto: 20 tonnia<\/li>\n<li>Rei\u00e4n koko: 2-6 tuumaa<\/li>\n<li>Tangon koko: 1,125\u20134 tuumaa<\/li>\n<li>Iskun pituus: 4\u2013100 tuumaa<\/li>\n<li>Tapin koko: 0,5\u20132 tuumaa<\/li>\n<li>V\u00e4ri: Musta<\/li>\n<\/ul>\n<p><img decoding=\"async\" src=\"https:\/\/hzpt.com\/wp-content\/uploads\/2023\/11\/Snow-Plow-Hydraulic-Cylinder-4Factory.webp\" alt=\"Ever-Power-vaihteistotehdas\" title=\"\"><\/p>\n<h2>S\u00e4\u00e4dett\u00e4vien haarukkatyyppisten sylinterien edut<\/h2>\n<p>S\u00e4\u00e4dett\u00e4v\u00e4t haarukkatyyppiset sylinterit tarjoavat useita etuja hydraulij\u00e4rjestelmiss\u00e4. N\u00e4it\u00e4 sylintereit\u00e4, jotka tunnetaan my\u00f6s haarukkakiinnitteisin\u00e4 hydraulisylinterein\u00e4, k\u00e4ytet\u00e4\u00e4n laajalti teollisissa sovelluksissa monipuolisuutensa ja suorituskykyns\u00e4 ansiosta. T\u00e4ss\u00e4 artikkelissa tutkimme s\u00e4\u00e4dett\u00e4vien haarukkatyyppisten sylinterien k\u00e4yt\u00f6n etuja ja sit\u00e4, miksi ne ovat erinomainen valinta hydraulij\u00e4rjestelmiin.<\/p>\n<p>1. Parempi joustavuus ja sopeutumiskyky:<br \/>\nS\u00e4\u00e4dett\u00e4v\u00e4t haarukkatyyppiset sylinterit mahdollistavat asennusasennon helpon s\u00e4\u00e4d\u00f6n, mik\u00e4 lis\u00e4\u00e4 hydraulij\u00e4rjestelm\u00e4n suunnittelun joustavuutta. T\u00e4m\u00e4 mukautuvuus on ratkaisevan t\u00e4rke\u00e4\u00e4 k\u00e4sitelt\u00e4ess\u00e4 erilaisia \u200b\u200basennuskulmia tai kun tilarajoitukset vaativat tarkkaa asemointia. S\u00e4\u00e4dett\u00e4v\u00e4 haarukkakiinnitys tarjoaa laajan s\u00e4\u00e4t\u00f6valikoiman, mik\u00e4 varmistaa, ett\u00e4 sylinteri voidaan kohdistaa optimaalisesti tehokkaan toiminnan takaamiseksi.<\/p>\n<p>Lis\u00e4ksi haarukkakiinnityksen s\u00e4\u00e4t\u00f6mahdollisuus voi mukautua kuormitusvaatimusten muutoksiin tai j\u00e4rjestelm\u00e4muutoksiin, jolloin v\u00e4ltet\u00e4\u00e4n koko sylinterin vaihtamisen tarve. T\u00e4m\u00e4 joustavuus s\u00e4\u00e4st\u00e4\u00e4 j\u00e4rjestelm\u00e4n uudelleenkonfigurointiin liittyv\u00e4\u00e4 aikaa, vaivaa ja kustannuksia.<\/p>\n<p>2. Erinomainen kuormankantokyky:<br \/>\nS\u00e4\u00e4dett\u00e4v\u00e4t haarukkatyyppiset sylinterit on suunniteltu k\u00e4sittelem\u00e4\u00e4n raskaita kuormia tehokkaasti. Haarukkakiinnitys tarjoaa vahvan liitoskohdan m\u00e4nn\u00e4nvarren ja kuorman v\u00e4lille, mik\u00e4 varmistaa luotettavan kuormankantokyvyn. T\u00e4m\u00e4 ominaisuus tekee niist\u00e4 sopivia sovelluksiin, joihin liittyy raskaiden esineiden nostamista, ty\u00f6nt\u00e4mist\u00e4 tai vet\u00e4mist\u00e4.<\/p>\n<p>N\u00e4iden sylinterien kest\u00e4v\u00e4 rakenne ja tarkka suunnittelu varmistavat niiden kyvyn kest\u00e4\u00e4 korkeita paineita ja raskaita kuormia suorituskyky\u00e4 vaarantamatta. T\u00e4m\u00e4 luotettavuus on olennaista teollisissa toiminnoissa, joissa turvallisuus ja tuottavuus ovat ensiarvoisen t\u00e4rkeit\u00e4.<\/p>\n<p>3. Lis\u00e4\u00e4ntyneet iskunpituusvaihtoehdot:<br \/>\nIskunpituus viittaa m\u00e4nn\u00e4nvarren liikkumaan matkaan sylinterin sis\u00e4ll\u00e4. S\u00e4\u00e4dett\u00e4v\u00e4t haarukkatyyppiset sylinterit tarjoavat laajan valikoiman iskunpituusvaihtoehtoja, mik\u00e4 mahdollistaa hydraulij\u00e4rjestelm\u00e4n tarkan ohjauksen ja mukauttamisen. Mahdollisuus valita sopivin iskunpituus varmistaa optimaalisen suorituskyvyn tietyiss\u00e4 sovelluksissa.<\/p>\n<p>Pidemm\u00e4t iskunpituudet voivat olla hy\u00f6dyllisi\u00e4 tilanteissa, joissa tarvitaan suurempaa liikerataa, kun taas lyhyemm\u00e4t iskunpituudet sopivat sovelluksiin, jotka vaativat tarkempia ja hallitumpia liikkeit\u00e4. S\u00e4\u00e4dett\u00e4v\u00e4 haarukkakiinnitys mahdollistaa halutun iskunpituuden helpon valinnan ja s\u00e4\u00e4t\u00e4misen, mik\u00e4 parantaa sylinterin monipuolisuutta.<\/p>\n<p>4. Kest\u00e4vyys ja pitk\u00e4ik\u00e4isyys:<br \/>\nS\u00e4\u00e4dett\u00e4v\u00e4t haarukkatyyppiset sylinterit on valmistettu korkealaatuisista materiaaleista ja ne k\u00e4yv\u00e4t l\u00e4pi tiukat testit kest\u00e4vyyden ja pitk\u00e4ik\u00e4isyyden varmistamiseksi. Kest\u00e4vien materiaalien, kuten suurlujuuster\u00e4ksen, k\u00e4ytt\u00f6 yhdistettyn\u00e4 edistyneisiin valmistustekniikoihin johtaa sylintereihin, jotka kest\u00e4v\u00e4t ankaria k\u00e4ytt\u00f6olosuhteita.<\/p>\n<p>N\u00e4m\u00e4 sylinterit on suunniteltu kest\u00e4m\u00e4\u00e4n korroosiota, hankausta ja kulumista, mik\u00e4 varmistaa, ett\u00e4 ne kest\u00e4v\u00e4t raskaiden teollisuussovellusten vaatimukset. Asianmukaisella huollolla s\u00e4\u00e4dett\u00e4vill\u00e4 haarukkatyyppisill\u00e4 sylintereill\u00e4 on pitk\u00e4 k\u00e4ytt\u00f6ik\u00e4, mik\u00e4 minimoi seisokkiajat ja vaihtokustannukset.<\/p>\n<p>Yhteenvetona voidaan todeta, ett\u00e4 s\u00e4\u00e4dett\u00e4v\u00e4t haarukkatyyppiset sylinterit tarjoavat useita etuja hydraulij\u00e4rjestelmiss\u00e4. Niiden joustavuus, kuormituksen kantokyky, iskunpituusvaihtoehdot ja kest\u00e4vyys tekev\u00e4t niist\u00e4 luotettavan valinnan erilaisiin teollisiin sovelluksiin. S\u00e4\u00e4dett\u00e4vi\u00e4 haarukkatyyppisi\u00e4 sylintereit\u00e4 k\u00e4ytt\u00e4m\u00e4ll\u00e4 hydraulij\u00e4rjestelm\u00e4t voivat saavuttaa optimaalisen suorituskyvyn, tehokkuuden ja pitk\u00e4n k\u00e4ytt\u00f6i\u00e4n.<\/p>\n<h3>Tietoja FMP:st\u00e4<\/h3>\n<p>FMP on hydraulisten sylinterien tuotantoon ja myyntiin erikoistunut yritys. Monivuotisen kokemuksemme alalta ja ammattitaitoisen tiimimme ansiosta olemme omistautuneet tarjoamaan asiakkaillemme korkealaatuisia ja luotettavia hydraulisylintereit\u00e4 rakennuskoneisiin.<\/p>\n<p><img decoding=\"async\" src=\"https:\/\/fmp-components.com\/wp-content\/uploads\/2024\/12\/Adjustable-Clevis-Type-Cylinders-6.webp\" alt=\"S\u00e4\u00e4dett\u00e4v\u00e4 haarukkatyyppinen sylinteri\" width=\"813\" title=\"\"><\/p>\n<p>T\u00e4ss\u00e4 on viisi t\u00e4rkeint\u00e4 etua tuotteistamme ja yrityksest\u00e4mme:<\/p>\n<ol>\n<li>Laaja tuotevalikoima: Tarjoamme laajan valikoiman hydraulisylintereit\u00e4 erityyppisille rakennuskoneille, mukaan lukien maatalouskoneiden vaihteistot, planeettavaihteistot, teollisuusvaihteistot ja maatalouskoneiden osat. N\u00e4in asiakkaamme l\u00f6yt\u00e4v\u00e4t t\u00e4ydellisen hydraulisylinterin, joka sopii heid\u00e4n tarpeisiinsa.<\/li>\n<li>Tiukat laatustandardit: Luomalla pitk\u00e4aikaisia \u200b\u200bja vakaita kumppanuuksia korkealaatuisten toimittajien kanssa kotimaassa ja ulkomailla varmistamme, ett\u00e4 kaikki toimittamamme hydraulisylinterit t\u00e4ytt\u00e4v\u00e4t tiukat laatustandardit. T\u00e4m\u00e4 takaa tuotteidemme kest\u00e4vyyden, suorituskyvyn ja luotettavuuden.<\/li>\n<li>Kokenut myyntitiimi: Kokenut myyntitiimimme tuntee rakennuskoneteollisuuden kehityssuunnat ja asiakastarpeet hyvin. He tarjoavat ammattimaista tuotekonsultointia ja tekev\u00e4t \u00e4lykk\u00e4it\u00e4 ostoehdotuksia, jotka on r\u00e4\u00e4t\u00e4l\u00f6ity kunkin asiakkaan tarpeisiin.<\/li>\n<li>Tehokas logistiikka-jakelu: Olemme ottaneet k\u00e4ytt\u00f6\u00f6n tehokkaan logistiikka-jakeluj\u00e4rjestelm\u00e4n varmistaaksemme, ett\u00e4 asiakkaamme saavat tarvitsemansa hydraulisylinterit ajallaan ja t\u00e4sm\u00e4llisesti. T\u00e4m\u00e4 minimoi mahdolliset viiv\u00e4stykset tai h\u00e4iri\u00f6t heid\u00e4n rakennusprojekteissaan.<\/li>\n<li>Asiakastyytyv\u00e4isyys: FMP:ll\u00e4 asetamme asiakastyytyv\u00e4isyyden etusijalle. Pyrimme tarjoamaan erinomaista asiakaspalvelua tarjoamalla luotettavia tuotteita, nopeaa apua ja tehokkaita ratkaisuja asiakkaidemme kaikkiin tiedusteluihin ja huolenaiheisiin.<\/li>\n<\/ol>\n<p>Yhteisty\u00f6 FMP:n kanssa tarkoittaa p\u00e4\u00e4sy\u00e4 huippulaatuisiin hydraulisiin sylintereihin ja luotettavaan kumppaniin rakennuskoneteollisuudessa. Ota meihin yhteytt\u00e4 jo t\u00e4n\u00e4\u00e4n keskustellaksesi hydraulisylinteritarpeistasi ja kokeaksesi FMP:n kanssa ty\u00f6skentelyn edut.<\/p>\n<p>Tekij\u00e4: CX<\/p>","protected":false},"excerpt":{"rendered":"<p>Italy Supplier Mini Piston Hydraulic Cylinder Double Acting Italy Supplier Mini Piston Hydraulic Cylinder Double Acting is a high-quality hydraulic cylinder that is compact in size and offers reliable performance. This product is designed and manufactured by a leading supplier in Italy, known for its expertise in producing hydraulic equipment. The Mini Piston Hydraulic Cylinder [&hellip;]<\/p>","protected":false},"featured_media":1471,"comment_status":"closed","ping_status":"closed","template":"","meta":{"_et_pb_use_builder":"","_et_pb_old_content":"","_et_gb_content_width":""},"product_brand":[],"product_cat":[42],"product_tag":[34,44],"class_list":{"0":"post-1470","1":"product","2":"type-product","3":"status-publish","4":"has-post-thumbnail","6":"product_cat-snow-plow-hydraulic-cylinder","7":"product_tag-hydraulic-cylinder","8":"product_tag-snow-plow-hydraulic-cylinder","10":"first","11":"instock","12":"product-type-simple"},"_links":{"self":[{"href":"https:\/\/fmp-components.com\/fi\/wp-json\/wp\/v2\/product\/1470","targetHints":{"allow":["GET"]}}],"collection":[{"href":"https:\/\/fmp-components.com\/fi\/wp-json\/wp\/v2\/product"}],"about":[{"href":"https:\/\/fmp-components.com\/fi\/wp-json\/wp\/v2\/types\/product"}],"replies":[{"embeddable":true,"href":"https:\/\/fmp-components.com\/fi\/wp-json\/wp\/v2\/comments?post=1470"}],"wp:featuredmedia":[{"embeddable":true,"href":"https:\/\/fmp-components.com\/fi\/wp-json\/wp\/v2\/media\/1471"}],"wp:attachment":[{"href":"https:\/\/fmp-components.com\/fi\/wp-json\/wp\/v2\/media?parent=1470"}],"wp:term":[{"taxonomy":"product_brand","embeddable":true,"href":"https:\/\/fmp-components.com\/fi\/wp-json\/wp\/v2\/product_brand?post=1470"},{"taxonomy":"product_cat","embeddable":true,"href":"https:\/\/fmp-components.com\/fi\/wp-json\/wp\/v2\/product_cat?post=1470"},{"taxonomy":"product_tag","embeddable":true,"href":"https:\/\/fmp-components.com\/fi\/wp-json\/wp\/v2\/product_tag?post=1470"}],"curies":[{"name":"wp","href":"https:\/\/api.w.org\/{rel}","templated":true}]}}