{"id":1468,"date":"2024-12-23T05:49:26","date_gmt":"2024-12-23T05:49:26","guid":{"rendered":"https:\/\/fmp-components.com\/product\/new-arrival-small-stainless-steel-double-acting-hydraulic-cylinder\/"},"modified":"2024-12-23T06:36:32","modified_gmt":"2024-12-23T06:36:32","slug":"new-arrival-small-stainless-steel-double-acting-hydraulic-cylinder","status":"publish","type":"product","link":"https:\/\/fmp-components.com\/fi\/product\/new-arrival-small-stainless-steel-double-acting-hydraulic-cylinder\/","title":{"rendered":"Uusi saapuminen pieni ruostumattomasta ter\u00e4ksest\u00e4 valmistettu kaksitoiminen hydraulisylinteri"},"content":{"rendered":"<h2>Uusi saapuminen pieni ruostumattomasta ter\u00e4ksest\u00e4 valmistettu kaksitoiminen hydraulisylinteri<\/h2>\n<p>Esittelyss\u00e4 uusi pieni ruostumattomasta ter\u00e4ksest\u00e4 valmistettu kaksitoiminen hydraulisylinteri<\/p>\n<p>Pieni ruostumattomasta ter\u00e4ksest\u00e4 valmistettu kaksitoiminen hydraulisylinteri on uusin tuote valikoimassamme. Se on suunniteltu tarjoamaan korkeaa suorituskyky\u00e4 ja kest\u00e4vyytt\u00e4 kompaktissa ja kevyess\u00e4 paketissa.<\/p>\n<p>T\u00e4m\u00e4 korkealaatuisesta ruostumattomasta ter\u00e4ksest\u00e4 valmistettu hydraulisylinteri on korroosionkest\u00e4v\u00e4 ja kest\u00e4\u00e4 korkeita paineita ja \u00e4\u00e4rimm\u00e4isi\u00e4 l\u00e4mp\u00f6tiloja. Se on suunniteltu kaksitoimisella tekniikalla, joka mahdollistaa sujuvan ja yhdenmukaisen toiminnan molempiin suuntiin.<\/p>\n<p>T\u00e4m\u00e4 hydraulisylinteri soveltuu monenlaisiin k\u00e4ytt\u00f6tarkoituksiin, kuten teollisuuskoneisiin, maatalouskoneisiin ja rakennusajoneuvoihin. Pienen kokonsa ja helpon asennuksensa ansiosta se sopii erinomaisesti k\u00e4ytett\u00e4v\u00e4ksi ahtaissa tiloissa ja liikkuvissa laitteissa.<\/p>\n<p>Erinomaisen suorituskykyns\u00e4 lis\u00e4ksi pieni ruostumattomasta ter\u00e4ksest\u00e4 valmistettu kaksitoiminen hydraulisylinteri on suunniteltu helposti huollettavaksi ja pitk\u00e4ik\u00e4iseksi. Sill\u00e4 on vuoden takuu mielenrauhan takaamiseksi.<\/p>\n<p>Kaiken kaikkiaan pieni ruostumattomasta ter\u00e4ksest\u00e4 valmistettu kaksitoiminen hydraulisylinteri on luotettava ja tehokas ratkaisu mihin tahansa hydraulij\u00e4rjestelm\u00e4\u00e4n. Tilaa omasi jo t\u00e4n\u00e4\u00e4n ja koe, miten se voi vaikuttaa toimintaasi. Esittelyss\u00e4 uusin tulokkaamme \u2013 pieni ruostumattomasta ter\u00e4ksest\u00e4 valmistettu kaksitoiminen hydraulisylinteri. T\u00e4m\u00e4 \u00e4skett\u00e4in lanseerattu tuote sopii t\u00e4ydellisesti konepajoihin, maatiloille, energia- ja kaivosteollisuuteen, konevalmistukseen ja konetehtaisiin.<\/p>\n<p><img decoding=\"async\" title=\"Lumiauran hydraulisylinteri\" src=\"https:\/\/hzpt.com\/wp-content\/uploads\/2023\/11\/Snow-Plow-Hydraulic-Cylinder-1.webp\" alt=\"Lumiauran hydraulisylinteri\" \/><\/p>\n<h2>Tuotteen ominaisuudet<\/h2>\n<p>Tuote on suunniteltu k\u00e4ytt\u00e4en edistyneint\u00e4 teknologiaa. Se on hydraulisesti toimiva vakiom\u00e4nt\u00e4sylinteri. Runkomateriaali on ter\u00e4st\u00e4, mik\u00e4 tekee siit\u00e4 kest\u00e4v\u00e4n ja pitk\u00e4ik\u00e4isen. Sen suurin ty\u00f6nt\u00f6voima on 3000 ja suurin vetovoima 20 tonnia, mik\u00e4 tekee siit\u00e4 eritt\u00e4in tehokkaan.<\/p>\n<h3>Tyyppi: Lumiauran hydraulisylinterit<\/h3>\n<p>T\u00e4m\u00e4 hydraulisylinteri on suunniteltu erityisesti lumiauroille. Se on uusi tuote vuodelle 2023, ja sen keskeisill\u00e4 osilla on 1 vuoden takuu. Ydinkomponentteihin kuuluvat laakeri ja itse hydraulisylinteri.<\/p>\n<h3>Proteesit: G\/SAE\/NPT\/M<\/h3>\n<p>Hydraulisylinterin portit ovat G\/SAE\/NPT\/M. Rei\u00e4n halkaisija on 2\u20136 tuumaa, m\u00e4nn\u00e4nvarren koko 1,125\u20134 tuumaa, iskunpituus 4\u2013100 tuumaa ja tapin koko 0,5\u20132 tuumaa. T\u00e4m\u00e4 tuote on sertifioitu ISO9001:2000-standardin mukaisesti.<\/p>\n<p><img decoding=\"async\" title=\"Lumiauran hydraulisylinteri\" src=\"https:\/\/hzpt.com\/wp-content\/uploads\/2023\/11\/Snow-Plow-Hydraulic-Cylinder-3.webp\" alt=\"Lumiauran hydraulisylinteri\" \/><\/p>\n<h2>S\u00e4\u00e4dett\u00e4vien haarukkatyyppisten sylinterien edut<\/h2>\n<p>S\u00e4\u00e4dett\u00e4v\u00e4t haarukkatyyppiset sylinterit, kuten uusi pienikokoinen ruostumattomasta ter\u00e4ksest\u00e4 valmistettu kaksitoiminen hydraulisylinteri, tarjoavat useita etuja muihin sylintereihin verrattuna. Alla on joitakin t\u00e4rkeimmist\u00e4 eduista:<\/p>\n<ul>\n<li><strong>Joustavuus asennuksessa:<\/strong> S\u00e4\u00e4dett\u00e4v\u00e4t haarukkatyyppiset sylinterit tarjoavat paljon joustavuutta asennuksessa. Ne voidaan asentaa eri suuntiin ja kulmiin, mik\u00e4 lis\u00e4\u00e4 niiden monipuolisuutta sovelluksissa. T\u00e4m\u00e4 on erityisen t\u00e4rke\u00e4\u00e4 sovelluksissa, joissa tila on rajoitettu ja vaaditaan tietty asennuskokoonpano.<\/li>\n<li><strong>Lis\u00e4\u00e4ntynyt vakaus:<\/strong> S\u00e4\u00e4dett\u00e4v\u00e4 sakkelityyppinen sylinteri tarjoaa paremman vakauden verrattuna muihin sylinterityyppeihin. T\u00e4m\u00e4 johtuu siit\u00e4, ett\u00e4 sakkelikiinnitys on vahvempi ja j\u00e4ykempi kuin muut kiinnitystyypit. T\u00e4m\u00e4 lis\u00e4\u00e4ntynyt vakaus johtaa parempaan suorituskykyyn ja pidemp\u00e4\u00e4n sylinterin k\u00e4ytt\u00f6ik\u00e4\u00e4n.<\/li>\n<li><strong>Helppo huolto:<\/strong> S\u00e4\u00e4dett\u00e4v\u00e4t haarukkatyyppiset sylinterit on suunniteltu helppoa huoltoa ajatellen. Ne tarjoavat helpon p\u00e4\u00e4syn m\u00e4nt\u00e4\u00e4n ja tiivisteisiin, mik\u00e4 mahdollistaa nopeat ja yksinkertaiset huoltotoimenpiteet. T\u00e4m\u00e4 v\u00e4hent\u00e4\u00e4 seisokkiaikoja ja lis\u00e4\u00e4 tuottavuutta.<\/li>\n<li><strong>Mukautettava iskunpituus:<\/strong> S\u00e4\u00e4dett\u00e4vien haarukkatyyppisten sylinterien iskunpituutta voidaan helposti mukauttaa tiettyjen sovellusvaatimusten mukaan. T\u00e4m\u00e4 mukauttaminen varmistaa, ett\u00e4 sylinteri on optimoitu aiottuun sovellukseen ja tarjoaa parhaan mahdollisen suorituskyvyn.<\/li>\n<li><strong>Lis\u00e4\u00e4ntynyt tehokkuus:<\/strong> S\u00e4\u00e4dett\u00e4vien haarukkatyyppisten sylinterien k\u00e4ytt\u00f6 voi parantaa sovellusten tehokkuutta. T\u00e4m\u00e4 johtuu siit\u00e4, ett\u00e4 sylinteri voidaan optimoida tiettyyn sovellukseen, mik\u00e4 johtaa parempaan suorituskykyyn ja pienemp\u00e4\u00e4n energiankulutukseen.<\/li>\n<li><strong>Parannettu turvallisuus:<\/strong> S\u00e4\u00e4dett\u00e4v\u00e4t haarukkatyyppiset sylinterit on suunniteltu turvallisuutta silm\u00e4ll\u00e4 pit\u00e4en. Ne tarjoavat erinomaisen sylinterin liikkeen hallinnan, mik\u00e4 mahdollistaa tarkan ja turvallisen k\u00e4yt\u00f6n. T\u00e4m\u00e4 on erityisen t\u00e4rke\u00e4\u00e4 sovelluksissa, joissa turvallisuus on etusijalla.<\/li>\n<\/ul>\n<p>Yhteenvetona voidaan todeta, ett\u00e4 s\u00e4\u00e4dett\u00e4v\u00e4t haarukkatyyppiset sylinterit, kuten uusi pienikokoinen ruostumattomasta ter\u00e4ksest\u00e4 valmistettu kaksitoiminen hydraulisylinteri, tarjoavat monia etuja muihin sylintereihin verrattuna. Niiden joustavuus asennuksessa, lis\u00e4\u00e4ntynyt vakaus, helppo huolto, mukautettava iskunpituus, lis\u00e4\u00e4ntynyt tehokkuus ja parannettu turvallisuus tekev\u00e4t niist\u00e4 erinomaisen valinnan moniin k\u00e4ytt\u00f6tarkoituksiin.<\/p>\n<h3>Tietoja FMP:st\u00e4<\/h3>\n<p>FMP on hydraulisylintereiden tuotantoon ja myyntiin erikoistunut yritys. Laajan alan kokemuksemme ja ammattitaitoisen tiimimme avulla tarjoamme asiakkaillemme korkealaatuisia ja luotettavia hydraulisylintereit\u00e4 rakennuskoneisiin.<\/p>\n<p>1. Laaja tuotevalikoima:<\/p>\n<p>Tuotevalikoimaamme kuuluu laaja valikoima hydraulisylintereit\u00e4 rakennuskoneisiin. Tarvitsetpa sitten yksi- tai kaksitoimisia sylintereit\u00e4, teleskooppisylintereit\u00e4 tai mittatilausty\u00f6n\u00e4 valmistettuja sylintereit\u00e4, meill\u00e4 on t\u00e4ydellinen ratkaisu erityistarpeisiisi.<\/p>\n<p>2. Huippulaatuiset komponentit:<\/p>\n<p>Kaikki hydraulisylinterimme on valmistettu huippulaatuisista komponenteista. Valmistusprosessissamme panostamme laatuun varmistaaksemme tuotteidemme pitk\u00e4ik\u00e4isyyden ja suorituskyvyn.<\/p>\n<p>3. Asiantuntemus ja konsultointi:<\/p>\n<p>Kokenut myyntitiimimme tuntee rakennuskoneteollisuuden kehityssuunnat ja asiakastarpeet hyvin. He voivat tarjota ammattimaista tuotekonsultointia ja auttaa sinua valitsemaan oikean hydraulisylinterin koneisiisi.<\/p>\n<p>4. Luotettava toimitusketju:<\/p>\n<p>Luomalla pitk\u00e4aikaisia \u200b\u200bja vakaita yhteisty\u00f6suhteita korkealaatuisten toimittajien kanssa takaamme, ett\u00e4 kaikki toimitetut osat t\u00e4ytt\u00e4v\u00e4t tiukat laatustandardit. T\u00e4m\u00e4 varmistaa hydraulisylintereidemme luotettavuuden ja kest\u00e4vyyden.<\/p>\n<p>5. Tehokas logistiikka ja oikea-aikainen toimitus:<\/p>\n<p>Meill\u00e4 on tehokas logistiikkaj\u00e4rjestelm\u00e4, joka varmistaa, ett\u00e4 asiakkaat saavat tarvitsemansa hydraulisylinterit ajallaan ja t\u00e4sm\u00e4llisesti. Ymm\u00e4rr\u00e4mme seisokkiaikojen minimoinnin t\u00e4rkeyden ja pyrimme tarjoamaan nopean toimituksen.<\/p>\n<p><img decoding=\"async\" src=\"https:\/\/fmp-components.com\/wp-content\/uploads\/2024\/12\/Adjustable-Clevis-Type-Cylinders-6.webp\" alt=\"S\u00e4\u00e4dett\u00e4v\u00e4 haarukkatyyppinen sylinteri\" width=\"812\" title=\"\"><\/p>\n<p>Tekij\u00e4: CX<\/p>","protected":false},"excerpt":{"rendered":"<p>New Arrival Small Stainless Steel Double Acting Hydraulic Cylinder Introducing the New Arrival Small Stainless Steel Double Acting Hydraulic Cylinder The Small Stainless Steel Double Acting Hydraulic Cylinder is the latest product to join our inventory. It is designed to provide high performance and durability in a compact and lightweight package. Made with high-quality stainless [&hellip;]<\/p>","protected":false},"featured_media":1469,"comment_status":"closed","ping_status":"closed","template":"","meta":{"_et_pb_use_builder":"","_et_pb_old_content":"","_et_gb_content_width":""},"product_brand":[],"product_cat":[42],"product_tag":[34,44],"class_list":{"0":"post-1468","1":"product","2":"type-product","3":"status-publish","4":"has-post-thumbnail","6":"product_cat-snow-plow-hydraulic-cylinder","7":"product_tag-hydraulic-cylinder","8":"product_tag-snow-plow-hydraulic-cylinder","10":"first","11":"instock","12":"product-type-simple"},"_links":{"self":[{"href":"https:\/\/fmp-components.com\/fi\/wp-json\/wp\/v2\/product\/1468","targetHints":{"allow":["GET"]}}],"collection":[{"href":"https:\/\/fmp-components.com\/fi\/wp-json\/wp\/v2\/product"}],"about":[{"href":"https:\/\/fmp-components.com\/fi\/wp-json\/wp\/v2\/types\/product"}],"replies":[{"embeddable":true,"href":"https:\/\/fmp-components.com\/fi\/wp-json\/wp\/v2\/comments?post=1468"}],"wp:featuredmedia":[{"embeddable":true,"href":"https:\/\/fmp-components.com\/fi\/wp-json\/wp\/v2\/media\/1469"}],"wp:attachment":[{"href":"https:\/\/fmp-components.com\/fi\/wp-json\/wp\/v2\/media?parent=1468"}],"wp:term":[{"taxonomy":"product_brand","embeddable":true,"href":"https:\/\/fmp-components.com\/fi\/wp-json\/wp\/v2\/product_brand?post=1468"},{"taxonomy":"product_cat","embeddable":true,"href":"https:\/\/fmp-components.com\/fi\/wp-json\/wp\/v2\/product_cat?post=1468"},{"taxonomy":"product_tag","embeddable":true,"href":"https:\/\/fmp-components.com\/fi\/wp-json\/wp\/v2\/product_tag?post=1468"}],"curies":[{"name":"wp","href":"https:\/\/api.w.org\/{rel}","templated":true}]}}