{"id":1466,"date":"2024-12-23T05:49:26","date_gmt":"2024-12-23T05:49:26","guid":{"rendered":"https:\/\/fmp-components.com\/product\/customized-mini-two-way-hydraulic-piston-cylinder-for-snow-plow\/"},"modified":"2024-12-23T06:31:54","modified_gmt":"2024-12-23T06:31:54","slug":"customized-mini-two-way-hydraulic-piston-cylinder-for-snow-plow","status":"publish","type":"product","link":"https:\/\/fmp-components.com\/fi\/product\/customized-mini-two-way-hydraulic-piston-cylinder-for-snow-plow\/","title":{"rendered":"R\u00e4\u00e4t\u00e4l\u00f6ity minikokoinen kaksisuuntainen hydraulinen m\u00e4nt\u00e4sylinteri lumiauraan"},"content":{"rendered":"<h2>R\u00e4\u00e4t\u00e4l\u00f6ity minikokoinen kaksisuuntainen hydraulinen m\u00e4nt\u00e4sylinteri lumiauraan<\/h2>\n<p>R\u00e4\u00e4t\u00e4l\u00f6ity minikokoinen kaksisuuntainen hydraulinen m\u00e4nt\u00e4sylinteri lumiauraan on huippuluokan tuote, joka on suunniteltu tehokkaaseen lumenauraukseen. T\u00e4m\u00e4 korkealaatuinen hydraulinen m\u00e4nt\u00e4sylinteri tarjoaa poikkeuksellista suorituskyky\u00e4 ja luotettavuutta, joten se on ihanteellinen valinta lumiauraukseen.<\/p>\n<p>Kompaktin kokonsa ja mukautettavien ominaisuuksiensa ansiosta t\u00e4m\u00e4 hydraulinen m\u00e4nt\u00e4sylinteri on erityisesti suunniteltu vastaamaan lumiaurausj\u00e4rjestelmien ainutlaatuisia vaatimuksia. Se on suunniteltu tarkasti tarjoamaan tehokasta ja reagoivaa hydraulista suorituskyky\u00e4 varmistaen sujuvan ja tehokkaan toiminnan haastavissa lumiaurausolosuhteissa.<\/p>\n<p>T\u00e4m\u00e4n m\u00e4nt\u00e4sylinterin kaksisuuntainen toiminnallisuus mahdollistaa saumattoman liikkeen molempiin suuntiin, mik\u00e4 tehostaa lumiauran ter\u00e4n hallintaa. Tarvitsetpa sitten lunta eteenp\u00e4in ty\u00f6nt\u00e4mist\u00e4 tai ter\u00e4n kulmaa tarkkaa ohjausta varten, t\u00e4m\u00e4 hydraulisylinteri tarjoaa poikkeuksellisen hallinnan ja tehon.<\/p>\n<p>R\u00e4\u00e4t\u00e4l\u00f6ity minikokoinen kaksisuuntainen hydraulinen m\u00e4nt\u00e4sylinteri lumiauraan on rakennettu kest\u00e4vist\u00e4 materiaaleista, jotka takaavat pitk\u00e4ik\u00e4isen suorituskyvyn. Sen kest\u00e4v\u00e4 rakenne varmistaa luotettavuuden ja kest\u00e4vyyden, minimoi seisokkiajat ja maksimoi tuottavuuden lumiaurauksessa.<\/p>\n<p>Poikkeuksellisen toiminnallisuutensa lis\u00e4ksi t\u00e4m\u00e4 hydraulinen m\u00e4nt\u00e4sylinteri tarjoaa my\u00f6s helppoja r\u00e4\u00e4t\u00e4l\u00f6intivaihtoehtoja. Se voidaan r\u00e4\u00e4t\u00e4l\u00f6id\u00e4 vastaamaan lumiauran erityisvaatimuksia, mukaan lukien iskunpituus, kiinnitysvaihtoehdot ja paineluokat. T\u00e4m\u00e4 mahdollistaa saumattoman integroinnin erilaisiin lumiauraj\u00e4rjestelmiin, mik\u00e4 parantaa kokonaistehokkuutta ja suorituskyky\u00e4.<\/p>\n<p>Yhteenvetona voidaan todeta, ett\u00e4 r\u00e4\u00e4t\u00e4l\u00f6ity minikokoinen kaksisuuntainen hydraulinen m\u00e4nt\u00e4sylinteri lumiauraan on eritt\u00e4in suorituskykyinen tuote, joka tarjoaa poikkeuksellista toimivuutta, kest\u00e4vyytt\u00e4 ja r\u00e4\u00e4t\u00e4l\u00f6intimahdollisuuksia. Luotettavan hydraulisen suorituskykyns\u00e4 ja kest\u00e4v\u00e4n rakenteensa ansiosta se on erinomainen valinta lumiauraussovelluksiin, sill\u00e4 se tarjoaa optimaalisen hallinnan ja tehokkuuden haastavissa talviolosuhteissa.<\/p>\n<p>Koneiden maailma on laaja ja monipuolinen, ja yksi t\u00e4rkeimmist\u00e4 komponenteista, jotka varmistavat monien koneiden sujuvan toiminnan, on <strong>R\u00e4\u00e4t\u00e4l\u00f6ity mini kaksisuuntainen hydraulinen m\u00e4nt\u00e4sylinteri<\/strong> suunniteltu erityisesti lumiauroille.<\/p>\n<h2>Tuotteen ominaisuudet<\/h2>\n<p>Minikokoinen kaksisuuntainen hydraulinen m\u00e4nt\u00e4sylinteri ei ole mik\u00e4\u00e4n tavallinen komponentti. Se on suunniteltu ja valmistettu tarkasti ja yksityiskohtia my\u00f6ten. Tuote on uusi ja sill\u00e4 on vuoden takuu. Sen ydinkomponentteihin kuuluvat laakeri ja hydraulisylinteri, jotka molemmat ovat korkealaatuisia.<\/p>\n<p>Sylinteri on vakiorakenteinen ja sen vaikuttava maksimity\u00f6nt\u00f6voima on 3000. Se painaa vain 5,9 kg, joten se on kevyt ja helppo asentaa. Tuote on my\u00f6s sertifioitu ISO9001:2000-standardin mukaisesti, mik\u00e4 varmistaa sen laadun ja luotettavuuden.<\/p>\n<p><img decoding=\"async\" title=\"Lumiauran hydraulisylinteri\" src=\"https:\/\/hzpt.com\/wp-content\/uploads\/2023\/11\/Snow-Plow-Hydraulic-Cylinder-3.webp\" alt=\"Lumiauran hydraulisylinteri\" \/><\/p>\n<h2>Sovellettavat toimialat ja k\u00e4ytt\u00f6tarkoitukset<\/h2>\n<p>T\u00e4m\u00e4 hydraulinen m\u00e4nt\u00e4sylinteri ei ole rajoittunut vain yhteen toimialaan. Sit\u00e4 k\u00e4ytet\u00e4\u00e4n useilla eri toimialoilla, kuten konepajoissa, maatiloilla, energia- ja kaivosteollisuudessa sek\u00e4 koneenrakennuksessa. Sen monipuolisuus ja korkea suorituskyky tekev\u00e4t siit\u00e4 ihanteellisen valinnan moniin eri sovelluksiin.<\/p>\n<h2>Huolto ja hoito<\/h2>\n<p>Kuten kaikki muutkin mekaaniset komponentit, my\u00f6s Mini Two Way Hydraulic Piston Cylinder vaatii s\u00e4\u00e4nn\u00f6llist\u00e4 huoltoa pitk\u00e4n k\u00e4ytt\u00f6ik\u00e4ns\u00e4 varmistamiseksi. On suositeltavaa tarkistaa sylinteri s\u00e4\u00e4nn\u00f6llisesti kulumisen varalta ja vaihtaa vaurioituneet osat v\u00e4litt\u00f6m\u00e4sti vakavien rikkoutumisten v\u00e4ltt\u00e4miseksi.<\/p>\n<h2>S\u00e4\u00e4dett\u00e4vien haarukkatyyppisten sylinterien edut<\/h2>\n<p>S\u00e4\u00e4dett\u00e4v\u00e4t haarukkatyyppiset sylinterit, kuten lumiauroihin tarkoitetut r\u00e4\u00e4t\u00e4l\u00f6idyt minikokoiset kaksisuuntaiset hydrauliset m\u00e4nt\u00e4sylinterit, tarjoavat useita etuja ja ominaisuuksia, jotka tekev\u00e4t niist\u00e4 eritt\u00e4in sopivia erilaisiin k\u00e4ytt\u00f6tarkoituksiin. T\u00e4ss\u00e4 blogikirjoituksessa tutkimme n\u00e4iden sylinterien etuja yksityiskohtaisesti.<\/p>\n<h3>1. Parempi joustavuus ja sopeutumiskyky<\/h3>\n<p>S\u00e4\u00e4dett\u00e4v\u00e4t haarukkatyyppiset sylinterit tarjoavat parannettua joustavuutta ja mukautuvuutta s\u00e4\u00e4dett\u00e4vien haarukkakiinnitysten ansiosta. T\u00e4m\u00e4 ominaisuus mahdollistaa sylinterin kiinnitysasennon helpon mukauttamisen ja hienos\u00e4\u00e4d\u00f6n tiettyjen vaatimusten mukaan. Haarukkaa s\u00e4\u00e4t\u00e4m\u00e4ll\u00e4 sylinteri voidaan kohdistaa tarkasti, mik\u00e4 varmistaa optimaalisen suorituskyvyn ja tehokkuuden erilaisissa sovelluksissa.<\/p>\n<h3>2. Parannettu kuormank\u00e4sittelykyky<\/h3>\n<p>N\u00e4m\u00e4 sylinterit tarjoavat erinomaisen kuormank\u00e4sittelykyvyn edistyneen m\u00e4nt\u00e4rakenteensa ja hydraulisen tehonsa ansiosta. M\u00e4nn\u00e4n tarkka suunnittelu mahdollistaa sujuvan ja hallitun liikkeen, mik\u00e4 varmistaa raskaiden kuormien tehokkaan k\u00e4sittelyn. Hydraulinen teho parantaa entisest\u00e4\u00e4n sylinterin lujuutta, mink\u00e4 ansiosta se pystyy k\u00e4sittelem\u00e4\u00e4n vaativia teht\u00e4vi\u00e4 helposti.<\/p>\n<h3>3. Poikkeuksellinen kest\u00e4vyys ja pitk\u00e4ik\u00e4isyys<\/h3>\n<p>Korkealaatuisista materiaaleista ja tarkkuudella valmistustekniikoilla suunnitellut s\u00e4\u00e4dett\u00e4v\u00e4t haarukkatyyppiset sylinterit tunnetaan poikkeuksellisesta kest\u00e4vyydest\u00e4\u00e4n ja pitk\u00e4ik\u00e4isyydest\u00e4\u00e4n. N\u00e4m\u00e4 sylinterit on rakennettu kest\u00e4m\u00e4\u00e4n ankaria k\u00e4ytt\u00f6olosuhteita, kuten \u00e4\u00e4rimm\u00e4isi\u00e4 l\u00e4mp\u00f6tiloja, voimakasta t\u00e4rin\u00e4\u00e4 ja sy\u00f6vytt\u00e4vi\u00e4 ymp\u00e4rist\u00f6j\u00e4. Niiden kest\u00e4v\u00e4 rakenne varmistaa luotettavan suorituskyvyn ja minimoi usein toistuvan huollon tai vaihtojen tarpeen.<\/p>\n<h3>4. Optimaalinen hallinta ja tarkkuus<\/h3>\n<p>Yksi s\u00e4\u00e4dett\u00e4vien haarukkatyyppisten sylinterien merkitt\u00e4vist\u00e4 eduista on niiden kyky tarjota optimaalinen hallinta ja tarkkuus. Hienosti suunniteltujen komponenttiensa ja hydrauliikkaj\u00e4rjestelmiens\u00e4 ansiosta n\u00e4m\u00e4 sylinterit tarjoavat tarkan hallinnan kuormien liikkeelle ja sijoittelulle. T\u00e4m\u00e4 hallinnan taso mahdollistaa tarkan ja tehokkaan toiminnan, mik\u00e4 tekee niist\u00e4 ihanteellisia sovelluksiin, jotka vaativat tarkkoja liikkeit\u00e4, kuten lumiauroihin.<\/p>\n<h3>5. Lis\u00e4\u00e4ntynyt tuottavuus ja tehokkuus<\/h3>\n<p>Sis\u00e4\u00e4nrakennettujen, s\u00e4\u00e4dett\u00e4vien haarukkatyyppisten sylinterien avulla voit parantaa merkitt\u00e4v\u00e4sti tuottavuutta ja tehokkuutta. N\u00e4m\u00e4 sylinterit mahdollistavat sujuvan ja tehokkaan toiminnan, mik\u00e4 v\u00e4hent\u00e4\u00e4 seisokkiaikoja ja lis\u00e4\u00e4 kokonaistuottavuutta. Ne pystyv\u00e4t k\u00e4sittelem\u00e4\u00e4n raskaita kuormia ja tarjoavat tarkkaa ohjausta, mik\u00e4 nopeuttaa teht\u00e4vien suorittamista ja parantaa toiminnan tehokkuutta.<\/p>\n<h3>6. Monipuoliset sovellukset<\/h3>\n<p>S\u00e4\u00e4dett\u00e4vi\u00e4 haarukkatyyppisi\u00e4 sylintereit\u00e4 k\u00e4ytet\u00e4\u00e4n useilla eri teollisuudenaloilla ja sektoreilla. Niiden monipuolisuus tekee niist\u00e4 sopivia monenlaisiin teht\u00e4viin, mukaan lukien, mutta ei rajoittuen, lumiaurat, maatalouskoneet, rakennuskoneet, materiaalink\u00e4sittelyj\u00e4rjestelm\u00e4t ja paljon muuta. K\u00e4ytt\u00f6tarkoituksesta riippumatta n\u00e4m\u00e4 sylinterit tarjoavat poikkeuksellisen suorituskyvyn ja luotettavuuden.<\/p>\n<h3>Johtop\u00e4\u00e4t\u00f6s<\/h3>\n<p>Yhteenvetona voidaan todeta, ett\u00e4 s\u00e4\u00e4dett\u00e4vill\u00e4 haarukkatyyppisill\u00e4 sylintereill\u00e4, kuten lumiauroihin tarkoitetuilla r\u00e4\u00e4t\u00e4l\u00f6idyill\u00e4 minikokoisilla kaksisuuntaisilla hydraulisilla m\u00e4nt\u00e4sylintereill\u00e4, on lukuisia etuja. Parannettu joustavuus, parempi kuormank\u00e4sittelykyky, poikkeuksellinen kest\u00e4vyys, optimaalinen hallinta, lis\u00e4\u00e4ntynyt tuottavuus ja monipuoliset k\u00e4ytt\u00f6tarkoitukset tekev\u00e4t n\u00e4ist\u00e4 sylintereist\u00e4 arvokkaan valinnan eri toimialoille. S\u00e4\u00e4dett\u00e4viin haarukkatyyppisiin sylintereihin investoiminen voi hy\u00f6dytt\u00e4\u00e4 laitteitasi tai koneitasi huomattavasti, sill\u00e4 ne tarjoavat luotettavaa suorituskyky\u00e4 ja tehokkuutta.<\/p>\n<h3>Tietoja FMP:st\u00e4<\/h3>\n<p>FMP on hydraulisylintereiden tuotantoon ja myyntiin erikoistunut yritys. Olemme omistautuneet tarjoamaan asiakkaillemme korkealaatuisia ja luotettavia hydraulisylintereit\u00e4 erityyppisille rakennuskoneille. Vuosien kokemuksella alalta ja ammattitaitoisella tiimill\u00e4mme tarjoamme poikkeuksellisia tuotteita ja palveluita asiakkaidemme tarpeiden t\u00e4ytt\u00e4miseksi.<\/p>\n<p><strong>1. Laaja valikoima hydraulisylintereit\u00e4:<\/strong> Tuotevalikoimaamme kuuluu erilaisia \u200b\u200bhydraulisylintereit\u00e4, kuten s\u00e4\u00e4dett\u00e4vi\u00e4 haarukkatyyppisi\u00e4 sylintereit\u00e4, teleskooppisylintereit\u00e4 ja kaksitoimisia sylintereit\u00e4. Tarjoamme ratkaisuja erityyppisille rakennuskoneille varmistaen yhteensopivuuden ja tehokkuuden erilaisissa sovelluksissa.<\/p>\n<p><strong>2. Erinomainen laatu:<\/strong> FMP:ll\u00e4 asetamme tuotteidemme laadun etusijalle. Luomme pitk\u00e4aikaisia \u200b\u200bja vakaita yhteisty\u00f6suhteita korkealaatuisten toimittajien kanssa varmistaaksemme, ett\u00e4 kaikki toimittamamme hydraulisylinterit t\u00e4ytt\u00e4v\u00e4t tiukat laatustandardit. Sitoutumisemme laatuun takaa kest\u00e4vyyden, luotettavuuden ja optimaalisen suorituskyvyn.<\/p>\n<p><strong>3. Ammattimainen myyntitiimi:<\/strong> Meill\u00e4 on kokenut ja taitava myyntitiimi, joka tuntee rakennuskoneteollisuuden kehityssuunnat ja asiakastarpeet hyvin. He voivat tarjota ammattimaista tuotekonsultointia ja \u00e4lykk\u00e4it\u00e4 ostoehdotuksia auttaen asiakkaitamme tekem\u00e4\u00e4n tietoon perustuvia p\u00e4\u00e4t\u00f6ksi\u00e4.<\/p>\n<p><strong>4. Tehokas logistiikka ja jakelu:<\/strong> Ymm\u00e4rr\u00e4mme oikea-aikaisen toimituksen t\u00e4rkeyden. FMP:ll\u00e4 on k\u00e4yt\u00f6ss\u00e4 tehokas logistiikkaj\u00e4rjestelm\u00e4 varmistaakseen, ett\u00e4 asiakkaamme saavat tarvitsemansa hydraulisylinterit ajallaan ja t\u00e4sm\u00e4llisesti. Asiakastyytyv\u00e4isyys on meille etusijalla ja pyrimme t\u00e4ytt\u00e4m\u00e4\u00e4n heid\u00e4n toimitusodotuksensa.<\/p>\n<p><strong>5. Sitoutuminen asiakkaan menestykseen:<\/strong> FMP:ll\u00e4 uskomme pitk\u00e4aikaisten kumppanuuksien rakentamiseen asiakkaidemme kanssa. Olemme sitoutuneet heid\u00e4n menestykseens\u00e4 ja tyytyv\u00e4isyyteens\u00e4. Tiimimme on sitoutunut tarjoamaan erinomaista asiakaspalvelua, vastaamaan kaikkiin huolenaiheisiin ja tiedusteluihin nopeasti ja varmistamaan sujuvan ja miellytt\u00e4v\u00e4n kokemuksen koko ostoprosessin ajan.<\/p>\n<p><img decoding=\"async\" src=\"https:\/\/fmp-components.com\/wp-content\/uploads\/2024\/12\/Adjustable-Clevis-Type-Cylinders-6.webp\" alt=\"S\u00e4\u00e4dett\u00e4v\u00e4 haarukkatyyppinen sylinteri\" width=\"811\" title=\"\"><\/p>\n<h2>Usein kysytyt kysymykset<\/h2>\n<h3>K: Oletko kauppayhti\u00f6 vai valmistaja?<\/h3>\n<p>A: Olemme tehdas.<\/p>\n<h3>K: Kuinka pitk\u00e4 on toimitusaikanne?<\/h3>\n<p>V: Yleens\u00e4 se on 25\u201335 p\u00e4iv\u00e4\u00e4.<\/p>\n<h3>K: Tarjoatteko n\u00e4ytteit\u00e4? Ovatko ne ilmaisia \u200b\u200bvai ylim\u00e4\u00e4r\u00e4isi\u00e4?<\/h3>\n<p>V: Kyll\u00e4, voisimme tarjota n\u00e4ytteen, mutta se ei ole ilmainen.<\/p>\n<p>Tekij\u00e4: CX<\/p>","protected":false},"excerpt":{"rendered":"<p>Customized Mini Two Way Hydraulic Piston Cylinder for Snow Plow The Customized Mini Two Way Hydraulic Piston Cylinder for Snow Plow is a top-of-the-line product designed for efficient snow plowing operations. This high-quality hydraulic piston cylinder offers exceptional performance and reliability, making it an ideal choice for snow plow applications. With its compact size and [&hellip;]<\/p>","protected":false},"featured_media":1467,"comment_status":"closed","ping_status":"closed","template":"","meta":{"_et_pb_use_builder":"","_et_pb_old_content":"","_et_gb_content_width":""},"product_brand":[],"product_cat":[42],"product_tag":[34,44],"class_list":{"0":"post-1466","1":"product","2":"type-product","3":"status-publish","4":"has-post-thumbnail","6":"product_cat-snow-plow-hydraulic-cylinder","7":"product_tag-hydraulic-cylinder","8":"product_tag-snow-plow-hydraulic-cylinder","10":"first","11":"instock","12":"product-type-simple"},"_links":{"self":[{"href":"https:\/\/fmp-components.com\/fi\/wp-json\/wp\/v2\/product\/1466","targetHints":{"allow":["GET"]}}],"collection":[{"href":"https:\/\/fmp-components.com\/fi\/wp-json\/wp\/v2\/product"}],"about":[{"href":"https:\/\/fmp-components.com\/fi\/wp-json\/wp\/v2\/types\/product"}],"replies":[{"embeddable":true,"href":"https:\/\/fmp-components.com\/fi\/wp-json\/wp\/v2\/comments?post=1466"}],"wp:featuredmedia":[{"embeddable":true,"href":"https:\/\/fmp-components.com\/fi\/wp-json\/wp\/v2\/media\/1467"}],"wp:attachment":[{"href":"https:\/\/fmp-components.com\/fi\/wp-json\/wp\/v2\/media?parent=1466"}],"wp:term":[{"taxonomy":"product_brand","embeddable":true,"href":"https:\/\/fmp-components.com\/fi\/wp-json\/wp\/v2\/product_brand?post=1466"},{"taxonomy":"product_cat","embeddable":true,"href":"https:\/\/fmp-components.com\/fi\/wp-json\/wp\/v2\/product_cat?post=1466"},{"taxonomy":"product_tag","embeddable":true,"href":"https:\/\/fmp-components.com\/fi\/wp-json\/wp\/v2\/product_tag?post=1466"}],"curies":[{"name":"wp","href":"https:\/\/api.w.org\/{rel}","templated":true}]}}