{"id":1464,"date":"2024-12-23T05:49:26","date_gmt":"2024-12-23T05:49:26","guid":{"rendered":"https:\/\/fmp-components.com\/product\/superior-quality-mini-two-way-hydraulic-piston-cylinder\/"},"modified":"2024-12-23T06:29:50","modified_gmt":"2024-12-23T06:29:50","slug":"superior-quality-mini-two-way-hydraulic-piston-cylinder","status":"publish","type":"product","link":"https:\/\/fmp-components.com\/fi\/product\/superior-quality-mini-two-way-hydraulic-piston-cylinder\/","title":{"rendered":"Huippulaatuinen minikokoinen kaksisuuntainen hydraulinen m\u00e4nt\u00e4sylinteri"},"content":{"rendered":"<p>Huippulaatuinen minikokoinen kaksisuuntainen hydraulinen m\u00e4nt\u00e4sylinteri Huippulaatuinen minikokoinen kaksisuuntainen hydraulinen m\u00e4nt\u00e4sylinteri on huippuluokan tuote, joka on suunniteltu optimaalista suorituskyky\u00e4 ja kest\u00e4vyytt\u00e4 varten. T\u00e4m\u00e4 hydraulisylinteri on valmistettu korkealaatuisista materiaaleista ja tarkkuudella, mik\u00e4 varmistaa luotettavan ja tasaisen toiminnan vaativimmissakin sovelluksissa.<\/p>\n<p>M\u00e4nt\u00e4sylinterin kompakti rakenne mahdollistaa helpon asennuksen ja tehokkaan tilank\u00e4yt\u00f6n. Sen kaksisuuntainen toiminta tarjoaa poikkeuksellisen hallinnan ja tarkkuuden, mik\u00e4 tekee siit\u00e4 ihanteellisen monenlaisiin teollisiin ja kaupallisiin sovelluksiin.<\/p>\n<p>Erinomaisen suorituskykyns\u00e4 lis\u00e4ksi t\u00e4m\u00e4 eritt\u00e4in laadukas minikokoinen kaksisuuntainen hydraulinen m\u00e4nt\u00e4sylinteri on suunniteltu turvallisuus mieless\u00e4. Sen edistyneet ominaisuudet ja kest\u00e4v\u00e4 rakenne varmistavat, ett\u00e4 se kest\u00e4\u00e4 vaativimmatkin olosuhteet ja yll\u00e4pit\u00e4\u00e4 optimaalista suorituskyky\u00e4 pitk\u00e4ll\u00e4 aikav\u00e4lill\u00e4.<\/p>\n<p>Kaiken kaikkiaan eritt\u00e4in laadukas minikokoinen kaksisuuntainen hydraulinen m\u00e4nt\u00e4sylinteri tarjoaa ly\u00f6m\u00e4tt\u00f6m\u00e4n vastineen rahalle ja suorituskyvyn kaikkiin sovelluksiin, jotka vaativat luotettavaa ja tehokasta hydraulista tehoa. Ty\u00f6skenteletp\u00e4 sitten valmistuksessa, rakentamisessa tai mill\u00e4 tahansa muulla toimialalla, joka vaatii korkealaatuisia hydraulilaitteita, t\u00e4m\u00e4 m\u00e4nt\u00e4sylinteri on t\u00e4ydellinen valinta sinulle. Koe erinomainen suorituskyky uudella minikokoisella kaksisuuntaisella hydraulisella m\u00e4nt\u00e4sylinterill\u00e4mme. T\u00e4m\u00e4 huippuluokan tuote tarjoaa vertaansa vailla olevaa laatua ja on suunniteltu vastaamaan erilaisiin teollisuuden tarpeisiin. Hydraulinen m\u00e4nt\u00e4sylinterimme on suunniteltu tarjoamaan luotettavaa palvelua ja erinomaista kest\u00e4vyytt\u00e4, mik\u00e4 tekee siit\u00e4 olennaisen komponentin konepajoille, maatiloille, energia- ja kaivosteollisuudelle, konevalmistukseen ja konetehtaisiin.<\/p>\n<h2>Tuotteen ominaisuudet<\/h2>\n<h3>Korkealaatuinen ja kest\u00e4v\u00e4<\/h3>\n<p>Hydraulinen m\u00e4nt\u00e4sylinterimme on valmistettu huippuluokan ter\u00e4srunkomateriaalista, mik\u00e4 takaa pitk\u00e4n k\u00e4ytt\u00f6i\u00e4n ja vankan suorituskyvyn. Sen enimm\u00e4isty\u00f6nt\u00f6- ja vetokyky on 3000 ja 20 tonnia, mik\u00e4 tekee siit\u00e4 tehokkaan ja voimakkaan ty\u00f6kalun raskaisiin k\u00e4ytt\u00f6tarkoituksiin.<\/p>\n<h3>Vakiom\u00e4\u00e4ritykset<\/h3>\n<p>Tuote on suunniteltu standardien mukaisesti, mik\u00e4 varmistaa helpon yhteensopivuuden erilaisten sovellusten kanssa. Sen sis\u00e4halkaisija on 2\u20136 tuumaa, tangon koko 1,125\u20134 tuumaa, iskunpituus 4\u2013100 tuumaa ja tapin koko 0,5\u20132 tuumaa. Tuote on saatavana my\u00f6s tyylikk\u00e4\u00e4n mustana, mik\u00e4 tekee siit\u00e4 visuaalisesti miellytt\u00e4v\u00e4n erinomaisen toiminnallisuutensa lis\u00e4ksi.<\/p>\n<h3>Laadunvarmistus<\/h3>\n<p>Hydraulinen m\u00e4nt\u00e4sylinterimme on ISO9001:2000-sertifioitu, mik\u00e4 takaa sen erinomaisen laadun ja luotettavuuden. Tarjoamme tuotteelle ja sen keskeisille osille vuoden takuun, mik\u00e4 takaa asiakkaillemme mielenrauhan.<\/p>\n<p><img decoding=\"async\" title=\"Lumiauran hydraulisylinteri\" src=\"https:\/\/hzpt.com\/wp-content\/uploads\/2023\/11\/Snow-Plow-Hydraulic-Cylinder-2.webp\" alt=\"Lumiauran hydraulisylinteri\" \/><\/p>\n<h2>S\u00e4\u00e4dett\u00e4vien haarukkatyyppisten sylinterien edut<\/h2>\n<p>S\u00e4\u00e4dett\u00e4v\u00e4t haarukkatyyppiset sylinterit, kuten Superior Quality Mini Two Way Hydraulic Piston Cylinder, tarjoavat useita selkeit\u00e4 etuja erilaisissa sovelluksissa. N\u00e4iss\u00e4 sylintereiss\u00e4 on ainutlaatuinen muotoilu ja toiminnallisuus, jotka erottavat ne perinteisist\u00e4 hydraulisylintereist\u00e4. T\u00e4ss\u00e4 artikkelissa tutkimme n\u00e4it\u00e4 etuja yksityiskohtaisesti ja korostamme niiden eri teollisuudenaloille ja sovelluksiin tuomia hy\u00f6tyj\u00e4.<\/p>\n<h3>1. Parannettu joustavuus ja r\u00e4\u00e4t\u00e4l\u00f6inti<\/h3>\n<p>Yksi s\u00e4\u00e4dett\u00e4vien haarukkatyyppisten sylinterien t\u00e4rkeimmist\u00e4 eduista on niiden parannettu joustavuus ja r\u00e4\u00e4t\u00e4l\u00f6intimahdollisuudet. Toisin kuin tavallisissa sylintereiss\u00e4, n\u00e4iss\u00e4 sylintereiss\u00e4 on s\u00e4\u00e4dett\u00e4v\u00e4t haarukkakiinnikkeet, jotka mahdollistavat helpon kiinnityksen ja irrottamisen. T\u00e4m\u00e4 ominaisuus mahdollistaa sylinterin asennon, pituuden ja suunnan nopean ja vaivattoman s\u00e4\u00e4t\u00e4misen, mik\u00e4 tarjoaa lis\u00e4\u00e4 joustavuutta eri sovelluksissa.<\/p>\n<p>Huippulaadukkaan minikokoisen kaksisuuntaisen hydraulisen m\u00e4nt\u00e4sylinterin avulla k\u00e4ytt\u00e4j\u00e4t voivat helposti s\u00e4\u00e4t\u00e4\u00e4 haarukkakiinnityst\u00e4 tiettyjen vaatimusten mukaan. T\u00e4m\u00e4 joustavuus tekee n\u00e4ist\u00e4 sylintereist\u00e4 sopivia monenlaisiin k\u00e4ytt\u00f6tarkoituksiin, kuten teollisuuskoneisiin, maatalouskoneisiin ja rakennusajoneuvoihin.<\/p>\n<h3>2. Parannettu kuormank\u00e4sittelykyky<\/h3>\n<p>S\u00e4\u00e4dett\u00e4v\u00e4t haarukkatyyppiset sylinterit tarjoavat my\u00f6s paremman kuormank\u00e4sittelykyvyn perinteisiin sylintereihin verrattuna. N\u00e4iden sylinterien rakenne varmistaa tehokkaan voimansiirron, mik\u00e4 mahdollistaa raskaiden kuormien tehokkaan k\u00e4sittelyn. Sylinterin sis\u00e4ll\u00e4 oleva m\u00e4nt\u00e4 tarjoaa tasaisen liikkeen, mik\u00e4 varmistaa tarkan hallinnan ja vakauden k\u00e4yt\u00f6n aikana.<\/p>\n<p>Huippulaadukas minikokoinen kaksisuuntainen hydraulinen m\u00e4nt\u00e4sylinteri on suunniteltu korkealaatuisista materiaaleista ja edistyneill\u00e4 suunnittelutekniikoilla, mink\u00e4 tuloksena on vankka ja kest\u00e4v\u00e4 sylinteri, joka pystyy k\u00e4sittelem\u00e4\u00e4n raskaita kuormia helposti. T\u00e4m\u00e4 tekee siit\u00e4 ihanteellisen valinnan sovelluksiin, jotka vaativat luotettavaa ja tehokasta kuormank\u00e4sittely\u00e4, kuten materiaalink\u00e4sittelylaitteisiin ja nostoj\u00e4rjestelmiin.<\/p>\n<h3>3. Optimaalinen suorituskyky ja tehokkuus<\/h3>\n<p>S\u00e4\u00e4dett\u00e4vien haarukkatyyppisten sylinterien toinen merkitt\u00e4v\u00e4 etu on niiden kyky tarjota optimaalinen suorituskyky ja hy\u00f6tysuhde. N\u00e4m\u00e4 sylinterit on suunniteltu minimoimaan energiah\u00e4vikki ja maksimoimaan teho, mik\u00e4 varmistaa tehokkaan toiminnan ja alentaa k\u00e4ytt\u00f6kustannuksia.<\/p>\n<p>Huippulaadukas minikokoinen kaksisuuntainen hydraulinen m\u00e4nt\u00e4sylinteri sis\u00e4lt\u00e4\u00e4 edistynytt\u00e4 hydrauliikkateknologiaa, mukaan lukien tarkan venttiilien ohjauksen ja tehokkaan nestevirtauksen hallinnan. T\u00e4m\u00e4 parantaa j\u00e4rjestelm\u00e4n kokonaissuorituskyky\u00e4, v\u00e4hent\u00e4\u00e4 kitkaa ja tehostaa energiatehokkuutta. T\u00e4m\u00e4n seurauksena n\u00e4it\u00e4 sylintereit\u00e4 k\u00e4ytet\u00e4\u00e4n laajalti sovelluksissa, jotka vaativat tehokkaita ja energiatehokkaita hydraulij\u00e4rjestelmi\u00e4, kuten valmistusautomaatiossa ja teollisuuskoneissa.<\/p>\n<h3>4. Monipuoliset kiinnitysvaihtoehdot<\/h3>\n<p>S\u00e4\u00e4dett\u00e4v\u00e4t haarukkatyyppiset sylinterit tarjoavat monipuolisia asennusvaihtoehtoja, mik\u00e4 mahdollistaa saumattoman integroinnin erilaisiin j\u00e4rjestelmiin ja rakenteisiin. N\u00e4m\u00e4 sylinterit voidaan asentaa pystysuoraan, vaakasuoraan tai mihin tahansa haluttuun kulmaan k\u00e4ytt\u00f6tarkoituksen vaatimuksista riippuen.<\/p>\n<p>Huippulaadukas minikokoinen kaksisuuntainen hydraulinen m\u00e4nt\u00e4sylinteri on saatavana useilla kiinnitystarvikkeilla ja -vaihtoehdoilla, mik\u00e4 varmistaa helpon asennuksen ja yhteensopivuuden eri j\u00e4rjestelmien kanssa. T\u00e4m\u00e4 monipuolisuus tekee n\u00e4ist\u00e4 sylintereist\u00e4 sopivia monille eri teollisuudenaloille, kuten autoteollisuuteen, ilmailu- ja avaruusteollisuuteen sek\u00e4 merenkulkuun.<\/p>\n<p>Yhteenvetona voidaan todeta, ett\u00e4 s\u00e4\u00e4dett\u00e4v\u00e4t haarukkatyyppiset sylinterit, joista esimerkkin\u00e4 on Superior Quality Mini Two Way Hydraulic Piston Cylinder, tarjoavat lukuisia etuja joustavuuden, kuormank\u00e4sittelykyvyn, suorituskyvyn ja monipuolisuuden suhteen. N\u00e4m\u00e4 sylinterit ovat eritt\u00e4in kysyttyj\u00e4 eri teollisuudenaloilla ainutlaatuisen rakenteensa ja toiminnallisuutensa ansiosta. Olipa kyseess\u00e4 sitten teollisuuskoneet, materiaalink\u00e4sittelylaitteet tai mik\u00e4 tahansa muu sovellus, joka vaatii luotettavia ja tehokkaita hydraulij\u00e4rjestelmi\u00e4, s\u00e4\u00e4dett\u00e4v\u00e4t haarukkatyyppiset sylinterit osoittautuvat erinomaiseksi valinnaksi.<\/p>\n<h3>Tietoa FMP:st\u00e4 \u2013 Korkealaatuiset hydraulisylinterit rakennuskoneisiin<\/h3>\n<p>Etsitk\u00f6 korkealaatuisia hydraulisylintereit\u00e4 rakennuskoneisiisi? FMP on Italiassa toimiva johtava yritys, joka on erikoistunut rakennuskoneiden osien ja kokonaisten koneiden myyntiin ja huoltoon.<\/p>\n<p>FMP:ll\u00e4 olemme sitoutuneet tarjoamaan asiakkaillemme luotettavia ja tehokkaita ratkaisuja heid\u00e4n rakennuskoneiden tarpeisiinsa. Tuotevalikoimaamme kuuluu laaja valikoima rakennuskoneiden, maatalouskoneiden vaihteistoja, planeettavaihteistoja, teollisuusvaihteistoja ja niihin sopivia huippuluokan lis\u00e4varusteita.<\/p>\n<p>T\u00e4ss\u00e4 on joitakin FMP:n valinnan etuja hydraulisylinteritarpeisiisi:<\/p>\n<p>1. Korkealaatuiset tuotteet: Kaikki tuotteemme hankitaan korkealaatuisilta toimittajilta, mik\u00e4 varmistaa, ett\u00e4 asiakkaamme saavat vain parhaita laatutuotteita, jotka t\u00e4ytt\u00e4v\u00e4t tiukat laatustandardit.<\/p>\n<p>2. Ammattitaitoinen tiimi: Kokenut ja ammattitaitoinen myyntitiimimme tuntee rakennuskoneteollisuuden kehityssuunnat ja asiakastarpeet ja voi tarjota kattavaa tuotekonsultointia ja \u00e4lykk\u00e4it\u00e4 ostoehdotuksia.<\/p>\n<p>3. Tehokas logistiikka-jakeluj\u00e4rjestelm\u00e4: Meill\u00e4 on tehokas logistiikka-jakeluj\u00e4rjestelm\u00e4, joka varmistaa tuotteiden oikea-aikaisen ja tarkan toimituksen asiakkaillemme.<\/p>\n<p>4. Kilpailukykyiset hinnat: Tarjoamme tuotteillemme kilpailukykyiset hinnat laadusta tinkim\u00e4tt\u00e4.<\/p>\n<p>5. Mukauttaminen: Tarjoamme hydraulisylintereillemme r\u00e4\u00e4t\u00e4l\u00f6intivaihtoehtoja asiakkaidemme ainutlaatuisten tarpeiden t\u00e4ytt\u00e4miseksi.<\/p>\n<p>Hydraulisylinterimme, kuten s\u00e4\u00e4dett\u00e4v\u00e4 sakkelityyppinen sylinteri (kuvassa alla), sopivat t\u00e4ydellisesti monenlaisiin rakennuskoneiden sovelluksiin. Sitoutumisemme laatuun ja asiakastyytyv\u00e4isyyteen takaa, ett\u00e4 voit luottaa FMP:hen kaikissa hydraulisylintereihisi liittyviss\u00e4 tarpeissasi.<\/p>\n<p><img decoding=\"async\" src=\"https:\/\/fmp-components.com\/wp-content\/uploads\/2024\/12\/Adjustable-Clevis-Type-Cylinders-6.webp\" alt=\"S\u00e4\u00e4dett\u00e4v\u00e4 haarukkatyyppinen sylinteri\" width=\"810\" title=\"\"><\/p>\n<h2>Usein kysytyt kysymykset<\/h2>\n<ol>\n<li style=\"list-style-type: none;\">\n<ol>\n<li>K: Oletko kauppayhti\u00f6 vai valmistaja? V: Olemme tehdas.<\/li>\n<li>K: Kuinka pitk\u00e4 toimitusaikanne on? V: Yleens\u00e4 se on 25\u201335 p\u00e4iv\u00e4\u00e4.<\/li>\n<li>K: Tarjoatteko n\u00e4ytteit\u00e4? Onko se ilmaista vai lis\u00e4maksusta? V: Kyll\u00e4, voisimme tarjota n\u00e4ytteen, mutta se ei ole ilmainen.<\/li>\n<\/ol>\n<\/li>\n<\/ol>\n<ol>\n<li><img decoding=\"async\" title=\"Lumiauran hydraulisylinteri\" src=\"https:\/\/hzpt.com\/wp-content\/uploads\/2023\/11\/Snow-Plow-Hydraulic-Cylinder-1.webp\" alt=\"Lumiauran hydraulisylinteri\" \/><\/li>\n<\/ol>\n<p>Tekij\u00e4: CX<\/p>","protected":false},"excerpt":{"rendered":"<p>Superior Quality Mini Two Way Hydraulic Piston CylinderThe Superior Quality Mini Two Way Hydraulic Piston Cylinder is a top-of-the-line product designed for optimal performance and durability. This hydraulic cylinder is built with high-quality materials and precision engineering to ensure reliable and consistent operation in even the most demanding applications. The piston cylinder features a compact [&hellip;]<\/p>","protected":false},"featured_media":1465,"comment_status":"closed","ping_status":"closed","template":"","meta":{"_et_pb_use_builder":"","_et_pb_old_content":"","_et_gb_content_width":""},"product_brand":[],"product_cat":[42],"product_tag":[34,44],"class_list":{"0":"post-1464","1":"product","2":"type-product","3":"status-publish","4":"has-post-thumbnail","6":"product_cat-snow-plow-hydraulic-cylinder","7":"product_tag-hydraulic-cylinder","8":"product_tag-snow-plow-hydraulic-cylinder","10":"first","11":"instock","12":"product-type-simple"},"_links":{"self":[{"href":"https:\/\/fmp-components.com\/fi\/wp-json\/wp\/v2\/product\/1464","targetHints":{"allow":["GET"]}}],"collection":[{"href":"https:\/\/fmp-components.com\/fi\/wp-json\/wp\/v2\/product"}],"about":[{"href":"https:\/\/fmp-components.com\/fi\/wp-json\/wp\/v2\/types\/product"}],"replies":[{"embeddable":true,"href":"https:\/\/fmp-components.com\/fi\/wp-json\/wp\/v2\/comments?post=1464"}],"wp:featuredmedia":[{"embeddable":true,"href":"https:\/\/fmp-components.com\/fi\/wp-json\/wp\/v2\/media\/1465"}],"wp:attachment":[{"href":"https:\/\/fmp-components.com\/fi\/wp-json\/wp\/v2\/media?parent=1464"}],"wp:term":[{"taxonomy":"product_brand","embeddable":true,"href":"https:\/\/fmp-components.com\/fi\/wp-json\/wp\/v2\/product_brand?post=1464"},{"taxonomy":"product_cat","embeddable":true,"href":"https:\/\/fmp-components.com\/fi\/wp-json\/wp\/v2\/product_cat?post=1464"},{"taxonomy":"product_tag","embeddable":true,"href":"https:\/\/fmp-components.com\/fi\/wp-json\/wp\/v2\/product_tag?post=1464"}],"curies":[{"name":"wp","href":"https:\/\/api.w.org\/{rel}","templated":true}]}}