{"id":1462,"date":"2024-12-23T05:49:26","date_gmt":"2024-12-23T05:49:26","guid":{"rendered":"https:\/\/fmp-components.com\/product\/premium-quality-mini-two-way-hydraulic-piston-cylinder-for-snow-plow\/"},"modified":"2024-12-23T06:45:59","modified_gmt":"2024-12-23T06:45:59","slug":"premium-quality-mini-two-way-hydraulic-piston-cylinder-for-snow-plow","status":"publish","type":"product","link":"https:\/\/fmp-components.com\/fi\/product\/premium-quality-mini-two-way-hydraulic-piston-cylinder-for-snow-plow\/","title":{"rendered":"Ensiluokkainen minikokoinen kaksisuuntainen hydraulinen m\u00e4nt\u00e4sylinteri lumiauraan"},"content":{"rendered":"<h2>Ensiluokkainen minikokoinen kaksisuuntainen hydraulinen m\u00e4nt\u00e4sylinteri lumiauraan<\/h2>\n<p>Ensiluokkainen minikokoinen kaksisuuntainen hydraulinen m\u00e4nt\u00e4sylinteri lumiauraan on v\u00e4ltt\u00e4m\u00e4t\u00f6n ty\u00f6kalu kaikkiin lumiauraustarpeisiin. T\u00e4m\u00e4 korkealaatuinen hydraulisylinteri on erityisesti suunniteltu tarjoamaan erinomaista suorituskyky\u00e4 ankarissa talviolosuhteissa.<\/p>\n<p>Ensiluokkaisista materiaaleista valmistettu hydraulisylinteri on rakennettu kest\u00e4m\u00e4\u00e4n ankarimpia s\u00e4\u00e4olosuhteita varmistaen maksimaalisen kest\u00e4vyyden ja luotettavuuden. Sylinterin kaksisuuntainen rakenne mahdollistaa sujuvan ja tehokkaan toiminnan, joten sit\u00e4 on helppo k\u00e4ytt\u00e4\u00e4 sek\u00e4 kaupallisessa ett\u00e4 asuinrakennusten lumenaurauksessa.<\/p>\n<p>M\u00e4nt\u00e4sylinteri on my\u00f6s suunniteltu tarjoamaan maksimaalista tehoa ja suorituskyky\u00e4, joten voit aurata lumen nopeasti ja tehokkaasti. Kompaktin kokonsa ja kevyen rakenteensa ansiosta sit\u00e4 on helppo kuljettaa ja s\u00e4ilytt\u00e4\u00e4, joten se on k\u00e4tev\u00e4 ty\u00f6kalu, joka on aina saatavilla tarvittaessa.<\/p>\n<p>Kaiken kaikkiaan Premium Quality Mini Two Way Hydraulic M\u00e4nt\u00e4sylinteri lumiauraan on erinomainen sijoitus kaikille, jotka tarvitsevat luotettavan ja kest\u00e4v\u00e4n ty\u00f6kalun lumenauraukseen. Sen korkealaatuinen rakenne, tehokas toiminta ja erinomainen suorituskyky tekev\u00e4t siit\u00e4 t\u00e4ydellisen valinnan kaikkiin lumiauraustarpeisiin.<\/p>\n<h2>Esittelyss\u00e4 Mini kaksisuuntainen hydraulinen m\u00e4nt\u00e4sylinteri lumiauroille<\/h2>\n<p>Esittelyss\u00e4 erinomaisesti suunniteltu minikokoinen kaksisuuntainen hydraulinen m\u00e4nt\u00e4sylinterimme lumiauroille. T\u00e4m\u00e4 ensiluokkainen tuote on suunniteltu ja kehitetty \u00e4\u00e4rimm\u00e4isen tarkasti korkean luotettavuuden ja erinomaisen suorituskyvyn varmistamiseksi. Kest\u00e4v\u00e4n rakenteensa ja hydraulisen voimaj\u00e4rjestelm\u00e4n ansiosta t\u00e4m\u00e4 m\u00e4nt\u00e4sylinteri sopii t\u00e4ydellisesti raskaisiin lumiaurausteht\u00e4viin ankarimmissakin ilmastoissa.<\/p>\n<h2>Tuotteen ominaisuudet<\/h2>\n<p>Minikokoisessa kaksisuuntaisessa hydraulisylinteriss\u00e4 on ter\u00e4srunko ja vakiorakenne, ja sen ty\u00f6nt\u00f6voima on enint\u00e4\u00e4n 3000 tonnia ja vetovoima 20 tonnia. Sen sylinterin sis\u00e4halkaisija on 2\u20136 tuumaa, m\u00e4nn\u00e4nvarren koko 1,125\u20134 tuumaa, iskunpituus 4\u2013100 tuumaa ja tapin koko 0,5\u20132 tuumaa. T\u00e4m\u00e4 tuote on ISO 9001:2000 -sertifioitu, mik\u00e4 takaa laadun ja luotettavuuden. Se on uusi tuote, joka on tarkoitus julkaista vuonna 2023.<\/p>\n<h2>Huolto ja hoito<\/h2>\n<p>T\u00e4m\u00e4 hydraulinen m\u00e4nt\u00e4sylinteri on suunniteltu vaatimaan vain v\u00e4h\u00e4n huoltoa. S\u00e4\u00e4nn\u00f6llist\u00e4 tarkastusta suositellaan kuitenkin optimaalisen suorituskyvyn varmistamiseksi. T\u00e4m\u00e4n tuotteen ydinosilla, kuten laakerilla ja hydraulisylinterill\u00e4, on 1 vuoden takuu. Tuotteen mukana toimitetaan my\u00f6s koneen testausraportti ja videol\u00e4hetys laadun varmistamiseksi.<\/p>\n<h2>S\u00e4\u00e4dett\u00e4vien haarukkatyyppisten sylinterien edut<\/h2>\n<p>S\u00e4\u00e4dett\u00e4v\u00e4t haarukkatyyppiset sylinterit, kuten Premium Quality Mini Two Way Hydraulic M\u00e4nt\u00e4sylinteri lumiauraan, tarjoavat useita huomionarvoisia etuja erilaisissa sovelluksissa. N\u00e4m\u00e4 sylinterit on suunniteltu tarkasti ja edistyneell\u00e4 teknologialla tarjoamaan erinomaista suorituskyky\u00e4 ja pitk\u00e4ik\u00e4isyytt\u00e4. T\u00e4ss\u00e4 artikkelissa tutkimme s\u00e4\u00e4dett\u00e4vien haarukkatyyppisten sylinterien etuja ja keskustelemme niiden ainutlaatuisista ominaisuuksista, jotka tekev\u00e4t niist\u00e4 ensisijaisen valinnan monilla teollisuudenaloilla.<\/p>\n<h3>1. Parempi joustavuus ja sopeutumiskyky<\/h3>\n<p>Yksi s\u00e4\u00e4dett\u00e4vien haarukkatyyppisten sylinterien merkitt\u00e4vist\u00e4 eduista on niiden kyky tarjota parannettua joustavuutta ja mukautuvuutta. N\u00e4iss\u00e4 sylintereiss\u00e4 on haarukkakiinnitys, joka mahdollistaa helpon s\u00e4\u00e4t\u00e4misen ja kiinnitt\u00e4misen erilaisiin laitteisiin tai koneisiin. T\u00e4m\u00e4 monipuolisuus mahdollistaa niiden k\u00e4yt\u00f6n monenlaisissa sovelluksissa, kuten lumiauroissa, maatalouskoneissa, rakennuskoneissa ja muissa.<\/p>\n<h3>2. Tarkka ja luotettava ohjaus<\/h3>\n<p>S\u00e4\u00e4dett\u00e4v\u00e4t haarukkatyyppiset sylinterit tunnetaan poikkeuksellisesta hallinnastaan \u200b\u200bja tarkkuudestaan. Edistyksellisen hydrauliikkaj\u00e4rjestelm\u00e4ns\u00e4 ja tarkan suunnittelunsa ansiosta n\u00e4m\u00e4 sylinterit tarjoavat luotettavan ja tarkan hallinnan liikkeelle ja k\u00e4ytetylle voimalle. T\u00e4m\u00e4 hallinnan taso on ratkaisevan t\u00e4rke\u00e4\u00e4 sovelluksissa, joissa vaaditaan tarkkuutta, kuten maatalousteht\u00e4viss\u00e4, kuten istutuksessa tai sadonkorjuussa, joissa syvyytt\u00e4 ja sijaintia on hallittava tarkasti.<\/p>\n<h3>3. Korkea kest\u00e4vyys ja pitk\u00e4ik\u00e4isyys<\/h3>\n<p>Ensiluokkaisista materiaaleista ja edistyneill\u00e4 valmistustekniikoilla suunnitellut s\u00e4\u00e4dett\u00e4v\u00e4t haarukkatyyppiset sylinterit ovat poikkeuksellisen kest\u00e4vi\u00e4 ja pitk\u00e4ik\u00e4isi\u00e4. N\u00e4m\u00e4 sylinterit kest\u00e4v\u00e4t raskaita kuormia, \u00e4\u00e4rimm\u00e4isi\u00e4 l\u00e4mp\u00f6tiloja ja ankaria ty\u00f6olosuhteita suorituskykyns\u00e4 vaarantamatta. Korkealaatuisten tiivisteiden ja komponenttien k\u00e4ytt\u00f6 minimoi kulumisen, mik\u00e4 v\u00e4hent\u00e4\u00e4 usein toistuvan huollon tai vaihdon tarvetta.<\/p>\n<p><img decoding=\"async\" title=\"Lumiauran hydraulisylinteri\" src=\"https:\/\/hzpt.com\/wp-content\/uploads\/2023\/11\/Snow-Plow-Hydraulic-Cylinder-1.webp\" alt=\"Lumiauran hydraulisylinteri\" \/><\/p>\n<h3>4. Optimaalinen suorituskyky ja tehokkuus<\/h3>\n<p>S\u00e4\u00e4dett\u00e4v\u00e4t haarukkatyyppiset sylinterit on suunniteltu tarjoamaan optimaalista suorituskyky\u00e4 ja tehokkuutta. Hydraulij\u00e4rjestelm\u00e4 varmistaa sujuvan ja tehokkaan toiminnan, minimoi energianhukkaa ja maksimoi tuottavuuden. N\u00e4iden sylinterien liikkeen ja voiman tarkka hallinta mahdollistaa resurssien tehokkaan k\u00e4yt\u00f6n, mik\u00e4 johtaa kustannuss\u00e4\u00e4st\u00f6ihin ja parantaa kokonaissuorituskyky\u00e4.<\/p>\n<h3>5. Turvallisuus ja luotettavuus<\/h3>\n<p>Turvallisuuden ja luotettavuuden varmistaminen on \u00e4\u00e4rimm\u00e4isen t\u00e4rke\u00e4\u00e4 kaikissa teollisissa sovelluksissa. S\u00e4\u00e4dett\u00e4v\u00e4t haarukkatyyppiset sylinterit on suunniteltu turvaominaisuuksilla, kuten paineenalennusventtiileill\u00e4 ja ylikuormitussuojamekanismeilla. N\u00e4m\u00e4 sylinterit k\u00e4yv\u00e4t l\u00e4pi tiukat testit ja laatutarkastukset niiden luotettavuuden ja alan standardien noudattamisen varmistamiseksi, mik\u00e4 tarjoaa k\u00e4ytt\u00e4jille mielenrauhaa.<\/p>\n<p>Yhteenvetona voidaan todeta, ett\u00e4 s\u00e4\u00e4dett\u00e4v\u00e4t haarukkatyyppiset sylinterit, kuten Premium Quality Mini Two Way Hydraulic Piston Cylinder for Snow Plow, tarjoavat lukuisia etuja joustavuuden, hallittavuuden, kest\u00e4vyyden, suorituskyvyn ja turvallisuuden suhteen. Niiden ainutlaatuinen muotoilu ja edistyneet ominaisuudet tekev\u00e4t niist\u00e4 ensisijaisen valinnan useille eri toimialoille. Olipa kyseess\u00e4 lumiaurat, maatalouskoneet tai rakennuslaitteet, n\u00e4m\u00e4 sylinterit tarjoavat erinomaisen suorituskyvyn, pitk\u00e4ik\u00e4isyyden ja mukautuvuuden, mik\u00e4 tekee niist\u00e4 ihanteellisen valinnan vaativiin sovelluksiin.<\/p>\n<h3>Tietoa FMP:st\u00e4 \u2013 Rakennuskoneiden osien ja kokonaisten koneiden ammattimainen myynti ja huolto<\/h3>\n<p>FMP on johtava italialainen yritys, joka on erikoistunut rakennuskoneiden osien ja kokonaisten koneiden myyntiin ja huoltoon. Monivuotisen kokemuksemme alalta ja ammattitaitoisen tiimimme ansiosta tarjoamme asiakkaillemme korkealaatuisia ja luotettavia ratkaisuja.<\/p>\n<h3>Hydraulisylinteri \u2013 Huippulaatuinen tuotteemme<\/h3>\n<p>Yksi huippulaatuisista tuotteistamme on hydraulisylinteri. T\u00e4ss\u00e4 on joitakin syit\u00e4, miksi sinun kannattaa valita FMP hydraulisylinteritarpeisiisi:<\/p>\n<ol>\n<li><strong>Korkealaatuiset materiaalit<\/strong>Hydraulisylinterimme on valmistettu huippulaatuisista materiaaleista kest\u00e4vyyden ja luotettavuuden varmistamiseksi.<\/li>\n<li><strong>Mukautettavat vaihtoehdot<\/strong>Tarjoamme laajan valikoiman mukautettavia vaihtoehtoja juuri sinun tarpeisiisi, mukaan lukien s\u00e4\u00e4dett\u00e4v\u00e4t haarukkatyyppiset sylinterit, kuten alla oleva.<\/li>\n<li><strong>Asiantuntijakonsultaatio<\/strong>Kokenut myyntitiimimme tuntee rakennuskoneteollisuuden kehitystrendit ja asiakastarpeet. He voivat tarjota ammattimaista tuotekonsultointia ja \u00e4lykk\u00e4it\u00e4 ostoehdotuksia.<\/li>\n<li><strong>Tehokas logistiikka-jakeluj\u00e4rjestelm\u00e4<\/strong>Meill\u00e4 on tehokas logistiikkaj\u00e4rjestelm\u00e4 varmistaaksemme, ett\u00e4 asiakkaat saavat tarvittavat osat ajallaan ja t\u00e4sm\u00e4llisesti.<\/li>\n<li><strong>Tiukat laatustandardit<\/strong>Luomalla pitk\u00e4aikaisia \u200b\u200bja vakaita yhteisty\u00f6suhteita monien korkealaatuisten toimittajien kanssa kotimaassa ja ulkomailla varmistamme, ett\u00e4 kaikki toimitetut osat t\u00e4ytt\u00e4v\u00e4t tiukat laatustandardit.<\/li>\n<\/ol>\n<p>Valitse FMP hydraulisylinteritarpeisiisi ja koe ero laadussa ja palvelussa.<\/p>\n<p><img decoding=\"async\" src=\"https:\/\/fmp-components.com\/wp-content\/uploads\/2024\/12\/Adjustable-Clevis-Type-Cylinders-6.webp\" alt=\"S\u00e4\u00e4dett\u00e4v\u00e4 haarukkatyyppinen sylinteri\" width=\"809\" title=\"\"><\/p>\n<h2>Usein kysytyt kysymykset<\/h2>\n<h3>K: Oletko kauppayhti\u00f6 vai valmistaja?<\/h3>\n<p>A: Olemme tehdas. Kaikki tuotteemme valmistetaan itse, mik\u00e4 takaa laadun ja luotettavuuden.<\/p>\n<h3>K: Kuinka pitk\u00e4 on toimitusaikanne?<\/h3>\n<p>A: Normaali toimitusaikamme on 25\u201335 p\u00e4iv\u00e4\u00e4. T\u00e4m\u00e4 voi kuitenkin vaihdella tuotteesta ja tilausm\u00e4\u00e4r\u00e4st\u00e4 riippuen.<\/p>\n<h3>K: Toimitatteko n\u00e4ytteit\u00e4?<\/h3>\n<p>V: Kyll\u00e4, tarjoamme n\u00e4ytteit\u00e4, mutta ne eiv\u00e4t ole ilmaisia. Uskomme tuotteidemme laatuun ja olemme varmoja, ett\u00e4 sin\u00e4kin pid\u00e4t niist\u00e4, kun olet kokeillut niit\u00e4.<\/p>\n<p>Tekij\u00e4: CX<\/p>","protected":false},"excerpt":{"rendered":"<p>Premium Quality Mini Two Way Hydraulic Piston Cylinder for Snow Plow The Premium Quality Mini Two Way Hydraulic Piston Cylinder for Snow Plow is an essential tool for all snow plowing needs. This high-quality hydraulic cylinder is specially designed to provide excellent performance in harsh winter conditions. Made from premium quality materials, this hydraulic cylinder [&hellip;]<\/p>","protected":false},"featured_media":1463,"comment_status":"closed","ping_status":"closed","template":"","meta":{"_et_pb_use_builder":"","_et_pb_old_content":"","_et_gb_content_width":""},"product_brand":[],"product_cat":[42],"product_tag":[34,44],"class_list":{"0":"post-1462","1":"product","2":"type-product","3":"status-publish","4":"has-post-thumbnail","6":"product_cat-snow-plow-hydraulic-cylinder","7":"product_tag-hydraulic-cylinder","8":"product_tag-snow-plow-hydraulic-cylinder","10":"first","11":"instock","12":"product-type-simple"},"_links":{"self":[{"href":"https:\/\/fmp-components.com\/fi\/wp-json\/wp\/v2\/product\/1462","targetHints":{"allow":["GET"]}}],"collection":[{"href":"https:\/\/fmp-components.com\/fi\/wp-json\/wp\/v2\/product"}],"about":[{"href":"https:\/\/fmp-components.com\/fi\/wp-json\/wp\/v2\/types\/product"}],"replies":[{"embeddable":true,"href":"https:\/\/fmp-components.com\/fi\/wp-json\/wp\/v2\/comments?post=1462"}],"wp:featuredmedia":[{"embeddable":true,"href":"https:\/\/fmp-components.com\/fi\/wp-json\/wp\/v2\/media\/1463"}],"wp:attachment":[{"href":"https:\/\/fmp-components.com\/fi\/wp-json\/wp\/v2\/media?parent=1462"}],"wp:term":[{"taxonomy":"product_brand","embeddable":true,"href":"https:\/\/fmp-components.com\/fi\/wp-json\/wp\/v2\/product_brand?post=1462"},{"taxonomy":"product_cat","embeddable":true,"href":"https:\/\/fmp-components.com\/fi\/wp-json\/wp\/v2\/product_cat?post=1462"},{"taxonomy":"product_tag","embeddable":true,"href":"https:\/\/fmp-components.com\/fi\/wp-json\/wp\/v2\/product_tag?post=1462"}],"curies":[{"name":"wp","href":"https:\/\/api.w.org\/{rel}","templated":true}]}}