{"id":1458,"date":"2024-12-23T05:49:26","date_gmt":"2024-12-23T05:49:26","guid":{"rendered":"https:\/\/fmp-components.com\/product\/factory-serving-small-hydraulic-cylinder-double-acting-hydraulic-cylinder-for-snow-plow\/"},"modified":"2024-12-23T06:39:29","modified_gmt":"2024-12-23T06:39:29","slug":"factory-serving-small-hydraulic-cylinder-double-acting-hydraulic-cylinder-for-snow-plow","status":"publish","type":"product","link":"https:\/\/fmp-components.com\/fi\/product\/factory-serving-small-hydraulic-cylinder-double-acting-hydraulic-cylinder-for-snow-plow\/","title":{"rendered":"Tehdas palvelee pient\u00e4 hydraulisylinteri\u00e4, kaksitoimista hydraulisylinteri\u00e4 lumiauraan"},"content":{"rendered":"<h2>Tehdas palvelee pient\u00e4 hydraulisylinteri\u00e4, kaksitoimista hydraulisylinteri\u00e4 lumiauraan<\/h2>\n<p>Tehdaspalvelu pieni hydraulisylinteri, kaksitoiminen hydraulisylinteri lumiauraan, on korkealaatuinen hydraulisylinteri, joka on suunniteltu erityisesti lumiauroihin. Kaksitoimisen ominaisuutensa ansiosta t\u00e4m\u00e4 sylinteri tarjoaa tehokkaan ja luotettavan suorituskyvyn, auttaen poistamaan lumen ja j\u00e4\u00e4n nopeasti ja tehokkaasti.<\/p>\n<p>T\u00e4m\u00e4 ensiluokkaisista materiaaleista valmistettu hydraulisylinteri on tehty kest\u00e4m\u00e4\u00e4n. Kompaktin kokonsa ansiosta se on ihanteellinen valinta pienempiin lumiauramalleihin, sill\u00e4 se tarjoaa tilaa s\u00e4\u00e4st\u00e4v\u00e4n ratkaisun suorituskyvyst\u00e4 tinkim\u00e4tt\u00e4. Sen kaksitoiminen rakenne varmistaa sujuvan ja tasaisen toiminnan, mik\u00e4 mahdollistaa tarkan hallinnan ja maksimaalisen tehokkuuden.<\/p>\n<p><img decoding=\"async\" title=\"Lumiauran hydraulisylinteri\" src=\"https:\/\/hzpt.com\/wp-content\/uploads\/2023\/11\/Snow-Plow-Hydraulic-Cylinder-1.webp\" alt=\"Lumiauran hydraulisylinteri\" \/><\/p>\n<p>Oletpa sitten ammattimainen lumenaurauspalvelun tarjoaja tai omakotitalon omistaja, joka etsii tehokasta tapaa puhdistaa ajotielt\u00e4si, tehtaalla toimitettava pieni hydraulisylinteri, kaksitoiminen hydraulisylinteri lumiauraan, on luotettava ja tehokas ratkaisu. Kest\u00e4v\u00e4n rakenteensa ja edistyneiden ominaisuuksiensa ansiosta t\u00e4m\u00e4 hydraulisylinteri vastaa varmasti talvis\u00e4\u00e4h\u00e4n kohdistuviin ankarimpiinkin vaatimuksiin.<\/p>\n<div>\n<h2>Tutustu lumiauraasi sopivaan tehokkaaseen, kaksitoimiseen hydrauliseen sylinteriin<\/h2>\n<p>Etsitk\u00f6 luotettavaa ja tehokasta hydraulisylinteri\u00e4 lumiauraasi? \u00c4l\u00e4 etsi en\u00e4\u00e4, vaan valitse tehtaastamme! Tarjoamme uuden ja kest\u00e4v\u00e4n hydraulisylinterin vuoden takuulla. Se sopii useille eri toimialoille, kuten konepajoille, maatiloille, energia- ja kaivosteollisuudelle, konevalmistukseen ja konetehtaisiin.<\/p>\n<h2>Tuotteen ominaisuudet<\/h2>\n<ul>\n<li>Paino: 5,4 kg<\/li>\n<li>Valmistettu kest\u00e4v\u00e4st\u00e4 ter\u00e4ksest\u00e4<\/li>\n<li>Hydraulinen k\u00e4ytt\u00f6 takaa erinomaisen suorituskyvyn ja luotettavuuden<\/li>\n<li>Maksimi ty\u00f6nt\u00f6voima: 3000<\/li>\n<li>Maksimiveto: 20 tonnia<\/li>\n<li>Rei\u00e4n koko: 2-6 tuumaa<\/li>\n<li>Tangon koko: 1,125\u20134 tuumaa<\/li>\n<li>Iskun pituus: 4\u2013100 tuumaa<\/li>\n<li>Tapin koko: 0,5\u20132 tuumaa<\/li>\n<li>V\u00e4ri: musta<\/li>\n<li>Sertifiointi: ISO9001:2000<\/li>\n<li>Pakkaus: rautakotelo, vanerikotelo tai pahvilaatikko<\/li>\n<\/ul>\n<p><img decoding=\"async\" src=\"https:\/\/hzpt.com\/wp-content\/uploads\/2023\/11\/Snow-Plow-Hydraulic-Cylinder-4Factory.webp\" alt=\"Tehdaskuva\" title=\"\"><\/p>\n<\/div>\n<h2>S\u00e4\u00e4dett\u00e4vien haarukkatyyppisten sylinterien edut<\/h2>\n<p>S\u00e4\u00e4dett\u00e4vi\u00e4 haarukkatyyppisi\u00e4 sylintereit\u00e4 k\u00e4ytet\u00e4\u00e4n laajalti eri teollisuudenaloilla niiden monipuolisuuden ja tarjoamien etujen ansiosta. T\u00e4ss\u00e4 on joitakin s\u00e4\u00e4dett\u00e4vien haarukkatyyppisten sylinterien t\u00e4rkeimmist\u00e4 eduista:<\/p>\n<h3>1. Monipuolisuus<\/h3>\n<p>Yksi s\u00e4\u00e4dett\u00e4vien haarukkatyyppisten sylinterien t\u00e4rkeimmist\u00e4 eduista on niiden monipuolisuus. N\u00e4it\u00e4 sylintereit\u00e4 voidaan k\u00e4ytt\u00e4\u00e4 monenlaisissa sovelluksissa, mik\u00e4 tekee niist\u00e4 ihanteellisen valinnan monille teollisuudenaloille. Niit\u00e4 k\u00e4ytet\u00e4\u00e4n yleisesti esimerkiksi materiaalink\u00e4sittelyss\u00e4, rakennuskoneissa ja maatalouskoneissa.<\/p>\n<h3>2. S\u00e4\u00e4dett\u00e4v\u00e4 iskunpituus<\/h3>\n<p>S\u00e4\u00e4dett\u00e4vien haarukkatyyppisten sylinterien toinen merkitt\u00e4v\u00e4 etu on niiden s\u00e4\u00e4dett\u00e4v\u00e4 iskunpituus. T\u00e4m\u00e4 tarkoittaa, ett\u00e4 sylinterin iskunpituutta voidaan helposti s\u00e4\u00e4t\u00e4\u00e4 sovelluksen erityistarpeiden mukaan. T\u00e4m\u00e4 on erityisen hy\u00f6dyllist\u00e4 tilanteissa, joissa sylinteri\u00e4 k\u00e4ytet\u00e4\u00e4n erilaisissa sovelluksissa, joissa vaatimukset vaihtelevat.<\/p>\n<h3>3. Suuri kuormituskapasiteetti<\/h3>\n<p>S\u00e4\u00e4dett\u00e4v\u00e4t haarukkatyyppiset sylinterit on suunniteltu suurelle kuormituskapasiteetille, mik\u00e4 tekee niist\u00e4 sopivia raskaisiin sovelluksiin. Niit\u00e4 k\u00e4ytet\u00e4\u00e4n yleisesti sovelluksissa, jotka vaativat suurta voimaa ja painetta, kuten raskaiden koneiden rakentamisessa.<\/p>\n<h3>4. Kaksitoiminen tai yksitoiminen<\/h3>\n<p>S\u00e4\u00e4dett\u00e4v\u00e4t haarukkatyyppiset sylinterit voidaan suunnitella joko kaksitoimisiksi tai yksitoimisiksi sylintereiksi k\u00e4ytt\u00f6tarkoituksen vaatimuksista riippuen. Kaksitoimisia sylintereit\u00e4 k\u00e4ytet\u00e4\u00e4n yleisesti sovelluksissa, jotka vaativat sek\u00e4 ty\u00f6nt\u00f6- ett\u00e4 vetovoimia, kun taas yksitoimisia sylintereit\u00e4 k\u00e4ytet\u00e4\u00e4n sovelluksissa, jotka vaativat vain yhteen suuntaan suuntautuvaa voimaa.<\/p>\n<h3>5. Tehdas palvelee pient\u00e4 hydraulisylinteri\u00e4<\/h3>\n<p>S\u00e4\u00e4dett\u00e4vi\u00e4 haarukkatyyppisi\u00e4 sylintereit\u00e4 voidaan valmistaa useissa eri kokoluokissa, joten ne sopivat erilaisiin sovelluksiin, mukaan lukien sellaisiin, jotka vaativat pieni\u00e4 hydraulisylintereit\u00e4. Niit\u00e4 k\u00e4ytet\u00e4\u00e4n yleisesti sovelluksissa, jotka vaativat suurta tarkkuutta, kuten l\u00e4\u00e4ketieteellisiss\u00e4 laitteissa ja laboratorioinstrumenteissa.<\/p>\n<h3>6. Kaksitoiminen hydraulisylinteri lumiauralle<\/h3>\n<p>S\u00e4\u00e4dett\u00e4vi\u00e4 haarukkatyyppisi\u00e4 sylintereit\u00e4 k\u00e4ytet\u00e4\u00e4n yleisesti lumiauroissa, koska ne pystyv\u00e4t tuottamaan suuren voiman ja paineen. Kaksitoimisia hydraulisylintereit\u00e4 k\u00e4ytet\u00e4\u00e4n lumiauroissa auran ter\u00e4n nostamiseen ja laskemiseen samalla, kun ne tarjoavat tarvittavan voiman ter\u00e4n liikuttamiseen puolelta toiselle.<\/p>\n<p>Yhteenvetona voidaan todeta, ett\u00e4 s\u00e4\u00e4dett\u00e4v\u00e4t haarukkatyyppiset sylinterit tarjoavat useita etuja, jotka tekev\u00e4t niist\u00e4 ihanteellisen valinnan moniin sovelluksiin. Niiden monipuolisuus, s\u00e4\u00e4dett\u00e4v\u00e4 iskunpituus, suuri kuormituskapasiteetti ja mahdollisuus suunnitella joko kaksitoimisiksi tai yksitoimisiksi sylintereiksi tekev\u00e4t niist\u00e4 sopivia monille eri teollisuudenaloille ja sovelluksiin. Lis\u00e4ksi niiden kyky valmistaa niit\u00e4 useissa eri kokoluokissa, mukaan lukien pienet hydraulisylinterit, tekee niist\u00e4 suositun valinnan tarkkuussovelluksiin.<\/p>\n<h3>Tietoja FMP:st\u00e4 \u2013 Hydraulisylinteri<\/h3>\n<p>FMP on johtava yritys rakennuskoneiden osien ja kokonaisten koneiden myynniss\u00e4 ja huollossa. Meill\u00e4 on vuosien kokemus alalta ja ammattitaitoinen asiantuntijatiimi, joka tarjoaa korkealaatuisia ja luotettavia rakennuskoneiden osia ja kokonaisia \u200b\u200bkoneratkaisuja. Laaja tuotevalikoimamme sis\u00e4lt\u00e4\u00e4 maatalouskoneiden vaihteistoja, planeettavaihteistoja, teollisuusvaihteistoja, maatalouskoneiden osia ja useita niihin sopivia huipputason lis\u00e4varusteita. Olemme sitoutuneet tarjoamaan asiakkaillemme parhaita tuotteita ja palveluita. T\u00e4ss\u00e4 on joitakin syit\u00e4, miksi sinun kannattaa valita FMP hydraulisylintereiksi:<\/p>\n<ol>\n<li><strong>Korkealaatuiset ja luotettavat tuotteet:<\/strong> FMP:ll\u00e4 asetamme tuotteidemme laadun etusijalle. Luomme pitk\u00e4aikaisia \u200b\u200bja vakaita yhteisty\u00f6suhteita korkealaatuisten toimittajien kanssa ymp\u00e4ri maailmaa. Kaikki toimittamamme osat t\u00e4ytt\u00e4v\u00e4t tiukat laatustandardit.<\/li>\n<li><strong>Laaja tuotevalikoima:<\/strong> Tarjoamme laajan valikoiman hydraulisylintereit\u00e4, mukaan lukien vakio- ja r\u00e4\u00e4t\u00e4l\u00f6ityj\u00e4 sylintereit\u00e4. S\u00e4\u00e4dett\u00e4v\u00e4 haarukkatyyppinen sylinterimme on suosittu tuote, joka on eritt\u00e4in kest\u00e4v\u00e4 ja s\u00e4\u00e4dett\u00e4viss\u00e4 vastaamaan erilaisiin tarpeisiin.<\/li>\n<li><strong>Ammattimainen myyntitiimi:<\/strong> Myyntitiimimme on kokenut ja taitava rakennuskonealalla. He tuntevat uusimmat kehitystrendit ja asiakkaiden tarpeet ja voivat tarjota ammattimaista tuotekonsultointia ja \u00e4lykk\u00e4it\u00e4 ostoehdotuksia.<\/li>\n<li><strong>Tehokas logistiikka jakelussa:<\/strong> Ymm\u00e4rr\u00e4mme, ett\u00e4 oikea-aikainen toimitus on asiakkaillemme ratkaisevan t\u00e4rke\u00e4\u00e4. Siksi olemme luoneet tehokkaan logistiikka- ja jakeluj\u00e4rjestelm\u00e4n varmistaaksemme, ett\u00e4 asiakkaat saavat tarvitsemansa osat ajallaan ja t\u00e4sm\u00e4llisesti.<\/li>\n<li><strong>Kilpailukykyiset hinnat:<\/strong> FMP:ll\u00e4 tarjoamme kilpailukykyisi\u00e4 hintoja laadusta tinkim\u00e4tt\u00e4. Pyrimme tarjoamaan asiakkaillemme parhaan vastineen rahoilleen.<\/li>\n<\/ol>\n<p><img decoding=\"async\" src=\"https:\/\/fmp-components.com\/wp-content\/uploads\/2024\/12\/Adjustable-Clevis-Type-Cylinders-6.webp\" alt=\"S\u00e4\u00e4dett\u00e4v\u00e4 haarukkatyyppinen sylinteri\" width=\"807\" title=\"\"><\/p>\n<p>Olemme omistautuneet tarjoamaan asiakkaillemme korkealaatuisia tuotteita ja palveluita, ja olemme varmoja, ett\u00e4 pystymme t\u00e4ytt\u00e4m\u00e4\u00e4n hydraulisylinteritarpeesi. \u00c4l\u00e4 ep\u00e4r\u00f6i ottaa meihin yhteytt\u00e4, jos sinulla on lis\u00e4kysymyksi\u00e4 tai haluat tehd\u00e4 tilauksen.<\/p>\n<p>Tekij\u00e4: CX<\/p>","protected":false},"excerpt":{"rendered":"<p>Factory Serving Small Hydraulic Cylinder Double Acting Hydraulic Cylinder For Snow Plow Factory Serving Small Hydraulic Cylinder Double Acting Hydraulic Cylinder For Snow Plow is a high-quality hydraulic cylinder designed specifically for use in snow plows. With its double acting capability, this cylinder delivers powerful and reliable performance, helping to clear snow and ice quickly [&hellip;]<\/p>","protected":false},"featured_media":1459,"comment_status":"closed","ping_status":"closed","template":"","meta":{"_et_pb_use_builder":"","_et_pb_old_content":"","_et_gb_content_width":""},"product_brand":[],"product_cat":[42],"product_tag":[34,44],"class_list":{"0":"post-1458","1":"product","2":"type-product","3":"status-publish","4":"has-post-thumbnail","6":"product_cat-snow-plow-hydraulic-cylinder","7":"product_tag-hydraulic-cylinder","8":"product_tag-snow-plow-hydraulic-cylinder","10":"first","11":"instock","12":"product-type-simple"},"_links":{"self":[{"href":"https:\/\/fmp-components.com\/fi\/wp-json\/wp\/v2\/product\/1458","targetHints":{"allow":["GET"]}}],"collection":[{"href":"https:\/\/fmp-components.com\/fi\/wp-json\/wp\/v2\/product"}],"about":[{"href":"https:\/\/fmp-components.com\/fi\/wp-json\/wp\/v2\/types\/product"}],"replies":[{"embeddable":true,"href":"https:\/\/fmp-components.com\/fi\/wp-json\/wp\/v2\/comments?post=1458"}],"wp:featuredmedia":[{"embeddable":true,"href":"https:\/\/fmp-components.com\/fi\/wp-json\/wp\/v2\/media\/1459"}],"wp:attachment":[{"href":"https:\/\/fmp-components.com\/fi\/wp-json\/wp\/v2\/media?parent=1458"}],"wp:term":[{"taxonomy":"product_brand","embeddable":true,"href":"https:\/\/fmp-components.com\/fi\/wp-json\/wp\/v2\/product_brand?post=1458"},{"taxonomy":"product_cat","embeddable":true,"href":"https:\/\/fmp-components.com\/fi\/wp-json\/wp\/v2\/product_cat?post=1458"},{"taxonomy":"product_tag","embeddable":true,"href":"https:\/\/fmp-components.com\/fi\/wp-json\/wp\/v2\/product_tag?post=1458"}],"curies":[{"name":"wp","href":"https:\/\/api.w.org\/{rel}","templated":true}]}}