{"id":1456,"date":"2024-12-23T05:49:26","date_gmt":"2024-12-23T05:49:26","guid":{"rendered":"https:\/\/fmp-components.com\/product\/factory-price-small-hydraulic-piston-cylinder-hydraulic-cylinder-double-acting-for-snow-plow\/"},"modified":"2024-12-23T06:41:55","modified_gmt":"2024-12-23T06:41:55","slug":"factory-price-small-hydraulic-piston-cylinder-hydraulic-cylinder-double-acting-for-snow-plow","status":"publish","type":"product","link":"https:\/\/fmp-components.com\/fi\/product\/factory-price-small-hydraulic-piston-cylinder-hydraulic-cylinder-double-acting-for-snow-plow\/","title":{"rendered":"Tehtaan hinta pieni hydraulinen m\u00e4nt\u00e4sylinteri hydraulinen sylinteri kaksitoiminen lumiauralle"},"content":{"rendered":"<p>Tehtaan hintainen pieni hydraulinen m\u00e4nt\u00e4sylinteri, hydraulinen sylinteri, kaksitoiminen lumiauraanTehtaan hintainen pieni hydraulinen m\u00e4nt\u00e4sylinteri, hydraulinen sylinteri, kaksitoiminen lumiauraan on korkealaatuinen hydraulisylinteri, joka on suunniteltu erityisesti lumiauroihin. T\u00e4m\u00e4 sylinteri on kaksitoiminen, mik\u00e4 tarkoittaa, ett\u00e4 se tuottaa voimaa molempiin suuntiin, joten se sopii erinomaisesti auraussovelluksiin, joissa tarvitaan sek\u00e4 ty\u00f6nt\u00f6- ett\u00e4 vetovoimia.<\/p>\n<p><img decoding=\"async\" title=\"Lumiauran hydraulisylinteri\" src=\"https:\/\/hzpt.com\/wp-content\/uploads\/2023\/11\/Snow-Plow-Hydraulic-Cylinder-2.webp\" alt=\"Lumiauran hydraulisylinteri\" \/><\/p>\n<p>Kest\u00e4vist\u00e4 materiaaleista valmistettu hydraulisylinteri on rakennettu kest\u00e4m\u00e4\u00e4n lumenaurauksen aikana esiintyv\u00e4t ankarat olosuhteet. Sen kompakti rakenne tekee siit\u00e4 helpon asentaa ja k\u00e4ytt\u00e4\u00e4. Sylinteri toimii my\u00f6s tasaisesti, mik\u00e4 varmistaa tehokkaan suorituskyvyn.<\/p>\n<p>Yksi t\u00e4m\u00e4n hydraulisylinterin t\u00e4rkeimmist\u00e4 eduista on sen tehdashinta. Korkealaatuisesta rakenteestaan \u200b\u200bhuolimatta se on hinnoiteltu kilpailukykyisesti, mik\u00e4 tekee siit\u00e4 kustannustehokkaan vaihtoehdon lumiaurojen valmistajille ja k\u00e4ytt\u00e4jille.<\/p>\n<p>Yhteenvetona voidaan todeta, ett\u00e4 tehdashintainen pieni hydraulinen m\u00e4nt\u00e4sylinteri, kaksitoiminen, lumiauraan tarkoitettu hydraulisylinteri, on luotettava, tehokas ja kustannustehokas hydraulisylinteri, joka sopii t\u00e4ydellisesti lumiauraukseen. Sen kest\u00e4v\u00e4 rakenne, sujuva toiminta ja kilpailukykyinen hinta tekev\u00e4t siit\u00e4 suositun valinnan lumiaurojen valmistajien ja k\u00e4ytt\u00e4jien keskuudessa. Esittelyss\u00e4 tuote, joka tasapainottaa t\u00e4ydellisesti suorituskyvyn, kest\u00e4vyyden ja kohtuuhintaisuuden. Pieni hydraulinen m\u00e4nt\u00e4sylinterimme on suunniteltu erityisesti lumiauroille, ja se varmistaa sujuvan toiminnan jopa ankarimmissa s\u00e4\u00e4olosuhteissa.<\/p>\n<h2>T\u00e4rkeimm\u00e4t ominaisuudet<\/h2>\n<p>T\u00e4ss\u00e4 kaksitoimisessa hydraulisylinteriss\u00e4 on useita vaikuttavia ominaisuuksia:<\/p>\n<ul>\n<li><strong>Teho:<\/strong> Hydraulinen<\/li>\n<li><strong>Rungon materiaali:<\/strong> Ter\u00e4s<\/li>\n<li><strong>Maksimi ty\u00f6nt\u00f6voima:<\/strong> 3000<\/li>\n<li><strong>Portit:<\/strong> G\/SAE\/NPT\/M<\/li>\n<li><strong>Maksimiveto:<\/strong> 20 tonnia<\/li>\n<li><strong>Sertifiointi:<\/strong> ISO9001:2000<\/li>\n<\/ul>\n<p><img decoding=\"async\" src=\"https:\/\/hzpt.com\/wp-content\/uploads\/2023\/11\/Snow-Plow-Hydraulic-Cylinder-4Factory.webp\" alt=\"\" title=\"\"><\/p>\n<h2>S\u00e4\u00e4dett\u00e4vien haarukkatyyppisten sylinterien edut<\/h2>\n<p>Hydraulij\u00e4rjestelmien maailmassa s\u00e4\u00e4dett\u00e4v\u00e4t haarukkatyyppiset sylinterit ovat kasvattaneet suosiotaan ainutlaatuisten ominaisuuksiensa ja etujensa ansiosta. N\u00e4m\u00e4 sylinterit on suunniteltu tarkasti ja teknisesti huippuosaamisella, mik\u00e4 tekee niist\u00e4 ihanteellisen valinnan erilaisiin sovelluksiin. T\u00e4ss\u00e4 blogikirjoituksessa tutkimme s\u00e4\u00e4dett\u00e4vien haarukkatyyppisten sylinterien etuja ja perehdymme niiden monimutkaisiin yksityiskohtiin.<\/p>\n<p><strong>1. Parempi joustavuus:<\/strong> Yksi s\u00e4\u00e4dett\u00e4vien haarukkatyyppisten sylinterien merkitt\u00e4vist\u00e4 eduista on niiden kyky tarjota parannettua joustavuutta hydraulij\u00e4rjestelmiss\u00e4. N\u00e4m\u00e4 sylinterit on suunniteltu mahdollistamaan haarukan asennon helppo s\u00e4\u00e4t\u00f6, mik\u00e4 mahdollistaa sylinterin tarkan kohdistuksen ja sijoittelun.<\/p>\n<p><strong>2. Optimaalinen suorituskyky:<\/strong> S\u00e4\u00e4dett\u00e4v\u00e4t haarukkatyyppiset sylinterit tarjoavat optimaalisen suorituskyvyn edistyksellisen suunnittelunsa ja rakenteensa ansiosta. N\u00e4m\u00e4 sylinterit on rakennettu kest\u00e4m\u00e4\u00e4n korkeaa painetta ja raskaita kuormia, mik\u00e4 varmistaa sujuvan ja tehokkaan toiminnan erilaisissa sovelluksissa. Olipa kyseess\u00e4 sitten raskaiden koneiden nostaminen tai lumiauran k\u00e4ytt\u00f6, n\u00e4m\u00e4 sylinterit tarjoavat poikkeuksellisen suorituskyvyn.<\/p>\n<p><strong>3. Monipuolisuus:<\/strong> S\u00e4\u00e4dett\u00e4vien haarukkatyyppisten sylinterien monipuolisuus on toinen huomionarvoinen etu. N\u00e4it\u00e4 sylintereit\u00e4 voidaan k\u00e4ytt\u00e4\u00e4 monilla eri teollisuudenaloilla, kuten rakentamisessa, maataloudessa ja teollisuudessa. Tarvitsetpa hydraulisylinteri\u00e4 pienimuotoiseen projektiin tai laajaan teolliseen sovellukseen, s\u00e4\u00e4dett\u00e4v\u00e4t haarukkatyyppiset sylinterit voivat t\u00e4ytt\u00e4\u00e4 vaatimuksesi.<\/p>\n<p><strong>4. Kest\u00e4vyys:<\/strong> Hydraulij\u00e4rjestelmiss\u00e4 kest\u00e4vyys on \u00e4\u00e4rimm\u00e4isen t\u00e4rke\u00e4\u00e4. S\u00e4\u00e4dett\u00e4v\u00e4t haarukkatyyppiset sylinterit tunnetaan poikkeuksellisesta kest\u00e4vyydest\u00e4\u00e4n ja pitk\u00e4ik\u00e4isyydest\u00e4\u00e4n. N\u00e4m\u00e4 sylinterit on valmistettu korkealaatuisista materiaaleista ja ne k\u00e4yv\u00e4t l\u00e4pi tiukat testit sen varmistamiseksi, ett\u00e4 ne kest\u00e4v\u00e4t ankaria ymp\u00e4rist\u00f6olosuhteita ja kovaa k\u00e4ytt\u00f6\u00e4.<\/p>\n<p><strong>5. Helppo huolto:<\/strong> Hydraulij\u00e4rjestelmien huolto voi olla monimutkainen teht\u00e4v\u00e4, mutta s\u00e4\u00e4dett\u00e4v\u00e4t haarukkatyyppiset sylinterit yksinkertaistavat prosessia. N\u00e4m\u00e4 sylinterit on suunniteltu helppok\u00e4ytt\u00f6isiksi, ja niiss\u00e4 on ominaisuuksia, kuten helposti saatavilla olevat rasvanipat ja tiivistesarjat. T\u00e4m\u00e4 tekee rutiinihuollosta ja korjauksista vaivattomia, s\u00e4\u00e4st\u00e4en aikaa ja vaivaa.<\/p>\n<p><strong>6. Kustannustehokas:<\/strong> Viimeisen\u00e4 muttei v\u00e4h\u00e4isimp\u00e4n\u00e4, s\u00e4\u00e4dett\u00e4v\u00e4t haarukkatyyppiset sylinterit tarjoavat kustannustehokkaan ratkaisun hydraulisiin sovelluksiin. N\u00e4ill\u00e4 sylintereill\u00e4 on tehdashintaetuja, mik\u00e4 tekee niist\u00e4 edullisen vaihtoehdon tinkim\u00e4tt\u00e4 laadusta ja suorituskyvyst\u00e4. Niiden pitk\u00e4 k\u00e4ytt\u00f6ik\u00e4 ja v\u00e4h\u00e4iset huoltotarpeet edist\u00e4v\u00e4t my\u00f6s niiden kustannustehokkuutta.<\/p>\n<p>Yhteenvetona voidaan todeta, ett\u00e4 s\u00e4\u00e4dett\u00e4v\u00e4t haarukkatyyppiset sylinterit tuovat lukuisia etuja hydraulij\u00e4rjestelmiin. Niiden joustavuus, optimaalinen suorituskyky, monipuolisuus, kest\u00e4vyys, helppo huolto ja kustannustehokkuus tekev\u00e4t niist\u00e4 erinomaisen valinnan useille eri teollisuudenaloille. Tarvitsetpa sitten pient\u00e4 hydraulista m\u00e4nt\u00e4sylinteri\u00e4 tai kaksitoimista sylinteri\u00e4 lumiauraan, s\u00e4\u00e4dett\u00e4v\u00e4t haarukkatyyppiset sylinterit ovat ratkaisu, johon voit luottaa.<\/p>\n<h3>Tietoa FMP:st\u00e4 \u2013 ratkaisusi korkealaatuisiin hydraulisylintereihin<\/h3>\n<p>Etsitk\u00f6 luotettavia ja korkealaatuisia hydraulisylintereit\u00e4, jotka kest\u00e4v\u00e4t vaativimmatkin ty\u00f6maat? FMP on oikea valinta! Johtavana rakennuskoneiden osien ja kokonaisten koneiden myynti- ja huoltopalveluntarjoajana olemme erikoistuneet huippuluokan hydraulisylintereiden valmistukseen kaikkiin rakennustarpeisiisi.<\/p>\n<p>T\u00e4ss\u00e4 on vain muutamia syit\u00e4, miksi sinun kannattaa valita FMP hydraulisylinteritarpeisiisi:<\/p>\n<p>1. <strong>Vertaansa vailla oleva laatu:<\/strong> FMP:ll\u00e4 otamme laadun vakavasti. Hankimme materiaalimme vain luotettavimmilta toimittajilta ja varmistamme, ett\u00e4 jokainen varastostamme l\u00e4htev\u00e4 sylinteri t\u00e4ytt\u00e4\u00e4 tiukat laatustandardimme.<\/p>\n<p>2. <strong>Laaja tuotevalikoima:<\/strong> Tuotevalikoimamme on laaja ja monipuolinen, ja se sis\u00e4lt\u00e4\u00e4 s\u00e4\u00e4dett\u00e4vi\u00e4 haarukkatyyppisi\u00e4 sylintereit\u00e4, yksitoimisia sylintereit\u00e4, teleskooppisylintereit\u00e4 ja paljon muuta. Olivatpa erityistarpeesi mitk\u00e4 tahansa, meill\u00e4 on hydraulisylinteri, joka hoitaa ty\u00f6n.<\/p>\n<p>3. <strong>Ammattitiimi:<\/strong> Asiantuntijatiimimme on eritt\u00e4in kokenut rakennuskoneteollisuudessa ja voi tarjota r\u00e4\u00e4t\u00e4l\u00f6ity\u00e4 tuotekonsultointia ja ostoehdotuksia varmistaakseen, ett\u00e4 saat projektiisi oikean hydraulisylinterin.<\/p>\n<p>4. <strong>Tehokas logistiikka:<\/strong> Ymm\u00e4rr\u00e4mme, ett\u00e4 aika on rahaa rakennusalalla. Siksi meill\u00e4 on k\u00e4yt\u00f6ss\u00e4 tehokas logistiikkaj\u00e4rjestelm\u00e4, joka varmistaa, ett\u00e4 saat hydraulisylinterisi ajallaan ja t\u00e4sm\u00e4llisesti.<\/p>\n<p>5. <strong>Kilpailukykyinen hinnoittelu:<\/strong> FMP:ll\u00e4 uskomme, ett\u00e4 laadusta ei pid\u00e4 tinki\u00e4. Tarjoamme kilpailukykyiset hinnat kaikille hydraulisylintereillemme laadusta tai luotettavuudesta tinkim\u00e4tt\u00e4.<\/p>\n<p>Etsitp\u00e4 sitten s\u00e4\u00e4dett\u00e4vi\u00e4 haarukkatyyppisi\u00e4 sylintereit\u00e4 tai muita hydraulisylintereit\u00e4 rakennustarpeisiisi, luota FMP:hen toimittamaan alan parhaat tuotteet ja palvelut. Ota yhteytt\u00e4 jo t\u00e4n\u00e4\u00e4n saadaksesi lis\u00e4tietoja ja aloittaaksesi!<\/p>\n<p><img decoding=\"async\" src=\"https:\/\/fmp-components.com\/wp-content\/uploads\/2024\/12\/Adjustable-Clevis-Type-Cylinders-6.webp\" alt=\"S\u00e4\u00e4dett\u00e4v\u00e4 haarukkatyyppinen sylinteri\" width=\"806\" title=\"\">Tekij\u00e4: CX<\/p>","protected":false},"excerpt":{"rendered":"<p>Factory Price Small Hydraulic Piston Cylinder Hydraulic Cylinder Double Acting For Snow PlowFactory Price Small Hydraulic Piston Cylinder Hydraulic Cylinder Double Acting For Snow Plow is a high-quality hydraulic cylinder designed specifically for use in snow plows. This cylinder is double-acting, which means it provides force in both directions, making it ideal for plow applications [&hellip;]<\/p>","protected":false},"featured_media":1457,"comment_status":"closed","ping_status":"closed","template":"","meta":{"_et_pb_use_builder":"","_et_pb_old_content":"","_et_gb_content_width":""},"product_brand":[],"product_cat":[42],"product_tag":[34,44],"class_list":{"0":"post-1456","1":"product","2":"type-product","3":"status-publish","4":"has-post-thumbnail","6":"product_cat-snow-plow-hydraulic-cylinder","7":"product_tag-hydraulic-cylinder","8":"product_tag-snow-plow-hydraulic-cylinder","10":"first","11":"instock","12":"product-type-simple"},"_links":{"self":[{"href":"https:\/\/fmp-components.com\/fi\/wp-json\/wp\/v2\/product\/1456","targetHints":{"allow":["GET"]}}],"collection":[{"href":"https:\/\/fmp-components.com\/fi\/wp-json\/wp\/v2\/product"}],"about":[{"href":"https:\/\/fmp-components.com\/fi\/wp-json\/wp\/v2\/types\/product"}],"replies":[{"embeddable":true,"href":"https:\/\/fmp-components.com\/fi\/wp-json\/wp\/v2\/comments?post=1456"}],"wp:featuredmedia":[{"embeddable":true,"href":"https:\/\/fmp-components.com\/fi\/wp-json\/wp\/v2\/media\/1457"}],"wp:attachment":[{"href":"https:\/\/fmp-components.com\/fi\/wp-json\/wp\/v2\/media?parent=1456"}],"wp:term":[{"taxonomy":"product_brand","embeddable":true,"href":"https:\/\/fmp-components.com\/fi\/wp-json\/wp\/v2\/product_brand?post=1456"},{"taxonomy":"product_cat","embeddable":true,"href":"https:\/\/fmp-components.com\/fi\/wp-json\/wp\/v2\/product_cat?post=1456"},{"taxonomy":"product_tag","embeddable":true,"href":"https:\/\/fmp-components.com\/fi\/wp-json\/wp\/v2\/product_tag?post=1456"}],"curies":[{"name":"wp","href":"https:\/\/api.w.org\/{rel}","templated":true}]}}