{"id":1391,"date":"2024-12-23T02:19:41","date_gmt":"2024-12-23T02:19:41","guid":{"rendered":"https:\/\/fmp-components.com\/product\/china-factory-supply-custom-hydraulic-cylinder-double-acting-mini-hydraulic-cylinders\/"},"modified":"2024-12-23T08:50:06","modified_gmt":"2024-12-23T08:50:06","slug":"italy-factory-supply-custom-hydraulic-cylinder-double-acting-mini-hydraulic-cylinders","status":"publish","type":"product","link":"https:\/\/fmp-components.com\/fi\/product\/italy-factory-supply-custom-hydraulic-cylinder-double-acting-mini-hydraulic-cylinders\/","title":{"rendered":"Italian tehtaan toimittamat r\u00e4\u00e4t\u00e4l\u00f6idyt hydraulisylinterit, kaksitoimiset minihydraulisylinterit"},"content":{"rendered":"<h2>Italian tehtaan toimittamat r\u00e4\u00e4t\u00e4l\u00f6idyt hydraulisylinterit, kaksitoimiset minihydraulisylinterit<\/h2>\n<p>Italiassa tehtaalla toimitettavat mittatilausty\u00f6n\u00e4 tehdyt hydraulisylinterit. Kaksitoimiset minihydraulisylinterit ovat t\u00e4ydellinen ratkaisu pienimuotoisiin hydraulisiin sovelluksiin. N\u00e4m\u00e4 kompaktit sylinterit on suunniteltu tarjoamaan suurta voimaa pieness\u00e4 koossa, mik\u00e4 tekee niist\u00e4 ihanteellisia k\u00e4ytett\u00e4v\u00e4ksi ahtaissa tiloissa.<\/p>\n<p>N\u00e4m\u00e4 korkealaatuisista materiaaleista valmistetut hydraulisylinterit on rakennettu kest\u00e4m\u00e4\u00e4n. Kaksitoiminen rakenne mahdollistaa sylinterin liikkeen tarkan hallinnan, ja r\u00e4\u00e4t\u00e4l\u00f6ity rakenne varmistaa, ett\u00e4 sylinteri sopii t\u00e4ydellisesti juuri sinun sovellukseesi.<\/p>\n<p>Laajan koko- ja ominaisuusvalikoimansa ansiosta Italiassa tehtaalla toimitetut r\u00e4\u00e4t\u00e4l\u00f6idyt hydraulisylinterit, kaksitoimiset minihydraulisylinterit, ovat ihanteellinen valinta pienimuotoisiin hydraulisiin projekteihin. Tarvitsetpa sitten tehokkaan sylinterin raskaisiin nostoihin tai tarkan sylinterin herkille koneille, n\u00e4m\u00e4 sylinterit t\u00e4ytt\u00e4v\u00e4t varmasti tarpeesi.<\/p>\n<p><img loading=\"lazy\" decoding=\"async\" class=\"alignnone size-full wp-image-1334\" src=\"https:\/\/fmp-components.com\/wp-content\/uploads\/2024\/12\/Adjustable-Clevis-Type-Cylinders-4.webp\" alt=\"S\u00e4\u00e4dett\u00e4v\u00e4t haarukkatyyppiset sylinterit\" width=\"800\" height=\"800\" title=\"\" srcset=\"https:\/\/fmp-components.com\/wp-content\/uploads\/2024\/12\/Adjustable-Clevis-Type-Cylinders-4.webp 800w, https:\/\/fmp-components.com\/wp-content\/uploads\/2024\/12\/Adjustable-Clevis-Type-Cylinders-4-480x480.webp 480w\" sizes=\"(min-width: 0px) and (max-width: 480px) 480px, (min-width: 481px) 800px, 100vw\" \/><\/p>\n<p>Invest in Italy Factory Supply -mukautetut hydraulisylinterit, kaksitoimiset minihydraulisylinterit, jotka tarjoavat luotettavaa ja tehokasta hydraulista tehoa kompaktissa paketissa.<\/p>\n<p>Esittelyss\u00e4 uusi hydraulisylinterimallistomme suoraan huippumodernista tehtaastamme Italiassa. N\u00e4m\u00e4 r\u00e4\u00e4t\u00e4l\u00f6idyt kaksitoimiset minihydraulisylinterit sopivat t\u00e4ydellisesti monille eri toimialoille, kuten konepajoille, maatiloille, energia- ja kaivosteollisuudelle, konevalmistukseen ja muille. Vuoden takuun, laakereista ja itse hydraulisylinterist\u00e4 koostuvien ydinkomponenttien sek\u00e4 30 kg:n painon ansiosta n\u00e4m\u00e4 sylinterit on suunniteltu kest\u00e4viksi, luotettaviksi ja pitk\u00e4ik\u00e4isiksi.<\/p>\n<h2>S\u00e4\u00e4dett\u00e4vien haarukkatyyppisten sylinterien edut<\/h2>\n<p>S\u00e4\u00e4dett\u00e4v\u00e4t haarukkatyyppiset sylinterit ovat suosittu valinta hydraulisen voimansiirron alalla. N\u00e4ill\u00e4 sylintereill\u00e4 on laaja valikoima etuja, jotka tekev\u00e4t niist\u00e4 ihanteellisen valinnan moniin eri k\u00e4ytt\u00f6tarkoituksiin. T\u00e4ss\u00e4 artikkelissa tutkimme s\u00e4\u00e4dett\u00e4vien haarukkatyyppisten sylinterien etuja perusteellisesti.<\/p>\n<h3>1. Monipuolisuus<\/h3>\n<p>Yksi s\u00e4\u00e4dett\u00e4vien haarukkatyyppisten sylinterien t\u00e4rkeimmist\u00e4 eduista on niiden monipuolisuus. N\u00e4it\u00e4 sylintereit\u00e4 voidaan r\u00e4\u00e4t\u00e4l\u00f6id\u00e4 sopimaan monenlaisiin sovelluksiin, mik\u00e4 tekee niist\u00e4 suositun valinnan useilla eri teollisuudenaloilla. Raskkaista rakennuskoneista pienimuotoisiin valmistuskoneisiin, s\u00e4\u00e4dett\u00e4v\u00e4t haarukkatyyppiset sylinterit voidaan mukauttaa mink\u00e4 tahansa projektin erityistarpeisiin.<\/p>\n<h3>2. Tehokkuuden lis\u00e4\u00e4ntyminen<\/h3>\n<p>S\u00e4\u00e4dett\u00e4vien haarukkatyyppisten sylinterien toinen merkitt\u00e4v\u00e4 etu on niiden kyky parantaa tehokkuutta. N\u00e4m\u00e4 sylinterit on suunniteltu tarjoamaan paljon voimaa ja tehoa samalla maksimoimalla energiatehokkuus. T\u00e4m\u00e4 tarkoittaa, ett\u00e4 ne voivat auttaa v\u00e4hent\u00e4m\u00e4\u00e4n kokonaisenergiankulutusta, mik\u00e4 voi johtaa merkitt\u00e4viin kustannuss\u00e4\u00e4st\u00f6ihin ajan my\u00f6t\u00e4.<\/p>\n<h3>3. Parempi turvallisuus<\/h3>\n<p>S\u00e4\u00e4dett\u00e4v\u00e4t haarukkatyyppiset sylinterit on my\u00f6s suunniteltu turvallisuus mieless\u00e4. N\u00e4m\u00e4 sylinterit on varustettu useilla turvaominaisuuksilla, kuten paineenalennusventtiileill\u00e4 ja ylikuormitussuojaj\u00e4rjestelmill\u00e4, jotka auttavat ehk\u00e4isem\u00e4\u00e4n onnettomuuksia ja vammoja. T\u00e4m\u00e4 tekee niist\u00e4 suositun valinnan toimialoilla, joilla turvallisuus on etusijalla, kuten valmistus- ja rakennusteollisuudessa.<\/p>\n<h3>4. Kest\u00e4vyys<\/h3>\n<p>S\u00e4\u00e4dett\u00e4vien haarukkatyyppisten sylinterien toinen t\u00e4rke\u00e4 etu on niiden kest\u00e4vyys. N\u00e4m\u00e4 sylinterit on rakennettu kest\u00e4m\u00e4\u00e4n jopa vaikeimmat ty\u00f6olosuhteet ja ne on suunniteltu kest\u00e4m\u00e4\u00e4n useita vuosia minimaalisella huollolla. T\u00e4m\u00e4 tekee niist\u00e4 kustannustehokkaan valinnan pitk\u00e4ll\u00e4 aikav\u00e4lill\u00e4, koska ne vaativat harvemmin korjauksia ja vaihtoja kuin muuntyyppiset hydraulisylinterit.<\/p>\n<h3>5. Mukautettavuus<\/h3>\n<p>Lopuksi, s\u00e4\u00e4dett\u00e4v\u00e4t haarukkatyyppiset sylinterit ovat eritt\u00e4in muokattavissa. Ne voidaan suunnitella t\u00e4ytt\u00e4m\u00e4\u00e4n laaja valikoima eritelmi\u00e4 ja vaatimuksia, mukaan lukien koko, muoto ja suorituskyky. T\u00e4m\u00e4 tekee niist\u00e4 ihanteellisen valinnan projekteihin, joihin tavalliset hydraulisylinterit eiv\u00e4t v\u00e4ltt\u00e4m\u00e4tt\u00e4 sovellu, kuten r\u00e4\u00e4t\u00e4l\u00f6ityihin koneisiin ja laitteisiin.<\/p>\n<p>Yhteenvetona voidaan todeta, ett\u00e4 s\u00e4\u00e4dett\u00e4v\u00e4t haarukkatyyppiset sylinterit tarjoavat laajan valikoiman etuja, jotka tekev\u00e4t niist\u00e4 suositun valinnan hydraulisen voimansiirron maailmassa. Lis\u00e4\u00e4ntyneest\u00e4 tehokkuudesta ja parantuneesta turvallisuudesta monipuolisuuteen ja mukautettavuuteen, n\u00e4ill\u00e4 sylintereill\u00e4 on tarjottavaa monenlaisiin sovelluksiin. Jos tarvitset korkealaatuisia hydraulisylintereit\u00e4, Italy Factory Supply Custom Hydraulic Cylinder Double Acting Mini Hydraulic Cylinder on loistava valinta!<img decoding=\"async\" src=\"https:\/\/fmp-components.com\/wp-content\/uploads\/2024\/12\/Adjustable-Clevis-Type-Cylinders5.webp\" alt=\"S\u00e4\u00e4dett\u00e4v\u00e4 haarukkatyyppinen sylinteri\" width=\"800\" title=\"\"><\/p>\n<h2>S\u00e4\u00e4dett\u00e4vien haarukkatyyppisten sylinterien k\u00e4ytt\u00f6<\/h2>\n<p>S\u00e4\u00e4dett\u00e4v\u00e4t haarukkatyyppiset sylinterit, jotka tunnetaan my\u00f6s r\u00e4\u00e4t\u00e4l\u00f6ityin\u00e4 hydraulisylinterein\u00e4 tai kaksitoimisina minihydraulisylinterein\u00e4, ovat olennaisia \u200b\u200bkomponentteja eri teollisuudenaloilla monipuolisuutensa ja tehokkuutensa ansiosta. N\u00e4m\u00e4 sylinterit tarjoavat laajan valikoiman sovelluksia ja etuja, mink\u00e4 vuoksi ne ovat eritt\u00e4in haluttuja markkinoilla. T\u00e4ss\u00e4 artikkelissa tutkimme joitakin s\u00e4\u00e4dett\u00e4vien haarukkatyyppisten sylinterien t\u00e4rkeimpi\u00e4 sovelluksia ja perehdymme niiden yksityiskohtaisiin kuvauksiin.<\/p>\n<h3>1. Teollisuusautomaatio<\/h3>\n<p>Teollisuusautomaation alalla s\u00e4\u00e4dett\u00e4v\u00e4t haarukkatyyppiset sylinterit ovat ratkaisevassa roolissa tuottavuuden parantamisessa ja toiminnan virtaviivaistamisessa. N\u00e4it\u00e4 sylintereit\u00e4 k\u00e4ytet\u00e4\u00e4n usein robottij\u00e4rjestelmiss\u00e4, joissa vaaditaan tarkkoja ja hallittuja liikkeit\u00e4. S\u00e4\u00e4dett\u00e4vien iskunpituuksien ja tarkan asemoinnin ansiosta ne mahdollistavat robottien suorittavan monimutkaisia \u200b\u200bteht\u00e4vi\u00e4 tarkasti ja tehokkaasti. Italy Factory Supply Custom Hydraulic Cylinder on hyv\u00e4maineinen s\u00e4\u00e4dett\u00e4vien haarukkatyyppisten sylinterien toimittaja, joka tarjoaa korkealaatuisia ratkaisuja, jotka t\u00e4ytt\u00e4v\u00e4t teollisuusautomaation vaatimukset.<\/p>\n<h3>2. Materiaalink\u00e4sittely<\/h3>\n<p>S\u00e4\u00e4dett\u00e4vi\u00e4 haarukkatyyppisi\u00e4 sylintereit\u00e4 k\u00e4ytet\u00e4\u00e4n laajasti materiaalink\u00e4sittelylaitteissa, kuten trukeissa, nostureissa ja kuljettimissa. N\u00e4m\u00e4 sylinterit mahdollistavat raskaiden kuormien tasaisen nostamisen, laskemisen ja sijoittamisen varmistaen turvallisen ja tehokkaan materiaalinkuljetuksen. Kaksitoiminen ominaisuus mahdollistaa sek\u00e4 ty\u00f6nt\u00f6- ett\u00e4 vetoliikkeet, mik\u00e4 tarjoaa monipuolisuutta erilaisissa materiaalink\u00e4sittelysovelluksissa. Italy Factory Supply Custom Hydraulic Cylinder tarjoaa laajan valikoiman r\u00e4\u00e4t\u00e4l\u00f6ityj\u00e4 hydraulisylintereit\u00e4, jotka on r\u00e4\u00e4t\u00e4l\u00f6ity tiettyihin materiaalink\u00e4sittelyvaatimuksiin.<\/p>\n<h3>3. Rakennuskoneet<\/h3>\n<p>Rakennuskoneet ovat eritt\u00e4in riippuvaisia \u200b\u200bs\u00e4\u00e4dett\u00e4vist\u00e4 haarukkatyyppisist\u00e4 sylintereist\u00e4 niiden kest\u00e4vyyden ja mukautuvuuden vuoksi. N\u00e4it\u00e4 sylintereit\u00e4 l\u00f6ytyy yleisesti kaivinkoneista, kuormaajista ja puskutraktoreista, joissa ne tarjoavat tarvittavan voiman ja tarkkuuden raskaiden materiaalien kaivamiseen, nostamiseen ja ty\u00f6nt\u00e4miseen. Niiden kest\u00e4vyys ja kyky kest\u00e4\u00e4 ankaria ty\u00f6olosuhteita tekev\u00e4t niist\u00e4 ihanteellisia vaativille rakennusty\u00f6maille. Italiassa tehtaalla toimitettavat mittatilausty\u00f6n\u00e4 tehdyt hydraulisylinterit tarjoavat luotettavia ratkaisuja, jotka t\u00e4ytt\u00e4v\u00e4t rakennusalan tiukat standardit.<\/p>\n<h3>4. Maatalouskoneet<\/h3>\n<p>Maataloussektori hy\u00f6tyy suuresti s\u00e4\u00e4dett\u00e4vien haarukkatyyppisten sylinterien k\u00e4yt\u00f6st\u00e4. N\u00e4it\u00e4 sylintereit\u00e4 k\u00e4ytet\u00e4\u00e4n erilaisissa maatalouslaitteissa, kuten traktoreissa, puimureissa ja ruiskuissa. Ne helpottavat t\u00e4rkeit\u00e4 teht\u00e4vi\u00e4, kuten kynt\u00f6\u00e4, istutusta ja sadonkorjuuta, tarjoamalla tarvittavaa tehoa ja hallintaa. Iskunpituuksien s\u00e4\u00e4t\u00f6mahdollisuus ja suorituskyvyn optimointi takaavat tehokkaan toiminnan erilaisissa maatalousymp\u00e4rist\u00f6iss\u00e4. Italy Factory Supply Custom Hydraulic Cylinder on erikoistunut maatalouslaitteiden r\u00e4\u00e4t\u00e4l\u00f6ityihin hydraulisylintereihin ja tarjoaa luotettavia ratkaisuja tuottavuuden parantamiseksi.<\/p>\n<h3>5. Liikkuvat laitteet<\/h3>\n<p>S\u00e4\u00e4dett\u00e4vi\u00e4 haarukkatyyppisi\u00e4 sylintereit\u00e4 k\u00e4ytet\u00e4\u00e4n laajasti liikkuvissa laitteissa, kuten henkil\u00f6nostimissa, saksinostimissa ja henkil\u00f6nostimissa. N\u00e4m\u00e4 sylinterit mahdollistavat sujuvan ja tarkan liikkeen, mik\u00e4 varmistaa k\u00e4ytt\u00e4j\u00e4n turvallisuuden ja tehokkuuden. Kompaktin rakenteensa ja suuren kantavuutensa ansiosta ne sopivat hyvin liikkuviin sovelluksiin, joissa tilaa on rajoitetusti. Italiassa tehtaalla toimitettavat r\u00e4\u00e4t\u00e4l\u00f6idyt hydraulisylinterit tarjoavat r\u00e4\u00e4t\u00e4l\u00f6ityj\u00e4 ratkaisuja erilaisiin liikkuvien laitteiden vaatimuksiin ja t\u00e4ytt\u00e4v\u00e4t korkeimmat suorituskyky- ja luotettavuusstandardit.<\/p>\n<p>Yhteenvetona voidaan todeta, ett\u00e4 s\u00e4\u00e4dett\u00e4vill\u00e4 haarukkatyyppisill\u00e4 sylintereill\u00e4 on laaja valikoima k\u00e4ytt\u00f6kohteita eri teollisuudenaloilla. Niiden monipuolisuus, tarkkuus ja kest\u00e4vyys tekev\u00e4t niist\u00e4 v\u00e4ltt\u00e4m\u00e4tt\u00f6mi\u00e4 komponentteja teollisuusautomaatiossa, materiaalink\u00e4sittelyss\u00e4, rakennuskoneissa, maatalouskoneissa ja liikkuvissa laitteissa. Italy Factory Supply Custom Hydraulic Cylinder tarjoaa laajan valikoiman r\u00e4\u00e4t\u00e4l\u00f6ityj\u00e4 hydraulisylintereit\u00e4, mukaan lukien kaksitoimiset minihydraulisylinterit, n\u00e4iden teollisuudenalojen erityistarpeisiin. Hy\u00f6dynt\u00e4m\u00e4ll\u00e4 s\u00e4\u00e4dett\u00e4vien haarukkatyyppisten sylinterien etuja yritykset voivat parantaa toimintaansa, parantaa tuottavuuttaan ja saavuttaa suuremman tehokkuuden.<\/p>\n<p><img decoding=\"async\" src=\"https:\/\/fmp-components.com\/wp-content\/uploads\/2024\/12\/Application-of-Adjustable-Clevis-Type-Cylinders.webp\" alt=\"S\u00e4\u00e4dett\u00e4v\u00e4 haarukkatyyppinen sylinteri\" width=\"800\" title=\"\"><\/p>\n<h3>Tietoja FMP:st\u00e4 \u2013 Hydraulisylinteri<\/h3>\n<p>FMP:ll\u00e4 olemme erikoistuneet korkealaatuisten rakennuskoneiden osien ja kokonaisten koneiden myyntiin ja huoltoon. Hydraulisylinterimme on yksi suosituimmista tuotteistamme, eik\u00e4 syytt\u00e4. T\u00e4ss\u00e4 on viisi syyt\u00e4, miksi FMP:n hydraulisylinteri on paras valinta rakennuskoneisiisi:<\/p>\n<p>1. <strong>Huippulaatuiset materiaalit<\/strong>Hydraulisylinterimme on valmistettu kest\u00e4vist\u00e4 ja luotettavista materiaaleista, mik\u00e4 takaa pitk\u00e4n k\u00e4ytt\u00f6i\u00e4n ja minimaaliset huoltotarpeet.<\/p>\n<p>2. <strong>Mukautettavat vaihtoehdot<\/strong>Tarjoamme s\u00e4\u00e4dett\u00e4vi\u00e4 haarukkatyyppisi\u00e4 sylintereit\u00e4 sek\u00e4 muita mukautettavia vaihtoehtoja vastaamaan erityistarpeitasi. Rakennuskoneiden osien asiantuntemuksemme ansiosta voimme auttaa sinua l\u00f6yt\u00e4m\u00e4\u00e4n parhaan ratkaisun laitteillesi.<\/p>\n<p>3. <strong>Asiantuntijatiimi<\/strong>Kokenut ja taitava myyntitiimimme tuntee rakennuskoneteollisuuden uusimmat trendit ja asiakastarpeet. He voivat tarjota ammattimaista tuotekonsultointia ja \u00e4lykk\u00e4it\u00e4 ostoehdotuksia auttaakseen sinua tekem\u00e4\u00e4n parhaan p\u00e4\u00e4t\u00f6ksen yrityksellesi.<\/p>\n<p>4. <strong>Tehokas logistiikka<\/strong>Meill\u00e4 on tehokas logistiikkaj\u00e4rjestelm\u00e4, joka varmistaa, ett\u00e4 asiakkaat saavat tarvittavat osat ajallaan ja t\u00e4sm\u00e4llisesti. T\u00e4m\u00e4 tarkoittaa minimaalisia seisokkiaikoja rakennuskoneillesi ja sujuvaa liiketoimintaasi.<\/p>\n<p>5. <strong>Tiukka laadunvalvonta<\/strong>Luomme pitk\u00e4aikaisia \u200b\u200bja vakaita yhteisty\u00f6suhteita monien korkealaatuisten toimittajien kanssa kotimaassa ja ulkomailla varmistaen, ett\u00e4 kaikki toimitetut osat, mukaan lukien hydraulisylinterimme, t\u00e4ytt\u00e4v\u00e4t tiukat laatustandardit.<\/p>\n<p>FMP:n hydraulisylinterin avulla voit olla varma rakennuskoneesi laadusta ja luotettavuudesta. Ota meihin yhteytt\u00e4 jo t\u00e4n\u00e4\u00e4n saadaksesi lis\u00e4tietoja tuotteistamme ja siit\u00e4, miten voimme auttaa sinua l\u00f6yt\u00e4m\u00e4\u00e4n parhaat ratkaisut yrityksesi tarpeisiin.<\/p>\n<p><img decoding=\"async\" src=\"https:\/\/fmp-components.com\/wp-content\/uploads\/2024\/12\/Adjustable-Clevis-Type-Cylinders-6.webp\" alt=\"S\u00e4\u00e4dett\u00e4v\u00e4 haarukkatyyppinen sylinteri\" width=\"853\" title=\"\"><\/p>\n<h2>Usein kysytyt kysymykset<\/h2>\n<p><b>K: Mik\u00e4 on hydraulisylintereidesi toimitusaika?<\/b><\/p>\n<p>A: Hydraulisylintereidemme vakiotoimitusaika on 25-35 p\u00e4iv\u00e4\u00e4.<\/p>\n<p><b>K: Tarjoatteko n\u00e4ytteit\u00e4 hydraulisylintereist\u00e4nne?<\/b><\/p>\n<p>V: Kyll\u00e4, tarjoamme n\u00e4ytteit\u00e4 hydraulisylintereist\u00e4mme, mutta ne eiv\u00e4t ole ilmaisia.<\/p>\n<p><b>K: Voinko mukauttaa hydraulisylintereit\u00e4ni tarpeideni mukaan?<\/b><\/p>\n<p>A: Ehdottomasti! Tarjoamme kattavia r\u00e4\u00e4t\u00e4l\u00f6intivaihtoehtoja hydraulisylintereillemme. Voit m\u00e4\u00e4ritt\u00e4\u00e4 vaatimuksesi sylinterin halkaisijan, iskunpituuden, paineluokan, kuormituskapasiteetin ja muiden ominaisuuksien suhteen.<\/p>\n<p><img decoding=\"async\" src=\"https:\/\/img.jiansujichilun.com\/img\/hydrauliccylinders\/C_hydrauliccylinders-5.webp\" alt=\"hydraulisylinteri\" width=\"800\" title=\"\"><\/p>\n<p>Tekij\u00e4: CX<\/p>","protected":false},"excerpt":{"rendered":"<p>Italy Factory Supply Custom Hydraulic Cylinder Double Acting Mini Hydraulic Cylinders Italy Factory Supply Custom Hydraulic Cylinder Double Acting Mini Hydraulic Cylinders are the perfect solution for small scale hydraulic applications. These compact cylinders are designed to provide high force in a small package, making them ideal for use in tight spaces. Made from high-quality [&hellip;]<\/p>","protected":false},"featured_media":1340,"comment_status":"closed","ping_status":"closed","template":"","meta":{"_et_pb_use_builder":"","_et_pb_old_content":"","_et_gb_content_width":""},"product_brand":[],"product_cat":[39],"product_tag":[41,34],"class_list":{"0":"post-1391","1":"product","2":"type-product","3":"status-publish","4":"has-post-thumbnail","6":"product_cat-adjustable-clevis-type-cylinders","7":"product_tag-adjustable-clevis-type-cylinders","8":"product_tag-hydraulic-cylinder","10":"first","11":"instock","12":"product-type-simple"},"_links":{"self":[{"href":"https:\/\/fmp-components.com\/fi\/wp-json\/wp\/v2\/product\/1391","targetHints":{"allow":["GET"]}}],"collection":[{"href":"https:\/\/fmp-components.com\/fi\/wp-json\/wp\/v2\/product"}],"about":[{"href":"https:\/\/fmp-components.com\/fi\/wp-json\/wp\/v2\/types\/product"}],"replies":[{"embeddable":true,"href":"https:\/\/fmp-components.com\/fi\/wp-json\/wp\/v2\/comments?post=1391"}],"wp:featuredmedia":[{"embeddable":true,"href":"https:\/\/fmp-components.com\/fi\/wp-json\/wp\/v2\/media\/1340"}],"wp:attachment":[{"href":"https:\/\/fmp-components.com\/fi\/wp-json\/wp\/v2\/media?parent=1391"}],"wp:term":[{"taxonomy":"product_brand","embeddable":true,"href":"https:\/\/fmp-components.com\/fi\/wp-json\/wp\/v2\/product_brand?post=1391"},{"taxonomy":"product_cat","embeddable":true,"href":"https:\/\/fmp-components.com\/fi\/wp-json\/wp\/v2\/product_cat?post=1391"},{"taxonomy":"product_tag","embeddable":true,"href":"https:\/\/fmp-components.com\/fi\/wp-json\/wp\/v2\/product_tag?post=1391"}],"curies":[{"name":"wp","href":"https:\/\/api.w.org\/{rel}","templated":true}]}}