{"id":1390,"date":"2024-12-23T02:19:41","date_gmt":"2024-12-23T02:19:41","guid":{"rendered":"https:\/\/fmp-components.com\/product\/quality-assurance-mini-double-acting-hydraulic-cylinder-for-agriculture\/"},"modified":"2024-12-23T03:02:01","modified_gmt":"2024-12-23T03:02:01","slug":"quality-assurance-mini-double-acting-hydraulic-cylinder-for-agriculture","status":"publish","type":"product","link":"https:\/\/fmp-components.com\/fi\/product\/quality-assurance-mini-double-acting-hydraulic-cylinder-for-agriculture\/","title":{"rendered":"Laadunvarmistus Mini kaksitoiminen hydraulisylinteri maatalouteen"},"content":{"rendered":"<h2>Esittelyss\u00e4 laadunvarmistukseen tarkoitettu kaksitoiminen hydraulisylinteri maatalouteen:<\/h2>\n<p>Laadunvarmistuksen takaama minikokoinen kaksitoiminen hydraulisylinteri maatalouteen on eritt\u00e4in tehokas tuote, joka on suunniteltu erityisesti maatalousk\u00e4ytt\u00f6\u00f6n. T\u00e4m\u00e4 sylinteri on valmistettu tarkasti ja yksityiskohtia my\u00f6ten varmistaen optimaalisen toimivuuden ja kest\u00e4vyyden.<\/p>\n<p>Kaksitoimisen rakenteensa ansiosta t\u00e4m\u00e4 hydraulisylinteri pystyy tuottamaan tehoa sek\u00e4 pidennys- ett\u00e4 sis\u00e4\u00e4nvetoiskussa. T\u00e4m\u00e4 monipuolisuus mahdollistaa tehokkaan k\u00e4yt\u00f6n ja parantaa maatalouskoneiden tuottavuutta.<\/p>\n<p>Laadunvarmistukseen keskittyen t\u00e4m\u00e4 hydraulisylinteri k\u00e4y l\u00e4pi tiukat testit sen varmistamiseksi, ett\u00e4 sen suorituskyky t\u00e4ytt\u00e4\u00e4 korkeimmatkin standardit. Se on rakennettu kest\u00e4m\u00e4\u00e4n maatalousymp\u00e4rist\u00f6iss\u00e4 usein esiintyv\u00e4t vaativat olosuhteet, kuten raskaat kuormat, jatkuvan k\u00e4yt\u00f6n ja altistumisen ankarille s\u00e4\u00e4olosuhteille.<\/p>\n<p><img loading=\"lazy\" decoding=\"async\" class=\"alignnone size-full wp-image-1334\" src=\"https:\/\/fmp-components.com\/wp-content\/uploads\/2024\/12\/Adjustable-Clevis-Type-Cylinders-4.webp\" alt=\"S\u00e4\u00e4dett\u00e4v\u00e4t haarukkatyyppiset sylinterit\" width=\"800\" height=\"800\" title=\"\" srcset=\"https:\/\/fmp-components.com\/wp-content\/uploads\/2024\/12\/Adjustable-Clevis-Type-Cylinders-4.webp 800w, https:\/\/fmp-components.com\/wp-content\/uploads\/2024\/12\/Adjustable-Clevis-Type-Cylinders-4-480x480.webp 480w\" sizes=\"(min-width: 0px) and (max-width: 480px) 480px, (min-width: 481px) 800px, 100vw\" \/><\/p>\n<p>Sylinteri on valmistettu ensiluokkaisista materiaaleista ja edistyneill\u00e4 valmistustekniikoilla, mink\u00e4 tuloksena tuote on sek\u00e4 luotettava ett\u00e4 pitk\u00e4ik\u00e4inen. Sen kompakti koko mahdollistaa helpon asennuksen ja integroinnin erilaisiin maatalouskoneisiin, mik\u00e4 parantaa kokonaistehokkuutta ja suorituskyky\u00e4.<\/p>\n<p>Laadunvarmistuksen takaava minikokoinen kaksitoiminen hydraulisylinteri maataloudelle on olennainen osa maatalouskoneita, sill\u00e4 se tarjoaa luotettavaa tehoa ja suorituskyky\u00e4. Erinomaisen laatunsa ja kest\u00e4vyytens\u00e4 ansiosta se on arvokas sijoitus maanviljelij\u00f6ille ja maatalousalan ammattilaisille.<\/p>\n<p>Valitse t\u00e4m\u00e4 hydraulisylinteri optimoidaksesi maatalouskoneesi tuottavuuden ja suorituskyvyn. Koe t\u00e4m\u00e4n tuotteen tarjoama laadunvarmistus ja luotettavuus, jotka varmistavat sujuvan ja tehokkaan toiminnan pellolla.<\/p>\n<p>Esittelyss\u00e4 laadunvarmistuksella varustettu minikokoinen kaksitoiminen hydraulisylinterimme \u2013 t\u00e4ydellinen ratkaisu useille eri toimialoille, kuten konepajoille, maatiloille, energia- ja kaivosteollisuudelle, koneteollisuudelle ja konetehtaille. T\u00e4m\u00e4 uusi tuote tarjoaa maksimissaan 3000 Nm ty\u00f6nt\u00f6voiman ja on saatavana s\u00e4\u00e4dett\u00e4v\u00e4ll\u00e4 haarukkamallilla. Sen paino on 47 kg, ja sen ydinkomponentit ovat laakeri ja hydraulisylinteri. Siin\u00e4 on hydraulisesti toimiva vakiom\u00e4nt\u00e4sylinteri, joka on valmistettu kest\u00e4v\u00e4st\u00e4 ter\u00e4ksest\u00e4. Lis\u00e4ksi se on musta ja sertifioitu ISO9001:2000-standardin mukaisesti.<\/p>\n<h2>S\u00e4\u00e4dett\u00e4vien haarukkatyyppisten sylinterien edut<\/h2>\n<p>S\u00e4\u00e4dett\u00e4v\u00e4t haarukkatyyppiset sylinterit ovat olennainen osa hydraulij\u00e4rjestelmi\u00e4. Niit\u00e4 k\u00e4ytet\u00e4\u00e4n nestevoiman muuntamiseen lineaariseksi mekaaniseksi voimaksi. N\u00e4iden sylinterien s\u00e4\u00e4dett\u00e4v\u00e4 haarukkaominaisuus mahdollistaa k\u00e4ytt\u00e4j\u00e4n s\u00e4\u00e4t\u00e4\u00e4 iskunpituutta, mik\u00e4 tekee niist\u00e4 monipuolisen ratkaisun erilaisiin sovelluksiin. T\u00e4ss\u00e4 artikkelissa k\u00e4sittelemme s\u00e4\u00e4dett\u00e4vien haarukkatyyppisten sylinterien etuja.<\/p>\n<h3>1. Monipuolisuus<\/h3>\n<p>Yksi s\u00e4\u00e4dett\u00e4vien haarukkatyyppisten sylinterien t\u00e4rkeimmist\u00e4 eduista on niiden monipuolisuus. Niiden s\u00e4\u00e4dett\u00e4vyys mahdollistaa niiden k\u00e4yt\u00f6n monenlaisissa sovelluksissa. T\u00e4m\u00e4n tyyppist\u00e4 sylinteri\u00e4 voidaan k\u00e4ytt\u00e4\u00e4 erilaisissa j\u00e4rjestelmiss\u00e4, kuten materiaalink\u00e4sittelylaitteissa, maataloudessa ja rakennusalalla. Esimerkiksi maataloudessa Quality Assurance Mini Double Acting Hydraulic Cylinder For Agriculture sopii erinomaisesti erilaisiin maatalouskoneisiin, kuten puimureihin, istutuskoneisiin ja ruiskuihin.<\/p>\n<h3>2. Kustannustehokas<\/h3>\n<p>S\u00e4\u00e4dett\u00e4vien haarukkatyyppisten sylinterien toinen etu on niiden kustannustehokkuus. Verrattuna muuntyyppisiin sylintereihin ne ovat suhteellisen halvempia. Ne ovat sopiva vaihtoehto sovelluksiin, joissa iskunpituuden ei tarvitse olla liian tarkka. Esimerkiksi maatalouskoneissa s\u00e4\u00e4dett\u00e4v\u00e4t haarukkatyyppiset sylinterit ovat kustannustehokas ratkaisu verrattuna muuntyyppisiin sylintereihin.<\/p>\n<h3>3. Helppo asentaa ja huoltaa<\/h3>\n<p>S\u00e4\u00e4dett\u00e4v\u00e4t haarukkatyyppiset sylinterit on my\u00f6s helppo asentaa ja huoltaa. Niiden asentamiseen ei tarvita erikoisty\u00f6kaluja tai -laitteita. Ne ovat my\u00f6s helppoja huoltaa, ja useimpien mukana toimitetaan k\u00e4ytt\u00f6ohje, jossa on ohjeet niiden huoltoon. S\u00e4\u00e4nn\u00f6llinen huolto takaa sylinterin pitk\u00e4n k\u00e4ytt\u00f6i\u00e4n ja varmistaa optimaalisen suorituskyvyn.<\/p>\n<h3>4. Korkealaatuinen suorituskyky<\/h3>\n<p>S\u00e4\u00e4dett\u00e4v\u00e4t haarukkatyyppiset sylinterit tunnetaan korkealaatuisesta suorituskyvyst\u00e4\u00e4n. Ne on valmistettu korkealaatuisista materiaaleista, kuten ter\u00e4ksest\u00e4, alumiinista ja valuraudasta. Sylinterin rakenne varmistaa, ett\u00e4 se pystyy k\u00e4sittelem\u00e4\u00e4n korkeapainesovelluksia suorituskyky\u00e4\u00e4n vaarantamatta. Esimerkiksi maatalouteen tarkoitettu Quality Assurance Mini Double Acting Hydraulic Cylinder on suunniteltu kest\u00e4m\u00e4\u00e4n maatilan vaativia olosuhteita.<\/p>\n<h3>5. Energiatehokas<\/h3>\n<p>Sakkelityyppisen sylinterin s\u00e4\u00e4dett\u00e4vyys tekee siit\u00e4 energiatehokkaan. Iskunpituutta s\u00e4\u00e4t\u00e4m\u00e4ll\u00e4 sylinterin k\u00e4ytt\u00e4miseen tarvittavan nesteen m\u00e4\u00e4r\u00e4 v\u00e4henee, mik\u00e4 johtaa energians\u00e4\u00e4st\u00f6\u00f6n. T\u00e4m\u00e4 tekee s\u00e4\u00e4dett\u00e4vist\u00e4 sakkelityyppisist\u00e4 sylintereist\u00e4 sopivan vaihtoehdon energiatehokkuutta vaativiin sovelluksiin.<\/p>\n<p>Yhteenvetona voidaan todeta, ett\u00e4 s\u00e4\u00e4dett\u00e4v\u00e4t haarukkatyyppiset sylinterit ovat olennainen osa hydraulij\u00e4rjestelmi\u00e4. Ne tarjoavat monipuolisuutta, kustannustehokkuutta, helppoa asennusta ja huoltoa, korkeaa suorituskyky\u00e4 ja energiatehokkuutta. Niiden s\u00e4\u00e4dett\u00e4vyys tekee niist\u00e4 sopivan ratkaisun erilaisiin sovelluksiin, kuten maatalous-, rakennus- ja materiaalink\u00e4sittelylaitteisiin.<img decoding=\"async\" src=\"https:\/\/fmp-components.com\/wp-content\/uploads\/2024\/12\/Adjustable-Clevis-Type-Cylinders5.webp\" alt=\"S\u00e4\u00e4dett\u00e4v\u00e4 haarukkatyyppinen sylinteri\" width=\"800\" title=\"\"><\/p>\n<h2>S\u00e4\u00e4dett\u00e4vien haarukkatyyppisten sylinterien k\u00e4ytt\u00f6<\/h2>\n<p>S\u00e4\u00e4dett\u00e4v\u00e4t haarukkatyyppiset sylinterit ovat monipuolisia ja niit\u00e4 k\u00e4ytet\u00e4\u00e4n laajalti eri teollisuudenaloilla. T\u00e4ss\u00e4 on joitakin n\u00e4iden sylinterien k\u00e4ytt\u00f6tarkoituksia:<\/p>\n<ol>\n<li style=\"list-style-type: none;\">\n<ol>\n<li>Laadunvarmistus Mini kaksitoiminen hydraulisylinteri maatalouteen<\/li>\n<\/ol>\n<\/li>\n<\/ol>\n<p>S\u00e4\u00e4dett\u00e4v\u00e4 haarukkatyyppinen sylinteri on olennainen osa maatalousteollisuudessa. Minikokoinen kaksitoiminen hydraulisylinteri on suunniteltu k\u00e4ytett\u00e4v\u00e4ksi pieniss\u00e4 maatalouskoneissa, kuten traktoreissa. Sylinteri vastaa n\u00e4iden koneiden hydraulij\u00e4rjestelmien k\u00e4ytt\u00e4miseen tarvittavan voiman tuottamisesta. Se on kriittinen komponentti, joka varmistaa maatalouskoneiden sujuvan toiminnan.<\/p>\n<ol>\n<li style=\"list-style-type: none;\">\n<ol>\n<li>Rakennusteollisuus<\/li>\n<\/ol>\n<\/li>\n<\/ol>\n<p>S\u00e4\u00e4dett\u00e4vi\u00e4 haarukkatyyppisi\u00e4 sylintereit\u00e4 k\u00e4ytet\u00e4\u00e4n rakennusteollisuudessa raskaiden kuormien siirt\u00e4miseen ja nostamiseen. Hydraulisylinterit tarjoavat tarvittavan lujuuden raskaiden kuormien siirt\u00e4miseen, mik\u00e4 tekee niist\u00e4 v\u00e4ltt\u00e4m\u00e4tt\u00f6mi\u00e4 rakennusten ja muiden rakenteiden rakentamisessa. S\u00e4\u00e4dett\u00e4v\u00e4n haarukkatyyppisen sylinterin kyky s\u00e4\u00e4t\u00e4\u00e4 eri pituuksiin tekee siit\u00e4 ihanteellisen k\u00e4ytett\u00e4v\u00e4ksi rakennuskoneissa, joissa tilaa on rajoitetusti.<\/p>\n<ol>\n<li style=\"list-style-type: none;\">\n<ol>\n<li>Valmistava teollisuus<\/li>\n<\/ol>\n<\/li>\n<\/ol>\n<p>Useat valmistusprosessit vaativat liikkeen ja voiman tarkkaa hallintaa. S\u00e4\u00e4dett\u00e4vi\u00e4 haarukkatyyppisi\u00e4 sylintereit\u00e4 k\u00e4ytet\u00e4\u00e4n valmistuskoneissa tarvittavan voiman aikaansaamiseksi n\u00e4iden koneiden k\u00e4ytt\u00e4miseen. Niit\u00e4 k\u00e4ytet\u00e4\u00e4n my\u00f6s eri komponenttien liikkeen ohjaamiseen valmistusprosessissa varmistaen, ett\u00e4 tuotteet valmistetaan vaadittujen eritelmien mukaisesti.<\/p>\n<ol>\n<li style=\"list-style-type: none;\">\n<ol>\n<li>Kuljetusala<\/li>\n<\/ol>\n<\/li>\n<\/ol>\n<p>Kuljetusalalla k\u00e4ytet\u00e4\u00e4n s\u00e4\u00e4dett\u00e4vi\u00e4 haarukkatyyppisi\u00e4 sylintereit\u00e4 erilaisissa sovelluksissa. Linja-autoissa ja kuorma-autoissa hydraulisylintereit\u00e4 k\u00e4ytet\u00e4\u00e4n ovij\u00e4rjestelmien, ohjaus- ja jarruj\u00e4rjestelmien k\u00e4ytt\u00e4miseen. Niit\u00e4 k\u00e4ytet\u00e4\u00e4n my\u00f6s joidenkin ajoneuvojen jousitusj\u00e4rjestelmiss\u00e4.<\/p>\n<ol>\n<li style=\"list-style-type: none;\">\n<ol>\n<li>Kaivosteollisuus<\/li>\n<\/ol>\n<\/li>\n<\/ol>\n<p>Hydraulisylintereit\u00e4 k\u00e4ytet\u00e4\u00e4n kaivosteollisuudessa erilaisten laitteiden liikkeen ohjaamiseen. Niit\u00e4 k\u00e4ytet\u00e4\u00e4n esimerkiksi kaivosporissa porap\u00e4iden ty\u00f6nt\u00f6voiman ja py\u00f6rimisen ohjaamiseen. Niit\u00e4 k\u00e4ytet\u00e4\u00e4n my\u00f6s kaivinkoneiden ja muiden kaivoslaitteiden hydraulij\u00e4rjestelmiss\u00e4.<\/p>\n<p>Yhteenvetona voidaan todeta, ett\u00e4 s\u00e4\u00e4dett\u00e4v\u00e4t haarukkatyyppiset sylinterit ovat olennainen osa useilla teollisuudenaloilla, kuten maataloudessa, rakentamisessa, valmistuksessa, kuljetuksessa ja kaivosteollisuudessa. N\u00e4m\u00e4 sylinterit tarjoavat tarvittavan voiman hydraulisten j\u00e4rjestelmien k\u00e4ytt\u00e4miseen, koneenosien liikkeen ohjaamiseen ja raskaiden kuormien siirt\u00e4miseen. Haarukkatyyppisen sylinterin monipuolisuus ja s\u00e4\u00e4dett\u00e4vyys tekev\u00e4t siit\u00e4 ihanteellisen komponentin k\u00e4ytett\u00e4v\u00e4ksi erilaisissa sovelluksissa.<img decoding=\"async\" src=\"https:\/\/fmp-components.com\/wp-content\/uploads\/2024\/12\/Application-of-Adjustable-Clevis-Type-Cylinders.webp\" alt=\"S\u00e4\u00e4dett\u00e4v\u00e4 haarukkatyyppinen sylinteri\" width=\"800\" title=\"\"><\/p>\n<h3>Tietoja FMP:st\u00e4<\/h3>\n<p>FMP on yritys, joka on erikoistunut hydraulisylintereiden tuotantoon ja myyntiin. P\u00e4\u00e4konttorimme sijaitsee Italiassa, ja meill\u00e4 on vuosien kokemus rakennuskoneteollisuudesta sek\u00e4 omistautunut ammattilaistiimi. Tarjoamme korkealaatuisia ja luotettavia hydraulisylintereit\u00e4 sek\u00e4 laajan valikoiman rakennuskoneiden osia ja t\u00e4ydellisi\u00e4 koneratkaisuja.<\/p>\n<p>T\u00e4ss\u00e4 on viisi syyt\u00e4, miksi sinun kannattaa valita FMP:n:<\/p>\n<ol>\n<li>Laaja tuotevalikoima: Tarjoamme erityyppisi\u00e4 hydraulisylintereit\u00e4, mukaan lukien s\u00e4\u00e4dett\u00e4v\u00e4t haarukkatyyppiset sylinterit, teleskooppisylinterit, hitsatut sylinterit ja paljon muuta. Monipuolinen tuotevalikoimamme varmistaa, ett\u00e4 pystymme t\u00e4ytt\u00e4m\u00e4\u00e4n asiakkaidemme erityistarpeet.<\/li>\n<li>Huippulaatuiset komponentit: Kaikki hydraulisylinterimme on valmistettu huippulaatuisista komponenteista kest\u00e4vyyden ja suorituskyvyn varmistamiseksi. Teemme tiivist\u00e4 yhteisty\u00f6t\u00e4 korkealaatuisten toimittajien kanssa tiukkojen laatustandardien yll\u00e4pit\u00e4miseksi.<\/li>\n<li>Asiantunteva myyntitiimi: Kokenut myyntitiimimme tuntee rakennuskoneteollisuuden hyvin ja ymm\u00e4rt\u00e4\u00e4 asiakkaidemme kehittyv\u00e4t tarpeet. He voivat tarjota ammattimaisia \u200b\u200btuotekonsultaatioita ja antaa \u00e4lykk\u00e4it\u00e4 ostoehdotuksia.<\/li>\n<li>Tehokas logistiikka: Meill\u00e4 on k\u00e4yt\u00f6ss\u00e4 tehokas logistiikka- ja jakeluj\u00e4rjestelm\u00e4, joka varmistaa tarvittavien osien oikea-aikaisen ja tarkan toimituksen asiakkaillemme. Voit luottaa meihin projektisi aikataulujen noudattamisessa.<\/li>\n<li>Sitoutuminen asiakastyytyv\u00e4isyyteen: FMP:ll\u00e4 asiakastyytyv\u00e4isyys on meille t\u00e4rkeint\u00e4. Pyrimme tarjoamaan erinomaista palvelua jokaisessa vaiheessa tuotevalinnasta myynnin j\u00e4lkeiseen tukeen. Sinun menestyksesi on meid\u00e4n menestyksemme.<\/li>\n<\/ol>\n<p><img decoding=\"async\" src=\"https:\/\/fmp-components.com\/wp-content\/uploads\/2024\/12\/Adjustable-Clevis-Type-Cylinders-6.webp\" alt=\"S\u00e4\u00e4dett\u00e4v\u00e4 haarukkatyyppinen sylinteri\" width=\"852\" title=\"\"><\/p>\n<h2>Usein kysytyt kysymykset<\/h2>\n<p><b>K: Mit\u00e4 erityyppisi\u00e4 hydraulisylintereit\u00e4 FMP tarjoaa?<\/b><\/p>\n<p>A: FMP tarjoaa laajan valikoiman hydraulisylintereit\u00e4, mukaan lukien minikokoisia kaksitoimisia, tangollisia, hitsattuja, teleskooppisia ja yksitoimisia sylintereit\u00e4.<\/p>\n<p><b>K: Mik\u00e4 tekee Quality Assurance Mini Double Acting Hydraulic Cylinder -sylinterist\u00e4 sopivan maatalousk\u00e4ytt\u00f6\u00f6n?<\/b><\/p>\n<p>A: Sylinteri on valmistettu kest\u00e4v\u00e4st\u00e4 ter\u00e4ksest\u00e4, siin\u00e4 on suuri maksimity\u00f6nt\u00f6voima ja se on saatavana s\u00e4\u00e4dett\u00e4v\u00e4ll\u00e4 haarukkamallilla, mik\u00e4 tekee siit\u00e4 monipuolisen ja kest\u00e4v\u00e4n maatalousk\u00e4ytt\u00f6\u00f6n.<\/p>\n<p><b>K: Mit\u00e4 palveluita FMP tarjoaa hydraulisylintereiden optimaalisen suorituskyvyn varmistamiseksi?<\/b><\/p>\n<p>A: FMP tarjoaa ohjeita asennusmenetelmist\u00e4, huoltovinkkej\u00e4 ja parhaita k\u00e4yt\u00e4nt\u00f6j\u00e4 sylinterien pitk\u00e4n k\u00e4ytt\u00f6i\u00e4n ja optimaalisen suorituskyvyn varmistamiseksi.<\/p>\n<p><img decoding=\"async\" src=\"https:\/\/img.jiansujichilun.com\/img\/hydrauliccylinders\/C_hydrauliccylinders-4.webp\" alt=\"hydraulisylinteri\" width=\"800\" title=\"\"><\/p>\n<p>Tekij\u00e4: CX<\/p>","protected":false},"excerpt":{"rendered":"<p>Introducing the Quality Assurance Mini Double Acting Hydraulic Cylinder For Agriculture: The Quality Assurance Mini Double Acting Hydraulic Cylinder For Agriculture is a high-performance product designed specifically for agricultural applications. This cylinder is built with precision and attention to detail, ensuring optimal functionality and durability. Featuring a double-acting design, this hydraulic cylinder is capable of [&hellip;]<\/p>","protected":false},"featured_media":1338,"comment_status":"closed","ping_status":"closed","template":"","meta":{"_et_pb_use_builder":"","_et_pb_old_content":"","_et_gb_content_width":""},"product_brand":[],"product_cat":[39],"product_tag":[41,34],"class_list":{"0":"post-1390","1":"product","2":"type-product","3":"status-publish","4":"has-post-thumbnail","6":"product_cat-adjustable-clevis-type-cylinders","7":"product_tag-adjustable-clevis-type-cylinders","8":"product_tag-hydraulic-cylinder","10":"first","11":"instock","12":"product-type-simple"},"_links":{"self":[{"href":"https:\/\/fmp-components.com\/fi\/wp-json\/wp\/v2\/product\/1390","targetHints":{"allow":["GET"]}}],"collection":[{"href":"https:\/\/fmp-components.com\/fi\/wp-json\/wp\/v2\/product"}],"about":[{"href":"https:\/\/fmp-components.com\/fi\/wp-json\/wp\/v2\/types\/product"}],"replies":[{"embeddable":true,"href":"https:\/\/fmp-components.com\/fi\/wp-json\/wp\/v2\/comments?post=1390"}],"wp:featuredmedia":[{"embeddable":true,"href":"https:\/\/fmp-components.com\/fi\/wp-json\/wp\/v2\/media\/1338"}],"wp:attachment":[{"href":"https:\/\/fmp-components.com\/fi\/wp-json\/wp\/v2\/media?parent=1390"}],"wp:term":[{"taxonomy":"product_brand","embeddable":true,"href":"https:\/\/fmp-components.com\/fi\/wp-json\/wp\/v2\/product_brand?post=1390"},{"taxonomy":"product_cat","embeddable":true,"href":"https:\/\/fmp-components.com\/fi\/wp-json\/wp\/v2\/product_cat?post=1390"},{"taxonomy":"product_tag","embeddable":true,"href":"https:\/\/fmp-components.com\/fi\/wp-json\/wp\/v2\/product_tag?post=1390"}],"curies":[{"name":"wp","href":"https:\/\/api.w.org\/{rel}","templated":true}]}}