{"id":1386,"date":"2024-12-23T02:19:41","date_gmt":"2024-12-23T02:19:41","guid":{"rendered":"https:\/\/fmp-components.com\/product\/customized-stainless-steel-hydraulic-cylinder-for-trailer\/"},"modified":"2024-12-23T02:48:23","modified_gmt":"2024-12-23T02:48:23","slug":"customized-stainless-steel-hydraulic-cylinder-for-trailer","status":"publish","type":"product","link":"https:\/\/fmp-components.com\/fi\/product\/customized-stainless-steel-hydraulic-cylinder-for-trailer\/","title":{"rendered":"R\u00e4\u00e4t\u00e4l\u00f6ity ruostumattomasta ter\u00e4ksest\u00e4 valmistettu hydraulisylinteri per\u00e4vaunulle"},"content":{"rendered":"<h2>Esittelyss\u00e4 r\u00e4\u00e4t\u00e4l\u00f6ity ruostumattomasta ter\u00e4ksest\u00e4 valmistettu hydraulisylinteri per\u00e4vaunulle:<\/h2>\n<p>R\u00e4\u00e4t\u00e4l\u00f6ity ruostumattomasta ter\u00e4ksest\u00e4 valmistettu hydraulisylinteri on korkealaatuinen tuote, joka on suunniteltu erityisesti per\u00e4vaunuille. T\u00e4m\u00e4 hydraulisylinteri on valmistettu kest\u00e4v\u00e4st\u00e4 ruostumattomasta ter\u00e4ksest\u00e4, mik\u00e4 varmistaa sen pitk\u00e4n k\u00e4ytt\u00f6i\u00e4n ja ruosteen- ja korroosionkest\u00e4vyyden.<\/p>\n<p>R\u00e4\u00e4t\u00e4l\u00f6idyn rakenteensa ansiosta t\u00e4m\u00e4 hydraulisylinteri sopii monenlaisiin per\u00e4vaunusovelluksiin. Se on erityisesti suunniteltu tarjoamaan sujuvaa ja tehokasta toimintaa, mik\u00e4 mahdollistaa tarkan hallinnan ja vakauden kuljetuksen aikana.<\/p>\n<p>Ruostumattomasta ter\u00e4ksest\u00e4 valmistettu rakenne parantaa sylinterin lujuutta ja kest\u00e4vyytt\u00e4, mink\u00e4 ansiosta se kest\u00e4\u00e4 raskaita kuormia ja ankaria olosuhteita. T\u00e4m\u00e4 varmistaa, ett\u00e4 sylinteri toimii luotettavasti ja tehokkaasti koko k\u00e4ytt\u00f6ik\u00e4ns\u00e4 ajan.<\/p>\n<p><img loading=\"lazy\" decoding=\"async\" class=\"alignnone size-full wp-image-1334\" src=\"https:\/\/fmp-components.com\/wp-content\/uploads\/2024\/12\/Adjustable-Clevis-Type-Cylinders-4.webp\" alt=\"S\u00e4\u00e4dett\u00e4v\u00e4t haarukkatyyppiset sylinterit\" width=\"800\" height=\"800\" title=\"\" srcset=\"https:\/\/fmp-components.com\/wp-content\/uploads\/2024\/12\/Adjustable-Clevis-Type-Cylinders-4.webp 800w, https:\/\/fmp-components.com\/wp-content\/uploads\/2024\/12\/Adjustable-Clevis-Type-Cylinders-4-480x480.webp 480w\" sizes=\"(min-width: 0px) and (max-width: 480px) 480px, (min-width: 481px) 800px, 100vw\" \/><\/p>\n<p>R\u00e4\u00e4t\u00e4l\u00f6ity ruostumattomasta ter\u00e4ksest\u00e4 valmistettu hydraulisylinteri on varustettu edistyneill\u00e4 ominaisuuksilla, jotka parantavat sen suorituskyky\u00e4. Se sis\u00e4lt\u00e4\u00e4 hydraulij\u00e4rjestelm\u00e4n, joka mahdollistaa sylinterin iskun ja paineen helpon ja k\u00e4tev\u00e4n s\u00e4\u00e4t\u00e4misen varmistaen optimaalisen toimivuuden erilaisiin per\u00e4vaunuvaatimuksiin.<\/p>\n<p>Lis\u00e4ksi t\u00e4m\u00e4 hydraulisylinteri on suunniteltu helpoksi asentaa ja huoltaa. Se on suunniteltu k\u00e4ytt\u00e4j\u00e4yst\u00e4v\u00e4llisill\u00e4 ominaisuuksilla, jotka mahdollistavat nopean ja vaivattoman asennuksen per\u00e4vaunuihin. Sen v\u00e4h\u00e4huoltoinen rakenne v\u00e4hent\u00e4\u00e4 usein tapahtuvan huollon tarvetta, mik\u00e4 s\u00e4\u00e4st\u00e4\u00e4 aikaa ja resursseja.<\/p>\n<p>Yhteenvetona voidaan todeta, ett\u00e4 r\u00e4\u00e4t\u00e4l\u00f6ity ruostumattomasta ter\u00e4ksest\u00e4 valmistettu per\u00e4vaunun hydraulisylinteri on huippuluokan tuote, joka tarjoaa poikkeuksellista suorituskyky\u00e4 ja luotettavuutta. Sen erinomainen rakenne, edistyneet ominaisuudet ja helppok\u00e4ytt\u00f6isyys tekev\u00e4t siit\u00e4 ihanteellisen valinnan mihin tahansa per\u00e4vaunusovellukseen. Investoi t\u00e4h\u00e4n hydraulisylinteriin varmistaaksesi per\u00e4vaunusi sujuvan ja tehokkaan toiminnan, parantaen tuottavuutta ja mukavuutta.<\/p>\n<table style=\"width: 100%;\" border=\"1\" width=\"100%\" cellspacing=\"0\" cellpadding=\"0\">\n<tbody>\n<tr>\n<th>Tuotekuvaus<\/th>\n<td>R\u00e4\u00e4t\u00e4l\u00f6ity ruostumattomasta ter\u00e4ksest\u00e4 valmistettu hydraulisylinteri per\u00e4vaunuihin<\/td>\n<\/tr>\n<tr>\n<th>Kunto<\/th>\n<td>Uusi<\/td>\n<\/tr>\n<tr>\n<th>Takuu<\/th>\n<td>1 vuosi<\/td>\n<\/tr>\n<tr>\n<th>Sovellettavat toimialat<\/th>\n<td>Konekorjaamot, Maatilat, Energia ja kaivostoiminta, Koneiden valmistus, Konetehdas<\/td>\n<\/tr>\n<tr>\n<th>Paino (kg)<\/th>\n<td>47<\/td>\n<\/tr>\n<tr>\n<th>Materiaali<\/th>\n<td>Ruostumaton ter\u00e4s<\/td>\n<\/tr>\n<tr>\n<th>Maksimi ty\u00f6nt\u00f6voima<\/th>\n<td>3000<\/td>\n<\/tr>\n<tr>\n<th>Tyyppi<\/th>\n<td>S\u00e4\u00e4dett\u00e4v\u00e4 haarukkatyyppinen sylinteri<\/td>\n<\/tr>\n<tr>\n<th>Portit<\/th>\n<td>G\/SAE\/NPT\/M<\/td>\n<\/tr>\n<tr>\n<th>Maksimaalinen vetokyky<\/th>\n<td>20 tonnia<\/td>\n<\/tr>\n<tr>\n<th>Sertifiointi<\/th>\n<td>ISO9001:2000<\/td>\n<\/tr>\n<tr>\n<th>V\u00e4ri<\/th>\n<td>Musta<\/td>\n<\/tr>\n<tr>\n<th>Rei\u00e4n koko<\/th>\n<td>2\u20136 tuumaa<\/td>\n<\/tr>\n<tr>\n<th>Tangon koko<\/th>\n<td>1,125\u20134 tuumaa<\/td>\n<\/tr>\n<tr>\n<th>Iskun koko<\/th>\n<td>4\u2013100 tuumaa<\/td>\n<\/tr>\n<tr>\n<th>Tapin koko<\/th>\n<td>0,5\u20132 tuumaa<\/td>\n<\/tr>\n<\/tbody>\n<\/table>\n<p>&nbsp;<\/p>\n<h2>Hydraulisylinterin yksityiskohdat<\/h2>\n<p>R\u00e4\u00e4t\u00e4l\u00f6ity ruostumattomasta ter\u00e4ksest\u00e4 valmistettu hydraulisylinterimme on yksi ainutlaatuisista tuotteistamme. Se on saatavana s\u00e4\u00e4dett\u00e4v\u00e4ll\u00e4 sakkelilla varustettuna versiona, joka tunnetaan monipuolisuudestaan \u200b\u200bja vakaudestaan. Sylinterin sylinterin sis\u00e4halkaisija vaihtelee 2\u20136 tuuman v\u00e4lill\u00e4, mik\u00e4 tarjoaa laajan valikoiman erilaisia \u200b\u200btarpeita varten. Iskunpituus, joka mittaa m\u00e4nn\u00e4n kokonaisliikett\u00e4 sylinteriss\u00e4, vaihtelee 4\u2013100 tuuman v\u00e4lill\u00e4. T\u00e4m\u00e4 mahdollistaa laajan liikeradan, joten se sopii raskaisiin sovelluksiin. Tangon koko vaihtelee 1,125\u20134 tuuman v\u00e4lill\u00e4 ja tapin koko vaihtelee 0,5\u20132 tuuman v\u00e4lill\u00e4. T\u00e4m\u00e4 hydraulisylinteri pystyy tuottamaan enint\u00e4\u00e4n 3000 N ty\u00f6nt\u00f6voiman ja vet\u00e4m\u00e4\u00e4n jopa 20 tonnia, mik\u00e4 osoittaa sen vaikuttavan tehon.<\/p>\n<p>Hydraulisylinteri on valmistettu korkealaatuisesta ruostumattomasta ter\u00e4ksest\u00e4, mik\u00e4 takaa kest\u00e4vyyden ja luotettavuuden. Rungon materiaali on ter\u00e4s, joten se on korroosionkest\u00e4v\u00e4 ja kest\u00e4\u00e4 ankaria olosuhteita, joten se sopii erinomaisesti raskaisiin koneisiin ja teollisuusk\u00e4ytt\u00f6\u00f6n. Musta v\u00e4ri antaa sille ammattimaisen ilmeen ja ter\u00e4srunko takaa kest\u00e4vyyden.<\/p>\n<p>Hydraulisylintereit\u00e4mme k\u00e4ytet\u00e4\u00e4n monilla eri teollisuudenaloilla. Niit\u00e4 k\u00e4ytet\u00e4\u00e4n konepajoissa, maatiloilla, energia- ja kaivosteollisuudessa, konevalmistuksessa ja konetehtaissa. Hydraulisylintereidemme monipuolisuus ja teho tekev\u00e4t niist\u00e4 sopivia n\u00e4iden alojen raskaisiin teht\u00e4viin.<\/p>\n<h2>S\u00e4\u00e4dett\u00e4vien haarukkatyyppisten sylinterien edut<\/h2>\n<p>S\u00e4\u00e4dett\u00e4v\u00e4t haarukkatyyppiset sylinterit ovat t\u00e4rkeit\u00e4 osia raskaiden koneiden, kuten maatalouskoneiden, rakennuskoneiden ja kuorma-autojen, hydraulij\u00e4rjestelmiss\u00e4. T\u00e4ss\u00e4 on joitakin s\u00e4\u00e4dett\u00e4vien haarukkatyyppisten sylinterien k\u00e4yt\u00f6n etuja n\u00e4iss\u00e4 sovelluksissa:<\/p>\n<h3>1. Parannettu suorituskyky<\/h3>\n<p>S\u00e4\u00e4dett\u00e4v\u00e4t sakkelityyppiset sylinterit on suunniteltu tarjoamaan korkeaa suorituskyky\u00e4 vaativissa ymp\u00e4rist\u00f6iss\u00e4. N\u00e4m\u00e4 sylinterit on valmistettu kest\u00e4vist\u00e4 materiaaleista, kuten r\u00e4\u00e4t\u00e4l\u00f6idyst\u00e4 ruostumattomasta ter\u00e4ksest\u00e4, joka tarjoaa korkean lujuuden, korroosionkest\u00e4vyyden ja kest\u00e4vyyden. Korkean suorituskykyns\u00e4 ansiosta s\u00e4\u00e4dett\u00e4v\u00e4t sakkelityyppiset sylinterit auttavat raskaita koneita ty\u00f6skentelem\u00e4\u00e4n tehokkaasti ja tuloksellisesti.<\/p>\n<h3>2. Mukautetut suunnitteluvaihtoehdot<\/h3>\n<p>Yksi s\u00e4\u00e4dett\u00e4vien haarukkatyyppisten sylinterien merkitt\u00e4v\u00e4 etu on, ett\u00e4 ne voidaan r\u00e4\u00e4t\u00e4l\u00f6id\u00e4 tiettyihin sovelluksiin. T\u00e4m\u00e4 r\u00e4\u00e4t\u00e4l\u00f6inti sis\u00e4lt\u00e4\u00e4 materiaalien valinnan, sylinterin koon ja kiinnitysvaihtoehtojen kokoonpanon. T\u00e4m\u00e4 suunnittelun joustavuus auttaa varmistamaan, ett\u00e4 sylinteri sopii saumattomasti koneisiin, mik\u00e4 helpottaa sen k\u00e4ytt\u00f6\u00e4 ja operointia.<\/p>\n<h3>3. Parempi turvallisuus<\/h3>\n<p>S\u00e4\u00e4dett\u00e4vien haarukkatyyppisten sylinterien toinen etu on niiden vaikutus raskaiden koneiden turvallisuuteen. N\u00e4m\u00e4 sylinterit on suunniteltu k\u00e4sittelem\u00e4\u00e4n suuria kuormia ja paineita, mik\u00e4 tekee niist\u00e4 ihanteellisia koneisiin, joissa turvallisuus on merkitt\u00e4v\u00e4 huolenaihe. Korkean lujuutensa ja kest\u00e4vyytens\u00e4 ansiosta ne auttavat v\u00e4hent\u00e4m\u00e4\u00e4n koneiden vikaantumisriski\u00e4, \u200b\u200bjoka voi johtaa onnettomuuksiin tai vammoihin.<\/p>\n<h3>4. Pienemm\u00e4t yll\u00e4pitokustannukset<\/h3>\n<p>S\u00e4\u00e4dett\u00e4v\u00e4t haarukkatyyppiset sylinterit on suunniteltu v\u00e4h\u00e4n huoltoa vaativiksi komponenteiksi. Kest\u00e4vien materiaalien ja vankan rakenteensa ansiosta n\u00e4m\u00e4 sylinterit vaativat vain v\u00e4h\u00e4n huoltoa, mik\u00e4 v\u00e4hent\u00e4\u00e4 yll\u00e4pitokustannuksia ja seisokkiaikoja. T\u00e4m\u00e4 ominaisuus tekee niist\u00e4 ihanteellisia k\u00e4ytett\u00e4v\u00e4ksi syrj\u00e4isiss\u00e4 tai haastavissa ymp\u00e4rist\u00f6iss\u00e4, joissa huolto on vaikeaa tai kallista.<\/p>\n<h3>5. Tehokkuuden lis\u00e4\u00e4ntyminen<\/h3>\n<p>Sakkelityyppisten sylinterien s\u00e4\u00e4dett\u00e4v\u00e4 luonne mahdollistaa niiden asennettujen koneiden tarkan ohjauksen. T\u00e4m\u00e4 ominaisuus helpottaa laitteiden tehokasta k\u00e4ytt\u00f6\u00e4, v\u00e4hent\u00e4\u00e4 polttoaineenkulutusta ja parantaa kokonaissuorituskyky\u00e4. Koneen liikkeiden hallintakyky tarkoittaa my\u00f6s sit\u00e4, ett\u00e4 ylikuormituksen tai ylikuormituksen aiheuttamien vaurioiden todenn\u00e4k\u00f6isyys on pienempi.<\/p>\n<p>Yhteenvetona voidaan todeta, ett\u00e4 s\u00e4\u00e4dett\u00e4v\u00e4t haarukkatyyppiset sylinterit tarjoavat monia etuja raskaille koneille, mukaan lukien paremman suorituskyvyn, r\u00e4\u00e4t\u00e4l\u00f6idyt suunnitteluvaihtoehdot, paremman turvallisuuden, pienemm\u00e4t yll\u00e4pitokustannukset ja lis\u00e4\u00e4ntyneen tehokkuuden. Korkean lujuutensa ja kest\u00e4vyytens\u00e4 ansiosta n\u00e4m\u00e4 sylinterit sopivat ihanteellisesti vaativiin ymp\u00e4rist\u00f6ihin, ja ne tarjoavat luotettavan ja tehokkaan toiminnan.<img decoding=\"async\" src=\"https:\/\/fmp-components.com\/wp-content\/uploads\/2024\/12\/Adjustable-Clevis-Type-Cylinders5.webp\" alt=\"S\u00e4\u00e4dett\u00e4v\u00e4 haarukkatyyppinen sylinteri\" width=\"800\" title=\"\"><\/p>\n<h2>S\u00e4\u00e4dett\u00e4vien haarukkatyyppisten sylinterien k\u00e4ytt\u00f6<\/h2>\n<p>S\u00e4\u00e4dett\u00e4vi\u00e4 haarukkatyyppisi\u00e4 sylintereit\u00e4 k\u00e4ytet\u00e4\u00e4n laajalti eri teollisuudenaloilla, koska ne pystyv\u00e4t nostamaan raskaita kuormia ja yll\u00e4pit\u00e4m\u00e4\u00e4n tasaista painetta. N\u00e4m\u00e4 sylinterit ovat erityisen hy\u00f6dyllisi\u00e4 sovelluksissa, joissa tarvitaan tarkkuutta ja hallintaa, kuten rakennus-, auto- ja valmistusteollisuudessa.<\/p>\n<p>T\u00e4ss\u00e4 on joitakin s\u00e4\u00e4dett\u00e4vien haarukkatyyppisten sylinterien yleisi\u00e4 sovelluksia:<\/p>\n<h3>1. Raskaat koneet<\/h3>\n<p>S\u00e4\u00e4dett\u00e4vi\u00e4 haarukkatyyppisi\u00e4 sylintereit\u00e4 k\u00e4ytet\u00e4\u00e4n usein raskaissa koneissa, kuten kaivinkoneissa, nostureissa ja kuormaajissa. N\u00e4m\u00e4 koneet vaativat paljon tehoa raskaiden esineiden nostamiseen ja erilaisten teht\u00e4vien suorittamiseen. S\u00e4\u00e4dett\u00e4vi\u00e4 haarukkatyyppisi\u00e4 sylintereit\u00e4 k\u00e4ytet\u00e4\u00e4n tarjoamaan tarvittava teho ja ohjaus koneiden tehokkaaseen liikuttamiseen. Per\u00e4vaunujen r\u00e4\u00e4t\u00e4l\u00f6ity ruostumattomasta ter\u00e4ksest\u00e4 valmistettu hydraulisylinteri on yksi esimerkki raskaissa koneissa k\u00e4ytetyist\u00e4 s\u00e4\u00e4dett\u00e4vist\u00e4 haarukkatyyppisist\u00e4 sylintereist\u00e4.<\/p>\n<h3>2. Rakentaminen<\/h3>\n<p>Rakennusteollisuus on eritt\u00e4in riippuvainen s\u00e4\u00e4dett\u00e4vist\u00e4 haarukkatyyppisist\u00e4 sylintereist\u00e4 erilaisissa sovelluksissa, kuten porauksessa, purkuty\u00f6ss\u00e4 ja kaivamisessa. N\u00e4it\u00e4 sylintereit\u00e4 k\u00e4ytet\u00e4\u00e4n betonin ja muiden rakennusmateriaalien l\u00e4pimurtoon tarvittavan voiman aikaansaamiseksi. Niit\u00e4 k\u00e4ytet\u00e4\u00e4n my\u00f6s raskaiden kuormien, kuten ter\u00e4spalkkien ja muiden rakennusmateriaalien, nostamiseen.<\/p>\n<h3>3. Autoteollisuus<\/h3>\n<p>S\u00e4\u00e4dett\u00e4vi\u00e4 haarukkatyyppisi\u00e4 sylintereit\u00e4 k\u00e4ytet\u00e4\u00e4n laajalti autoteollisuudessa erilaisiin sovelluksiin, kuten raskaiden ajoneuvojen nostamiseen ja raskaiden komponenttien siirt\u00e4miseen. Niit\u00e4 k\u00e4ytet\u00e4\u00e4n my\u00f6s valmistusprosesseissa osien kokoonpanoon ja muihin teht\u00e4viin. N\u00e4m\u00e4 sylinterit on suunniteltu kest\u00e4viksi ja kest\u00e4m\u00e4\u00e4n autoteollisuuden ankaria olosuhteita.<\/p>\n<h3>4. Valmistus<\/h3>\n<p>S\u00e4\u00e4dett\u00e4vi\u00e4 haarukkatyyppisi\u00e4 sylintereit\u00e4 k\u00e4ytet\u00e4\u00e4n laajalti valmistusteollisuudessa erilaisiin sovelluksiin, kuten puristukseen, puristamiseen ja muovaukseen. N\u00e4it\u00e4 sylintereit\u00e4 k\u00e4ytet\u00e4\u00e4n kohdistamaan tasaista painetta materiaaleihin tarkkojen muotojen ja muotojen luomiseksi. Niit\u00e4 k\u00e4ytet\u00e4\u00e4n my\u00f6s raskaiden kuormien nostamiseen ja materiaalien siirt\u00e4miseen tuotantotiloissa.<\/p>\n<p>Yhteenvetona voidaan todeta, ett\u00e4 s\u00e4\u00e4dett\u00e4v\u00e4t haarukkatyyppiset sylinterit ovat monipuolisia ja hy\u00f6dyllisi\u00e4 ty\u00f6kaluja, joita k\u00e4ytet\u00e4\u00e4n laajalti eri teollisuudenaloilla. Ne tarjoavat tarvittavan tehon ja hallinnan erilaisten teht\u00e4vien suorittamiseen, kuten raskaiden kuormien nostamiseen, betonin l\u00e4pimurtoon ja tarkkojen muotojen muotoiluun. Per\u00e4vaunuihin tarkoitettu r\u00e4\u00e4t\u00e4l\u00f6ity ruostumattomasta ter\u00e4ksest\u00e4 valmistettu hydraulisylinteri on yksi esimerkki n\u00e4ist\u00e4 raskaissa koneissa k\u00e4ytett\u00e4vist\u00e4 sylintereist\u00e4. Olitpa sitten rakennusalalla, autoteollisuudessa tai valmistuksessa, s\u00e4\u00e4dett\u00e4v\u00e4t haarukkatyyppiset sylinterit voivat auttaa sinua suorittamaan teht\u00e4v\u00e4si tehokkaammin ja tuloksellisemmin.<img decoding=\"async\" src=\"https:\/\/fmp-components.com\/wp-content\/uploads\/2024\/12\/Application-of-Adjustable-Clevis-Type-Cylinders.webp\" alt=\"S\u00e4\u00e4dett\u00e4v\u00e4 haarukkatyyppinen sylinteri\" width=\"800\" title=\"\"><\/p>\n<h3>Tietoja FMP:st\u00e4 \u2013 Hydraulisylinteri<\/h3>\n<p>Jos etsit luotettavia ja korkealaatuisia hydraulisylintereit\u00e4, olet tullut oikeaan paikkaan. FMP on hyv\u00e4maineinen yritys, joka on erikoistunut rakennuskoneiden osien ja kokonaisten koneiden myyntiin ja huoltoon. Meill\u00e4 on vuosien kokemus alalta ja ammattitaitoinen tiimi, joiden avulla tarjoamme asiakkaillemme huipputason hydraulisylintereit\u00e4, jotka on suunniteltu vastaamaan heid\u00e4n erityistarpeitaan.<\/p>\n<p>T\u00e4ss\u00e4 on viisi syyt\u00e4, miksi sinun kannattaa valita FMP hydraulisylinteritarpeisiisi:<\/p>\n<p>1. Laaja tuotevalikoima: FMP:ll\u00e4 tarjoamme laajan valikoiman hydraulisylintereit\u00e4, mukaan lukien s\u00e4\u00e4dett\u00e4v\u00e4t sakkelityyppiset sylinterit, hitsatut sakkelityyppiset sylinterit ja paljon muuta. Tuotteemme sopivat erityyppisiin rakennuskoneisiin, kuten maatalouskoneisiin, teollisuuskoneisiin ja muihin.<\/p>\n<p>2. Huippulaatuiset materiaalit: K\u00e4yt\u00e4mme tuotteissamme vain huippulaatuisia materiaaleja varmistaaksemme, ett\u00e4 ne t\u00e4ytt\u00e4v\u00e4t tiukat laatustandardit. Hydraulisylinterimme on valmistettu korkealaatuisesta ter\u00e4ksest\u00e4, mik\u00e4 takaa kest\u00e4vyyden ja pitk\u00e4ik\u00e4isen suorituskyvyn.<\/p>\n<p>3. Ammattimainen konsultointi: Kokenut myyntitiimimme on aina valmiina tarjoamaan ammattimaista konsultointia ja neuvontaa. Ymm\u00e4rr\u00e4mme rakennuskoneteollisuuden kehitystrendit ja asiakastarpeet, ja voimme auttaa sinua valitsemaan tarpeisiisi sopivan hydraulisylinterin.<\/p>\n<p>4. Tehokas logistiikka-jakeluj\u00e4rjestelm\u00e4: Meill\u00e4 on tehokas logistiikka-jakeluj\u00e4rjestelm\u00e4, joka varmistaa, ett\u00e4 asiakkaamme saavat tarvitsemansa osat ajallaan ja t\u00e4sm\u00e4llisesti. T\u00e4m\u00e4 tarkoittaa, ett\u00e4 voit luottaa meihin toimittaessasi hydraulisylinterisi silloin, kun sit\u00e4 tarvitset.<\/p>\n<p>5. Kilpailukykyiset hinnat: FMP:ll\u00e4 tarjoamme tuotteitamme kilpailukykyiseen hintaan laadusta tinkim\u00e4tt\u00e4. Uskomme, ett\u00e4 kaikilla tulisi olla p\u00e4\u00e4sy huippulaatuisiin hydraulisiin sylintereihin edulliseen hintaan.<\/p>\n<p>Jos siis etsit luotettavaa ja ammattitaitoista hydraulisylintereiden toimittajaa, FMP on oikea valinta. Ota yhteytt\u00e4 jo t\u00e4n\u00e4\u00e4n saadaksesi lis\u00e4tietoja tuotteistamme ja palveluistamme.<\/p>\n<p><img decoding=\"async\" src=\"https:\/\/fmp-components.com\/wp-content\/uploads\/2024\/12\/Adjustable-Clevis-Type-Cylinders-6.webp\" alt=\"S\u00e4\u00e4dett\u00e4v\u00e4 haarukkatyyppinen sylinteri\" width=\"848\" title=\"\"><\/p>\n<h2>Usein kysytyt kysymykset<\/h2>\n<p><b>K: Mik\u00e4 on hydraulisylinterin suurin kuormituskapasiteetti?<\/b><br \/>\nA: Hydraulisylinteri voi vet\u00e4\u00e4 enint\u00e4\u00e4n 20 tonnin kuorman.<\/p>\n<p><b>K: Mik\u00e4 on hydraulisylinterin takuuaika?<\/b><br \/>\nA: Hydraulisylinterill\u00e4 on 1 vuoden takuu.<\/p>\n<p><b>K: Voidaanko hydraulisylinteri\u00e4 r\u00e4\u00e4t\u00e4l\u00f6id\u00e4 tiettyjen vaatimusten mukaisesti?<\/b><br \/>\nV: Kyll\u00e4, tarjoamme r\u00e4\u00e4t\u00e4l\u00f6intivaihtoehtoja vastataksemme erityistarpeisiisi.<\/p>\n<p><img decoding=\"async\" src=\"https:\/\/img.jiansujichilun.com\/img\/hydrauliccylinders\/T_hydrauliccylinders-3.webp\" alt=\"hydraulisylinteri\" width=\"800\" title=\"\"><\/p>\n<p>Tekij\u00e4: CX<\/p>","protected":false},"excerpt":{"rendered":"<p>Introducing the Customized Stainless Steel Hydraulic Cylinder For Trailer: The Customized Stainless Steel Hydraulic Cylinder is a high-quality product designed specifically for trailers. This hydraulic cylinder is made from durable stainless steel, ensuring its longevity and resistance to rust and corrosion. With its customized design, this hydraulic cylinder is suitable for a variety of trailer [&hellip;]<\/p>","protected":false},"featured_media":1336,"comment_status":"closed","ping_status":"closed","template":"","meta":{"_et_pb_use_builder":"","_et_pb_old_content":"","_et_gb_content_width":""},"product_brand":[],"product_cat":[39],"product_tag":[41,34],"class_list":{"0":"post-1386","1":"product","2":"type-product","3":"status-publish","4":"has-post-thumbnail","6":"product_cat-adjustable-clevis-type-cylinders","7":"product_tag-adjustable-clevis-type-cylinders","8":"product_tag-hydraulic-cylinder","10":"first","11":"instock","12":"product-type-simple"},"_links":{"self":[{"href":"https:\/\/fmp-components.com\/fi\/wp-json\/wp\/v2\/product\/1386","targetHints":{"allow":["GET"]}}],"collection":[{"href":"https:\/\/fmp-components.com\/fi\/wp-json\/wp\/v2\/product"}],"about":[{"href":"https:\/\/fmp-components.com\/fi\/wp-json\/wp\/v2\/types\/product"}],"replies":[{"embeddable":true,"href":"https:\/\/fmp-components.com\/fi\/wp-json\/wp\/v2\/comments?post=1386"}],"wp:featuredmedia":[{"embeddable":true,"href":"https:\/\/fmp-components.com\/fi\/wp-json\/wp\/v2\/media\/1336"}],"wp:attachment":[{"href":"https:\/\/fmp-components.com\/fi\/wp-json\/wp\/v2\/media?parent=1386"}],"wp:term":[{"taxonomy":"product_brand","embeddable":true,"href":"https:\/\/fmp-components.com\/fi\/wp-json\/wp\/v2\/product_brand?post=1386"},{"taxonomy":"product_cat","embeddable":true,"href":"https:\/\/fmp-components.com\/fi\/wp-json\/wp\/v2\/product_cat?post=1386"},{"taxonomy":"product_tag","embeddable":true,"href":"https:\/\/fmp-components.com\/fi\/wp-json\/wp\/v2\/product_tag?post=1386"}],"curies":[{"name":"wp","href":"https:\/\/api.w.org\/{rel}","templated":true}]}}