{"id":1384,"date":"2024-12-23T02:19:41","date_gmt":"2024-12-23T02:19:41","guid":{"rendered":"https:\/\/fmp-components.com\/product\/high-quality-small-adjustable-welded-hydraulic-cylinder\/"},"modified":"2024-12-23T02:36:07","modified_gmt":"2024-12-23T02:36:07","slug":"high-quality-small-adjustable-welded-hydraulic-cylinder","status":"publish","type":"product","link":"https:\/\/fmp-components.com\/fi\/product\/high-quality-small-adjustable-welded-hydraulic-cylinder\/","title":{"rendered":"Korkealaatuinen pieni s\u00e4\u00e4dett\u00e4v\u00e4 hitsattu hydraulisylinteri"},"content":{"rendered":"<p>Korkealaatuinen pieni s\u00e4\u00e4dett\u00e4v\u00e4 hitsattu hydraulisylinteri on v\u00e4ltt\u00e4m\u00e4t\u00f6n hankinta kaikille, jotka tarvitsevat luotettavaa hydraulij\u00e4rjestelm\u00e4\u00e4. Sen s\u00e4\u00e4dett\u00e4v\u00e4 rakenne mahdollistaa helpon mukauttamisen tarpeisiisi, ja sen hitsattu rakenne takaa maksimaalisen kest\u00e4vyyden ja pitk\u00e4ik\u00e4isyyden.<\/p>\n<p>Kompaktin kokonsa ansiosta t\u00e4m\u00e4 hydraulisylinteri sopii t\u00e4ydellisesti ahtaisiin tiloihin, joissa suuremmat sylinterit olisivat ep\u00e4k\u00e4yt\u00e4nn\u00f6llisi\u00e4. Sen korkealaatuiset rakennusmateriaalit varmistavat, ett\u00e4 se selviytyy vaativimmistakin sovelluksista, mik\u00e4 tekee siit\u00e4 monipuolisen ratkaisun monenlaisiin hydraulisiin tarpeisiin.<\/p>\n<p>Etsitp\u00e4 sitten ratkaisua nykyisen hydrauliikkaj\u00e4rjestelm\u00e4si suorituskyvyn parantamiseen tai tarvitsetko kokonaan uuden hydraulisylinterin, korkealaatuinen pieni s\u00e4\u00e4dett\u00e4v\u00e4 hitsattu hydraulisylinteri on erinomainen valinta. Sen poikkeuksellinen laatu, luotettavuus ja suorituskyky ylitt\u00e4v\u00e4t varmasti odotuksesi ja tarjoavat sinulle kest\u00e4v\u00e4n ja pitk\u00e4ik\u00e4isen hydrauliikkaj\u00e4rjestelm\u00e4n, jota tarvitset ty\u00f6si suorittamiseen oikein.<\/p>\n<p><img loading=\"lazy\" decoding=\"async\" class=\"alignnone size-full wp-image-1334\" src=\"https:\/\/fmp-components.com\/wp-content\/uploads\/2024\/12\/Adjustable-Clevis-Type-Cylinders-4.webp\" alt=\"S\u00e4\u00e4dett\u00e4v\u00e4t haarukkatyyppiset sylinterit\" width=\"800\" height=\"800\" title=\"\" srcset=\"https:\/\/fmp-components.com\/wp-content\/uploads\/2024\/12\/Adjustable-Clevis-Type-Cylinders-4.webp 800w, https:\/\/fmp-components.com\/wp-content\/uploads\/2024\/12\/Adjustable-Clevis-Type-Cylinders-4-480x480.webp 480w\" sizes=\"(min-width: 0px) and (max-width: 480px) 480px, (min-width: 481px) 800px, 100vw\" \/><\/p>\n<h2>S\u00e4\u00e4dett\u00e4vien haarukkatyyppisten sylinterien edut<\/h2>\n<p>S\u00e4\u00e4dett\u00e4v\u00e4t haarukkatyyppiset hydraulisylinterit, erityisesti korkealaatuiset pienet s\u00e4\u00e4dett\u00e4v\u00e4t hitsatut hydraulisylinterit, tarjoavat lukuisia etuja muuntyyppisiin sylintereihin verrattuna. T\u00e4ss\u00e4 on joitakin s\u00e4\u00e4dett\u00e4vien haarukkatyyppisten sylinterien k\u00e4yt\u00f6n etuja:<\/p>\n<ol>\n<li><strong>Joustavuus:<\/strong> S\u00e4\u00e4dett\u00e4v\u00e4 haarukka mahdollistaa joustavan asennuksen, koska sit\u00e4 voidaan k\u00e4\u00e4nt\u00e4\u00e4 360 astetta. T\u00e4m\u00e4 helpottaa sylinterin s\u00e4\u00e4t\u00e4mist\u00e4 mihin tahansa suuntaan, mik\u00e4 tekee siit\u00e4 ihanteellisen sovelluksiin, joissa tilaa on rajoitetusti tai joissa tarvitaan erilaisia \u200b\u200basennuskulmia.<\/li>\n<li><strong>S\u00e4\u00e4dett\u00e4vyys:<\/strong> Kuten nimest\u00e4 voi p\u00e4\u00e4tell\u00e4, s\u00e4\u00e4dett\u00e4v\u00e4t haarukkatyyppiset sylinterit voidaan s\u00e4\u00e4t\u00e4\u00e4 tiettyihin k\u00e4ytt\u00f6tarkoituksiin. T\u00e4m\u00e4 johtuu siit\u00e4, ett\u00e4 haarukkaa voidaan siirt\u00e4\u00e4 yl\u00f6s ja alas m\u00e4nn\u00e4nvartta pitkin, mik\u00e4 mahdollistaa iskunpituuden hienos\u00e4\u00e4d\u00f6n. T\u00e4m\u00e4 tarkoittaa, ett\u00e4 sylinteri voidaan r\u00e4\u00e4t\u00e4l\u00f6id\u00e4 erilaisiin asennusvaatimuksiin, mik\u00e4 tekee siit\u00e4 monipuolisemman kuin muuntyyppiset sylinterit.<\/li>\n<li><strong>Korkea tarkkuus:<\/strong> S\u00e4\u00e4dett\u00e4v\u00e4t haarukkatyyppiset sylinterit on suunniteltu eritt\u00e4in tarkkoiksi ja niill\u00e4 on korkea toistettavuus ja tarkkuus. T\u00e4m\u00e4 johtuu korkealaatuisten materiaalien ja edistyneiden valmistustekniikoiden k\u00e4yt\u00f6st\u00e4, jotka varmistavat sylinterin sujuvan ja luotettavan toiminnan my\u00f6s ankarissa olosuhteissa.<\/li>\n<li><strong>Tehokas:<\/strong> S\u00e4\u00e4dett\u00e4v\u00e4t haarukkatyyppiset sylinterit ovat eritt\u00e4in tehokkaita, mik\u00e4 tarkoittaa, ett\u00e4 ne voivat tuottaa paljon tehoa k\u00e4ytt\u00e4m\u00e4ll\u00e4 v\u00e4hemm\u00e4n energiaa kuin muuntyyppiset sylinterit. T\u00e4m\u00e4 johtuu siit\u00e4, ett\u00e4 ne on suunniteltu minimoimaan kitkaa ja kulumista, mik\u00e4 v\u00e4hent\u00e4\u00e4 sylinterin k\u00e4ytt\u00e4miseen tarvittavan energian m\u00e4\u00e4r\u00e4\u00e4. T\u00e4m\u00e4 tekee niist\u00e4 ihanteellisia sovelluksiin, joissa energiatehokkuus on t\u00e4rke\u00e4\u00e4.<\/li>\n<li><strong>Kest\u00e4v\u00e4:<\/strong> Korkealaatuiset pienet s\u00e4\u00e4dett\u00e4v\u00e4t hitsatut hydraulisylinterit on rakennettu kest\u00e4m\u00e4\u00e4n, ja niiden kest\u00e4v\u00e4 rakenne ja korkealaatuiset materiaalit kest\u00e4v\u00e4t vaativia k\u00e4ytt\u00f6olosuhteita. Sylinterit kest\u00e4v\u00e4t korroosiota, kulumista ja \u00e4\u00e4rimm\u00e4isi\u00e4 l\u00e4mp\u00f6tiloja, joten ne sopivat erinomaisesti monenlaisiin teollisiin sovelluksiin.<\/li>\n<\/ol>\n<p>Yhteenvetona voidaan todeta, ett\u00e4 s\u00e4\u00e4dett\u00e4v\u00e4t haarukkatyyppiset hydraulisylinterit tarjoavat vertaansa vailla olevaa joustavuutta, s\u00e4\u00e4dett\u00e4vyytt\u00e4, tarkkuutta, tehokkuutta ja kest\u00e4vyytt\u00e4. N\u00e4m\u00e4 sylinterit sopivat erinomaisesti monenlaisiin teollisiin ja kaupallisiin sovelluksiin, ja ne sopivat erityisesti kohteisiin, jotka vaativat suurta tarkkuutta ja tehokkuutta. S\u00e4\u00e4dett\u00e4vi\u00e4 haarukkatyyppisi\u00e4 sylintereit\u00e4 valittaessa on t\u00e4rke\u00e4\u00e4 valita korkealaatuiset pienet s\u00e4\u00e4dett\u00e4v\u00e4t hitsatut hydraulisylinterit, jotka tarjoavat parhaan suorituskyvyn ja pitk\u00e4n k\u00e4ytt\u00f6i\u00e4n.<img decoding=\"async\" src=\"https:\/\/fmp-components.com\/wp-content\/uploads\/2024\/12\/Adjustable-Clevis-Type-Cylinders5.webp\" alt=\"S\u00e4\u00e4dett\u00e4v\u00e4 haarukkatyyppinen sylinteri\" width=\"800\" title=\"\"><\/p>\n<h2>S\u00e4\u00e4dett\u00e4vien haarukkatyyppisten sylinterien k\u00e4ytt\u00f6<\/h2>\n<p>S\u00e4\u00e4dett\u00e4v\u00e4t haarukkatyyppiset sylinterit ovat hydraulisylintereit\u00e4, joita voidaan s\u00e4\u00e4t\u00e4\u00e4 eri asennusasentoihin. Niit\u00e4 k\u00e4ytet\u00e4\u00e4n eri teollisuudenaloilla erilaisiin sovelluksiin. T\u00e4ss\u00e4 on joitakin yleisimpi\u00e4 s\u00e4\u00e4dett\u00e4vien haarukkatyyppisten sylinterien sovelluksia:<\/p>\n<ul>\n<li style=\"list-style-type: none;\">\n<ul>\n<li><strong>Teollisuusautomaatio<\/strong><\/li>\n<\/ul>\n<\/li>\n<\/ul>\n<p>S\u00e4\u00e4dett\u00e4vi\u00e4 haarukkatyyppisi\u00e4 sylintereit\u00e4 k\u00e4ytet\u00e4\u00e4n erilaisissa teollisuuden automaatioprosesseissa. N\u00e4it\u00e4 sylintereit\u00e4 k\u00e4ytet\u00e4\u00e4n laajalti puristus-, puristus- ja l\u00e4vistyssovelluksissa. Ne voidaan helposti s\u00e4\u00e4t\u00e4\u00e4 eri asennusasentoihin, mik\u00e4 tekee niist\u00e4 sopivia k\u00e4ytett\u00e4v\u00e4ksi erilaisissa koneissa ja laitteissa.<\/p>\n<ul>\n<li style=\"list-style-type: none;\">\n<ul>\n<li><strong>Rakennuskoneet<\/strong><\/li>\n<\/ul>\n<\/li>\n<\/ul>\n<p>Rakennuskoneissa k\u00e4ytet\u00e4\u00e4n yleisesti korkealaatuisia pieni\u00e4, s\u00e4\u00e4dett\u00e4vi\u00e4, hitsattuja hydraulisylintereit\u00e4. N\u00e4it\u00e4 sylintereit\u00e4 k\u00e4ytet\u00e4\u00e4n erilaisissa koneissa, kuten kaivinkoneissa, puskutraktoreissa ja kuormaajissa. Niit\u00e4 k\u00e4ytet\u00e4\u00e4n teht\u00e4viin, kuten kaivamiseen, tasoitukseen ja raskaiden kuormien nostamiseen.<\/p>\n<ul>\n<li style=\"list-style-type: none;\">\n<ul>\n<li><strong>Maatalouskoneet<\/strong><\/li>\n<\/ul>\n<\/li>\n<\/ul>\n<p>S\u00e4\u00e4dett\u00e4vi\u00e4 haarukkatyyppisi\u00e4 sylintereit\u00e4 k\u00e4ytet\u00e4\u00e4n maatalouskoneissa, kuten traktoreissa, puimureissa ja kultivaattoreissa. Niit\u00e4 k\u00e4ytet\u00e4\u00e4n esimerkiksi koneiden eri osien nostamiseen ja laskemiseen, auran korkeuden s\u00e4\u00e4t\u00e4miseen ja koneissa k\u00e4ytett\u00e4vien nesteiden virtauksen ohjaamiseen.<\/p>\n<ul>\n<li style=\"list-style-type: none;\">\n<ul>\n<li><strong>Materiaalink\u00e4sittelylaitteet<\/strong><\/li>\n<\/ul>\n<\/li>\n<\/ul>\n<p>S\u00e4\u00e4dett\u00e4vi\u00e4 haarukkatyyppisi\u00e4 sylintereit\u00e4 k\u00e4ytet\u00e4\u00e4n my\u00f6s materiaalink\u00e4sittelylaitteissa, kuten trukeissa ja nostureissa. Niit\u00e4 k\u00e4ytet\u00e4\u00e4n teht\u00e4viin, kuten raskaiden kuormien nostamiseen ja laskemiseen, haarukoiden kallistamiseen ja nosturin puomin liikkeen ohjaamiseen.<\/p>\n<ul>\n<li style=\"list-style-type: none;\">\n<ul>\n<li><strong>Meri- ja offshore-laitteet<\/strong><\/li>\n<\/ul>\n<\/li>\n<\/ul>\n<p>S\u00e4\u00e4dett\u00e4vi\u00e4 haarukkatyyppisi\u00e4 sylintereit\u00e4 k\u00e4ytet\u00e4\u00e4n meri- ja offshore-laitteissa, kuten laivoissa ja \u00f6ljynporauslautoissa. Niit\u00e4 k\u00e4ytet\u00e4\u00e4n esimerkiksi venttiilien avaamiseen ja sulkemiseen, laivan per\u00e4simen liikkeen ohjaamiseen ja porauslautolla k\u00e4ytett\u00e4v\u00e4n nosturin liikkeen ohjaamiseen.<\/p>\n<p>Yhteenvetona voidaan todeta, ett\u00e4 s\u00e4\u00e4dett\u00e4v\u00e4t haarukkatyyppiset sylinterit ovat monipuolisia hydraulisylintereit\u00e4, joita k\u00e4ytet\u00e4\u00e4n eri teollisuudenaloilla erilaisiin teht\u00e4viin. Niiden s\u00e4\u00e4t\u00f6mahdollisuus eri asennusasentoihin tekee niist\u00e4 sopivia k\u00e4ytett\u00e4v\u00e4ksi erilaisissa koneissa ja laitteissa. Korkealaatuisten pienten s\u00e4\u00e4dett\u00e4vien hitsattujen hydraulisylintereiden k\u00e4ytt\u00f6 varmistaa sylinterien kest\u00e4vyyden ja luotettavuuden, mik\u00e4 tekee niist\u00e4 sopivia k\u00e4ytett\u00e4v\u00e4ksi ankarissa ja vaativissa ymp\u00e4rist\u00f6iss\u00e4.<img decoding=\"async\" src=\"https:\/\/fmp-components.com\/wp-content\/uploads\/2024\/12\/Application-of-Adjustable-Clevis-Type-Cylinders.webp\" alt=\"S\u00e4\u00e4dett\u00e4v\u00e4 haarukkatyyppinen sylinteri\" width=\"800\" title=\"\"><\/p>\n<h3>Tietoja FMP-hydraulisylinterist\u00e4<\/h3>\n<p>FMP on johtava yritys, joka on erikoistunut rakennuskoneiden osien ja kokonaisten koneiden myyntiin ja huoltoon. Olemme ylpeit\u00e4 voidessamme tarjota korkealaatuisia hydraulisylinteriratkaisuja asiakkaillemme maailmanlaajuisesti.<\/p>\n<p>T\u00e4ss\u00e4 on joitakin FMP-hydraulisylinterin valitsemisen t\u00e4rkeimmist\u00e4 eduista:<\/p>\n<ul>\n<li><strong>Korkealaatuiset materiaalit:<\/strong> K\u00e4yt\u00e4mme hydraulisylintereidemme valmistuksessa vain korkealaatuisia materiaaleja, mik\u00e4 varmistaa niiden kest\u00e4vyyden ja luotettavuuden pitk\u00e4aikaiseen k\u00e4ytt\u00f6\u00f6n. Tuotteemme on suunniteltu kest\u00e4m\u00e4\u00e4n jopa ankarimmat ty\u00f6olosuhteet.<\/li>\n<li><strong>Laaja valikoima vaihtoehtoja:<\/strong> Hydraulisylinterien tuotevalikoimaamme kuuluu erityyppisi\u00e4 sylintereit\u00e4, kuten vetotankosylintereit\u00e4, hitsattuja sylintereit\u00e4 ja s\u00e4\u00e4dett\u00e4vi\u00e4 haarukkatyyppisi\u00e4 sylintereit\u00e4 jne. Tarjoamme my\u00f6s r\u00e4\u00e4t\u00e4l\u00f6ityj\u00e4 ratkaisuja asiakkaiden erityistarpeisiin.<\/li>\n<li><strong>Tiukka laadunvalvonta:<\/strong> Olemme luoneet pitk\u00e4aikaisia \u200b\u200bja vakaita yhteisty\u00f6suhteita monien korkealaatuisten toimittajien kanssa kotimaassa ja ulkomailla varmistaen, ett\u00e4 kaikki toimitetut osat t\u00e4ytt\u00e4v\u00e4t tiukat laatustandardit. Lis\u00e4ksi hydraulisylinterimme k\u00e4yv\u00e4t l\u00e4pi tiukat testausprosessit varmistaaksemme, ett\u00e4 ne t\u00e4ytt\u00e4v\u00e4t tiukat laatuvaatimuksemme ennen toimitusta.<\/li>\n<li><strong>Kokenut myyntitiimi:<\/strong> Myyntitiimimme on kokenut ja asiantunteva rakennuskonealalla, ja he voivat tarjota asiakkaille ammattimaista konsultointia ja \u00e4lykk\u00e4it\u00e4 ostoehdotuksia.<\/li>\n<li><strong>Tehokas logistiikka jakelu:<\/strong> Meill\u00e4 on tehokas logistiikkaj\u00e4rjestelm\u00e4 varmistaaksemme, ett\u00e4 asiakkaat saavat tarvitsemansa osat ajallaan ja t\u00e4sm\u00e4llisesti. Luotettava toimituspalvelumme auttaa varmistamaan asiakkaidemme projektien sujuvan etenemisen.<\/li>\n<\/ul>\n<p>FMP:ll\u00e4 uskomme asiakkaillemme korkealaatuisten ja luotettavien hydraulisylinteriratkaisujen tarjoamiseen. Monivuotisen kokemuksemme alalta ja ammattitaitoisen tiimimme avulla voimme tarjota asiakkaillemme r\u00e4\u00e4t\u00e4l\u00f6ityj\u00e4 ratkaisuja heid\u00e4n erityistarpeisiinsa. Ota yhteytt\u00e4 jo t\u00e4n\u00e4\u00e4n saadaksesi lis\u00e4tietoja tuotteistamme ja palveluistamme!<\/p>\n<p><img decoding=\"async\" src=\"https:\/\/fmp-components.com\/wp-content\/uploads\/2024\/12\/Adjustable-Clevis-Type-Cylinders-6.webp\" alt=\"S\u00e4\u00e4dett\u00e4v\u00e4 haarukkatyyppinen sylinteri\" width=\"846\" title=\"\"><\/p>\n<h2>Usein kysytyt kysymykset<\/h2>\n<p><b>K: Mik\u00e4 on korkealaatuisen pienen s\u00e4\u00e4dett\u00e4v\u00e4n hitsatun hydraulisylinterin toimitusaika?<\/b><br \/>\nV: Yleinen toimitusaika on 25-35 p\u00e4iv\u00e4\u00e4.<\/p>\n<p><b>K: Voinko saada n\u00e4ytteen korkealaatuisesta pienest\u00e4 s\u00e4\u00e4dett\u00e4v\u00e4st\u00e4 hitsatusta hydraulisylinterist\u00e4?<\/b><br \/>\nV: Kyll\u00e4, tarjoamme n\u00e4ytteit\u00e4, mutta ne eiv\u00e4t ole ilmaisia.<\/p>\n<p><b>K: Voidaanko korkealaatuista pient\u00e4 s\u00e4\u00e4dett\u00e4v\u00e4\u00e4 hitsattua hydraulisylinteri\u00e4 r\u00e4\u00e4t\u00e4l\u00f6id\u00e4 vaatimusteni mukaan?<\/b><br \/>\nV: Kyll\u00e4, voimme valmistaa sylintereit\u00e4 n\u00e4ytteidesi tai teknisten piirustusten mukaan. Voimme my\u00f6s luoda muotteja ja kiinnittimi\u00e4 erityisvaatimustesi t\u00e4ytt\u00e4miseksi.<\/p>\n<p><img decoding=\"async\" src=\"https:\/\/img.jiansujichilun.com\/img\/hydrauliccylinders\/T_hydrauliccylinders-5.webp\" alt=\"hydraulisylinteri\" width=\"800\" title=\"\"><\/p>\n<p>Tekij\u00e4: CX<\/p>","protected":false},"excerpt":{"rendered":"<p>The High Quality Small Adjustable Welded Hydraulic Cylinder is a must-have for anyone in need of a reliable hydraulic system. Its adjustable design allows for easy customization to fit your specific needs, and its welded construction ensures maximum durability and longevity. With its compact size, this hydraulic cylinder is perfect for use in tight spaces [&hellip;]<\/p>","protected":false},"featured_media":1338,"comment_status":"closed","ping_status":"closed","template":"","meta":{"_et_pb_use_builder":"","_et_pb_old_content":"","_et_gb_content_width":""},"product_brand":[],"product_cat":[39],"product_tag":[41,34],"class_list":{"0":"post-1384","1":"product","2":"type-product","3":"status-publish","4":"has-post-thumbnail","6":"product_cat-adjustable-clevis-type-cylinders","7":"product_tag-adjustable-clevis-type-cylinders","8":"product_tag-hydraulic-cylinder","10":"first","11":"instock","12":"product-type-simple"},"_links":{"self":[{"href":"https:\/\/fmp-components.com\/fi\/wp-json\/wp\/v2\/product\/1384","targetHints":{"allow":["GET"]}}],"collection":[{"href":"https:\/\/fmp-components.com\/fi\/wp-json\/wp\/v2\/product"}],"about":[{"href":"https:\/\/fmp-components.com\/fi\/wp-json\/wp\/v2\/types\/product"}],"replies":[{"embeddable":true,"href":"https:\/\/fmp-components.com\/fi\/wp-json\/wp\/v2\/comments?post=1384"}],"wp:featuredmedia":[{"embeddable":true,"href":"https:\/\/fmp-components.com\/fi\/wp-json\/wp\/v2\/media\/1338"}],"wp:attachment":[{"href":"https:\/\/fmp-components.com\/fi\/wp-json\/wp\/v2\/media?parent=1384"}],"wp:term":[{"taxonomy":"product_brand","embeddable":true,"href":"https:\/\/fmp-components.com\/fi\/wp-json\/wp\/v2\/product_brand?post=1384"},{"taxonomy":"product_cat","embeddable":true,"href":"https:\/\/fmp-components.com\/fi\/wp-json\/wp\/v2\/product_cat?post=1384"},{"taxonomy":"product_tag","embeddable":true,"href":"https:\/\/fmp-components.com\/fi\/wp-json\/wp\/v2\/product_tag?post=1384"}],"curies":[{"name":"wp","href":"https:\/\/api.w.org\/{rel}","templated":true}]}}