{"id":1380,"date":"2024-12-23T02:19:41","date_gmt":"2024-12-23T02:19:41","guid":{"rendered":"https:\/\/fmp-components.com\/product\/guaranteed-quality-double-acting-agriculture-hydraulic-cylinder-hydraulic-ram-cylinder\/"},"modified":"2024-12-23T02:35:44","modified_gmt":"2024-12-23T02:35:44","slug":"guaranteed-quality-double-acting-agriculture-hydraulic-cylinder-hydraulic-ram-cylinder","status":"publish","type":"product","link":"https:\/\/fmp-components.com\/fi\/product\/guaranteed-quality-double-acting-agriculture-hydraulic-cylinder-hydraulic-ram-cylinder\/","title":{"rendered":"Taattu laatu Kaksitoiminen Maatalous Hydraulinen Sylinteri Hydraulinen Ram Sylinteri"},"content":{"rendered":"<p>Taattu laatu Kaksitoiminen maataloushydraulisylinteri Hydraulinen sylinteri:<\/p>\n<p>Taatun laadun kaksitoiminen maataloushydraulisylinteri on tehokas ja luotettava ty\u00f6kalu, joka on suunniteltu k\u00e4ytett\u00e4v\u00e4ksi maatalouskoneissa. Kaksitoimisen rakenteensa ansiosta t\u00e4m\u00e4 hydraulisylinteri tarjoaa tasaisen ja luotettavan suorituskyvyn, joten se on ihanteellinen valinta maanviljelij\u00f6ille ja maatalousalan ammattilaisille.<\/p>\n<p>Korkealaatuisista materiaaleista valmistettu hydraulisylinteri on rakennettu kest\u00e4m\u00e4\u00e4n ja kest\u00e4m\u00e4\u00e4n vaativimmatkin olosuhteet. Se on my\u00f6s suunniteltu tarjoamaan sujuvaa ja tehokasta toimintaa, mik\u00e4 varmistaa maksimaalisen tuottavuuden ja tehokkuuden.<\/p>\n<p>Olitpa sitten kylv\u00e4m\u00e4ss\u00e4 satoa, korjaamassa satoa tai tekem\u00e4ss\u00e4 mit\u00e4 tahansa muuta maatalousteht\u00e4v\u00e4\u00e4, taatun laadun kaksitoiminen maataloushydraulisylinteri on v\u00e4ltt\u00e4m\u00e4t\u00f6n ty\u00f6kalu jokaiselle maanviljelij\u00e4lle tai maatalousalan ammattilaiselle. Miksi siis odottaa? Hanki omasi jo t\u00e4n\u00e4\u00e4n ja koe t\u00e4m\u00e4n huippulaatuisen hydraulisylinterin teho ja luotettavuus.<\/p>\n<p><img loading=\"lazy\" decoding=\"async\" class=\"alignnone size-full wp-image-1334\" src=\"https:\/\/fmp-components.com\/wp-content\/uploads\/2024\/12\/Adjustable-Clevis-Type-Cylinders-4.webp\" alt=\"S\u00e4\u00e4dett\u00e4v\u00e4t haarukkatyyppiset sylinterit\" width=\"800\" height=\"800\" title=\"\" srcset=\"https:\/\/fmp-components.com\/wp-content\/uploads\/2024\/12\/Adjustable-Clevis-Type-Cylinders-4.webp 800w, https:\/\/fmp-components.com\/wp-content\/uploads\/2024\/12\/Adjustable-Clevis-Type-Cylinders-4-480x480.webp 480w\" sizes=\"(min-width: 0px) and (max-width: 480px) 480px, (min-width: 481px) 800px, 100vw\" \/><\/p>\n<p>Koe ylivoimainen suorituskyky kaksitoimisella maataloushydraulisylinterill\u00e4mme ja hydraulisella m\u00e4nn\u00e4nsylinterill\u00e4mme, jotka on suunniteltu palvelemaan monenlaisia \u200b\u200btoimialoja, kuten konekorjaamoja, maatiloja, energia- ja kaivosteollisuutta, konevalmistusta ja konetehtaita. Tuote on uusi ja sill\u00e4 on 1 vuoden takuu, joka varmistaa, ett\u00e4 saat ostoksestasi parhaan mahdollisen vastineen rahoillesi. Ydinkomponentteihin kuuluvat laakeri ja itse hydraulisylinteri, jotka takaavat vakio- ja tehokkaan toiminnan. Runkomateriaali on ter\u00e4st\u00e4, mik\u00e4 takaa kest\u00e4vyyden, ja se kest\u00e4\u00e4 enint\u00e4\u00e4n 3000 N ty\u00f6nt\u00f6voiman. Sylinteri on s\u00e4\u00e4dett\u00e4v\u00e4 haarukkatyyppinen, mik\u00e4 tarjoaa monipuolisuutta sovelluksissa.<\/p>\n<h2>S\u00e4\u00e4dett\u00e4vien haarukkatyyppisten sylinterien edut<\/h2>\n<p>S\u00e4\u00e4dett\u00e4v\u00e4t haarukkatyyppiset sylinterit ovat olennaisia \u200b\u200bkomponentteja, joita k\u00e4ytet\u00e4\u00e4n erilaisissa maatalous- ja teollisuussovelluksissa. N\u00e4m\u00e4 hydraulisylinterit tarjoavat erinomaisen suorituskyvyn ja ovat eritt\u00e4in kest\u00e4vi\u00e4 ainutlaatuisen rakenteensa ja suunnittelunsa ansiosta. T\u00e4ss\u00e4 artikkelissa k\u00e4sittelemme s\u00e4\u00e4dett\u00e4vien haarukkatyyppisten sylinterien etuja ja sit\u00e4, miksi ne ovat paras ratkaisu hydraulisiin tarpeisiisi.<\/p>\n<ul>\n<li><strong>Taattu laatu:<\/strong> S\u00e4\u00e4dett\u00e4v\u00e4t haarukkatyyppiset sylinterit on suunniteltu tarjoamaan taattua laatua ja suorituskyky\u00e4. N\u00e4m\u00e4 sylinterit on rakennettu kest\u00e4m\u00e4\u00e4n, ja valmistajat varmistavat, ett\u00e4 ne t\u00e4ytt\u00e4v\u00e4t tiukat laadunvalvontastandardit. Korkealaatuisten materiaalien ja edistyneiden valmistustekniikoiden k\u00e4ytt\u00f6 varmistaa, ett\u00e4 n\u00e4m\u00e4 sylinterit kest\u00e4v\u00e4t vaativimmissakin sovelluksissa.<\/li>\n<li><strong>Kaksitoiminen:<\/strong> S\u00e4\u00e4dett\u00e4v\u00e4t haarukkatyyppiset sylinterit ovat kaksitoimisia, mik\u00e4 tarkoittaa, ett\u00e4 ne voivat laajentua ja supistua paineen alaisena. T\u00e4m\u00e4 ominaisuus lis\u00e4\u00e4 tehokkuutta ja parantaa tuottavuutta erilaisissa sovelluksissa. Esimerkiksi maatalouskoneissa kaksitoimiset sylinterit ovat v\u00e4ltt\u00e4m\u00e4tt\u00f6mi\u00e4 esimerkiksi aurojen, kultivaattoreiden ja puimureiden kaltaisten laitteiden k\u00e4yt\u00f6ss\u00e4.<\/li>\n<li><strong>Maatalouden hydraulisylinteri:<\/strong> S\u00e4\u00e4dett\u00e4vi\u00e4 haarukkatyyppisi\u00e4 sylintereit\u00e4 k\u00e4ytet\u00e4\u00e4n laajalti maataloudessa. Korkealaatuisen rakenteensa ja erinomaisen suorituskykyns\u00e4 ansiosta n\u00e4ist\u00e4 sylintereist\u00e4 on tullut maatalouskoneiden valmistajien ensisijainen valinta. Niit\u00e4 k\u00e4ytet\u00e4\u00e4n erilaisissa sovelluksissa, kuten traktorien lis\u00e4laitteissa, kuormaajissa, auroissa ja kultivaattoreissa. N\u00e4m\u00e4 sylinterit tarjoavat tarvittavan voiman ja tarkkuuden varmistaakseen, ett\u00e4 laitteet toimivat huipputehokkaasti.<\/li>\n<li><strong>Hydraulinen m\u00e4nn\u00e4n sylinteri:<\/strong> S\u00e4\u00e4dett\u00e4vi\u00e4 sakkelisylintereit\u00e4 kutsutaan my\u00f6s hydraulisiksi m\u00e4nn\u00e4nsylintereiksi. Ne toimivat hydraulinesteell\u00e4, joka tuottaa tarvittavan voiman kuormien siirt\u00e4miseen. Hydraulisylinterit ovat monipuolisia ja niit\u00e4 voidaan k\u00e4ytt\u00e4\u00e4 erilaisissa teollisuus- ja maataloussovelluksissa. S\u00e4\u00e4dett\u00e4vill\u00e4 sakkelisylintereill\u00e4 on ainutlaatuinen rakenne, jonka ansiosta ne tarjoavat erinomaisen suorituskyvyn vaativissa olosuhteissa.<\/li>\n<li><strong>Mukautettava:<\/strong> S\u00e4\u00e4dett\u00e4v\u00e4t haarukkatyyppiset sylinterit ovat muokattavissa tiettyjen vaatimusten t\u00e4ytt\u00e4miseksi. Valmistajat voivat muokata sylintereit\u00e4 halutun iskunpituuden, rei\u00e4n halkaisijan ja kiinnitysvaihtoehtojen saavuttamiseksi. T\u00e4m\u00e4 ominaisuus tekee niist\u00e4 sopivia erilaisiin k\u00e4ytt\u00f6tarkoituksiin. Lis\u00e4ksi s\u00e4\u00e4dett\u00e4vi\u00e4 haarukkatyyppisi\u00e4 sylintereit\u00e4 on saatavana eri kokoisina, joten ne sopivat k\u00e4ytett\u00e4v\u00e4ksi sek\u00e4 pieniss\u00e4 ett\u00e4 suurissa laitteissa.<\/li>\n<\/ul>\n<p>Kaiken kaikkiaan s\u00e4\u00e4dett\u00e4v\u00e4t haarukkatyyppiset sylinterit ovat olennaisia \u200b\u200bkomponentteja erilaisissa teollisuus- ja maataloussovelluksissa. Ne tarjoavat taattua laatua, kaksitoimisia ominaisuuksia ja ovat eritt\u00e4in kest\u00e4vi\u00e4 rakenteensa ja muotoilunsa ansiosta. Hydraulinesteen k\u00e4ytt\u00f6 varmistaa, ett\u00e4 ne tarjoavat tarvittavan voiman kuormien siirt\u00e4miseen, mik\u00e4 tekee niist\u00e4 eritt\u00e4in tehokkaita ja luotettavia. Jos etsit hydraulisylinteri\u00e4, joka tarjoaa erinomaisen suorituskyvyn ja kest\u00e4vyyden, s\u00e4\u00e4dett\u00e4v\u00e4t haarukkatyyppiset sylinterit ovat paras ratkaisu.<\/p>\n<p><img decoding=\"async\" src=\"https:\/\/fmp-components.com\/wp-content\/uploads\/2024\/12\/Adjustable-Clevis-Type-Cylinders5.webp\" alt=\"S\u00e4\u00e4dett\u00e4v\u00e4 haarukkatyyppinen sylinteri\" width=\"800\" title=\"\"><\/p>\n<h2>S\u00e4\u00e4dett\u00e4vien haarukkatyyppisten sylinterien k\u00e4ytt\u00f6<\/h2>\n<p>S\u00e4\u00e4dett\u00e4vi\u00e4 haarukkatyyppisi\u00e4 sylintereit\u00e4 k\u00e4ytet\u00e4\u00e4n laajalti useilla eri teollisuudenaloilla, kuten maataloudessa, rakentamisessa ja teollisuudessa. T\u00e4ss\u00e4 on joitakin n\u00e4iden sylinterien yleisi\u00e4 k\u00e4ytt\u00f6tarkoituksia:<\/p>\n<ul>\n<li><strong>Taattu laatu:<\/strong> Yksi yleisimmist\u00e4 s\u00e4\u00e4dett\u00e4vien haarukkatyyppisten sylinterien k\u00e4ytt\u00f6tarkoituksista on hydraulij\u00e4rjestelmien laadun varmistaminen. N\u00e4m\u00e4 sylinterit on suunniteltu toimimaan pitki\u00e4 aikoja ilman huoltoa, mik\u00e4 varmistaa hydraulij\u00e4rjestelm\u00e4n pitk\u00e4n k\u00e4ytt\u00f6i\u00e4n ja luotettavuuden.<\/li>\n<li><strong>Kaksitoiminen:<\/strong> S\u00e4\u00e4dett\u00e4v\u00e4t haarukkatyyppiset sylinterit on suunniteltu kaksitoimisiksi, mik\u00e4 tarkoittaa, ett\u00e4 ne voivat suorittaa kaksi toimintoa: pident\u00e4\u00e4 ja lyhent\u00e4\u00e4 toimintaa. T\u00e4m\u00e4 tekee niist\u00e4 ihanteellisia sovelluksiin, joissa tarkka ohjaus on v\u00e4ltt\u00e4m\u00e4t\u00f6nt\u00e4, kuten raskaissa koneissa ja rakennuslaitteissa.<\/li>\n<li><strong>Maatalous:<\/strong> Hydraulisia m\u00e4nn\u00e4nsylintereit\u00e4 k\u00e4ytet\u00e4\u00e4n usein maatalouskoneissa, joissa ne tarjoavat tarvittavan voiman ja hallinnan raskaiden kuormien nostamiseen ja laskemiseen. Olipa kyseess\u00e4 sitten peltojen kynt\u00f6, sadonkorjuu tai tavaroiden kuljetus, hydraulisylinterit ovat olennainen osa nykyaikaisia \u200b\u200bmaatalouskoneita.<\/li>\n<li><strong>Hydraulinen m\u00e4nn\u00e4n sylinteri:<\/strong> Hydrauliset m\u00e4nn\u00e4nsylinterit k\u00e4ytt\u00e4v\u00e4t hydraulista painetta lineaarisen liikkeen luomiseen, mik\u00e4 tekee niist\u00e4 ihanteellisia sovelluksiin, joissa raskaita kuormia on nostettava tai siirrett\u00e4v\u00e4. N\u00e4it\u00e4 sylintereit\u00e4 k\u00e4ytet\u00e4\u00e4n yleisesti raskaissa koneissa, kuten kaivinkoneissa ja puskutraktoreissa, joissa ne tarjoavat tarvittavan voiman suurten maa- ja j\u00e4tem\u00e4\u00e4rien siirt\u00e4miseen.<\/li>\n<\/ul>\n<p>Yhteenvetona voidaan todeta, ett\u00e4 s\u00e4\u00e4dett\u00e4v\u00e4t sakkelityyppiset sylinterit ovat monipuolisia ja luotettavia komponentteja, joita k\u00e4ytet\u00e4\u00e4n monilla teollisuudenaloilla. Taatun laatunsa ja kaksitoimisen toiminnallisuutensa ansiosta ne sopivat ihanteellisesti k\u00e4ytett\u00e4v\u00e4ksi raskaissa koneissa ja laitteissa. Lis\u00e4ksi hydrauliset m\u00e4nn\u00e4nsylinterit ovat v\u00e4ltt\u00e4m\u00e4tt\u00f6mi\u00e4 maataloudessa, jossa ne tarjoavat tarvittavan voiman ja hallinnan raskaiden kuormien nostamiseen ja siirt\u00e4miseen. Monien sovellustensa ansiosta s\u00e4\u00e4dett\u00e4v\u00e4t sakkelityyppiset sylinterit ja hydrauliset m\u00e4nn\u00e4nsylinterit ovat olennaisia \u200b\u200bkomponentteja nykyaikaisissa teollisuusj\u00e4rjestelmiss\u00e4.<img decoding=\"async\" src=\"https:\/\/fmp-components.com\/wp-content\/uploads\/2024\/12\/Application-of-Adjustable-Clevis-Type-Cylinders.webp\" alt=\"S\u00e4\u00e4dett\u00e4v\u00e4 haarukkatyyppinen sylinteri\" width=\"800\" title=\"\"><\/p>\n<h3>Tietoja FMP:st\u00e4<\/h3>\n<p>FMP on yritys, joka on erikoistunut hydraulisylintereiden tuotantoon ja myyntiin. P\u00e4\u00e4konttorimme sijaitsee Italiassa, ja meill\u00e4 on laaja kokemus rakennuskoneteollisuudesta sek\u00e4 omistautunut ammattilaistiimi. Tarjoamme korkealaatuisia ja luotettavia hydraulisylintereit\u00e4 sek\u00e4 laajan valikoiman muita rakennuskoneiden osia ja ratkaisuja.<\/p>\n<p><strong>1. Laaja tuotevalikoima:<\/strong> Tuotevalikoimaamme kuuluu erityyppisi\u00e4 hydraulisylintereit\u00e4, jotka vastaavat erilaisiin rakennuskoneteollisuuden tarpeisiin.<\/p>\n<p><strong>2. Erinomainen laatu:<\/strong> Olemme luoneet pitk\u00e4aikaisia \u200b\u200bja vakaita kumppanuuksia korkealaatuisten toimittajien kanssa sek\u00e4 kotimaisilla ett\u00e4 kansainv\u00e4lisill\u00e4 markkinoilla. T\u00e4m\u00e4 varmistaa, ett\u00e4 kaikki hydraulisylinterimme t\u00e4ytt\u00e4v\u00e4t tiukat laatustandardit, tarjoten asiakkaillemme luotettavia ja kest\u00e4vi\u00e4 tuotteita.<\/p>\n<p><strong>3. Ammattimainen myyntitiimi:<\/strong> Kokenut myyntitiimimme tuntee rakennuskoneteollisuuden uusimmat trendit ja asiakasvaatimukset. He voivat tarjota ammattimaista tuotekonsultaatiota ja antaa \u00e4lykk\u00e4it\u00e4 ostoehdotuksia, jotka ohjaavat asiakkaita valitsemaan sopivimman hydraulisylinterin heid\u00e4n tarpeisiinsa.<\/p>\n<p><strong>4. Tehokas logistiikka ja jakelu:<\/strong> FMP:ll\u00e4 ymm\u00e4rr\u00e4mme oikea-aikaisen ja t\u00e4sm\u00e4llisen toimituksen t\u00e4rkeyden. Tehokas logistiikkaj\u00e4rjestelm\u00e4mme varmistaa, ett\u00e4 asiakkaat saavat tarvitsemansa osat ajoissa, mik\u00e4 minimoi seisokkiajat ja maksimoi tuottavuuden.<\/p>\n<p><strong>5. Sitoutuminen asiakastyytyv\u00e4isyyteen:<\/strong> Asiakastyytyv\u00e4isyys on meille etusijalla ja pyrimme tarjoamaan poikkeuksellista palvelua. Tiimimme on omistautunut vastaamaan kaikkiin tiedusteluihin ja huolenaiheisiin viipym\u00e4tt\u00e4 varmistaakseen sujuvan ja nautinnollisen kokemuksen arvokkaille asiakkaillemme.<\/p>\n<p><img decoding=\"async\" src=\"https:\/\/fmp-components.com\/wp-content\/uploads\/2024\/12\/Adjustable-Clevis-Type-Cylinders-6.webp\" alt=\"S\u00e4\u00e4dett\u00e4v\u00e4 haarukkatyyppinen sylinteri\" width=\"842\" title=\"\"><\/p>\n<h4>Usein kysytyt kysymykset<\/h4>\n<p><strong>K: Mik\u00e4 on kaksitoimisen hydraulisylinterin toimitusaika?<\/strong><br \/>\nA: Tyypillinen toimitusaika on 25\u201335 p\u00e4iv\u00e4\u00e4.<\/p>\n<p><strong>K: Toimitatteko n\u00e4ytteit\u00e4 hydraulisylinterist\u00e4?<\/strong><br \/>\nV: Kyll\u00e4, toimitamme n\u00e4ytteit\u00e4 hydraulisylinterist\u00e4mme, mutta huomioithan, ett\u00e4 ne eiv\u00e4t ole ilmaisia.<\/p>\n<p><strong>K: Voidaanko hydraulisylintereit\u00e4 r\u00e4\u00e4t\u00e4l\u00f6id\u00e4 n\u00e4ytteiden tai teknisten piirustusten mukaan?<\/strong><br \/>\nV: Kyll\u00e4, tarjoamme r\u00e4\u00e4t\u00e4l\u00f6intipalveluita n\u00e4ytteidesi tai teknisten piirustusten perusteella. Voimme luoda muotteja ja kiinnittimi\u00e4 vastaamaan erityisvaatimuksiasi.<\/p>\n<p><img decoding=\"async\" src=\"https:\/\/img.jiansujichilun.com\/img\/hydrauliccylinders\/T_hydrauliccylinders-4.webp\" alt=\"hydraulisylinteri\" width=\"800\" title=\"\"><\/p>\n<p>Tekij\u00e4: CX<\/p>","protected":false},"excerpt":{"rendered":"<p>Guaranteed Quality Double Acting Agriculture Hydraulic Cylinder Hydraulic Ram Cylinder: The Guaranteed Quality Double Acting Agriculture Hydraulic Cylinder Hydraulic Ram Cylinder is a powerful and reliable tool designed for use in agricultural machinery. With its double-acting design, this hydraulic cylinder is capable of providing a consistent and reliable performance, making it an ideal choice for [&hellip;]<\/p>","protected":false},"featured_media":1336,"comment_status":"closed","ping_status":"closed","template":"","meta":{"_et_pb_use_builder":"","_et_pb_old_content":"","_et_gb_content_width":""},"product_brand":[],"product_cat":[39],"product_tag":[41,34],"class_list":{"0":"post-1380","1":"product","2":"type-product","3":"status-publish","4":"has-post-thumbnail","6":"product_cat-adjustable-clevis-type-cylinders","7":"product_tag-adjustable-clevis-type-cylinders","8":"product_tag-hydraulic-cylinder","10":"first","11":"instock","12":"product-type-simple"},"_links":{"self":[{"href":"https:\/\/fmp-components.com\/fi\/wp-json\/wp\/v2\/product\/1380","targetHints":{"allow":["GET"]}}],"collection":[{"href":"https:\/\/fmp-components.com\/fi\/wp-json\/wp\/v2\/product"}],"about":[{"href":"https:\/\/fmp-components.com\/fi\/wp-json\/wp\/v2\/types\/product"}],"replies":[{"embeddable":true,"href":"https:\/\/fmp-components.com\/fi\/wp-json\/wp\/v2\/comments?post=1380"}],"wp:featuredmedia":[{"embeddable":true,"href":"https:\/\/fmp-components.com\/fi\/wp-json\/wp\/v2\/media\/1336"}],"wp:attachment":[{"href":"https:\/\/fmp-components.com\/fi\/wp-json\/wp\/v2\/media?parent=1380"}],"wp:term":[{"taxonomy":"product_brand","embeddable":true,"href":"https:\/\/fmp-components.com\/fi\/wp-json\/wp\/v2\/product_brand?post=1380"},{"taxonomy":"product_cat","embeddable":true,"href":"https:\/\/fmp-components.com\/fi\/wp-json\/wp\/v2\/product_cat?post=1380"},{"taxonomy":"product_tag","embeddable":true,"href":"https:\/\/fmp-components.com\/fi\/wp-json\/wp\/v2\/product_tag?post=1380"}],"curies":[{"name":"wp","href":"https:\/\/api.w.org\/{rel}","templated":true}]}}