{"id":1379,"date":"2024-12-23T02:19:41","date_gmt":"2024-12-23T02:19:41","guid":{"rendered":"https:\/\/fmp-components.com\/product\/customized-trailer-hydraulic-cylinder-mini-hydraulic-cylinder-for-tractor\/"},"modified":"2024-12-23T08:53:11","modified_gmt":"2024-12-23T08:53:11","slug":"customized-trailer-hydraulic-cylinder-mini-hydraulic-cylinder-for-tractor","status":"publish","type":"product","link":"https:\/\/fmp-components.com\/fi\/product\/customized-trailer-hydraulic-cylinder-mini-hydraulic-cylinder-for-tractor\/","title":{"rendered":"R\u00e4\u00e4t\u00e4l\u00f6ity per\u00e4vaunun hydraulisylinteri Mini hydraulisylinteri traktoriin"},"content":{"rendered":"<h2>R\u00e4\u00e4t\u00e4l\u00f6ity per\u00e4vaunun hydraulisylinteri Mini hydraulisylinteri traktoriin<\/h2>\n<p>R\u00e4\u00e4t\u00e4l\u00f6ity per\u00e4vaunun hydraulisylinteri, minihydraulisylinteri traktoriin, on korkealaatuinen tuote, joka on suunniteltu vastaamaan per\u00e4vaunujen ja traktoreiden erityistarpeisiin. Edistyksellisen hydrauliikkateknologiansa ansiosta t\u00e4m\u00e4 sylinteri tarjoaa poikkeuksellisen suorituskyvyn ja kest\u00e4vyyden.<\/p>\n<p>T\u00e4m\u00e4 hydraulisylinteri on r\u00e4\u00e4t\u00e4l\u00f6ity erityisesti per\u00e4vaunuihin ja traktoreihin sopivaksi, ja se tarjoaa luotettavan ja tehokkaan toiminnan. Se on suunniteltu kest\u00e4m\u00e4\u00e4n raskaita kuormia ja ankaria ty\u00f6olosuhteita, joten se sopii erinomaisesti k\u00e4ytett\u00e4v\u00e4ksi maatalous-, rakennus- ja kuljetusaloilla.<\/p>\n<p>Traktorin minihydraulisylinteri on kooltaan kompakti, mutta tarjoaa tehokkaan hydraulisen voiman, joka mahdollistaa sujuvan ja tarkan toiminnan. Se on varustettu korkealaatuisilla tiivisteill\u00e4 ja laakereilla, jotka takaavat pitk\u00e4n k\u00e4ytt\u00f6i\u00e4n ja minimaalisen huollontarpeen.<\/p>\n<p><img loading=\"lazy\" decoding=\"async\" class=\"alignnone size-full wp-image-1334\" src=\"https:\/\/fmp-components.com\/wp-content\/uploads\/2024\/12\/Adjustable-Clevis-Type-Cylinders-4.webp\" alt=\"S\u00e4\u00e4dett\u00e4v\u00e4t haarukkatyyppiset sylinterit\" width=\"800\" height=\"800\" title=\"\" srcset=\"https:\/\/fmp-components.com\/wp-content\/uploads\/2024\/12\/Adjustable-Clevis-Type-Cylinders-4.webp 800w, https:\/\/fmp-components.com\/wp-content\/uploads\/2024\/12\/Adjustable-Clevis-Type-Cylinders-4-480x480.webp 480w\" sizes=\"(min-width: 0px) and (max-width: 480px) 480px, (min-width: 481px) 800px, 100vw\" \/><\/p>\n<p>R\u00e4\u00e4t\u00e4l\u00f6ity per\u00e4vaunun hydraulisylinteri traktoriin on helppo asentaa ja k\u00e4ytt\u00e4\u00e4, joten se on k\u00e4yt\u00e4nn\u00f6llinen valinta sek\u00e4 ammattilaisille ett\u00e4 tee-se-itse-harrastajille. Se tarjoaa erinomaisen hallinnan ja vakauden, mik\u00e4 parantaa per\u00e4vaunujen ja traktoreiden yleist\u00e4 suorituskyky\u00e4.<\/p>\n<p>Yhteenvetona voidaan todeta, ett\u00e4 r\u00e4\u00e4t\u00e4l\u00f6ity per\u00e4vaunun hydraulisylinteri, minihydraulinen sylinteri traktoriin, on luotettava ja tehokas hydrauliikkakomponentti, joka on erityisesti suunniteltu per\u00e4vaunuille ja traktoreille. Poikkeuksellisen suorituskykyns\u00e4 ja kest\u00e4vyytens\u00e4 ansiosta se varmistaa sujuvan toiminnan ja parantaa n\u00e4iden ajoneuvojen yleist\u00e4 toimivuutta.<\/p>\n<table style=\"width: 100%;\" border=\"1\" width=\"100%\" cellspacing=\"0\" cellpadding=\"0\">\n<tbody>\n<tr>\n<th>Kunto<\/th>\n<td>Uusi<\/td>\n<\/tr>\n<tr>\n<th>Takuu<\/th>\n<td>1 vuosi<\/td>\n<\/tr>\n<tr>\n<th>Sovellettavat toimialat<\/th>\n<td>Konekorjaamot, Maatilat, Energia ja kaivostoiminta, Koneiden valmistus, Konetehdas<\/td>\n<\/tr>\n<tr>\n<th>Paino (kg)<\/th>\n<td>30<\/td>\n<\/tr>\n<tr>\n<th>Videon l\u00e4htev\u00e4 tarkastus<\/th>\n<td>Edellytt\u00e4en<\/td>\n<\/tr>\n<tr>\n<th>Koneiden testausraportti<\/th>\n<td>Edellytt\u00e4en<\/td>\n<\/tr>\n<tr>\n<th>Markkinointityyppi<\/th>\n<td>Uusi tuote 2023<\/td>\n<\/tr>\n<tr>\n<th>Ydinkomponenttien takuu<\/th>\n<td>1 vuosi<\/td>\n<\/tr>\n<tr>\n<th>Ydinkomponentit<\/th>\n<td>Laakeri, hydraulisylinteri<\/td>\n<\/tr>\n<tr>\n<th>Vakio tai ei-standardi<\/th>\n<td>Standardi<\/td>\n<\/tr>\n<tr>\n<th>Rakenne<\/th>\n<td>M\u00e4nt\u00e4sylinteri<\/td>\n<\/tr>\n<tr>\n<th>Voima<\/th>\n<td>Hydraulinen<\/td>\n<\/tr>\n<tr>\n<th>Rungon materiaali<\/th>\n<td>Ter\u00e4s<\/td>\n<\/tr>\n<tr>\n<th>Maksimi ty\u00f6nt\u00f6voima<\/th>\n<td>3000<\/td>\n<\/tr>\n<tr>\n<th>Tyyppi<\/th>\n<td>S\u00e4\u00e4dett\u00e4v\u00e4t haarukkatyyppiset sylinterit<\/td>\n<\/tr>\n<tr>\n<th>Portit<\/th>\n<td>G\/SAE\/NPT\/M<\/td>\n<\/tr>\n<tr>\n<th>Maksimiveto<\/th>\n<td>20 tonnia<\/td>\n<\/tr>\n<tr>\n<th>Sertifiointi<\/th>\n<td>ISO9001:2000<\/td>\n<\/tr>\n<tr>\n<th>Rei\u00e4n koko<\/th>\n<td>2\u20136 tuumaa<\/td>\n<\/tr>\n<tr>\n<th>Tangon koko<\/th>\n<td>1,125\u20134 tuumaa<\/td>\n<\/tr>\n<tr>\n<th>Iskun koko<\/th>\n<td>4\u2013100 tuumaa<\/td>\n<\/tr>\n<tr>\n<th>Tapin koko<\/th>\n<td>0,5\u20132 tuumaa<\/td>\n<\/tr>\n<tr>\n<th>V\u00e4ri<\/th>\n<td>Musta<\/td>\n<\/tr>\n<tr>\n<th>Pakkaustiedot<\/th>\n<td>Rautakotelo, vanerikotelo tai pahvilaatikko<\/td>\n<\/tr>\n<\/tbody>\n<\/table>\n<p>&nbsp;<\/p>\n<h2>Ominaisuuksien ja teknisten tietojen paljastaminen<\/h2>\n<p>T\u00e4m\u00e4 hydraulisylinteri on monipuolinen laite, joka on suunniteltu tarjoamaan korkeaa suorituskyky\u00e4 eri teollisuudenaloilla. Se on saatavana s\u00e4\u00e4dett\u00e4v\u00e4ll\u00e4 haarukkamallilla, joten sit\u00e4 voidaan k\u00e4ytt\u00e4\u00e4 monenlaisissa sovelluksissa. Sylinteriss\u00e4 on vakiorakenne, jossa on m\u00e4nt\u00e4sylinteri, jota k\u00e4ytt\u00e4\u00e4 hydraulinen paine. Se on valmistettu ter\u00e4ksest\u00e4, joka tunnetaan kest\u00e4vyydest\u00e4\u00e4n ja joustavuudestaan.<\/p>\n<p>Sylinterin vaikuttava maksimity\u00f6nt\u00f6voima on 3000 ja maksimivetovoima 20 tonnia, joten se sopii raskaaseen k\u00e4ytt\u00f6\u00f6n. Se on sertifioitu ISO9001:2000-standardin mukaisesti, mik\u00e4 takaa sen laadun ja luotettavuuden. Sylinterin sis\u00e4halkaisija vaihtelee 2\u20136 tuuman v\u00e4lill\u00e4 ja m\u00e4nn\u00e4nvarren koko 1,125\u20134 tuuman v\u00e4lill\u00e4. Iskunpituutta voi my\u00f6s s\u00e4\u00e4t\u00e4\u00e4 4 ja 100 tuuman v\u00e4lill\u00e4, joten se sopii monenlaisiin sovelluksiin.<\/p>\n<h2>Esittelyss\u00e4 FMP-hydraulisylinterit<\/h2>\n<p>Vuonna 2002 perustettu FMP Hydraulic Machinery on hyv\u00e4maineinen hydraulisylintereiden valmistaja ja viej\u00e4. FMP on ylpe\u00e4 voidessaan tuottaa korkealaatuisia tuotteita, jotka ovat ansainneet asiakkaiden luottamuksen maailmanlaajuisesti. T\u00e4m\u00e4 erityinen hydraulisylinteri on osoitus FMP:n sitoutumisesta huippuosaamiseen.<\/p>\n<p>Se on vuoden 2023 uutuustuote, joka heijastaa FMP:n jatkuvaa innovaatiota. Yhden vuoden takuu varmistaa, ett\u00e4 saat luotettavan tuotteen, jonka yritys seisoo ammattitaitonsa takana. Keskeisimpiin komponentteihin kuuluvat laakeri ja itse hydraulisylinteri, jotka molemmat ovat kest\u00e4vyydest\u00e4\u00e4n tunnettuja vakio-osia.<\/p>\n<p><img decoding=\"async\" src=\"https:\/\/img.jiansujichilun.com\/img\/hydrauliccylinders\/T_hydrauliccylinders-2.webp\" alt=\"hydraulisylinteri\" width=\"800\" title=\"\"><\/p>\n<p>Toimitpa sitten konekorjaamoissa, maatiloilla, energia- ja kaivosteollisuudessa, konevalmistuksessa tai konetehtaassa, t\u00e4m\u00e4 hydraulisylinteri on suunniteltu vastaamaan tarpeitasi. FMP:n avulla voit r\u00e4\u00e4t\u00e4l\u00f6id\u00e4 tilauksiasi tarkasti omien vaatimustesi mukaisesti.<\/p>\n<p>Oletko valmis kokemaan FMP-hydraulisylinterien tehon, monipuolisuuden ja luotettavuuden? Tutustu tuotevalikoimaamme jo t\u00e4n\u00e4\u00e4n ja l\u00f6yd\u00e4 t\u00e4ydellinen hydraulinen ratkaisu toimintoihisi.<\/p>\n<h2>S\u00e4\u00e4dett\u00e4vien haarukkatyyppisten sylinterien edut<\/h2>\n<p>S\u00e4\u00e4dett\u00e4v\u00e4t haarukkatyyppiset sylinterit ovat hydraulisylintereit\u00e4, joita k\u00e4ytet\u00e4\u00e4n yleisesti erilaisissa sovelluksissa, kuten maataloudessa, rakennusalalla ja kuljetuksessa. N\u00e4ill\u00e4 sylintereill\u00e4 on monia etuja muuntyyppisiin sylintereihin verrattuna, mukaan lukien:<\/p>\n<ul>\n<li>Mukautettava pituus<\/li>\n<li>Korkea tarkkuus<\/li>\n<li>Lis\u00e4\u00e4ntynyt tehokkuus<\/li>\n<li>Parannettu kest\u00e4vyys<\/li>\n<li>Parempi turvallisuus<\/li>\n<\/ul>\n<h3>Mukautettava pituus<\/h3>\n<p>Yksi s\u00e4\u00e4dett\u00e4vien haarukkatyyppisten sylinterien t\u00e4rkeimmist\u00e4 eduista on niiden mukautettava pituus. N\u00e4it\u00e4 sylintereit\u00e4 voidaan helposti mukauttaa erilaisiin sovelluksiin, mukaan lukien r\u00e4\u00e4t\u00e4l\u00f6idyt per\u00e4vaunun hydraulisylinterit ja traktorin minihydraulisylinterit. T\u00e4m\u00e4 on mahdollista s\u00e4\u00e4dett\u00e4v\u00e4n haarukan ansiosta, jonka avulla sylinterin pituutta voidaan s\u00e4\u00e4t\u00e4\u00e4 sovelluksen erityistarpeiden mukaan. T\u00e4m\u00e4 tekee n\u00e4ist\u00e4 sylintereist\u00e4 erinomaisen valinnan sovelluksiin, joissa tilaa on rajoitetusti tai joissa tarvitaan r\u00e4\u00e4t\u00e4l\u00f6ity\u00e4 ratkaisua.<\/p>\n<p>Lis\u00e4ksi n\u00e4iden sylinterien s\u00e4\u00e4dett\u00e4v\u00e4 pituus mahdollistaa helpon asennuksen ja huollon. Sylinterin pituuden s\u00e4\u00e4t\u00e4minen sovelluksen erityisvaatimusten mukaan voi lyhent\u00e4\u00e4 asennusaikaa huomattavasti ja varmistaa, ett\u00e4 sylinteri on oikein kohdistettu. T\u00e4m\u00e4 voi johtaa tehokkuuden kasvuun ja seisokkiaikojen v\u00e4henemiseen, mik\u00e4 voi lopulta johtaa kustannuss\u00e4\u00e4st\u00f6ihin.<\/p>\n<h3>Korkea tarkkuus<\/h3>\n<p>S\u00e4\u00e4dett\u00e4v\u00e4t haarukkatyyppiset sylinterit on suunniteltu tarjoamaan tarkkaa toimintaa. Haarukkarakenne varmistaa, ett\u00e4 sylinteri pysyy linjassa ja suorassa my\u00f6s raskaiden kuormien alla. T\u00e4m\u00e4 mahdollistaa sylinterin liikkeen tarkan hallinnan, mik\u00e4 on t\u00e4rke\u00e4\u00e4 sovelluksissa, joissa tarkkuus on kriittist\u00e4.<\/p>\n<p>Lis\u00e4ksi n\u00e4iden sylinterien s\u00e4\u00e4dett\u00e4v\u00e4 pituus mahdollistaa iskunpituuden tarkan hallinnan. T\u00e4m\u00e4 voi olla erityisen hy\u00f6dyllist\u00e4 sovelluksissa, joissa optimaalisen suorituskyvyn saavuttamiseksi tarvitaan tietty iskunpituus.<\/p>\n<h3>Lis\u00e4\u00e4ntynyt tehokkuus<\/h3>\n<p>S\u00e4\u00e4dett\u00e4v\u00e4t haarukkatyyppiset sylinterit on suunniteltu maksimaalista tehokkuutta varten. Haarukkarakenne varmistaa, ett\u00e4 sylinteri pysyy linjassa ja suorassa my\u00f6s raskaiden kuormien alla. T\u00e4m\u00e4 v\u00e4hent\u00e4\u00e4 kuorman siirt\u00e4miseen tarvittavan energian m\u00e4\u00e4r\u00e4\u00e4, mik\u00e4 voi johtaa merkitt\u00e4viin energians\u00e4\u00e4st\u00f6ihin ajan my\u00f6t\u00e4.<\/p>\n<p>Lis\u00e4ksi n\u00e4iden sylinterien s\u00e4\u00e4dett\u00e4v\u00e4 pituus mahdollistaa k\u00e4ytett\u00e4viss\u00e4 olevan tilan optimaalisen hy\u00f6dynt\u00e4misen. T\u00e4m\u00e4 voi olla erityisen hy\u00f6dyllist\u00e4 sovelluksissa, joissa tilaa on rajoitetusti, kuten kuljetuksessa tai maataloudessa. S\u00e4\u00e4t\u00e4m\u00e4ll\u00e4 sylinterin pituutta sovelluksen erityisvaatimusten mukaan sylinteri voidaan sijoittaa mahdollisimman tehokkaasti, mik\u00e4 voi johtaa lis\u00e4energians\u00e4\u00e4st\u00f6ihin.<\/p>\n<h3>Parannettu kest\u00e4vyys<\/h3>\n<p>S\u00e4\u00e4dett\u00e4v\u00e4t haarukkatyyppiset sylinterit on suunniteltu eritt\u00e4in kest\u00e4viksi. Haarukkarakenne varmistaa, ett\u00e4 sylinteri pysyy suorassa ja linjassa my\u00f6s raskaiden kuormien alla. T\u00e4m\u00e4 v\u00e4hent\u00e4\u00e4 sylinterin kulumista, mik\u00e4 voi pident\u00e4\u00e4 sen k\u00e4ytt\u00f6ik\u00e4\u00e4.<\/p>\n<p>Lis\u00e4ksi n\u00e4iden sylinterien s\u00e4\u00e4dett\u00e4v\u00e4 pituus mahdollistaa osien helpon huollon ja vaihdon. T\u00e4m\u00e4 voi pident\u00e4\u00e4 sylinterin k\u00e4ytt\u00f6ik\u00e4\u00e4 mahdollistamalla nopeat ja helpot korjaukset.<\/p>\n<h3>Parempi turvallisuus<\/h3>\n<p>S\u00e4\u00e4dett\u00e4v\u00e4t haarukkatyyppiset sylinterit on suunniteltu turvallisuus mieless\u00e4. Haarukkarakenne varmistaa, ett\u00e4 sylinteri pysyy linjattuna ja suorana my\u00f6s raskaiden kuormien alla. T\u00e4m\u00e4 v\u00e4hent\u00e4\u00e4 sylinterin virheasennon riski\u00e4, \u200b\u200bjoka voi johtaa laitteiden vaurioitumiseen tai henkil\u00f6vahinkoihin.<\/p>\n<p>Lis\u00e4ksi n\u00e4iden sylinterien s\u00e4\u00e4dett\u00e4v\u00e4 pituus mahdollistaa iskunpituuden tarkan hallinnan. T\u00e4m\u00e4 voi olla erityisen hy\u00f6dyllist\u00e4 sovelluksissa, joissa turvallisuus on kriittist\u00e4, kuten kuljetuksessa tai rakennusalalla. Varmistamalla iskunpituuden tarkan hallinnan voidaan minimoida laitteiden vikaantumisen tai loukkaantumisen riski.<\/p>\n<p>Yhteenvetona voidaan todeta, ett\u00e4 s\u00e4\u00e4dett\u00e4v\u00e4t haarukkatyyppiset sylinterit tarjoavat monia etuja muihin sylintereihin verrattuna. Niiden mukautettava pituus, korkea tarkkuus, lis\u00e4\u00e4ntynyt tehokkuus, parannettu kest\u00e4vyys ja parannettu turvallisuus tekev\u00e4t niist\u00e4 erinomaisen valinnan moniin k\u00e4ytt\u00f6tarkoituksiin.<\/p>\n<p><img decoding=\"async\" src=\"https:\/\/fmp-components.com\/wp-content\/uploads\/2024\/12\/Adjustable-Clevis-Type-Cylinders5.webp\" alt=\"S\u00e4\u00e4dett\u00e4v\u00e4 haarukkatyyppinen sylinteri\" width=\"800\" title=\"\"><\/p>\n<h2>S\u00e4\u00e4dett\u00e4vien haarukkatyyppisten sylinterien k\u00e4ytt\u00f6<\/h2>\n<p>S\u00e4\u00e4dett\u00e4v\u00e4 haarukkatyyppinen sylinteri on monipuolinen hydrauliikkakomponentti, jota k\u00e4ytet\u00e4\u00e4n monilla eri teollisuudenaloilla. Sen ainutlaatuinen muotoilu ja toiminnallisuus tekev\u00e4t siit\u00e4 v\u00e4ltt\u00e4m\u00e4tt\u00f6m\u00e4n ty\u00f6kalun erilaisiin teht\u00e4viin. T\u00e4ss\u00e4 artikkelissa tutkimme s\u00e4\u00e4dett\u00e4vien haarukkatyyppisten sylinterien eri sovelluksia ja perehdymme niiden tarjoamiin etuihin.<\/p>\n<p>1. Mukautettu per\u00e4vaunun hydraulisylinteri:<\/p>\n<p>Yksi s\u00e4\u00e4dett\u00e4vien haarukkatyyppisten sylinterien ensisijaisista k\u00e4ytt\u00f6kohteista on r\u00e4\u00e4t\u00e4l\u00f6ityjen per\u00e4vaunujen hydraulisylintereiden valmistus. N\u00e4ill\u00e4 sylintereill\u00e4 on ratkaiseva rooli raskaiden kuormien liikuttamisessa ja nostamisessa per\u00e4vaunuissa. S\u00e4\u00e4dett\u00e4v\u00e4n haarukkatyyppisen sylinterin avulla per\u00e4vaunua voidaan helposti s\u00e4\u00e4t\u00e4\u00e4 eri korkeuksiin, mik\u00e4 mahdollistaa tehokkaan lastauksen ja purun. R\u00e4\u00e4t\u00e4l\u00f6ity muotoilu varmistaa t\u00e4ydellisen sopivuuden tiettyihin per\u00e4vaunumalleihin, varmistaen optimaalisen suorituskyvyn ja kest\u00e4vyyden.<\/p>\n<p>2. Mini hydraulisylinteri traktoriin:<\/p>\n<p>Toinen keskeinen sovellus s\u00e4\u00e4dett\u00e4ville haarukkatyyppisille sylintereille on traktoreiden minihydraulisylinterien valmistus. N\u00e4m\u00e4 kompaktit sylinterit on erityisesti suunniteltu sopimaan traktoreiden rajalliseen tilaan, mutta ne tarjoavat silti poikkeuksellisen tehon ja suorituskyvyn. Haarukan s\u00e4\u00e4t\u00f6mahdollisuuden ansiosta sylinteri voidaan helposti mukauttaa erilaisiin traktorin lis\u00e4laitteisiin, kuten kuormaajiin tai kaivurikuormaajiin. T\u00e4m\u00e4 monipuolisuus parantaa traktorin toimivuutta ja tuottavuutta, mik\u00e4 tekee siit\u00e4 arvokkaan ty\u00f6kalun maatalous- ja rakennusk\u00e4ytt\u00f6\u00f6n.<\/p>\n<p>3. S\u00e4\u00e4dett\u00e4vien haarukkatyyppisten sylinterien edut:<\/p>\n<p>S\u00e4\u00e4dett\u00e4vill\u00e4 haarukkatyyppisill\u00e4 sylintereill\u00e4 on useita etuja, jotka edist\u00e4v\u00e4t niiden laajaa k\u00e4ytt\u00f6\u00e4 eri teollisuudenaloilla. Ensinn\u00e4kin niiden s\u00e4\u00e4dett\u00e4v\u00e4 rakenne mahdollistaa tarkan sijoittelun ja r\u00e4\u00e4t\u00e4l\u00f6innin, mik\u00e4 varmistaa optimaalisen suorituskyvyn tiettyihin sovelluksiin. Mahdollisuus hienos\u00e4\u00e4t\u00e4\u00e4 sylinterin iskunpituutta ja asennusasentoa parantaa sen monipuolisuutta ja sopeutumiskyky\u00e4.<\/p>\n<p>Lis\u00e4ksi n\u00e4iden sylintereiden edistyneen hydrauliikkateknologian k\u00e4ytt\u00f6 varmistaa sujuvan ja tehokkaan toiminnan, minimoi energianhukan ja maksimoi tuottavuuden. Niiden valmistuksessa k\u00e4ytetyt korkealaatuiset materiaalit tekev\u00e4t niist\u00e4 kest\u00e4vi\u00e4 ja kulutusta kest\u00e4vi\u00e4, mik\u00e4 johtaa pitk\u00e4\u00e4n k\u00e4ytt\u00f6ik\u00e4\u00e4n ja alentaa huoltokustannuksia.<\/p>\n<p>Lis\u00e4ksi turvaominaisuuksien, kuten paineenalennusventtiilien ja tiivisteiden, sis\u00e4llytt\u00e4minen takaa luotettavan ja turvallisen toiminnan est\u00e4en mahdolliset onnettomuudet ja vauriot.<\/p>\n<p>Yhteenvetona voidaan todeta, ett\u00e4 s\u00e4\u00e4dett\u00e4vill\u00e4 haarukkatyyppisill\u00e4 sylintereill\u00e4 on laaja k\u00e4ytt\u00f6kohde useilla eri teollisuudenaloilla. R\u00e4\u00e4t\u00e4l\u00f6idyist\u00e4 per\u00e4vaunujen hydraulisylintereist\u00e4 traktoreiden minihydraulisylintereihin, niiden monipuolisuus ja toiminnallisuus tekev\u00e4t niist\u00e4 korvaamattomia ty\u00f6kaluja tehokkaaseen ja tarkkaan toimintaan. Niiden tarjoamat lukuisat edut, kuten r\u00e4\u00e4t\u00e4l\u00f6it\u00e4vyys, kest\u00e4vyys ja edistynyt hydrauliikkateknologia, lis\u00e4\u00e4v\u00e4t entisest\u00e4\u00e4n niiden arvoa ja tekev\u00e4t niist\u00e4 monien ammattilaisten ensisijaisen valinnan.<\/p>\n<p><img decoding=\"async\" src=\"https:\/\/fmp-components.com\/wp-content\/uploads\/2024\/12\/Application-of-Adjustable-Clevis-Type-Cylinders.webp\" alt=\"S\u00e4\u00e4dett\u00e4v\u00e4 haarukkatyyppinen sylinteri\" width=\"800\" title=\"\"><\/p>\n<h3>Tietoja FMP:st\u00e4<\/h3>\n<p>FMP on yritys, joka on erikoistunut hydraulisylintereiden tuotantoon ja myyntiin. Italiassa sijaitsevalla yrityksell\u00e4mme on vuosien kokemus alalta ja ammattitaitoinen tiimi, joka on omistautunut tarjoamaan asiakkaillemme korkealaatuisia ja luotettavia hydraulisylintereit\u00e4.<\/p>\n<p><img decoding=\"async\" src=\"https:\/\/fmp-components.com\/wp-content\/uploads\/2024\/12\/Adjustable-Clevis-Type-Cylinders-6.webp\" alt=\"S\u00e4\u00e4dett\u00e4v\u00e4 haarukkatyyppinen sylinteri\" width=\"841\" title=\"\"><\/p>\n<p>T\u00e4ss\u00e4 on viisi syyt\u00e4, miksi sinun kannattaa valita hydraulisylinterimme:<\/p>\n<ol>\n<li>Laaja valikoima vaihtoehtoja: Tarjoamme laajan valikoiman hydraulisylintereit\u00e4, mukaan lukien s\u00e4\u00e4dett\u00e4v\u00e4t haarukkatyyppiset sylinterit, jotka tarjoavat joustavuutta erilaisissa sovelluksissa.<\/li>\n<li>Poikkeuksellinen laatu: Kaikki hydraulisylinterimme valmistetaan tiukkojen laatustandardien mukaisesti, mik\u00e4 varmistaa niiden kest\u00e4vyyden ja suorituskyvyn.<\/li>\n<li>Asiantuntijakonsultointi: Kokenut myyntitiimimme tuntee rakennuskoneteollisuuden ja voi tarjota ammattimaista tuotekonsultointia juuri sinun tarpeisiisi.<\/li>\n<li>\u00c4lykk\u00e4\u00e4t ostoehdotukset: Ymm\u00e4rr\u00e4mme asiakkaiden tarpeet ja tarjoamme \u00e4lykk\u00e4it\u00e4 ostoehdotuksia, jotka auttavat sinua tekem\u00e4\u00e4n tietoon perustuvia p\u00e4\u00e4t\u00f6ksi\u00e4.<\/li>\n<li>Tehokas logistiikka: Tehokkaan logistiikka-jakeluj\u00e4rjestelm\u00e4mme avulla varmistamme, ett\u00e4 saat tarvitsemasi hydraulisylinterit ajallaan ja t\u00e4sm\u00e4llisesti.<\/li>\n<\/ol>\n<p>FMP:ll\u00e4 pyrimme ylitt\u00e4m\u00e4\u00e4n asiakkaidemme odotukset huippulaatuisilla hydraulisylintereill\u00e4mme ja poikkeuksellisella palvelulla. Ota meihin yhteytt\u00e4 jo t\u00e4n\u00e4\u00e4n kaikissa hydraulisylintereihin liittyviss\u00e4 tarpeissasi!<\/p>\n<h2>Usein kysytyt kysymykset<\/h2>\n<p><strong>K: Mik\u00e4 on t\u00e4m\u00e4n hydraulisylinterin suurin ty\u00f6nt\u00f6voima ja vetovoima?<\/strong><br \/>\nA: T\u00e4m\u00e4n sylinterin suurin ty\u00f6nt\u00f6voima on 3000 ja sen suurin vetovoima 20 tonnia, joten se soveltuu raskaisiin k\u00e4ytt\u00f6tarkoituksiin.<\/p>\n<p><strong>K: Mitk\u00e4 ovat t\u00e4m\u00e4n hydraulisylinterin ydinosat?<\/strong><br \/>\nA: T\u00e4m\u00e4n hydraulisylinterin ydinosat ovat laakeri ja itse hydraulisylinteri.<\/p>\n<p><strong>K: Onko t\u00e4ll\u00e4 hydraulisylinterill\u00e4 takuu?<\/strong><br \/>\nV: Kyll\u00e4, t\u00e4ll\u00e4 hydraulisylinterill\u00e4 on yhden vuoden takuu, mik\u00e4 varmistaa tuotteemme luotettavuuden ja kest\u00e4vyyden.<\/p>\n<p>Tekij\u00e4: CX<\/p>","protected":false},"excerpt":{"rendered":"<p>Customized Trailer Hydraulic Cylinder Mini Hydraulic Cylinder For Tractor The Customized Trailer Hydraulic Cylinder Mini Hydraulic Cylinder For Tractor is a high-quality product designed to meet the specific needs of trailers and tractors. With its advanced hydraulic technology, this cylinder offers exceptional performance and durability. This hydraulic cylinder is specifically customized to fit trailers and [&hellip;]<\/p>","protected":false},"featured_media":1340,"comment_status":"closed","ping_status":"closed","template":"","meta":{"_et_pb_use_builder":"","_et_pb_old_content":"","_et_gb_content_width":""},"product_brand":[],"product_cat":[39],"product_tag":[41,34],"class_list":{"0":"post-1379","1":"product","2":"type-product","3":"status-publish","4":"has-post-thumbnail","6":"product_cat-adjustable-clevis-type-cylinders","7":"product_tag-adjustable-clevis-type-cylinders","8":"product_tag-hydraulic-cylinder","10":"first","11":"instock","12":"product-type-simple"},"_links":{"self":[{"href":"https:\/\/fmp-components.com\/fi\/wp-json\/wp\/v2\/product\/1379","targetHints":{"allow":["GET"]}}],"collection":[{"href":"https:\/\/fmp-components.com\/fi\/wp-json\/wp\/v2\/product"}],"about":[{"href":"https:\/\/fmp-components.com\/fi\/wp-json\/wp\/v2\/types\/product"}],"replies":[{"embeddable":true,"href":"https:\/\/fmp-components.com\/fi\/wp-json\/wp\/v2\/comments?post=1379"}],"wp:featuredmedia":[{"embeddable":true,"href":"https:\/\/fmp-components.com\/fi\/wp-json\/wp\/v2\/media\/1340"}],"wp:attachment":[{"href":"https:\/\/fmp-components.com\/fi\/wp-json\/wp\/v2\/media?parent=1379"}],"wp:term":[{"taxonomy":"product_brand","embeddable":true,"href":"https:\/\/fmp-components.com\/fi\/wp-json\/wp\/v2\/product_brand?post=1379"},{"taxonomy":"product_cat","embeddable":true,"href":"https:\/\/fmp-components.com\/fi\/wp-json\/wp\/v2\/product_cat?post=1379"},{"taxonomy":"product_tag","embeddable":true,"href":"https:\/\/fmp-components.com\/fi\/wp-json\/wp\/v2\/product_tag?post=1379"}],"curies":[{"name":"wp","href":"https:\/\/api.w.org\/{rel}","templated":true}]}}