{"id":1377,"date":"2024-12-23T02:18:57","date_gmt":"2024-12-23T02:18:57","guid":{"rendered":"https:\/\/fmp-components.com\/product\/cost-effective-hydraulic-piston-cylinder-adjustable-hydraulic-cylinder-for-tractor\/"},"modified":"2025-03-18T00:56:01","modified_gmt":"2025-03-18T00:56:01","slug":"cost-effective-hydraulic-piston-cylinder-adjustable-hydraulic-cylinder-for-tractor","status":"publish","type":"product","link":"https:\/\/fmp-components.com\/fi\/product\/cost-effective-hydraulic-piston-cylinder-adjustable-hydraulic-cylinder-for-tractor\/","title":{"rendered":"Kustannustehokas hydraulinen m\u00e4nt\u00e4sylinteri, s\u00e4\u00e4dett\u00e4v\u00e4 hydraulisylinteri traktoriin"},"content":{"rendered":"<h2>Esittelyss\u00e4 kustannustehokas hydraulinen m\u00e4nt\u00e4sylinteri, s\u00e4\u00e4dett\u00e4v\u00e4 hydraulisylinteri traktoriin<\/h2>\n<p>Kustannustehokas hydraulinen m\u00e4nt\u00e4sylinteri ja s\u00e4\u00e4dett\u00e4v\u00e4 traktorin hydraulisylinteri on huippuluokan tuote, joka tarjoaa optimaalisen suorituskyvyn ja kest\u00e4vyyden. T\u00e4m\u00e4 tehokas hydraulisylinteri on suunniteltu toimimaan saumattomasti traktoreiden ja muiden raskaiden laitteiden kanssa, ja se tarjoaa luotettavan ja tehokkaan toiminnan jopa vaikeimmissa olosuhteissa.<\/p>\n<p>Korkealaatuisista materiaaleista valmistettu hydraulisylinteri on rakennettu kest\u00e4m\u00e4\u00e4n ja yll\u00e4pit\u00e4m\u00e4\u00e4n optimaalista suorituskyky\u00e4 ajan kuluessa. S\u00e4\u00e4dett\u00e4v\u00e4n rakenteensa ansiosta sit\u00e4 voidaan helposti ja tarkasti s\u00e4\u00e4t\u00e4\u00e4 traktorisi erityistarpeisiin, mik\u00e4 varmistaa maksimaalisen tehokkuuden ja tuottavuuden.<\/p>\n<p>Ty\u00f6skenteletp\u00e4 sitten maataloudessa, rakennusalalla tai mill\u00e4 tahansa muulla luotettavaa ja tehokasta raskasta kalustoa vaativalla toimialalla, kustannustehokas hydraulinen m\u00e4nt\u00e4sylinteri ja s\u00e4\u00e4dett\u00e4v\u00e4 traktorin hydraulisylinteri on t\u00e4ydellinen valinta. Miksi siis odottaa? Investoi t\u00e4h\u00e4n tehokkaaseen hydraulisylinteriin jo t\u00e4n\u00e4\u00e4n ja koe, miten se voi vaikuttaa yritykseesi.<\/p>\n<p><img loading=\"lazy\" decoding=\"async\" class=\"alignnone size-full wp-image-1334\" src=\"https:\/\/fmp-components.com\/wp-content\/uploads\/2024\/12\/Adjustable-Clevis-Type-Cylinders-4.webp\" alt=\"S\u00e4\u00e4dett\u00e4v\u00e4t haarukkatyyppiset sylinterit\" width=\"800\" height=\"800\" title=\"\" srcset=\"https:\/\/fmp-components.com\/wp-content\/uploads\/2024\/12\/Adjustable-Clevis-Type-Cylinders-4.webp 800w, https:\/\/fmp-components.com\/wp-content\/uploads\/2024\/12\/Adjustable-Clevis-Type-Cylinders-4-480x480.webp 480w\" sizes=\"(min-width: 0px) and (max-width: 480px) 480px, (min-width: 481px) 800px, 100vw\" \/><\/p>\n<table style=\"width: 100%;\" border=\"1\" width=\"100%\" cellspacing=\"0\" cellpadding=\"0\">\n<tbody>\n<tr>\n<th>Tuotteen nimi<\/th>\n<td>Hydraulinen m\u00e4nt\u00e4sylinteri traktoreille<\/td>\n<\/tr>\n<tr>\n<th>Kustannustehokkuus<\/th>\n<td>Eritt\u00e4in kustannustehokas ratkaisu<\/td>\n<\/tr>\n<tr>\n<th>Sovellettavat toimialat<\/th>\n<td>Konekorjaamot, Maatilat, Energia ja kaivostoiminta, Koneiden valmistus, Konetehtaat<\/td>\n<\/tr>\n<tr>\n<th>Takuu<\/th>\n<td>1 vuosi<\/td>\n<\/tr>\n<tr>\n<th>Paino (kg)<\/th>\n<td>30<\/td>\n<\/tr>\n<tr>\n<th>Videon l\u00e4htev\u00e4 tarkastus<\/th>\n<td>Edellytt\u00e4en<\/td>\n<\/tr>\n<tr>\n<th>Koneiden testausraportti<\/th>\n<td>Edellytt\u00e4en<\/td>\n<\/tr>\n<tr>\n<th>Ydinkomponentit<\/th>\n<td>Laakeri, hydraulisylinteri<\/td>\n<\/tr>\n<tr>\n<th>Vakio tai ei-standardi<\/th>\n<td>Standardi<\/td>\n<\/tr>\n<tr>\n<th>Voima<\/th>\n<td>Hydraulinen<\/td>\n<\/tr>\n<tr>\n<th>Rungon materiaali<\/th>\n<td>Kest\u00e4v\u00e4 ter\u00e4s<\/td>\n<\/tr>\n<tr>\n<th>Maksimi ty\u00f6nt\u00f6voima<\/th>\n<td>3000<\/td>\n<\/tr>\n<tr>\n<th>Tyyppi<\/th>\n<td>S\u00e4\u00e4dett\u00e4v\u00e4 haarukkatyyppinen sylinteri<\/td>\n<\/tr>\n<tr>\n<th>Sertifiointi<\/th>\n<td>ISO 9001:2000<\/td>\n<\/tr>\n<tr>\n<th>Rei\u00e4n koko<\/th>\n<td>2\u20136 tuumaa<\/td>\n<\/tr>\n<tr>\n<th>Tangon koko<\/th>\n<td>1,125\u20134 tuumaa<\/td>\n<\/tr>\n<tr>\n<th>Iskun koko<\/th>\n<td>4\u2013100 tuumaa<\/td>\n<\/tr>\n<tr>\n<th>Tapin koko<\/th>\n<td>0,5\u20132 tuumaa<\/td>\n<\/tr>\n<tr>\n<th>V\u00e4ri<\/th>\n<td>Musta<\/td>\n<\/tr>\n<tr>\n<th>Pakkaustiedot<\/th>\n<td>Rautakotelo, vanerikotelo tai pahvilaatikko<\/td>\n<\/tr>\n<tr>\n<th><\/th>\n<td><\/td>\n<\/tr>\n<\/tbody>\n<\/table>\n<h2>S\u00e4\u00e4dett\u00e4vien haarukkatyyppisten sylinterien edut<\/h2>\n<p>S\u00e4\u00e4dett\u00e4v\u00e4t haarukkatyyppiset sylinterit tarjoavat lukuisia etuja ja hy\u00f6tyj\u00e4 erilaisissa sovelluksissa. N\u00e4m\u00e4 hydrauliset m\u00e4nt\u00e4sylinterit on suunniteltu kustannustehokkaiksi ja tarjoamaan poikkeuksellista suorituskyky\u00e4 eri toimialoilla, kuten maataloudessa ja rakennusalalla. T\u00e4ss\u00e4 artikkelissa perehdymme s\u00e4\u00e4dett\u00e4vien haarukkatyyppisten sylinterien etuihin ja tutkimme, miksi ne ovat suosittu valinta traktoreissa ja muissa raskaissa koneissa.<\/p>\n<p><strong>1. Parempi joustavuus:<\/strong> Yksi s\u00e4\u00e4dett\u00e4vien haarukkatyyppisten sylinterien t\u00e4rkeimmist\u00e4 eduista on niiden joustavuus. N\u00e4m\u00e4 sylinterit on suunniteltu haarukkakiinnityksell\u00e4, joka mahdollistaa sylinterin pituuden helpon s\u00e4\u00e4t\u00e4misen. T\u00e4m\u00e4 s\u00e4\u00e4dett\u00e4vyys mahdollistaa sylinterin mukautumisen erilaisiin ty\u00f6olosuhteisiin ja vaatimuksiin, mik\u00e4 tekee siit\u00e4 eritt\u00e4in monipuolisen erilaisiin k\u00e4ytt\u00f6tarkoituksiin. Olipa kyseess\u00e4 sitten traktorin lis\u00e4laite tai teollisuuskone, s\u00e4\u00e4dett\u00e4v\u00e4 haarukkatyyppinen sylinteri voidaan r\u00e4\u00e4t\u00e4l\u00f6id\u00e4 tarkasti sopivaksi, mik\u00e4 varmistaa optimaalisen suorituskyvyn.<\/p>\n<p><strong>2. Parempi tehokkuus:<\/strong> S\u00e4\u00e4dett\u00e4v\u00e4t haarukkatyyppiset sylinterit parantavat toiminnan tehokkuutta. S\u00e4\u00e4dett\u00e4vyyden ansiosta n\u00e4it\u00e4 sylintereit\u00e4 voidaan hienos\u00e4\u00e4t\u00e4\u00e4 maksimaalisen voiman ja tarkkuuden saavuttamiseksi tietyiss\u00e4 teht\u00e4viss\u00e4. Optimoimalla sylinterin iskunpituuden ja k\u00e4ytt\u00f6paineen k\u00e4ytt\u00e4j\u00e4t voivat hallita koneita paremmin, mik\u00e4 parantaa tuottavuutta ja v\u00e4hent\u00e4\u00e4 energiankulutusta.<\/p>\n<p><strong>3. Kest\u00e4vyys ja luotettavuus:<\/strong> S\u00e4\u00e4dett\u00e4v\u00e4t haarukkatyyppiset sylinterit on suunniteltu kest\u00e4m\u00e4\u00e4n raskaita kuormia ja vaativia ty\u00f6ymp\u00e4rist\u00f6j\u00e4. Ne on valmistettu korkealaatuisista materiaaleista, kuten karkaistusta ter\u00e4ksest\u00e4, mik\u00e4 varmistaa niiden kest\u00e4vyyden ja pitk\u00e4ik\u00e4isyyden. N\u00e4m\u00e4 sylinterit kest\u00e4v\u00e4t \u00e4\u00e4rimm\u00e4isi\u00e4 paineita, l\u00e4mp\u00f6tilan vaihteluita ja kovaa k\u00e4ytt\u00f6\u00e4, mik\u00e4 tekee niist\u00e4 luotettavia komponentteja raskaisiin sovelluksiin.<\/p>\n<p><strong>4. Helppo asennus:<\/strong> S\u00e4\u00e4dett\u00e4vien haarukkatyyppisten sylinterien toinen etu on niiden helppo asennus. N\u00e4m\u00e4 sylinterit on suunniteltu suoraviivaiseen asennukseen, ja haarukka tarjoaa turvallisen kiinnityspisteen. Asennuksen helppous v\u00e4hent\u00e4\u00e4 seisokkiaikaa ja mahdollistaa nopean ja vaivattoman vaihdon tai huollon tarvittaessa.<\/p>\n<p><strong>5. Kustannustehokkuus:<\/strong> S\u00e4\u00e4dett\u00e4v\u00e4t haarukkatyyppiset sylinterit tarjoavat kustannustehokkaan ratkaisun verrattuna muihin hydraulisylinterivaihtoehtoihin. Niiden s\u00e4\u00e4dett\u00e4vyys poistaa tarpeen tehd\u00e4 mittatilausty\u00f6n\u00e4 sylintereit\u00e4 tiettyihin k\u00e4ytt\u00f6tarkoituksiin, mik\u00e4 alentaa kokonaiskustannuksia. Lis\u00e4ksi niiden kest\u00e4vyys ja luotettavuus minimoivat usein tapahtuvien vaihtojen tai korjausten tarpeen, mik\u00e4 alentaa entisest\u00e4\u00e4n yll\u00e4pitokustannuksia.<\/p>\n<p>Kaiken kaikkiaan s\u00e4\u00e4dett\u00e4v\u00e4t haarukkatyyppiset sylinterit tarjoavat merkitt\u00e4vi\u00e4 etuja joustavuuden, tehokkuuden, kest\u00e4vyyden, helpon asennuksen ja kustannustehokkuuden suhteen. Niiden s\u00e4\u00e4t\u00f6mahdollisuus yhdistettyn\u00e4 poikkeukselliseen suorituskykyyn tekee niist\u00e4 ihanteellisen valinnan traktoreihin ja muihin raskaisiin koneisiin. Olipa kyse sitten mukautumisesta erilaisiin ty\u00f6olosuhteisiin tai tarkan ohjauksen saavuttamisesta, n\u00e4m\u00e4 sylinterit tarjoavat luotettavaa ja kustannustehokasta hydraulista tehoa.<\/p>\n<p><img decoding=\"async\" src=\"https:\/\/fmp-components.com\/wp-content\/uploads\/2024\/12\/Adjustable-Clevis-Type-Cylinders5.webp\" alt=\"S\u00e4\u00e4dett\u00e4v\u00e4 haarukkatyyppinen sylinteri\" width=\"800\" title=\"\"><\/p>\n<h2>S\u00e4\u00e4dett\u00e4vien haarukkatyyppisten sylinterien k\u00e4ytt\u00f6<\/h2>\n<p>S\u00e4\u00e4dett\u00e4vill\u00e4 haarukkatyyppisill\u00e4 sylintereill\u00e4, kuten kustannustehokkailla hydraulisilla m\u00e4nt\u00e4sylinterill\u00e4 ja traktoreiden s\u00e4\u00e4dett\u00e4vill\u00e4 hydraulisylintereill\u00e4, on erilaisia \u200b\u200bsovelluksia eri teollisuudenaloilla. N\u00e4m\u00e4 sylinterit tarjoavat monipuolisia ja luotettavia ratkaisuja monenlaisille mekaanisille j\u00e4rjestelmille. T\u00e4ss\u00e4 artikkelissa tutkimme yksityiskohtaisesti s\u00e4\u00e4dett\u00e4vien haarukkatyyppisten sylinterien sovelluksia ja niiden etuja.<\/p>\n<h3>1. Teollisuusautomaatio<\/h3>\n<p>Yksi s\u00e4\u00e4dett\u00e4vien haarukkatyyppisten sylinterien t\u00e4rkeimmist\u00e4 sovelluksista on teollisuusautomaatio. N\u00e4ill\u00e4 sylintereill\u00e4 on ratkaiseva rooli automatisoitujen koneiden ja laitteiden sujuvassa toiminnassa. S\u00e4\u00e4dett\u00e4v\u00e4n haarukkarakenteensa ansiosta ne voidaan helposti integroida erilaisiin automaatioj\u00e4rjestelmiin, mik\u00e4 tarjoaa tarkan ja hallitun lineaarisen liikkeen. Kustannustehokas hydraulinen m\u00e4nt\u00e4sylinteri ja traktoreiden s\u00e4\u00e4dett\u00e4v\u00e4 hydraulisylinteri sopivat erityisen hyvin raskaisiin sovelluksiin, joissa vaaditaan suurta voimaa ja kest\u00e4vyytt\u00e4.<\/p>\n<h3>2. Materiaalink\u00e4sittely<\/h3>\n<p>S\u00e4\u00e4dett\u00e4vi\u00e4 haarukkatyyppisi\u00e4 sylintereit\u00e4 k\u00e4ytet\u00e4\u00e4n laajalti materiaalink\u00e4sittelyj\u00e4rjestelmiss\u00e4. N\u00e4m\u00e4 sylinterit pystyv\u00e4t nostamaan ja siirt\u00e4m\u00e4\u00e4n raskaita kuormia helposti. S\u00e4\u00e4dett\u00e4v\u00e4 ominaisuus mahdollistaa kuorman tarkan sijoittelun, mik\u00e4 varmistaa tehokkaan ja turvallisen materiaalink\u00e4sittelyn. Kustannustehokasta hydraulista m\u00e4nt\u00e4sylinteri\u00e4 ja traktoreiden s\u00e4\u00e4dett\u00e4v\u00e4\u00e4 hydraulisylinteri\u00e4 k\u00e4ytet\u00e4\u00e4n yleisesti trukeissa, nostureissa ja muissa materiaalink\u00e4sittelylaitteissa.<\/p>\n<h3>3. Maatalouskoneet<\/h3>\n<p>Maatalouskoneet ovat eritt\u00e4in riippuvaisia \u200b\u200bs\u00e4\u00e4dett\u00e4vist\u00e4 haarukkatyyppisist\u00e4 sylintereist\u00e4 erilaisissa sovelluksissa. Kynt\u00e4misest\u00e4 ja maanmuokkauksesta sadonkorjuuseen ja lastaukseen n\u00e4m\u00e4 sylinterit tarjoavat tarvittavan tehon ja hallinnan tehokkaisiin maataloustoimintoihin. Erityisesti traktoreiden s\u00e4\u00e4dett\u00e4v\u00e4 hydraulisylinteri on suunniteltu kest\u00e4m\u00e4\u00e4n maatalousymp\u00e4rist\u00f6jen vaativia olosuhteita ja tarjoamaan optimaalisen suorituskyvyn. Viljelij\u00e4t ja maatalousalan ammattilaiset voivat hy\u00f6ty\u00e4 n\u00e4iden sylinterien tarjoamasta kustannustehokkaasta ratkaisusta.<\/p>\n<h3>4. Rakennuslaitteet<\/h3>\n<p>S\u00e4\u00e4dett\u00e4vi\u00e4 haarukkatyyppisi\u00e4 sylintereit\u00e4 k\u00e4ytet\u00e4\u00e4n laajasti rakennuskoneissa. Kaivinkoneista ja kuormaajista nostureihin ja puskutraktoreihin, n\u00e4m\u00e4 sylinterit ovat v\u00e4ltt\u00e4m\u00e4tt\u00f6mi\u00e4 raskaiden koneiden tarkalle liikuttamiselle ja asemoinnille. N\u00e4iden sylinterien s\u00e4\u00e4dett\u00e4vyys mahdollistaa joustavuuden erilaisissa rakennussovelluksissa ja varmistaa tarkan ja tehokkaan toiminnan. Kustannustehokas hydraulinen m\u00e4nt\u00e4sylinteri yhdess\u00e4 traktoreiden s\u00e4\u00e4dett\u00e4v\u00e4n hydraulisylinterin kanssa tarjoaa kustannustehokkaita ratkaisuja rakennusyrityksille tinkim\u00e4tt\u00e4 suorituskyvyst\u00e4 ja kest\u00e4vyydest\u00e4.<\/p>\n<h3>5. Valmistusprosessit<\/h3>\n<p>Valmistusprosesseissa s\u00e4\u00e4dett\u00e4vi\u00e4 haarukkatyyppisi\u00e4 sylintereit\u00e4 k\u00e4ytet\u00e4\u00e4n monenlaisiin teht\u00e4viin. N\u00e4it\u00e4 sylintereit\u00e4 k\u00e4ytet\u00e4\u00e4n kokoonpanolinjoilla, puristimissa ja muissa valmistuslaitteissa hallitun lineaarisen liikkeen aikaansaamiseksi. N\u00e4iden sylinterien s\u00e4\u00e4dett\u00e4v\u00e4 ominaisuus mahdollistaa r\u00e4\u00e4t\u00e4l\u00f6innin ja sopeuttamisen erilaisiin tuotantovaatimuksiin. Kustannustehokas hydraulinen m\u00e4nt\u00e4sylinteri ja traktoreiden s\u00e4\u00e4dett\u00e4v\u00e4 hydraulisylinteri tarjoavat luotettavaa ja tehokasta suorituskyky\u00e4 erilaisissa valmistusymp\u00e4rist\u00f6iss\u00e4.<\/p>\n<p>Yhteenvetona voidaan todeta, ett\u00e4 s\u00e4\u00e4dett\u00e4vill\u00e4 haarukkatyyppisill\u00e4 sylintereill\u00e4, mukaan lukien kustannustehokkaat hydrauliset m\u00e4nt\u00e4sylinterit ja traktorien s\u00e4\u00e4dett\u00e4v\u00e4t hydrauliset sylinterit, on laaja valikoima sovelluksia eri teollisuudenaloilla. Niiden monipuolisuus, s\u00e4\u00e4dett\u00e4vyys ja kest\u00e4vyys tekev\u00e4t niist\u00e4 v\u00e4ltt\u00e4m\u00e4tt\u00f6mi\u00e4 teollisuusautomaatiossa, materiaalink\u00e4sittelyss\u00e4, maatalouskoneissa, rakennuslaitteissa ja valmistusprosesseissa. N\u00e4m\u00e4 sylinterit tarjoavat kustannustehokkaita ratkaisuja tinkim\u00e4tt\u00e4 suorituskyvyst\u00e4, mik\u00e4 tekee niist\u00e4 monien yritysten ensisijaisen valinnan.<\/p>\n<p><img decoding=\"async\" src=\"https:\/\/fmp-components.com\/wp-content\/uploads\/2024\/12\/Application-of-Adjustable-Clevis-Type-Cylinders.webp\" alt=\"S\u00e4\u00e4dett\u00e4v\u00e4 haarukkatyyppinen sylinteri\" width=\"800\" title=\"\"><\/p>\n<h3>Tietoja FMP:st\u00e4 \u2013 Hydraulisylinteri<\/h3>\n<p>FMP on johtava yritys, joka on erikoistunut rakennuskoneiden osien ja kokonaisten koneiden tuotantoon ja myyntiin. Vuosien kokemuksella alalta ja ammattitaitoisella tiimill\u00e4 tarjoamme asiakkaillemme korkealaatuisia ja luotettavia rakennuskoneratkaisuja. FMP:ll\u00e4 tarjoamme laajan valikoiman tuotteita, kuten hydraulisylintereit\u00e4, maatalouskoneiden vaihteistoja, planeettavaihteistoja, teollisuusvaihteistoja, maatalouskoneiden osia ja useita niihin sopivia huipputason lis\u00e4varusteita.<\/p>\n<p>T\u00e4ss\u00e4 on joitakin syit\u00e4, miksi sinun kannattaa valita tarjoamamme hydraulisylinterituotteet:<\/p>\n<p>1. Korkea laatu: Teemme yhteisty\u00f6t\u00e4 korkealaatuisten toimittajien kanssa sek\u00e4 paikallisesti ett\u00e4 kansainv\u00e4lisesti varmistaaksemme, ett\u00e4 toimitamme vain tiukat laatustandardit t\u00e4ytt\u00e4vi\u00e4 osia. Hydraulisylinterimme ovat kest\u00e4vi\u00e4, luotettavia ja suunniteltu tarjoamaan optimaalisen suorituskyvyn vaativimmissakin olosuhteissa.<\/p>\n<p>2. Ammattitaitoinen myyntitiimi: Myyntitiimimme koostuu kokeneista ja taitavista ammattilaisista, joilla on syv\u00e4llinen tiet\u00e4mys rakennuskoneteollisuudesta. He ovat aina valmiita tarjoamaan asiakkaille ammattimaista tuotekonsultointia ja \u00e4lykk\u00e4it\u00e4 ostoehdotuksia.<\/p>\n<p>3. Tehokas logistiikka ja jakelu: Meill\u00e4 on tehokas logistiikkaj\u00e4rjestelm\u00e4, joka varmistaa, ett\u00e4 asiakkaat saavat tarvitsemansa osat ajallaan ja t\u00e4sm\u00e4llisesti. Kun teet tilauksen meilt\u00e4, \u200b\u200bvarmistamme, ett\u00e4 se toimitetaan sinulle mahdollisimman nopeasti.<\/p>\n<p>4. Mukautettava: Hydraulisylinterimme ovat eritt\u00e4in muokattavissa, ja voimme r\u00e4\u00e4t\u00e4l\u00f6id\u00e4 ne asiakkaidemme erityistarpeiden ja -vaatimusten mukaisesti. Tarjoamme erilaisia \u200b\u200bvaihtoehtoja, kuten s\u00e4\u00e4dett\u00e4vi\u00e4 haarukkatyyppisi\u00e4 sylintereit\u00e4, raidetangosylintereit\u00e4, hitsattuja sylintereit\u00e4 ja paljon muuta.<\/p>\n<p>5. Kilpailukykyinen hinnoittelu: FMP:ll\u00e4 tarjoamme tuotteitamme kilpailukykyiseen hintaan. Uskomme, ett\u00e4 korkealaatuisten tuotteiden ei pit\u00e4isi olla kohtuuttoman hintaisia. Tavoitteenamme on tarjota asiakkaillemme parasta vastinetta rahoilleen.<\/p>\n<p>Yhteenvetona voidaan todeta, ett\u00e4 jos etsit luotettavia ja korkealaatuisia hydraulisylintereit\u00e4, FMP on paras valintasi. Tuotteemme ovat kest\u00e4vi\u00e4, luotettavia ja suunniteltu tarjoamaan optimaalisen suorituskyvyn vaativimmissakin olosuhteissa. Ota yhteytt\u00e4 jo t\u00e4n\u00e4\u00e4n saadaksesi lis\u00e4tietoja tuotteistamme ja palveluistamme.<\/p>\n<p><img decoding=\"async\" src=\"https:\/\/fmp-components.com\/wp-content\/uploads\/2024\/12\/Adjustable-Clevis-Type-Cylinders-6.webp\" alt=\"S\u00e4\u00e4dett\u00e4v\u00e4 haarukkatyyppinen sylinteri\" width=\"839\" title=\"\"><\/p>\n<h3>Usein kysytyt kysymykset<\/h3>\n<p><strong>K: Mik\u00e4 on hydraulim\u00e4nt\u00e4sylinterin suurin ty\u00f6nt\u00f6voima?<\/strong><br \/>\nA: Hydraulisen m\u00e4nt\u00e4sylinterin ty\u00f6nt\u00f6voima on enint\u00e4\u00e4n 3000.<\/p>\n<p><strong>K: Mille teollisuudenaloille hydraulinen m\u00e4nt\u00e4sylinteri sopii?<\/strong><br \/>\nA: Hydraulinen m\u00e4nt\u00e4sylinteri sopii useille eri teollisuudenaloille, kuten konepajoille, maatiloille, energia- ja kaivosteollisuudelle, konevalmistukseen ja konetehtaisiin.<\/p>\n<p><strong>K: Mik\u00e4 on hydraulisen m\u00e4nt\u00e4sylinterin takuu?<\/strong><br \/>\nA: Hydraulisella m\u00e4nt\u00e4sylinterill\u00e4mme on 1 vuoden takuu, joka takaa sen laadun ja kest\u00e4vyyden.<\/p>\n<p><img decoding=\"async\" src=\"https:\/\/img.jiansujichilun.com\/img\/hydrauliccylinders\/T_hydrauliccylinders-5.webp\" alt=\"hydraulisylinteri\" width=\"800\" title=\"\"><\/p>\n<p>Tekij\u00e4: CX<\/p>","protected":false},"excerpt":{"rendered":"<p>Introducing the Cost Effective Hydraulic Piston Cylinder Adjustable Hydraulic Cylinder For Tractor The Cost Effective Hydraulic Piston Cylinder Adjustable Hydraulic Cylinder For Tractor is a top-of-the-line product that delivers optimum performance and durability. This powerful hydraulic cylinder is designed to work seamlessly with tractors and other heavy-duty equipment, providing reliable and efficient operation even in [&hellip;]<\/p>","protected":false},"featured_media":1336,"comment_status":"closed","ping_status":"closed","template":"","meta":{"_et_pb_use_builder":"","_et_pb_old_content":"","_et_gb_content_width":""},"product_brand":[],"product_cat":[39],"product_tag":[41,34],"class_list":{"0":"post-1377","1":"product","2":"type-product","3":"status-publish","4":"has-post-thumbnail","6":"product_cat-adjustable-clevis-type-cylinders","7":"product_tag-adjustable-clevis-type-cylinders","8":"product_tag-hydraulic-cylinder","10":"first","11":"instock","12":"product-type-simple"},"_links":{"self":[{"href":"https:\/\/fmp-components.com\/fi\/wp-json\/wp\/v2\/product\/1377","targetHints":{"allow":["GET"]}}],"collection":[{"href":"https:\/\/fmp-components.com\/fi\/wp-json\/wp\/v2\/product"}],"about":[{"href":"https:\/\/fmp-components.com\/fi\/wp-json\/wp\/v2\/types\/product"}],"replies":[{"embeddable":true,"href":"https:\/\/fmp-components.com\/fi\/wp-json\/wp\/v2\/comments?post=1377"}],"wp:featuredmedia":[{"embeddable":true,"href":"https:\/\/fmp-components.com\/fi\/wp-json\/wp\/v2\/media\/1336"}],"wp:attachment":[{"href":"https:\/\/fmp-components.com\/fi\/wp-json\/wp\/v2\/media?parent=1377"}],"wp:term":[{"taxonomy":"product_brand","embeddable":true,"href":"https:\/\/fmp-components.com\/fi\/wp-json\/wp\/v2\/product_brand?post=1377"},{"taxonomy":"product_cat","embeddable":true,"href":"https:\/\/fmp-components.com\/fi\/wp-json\/wp\/v2\/product_cat?post=1377"},{"taxonomy":"product_tag","embeddable":true,"href":"https:\/\/fmp-components.com\/fi\/wp-json\/wp\/v2\/product_tag?post=1377"}],"curies":[{"name":"wp","href":"https:\/\/api.w.org\/{rel}","templated":true}]}}