{"id":1375,"date":"2024-12-23T02:18:57","date_gmt":"2024-12-23T02:18:57","guid":{"rendered":"https:\/\/fmp-components.com\/product\/customized-adjustable-stainless-steel-hydraulic-cylinder-for-tractor\/"},"modified":"2024-12-23T03:25:05","modified_gmt":"2024-12-23T03:25:05","slug":"customized-adjustable-stainless-steel-hydraulic-cylinder-for-tractor","status":"publish","type":"product","link":"https:\/\/fmp-components.com\/fi\/product\/customized-adjustable-stainless-steel-hydraulic-cylinder-for-tractor\/","title":{"rendered":"R\u00e4\u00e4t\u00e4l\u00f6ity s\u00e4\u00e4dett\u00e4v\u00e4 ruostumattomasta ter\u00e4ksest\u00e4 valmistettu hydraulisylinteri traktoriin"},"content":{"rendered":"<h2>Esittelyss\u00e4 r\u00e4\u00e4t\u00e4l\u00f6ity s\u00e4\u00e4dett\u00e4v\u00e4 ruostumattomasta ter\u00e4ksest\u00e4 valmistettu hydraulisylinteri traktoriin<\/h2>\n<p>R\u00e4\u00e4t\u00e4l\u00f6ity s\u00e4\u00e4dett\u00e4v\u00e4 ruostumattomasta ter\u00e4ksest\u00e4 valmistettu traktorin hydraulisylinteri on huippuluokan tuote, joka on suunniteltu vastaamaan traktorinkuljettajien erityistarpeisiin. T\u00e4m\u00e4 hydraulisylinteri on suunniteltu tarjoamaan vertaansa vailla olevaa suorituskyky\u00e4 ja tehokkuutta, mik\u00e4 tekee siit\u00e4 v\u00e4ltt\u00e4m\u00e4tt\u00f6m\u00e4n osan miss\u00e4 tahansa traktorissa.<\/p>\n<p>Yksi t\u00e4m\u00e4n tuotteen t\u00e4rkeimmist\u00e4 ominaisuuksista on sen s\u00e4\u00e4dett\u00e4vyys. Sylinterin iskunpituuden ja painealueen mukauttamismahdollisuuden ansiosta t\u00e4m\u00e4 hydraulisylinteri voidaan r\u00e4\u00e4t\u00e4l\u00f6id\u00e4 vastaamaan mink\u00e4 tahansa traktorin toiminnan erityisvaatimuksia. T\u00e4m\u00e4 joustavuus tekee siit\u00e4 monipuolisen ja k\u00e4yt\u00e4nn\u00f6llisen ratkaisun maanviljelij\u00f6ille ja traktorinkuljettajille monenlaisissa sovelluksissa.<\/p>\n<p>Itse sylinteri on valmistettu korkealaatuisesta ruostumattomasta ter\u00e4ksest\u00e4, joka tarjoaa poikkeuksellisen kest\u00e4vyyden ja korroosion- ja kulumiskest\u00e4vyyden. T\u00e4m\u00e4 tarkoittaa, ett\u00e4 sylinteri kest\u00e4\u00e4 maatalousymp\u00e4rist\u00f6jen ankaria olosuhteita menett\u00e4m\u00e4tt\u00e4 tehokkuuttaan tai suorituskyky\u00e4\u00e4n.<\/p>\n<p>Lis\u00e4ksi r\u00e4\u00e4t\u00e4l\u00f6ity s\u00e4\u00e4dett\u00e4v\u00e4 ruostumattomasta ter\u00e4ksest\u00e4 valmistettu traktorin hydraulisylinteri sis\u00e4lt\u00e4\u00e4 edistynytt\u00e4 hydrauliikkateknologiaa, joka tarjoaa tarkan ja tasaisen suorituskyvyn. T\u00e4m\u00e4 varmistaa, ett\u00e4 hydraulisylinteri toimii sujuvasti ja tehokkaasti, mik\u00e4 v\u00e4hent\u00e4\u00e4 traktorin muiden osien kulumista ja lis\u00e4\u00e4 kokonaistuottavuutta.<\/p>\n<p><img loading=\"lazy\" decoding=\"async\" class=\"alignnone size-full wp-image-1334\" src=\"https:\/\/fmp-components.com\/wp-content\/uploads\/2024\/12\/Adjustable-Clevis-Type-Cylinders-4.webp\" alt=\"S\u00e4\u00e4dett\u00e4v\u00e4t haarukkatyyppiset sylinterit\" width=\"800\" height=\"800\" title=\"\" srcset=\"https:\/\/fmp-components.com\/wp-content\/uploads\/2024\/12\/Adjustable-Clevis-Type-Cylinders-4.webp 800w, https:\/\/fmp-components.com\/wp-content\/uploads\/2024\/12\/Adjustable-Clevis-Type-Cylinders-4-480x480.webp 480w\" sizes=\"(min-width: 0px) and (max-width: 480px) 480px, (min-width: 481px) 800px, 100vw\" \/><\/p>\n<p>Kaiken kaikkiaan r\u00e4\u00e4t\u00e4l\u00f6ity s\u00e4\u00e4dett\u00e4v\u00e4 ruostumattomasta ter\u00e4ksest\u00e4 valmistettu traktorin hydraulisylinteri on korkealaatuinen ja luotettava tuote, joka on suunniteltu vastaamaan nykyaikaisen maataloustoiminnan vaatimuksiin. Tarvitsetpa sitten raskaita kuormia nostamiseen, peltojen kynt\u00e4miseen tai muihin traktoriin liittyviin teht\u00e4viin, t\u00e4m\u00e4 hydraulisylinteri on t\u00e4ydellinen valinta sinulle.<\/p>\n<h2>S\u00e4\u00e4dett\u00e4vien haarukkatyyppisten sylinterien edut<\/h2>\n<p>S\u00e4\u00e4dett\u00e4v\u00e4t haarukkatyyppiset sylinterit, kuten traktoreihin tarkoitetut r\u00e4\u00e4t\u00e4l\u00f6idyt s\u00e4\u00e4dett\u00e4v\u00e4t ruostumattomasta ter\u00e4ksest\u00e4 valmistetut hydraulisylinterit, tarjoavat useita etuja perinteisiin hydraulisylintereihin verrattuna. T\u00e4ss\u00e4 blogikirjoituksessa tutkimme n\u00e4it\u00e4 etuja yksityiskohtaisesti.<\/p>\n<h3>1. Parempi joustavuus<\/h3>\n<p>Yksi s\u00e4\u00e4dett\u00e4vien haarukkatyyppisten sylinterien keskeisist\u00e4 eduista on niiden parempi joustavuus. Haarukan asennon s\u00e4\u00e4t\u00f6mahdollisuuden ansiosta n\u00e4m\u00e4 sylinterit tarjoavat enemm\u00e4n monipuolisuutta erilaisissa sovelluksissa. Olipa kyseess\u00e4 sitten traktorit, maatalouskoneet tai muut teollisuuslaitteet, s\u00e4\u00e4dett\u00e4v\u00e4 ominaisuus mahdollistaa tarkan r\u00e4\u00e4t\u00e4l\u00f6innin tiettyjen vaatimusten t\u00e4ytt\u00e4miseksi.<\/p>\n<p>K\u00e4ytt\u00e4m\u00e4ll\u00e4 traktoreihin r\u00e4\u00e4t\u00e4l\u00f6ity\u00e4, s\u00e4\u00e4dett\u00e4v\u00e4\u00e4 ruostumattomasta ter\u00e4ksest\u00e4 valmistettua hydraulisylinteri\u00e4 kuljettajat voivat helposti mukauttaa sylinterin pituutta ja iskunpituutta erilaisten teht\u00e4vien mukaan. T\u00e4m\u00e4 joustavuus parantaa yleist\u00e4 tehokkuutta ja tuottavuutta erilaisissa ty\u00f6ymp\u00e4rist\u00f6iss\u00e4.<\/p>\n<h3>2. Optimaalinen suorituskyky<\/h3>\n<p>S\u00e4\u00e4dett\u00e4v\u00e4t haarukkatyyppiset sylinterit on suunniteltu tarjoamaan optimaalista suorituskyky\u00e4 vaativissa olosuhteissa. Kest\u00e4v\u00e4n rakenteensa ja korkealaatuisten materiaaliensa, kuten ruostumattoman ter\u00e4ksens\u00e4, ansiosta n\u00e4m\u00e4 sylinterit tarjoavat poikkeuksellisen lujuuden ja kest\u00e4vyyden. T\u00e4m\u00e4 varmistaa luotettavan toiminnan my\u00f6s ankarissa olosuhteissa tai raskaiden kuormien alla.<\/p>\n<p>Lis\u00e4ksi s\u00e4\u00e4dett\u00e4v\u00e4 rakenne mahdollistaa sylinterin suorituskykyominaisuuksien hienos\u00e4\u00e4d\u00f6n. K\u00e4ytt\u00e4j\u00e4t voivat s\u00e4\u00e4t\u00e4\u00e4 tekij\u00f6it\u00e4, kuten nopeutta, voimaa ja iskunpituutta, halutun tehon saavuttamiseksi. T\u00e4m\u00e4 s\u00e4\u00e4t\u00f6taso optimoi hydraulij\u00e4rjestelm\u00e4n yleisen suorituskyvyn, mik\u00e4 parantaa tuottavuutta ja tehokkuutta.<\/p>\n<h3>3. Lyhyempi seisokkiaika<\/h3>\n<p>S\u00e4\u00e4dett\u00e4vien haarukkatyyppisten sylinterien toinen etu on lyhyempi seisokkiaika. Mukautettavan luonteensa ansiosta n\u00e4it\u00e4 sylintereit\u00e4 voidaan helposti s\u00e4\u00e4t\u00e4\u00e4 tai vaihtaa tarvittaessa, mik\u00e4 minimoi huoltoon tai korjauksiin tarvittavan ajan.<\/p>\n<p>Traktoreihin tarkoitetun r\u00e4\u00e4t\u00e4l\u00f6idyn, s\u00e4\u00e4dett\u00e4v\u00e4n ruostumattomasta ter\u00e4ksest\u00e4 valmistetun hydraulisylinterin tapauksessa sen rakenne mahdollistaa haarukan nopean s\u00e4\u00e4t\u00e4misen tai vaihtamisen, mik\u00e4 minimoi seisokkiajat. T\u00e4m\u00e4 ominaisuus on erityisen hy\u00f6dyllinen aloilla, joilla aikaherk\u00e4t toiminnot ovat ratkaisevan t\u00e4rkeit\u00e4, kuten maataloudessa tai rakennusalalla.<\/p>\n<h3>4. Parannettu turvallisuus<\/h3>\n<p>S\u00e4\u00e4dett\u00e4v\u00e4t haarukkatyyppiset sylinterit priorisoivat turvallisuutta tarjoamalla tarkkaa hallintaa ja vakautta. Haarukan asennon s\u00e4\u00e4t\u00f6mahdollisuus varmistaa oikean kohdistuksen ja est\u00e4\u00e4 sylinterin ja muiden komponenttien tarpeetonta rasitusta. T\u00e4m\u00e4 v\u00e4hent\u00e4\u00e4 mekaanisten vikojen riski\u00e4 ja parantaa k\u00e4ytt\u00e4jien ja ymp\u00e4rist\u00f6n yleist\u00e4 turvallisuutta.<\/p>\n<p>Lis\u00e4ksi ruostumattoman ter\u00e4ksen k\u00e4ytt\u00f6 n\u00e4iden sylinterien rakenteessa tarjoaa erinomaisen korroosionkest\u00e4vyyden, mik\u00e4 parantaa entisest\u00e4\u00e4n niiden turvallisuutta ja pitk\u00e4ik\u00e4isyytt\u00e4. T\u00e4m\u00e4 korroosionkest\u00e4vyys poistaa vuotojen tai j\u00e4rjestelm\u00e4n vikojen huolen ruosteen tai muiden ymp\u00e4rist\u00f6tekij\u00f6iden vuoksi.<\/p>\n<h3>Johtop\u00e4\u00e4t\u00f6s<\/h3>\n<p>Yhteenvetona voidaan todeta, ett\u00e4 s\u00e4\u00e4dett\u00e4v\u00e4t haarukkatyyppiset sylinterit, kuten traktoreihin tarkoitetut r\u00e4\u00e4t\u00e4l\u00f6idyt s\u00e4\u00e4dett\u00e4v\u00e4t ruostumattomasta ter\u00e4ksest\u00e4 valmistetut hydraulisylinterit, tarjoavat lukuisia etuja joustavuuden, suorituskyvyn, seisokkiaikojen v\u00e4hent\u00e4misen ja turvallisuuden suhteen. Niiden s\u00e4\u00e4dett\u00e4v\u00e4 rakenne mahdollistaa tarkan r\u00e4\u00e4t\u00e4l\u00f6innin, optimoiden suorituskyvyn ja tehokkuuden. Kest\u00e4v\u00e4n rakenteensa ja korroosionkest\u00e4vyytens\u00e4 ansiosta n\u00e4m\u00e4 sylinterit tarjoavat pitk\u00e4aikaista luotettavuutta erilaisissa teollisissa sovelluksissa.<\/p>\n<p><img decoding=\"async\" src=\"https:\/\/fmp-components.com\/wp-content\/uploads\/2024\/12\/Adjustable-Clevis-Type-Cylinders5.webp\" alt=\"S\u00e4\u00e4dett\u00e4v\u00e4 haarukkatyyppinen sylinteri\" width=\"800\" title=\"\"><\/p>\n<h2>S\u00e4\u00e4dett\u00e4vien haarukkatyyppisten sylinterien k\u00e4ytt\u00f6<\/h2>\n<p>S\u00e4\u00e4dett\u00e4v\u00e4t haarukkatyyppiset sylinterit ovat monipuolisia hydraulisylintereit\u00e4, joita voidaan s\u00e4\u00e4t\u00e4\u00e4 erilaisiin k\u00e4ytt\u00f6tarkoituksiin. Seuraavassa on joitakin n\u00e4iden sylinterien k\u00e4ytt\u00f6tarkoituksia:<\/p>\n<h3>1. Maatalouskoneet<\/h3>\n<p>Maatalouskoneet tarvitsevat kest\u00e4vi\u00e4 ja tehokkaita hydraulisylintereit\u00e4 erilaisten laitteiden ja koneiden voimanl\u00e4hteeksi. Traktoreille tarkoitettu r\u00e4\u00e4t\u00e4l\u00f6ity s\u00e4\u00e4dett\u00e4v\u00e4 ruostumattomasta ter\u00e4ksest\u00e4 valmistettu hydraulisylinteri on erinomainen esimerkki hydraulisylinterist\u00e4, joka on erityisesti suunniteltu maatalouskoneisiin. Sylinteri\u00e4 voidaan s\u00e4\u00e4t\u00e4\u00e4 erilaisten koneiden ja laitteiden erityistarpeisiin, joten se on ihanteellinen valinta maatalousk\u00e4ytt\u00f6\u00f6n.<\/p>\n<h3>2. Rakennuslaitteet<\/h3>\n<p>Rakennuslaitteet, kuten puskutraktorit, kaivinkoneet ja nosturit, tarvitsevat tehokkaita ja luotettavia hydraulisylintereit\u00e4 erilaisten teht\u00e4vien suorittamiseen. N\u00e4iss\u00e4 sovelluksissa k\u00e4ytet\u00e4\u00e4n usein s\u00e4\u00e4dett\u00e4vi\u00e4 haarukkatyyppisi\u00e4 sylintereit\u00e4, koska ne voidaan helposti s\u00e4\u00e4t\u00e4\u00e4 erilaisiin hydraulij\u00e4rjestelmiin sopiviksi. Sylinterit kest\u00e4v\u00e4t raskaita kuormia ja \u00e4\u00e4rimm\u00e4isi\u00e4 k\u00e4ytt\u00f6olosuhteita, mik\u00e4 tekee niist\u00e4 suositun valinnan rakennuslaitteissa.<\/p>\n<h3>3. Autoteollisuus<\/h3>\n<p>S\u00e4\u00e4dett\u00e4vi\u00e4 haarukkatyyppisi\u00e4 sylintereit\u00e4 k\u00e4ytet\u00e4\u00e4n yleisesti autoteollisuudessa erilaisissa sovelluksissa, kuten ohjaus-, jarru- ja jousitusj\u00e4rjestelmiss\u00e4. Sylinterit voidaan r\u00e4\u00e4t\u00e4l\u00f6id\u00e4 sopimaan eri ajoneuvomalleihin ja -spesifikaatioihin, mik\u00e4 tekee niist\u00e4 ihanteellisen valinnan autoteollisuuden sovelluksiin.<\/p>\n<h3>4. Meriteollisuus<\/h3>\n<p>Meriteollisuus vaatii kest\u00e4vi\u00e4 hydraulisylintereit\u00e4, jotka kest\u00e4v\u00e4t ankaria meriolosuhteita. S\u00e4\u00e4dett\u00e4vi\u00e4 haarukkatyyppisi\u00e4 sylintereit\u00e4 k\u00e4ytet\u00e4\u00e4n usein merisovelluksissa niiden korroosionkest\u00e4vien ominaisuuksien ja \u00e4\u00e4rimm\u00e4isten paineen- ja l\u00e4mp\u00f6tilanmuutosten kest\u00e4vyyden vuoksi.<\/p>\n<h3>5. Ilmailuteollisuus<\/h3>\n<p>Ilmailuteollisuus tarvitsee hydraulisylintereit\u00e4, jotka ovat kevyit\u00e4, kest\u00e4vi\u00e4 ja kest\u00e4v\u00e4t \u00e4\u00e4rimm\u00e4isi\u00e4 k\u00e4ytt\u00f6olosuhteita. S\u00e4\u00e4dett\u00e4vi\u00e4 haarukkatyyppisi\u00e4 sylintereit\u00e4 k\u00e4ytet\u00e4\u00e4n usein ilmailu- ja avaruussovelluksissa, koska ne voidaan r\u00e4\u00e4t\u00e4l\u00f6id\u00e4 erityisvaatimuksiin ja niiden lujuus-painosuhde on korkea.<\/p>\n<p>Yhteenvetona voidaan todeta, ett\u00e4 s\u00e4\u00e4dett\u00e4v\u00e4t haarukkatyyppiset sylinterit ovat monipuolisia hydraulisylintereit\u00e4, jotka voidaan r\u00e4\u00e4t\u00e4l\u00f6id\u00e4 sopimaan erilaisiin sovelluksiin eri teollisuudenaloilla. Traktoriin tarkoitettu r\u00e4\u00e4t\u00e4l\u00f6ity s\u00e4\u00e4dett\u00e4v\u00e4 ruostumattomasta ter\u00e4ksest\u00e4 valmistettu hydraulisylinteri on erinomainen esimerkki hydraulisylinterist\u00e4, jota voidaan s\u00e4\u00e4t\u00e4\u00e4 sopimaan maatalouskoneisiin. N\u00e4m\u00e4 sylinterit ovat kest\u00e4vi\u00e4, luotettavia ja kest\u00e4v\u00e4t \u00e4\u00e4rimm\u00e4isi\u00e4 k\u00e4ytt\u00f6olosuhteita, mik\u00e4 tekee niist\u00e4 ihanteellisen valinnan erilaisiin sovelluksiin.<img decoding=\"async\" src=\"https:\/\/fmp-components.com\/wp-content\/uploads\/2024\/12\/Application-of-Adjustable-Clevis-Type-Cylinders.webp\" alt=\"S\u00e4\u00e4dett\u00e4v\u00e4 haarukkatyyppinen sylinteri\" width=\"800\" title=\"\"><\/p>\n<h3>Tietoja FMP:st\u00e4<\/h3>\n<p>FMP on johtava hydraulisylintereiden tuotantoon ja myyntiin erikoistunut yritys. Monivuotisen kokemuksemme alalta ja ammattitaitoisen tiimimme ansiosta olemme omistautuneet tarjoamaan asiakkaillemme korkealaatuisia ja luotettavia hydraulisylintereit\u00e4 sek\u00e4 t\u00e4ydellisi\u00e4 koneratkaisuja.<\/p>\n<p><img decoding=\"async\" src=\"https:\/\/fmp-components.com\/wp-content\/uploads\/2024\/12\/Adjustable-Clevis-Type-Cylinders-6.webp\" alt=\"S\u00e4\u00e4dett\u00e4v\u00e4 haarukkatyyppinen sylinteri\" width=\"837\" title=\"\"><\/p>\n<p>T\u00e4ss\u00e4 on viisi t\u00e4rkeint\u00e4 etua tuotteistamme ja yrityksest\u00e4mme:<\/p>\n<ol>\n<li>Laaja valikoima vaihtoehtoja: Tarjoamme kattavan valikoiman hydraulisylintereit\u00e4, jotka sopivat erilaisiin k\u00e4ytt\u00f6tarkoituksiin rakennuskoneteollisuudessa. S\u00e4\u00e4dett\u00e4vist\u00e4 haarukkatyyppisist\u00e4 sylintereist\u00e4 muihin erikoistyyppeihin, meill\u00e4 on t\u00e4ydellinen ratkaisu erityistarpeisiisi.<\/li>\n<li>Ylivertainen laatu: FMP:ll\u00e4 asetamme laadun etusijalle ja varmistamme, ett\u00e4 kaikki hydraulisylinterimme t\u00e4ytt\u00e4v\u00e4t tiukat laatustandardit. Tuotteemme valmistetaan ensiluokkaisista materiaaleista ja ne k\u00e4yv\u00e4t l\u00e4pi tiukat testit kest\u00e4vyyden ja suorituskyvyn takaamiseksi.<\/li>\n<li>Asiantunteva myyntitiimi: Kokeneella myyntitiimill\u00e4mme on syv\u00e4llinen tiet\u00e4mys rakennuskoneteollisuudesta, he pysyv\u00e4t ajan tasalla uusimmista trendeist\u00e4 ja ymm\u00e4rt\u00e4v\u00e4t asiakkaiden tarpeita. He ovat valmiita tarjoamaan ammattimaista tuotekonsultointia ja \u00e4lykk\u00e4it\u00e4 ostoehdotuksia auttaakseen sinua tekem\u00e4\u00e4n tietoon perustuvia p\u00e4\u00e4t\u00f6ksi\u00e4.<\/li>\n<li>Tehokas logistiikka: Ymm\u00e4rr\u00e4mme oikea-aikaisen toimituksen t\u00e4rkeyden, ja siksi olemme luoneet tehokkaan logistiikka-jakeluj\u00e4rjestelm\u00e4n. T\u00e4m\u00e4 varmistaa, ett\u00e4 asiakkaat saavat tarvitsemansa hydraulisylinterit nopeasti ja t\u00e4sm\u00e4llisesti, minimoiden mahdolliset viiv\u00e4stykset tai h\u00e4iri\u00f6t.<\/li>\n<li>Vahvat toimittajasuhteet: Pitk\u00e4aikaisten ja vakaiden yhteisty\u00f6suhteiden kautta korkealaatuisten toimittajien kanssa sek\u00e4 kotimaassa ett\u00e4 kansainv\u00e4lisesti pystymme hankkimaan parhaat komponentit ja materiaalit hydraulisylintereihimme. T\u00e4m\u00e4 mahdollistaa tasaisen laadun ja suorituskyvyn yll\u00e4pit\u00e4misen koko tuotevalikoimassamme.<\/li>\n<\/ol>\n<p>Valitse FMP hydraulisylinteritarpeisiisi ja koe toimittamamme luotettavuus ja erinomaisuus. Ota meihin yhteytt\u00e4 jo t\u00e4n\u00e4\u00e4n keskustellaksesi vaatimuksistasi ja aloittaaksesi menestyksekk\u00e4\u00e4n kumppanuuden.<\/p>\n<h2>Usein kysytyt kysymykset<\/h2>\n<p><b>K: Mik\u00e4 on r\u00e4\u00e4t\u00e4l\u00f6idyn s\u00e4\u00e4dett\u00e4v\u00e4n ruostumattomasta ter\u00e4ksest\u00e4 valmistetun hydraulisylinterin toimitusaika?<\/b><br \/>\nV: Yleinen toimitusaika on 25-35 p\u00e4iv\u00e4\u00e4.<\/p>\n<p><b>K: Onko hydraulisylinterist\u00e4 saatavilla n\u00e4ytteit\u00e4?<\/b><br \/>\nV: Kyll\u00e4, tarjoamme n\u00e4ytteit\u00e4, mutta ne eiv\u00e4t ole ilmaisia.<\/p>\n<p><b>K: Voidaanko hydraulisylintereit\u00e4 r\u00e4\u00e4t\u00e4l\u00f6id\u00e4 n\u00e4ytteiden tai teknisten piirustusten mukaan?<\/b><br \/>\nV: Kyll\u00e4, voimme valmistaa sylintereit\u00e4 n\u00e4ytteidesi tai teknisten piirustusten mukaan. Voimme my\u00f6s rakentaa muotit ja kiinnikkeet.<\/p>\n<p><img decoding=\"async\" src=\"https:\/\/img.jiansujichilun.com\/img\/hydrauliccylinders\/C_hydrauliccylinders-5.webp\" alt=\"hydraulisylinteri\" width=\"800\" title=\"\"><\/p>\n<p>Tekij\u00e4: CX<\/p>","protected":false},"excerpt":{"rendered":"<p>Introducing Customized Adjustable Stainless Steel Hydraulic Cylinder For Tractor Customized Adjustable Stainless Steel Hydraulic Cylinder For Tractor is a top-of-the-line product that is designed to meet the specific needs of tractor operators. This hydraulic cylinder has been engineered to provide unparalleled performance and efficiency, making it an indispensable component of any tractor. One of the [&hellip;]<\/p>","protected":false},"featured_media":1338,"comment_status":"closed","ping_status":"closed","template":"","meta":{"_et_pb_use_builder":"","_et_pb_old_content":"","_et_gb_content_width":""},"product_brand":[],"product_cat":[39],"product_tag":[41,34],"class_list":{"0":"post-1375","1":"product","2":"type-product","3":"status-publish","4":"has-post-thumbnail","6":"product_cat-adjustable-clevis-type-cylinders","7":"product_tag-adjustable-clevis-type-cylinders","8":"product_tag-hydraulic-cylinder","10":"first","11":"instock","12":"product-type-simple"},"_links":{"self":[{"href":"https:\/\/fmp-components.com\/fi\/wp-json\/wp\/v2\/product\/1375","targetHints":{"allow":["GET"]}}],"collection":[{"href":"https:\/\/fmp-components.com\/fi\/wp-json\/wp\/v2\/product"}],"about":[{"href":"https:\/\/fmp-components.com\/fi\/wp-json\/wp\/v2\/types\/product"}],"replies":[{"embeddable":true,"href":"https:\/\/fmp-components.com\/fi\/wp-json\/wp\/v2\/comments?post=1375"}],"wp:featuredmedia":[{"embeddable":true,"href":"https:\/\/fmp-components.com\/fi\/wp-json\/wp\/v2\/media\/1338"}],"wp:attachment":[{"href":"https:\/\/fmp-components.com\/fi\/wp-json\/wp\/v2\/media?parent=1375"}],"wp:term":[{"taxonomy":"product_brand","embeddable":true,"href":"https:\/\/fmp-components.com\/fi\/wp-json\/wp\/v2\/product_brand?post=1375"},{"taxonomy":"product_cat","embeddable":true,"href":"https:\/\/fmp-components.com\/fi\/wp-json\/wp\/v2\/product_cat?post=1375"},{"taxonomy":"product_tag","embeddable":true,"href":"https:\/\/fmp-components.com\/fi\/wp-json\/wp\/v2\/product_tag?post=1375"}],"curies":[{"name":"wp","href":"https:\/\/api.w.org\/{rel}","templated":true}]}}