{"id":1373,"date":"2024-12-23T02:18:57","date_gmt":"2024-12-23T02:18:57","guid":{"rendered":"https:\/\/fmp-components.com\/product\/new-arrival-micro-hydraulic-piston-cylinder-for-tractor\/"},"modified":"2024-12-23T03:24:36","modified_gmt":"2024-12-23T03:24:36","slug":"new-arrival-micro-hydraulic-piston-cylinder-for-tractor","status":"publish","type":"product","link":"https:\/\/fmp-components.com\/fi\/product\/new-arrival-micro-hydraulic-piston-cylinder-for-tractor\/","title":{"rendered":"Uusi saapumismikrohydraulinen m\u00e4nt\u00e4sylinteri traktoriin"},"content":{"rendered":"<h2>Esittelyss\u00e4 uusi saapumismikrohydraulinen m\u00e4nt\u00e4sylinteri traktoriin:<\/h2>\n<p>Uusi traktorin mikrohydraulinen m\u00e4nt\u00e4sylinteri on innovatiivinen ja korkealaatuinen tuote, joka on suunniteltu parantamaan traktoreiden suorituskyky\u00e4 ja toimivuutta. T\u00e4m\u00e4 hydraulinen m\u00e4nt\u00e4sylinteri on erityisesti suunniteltu tarjoamaan luotettavaa ja tehokasta voimansiirtoa, mik\u00e4 tekee siit\u00e4 olennaisen komponentin erilaisissa traktorisovelluksissa.<\/p>\n<p>Edistyksellisell\u00e4 hydrauliikkatekniikalla varustettu m\u00e4nt\u00e4sylinteri tarjoaa poikkeuksellisen kest\u00e4vyyden ja tarkkuuden. Kompaktin kokonsa ansiosta se sopii helposti sek\u00e4 pieniin ett\u00e4 suuriin traktoreihin. Mikrorakenne varmistaa tasaisen toiminnan ja v\u00e4hent\u00e4\u00e4 kitkaa, mik\u00e4 parantaa tehokkuutta ja v\u00e4hent\u00e4\u00e4 huoltotarvetta.<\/p>\n<p>Vankan rakenteensa ansiosta t\u00e4m\u00e4 hydraulinen m\u00e4nt\u00e4sylinteri on suunniteltu kest\u00e4m\u00e4\u00e4n vaativia ty\u00f6olosuhteita. Sen korkea painekapasiteetti varmistaa optimaalisen suorituskyvyn my\u00f6s vaativissa maatalousteht\u00e4viss\u00e4. Tarkan ohjauksen ja nopean reagoinnin ansiosta se mahdollistaa kuljettajien tehokkaan hallinnan traktorin eri toiminnoilla, kuten raskaiden kuormien nostamisella tai lis\u00e4laitteiden k\u00e4ytt\u00e4misell\u00e4.<\/p>\n<p><img loading=\"lazy\" decoding=\"async\" class=\"alignnone size-full wp-image-1334\" src=\"https:\/\/fmp-components.com\/wp-content\/uploads\/2024\/12\/Adjustable-Clevis-Type-Cylinders-4.webp\" alt=\"S\u00e4\u00e4dett\u00e4v\u00e4t haarukkatyyppiset sylinterit\" width=\"800\" height=\"800\" title=\"\" srcset=\"https:\/\/fmp-components.com\/wp-content\/uploads\/2024\/12\/Adjustable-Clevis-Type-Cylinders-4.webp 800w, https:\/\/fmp-components.com\/wp-content\/uploads\/2024\/12\/Adjustable-Clevis-Type-Cylinders-4-480x480.webp 480w\" sizes=\"(min-width: 0px) and (max-width: 480px) 480px, (min-width: 481px) 800px, 100vw\" \/><\/p>\n<p>Uusi traktorin mikrohydraulinen m\u00e4nt\u00e4sylinteri on suunniteltu turvallisuus mieless\u00e4. Se sis\u00e4lt\u00e4\u00e4 luotettavat tiivisteet ja venttiilit vuotojen est\u00e4miseksi ja sujuvan toiminnan varmistamiseksi kaikkina aikoina. Lis\u00e4ksi sen korroosionkest\u00e4v\u00e4t materiaalit tarjoavat pitk\u00e4aikaisen suojan ymp\u00e4rist\u00f6tekij\u00f6it\u00e4 vastaan \u200b\u200bja pident\u00e4v\u00e4t k\u00e4ytt\u00f6ik\u00e4\u00e4.<\/p>\n<p>Yhteenvetona voidaan todeta, ett\u00e4 uusi traktorin mikrohydraulinen m\u00e4nt\u00e4sylinteri on mullistava maatalousalalla. Ylivertaisen suorituskykyns\u00e4, kest\u00e4vyytens\u00e4 ja turvallisuusominaisuuksiensa ansiosta se on erinomainen valinta traktorinomistajille ja -k\u00e4ytt\u00e4jille, jotka haluavat parantaa tuottavuutta ja tehokkuutta.<\/p>\n<p>Esittelyss\u00e4 uusi mikrohydraulinen m\u00e4nt\u00e4sylinteri, joka on saatavilla vuonna 2023 ja sopii t\u00e4ydellisesti traktoreihin ja useille eri teollisuudenaloille, kuten konepajoille, maatiloille, energia- ja kaivosteollisuudelle, konevalmistukseen ja konetehtaisiin. T\u00e4m\u00e4 sylinteri on valmistettu standardispesifikaatioiden mukaisesti m\u00e4nt\u00e4rakenteella ja toimii hydraulisella voimalla. Se painaa 60 kg ja on valmistettu ter\u00e4ksest\u00e4, mik\u00e4 varmistaa sen kest\u00e4vyyden ja kyvyn kest\u00e4\u00e4 vaativia olosuhteita.<\/p>\n<table style=\"width: 100%;\" border=\"1\" width=\"100%\" cellspacing=\"0\" cellpadding=\"0\">\n<tbody>\n<tr>\n<th>Tuotteen nimi<\/th>\n<td>Mikrohydraulinen m\u00e4nt\u00e4sylinteri<\/td>\n<\/tr>\n<tr>\n<th>Tyyppi<\/th>\n<td>S\u00e4\u00e4dett\u00e4v\u00e4 haarukkatyyppi<\/td>\n<\/tr>\n<tr>\n<th>Maksimi ty\u00f6nt\u00f6voima<\/th>\n<td>3000<\/td>\n<\/tr>\n<tr>\n<th>Maksimiveto<\/th>\n<td>20 tonnia<\/td>\n<\/tr>\n<tr>\n<th>Sertifiointi<\/th>\n<td>ISO 9001:2000<\/td>\n<\/tr>\n<tr>\n<th>Rei\u00e4n koko<\/th>\n<td>2\u20136 tuumaa<\/td>\n<\/tr>\n<tr>\n<th>Tangon koko<\/th>\n<td>1,125\u20134 tuumaa<\/td>\n<\/tr>\n<tr>\n<th>Iskun koko<\/th>\n<td>4\u2013100 tuumaa<\/td>\n<\/tr>\n<tr>\n<th>Tapin koko<\/th>\n<td>0,5\u20132 tuumaa<\/td>\n<\/tr>\n<tr>\n<th>V\u00e4ri<\/th>\n<td>Musta<\/td>\n<\/tr>\n<tr>\n<th>Pakkaustiedot<\/th>\n<td>Rautakotelo, vanerikotelo tai pahvilaatikko<\/td>\n<\/tr>\n<\/tbody>\n<\/table>\n<p>&nbsp;<\/p>\n<p><img decoding=\"async\" src=\"https:\/\/img.jiansujichilun.com\/img\/hydrauliccylinders\/T_hydrauliccylinders-2.webp\" alt=\"hydraulisylinteri\" width=\"800\" title=\"\"><\/p>\n<h2>S\u00e4\u00e4dett\u00e4vien haarukkatyyppisten sylinterien edut<\/h2>\n<p>S\u00e4\u00e4dett\u00e4v\u00e4t haarukkatyyppiset sylinterit ovat mullistava innovaatio hydrauliikkaj\u00e4rjestelmien alalla. N\u00e4ill\u00e4 sylintereill\u00e4 on useita selkeit\u00e4 etuja perinteisiin sylintereihin verrattuna, mik\u00e4 tekee niist\u00e4 ensisijaisen vaihtoehdon erilaisiin sovelluksiin. T\u00e4ss\u00e4 artikkelissa tutkimme n\u00e4it\u00e4 etuja yksityiskohtaisesti ja korostamme niiden tarjoamia ainutlaatuisia ominaisuuksia ja hy\u00f6tyj\u00e4.<\/p>\n<h3>1. Parempi joustavuus ja sopeutumiskyky<\/h3>\n<p>Yksi s\u00e4\u00e4dett\u00e4vien haarukkatyyppisten sylinterien keskeisist\u00e4 eduista on niiden kyky mukautua erilaisiin asennusasentoihin ja kulmiin. S\u00e4\u00e4dett\u00e4v\u00e4n haarukan ansiosta sylinteri voidaan helposti mukauttaa, sill\u00e4 se voidaan liitt\u00e4\u00e4 laitteen tai koneen eri kohtiin. T\u00e4m\u00e4 joustavuus parantaa hydraulij\u00e4rjestelm\u00e4n yleist\u00e4 toimivuutta ja tehokkuutta, koska se voidaan r\u00e4\u00e4t\u00e4l\u00f6id\u00e4 vastaamaan erityisvaatimuksia.<\/p>\n<h3>2. Optimaalinen suorituskyky ja kuorman jakautuminen<\/h3>\n<p>S\u00e4\u00e4dett\u00e4v\u00e4t haarukkatyyppiset sylinterit tarjoavat erinomaisen suorituskyvyn ja kuorman jakautumisen. Haarukkarakenne varmistaa, ett\u00e4 kuorma jakautuu tasaisesti sylinterin yli, mik\u00e4 v\u00e4hent\u00e4\u00e4 rasitusta ja minimoi ennenaikaisen kulumisen riskin. T\u00e4m\u00e4 parantaa hydraulij\u00e4rjestelm\u00e4n yleist\u00e4 suorituskyky\u00e4 ja pitk\u00e4ik\u00e4isyytt\u00e4, mik\u00e4 tekee siit\u00e4 kustannustehokkaan ratkaisun pitk\u00e4aikaiseen k\u00e4ytt\u00f6\u00f6n.<\/p>\n<h3>3. Tarkka paikannus ja ohjaus<\/h3>\n<p>S\u00e4\u00e4dett\u00e4vien haarukkatyyppisten sylintereiden avulla tarkka asemointi ja ohjaus on helposti saavutettavissa. Asennusasennon ja -kulman hienos\u00e4\u00e4t\u00f6mahdollisuus mahdollistaa sylinterin tarkan liikkeen ja ohjauksen, jolloin k\u00e4ytt\u00e4j\u00e4t voivat suorittaa teht\u00e4vi\u00e4 eritt\u00e4in tarkasti. T\u00e4m\u00e4 hallinnan taso on erityisen hy\u00f6dyllinen sovelluksissa, jotka vaativat herkk\u00e4\u00e4 k\u00e4sittely\u00e4 tai tarkkaa ohjausta.<\/p>\n<h3>4. Lis\u00e4\u00e4ntynyt turvallisuus ja luotettavuus<\/h3>\n<p>S\u00e4\u00e4dett\u00e4v\u00e4t haarukkatyyppiset sylinterit asettavat turvallisuuden ja luotettavuuden etusijalle. N\u00e4iden sylinterien parannettu joustavuus ja mukautuvuus edist\u00e4v\u00e4t turvallisempaa k\u00e4ytt\u00f6\u00e4, koska ne voidaan asentaa turvallisesti sopivimpiin asentoihin. Lis\u00e4ksi niiden kest\u00e4v\u00e4 rakenne ja korkealaatuiset materiaalit takaavat kest\u00e4vyyden ja luotettavuuden minimoiden odottamattomien vikojen tai rikkoutumisten riskin.<\/p>\n<h3>5. Kustannustehokkuus ja ajank\u00e4ytt\u00f6<\/h3>\n<p>Tarjoamalla erinomaista suorituskyky\u00e4, mukautuvuutta ja luotettavuutta, s\u00e4\u00e4dett\u00e4v\u00e4t haarukkatyyppiset sylinterit osoittautuvat viime k\u00e4dess\u00e4 kustannustehokkaiksi ja aikaa s\u00e4\u00e4st\u00e4viksi. Optimoitu kuormanjako ja tarkka ohjaus minimoivat energian ja resurssien tuhlausta, mik\u00e4 johtaa k\u00e4ytt\u00f6kustannusten pienenemiseen. Lis\u00e4ksi asennuksen ja s\u00e4\u00e4d\u00f6n helppous s\u00e4\u00e4st\u00e4\u00e4 arvokasta aikaa asennuksen ja huollon aikana, mik\u00e4 tekee niist\u00e4 ihanteellisen valinnan aikaherkille projekteille.<\/p>\n<p>Yhteenvetona voidaan todeta, ett\u00e4 s\u00e4\u00e4dett\u00e4v\u00e4t haarukkatyyppiset sylinterit tarjoavat lukuisia etuja perinteisiin sylintereihin verrattuna. Niiden parannettu joustavuus, optimaalinen suorituskyky, tarkka sijoittelu, lis\u00e4\u00e4ntynyt turvallisuus ja kustannustehokkuus tekev\u00e4t niist\u00e4 arvokkaan voimavaran hydraulij\u00e4rjestelmiss\u00e4. N\u00e4iden sylinterien sis\u00e4llytt\u00e4minen voi parantaa huomattavasti laitteiden tai koneiden kokonaistehokkuutta ja tuottavuutta, mik\u00e4 tarjoaa merkitt\u00e4v\u00e4n kilpailuedun eri toimialoilla.<\/p>\n<p><img decoding=\"async\" src=\"https:\/\/fmp-components.com\/wp-content\/uploads\/2024\/12\/Adjustable-Clevis-Type-Cylinders5.webp\" alt=\"S\u00e4\u00e4dett\u00e4v\u00e4 haarukkatyyppinen sylinteri\" width=\"800\" title=\"\"><\/p>\n<h2>S\u00e4\u00e4dett\u00e4vien haarukkatyyppisten sylinterien k\u00e4ytt\u00f6<\/h2>\n<p>S\u00e4\u00e4dett\u00e4v\u00e4t haarukkatyyppiset sylinterit, kuten traktoreihin tarkoitetut uudet mikrohydrauliset m\u00e4nt\u00e4sylinterit, ovat olennainen osa useilla eri teollisuudenaloilla. N\u00e4m\u00e4 sylinterit tarjoavat tarkan ohjauksen ja erinomaisen lujuuden, mink\u00e4 ansiosta ne soveltuvat monenlaisiin k\u00e4ytt\u00f6tarkoituksiin. T\u00e4ss\u00e4 artikkelissa tutkimme eri alueita, joilla n\u00e4it\u00e4 sylintereit\u00e4 k\u00e4ytet\u00e4\u00e4n laajasti.<\/p>\n<h3>1. Maatalouskoneet<\/h3>\n<p>S\u00e4\u00e4dett\u00e4vill\u00e4 haarukkatyyppisill\u00e4 sylintereill\u00e4 on ratkaiseva rooli maatalouskoneissa, erityisesti traktoreissa. N\u00e4it\u00e4 sylintereit\u00e4 k\u00e4ytet\u00e4\u00e4n erilaisissa traktorin lis\u00e4laitteissa ja ty\u00f6koneissa hydraulivoiman tuottamiseen erilaisten teht\u00e4vien suorittamiseen. Yksi t\u00e4llainen sovellus on traktorin hydraulinen nostoj\u00e4rjestelm\u00e4, joka mahdollistaa kiinnitettyjen laitteiden, kuten aurojen, puimureiden ja kuormaajien, tasaisen ja hallitun liikkeen. Traktoreiden uusi mikrohydraulinen m\u00e4nt\u00e4sylinteri tarjoaa parannetun s\u00e4\u00e4dett\u00e4vyyden ja tehokkuuden varmistaen optimaalisen suorituskyvyn maataloust\u00f6iss\u00e4.<\/p>\n<h3>2. Rakennuslaitteet<\/h3>\n<p>Toinen teollisuudenala, jolla s\u00e4\u00e4dett\u00e4vi\u00e4 haarukkatyyppisi\u00e4 sylintereit\u00e4 k\u00e4ytet\u00e4\u00e4n laajasti, on rakentaminen. N\u00e4it\u00e4 sylintereit\u00e4 k\u00e4ytet\u00e4\u00e4n erilaisissa rakennuslaitteissa, kuten kaivinkoneissa, puskutraktoreissa ja traktorikaivureissa. Sylinterit mahdollistavat koneen osien liikkeen tarkan hallinnan, mik\u00e4 helpottaa teht\u00e4vi\u00e4, kuten kaivamista, nostamista ja raskaiden kuormien ty\u00f6nt\u00e4mist\u00e4. Traktoreihin tarkoitettu uusi mikrohydraulinen m\u00e4nt\u00e4sylinteri tarjoaa erinomaisen lujuuden ja kest\u00e4vyyden, joten se sopii vaativiin rakennussovelluksiin.<\/p>\n<h3>3. Materiaalink\u00e4sittelyj\u00e4rjestelm\u00e4t<\/h3>\n<p>S\u00e4\u00e4dett\u00e4vi\u00e4 haarukkatyyppisi\u00e4 sylintereit\u00e4 k\u00e4ytet\u00e4\u00e4n my\u00f6s laajalti materiaalink\u00e4sittelyj\u00e4rjestelmiss\u00e4. N\u00e4it\u00e4 j\u00e4rjestelmi\u00e4 ovat esimerkiksi kuljetinhihnat, nostolavat ja automatisoidut varastolaitteet. Sylinterit tarjoavat tarvittavan voiman ja hallinnan raskaiden esineiden siirt\u00e4miseen helposti ja tarkasti. Materiaalink\u00e4sittelysovelluksissa traktoreiden uusi mikrohydraulinen m\u00e4nt\u00e4sylinteri osoittautuu eritt\u00e4in luotettavaksi ja tehokkaaksi, varmistaen sujuvan toiminnan ja lis\u00e4\u00e4ntyneen tuottavuuden.<\/p>\n<h3>4. Teollisuusautomaatio<\/h3>\n<p>Teollisuusautomaatio nojaa vahvasti s\u00e4\u00e4dett\u00e4viin haarukkatyyppisiin sylintereihin erilaisissa teht\u00e4viss\u00e4. N\u00e4it\u00e4 sylintereit\u00e4 k\u00e4ytet\u00e4\u00e4n robottij\u00e4rjestelmiss\u00e4, kokoonpanolinjoilla ja muissa automatisoiduissa prosesseissa tarkkojen ja hallittujen liikkeiden mahdollistamiseksi. Traktoreihin tarkoitettu uusi mikrohydraulinen m\u00e4nt\u00e4sylinteri tarjoaa edistyneit\u00e4 ominaisuuksia, kuten s\u00e4\u00e4dett\u00e4v\u00e4n iskunpituuden ja suuren kuormankantokyvyn, mik\u00e4 tekee siit\u00e4 erinomaisen valinnan teollisuusautomaatiosovelluksiin.<\/p>\n<h3>5. Meri- ja offshore-sovellukset<\/h3>\n<p>S\u00e4\u00e4dett\u00e4vi\u00e4 haarukkatyyppisi\u00e4 sylintereit\u00e4 k\u00e4ytet\u00e4\u00e4n my\u00f6s meri- ja offshore-teollisuudessa. N\u00e4it\u00e4 sylintereit\u00e4 k\u00e4ytet\u00e4\u00e4n merilaitteissa, kuten nostureissa, vinsseiss\u00e4 ja laivojen sek\u00e4 offshore-alustojen hydraulij\u00e4rjestelmiss\u00e4. N\u00e4iden sylinterien kyky kest\u00e4\u00e4 ankaria ymp\u00e4rist\u00f6olosuhteita, kuten suolaveden korroosiota, tekee niist\u00e4 eritt\u00e4in sopivia merisovelluksiin. Uusi mikrohydraulinen m\u00e4nt\u00e4sylinteri traktoreille varmistaa luotettavan suorituskyvyn vaativissa meri- ja offshore-ymp\u00e4rist\u00f6iss\u00e4.<\/p>\n<p>Yhteenvetona voidaan todeta, ett\u00e4 s\u00e4\u00e4dett\u00e4vien haarukkatyyppisten sylinterien, erityisesti traktoreihin tarkoitettujen uusien mikrohydraulisten m\u00e4nt\u00e4sylinterien, k\u00e4ytt\u00f6alueet ulottuvat useille eri teollisuudenaloille. Maataloudesta ja rakentamisesta materiaalink\u00e4sittelyj\u00e4rjestelmiin, teollisuusautomaatioon ja merisovelluksiin, n\u00e4m\u00e4 sylinterit tarjoavat luotettavaa ja tarkkaa hydraulista tehoa. Niiden mukautuvuus, lujuus ja kest\u00e4vyys tekev\u00e4t niist\u00e4 v\u00e4ltt\u00e4m\u00e4tt\u00f6m\u00e4n osan lukuisissa laitteissa ja koneissa.<\/p>\n<p><img decoding=\"async\" src=\"https:\/\/fmp-components.com\/wp-content\/uploads\/2024\/12\/Application-of-Adjustable-Clevis-Type-Cylinders.webp\" alt=\"S\u00e4\u00e4dett\u00e4v\u00e4 haarukkatyyppinen sylinteri\" width=\"800\" title=\"\"><\/p>\n<h3>Tietoja FMP:st\u00e4<\/h3>\n<p>FMP on johtava hydraulisylintereiden tuotantoon ja myyntiin erikoistunut yritys. Laajan alan kokemuksemme ja ammattitaitoisen tiimimme ansiosta olemme omistautuneet tarjoamaan asiakkaillemme korkealaatuisia ja luotettavia hydraulisylintereit\u00e4 erilaisiin rakennuskoneiden sovelluksiin.<\/p>\n<p><img decoding=\"async\" src=\"https:\/\/fmp-components.com\/wp-content\/uploads\/2024\/12\/Adjustable-Clevis-Type-Cylinders-6.webp\" alt=\"S\u00e4\u00e4dett\u00e4v\u00e4 haarukkatyyppinen sylinteri\" width=\"835\" title=\"\"><\/p>\n<p>T\u00e4ss\u00e4 on viisi syyt\u00e4, miksi FMP:n valitseminen hydraulisylinteritarpeisiisi on oikea p\u00e4\u00e4t\u00f6s:<\/p>\n<ol>\n<li><strong>Laaja tuotevalikoima:<\/strong> Tarjoamme laajan valikoiman hydraulisylintereit\u00e4, jotka sopivat erilaisiin k\u00e4ytt\u00f6tarkoituksiin rakennuskoneteollisuudessa. Tarvitsetpa sitten sylintereit\u00e4 maatalouskoneisiin, teollisuusvaihteistoihin tai planeettavaihteistoihin, meilt\u00e4 l\u00f6yd\u00e4t etsim\u00e4si.<\/li>\n<li><strong>Tiukat laatustandardit:<\/strong> FMP:ll\u00e4 asetamme laadun etusijalle ja varmistamme, ett\u00e4 kaikki toimittamamme hydraulisylinterit t\u00e4ytt\u00e4v\u00e4t tiukat laatustandardit. Pitk\u00e4aikaisten ja vakaiden kumppanuuksien avulla korkealaatuisten toimittajien kanssa takaamme tuotteidemme luotettavuuden ja kest\u00e4vyyden.<\/li>\n<li><strong>Kokenut myyntitiimi:<\/strong> Asiantunteva myyntitiimimme tuntee rakennuskoneteollisuuden uusimmat trendit ja asiakkaiden vaatimukset. He voivat tarjota sinulle ammattimaista tuotekonsultointia, auttaa sinua tekem\u00e4\u00e4n tietoon perustuvia p\u00e4\u00e4t\u00f6ksi\u00e4 ja l\u00f6yt\u00e4m\u00e4\u00e4n t\u00e4ydellisen hydraulisylinterin juuri sinun tarpeisiisi.<\/li>\n<li><strong>Tehokas logistiikka jakelu:<\/strong> Ymm\u00e4rr\u00e4mme oikea-aikaisen toimituksen t\u00e4rkeyden. Tehokas logistiikkaj\u00e4rjestelm\u00e4mme varmistaa, ett\u00e4 saat tarvittavat hydraulisylinterit nopeasti ja t\u00e4sm\u00e4llisesti, mik\u00e4 minimoi seisokkiajat ja pit\u00e4\u00e4 toimintasi sujuvana.<\/li>\n<li><strong>Kattava myynnin j\u00e4lkeinen tuki:<\/strong> FMP:ll\u00e4 arvostamme asiakastyytyv\u00e4isyytt\u00e4. Omistautunut tukitiimimme on aina valmiina auttamaan sinua kaikissa kysymyksiss\u00e4si ja huolenaiheissasi ja tarjoaa kattavaa myynninj\u00e4lkeist\u00e4 tukea varmistaakseen, ett\u00e4 olet t\u00e4ysin tyytyv\u00e4inen hydraulisylintereihimme.<\/li>\n<\/ol>\n<p>Ryhdy FMP:n kumppaniksi jo t\u00e4n\u00e4\u00e4n ja koe hydraulisylintereidemme laatu, luotettavuus ja poikkeuksellinen suorituskyky. Ota meihin yhteytt\u00e4 nyt keskustellaksesi erityistarpeistasi ja aloittaaksesi hedelm\u00e4llisen yhteisty\u00f6n.<\/p>\n<h2>Usein kysytyt kysymykset<\/h2>\n<p><b>K: Mik\u00e4 on mikrohydraulisen m\u00e4nt\u00e4sylinterin suurin ty\u00f6nt\u00f6voima?<\/b><br \/>\nA: Mikrohydraulisen m\u00e4nt\u00e4sylinterin suurin ty\u00f6nt\u00f6voima on 3000.<\/p>\n<p><b>K: Mik\u00e4 on mikrohydraulisen m\u00e4nt\u00e4sylinterin paino?<\/b><br \/>\nA: Mikrohydraulisen m\u00e4nt\u00e4sylinterin paino on 60 kg.<\/p>\n<p><b>K: Millainen takuu mikrohydraulisella m\u00e4nt\u00e4sylinterill\u00e4 on?<\/b><br \/>\nA: Mikrohydraulisella m\u00e4nt\u00e4sylinterill\u00e4 on 1 vuoden takuu.<\/p>\n<p>Tekij\u00e4: CX<\/p>","protected":false},"excerpt":{"rendered":"<p>Introducing the New Arrival Micro Hydraulic Piston Cylinder For Tractor: The New Arrival Micro Hydraulic Piston Cylinder For Tractor is an innovative and high-quality product designed to enhance the performance and functionality of tractors. This hydraulic piston cylinder is specifically engineered to provide reliable and efficient power transfer, making it an essential component for various [&hellip;]<\/p>","protected":false},"featured_media":1340,"comment_status":"closed","ping_status":"closed","template":"","meta":{"_et_pb_use_builder":"","_et_pb_old_content":"","_et_gb_content_width":""},"product_brand":[],"product_cat":[39],"product_tag":[41,34],"class_list":{"0":"post-1373","1":"product","2":"type-product","3":"status-publish","4":"has-post-thumbnail","6":"product_cat-adjustable-clevis-type-cylinders","7":"product_tag-adjustable-clevis-type-cylinders","8":"product_tag-hydraulic-cylinder","10":"first","11":"instock","12":"product-type-simple"},"_links":{"self":[{"href":"https:\/\/fmp-components.com\/fi\/wp-json\/wp\/v2\/product\/1373","targetHints":{"allow":["GET"]}}],"collection":[{"href":"https:\/\/fmp-components.com\/fi\/wp-json\/wp\/v2\/product"}],"about":[{"href":"https:\/\/fmp-components.com\/fi\/wp-json\/wp\/v2\/types\/product"}],"replies":[{"embeddable":true,"href":"https:\/\/fmp-components.com\/fi\/wp-json\/wp\/v2\/comments?post=1373"}],"wp:featuredmedia":[{"embeddable":true,"href":"https:\/\/fmp-components.com\/fi\/wp-json\/wp\/v2\/media\/1340"}],"wp:attachment":[{"href":"https:\/\/fmp-components.com\/fi\/wp-json\/wp\/v2\/media?parent=1373"}],"wp:term":[{"taxonomy":"product_brand","embeddable":true,"href":"https:\/\/fmp-components.com\/fi\/wp-json\/wp\/v2\/product_brand?post=1373"},{"taxonomy":"product_cat","embeddable":true,"href":"https:\/\/fmp-components.com\/fi\/wp-json\/wp\/v2\/product_cat?post=1373"},{"taxonomy":"product_tag","embeddable":true,"href":"https:\/\/fmp-components.com\/fi\/wp-json\/wp\/v2\/product_tag?post=1373"}],"curies":[{"name":"wp","href":"https:\/\/api.w.org\/{rel}","templated":true}]}}