{"id":1371,"date":"2024-12-23T02:18:57","date_gmt":"2024-12-23T02:18:57","guid":{"rendered":"https:\/\/fmp-components.com\/product\/cheap-small-double-acting-welded-trailer-hydraulic-cylinder\/"},"modified":"2024-12-23T03:24:49","modified_gmt":"2024-12-23T03:24:49","slug":"cheap-small-double-acting-welded-trailer-hydraulic-cylinder","status":"publish","type":"product","link":"https:\/\/fmp-components.com\/fi\/product\/cheap-small-double-acting-welded-trailer-hydraulic-cylinder\/","title":{"rendered":"Halpa pieni kaksitoiminen hitsattu per\u00e4vaunun hydraulisylinteri"},"content":{"rendered":"<p>Edullinen pienikokoinen kaksitoiminen hitsattu per\u00e4vaunun hydraulisylinteri on tehokas ja luotettava kone, joka on v\u00e4ltt\u00e4m\u00e4t\u00f6n kaikissa teollisissa tai maataloustoimissa. T\u00e4m\u00e4 hydraulisylinteri on suunniteltu tarjoamaan kaksitoimista voimaa, mik\u00e4 varmistaa maksimaalisen tehokkuuden jokaisessa sovelluksessa.<\/p>\n<p>Yksi t\u00e4m\u00e4n hydraulisylinterin t\u00e4rkeimmist\u00e4 ominaisuuksista on sen hitsattu rakenne, joka tarjoaa erinomaisen kest\u00e4vyyden ja suorituskyvyn pitk\u00e4ll\u00e4 aikav\u00e4lill\u00e4. T\u00e4m\u00e4 rakenne varmistaa, ett\u00e4 sylinteri kest\u00e4\u00e4 kovimpiakin olosuhteita, kuten kovaa k\u00e4ytt\u00f6\u00e4 ja altistumista luonnonvoimille.<\/p>\n<p>Kest\u00e4v\u00e4n rakenteensa lis\u00e4ksi edullinen pienikokoinen kaksitoiminen hitsattu per\u00e4vaunun hydraulisylinteri on my\u00f6s uskomattoman helppo asentaa ja huoltaa. T\u00e4m\u00e4 tekee siit\u00e4 ihanteellisen valinnan kaikille, jotka tarvitsevat luotettavan ja tehokkaan hydraulisylinterin, joka voidaan nopeasti ja helposti integroida olemassa oleviin laitteisiinsa.<\/p>\n<p><img loading=\"lazy\" decoding=\"async\" class=\"alignnone size-full wp-image-1334\" src=\"https:\/\/fmp-components.com\/wp-content\/uploads\/2024\/12\/Adjustable-Clevis-Type-Cylinders-4.webp\" alt=\"S\u00e4\u00e4dett\u00e4v\u00e4t haarukkatyyppiset sylinterit\" width=\"800\" height=\"800\" title=\"\" srcset=\"https:\/\/fmp-components.com\/wp-content\/uploads\/2024\/12\/Adjustable-Clevis-Type-Cylinders-4.webp 800w, https:\/\/fmp-components.com\/wp-content\/uploads\/2024\/12\/Adjustable-Clevis-Type-Cylinders-4-480x480.webp 480w\" sizes=\"(min-width: 0px) and (max-width: 480px) 480px, (min-width: 481px) 800px, 100vw\" \/><\/p>\n<p>Kaiken kaikkiaan edullinen pienikokoinen kaksitoiminen hitsattu per\u00e4vaunun hydraulisylinteri on erinomainen valinta kaikille, jotka tarvitsevat korkealaatuisen hydraulisylinterin, joka tarjoaa tasaisen suorituskyvyn ja luotettavan toiminnan. Ty\u00f6skenteletp\u00e4 sitten rakennusalalla, maataloudessa tai mill\u00e4 tahansa muulla hydraulij\u00e4rjestelmiin perustuvalla toimialalla, t\u00e4m\u00e4 sylinteri varmasti t\u00e4ytt\u00e4\u00e4 tarpeesi ja ylitt\u00e4\u00e4 odotuksesi.<\/p>\n<h2>S\u00e4\u00e4dett\u00e4vien haarukkatyyppisten sylinterien edut<\/h2>\n<p>S\u00e4\u00e4dett\u00e4v\u00e4t haarukkatyyppiset sylinterit ovat monipuolinen hydrauliikkakomponentti, joka tarjoaa lukuisia etuja erilaisissa sovelluksissa. N\u00e4m\u00e4 sylinterit on suunniteltu ainutlaatuisella s\u00e4\u00e4dett\u00e4v\u00e4ll\u00e4 haarukkakiinnityksell\u00e4, joka tarjoaa joustavuutta ja k\u00e4tevyytt\u00e4 erilaisissa k\u00e4ytt\u00f6olosuhteissa. T\u00e4ss\u00e4 artikkelissa tutkimme yksityiskohtaisesti s\u00e4\u00e4dett\u00e4vien haarukkatyyppisten sylinterien etuja ja korostamme niiden t\u00e4rkeimpi\u00e4 ominaisuuksia ja hy\u00f6tyj\u00e4.<\/p>\n<h3>Parannettu s\u00e4\u00e4dett\u00e4vyys<\/h3>\n<p>Yksi s\u00e4\u00e4dett\u00e4vien haarukkatyyppisten sylinterien t\u00e4rkeimmist\u00e4 eduista on niiden parannettu s\u00e4\u00e4dett\u00e4vyys. Haarukkakiinnitys mahdollistaa sylinterin helpon ja tarkan asemoinnin, joten se sopii sovelluksiin, joissa tarkka kohdistus on ratkaisevan t\u00e4rke\u00e4\u00e4. T\u00e4m\u00e4 ominaisuus varmistaa optimaalisen suorituskyvyn ja v\u00e4hent\u00e4\u00e4 virheellisen kohdistuksen tai virheellisen asennuksen riski\u00e4.<\/p>\n<p>Lis\u00e4ksi s\u00e4\u00e4dett\u00e4v\u00e4t haarukkatyyppiset sylinterit tarjoavat erilaisia \u200b\u200bkiinnitysvaihtoehtoja, mik\u00e4 tuo joustavuutta erilaisiin asennusvaatimuksiin. Olipa kyseess\u00e4 vaakasuora, pystysuora tai kulmassa oleva asennus, n\u00e4it\u00e4 sylintereit\u00e4 voidaan helposti s\u00e4\u00e4t\u00e4\u00e4 haluttuun asennusasentoon.<\/p>\n<h3>Optimoitu suorituskyky<\/h3>\n<p>S\u00e4\u00e4dett\u00e4v\u00e4t haarukkatyyppiset sylinterit on suunniteltu tarjoamaan optimaalista suorituskyky\u00e4 hydraulij\u00e4rjestelmiss\u00e4. Sylinterit on valmistettu korkealaatuisista materiaaleista ja edistyneist\u00e4 suunnittelutekniikoista, mik\u00e4 varmistaa kest\u00e4vyyden ja luotettavuuden vaativissa sovelluksissa.<\/p>\n<p>Kest\u00e4v\u00e4n rakenteensa ansiosta n\u00e4m\u00e4 sylinterit kest\u00e4v\u00e4t korkeita paineita ja raskaita kuormia, mik\u00e4 tarjoaa erinomaisen suorituskyvyn ja pitk\u00e4n k\u00e4ytt\u00f6i\u00e4n. Ne on my\u00f6s suunniteltu minimoimaan sis\u00e4iset vuodot ja varmistamaan hydraulisten voimien tarkka hallinta, mik\u00e4 johtaa sujuvaan ja tehokkaaseen toimintaan.<\/p>\n<h3>Laaja valikoima sovelluksia<\/h3>\n<p>Monipuolisuutensa ansiosta s\u00e4\u00e4dett\u00e4vi\u00e4 haarukkatyyppisi\u00e4 sylintereit\u00e4 k\u00e4ytet\u00e4\u00e4n useilla eri teollisuudenaloilla ja sektoreilla. Niit\u00e4 k\u00e4ytet\u00e4\u00e4n yleisesti maatalouskoneissa, rakennuskoneissa, materiaalink\u00e4sittelyj\u00e4rjestelmiss\u00e4 ja teollisuusautomaatiossa.<\/p>\n<p>N\u00e4m\u00e4 sylinterit sopivat erityisesti sovelluksiin, jotka vaativat tarkkaa ohjausta ja s\u00e4\u00e4t\u00f6\u00e4, kuten paikannusj\u00e4rjestelmiin, nostomekanismeihin ja kuorman vakauttamiseen. Niiden mukautuvuus ja s\u00e4\u00e4dett\u00e4vyys tekev\u00e4t niist\u00e4 ensisijaisen valinnan monille hydrauliikkaj\u00e4rjestelmien suunnittelijoille ja insin\u00f6\u00f6reille.<\/p>\n<h3>Kustannustehokas ratkaisu<\/h3>\n<p>S\u00e4\u00e4dett\u00e4vien haarukkatyyppisten sylinterien toinen etu on niiden kustannustehokkuus. Verrattuna muuntyyppisiin sylintereihin n\u00e4m\u00e4 sylinterit tarjoavat edullisemman ratkaisun tinkim\u00e4tt\u00e4 suorituskyvyst\u00e4 tai laadusta.<\/p>\n<p>Niiden s\u00e4\u00e4dett\u00e4v\u00e4 rakenne poistaa tarpeen lis\u00e4kiinnikkeille tai mukautetuille muutoksille, mik\u00e4 v\u00e4hent\u00e4\u00e4 asennusaikaa ja -kustannuksia. Lis\u00e4ksi n\u00e4iden sylinterien kest\u00e4vyys ja luotettavuus minimoivat huolto- ja vaihtokustannukset, mik\u00e4 tekee niist\u00e4 kustannustehokkaan vaihtoehdon pitk\u00e4ll\u00e4 aikav\u00e4lill\u00e4.<\/p>\n<p>S\u00e4\u00e4dett\u00e4v\u00e4t haarukkatyyppiset sylinterit tarjoavat lukuisia etuja hydrauliikkaj\u00e4rjestelmiss\u00e4. Parannetun s\u00e4\u00e4dett\u00e4vyytens\u00e4, optimoidun suorituskykyns\u00e4, laajan sovellusvalikoimansa ja kustannustehokkuutensa ansiosta n\u00e4m\u00e4 sylinterit tarjoavat luotettavan ja tehokkaan ratkaisun eri teollisuudenaloille. Olipa kyseess\u00e4 sitten tarkka paikannus, kuorman vakautus tai monipuolinen asennus, s\u00e4\u00e4dett\u00e4v\u00e4t haarukkatyyppiset sylinterit t\u00e4ytt\u00e4v\u00e4t erinomaisesti nykyaikaisten hydrauliikkaj\u00e4rjestelmien vaatimukset.<\/p>\n<p><img decoding=\"async\" src=\"https:\/\/fmp-components.com\/wp-content\/uploads\/2024\/12\/Adjustable-Clevis-Type-Cylinders5.webp\" alt=\"S\u00e4\u00e4dett\u00e4v\u00e4 haarukkatyyppinen sylinteri\" width=\"800\" title=\"\"><\/p>\n<h2>S\u00e4\u00e4dett\u00e4vien haarukkatyyppisten sylinterien k\u00e4ytt\u00f6<\/h2>\n<p>S\u00e4\u00e4dett\u00e4v\u00e4t sakkelityyppiset sylinterit ovat hydraulisylintereit\u00e4, joissa on sakkelip\u00e4\u00e4t, joita voidaan s\u00e4\u00e4t\u00e4\u00e4 sopimaan eri asennusasentoihin. N\u00e4it\u00e4 sylintereit\u00e4 k\u00e4ytet\u00e4\u00e4n laajalti erilaisissa teollisissa sovelluksissa, joissa vaaditaan tarkkaa ja luotettavaa lineaarista liikett\u00e4. Alla on joitakin s\u00e4\u00e4dett\u00e4vien sakkelityyppisten sylinterien yleisi\u00e4 sovelluksia:<\/p>\n<ol>\n<li><strong>Rakennuslaitteet:<\/strong> S\u00e4\u00e4dett\u00e4vi\u00e4 sakkelisylintereit\u00e4 k\u00e4ytet\u00e4\u00e4n laajasti rakennuskoneissa, kuten kaivinkoneissa, puskutraktoreissa, kuormaajissa ja traktorikaivureissa. N\u00e4m\u00e4 sylinterit tarjoavat tarvittavan voiman raskaiden kuormien helppoon nostamiseen ja siirt\u00e4miseen. Niiden s\u00e4\u00e4dett\u00e4v\u00e4t sakkelip\u00e4\u00e4t mahdollistavat helpon asennuksen ja kohdistamisen, mik\u00e4 tekee niist\u00e4 suositun valinnan rakennuskonevalmistajien keskuudessa. Rakennuskoneissa edullinen pienikokoinen kaksitoiminen hitsattu per\u00e4vaunun hydraulisylinteri on suosittu vaihtoehto kustannustehokkuutensa ja luotettavuutensa ansiosta. N\u00e4m\u00e4 sylinterit on suunniteltu kest\u00e4m\u00e4\u00e4n ankaria ty\u00f6olosuhteita ja tarjoamaan tasaista suorituskyky\u00e4.<\/li>\n<li><strong>Maatalouskoneet:<\/strong> S\u00e4\u00e4dett\u00e4vien haarukkatyyppisten sylinterien toinen yleinen k\u00e4ytt\u00f6kohde on maatalouskoneet, kuten traktorit, puimurit ja ruiskut. N\u00e4it\u00e4 sylintereit\u00e4 k\u00e4ytet\u00e4\u00e4n erilaisten ty\u00f6kalujen, kuten aurojen, kultivaattoreiden ja istutuskoneiden, liikkeen ohjaamiseen. S\u00e4\u00e4dett\u00e4v\u00e4t haarukkap\u00e4\u00e4t mahdollistavat n\u00e4iden ty\u00f6kalujen helpon kiinnityksen ja s\u00e4\u00e4t\u00e4misen, mik\u00e4 tekee niist\u00e4 ihanteellisia k\u00e4ytett\u00e4v\u00e4ksi erilaisissa maataloustoiminnoissa. Edullinen pieni kaksitoiminen hitsattu per\u00e4vaunun hydraulisylinteri on my\u00f6s laajalti k\u00e4yt\u00f6ss\u00e4 maatalouskoneissa kest\u00e4vyytens\u00e4 ja v\u00e4h\u00e4isten huoltovaatimustensa ansiosta. N\u00e4m\u00e4 sylinterit kest\u00e4v\u00e4t altistumista lialle, p\u00f6lylle ja muille maataloustoiminnoissa yleisesti esiintyville ymp\u00e4rist\u00f6tekij\u00f6ille.<\/li>\n<li><strong>Materiaalink\u00e4sittely:<\/strong> S\u00e4\u00e4dett\u00e4vi\u00e4 haarukkatyyppisi\u00e4 sylintereit\u00e4 k\u00e4ytet\u00e4\u00e4n my\u00f6s materiaalink\u00e4sittelysovelluksissa, kuten kuljetinj\u00e4rjestelmiss\u00e4, nostolaitteissa ja varastoautomaatiossa. N\u00e4m\u00e4 sylinterit tarjoavat tarvittavan voiman raskaiden kuormien siirt\u00e4miseen, kuljettimien korkeuden s\u00e4\u00e4t\u00e4miseen ja erilaisten nostolaitteiden liikkeen ohjaamiseen. Edullinen pieni kaksitoiminen hitsattu per\u00e4vaunun hydraulisylinteri on suosittu vaihtoehto materiaalink\u00e4sittelysovelluksissa kompaktin kokonsa ja korkean suorituskykyns\u00e4 ansiosta. N\u00e4m\u00e4 sylinterit voidaan helposti integroida olemassa oleviin j\u00e4rjestelmiin, ja ne tarjoavat tasaisen ja tarkan lineaarisen liikkeen.<\/li>\n<li><strong>Teollisuuskoneet:<\/strong> S\u00e4\u00e4dett\u00e4vi\u00e4 haarukkatyyppisi\u00e4 sylintereit\u00e4 k\u00e4ytet\u00e4\u00e4n my\u00f6s erilaisissa teollisuuskonesovelluksissa, kuten puristimissa, leimauskoneissa ja ruiskuvalukoneissa. N\u00e4m\u00e4 sylinterit tarjoavat tarvittavan voiman eri komponenttien liikkeen ohjaamiseen ja varmistavat tarkan ja luotettavan toiminnan. Edullinen pieni kaksitoiminen hitsattu per\u00e4vaunun hydraulisylinteri on ensisijainen valinta teollisuuskonesovelluksissa suuren voimakapasiteettinsa ja nopean vasteaikansa ansiosta. N\u00e4it\u00e4 sylintereit\u00e4 voidaan r\u00e4\u00e4t\u00e4l\u00f6id\u00e4 vastaamaan tiettyj\u00e4 sovellusvaatimuksia, ja ne tarjoavat tasaisen suorituskyvyn my\u00f6s suurissa kuormitus- ja paineolosuhteissa.<\/li>\n<\/ol>\n<p>Yhteenvetona voidaan todeta, ett\u00e4 s\u00e4\u00e4dett\u00e4v\u00e4t sakkelityyppiset sylinterit ovat monipuolisia hydraulisylintereit\u00e4, joita k\u00e4ytet\u00e4\u00e4n useilla eri teollisuudenaloilla. Niiden s\u00e4\u00e4dett\u00e4v\u00e4t sakkelip\u00e4\u00e4t, kompakti koko ja korkea suorituskyky tekev\u00e4t niist\u00e4 suositun valinnan sek\u00e4 laitevalmistajien ett\u00e4 loppuk\u00e4ytt\u00e4jien keskuudessa. Edullisten pienten kaksitoimisten hitsattujen per\u00e4vaunuhydraulisylinterien saatavuuden ansiosta on nyt mahdollista saavuttaa luotettava ja tarkka lineaarinen liike edulliseen hintaan.<img decoding=\"async\" src=\"https:\/\/fmp-components.com\/wp-content\/uploads\/2024\/12\/Application-of-Adjustable-Clevis-Type-Cylinders.webp\" alt=\"S\u00e4\u00e4dett\u00e4v\u00e4 haarukkatyyppinen sylinteri\" width=\"800\" title=\"\"><\/p>\n<h3>Tietoja FMP:st\u00e4 \u2013 hydraulisten sylinterien ammattimainen valmistaja ja myyj\u00e4<\/h3>\n<p>Etsitk\u00f6 luotettavaa ja laadukasta hydraulisylinteri\u00e4 rakennuskoneisiisi? FMP on oikea valinta! Rakennuskoneiden osien ja kokonaisten koneiden ammattimaisena valmistajana ja myyj\u00e4n\u00e4 tarjoamme laajan valikoiman hydraulisylintereit\u00e4, jotka on suunniteltu vastaamaan erilaisten sovellusten tarpeisiin.<\/p>\n<p>T\u00e4ss\u00e4 on joitakin syit\u00e4, miksi sinun kannattaa valita FMP:n hydraulisylinterit:<\/p>\n<p>1. Korkealaatuiset materiaalit \u2013 Hydraulisylinterimme on valmistettu huippulaatuisista materiaaleista kest\u00e4vyyden, luotettavuuden ja pitk\u00e4n k\u00e4ytt\u00f6i\u00e4n varmistamiseksi. Hankimme materiaalimme korkealaatuisilta toimittajilta sek\u00e4 kotimaassa ett\u00e4 ulkomailla ja alistamme ne tiukkojen laadunvalvontastandardien mukaisesti.<\/p>\n<p>2. Mukautettavat mallit \u2013 Tarjoamme laajan valikoiman hydraulisylintereiden malleja ja voimme my\u00f6s r\u00e4\u00e4t\u00e4l\u00f6id\u00e4 malleja asiakkaan tarpeiden ja spesifikaatioiden mukaan. Tarvitsetpa sitten vakiosylinterin tai r\u00e4\u00e4t\u00e4l\u00f6idyn ratkaisun, voimme auttaa sinua l\u00f6yt\u00e4m\u00e4\u00e4n oikean tuotteen.<\/p>\n<p>3. Laaja k\u00e4ytt\u00f6alue \u2013 Hydraulisylinterimme sopivat monenlaisiin rakennuskoneisiin, kuten maatalouskoneisiin, teollisuuslaitteisiin ja muihin. Istutussylintereist\u00e4 kaivinkoneiden sylintereihin, meill\u00e4 on oikea tuote tarpeisiisi.<\/p>\n<p>4. Ammattimainen konsultointi \u2013 Kokenut myyntitiimimme on aina k\u00e4ytett\u00e4viss\u00e4 tarjoamaan ammattimaista tuotekonsultointia ja \u00e4lykk\u00e4it\u00e4 ostoehdotuksia. Pysymme ajan tasalla rakennuskoneteollisuuden uusimmista trendeist\u00e4 ja asiakastarpeista varmistaaksemme, ett\u00e4 voimme tarjota asiakkaillemme parasta mahdollista palvelua.<\/p>\n<p>5. Tehokas logistiikka \u2013 Meill\u00e4 on tehokas logistiikka- ja jakeluj\u00e4rjestelm\u00e4, joka varmistaa, ett\u00e4 asiakkaat saavat tarvittavat osat ajallaan ja t\u00e4sm\u00e4llisesti. Ymm\u00e4rr\u00e4mme seisokkiaikojen minimoinnin ja koneesi sujuvan toiminnan t\u00e4rkeyden.<\/p>\n<p>FMP-hydraulisylintereiden avulla voit olla varma rakennuskoneesi laatuun ja luotettavuuteen. Ota meihin yhteytt\u00e4 jo t\u00e4n\u00e4\u00e4n saadaksesi lis\u00e4tietoja tuotteistamme ja siit\u00e4, miten voimme auttaa sinua l\u00f6yt\u00e4m\u00e4\u00e4n tarpeisiisi sopivan ratkaisun.<\/p>\n<p><img decoding=\"async\" src=\"https:\/\/fmp-components.com\/wp-content\/uploads\/2024\/12\/Adjustable-Clevis-Type-Cylinders-6.webp\" alt=\"S\u00e4\u00e4dett\u00e4v\u00e4 haarukkatyyppinen sylinteri\" width=\"833\" title=\"\"><\/p>\n<h4>Usein kysytyt kysymykset<\/h4>\n<p><b>K:<\/b> Mik\u00e4 on t\u00e4m\u00e4n hydraulisylinterin suurin vetovoima?<br \/>\n<b>A:<\/b> T\u00e4m\u00e4 hydraulisylinteri pystyy k\u00e4sittelem\u00e4\u00e4n enint\u00e4\u00e4n 20 tonnin vetovoiman.<br \/>\n<b>K:<\/b> Mik\u00e4 on t\u00e4m\u00e4n hydraulisylinterin sylinterin halkaisija-alue?<br \/>\n<b>A:<\/b> T\u00e4m\u00e4n hydraulisylinterin reik\u00e4koko vaihtelee 2\u20136 tuuman v\u00e4lill\u00e4.<br \/>\n<b>K:<\/b> Sopiiko t\u00e4m\u00e4 hydraulisylinteri raskaaseen teollisuusk\u00e4ytt\u00f6\u00f6n?<br \/>\n<b>A:<\/b> Kyll\u00e4, 3000 tonnin ty\u00f6nt\u00f6voimalla ja 20 tonnin vetovoimalla t\u00e4m\u00e4 hydraulisylinteri sopii erinomaisesti raskaisiin teollisuussovelluksiin.<\/p>\n<p><img decoding=\"async\" src=\"https:\/\/img.jiansujichilun.com\/img\/hydrauliccylinders\/C_hydrauliccylinders-5.webp\" alt=\"hydraulisylinteri\" width=\"800\" title=\"\"><\/p>\n<p>Tekij\u00e4: CX<\/p>","protected":false},"excerpt":{"rendered":"<p>The Cheap Small Double Acting Welded Trailer Hydraulic Cylinder is a powerful and reliable piece of machinery that is essential for any industrial or agricultural operation. This hydraulic cylinder is designed to provide double-acting force, ensuring maximum efficiency in every application. One of the key features of this hydraulic cylinder is its welded design, which [&hellip;]<\/p>","protected":false},"featured_media":1336,"comment_status":"closed","ping_status":"closed","template":"","meta":{"_et_pb_use_builder":"","_et_pb_old_content":"","_et_gb_content_width":""},"product_brand":[],"product_cat":[39],"product_tag":[41,34],"class_list":{"0":"post-1371","1":"product","2":"type-product","3":"status-publish","4":"has-post-thumbnail","6":"product_cat-adjustable-clevis-type-cylinders","7":"product_tag-adjustable-clevis-type-cylinders","8":"product_tag-hydraulic-cylinder","10":"first","11":"instock","12":"product-type-simple"},"_links":{"self":[{"href":"https:\/\/fmp-components.com\/fi\/wp-json\/wp\/v2\/product\/1371","targetHints":{"allow":["GET"]}}],"collection":[{"href":"https:\/\/fmp-components.com\/fi\/wp-json\/wp\/v2\/product"}],"about":[{"href":"https:\/\/fmp-components.com\/fi\/wp-json\/wp\/v2\/types\/product"}],"replies":[{"embeddable":true,"href":"https:\/\/fmp-components.com\/fi\/wp-json\/wp\/v2\/comments?post=1371"}],"wp:featuredmedia":[{"embeddable":true,"href":"https:\/\/fmp-components.com\/fi\/wp-json\/wp\/v2\/media\/1336"}],"wp:attachment":[{"href":"https:\/\/fmp-components.com\/fi\/wp-json\/wp\/v2\/media?parent=1371"}],"wp:term":[{"taxonomy":"product_brand","embeddable":true,"href":"https:\/\/fmp-components.com\/fi\/wp-json\/wp\/v2\/product_brand?post=1371"},{"taxonomy":"product_cat","embeddable":true,"href":"https:\/\/fmp-components.com\/fi\/wp-json\/wp\/v2\/product_cat?post=1371"},{"taxonomy":"product_tag","embeddable":true,"href":"https:\/\/fmp-components.com\/fi\/wp-json\/wp\/v2\/product_tag?post=1371"}],"curies":[{"name":"wp","href":"https:\/\/api.w.org\/{rel}","templated":true}]}}