{"id":1364,"date":"2024-12-23T02:18:57","date_gmt":"2024-12-23T02:18:57","guid":{"rendered":"https:\/\/fmp-components.com\/product\/hot-sale-adjustable-hydraulic-cylinder-for-agriculture-trailer\/"},"modified":"2024-12-23T03:02:39","modified_gmt":"2024-12-23T03:02:39","slug":"hot-sale-adjustable-hydraulic-cylinder-for-agriculture-trailer","status":"publish","type":"product","link":"https:\/\/fmp-components.com\/fi\/product\/hot-sale-adjustable-hydraulic-cylinder-for-agriculture-trailer\/","title":{"rendered":"Kuuma myynti s\u00e4\u00e4dett\u00e4v\u00e4 hydraulisylinteri maatalousper\u00e4vaunuun"},"content":{"rendered":"<p>Maatalousper\u00e4vaunuihin tarkoitettu s\u00e4\u00e4dett\u00e4v\u00e4 hydraulisylinteri on tehokas ja monipuolinen tuote, joka on suunniteltu vastaamaan maanviljelij\u00f6iden ja muiden maatalousalan ammattilaisten tarpeisiin. T\u00e4m\u00e4 korkealaatuinen hydraulisylinteri on s\u00e4\u00e4dett\u00e4v\u00e4, joten se sopii monenlaisille per\u00e4vaunuille ja ty\u00f6koneille. Kest\u00e4v\u00e4n rakenteensa ja edistyneiden ominaisuuksiensa ansiosta se sopii t\u00e4ydellisesti k\u00e4ytett\u00e4v\u00e4ksi monenlaisissa sovelluksissa peltojen kynt\u00e4misest\u00e4 sadon kuljetukseen.<\/p>\n<p>Yksi t\u00e4m\u00e4n tuotteen t\u00e4rkeimmist\u00e4 eduista on sen kyky mukautua erikokoisiin ja -painoisiin per\u00e4vaunuihin. T\u00e4m\u00e4 tekee siit\u00e4 ihanteellisen maanviljelij\u00f6ille, jotka tarvitsevat sylinterin, joka pystyy k\u00e4sittelem\u00e4\u00e4n erilaisia \u200b\u200bteht\u00e4vi\u00e4 ja sovelluksia. Lis\u00e4ksi kuumamyyntiin tarkoitettu s\u00e4\u00e4dett\u00e4v\u00e4 hydraulisylinteri maatalousper\u00e4vaunuille on suunniteltu helpoksi asentaa ja k\u00e4ytt\u00e4\u00e4, ja siin\u00e4 on intuitiiviset s\u00e4\u00e4timet ja selke\u00e4t ohjeet, jotka tekev\u00e4t sen k\u00e4yt\u00f6st\u00e4 helppoa jopa aloitteleville k\u00e4ytt\u00e4jille.<\/p>\n<p><img loading=\"lazy\" decoding=\"async\" class=\"alignnone size-full wp-image-1334\" src=\"https:\/\/fmp-components.com\/wp-content\/uploads\/2024\/12\/Adjustable-Clevis-Type-Cylinders-4.webp\" alt=\"S\u00e4\u00e4dett\u00e4v\u00e4t haarukkatyyppiset sylinterit\" width=\"800\" height=\"800\" title=\"\" srcset=\"https:\/\/fmp-components.com\/wp-content\/uploads\/2024\/12\/Adjustable-Clevis-Type-Cylinders-4.webp 800w, https:\/\/fmp-components.com\/wp-content\/uploads\/2024\/12\/Adjustable-Clevis-Type-Cylinders-4-480x480.webp 480w\" sizes=\"(min-width: 0px) and (max-width: 480px) 480px, (min-width: 481px) 800px, 100vw\" \/><\/p>\n<p>&nbsp;<\/p>\n<table style=\"width: 100%;\" border=\"1\" width=\"100%\" cellspacing=\"0\" cellpadding=\"0\">\n<tbody>\n<tr>\n<th>Tuotteen nimi<\/th>\n<td>S\u00e4\u00e4dett\u00e4v\u00e4 hydraulisylinteri maatalousper\u00e4vaunuihin<\/td>\n<\/tr>\n<tr>\n<th>Myynnin tila<\/th>\n<td>Kuuma alennusmyynti<\/td>\n<\/tr>\n<tr>\n<th>Takuu<\/th>\n<td>1 vuosi<\/td>\n<\/tr>\n<tr>\n<th>Sovellettavat toimialat<\/th>\n<td>Konekorjaamot, Maatilat, Energia ja kaivostoiminta, Koneiden valmistus<\/td>\n<\/tr>\n<tr>\n<th>Voima<\/th>\n<td>Hydraulinen<\/td>\n<\/tr>\n<tr>\n<th>Rakenne<\/th>\n<td>Standardi<\/td>\n<\/tr>\n<tr>\n<th>Rungon materiaali<\/th>\n<td>Kest\u00e4v\u00e4 ter\u00e4s<\/td>\n<\/tr>\n<tr>\n<th>Maksimi ty\u00f6nt\u00f6voima<\/th>\n<td>3000<\/td>\n<\/tr>\n<tr>\n<th>Tyyppi<\/th>\n<td>S\u00e4\u00e4dett\u00e4v\u00e4 haarukkatyyppi<\/td>\n<\/tr>\n<tr>\n<th>Sertifiointi<\/th>\n<td>ISO9001:2000<\/td>\n<\/tr>\n<tr>\n<th>Rei\u00e4n koko<\/th>\n<td>2\u20136 tuumaa<\/td>\n<\/tr>\n<tr>\n<th>Tangon koko<\/th>\n<td>1,125\u20134 tuumaa<\/td>\n<\/tr>\n<tr>\n<th>Iskun koko<\/th>\n<td>4\u2013100 tuumaa<\/td>\n<\/tr>\n<tr>\n<th>Tapin koko<\/th>\n<td>0,5\u20132 tuumaa<\/td>\n<\/tr>\n<tr>\n<th>V\u00e4ri<\/th>\n<td>Musta<\/td>\n<\/tr>\n<tr>\n<th>Pakkaustiedot<\/th>\n<td>Rautakotelo, vanerikotelo tai pahvilaatikko<\/td>\n<\/tr>\n<\/tbody>\n<\/table>\n<h2>S\u00e4\u00e4dett\u00e4vien haarukkatyyppisten sylinterien edut<\/h2>\n<p>S\u00e4\u00e4dett\u00e4v\u00e4t haarukkatyyppiset sylinterit ovat suosittu valinta hydraulisylinteriteollisuudessa niiden lukuisten suorituskyky- ja monipuolisuusetujen ansiosta. T\u00e4ss\u00e4 on joitakin s\u00e4\u00e4dett\u00e4vien haarukkatyyppisten sylinterien t\u00e4rkeimpi\u00e4 etuja:<\/p>\n<h3>1. Monipuolisuus<\/h3>\n<p>Yksi s\u00e4\u00e4dett\u00e4vien haarukkatyyppisten sylinterien merkitt\u00e4vimmist\u00e4 eduista on niiden monipuolisuus. N\u00e4it\u00e4 sylintereit\u00e4 voidaan k\u00e4ytt\u00e4\u00e4 monenlaisissa sovelluksissa, kuten maataloudessa, rakentamisessa, kaivostoiminnassa ja teollisuudessa. Ne sopivat raskaisiin sovelluksiin, jotka vaativat korkeaa kest\u00e4vyytt\u00e4, lujuutta ja tarkkuutta.<\/p>\n<p>Maataloudessa s\u00e4\u00e4dett\u00e4v\u00e4t haarukkatyyppiset sylinterit ovat erityisen hy\u00f6dyllisi\u00e4 raskaiden kuormien kuljetukseen k\u00e4ytett\u00e4viss\u00e4 per\u00e4vaunuissa. Kuumamyyntiin tarkoitettu s\u00e4\u00e4dett\u00e4v\u00e4 hydraulisylinteri maatalousper\u00e4vaunuille on erinomainen esimerkki siit\u00e4, miten n\u00e4it\u00e4 sylintereit\u00e4 voidaan k\u00e4ytt\u00e4\u00e4 maatalouskoneiden suorituskyvyn parantamiseen.<\/p>\n<h3>2. Mukauttaminen<\/h3>\n<p>S\u00e4\u00e4dett\u00e4vien haarukkatyyppisten sylinterien toinen etu on niiden r\u00e4\u00e4t\u00e4l\u00f6intimahdollisuudet. N\u00e4it\u00e4 sylintereit\u00e4 voidaan r\u00e4\u00e4t\u00e4l\u00f6id\u00e4 vastaamaan erityisvaatimuksia koon, paineen ja iskunpituuden suhteen. T\u00e4m\u00e4 tekee niist\u00e4 ihanteellisia sovelluksiin, joihin vakiosylinteri ei v\u00e4ltt\u00e4m\u00e4tt\u00e4 sovellu.<\/p>\n<h3>3. Korkea suorituskyky<\/h3>\n<p>S\u00e4\u00e4dett\u00e4v\u00e4t haarukkatyyppiset sylinterit on suunniteltu tarjoamaan korkeaa suorituskyky\u00e4 nopeuden, tarkkuuden ja tehon suhteen. Ne pystyv\u00e4t tarjoamaan tasaisen ja luotettavan suorituskyvyn my\u00f6s ankarissa olosuhteissa, mik\u00e4 tekee niist\u00e4 ihanteellisia raskaisiin sovelluksiin.<\/p>\n<h3>4. Kest\u00e4vyys<\/h3>\n<p>S\u00e4\u00e4dett\u00e4v\u00e4t haarukkatyyppiset sylinterit on tehty kest\u00e4m\u00e4\u00e4n. Ne on valmistettu korkealaatuisista materiaaleista ja suunniteltu kest\u00e4m\u00e4\u00e4n \u00e4\u00e4rimm\u00e4isi\u00e4 l\u00e4mp\u00f6tiloja, paineita ja kulumista. Asianmukaisella huollolla n\u00e4m\u00e4 sylinterit voivat kest\u00e4\u00e4 useita vuosia, mik\u00e4 tekee niist\u00e4 kustannustehokkaan vaihtoehdon.<\/p>\n<h3>5. V\u00e4h\u00e4inen huoltotarve<\/h3>\n<p>S\u00e4\u00e4dett\u00e4v\u00e4t haarukkatyyppiset sylinterit vaativat vain v\u00e4h\u00e4n huoltoa, mik\u00e4 tekee niist\u00e4 houkuttelevan vaihtoehdon yrityksille, jotka haluavat v\u00e4hent\u00e4\u00e4 seisokkiaikoja ja k\u00e4ytt\u00f6kustannuksia. S\u00e4\u00e4nn\u00f6llisill\u00e4 tarkastuksilla ja perushuollolla n\u00e4m\u00e4 sylinterit voivat toimia huipputeholla pitki\u00e4 aikoja.<\/p>\n<p>Yhteenvetona voidaan todeta, ett\u00e4 s\u00e4\u00e4dett\u00e4v\u00e4t haarukkatyyppiset sylinterit tarjoavat lukuisia etuja suorituskyvyn, monipuolisuuden, r\u00e4\u00e4t\u00e4l\u00f6intimahdollisuuksien, kest\u00e4vyyden ja v\u00e4h\u00e4isen huollontarpeen suhteen. Maatalousper\u00e4vaunuihin tarkoitettujen kuumamyyntis\u00e4\u00e4dett\u00e4vien hydraulisylinterien avulla n\u00e4it\u00e4 sylintereit\u00e4 voidaan k\u00e4ytt\u00e4\u00e4 parantamaan maatalouskoneiden suorituskyky\u00e4 ja lis\u00e4\u00e4m\u00e4\u00e4n tuottavuutta maatalousalalla.<img decoding=\"async\" src=\"https:\/\/fmp-components.com\/wp-content\/uploads\/2024\/12\/Adjustable-Clevis-Type-Cylinders5.webp\" alt=\"S\u00e4\u00e4dett\u00e4v\u00e4 haarukkatyyppinen sylinteri\" width=\"800\" title=\"\"><\/p>\n<h2>S\u00e4\u00e4dett\u00e4vien haarukkatyyppisten sylinterien k\u00e4ytt\u00f6<\/h2>\n<p>S\u00e4\u00e4dett\u00e4vill\u00e4 haarukkatyyppisill\u00e4 sylintereill\u00e4, kuten maatalousper\u00e4vaunujen kuumamyyntiin tarkoitetuilla s\u00e4\u00e4dett\u00e4vill\u00e4 hydraulisylintereill\u00e4, on laaja k\u00e4ytt\u00f6alue eri teollisuudenaloilla. N\u00e4m\u00e4 monipuoliset sylinterit tarjoavat ainutlaatuisia ominaisuuksia ja etuja, jotka tekev\u00e4t niist\u00e4 olennaisen osan monissa hydraulij\u00e4rjestelmiss\u00e4.<\/p>\n<h3>1. Tarkkuusohjaus<\/h3>\n<p>Yksi s\u00e4\u00e4dett\u00e4vien haarukkatyyppisten sylinterien keskeisist\u00e4 eduista on niiden kyky hallita kuormien liikett\u00e4 ja sijoittelua tarkasti. T\u00e4m\u00e4 on ratkaisevan t\u00e4rke\u00e4\u00e4 sovelluksissa, joissa vaaditaan tarkkoja liikkeit\u00e4, kuten maatalousper\u00e4vaunuissa. S\u00e4\u00e4dett\u00e4v\u00e4n rakenteen ansiosta k\u00e4ytt\u00e4j\u00e4t voivat hienos\u00e4\u00e4t\u00e4\u00e4 sylinterin iskunpituutta, mik\u00e4 tarjoaa paremman hallinnan ja tarkkuuden.<\/p>\n<h3>2. Parempi joustavuus<\/h3>\n<p>S\u00e4\u00e4dett\u00e4v\u00e4t haarukkatyyppiset sylinterit on suunniteltu helposti s\u00e4\u00e4dett\u00e4viksi, mik\u00e4 tekee niist\u00e4 eritt\u00e4in joustavia ja mukautuvia erilaisiin k\u00e4ytt\u00f6olosuhteisiin. T\u00e4m\u00e4 joustavuus mahdollistaa sylinterin pituuden nopean ja helpon muuttamisen, mik\u00e4 tarjoaa kustannustehokkaan ratkaisun erilaisiin k\u00e4ytt\u00f6tarkoituksiin. Olipa kyse sitten erikokoisten kuormien k\u00e4sittelyst\u00e4 tai mukautumisesta muuttuviin k\u00e4ytt\u00f6vaatimuksiin, n\u00e4m\u00e4 sylinterit tarjoavat tarvittavaa joustavuutta.<\/p>\n<h3>3. Tehokkuuden lis\u00e4\u00e4ntyminen<\/h3>\n<p>S\u00e4\u00e4dett\u00e4vien haarukkatyyppisten sylintereiden avulla k\u00e4ytt\u00e4j\u00e4t voivat optimoida hydraulij\u00e4rjestelmiens\u00e4 tehokkuuden. Iskunpituuden s\u00e4\u00e4t\u00f6mahdollisuus mahdollistaa paremman kuorman jakautumisen ja parantaa j\u00e4rjestelm\u00e4n kokonaissuorituskyky\u00e4. T\u00e4m\u00e4 lis\u00e4\u00e4ntynyt tehokkuus johtaa pienemp\u00e4\u00e4n energiankulutukseen, alhaisempiin k\u00e4ytt\u00f6kustannuksiin ja parempaan tuottavuuteen erilaisissa sovelluksissa, mukaan lukien maatalousper\u00e4vaunut.<\/p>\n<h3>4. Kest\u00e4vyys ja luotettavuus<\/h3>\n<p>S\u00e4\u00e4dett\u00e4v\u00e4t haarukkatyyppiset sylinterit on rakennettu kest\u00e4m\u00e4\u00e4n vaativia ty\u00f6olosuhteita. Ne on valmistettu korkealaatuisista materiaaleista, jotka tarjoavat erinomaisen kest\u00e4vyyden ja luotettavuuden, varmistaen niiden pitk\u00e4n k\u00e4ytt\u00f6i\u00e4n my\u00f6s ankarissa olosuhteissa. T\u00e4m\u00e4 tekee niist\u00e4 ihanteellisia raskaisiin sovelluksiin, mukaan lukien maatalousper\u00e4vaunut, jotka altistuvat jatkuvalle k\u00e4yt\u00f6lle ja haastaville olosuhteille.<\/p>\n<h3>5. Turvaominaisuudet<\/h3>\n<p>Turvallisuus on \u00e4\u00e4rimm\u00e4isen t\u00e4rke\u00e4\u00e4 kaikissa hydraulij\u00e4rjestelmiss\u00e4. S\u00e4\u00e4dett\u00e4v\u00e4t haarukkatyyppiset sylinterit on varustettu erilaisilla turvaominaisuuksilla, jotka varmistavat sek\u00e4 laitteiden ett\u00e4 henkil\u00f6st\u00f6n suojan. N\u00e4iss\u00e4 sylintereiss\u00e4 on usein ominaisuuksia, kuten sis\u00e4\u00e4nrakennetut paineenalennusventtiilit, jotka est\u00e4v\u00e4t ylikuormituksen ja j\u00e4rjestelm\u00e4n mahdolliset vaurioitumiset. Lis\u00e4ksi ne voidaan varustaa lukitusmekanismeilla, jotka kiinnitt\u00e4v\u00e4t sylinterin tiettyyn asentoon, mik\u00e4 parantaa entisest\u00e4\u00e4n turvallisuutta.<\/p>\n<p>Yhteenvetona voidaan todeta, ett\u00e4 s\u00e4\u00e4dett\u00e4vien haarukkatyyppisten sylinterien, kuten maatalousper\u00e4vaunujen kuumamyyntiin tarkoitettujen s\u00e4\u00e4dett\u00e4vien hydraulisylinterien, k\u00e4ytt\u00f6 tarjoaa lukuisia etuja tarkkuuden, joustavuuden, tehokkuuden, kest\u00e4vyyden ja turvallisuuden suhteen. N\u00e4m\u00e4 sylinterit tarjoavat olennaisen ratkaisun useille teollisuudenaloille, mukaan lukien maatalous, jossa tarkka liikkeenohjaus ja mukautuvuus ovat ratkaisevan t\u00e4rkeit\u00e4. N\u00e4iden sylinterien sis\u00e4llytt\u00e4minen hydraulij\u00e4rjestelmiin voi parantaa suorituskyky\u00e4, v\u00e4hent\u00e4\u00e4 kustannuksia ja parantaa kokonaistuottavuutta.<\/p>\n<p><img decoding=\"async\" src=\"https:\/\/fmp-components.com\/wp-content\/uploads\/2024\/12\/Application-of-Adjustable-Clevis-Type-Cylinders.webp\" alt=\"S\u00e4\u00e4dett\u00e4v\u00e4 haarukkatyyppinen sylinteri\" width=\"800\" title=\"\"><\/p>\n<h3>Tietoja FMP:st\u00e4<\/h3>\n<p>FMP on hydraulisylintereiden tuotantoon ja myyntiin erikoistunut yritys. Rakennuskoneteollisuuden johtavana yrityksen\u00e4 olemme omistautuneet tarjoamaan asiakkaillemme korkealaatuisia ja luotettavia hydraulisylinteriratkaisuja.<\/p>\n<p><img decoding=\"async\" src=\"https:\/\/fmp-components.com\/wp-content\/uploads\/2024\/12\/Adjustable-Clevis-Type-Cylinders-6.webp\" alt=\"S\u00e4\u00e4dett\u00e4v\u00e4 haarukkatyyppinen sylinteri\" width=\"826\" title=\"\"><\/p>\n<p>T\u00e4ss\u00e4 on viisi hydraulisylintereidemme t\u00e4rkeint\u00e4 etua:<\/p>\n<ol>\n<li>Kest\u00e4v\u00e4t ja lujatekoiset: Hydraulisylinterimme on rakennettu kest\u00e4m\u00e4\u00e4n raskaita sovelluksia ja vaativia ty\u00f6ymp\u00e4rist\u00f6j\u00e4. Ne on valmistettu korkealaatuisista materiaaleista ja suunniteltu varmistamaan pitk\u00e4aikainen suorituskyky.<\/li>\n<li>Tarkkuus ja tehokkuus: Hydraulisylinterimme on suunniteltu tarkkuutta ja tehokkuutta silm\u00e4ll\u00e4 pit\u00e4en. Ne tarjoavat tasaisen ja tarkan liikkeen, mik\u00e4 mahdollistaa optimaalisen hallinnan ja toiminnan.<\/li>\n<li>Laaja valikoima vaihtoehtoja: Tarjoamme laajan valikoiman hydraulisylintereit\u00e4 erilaisiin tarpeisiin. S\u00e4\u00e4dett\u00e4vist\u00e4 haarukkatyyppisist\u00e4 sylintereist\u00e4 kaksitoimisiin teleskooppisylintereihin, meill\u00e4 on oikea ratkaisu erilaisiin k\u00e4ytt\u00f6tarkoituksiin.<\/li>\n<li>Tiukat laatustandardit: FMP:ll\u00e4 olemme luoneet pitk\u00e4aikaisia \u200b\u200bkumppanuuksia hyv\u00e4maineisten toimittajien kanssa varmistaaksemme, ett\u00e4 kaikki hydraulisylinterimme t\u00e4ytt\u00e4v\u00e4t tiukat laatustandardit. Sitoutumisemme laatuun takaa tuotteidemme luotettavuuden ja suorituskyvyn.<\/li>\n<li>Asiantuntevaa konsultointia ja tukea: Kokenut myyntitiimimme tuntee rakennuskoneet hyvin. Heill\u00e4 on syv\u00e4llinen tiet\u00e4mys hydraulisylintereist\u00e4 ja he voivat tarjota ammattimaista konsultointia auttaakseen sinua valitsemaan oikean tuotteen juuri sinun tarpeisiisi.<\/li>\n<\/ol>\n<p>FMP:n avulla voit luottaa siihen, ett\u00e4 saat huippuluokan hydraulisylintereit\u00e4, jotka tarjoavat poikkeuksellisen suorituskyvyn ja luotettavuuden. Ota meihin yhteytt\u00e4 jo t\u00e4n\u00e4\u00e4n keskustellaksesi hydraulisylintereiden tarpeistasi ja anna meid\u00e4n olla luotettava kumppanisi rakennuskoneteollisuudessa.<\/p>\n<h2>Usein kysytyt kysymykset<\/h2>\n<p><strong>K: Mink\u00e4 tyyppisi\u00e4 hydraulisylintereit\u00e4 FMP tarjoaa?<\/strong><br \/>\nA: FMP tarjoaa erityyppisi\u00e4 hydraulisylintereit\u00e4, kuten tangollisia, hitsattuja, teleskooppisia, yksi- ja kaksitoimisia sylintereit\u00e4.<\/p>\n<p><img decoding=\"async\" src=\"https:\/\/img.jiansujichilun.com\/img\/hydrauliccylinders\/C_hydrauliccylinders-1.webp\" alt=\"hydraulisylinteri\" width=\"800\" title=\"\"><\/p>\n<p><strong>K: Voidaanko hydraulisylintereit\u00e4 r\u00e4\u00e4t\u00e4l\u00f6id\u00e4 tiettyjen vaatimusten mukaisesti?<\/strong><br \/>\nV: Kyll\u00e4, FMP tarjoaa r\u00e4\u00e4t\u00e4l\u00f6intivaihtoehtoja, joiden avulla asiakkaat voivat saada sylintereit\u00e4 r\u00e4\u00e4t\u00e4l\u00f6ityin\u00e4 omiin tarpeisiinsa.<\/p>\n<p><strong>K: Millaista tukea FMP tarjoaa asennukseen ja yll\u00e4pitoon?<\/strong><br \/>\nA: FMP tarjoaa ohjeita asennusmenetelmist\u00e4, huoltovinkkej\u00e4 ja parhaita k\u00e4yt\u00e4nt\u00f6j\u00e4 sylinterien pitk\u00e4n k\u00e4ytt\u00f6i\u00e4n ja optimaalisen suorituskyvyn varmistamiseksi.<\/p>\n<p>Tekij\u00e4: CX<\/p>","protected":false},"excerpt":{"rendered":"<p>Hot Sale Adjustable Hydraulic Cylinder for Agriculture Trailer is a powerful and versatile product designed to meet the needs of farmers and other agricultural professionals. This high-quality hydraulic cylinder is adjustable, allowing it to work with a range of different trailers and implements. With its durable construction and advanced features, it is perfect for use [&hellip;]<\/p>","protected":false},"featured_media":1340,"comment_status":"closed","ping_status":"closed","template":"","meta":{"_et_pb_use_builder":"","_et_pb_old_content":"","_et_gb_content_width":""},"product_brand":[],"product_cat":[39],"product_tag":[41,34],"class_list":{"0":"post-1364","1":"product","2":"type-product","3":"status-publish","4":"has-post-thumbnail","6":"product_cat-adjustable-clevis-type-cylinders","7":"product_tag-adjustable-clevis-type-cylinders","8":"product_tag-hydraulic-cylinder","10":"first","11":"instock","12":"product-type-simple"},"_links":{"self":[{"href":"https:\/\/fmp-components.com\/fi\/wp-json\/wp\/v2\/product\/1364","targetHints":{"allow":["GET"]}}],"collection":[{"href":"https:\/\/fmp-components.com\/fi\/wp-json\/wp\/v2\/product"}],"about":[{"href":"https:\/\/fmp-components.com\/fi\/wp-json\/wp\/v2\/types\/product"}],"replies":[{"embeddable":true,"href":"https:\/\/fmp-components.com\/fi\/wp-json\/wp\/v2\/comments?post=1364"}],"wp:featuredmedia":[{"embeddable":true,"href":"https:\/\/fmp-components.com\/fi\/wp-json\/wp\/v2\/media\/1340"}],"wp:attachment":[{"href":"https:\/\/fmp-components.com\/fi\/wp-json\/wp\/v2\/media?parent=1364"}],"wp:term":[{"taxonomy":"product_brand","embeddable":true,"href":"https:\/\/fmp-components.com\/fi\/wp-json\/wp\/v2\/product_brand?post=1364"},{"taxonomy":"product_cat","embeddable":true,"href":"https:\/\/fmp-components.com\/fi\/wp-json\/wp\/v2\/product_cat?post=1364"},{"taxonomy":"product_tag","embeddable":true,"href":"https:\/\/fmp-components.com\/fi\/wp-json\/wp\/v2\/product_tag?post=1364"}],"curies":[{"name":"wp","href":"https:\/\/api.w.org\/{rel}","templated":true}]}}