{"id":1351,"date":"2024-12-23T02:18:07","date_gmt":"2024-12-23T02:18:07","guid":{"rendered":"https:\/\/fmp-components.com\/product\/durable-adjustable-truck-hydraulic-piston-cylinder-for-trailer\/"},"modified":"2025-03-18T00:56:23","modified_gmt":"2025-03-18T00:56:23","slug":"durable-adjustable-truck-hydraulic-piston-cylinder-for-trailer","status":"publish","type":"product","link":"https:\/\/fmp-components.com\/fi\/product\/durable-adjustable-truck-hydraulic-piston-cylinder-for-trailer\/","title":{"rendered":"Kest\u00e4v\u00e4 s\u00e4\u00e4dett\u00e4v\u00e4 kuorma-auton hydraulinen m\u00e4nt\u00e4sylinteri per\u00e4vaunuun"},"content":{"rendered":"<h2>Esittelyss\u00e4 kest\u00e4v\u00e4 s\u00e4\u00e4dett\u00e4v\u00e4 kuorma-auton hydraulinen m\u00e4nt\u00e4sylinteri per\u00e4vaunulle:<\/h2>\n<p>Kest\u00e4v\u00e4, s\u00e4\u00e4dett\u00e4v\u00e4 kuorma-auton hydraulinen m\u00e4nt\u00e4sylinteri per\u00e4vaunuille on korkealaatuinen ja luotettava tuote, joka on suunniteltu vastaamaan kuorma-autoteollisuuden tarpeisiin. T\u00e4m\u00e4 sylinteri on erityisesti suunniteltu tarjoamaan sujuvaa ja tehokasta toimintaa varmistaen optimaalisen suorituskyvyn per\u00e4vaunusovelluksissa.<\/p>\n<p>Kest\u00e4v\u00e4n rakenteensa ansiosta t\u00e4m\u00e4 hydraulinen m\u00e4nt\u00e4sylinteri on tehty kest\u00e4m\u00e4\u00e4n. Se on valmistettu huippuluokan materiaaleista, jotka kest\u00e4v\u00e4t kulutusta ja korroosiota, mik\u00e4 varmistaa pitk\u00e4n k\u00e4ytt\u00f6i\u00e4n my\u00f6s ankarissa olosuhteissa. Sylinteri on suunniteltu kest\u00e4m\u00e4\u00e4n raskaita kuormia ja tarjoamaan tasaista suorituskyky\u00e4 ajan kuluessa.<\/p>\n<p>Yksi t\u00e4m\u00e4n tuotteen t\u00e4rkeimmist\u00e4 ominaisuuksista on sen s\u00e4\u00e4dett\u00e4vyys. Sylinteri\u00e4 voidaan helposti s\u00e4\u00e4t\u00e4\u00e4 eri korkeuksiin, mik\u00e4 mahdollistaa r\u00e4\u00e4t\u00e4l\u00f6innin tiettyjen per\u00e4vaunuvaatimusten mukaan. T\u00e4m\u00e4 joustavuus varmistaa tarkan istuvuuden, maksimoiden hydraulij\u00e4rjestelm\u00e4n tehokkuuden ja vaikuttavuuden.<\/p>\n<p>Kest\u00e4v\u00e4, s\u00e4\u00e4dett\u00e4v\u00e4 kuorma-auton hydraulinen m\u00e4nt\u00e4sylinteri per\u00e4vaunuille tunnetaan my\u00f6s poikkeuksellisesta luotettavuudestaan. Se on suunniteltu tarjoamaan sujuvaa ja tasaista toimintaa, minimoimaan seisokkiajat ja maksimoimaan tuottavuuden. T\u00e4m\u00e4 luotettavuus on ratkaisevan t\u00e4rke\u00e4\u00e4 vaativassa kuorma-autoteollisuudessa, jossa tehokkuus ja suorituskyky ovat ensiarvoisen t\u00e4rkeit\u00e4.<\/p>\n<p><img loading=\"lazy\" decoding=\"async\" class=\"alignnone size-full wp-image-1334\" src=\"https:\/\/fmp-components.com\/wp-content\/uploads\/2024\/12\/Adjustable-Clevis-Type-Cylinders-4.webp\" alt=\"S\u00e4\u00e4dett\u00e4v\u00e4t haarukkatyyppiset sylinterit\" width=\"800\" height=\"800\" title=\"\" srcset=\"https:\/\/fmp-components.com\/wp-content\/uploads\/2024\/12\/Adjustable-Clevis-Type-Cylinders-4.webp 800w, https:\/\/fmp-components.com\/wp-content\/uploads\/2024\/12\/Adjustable-Clevis-Type-Cylinders-4-480x480.webp 480w\" sizes=\"(min-width: 0px) and (max-width: 480px) 480px, (min-width: 481px) 800px, 100vw\" \/><\/p>\n<p>Yhteenvetona voidaan todeta, ett\u00e4 kest\u00e4v\u00e4, s\u00e4\u00e4dett\u00e4v\u00e4 kuorma-auton hydraulinen m\u00e4nt\u00e4sylinteri per\u00e4vaunuille on huippulaatuinen tuote, joka tarjoaa kest\u00e4vyytt\u00e4, s\u00e4\u00e4dett\u00e4vyytt\u00e4 ja luotettavuutta. Se on suunniteltu vastaamaan kuorma-autoteollisuuden ainutlaatuisiin tarpeisiin ja tarjoamaan tehokasta ja toimivaa hydraulista toimintaa per\u00e4vaunusovelluksissa.<\/p>\n<p>Tutustu uuden kest\u00e4v\u00e4n, s\u00e4\u00e4dett\u00e4v\u00e4n kuorma-auton hydraulisen m\u00e4nt\u00e4sylinterin poikkeukselliseen tehoon ja kest\u00e4vyyteen per\u00e4vaunuissa. T\u00e4m\u00e4 tuote sopii t\u00e4ydellisesti monille eri toimialoille, kuten konepajoille, maatiloille, energia- ja kaivosteollisuudelle, konevalmistukseen ja konetehtaisiin. Vakiom\u00e4nt\u00e4rakenteensa ansiosta t\u00e4m\u00e4n sylinterin enimm\u00e4isty\u00f6nt\u00f6voima on 3000 tonnia ja enimm\u00e4isvetovoima 20 tonnia, joten se on ihanteellinen valinta raskaisiin sovelluksiin. Korkealaatuisesta ter\u00e4ksest\u00e4 valmistettu s\u00e4\u00e4dett\u00e4v\u00e4 haarukkatyyppinen rakenne varmistaa monipuolisuuden ja mukautuvuuden, joten se sopii sek\u00e4 vakio- ett\u00e4 ep\u00e4standardisovelluksiin. Lis\u00e4ksi t\u00e4m\u00e4 tuote on ISO9001:2000-sertifioitu ja siin\u00e4 on tyylik\u00e4s musta viimeistely.<\/p>\n<h2>S\u00e4\u00e4dett\u00e4vien haarukkatyyppisten sylinterien edut<\/h2>\n<p>S\u00e4\u00e4dett\u00e4v\u00e4t haarukkatyyppiset sylinterit ovat er\u00e4\u00e4nlainen hydraulinen m\u00e4nt\u00e4sylinteri, jota k\u00e4ytet\u00e4\u00e4n erilaisissa sovelluksissa, kuten kuorma-autoissa ja per\u00e4vaunuissa. N\u00e4ill\u00e4 sylintereill\u00e4 on useita etuja muuntyyppisiin hydraulisiin sylintereihin verrattuna, mink\u00e4 vuoksi ne ovat suosittu valinta insin\u00f6\u00f6rien ja valmistajien keskuudessa. T\u00e4ss\u00e4 on joitakin s\u00e4\u00e4dett\u00e4vien haarukkatyyppisten sylinterien etuja:<\/p>\n<h3>Kest\u00e4v\u00e4<\/h3>\n<p>Kest\u00e4v\u00e4t, s\u00e4\u00e4dett\u00e4v\u00e4t kuorma-autojen hydrauliset m\u00e4nt\u00e4sylinterit per\u00e4vaunuihin on suunniteltu kest\u00e4m\u00e4\u00e4n ankaria k\u00e4ytt\u00f6olosuhteita. Ne on valmistettu korkealaatuisista materiaaleista, kuten ter\u00e4ksest\u00e4, mik\u00e4 antaa niille tarvittavan lujuuden ja kest\u00e4vyyden raskaiden teht\u00e4vien suorittamiseen. Lis\u00e4ksi n\u00e4m\u00e4 sylinterit k\u00e4sitell\u00e4\u00e4n usein erityisill\u00e4 pinnoitteilla, jotka suojaavat niit\u00e4 korroosiolta, kulumiselta ja muilta vaurioilta.<\/p>\n<h3>Joustavuus<\/h3>\n<p>Yksi s\u00e4\u00e4dett\u00e4vien haarukkatyyppisten sylinterien t\u00e4rkeimmist\u00e4 eduista on niiden joustavuus. N\u00e4it\u00e4 sylintereit\u00e4 voidaan s\u00e4\u00e4t\u00e4\u00e4 k\u00e4ytt\u00f6tarkoituksen mukaan, mik\u00e4 mahdollistaa paremman tarkkuuden ja hallinnan. T\u00e4m\u00e4 tarkoittaa, ett\u00e4 niit\u00e4 voidaan k\u00e4ytt\u00e4\u00e4 monenlaisissa sovelluksissa raskaiden kuormien nostamisesta ja ty\u00f6nt\u00e4misest\u00e4 koneiden nopeuden s\u00e4\u00e4t\u00f6\u00f6n.<\/p>\n<h3>Tehokkuus<\/h3>\n<p>S\u00e4\u00e4dett\u00e4v\u00e4t haarukkatyyppiset sylinterit ovat eritt\u00e4in tehokkaita, mik\u00e4 tarkoittaa, ett\u00e4 ne voivat toimia suurilla tehoilla minimaalisella energiankulutuksella. T\u00e4m\u00e4 johtuu niiden ainutlaatuisesta rakenteesta, joka mahdollistaa suuremman hydraulisen paineen ja voiman. T\u00e4m\u00e4 lis\u00e4\u00e4ntynyt tehokkuus tarkoittaa alhaisempia k\u00e4ytt\u00f6kustannuksia, mik\u00e4 tekee s\u00e4\u00e4dett\u00e4vist\u00e4 haarukkatyyppisist\u00e4 sylintereist\u00e4 kustannustehokkaan vaihtoehdon moniin sovelluksiin.<\/p>\n<h3>Mukauttaminen<\/h3>\n<p>S\u00e4\u00e4dett\u00e4vien haarukkatyyppisten sylinterien toinen etu on niiden r\u00e4\u00e4t\u00e4l\u00f6intimahdollisuudet. N\u00e4m\u00e4 sylinterit voidaan suunnitella ja valmistaa tiettyihin sovelluksiin sopiviksi, mik\u00e4 mahdollistaa suuremman joustavuuden ja r\u00e4\u00e4t\u00e4l\u00f6innin. T\u00e4m\u00e4 tarkoittaa, ett\u00e4 valmistajat voivat luoda sylintereit\u00e4, jotka on r\u00e4\u00e4t\u00e4l\u00f6ity heid\u00e4n erityistarpeisiinsa, mik\u00e4 johtaa parempaan suorituskykyyn ja suurempaan tehokkuuteen.<\/p>\n<p>Yhteenvetona voidaan todeta, ett\u00e4 s\u00e4\u00e4dett\u00e4v\u00e4t haarukkatyyppiset sylinterit tarjoavat useita etuja muuntyyppisiin hydraulisylintereihin verrattuna. Ne ovat kest\u00e4vi\u00e4, joustavia, tehokkaita ja muokattavissa olevia, mik\u00e4 tekee niist\u00e4 suositun valinnan insin\u00f6\u00f6rien ja valmistajien keskuudessa. Kest\u00e4v\u00e4 s\u00e4\u00e4dett\u00e4v\u00e4 kuorma-auton hydraulinen m\u00e4nt\u00e4sylinteri per\u00e4vaunuihin on erinomainen esimerkki s\u00e4\u00e4dett\u00e4vien haarukkatyyppisten sylinterien eduista, sill\u00e4 se tarjoaa erinomaisen suorituskyvyn ja luotettavuuden raskaissa sovelluksissa.<img decoding=\"async\" src=\"https:\/\/fmp-components.com\/wp-content\/uploads\/2024\/12\/Adjustable-Clevis-Type-Cylinders5.webp\" alt=\"S\u00e4\u00e4dett\u00e4v\u00e4 haarukkatyyppinen sylinteri\" width=\"800\" title=\"\"><\/p>\n<h2>S\u00e4\u00e4dett\u00e4vien haarukkatyyppisten sylinterien k\u00e4ytt\u00f6<\/h2>\n<p>Hydraulij\u00e4rjestelmien maailmassa s\u00e4\u00e4dett\u00e4vien haarukkatyyppisten sylinterien k\u00e4ytt\u00f6 on saavuttanut merkitt\u00e4v\u00e4\u00e4 suosiota ainutlaatuisten ominaisuuksiensa ja monipuolisuutensa ansiosta. N\u00e4it\u00e4 kest\u00e4vi\u00e4, s\u00e4\u00e4dett\u00e4vi\u00e4 kuorma-autojen hydraulisia m\u00e4nt\u00e4sylintereit\u00e4 k\u00e4ytet\u00e4\u00e4n laajalti eri teollisuudenaloilla, erityisesti per\u00e4vaunujen valmistuksessa. T\u00e4ss\u00e4 artikkelissa tutkimme n\u00e4iden sylinterien eri sovelluksia ja perehdymme niiden merkitt\u00e4viin ominaisuuksiin ja etuihin.<\/p>\n<h3>1. Per\u00e4vaunun jousitusj\u00e4rjestelm\u00e4t<\/h3>\n<p>Yksi s\u00e4\u00e4dett\u00e4vien haarukkatyyppisten sylinterien ensisijaisista sovelluksista on per\u00e4vaunujen jousitusj\u00e4rjestelm\u00e4t. N\u00e4ill\u00e4 sylintereill\u00e4 on ratkaiseva rooli per\u00e4vaunun vakauden ja tasapainon yll\u00e4pit\u00e4misess\u00e4, mik\u00e4 takaa tasaisen ja hallitun ajon. Sylinterin pituuden s\u00e4\u00e4t\u00f6mahdollisuuden ansiosta per\u00e4vaunuvalmistajat voivat hienos\u00e4\u00e4t\u00e4\u00e4 jousitusj\u00e4rjestelm\u00e4\u00e4 per\u00e4vaunun erityisvaatimusten mukaisesti. Kest\u00e4v\u00e4 s\u00e4\u00e4dett\u00e4v\u00e4 kuorma-auton hydraulinen m\u00e4nt\u00e4sylinteri per\u00e4vaunuille varmistaa optimaalisen suorituskyvyn, v\u00e4hent\u00e4\u00e4 t\u00e4rin\u00e4\u00e4 ja parantaa yleist\u00e4 turvallisuutta.<\/p>\n<h3>2. Lastaus- ja purkutoiminnot<\/h3>\n<p>S\u00e4\u00e4dett\u00e4vien haarukkatyyppisten sylinterien toinen merkitt\u00e4v\u00e4 sovellus on lastaus- ja purkutoiminnot. N\u00e4it\u00e4 sylintereit\u00e4 k\u00e4ytet\u00e4\u00e4n hydraulisissa nostoj\u00e4rjestelmiss\u00e4, jotka on suunniteltu nostamaan raskaita kuormia tarkasti ja tehokkaasti. Sylinterin pituutta s\u00e4\u00e4t\u00e4m\u00e4ll\u00e4 nostokapasiteettia ja nopeutta voidaan optimoida, mik\u00e4 varmistaa turvalliset ja sujuvat lastaus- ja purkuprosessit. Olipa kyseess\u00e4 varastot, logistiikkakeskukset tai rakennusty\u00f6maat, kest\u00e4v\u00e4 s\u00e4\u00e4dett\u00e4v\u00e4 kuorma-auton hydraulinen m\u00e4nt\u00e4sylinteri osoittautuu korvaamattomaksi osaksi materiaalink\u00e4sittelytoiminnassa.<\/p>\n<h3>3. Maatalouskoneet<\/h3>\n<p>Maatalouskoneet, kuten traktorit ja puimurit, k\u00e4ytt\u00e4v\u00e4t usein s\u00e4\u00e4dett\u00e4vi\u00e4 haarukkatyyppisi\u00e4 sylintereit\u00e4 erilaisiin toimintoihin. N\u00e4it\u00e4 sylintereit\u00e4 k\u00e4ytet\u00e4\u00e4n hydraulij\u00e4rjestelmiss\u00e4, jotka vastaavat ty\u00f6koneiden, kuten aurojen, kultivaattoreiden ja ruiskujen, liikkeen ohjaamisesta. Sylinterin pituuden s\u00e4\u00e4t\u00f6mahdollisuus antaa viljelij\u00f6ille mahdollisuuden mukauttaa koneita erilaisten pelto-olosuhteiden ja teht\u00e4vien mukaan. S\u00e4\u00e4dett\u00e4v\u00e4n kuorma-auton hydraulim\u00e4nt\u00e4sylinterin kest\u00e4vyys kest\u00e4\u00e4 maataloustoiminnan vaativan luonteen varmistaen luotettavan suorituskyvyn ja lis\u00e4\u00e4ntyneen tuottavuuden.<\/p>\n<h3>4. Rakennuslaitteet<\/h3>\n<p>Rakennusteollisuudessa s\u00e4\u00e4dett\u00e4vi\u00e4 haarukkatyyppisi\u00e4 sylintereit\u00e4 k\u00e4ytet\u00e4\u00e4n laajasti erilaisissa laitteissa, kuten kaivinkoneissa, puskutraktoreissa ja nostureissa. N\u00e4it\u00e4 sylintereit\u00e4 k\u00e4ytet\u00e4\u00e4n hydraulij\u00e4rjestelmiss\u00e4, jotka ohjaavat puomien, varsien ja lis\u00e4laitteiden liikett\u00e4, mik\u00e4 mahdollistaa tarkan ja tehokkaan toiminnan. S\u00e4\u00e4t\u00e4m\u00e4ll\u00e4 sylinterin pituutta rakennusty\u00f6ntekij\u00e4t voivat optimoida laitteen suorituskyvyn eri teht\u00e4viin ja ty\u00f6olosuhteisiin. Kest\u00e4v\u00e4 s\u00e4\u00e4dett\u00e4v\u00e4 kuorma-auton hydraulinen m\u00e4nt\u00e4sylinteri per\u00e4vaunuille varmistaa vaativissa rakennusymp\u00e4rist\u00f6iss\u00e4 vaadittavan pitk\u00e4ik\u00e4isyyden ja luotettavuuden.<\/p>\n<h3>5. Teollisuuskoneet<\/h3>\n<p>S\u00e4\u00e4dett\u00e4vill\u00e4 haarukkatyyppisill\u00e4 sylintereill\u00e4 on my\u00f6s laaja k\u00e4ytt\u00f6alue teollisuuskoneissa, kuten puristimissa, murskaimissa ja kuljetinj\u00e4rjestelmiss\u00e4. N\u00e4m\u00e4 sylinterit ovat v\u00e4ltt\u00e4m\u00e4tt\u00f6mi\u00e4 hydraulij\u00e4rjestelmiss\u00e4, jotka tuottavat ja ohjaavat puristus-, murskaus- ja nostovoimia. S\u00e4\u00e4dett\u00e4v\u00e4n pituutensa ansiosta n\u00e4m\u00e4 sylinterit tarjoavat joustavuutta ja mukautuvuutta, mink\u00e4 ansiosta valmistajat voivat r\u00e4\u00e4t\u00e4l\u00f6id\u00e4 koneitaan tiettyjen tuotantovaatimusten mukaisesti. Kest\u00e4v\u00e4 s\u00e4\u00e4dett\u00e4v\u00e4 kuorma-auton hydraulinen m\u00e4nt\u00e4sylinteri parantaa teollisten prosessien tehokkuutta ja luotettavuutta, mik\u00e4 edist\u00e4\u00e4 kokonaistuottavuutta.<\/p>\n<p>Yhteenvetona voidaan todeta, ett\u00e4 s\u00e4\u00e4dett\u00e4vien haarukkatyyppisten sylinterien k\u00e4ytt\u00f6 eri teollisuudenaloilla, erityisesti per\u00e4vaunujen valmistuksessa, on ratkaisevan t\u00e4rke\u00e4\u00e4 optimaalisen suorituskyvyn ja tehokkuuden saavuttamiseksi. Kest\u00e4v\u00e4 s\u00e4\u00e4dett\u00e4v\u00e4 kuorma-auton hydraulinen m\u00e4nt\u00e4sylinteri per\u00e4vaunuihin toimii luotettavana ja monipuolisena komponenttina, joka mahdollistaa tarkan ohjauksen ja parantaa turvallisuutta jousitusj\u00e4rjestelmiss\u00e4, lastaus- ja purkutoiminnoissa, maatalouskoneissa, rakennuslaitteissa ja teollisuuskoneissa. N\u00e4iden sylinterien ja niiden ainutlaatuisten ominaisuuksien hy\u00f6dynt\u00e4minen voi johtaa parempaan tuottavuuteen ja yleiseen menestykseen erilaisissa sovelluksissa.<\/p>\n<p><img decoding=\"async\" src=\"https:\/\/fmp-components.com\/wp-content\/uploads\/2024\/12\/Application-of-Adjustable-Clevis-Type-Cylinders.webp\" alt=\"S\u00e4\u00e4dett\u00e4v\u00e4 haarukkatyyppinen sylinteri\" width=\"800\" title=\"\"><\/p>\n<h3>Tietoja FMP:st\u00e4<\/h3>\n<p>FMP on hydraulisten sylinterien tuotantoon ja myyntiin erikoistunut yritys. Monivuotisen kokemuksemme alalta ja ammattitaitoisen tiimimme ansiosta olemme omistautuneet tarjoamaan asiakkaillemme korkealaatuisia ja luotettavia hydraulisylintereit\u00e4 rakennuskoneisiin.<\/p>\n<p><img decoding=\"async\" src=\"https:\/\/fmp-components.com\/wp-content\/uploads\/2024\/12\/Adjustable-Clevis-Type-Cylinders-6.webp\" alt=\"S\u00e4\u00e4dett\u00e4v\u00e4 haarukkatyyppinen sylinteri\" width=\"813\" title=\"\"><\/p>\n<p>T\u00e4ss\u00e4 on viisi t\u00e4rkeint\u00e4 etua tuotteistamme ja yrityksest\u00e4mme:<\/p>\n<ol>\n<li>Laaja tuotevalikoima: Tarjoamme laajan valikoiman hydraulisylintereit\u00e4 erityyppisille rakennuskoneille, mukaan lukien maatalouskoneiden vaihteistot, planeettavaihteistot, teollisuusvaihteistot ja maatalouskoneiden osat. N\u00e4in asiakkaamme l\u00f6yt\u00e4v\u00e4t t\u00e4ydellisen hydraulisylinterin, joka sopii heid\u00e4n tarpeisiinsa.<\/li>\n<li>Tiukat laatustandardit: Luomalla pitk\u00e4aikaisia \u200b\u200bja vakaita kumppanuuksia korkealaatuisten toimittajien kanssa kotimaassa ja ulkomailla varmistamme, ett\u00e4 kaikki toimittamamme hydraulisylinterit t\u00e4ytt\u00e4v\u00e4t tiukat laatustandardit. T\u00e4m\u00e4 takaa tuotteidemme kest\u00e4vyyden, suorituskyvyn ja luotettavuuden.<\/li>\n<li>Kokenut myyntitiimi: Kokenut myyntitiimimme tuntee rakennuskoneteollisuuden kehityssuunnat ja asiakastarpeet hyvin. He tarjoavat ammattimaista tuotekonsultointia ja tekev\u00e4t \u00e4lykk\u00e4it\u00e4 ostoehdotuksia, jotka on r\u00e4\u00e4t\u00e4l\u00f6ity kunkin asiakkaan tarpeisiin.<\/li>\n<li>Tehokas logistiikka-jakelu: Olemme ottaneet k\u00e4ytt\u00f6\u00f6n tehokkaan logistiikka-jakeluj\u00e4rjestelm\u00e4n varmistaaksemme, ett\u00e4 asiakkaamme saavat tarvitsemansa hydraulisylinterit ajallaan ja t\u00e4sm\u00e4llisesti. T\u00e4m\u00e4 minimoi mahdolliset viiv\u00e4stykset tai h\u00e4iri\u00f6t heid\u00e4n rakennusprojekteissaan.<\/li>\n<li>Asiakastyytyv\u00e4isyys: FMP:ll\u00e4 asetamme asiakastyytyv\u00e4isyyden etusijalle. Pyrimme tarjoamaan erinomaista asiakaspalvelua tarjoamalla luotettavia tuotteita, nopeaa apua ja tehokkaita ratkaisuja asiakkaidemme kaikkiin tiedusteluihin ja huolenaiheisiin.<\/li>\n<\/ol>\n<p>Yhteisty\u00f6 FMP:n kanssa tarkoittaa p\u00e4\u00e4sy\u00e4 huippulaatuisiin hydraulisiin sylintereihin ja luotettavaan kumppaniin rakennuskoneteollisuudessa. Ota meihin yhteytt\u00e4 jo t\u00e4n\u00e4\u00e4n keskustellaksesi hydraulisylinteritarpeistasi ja kokeaksesi FMP:n kanssa ty\u00f6skentelyn edut.<\/p>\n<p><strong>Usein kysytyt kysymykset (UKK)<\/strong><\/p>\n<p><strong>K: Mik\u00e4 on tuotteidesi takuuaika?<\/strong><br \/>\nA: Kaikilla hydraulisylintereill\u00e4mme, mukaan lukien kest\u00e4v\u00e4ll\u00e4, s\u00e4\u00e4dett\u00e4v\u00e4ll\u00e4 kuorma-auton hydraulisylinterill\u00e4 per\u00e4vaunuille, on yhden vuoden takuu.<\/p>\n<p><strong>K: Tarjoatteko hydraulisylintereillenne r\u00e4\u00e4t\u00e4l\u00f6intivaihtoehtoja?<\/strong><br \/>\nV: Kyll\u00e4, tarjoamme r\u00e4\u00e4t\u00e4l\u00f6ityj\u00e4 ratkaisuja asiakkaidemme erityistarpeisiin. Ota yhteytt\u00e4 saadaksesi lis\u00e4tietoja.<\/p>\n<p><img decoding=\"async\" src=\"https:\/\/img.jiansujichilun.com\/img\/hydrauliccylinders\/C_hydrauliccylinders-1.webp\" alt=\"hydraulisylinteri\" width=\"800\" title=\"\"><\/p>\n<p>Tekij\u00e4: CX<\/p>","protected":false},"excerpt":{"rendered":"<p>Introducing the Durable Adjustable Truck Hydraulic Piston Cylinder for Trailer: The Durable Adjustable Truck Hydraulic Piston Cylinder for Trailer is a high-quality, reliable product designed to meet the needs of the trucking industry. This cylinder is specifically engineered to provide smooth and efficient operation, ensuring optimal performance for trailer applications. With its durable construction, this [&hellip;]<\/p>","protected":false},"featured_media":1338,"comment_status":"closed","ping_status":"closed","template":"","meta":{"_et_pb_use_builder":"","_et_pb_old_content":"","_et_gb_content_width":""},"product_brand":[],"product_cat":[39],"product_tag":[41,34],"class_list":{"0":"post-1351","1":"product","2":"type-product","3":"status-publish","4":"has-post-thumbnail","6":"product_cat-adjustable-clevis-type-cylinders","7":"product_tag-adjustable-clevis-type-cylinders","8":"product_tag-hydraulic-cylinder","10":"first","11":"instock","12":"product-type-simple"},"_links":{"self":[{"href":"https:\/\/fmp-components.com\/fi\/wp-json\/wp\/v2\/product\/1351","targetHints":{"allow":["GET"]}}],"collection":[{"href":"https:\/\/fmp-components.com\/fi\/wp-json\/wp\/v2\/product"}],"about":[{"href":"https:\/\/fmp-components.com\/fi\/wp-json\/wp\/v2\/types\/product"}],"replies":[{"embeddable":true,"href":"https:\/\/fmp-components.com\/fi\/wp-json\/wp\/v2\/comments?post=1351"}],"wp:featuredmedia":[{"embeddable":true,"href":"https:\/\/fmp-components.com\/fi\/wp-json\/wp\/v2\/media\/1338"}],"wp:attachment":[{"href":"https:\/\/fmp-components.com\/fi\/wp-json\/wp\/v2\/media?parent=1351"}],"wp:term":[{"taxonomy":"product_brand","embeddable":true,"href":"https:\/\/fmp-components.com\/fi\/wp-json\/wp\/v2\/product_brand?post=1351"},{"taxonomy":"product_cat","embeddable":true,"href":"https:\/\/fmp-components.com\/fi\/wp-json\/wp\/v2\/product_cat?post=1351"},{"taxonomy":"product_tag","embeddable":true,"href":"https:\/\/fmp-components.com\/fi\/wp-json\/wp\/v2\/product_tag?post=1351"}],"curies":[{"name":"wp","href":"https:\/\/api.w.org\/{rel}","templated":true}]}}