{"id":1349,"date":"2024-12-23T02:18:07","date_gmt":"2024-12-23T02:18:07","guid":{"rendered":"https:\/\/fmp-components.com\/product\/china-supplier-tow-truck-stainless-steel-hydraulic-cylinder\/"},"modified":"2024-12-23T08:55:57","modified_gmt":"2024-12-23T08:55:57","slug":"italy-supplier-tow-truck-stainless-steel-hydraulic-cylinder","status":"publish","type":"product","link":"https:\/\/fmp-components.com\/fi\/product\/italy-supplier-tow-truck-stainless-steel-hydraulic-cylinder\/","title":{"rendered":"Italian toimittajan hinausauton ruostumattomasta ter\u00e4ksest\u00e4 valmistettu hydraulisylinteri"},"content":{"rendered":"<p>Italialainen toimittajan hinausautojen ruostumattomasta ter\u00e4ksest\u00e4 valmistettu hydraulisylinteri on korkealaatuinen tuote, joka on suunniteltu raskaisiin hinaussovelluksiin. Kest\u00e4v\u00e4n ruostumattomasta ter\u00e4ksest\u00e4 valmistetun rakenteensa ansiosta t\u00e4m\u00e4 hydraulisylinteri tarjoaa poikkeuksellisen lujuuden ja korroosionkest\u00e4vyyden, joten se sopii t\u00e4ydellisesti k\u00e4ytett\u00e4v\u00e4ksi erilaisissa teollisissa ja kaupallisissa ymp\u00e4rist\u00f6iss\u00e4.<\/p>\n<p>Edistyksellisen hydrauliikkatekniikan ansiosta t\u00e4m\u00e4 hinausauton hydraulisylinteri tarjoaa luotettavan ja tarkan suorituskyvyn. Se pystyy tuottamaan tehokkaita voimia, mik\u00e4 mahdollistaa tehokkaan ja turvallisen hinaustoiminnan. Tarvitsetpa sitten nostaa, vet\u00e4\u00e4 tai ty\u00f6nt\u00e4\u00e4 raskaita kuormia, t\u00e4m\u00e4 sylinteri tarjoaa tarvittavan voiman ja vakauden ty\u00f6n suorittamiseen.<\/p>\n<p>Italialaisen toimittajan hinausauton ruostumattomasta ter\u00e4ksest\u00e4 valmistettu hydraulisylinteri on suunniteltu k\u00e4tevyytt\u00e4 ja helppok\u00e4ytt\u00f6isyytt\u00e4 silm\u00e4ll\u00e4 pit\u00e4en. Sen k\u00e4ytt\u00e4j\u00e4yst\u00e4v\u00e4llinen muotoilu tekee asennuksesta ja k\u00e4yt\u00f6st\u00e4 vaivatonta. Kest\u00e4v\u00e4n rakenteensa ja luotettavien komponenttiensa ansiosta t\u00e4m\u00e4 sylinteri varmistaa pitk\u00e4ik\u00e4isen suorituskyvyn ja minimaaliset huoltotarpeet.<\/p>\n<p><img loading=\"lazy\" decoding=\"async\" class=\"alignnone size-full wp-image-1334\" src=\"https:\/\/fmp-components.com\/wp-content\/uploads\/2024\/12\/Adjustable-Clevis-Type-Cylinders-4.webp\" alt=\"S\u00e4\u00e4dett\u00e4v\u00e4t haarukkatyyppiset sylinterit\" width=\"800\" height=\"800\" title=\"\" srcset=\"https:\/\/fmp-components.com\/wp-content\/uploads\/2024\/12\/Adjustable-Clevis-Type-Cylinders-4.webp 800w, https:\/\/fmp-components.com\/wp-content\/uploads\/2024\/12\/Adjustable-Clevis-Type-Cylinders-4-480x480.webp 480w\" sizes=\"(min-width: 0px) and (max-width: 480px) 480px, (min-width: 481px) 800px, 100vw\" \/><\/p>\n<p>Lis\u00e4ksi t\u00e4t\u00e4 hydraulisylinteri\u00e4 tukee luotettavan italialaisen toimittajan asiantuntemus ja maine. Heid\u00e4n sitoutumisensa laatuun ja asiakastyytyv\u00e4isyyteen takaa, ett\u00e4 t\u00e4m\u00e4 tuote t\u00e4ytt\u00e4\u00e4 alan korkeimmat standardit.<\/p>\n<p>Yhteenvetona voidaan todeta, ett\u00e4 italialaisen toimittajan hinausauton ruostumattomasta ter\u00e4ksest\u00e4 valmistettu hydraulisylinteri on luotettava ja kest\u00e4v\u00e4 ratkaisu raskaisiin hinaussovelluksiin. Sen ruostumattomasta ter\u00e4ksest\u00e4 valmistettu rakenne, edistynyt hydrauliikkateknologia ja k\u00e4ytt\u00e4j\u00e4yst\u00e4v\u00e4llinen muotoilu tekev\u00e4t siit\u00e4 ihanteellisen valinnan erilaisiin teollisiin ja kaupallisiin tarpeisiin. Luota hyv\u00e4maineisen italialaisen toimittajan asiantuntemukseen ja koe t\u00e4m\u00e4n huippuluokan hydraulisylinterin teho ja tehokkuus.<\/p>\n<p>Esittelyss\u00e4 uusi ruostumattomasta ter\u00e4ksest\u00e4 valmistettu hydraulisylinterimme arvostetulta italialaiselta toimittajalta, FMP Hydraulic Machinerylta. T\u00e4ll\u00e4 tuotteella on vaikuttavat tekniset tiedot ja suorituskykytiedot, mik\u00e4 tekee siit\u00e4 luotettavan valinnan esimerkiksi konepajoille, maatiloille, energia- ja kaivosteollisuudelle, konevalmistukseen ja konetehtaisiin.<\/p>\n<h2>S\u00e4\u00e4dett\u00e4vien haarukkatyyppisten sylinterien edut<\/h2>\n<p>S\u00e4\u00e4dett\u00e4v\u00e4t sakkelityyppiset sylinterit ovat olennainen osa hydraulij\u00e4rjestelmi\u00e4. N\u00e4ill\u00e4 sylintereill\u00e4 on lukuisia etuja, jotka tekev\u00e4t niist\u00e4 erinomaisen valinnan useille eri teollisuudenaloille. Alla on joitakin s\u00e4\u00e4dett\u00e4vien sakkelityyppisten sylinterien k\u00e4yt\u00f6n etuja:<\/p>\n<ol>\n<li style=\"list-style-type: none;\">\n<ol>\n<li><strong>Korkea lujuus ja kest\u00e4vyys:<\/strong> Italialainen toimittajan hinausautojen ruostumattomasta ter\u00e4ksest\u00e4 valmistettu hydraulisylinteri on valmistettu korkealaatuisista materiaaleista, mik\u00e4 tekee niist\u00e4 eritt\u00e4in kest\u00e4vi\u00e4 ja lujia. Sylinterit on suunniteltu kest\u00e4m\u00e4\u00e4n vaihtelevia paineita ja raskaita kuormia, joten ne sopivat ihanteellisesti k\u00e4ytett\u00e4v\u00e4ksi vaativissa olosuhteissa. Ruostumattomasta ter\u00e4ksest\u00e4 valmistettu rakenne tekee niist\u00e4 my\u00f6s korroosion- ja ruosteenkest\u00e4vi\u00e4, mik\u00e4 varmistaa niiden pitk\u00e4n k\u00e4ytt\u00f6i\u00e4n.<\/li>\n<\/ol>\n<\/li>\n<\/ol>\n<p>Yksi s\u00e4\u00e4dett\u00e4vien haarukkatyyppisten sylinterien merkitt\u00e4vimmist\u00e4 eduista on niiden lujuus ja kest\u00e4vyys. N\u00e4m\u00e4 sylinterit on suunniteltu kest\u00e4m\u00e4\u00e4n ankaria ymp\u00e4rist\u00f6j\u00e4 ja raskaita kuormia, mik\u00e4 tekee niist\u00e4 ihanteellisia k\u00e4ytett\u00e4v\u00e4ksi eri teollisuudenaloilla. Niiden valmistuksessa k\u00e4ytetyt korkealaatuiset materiaalit varmistavat niiden pitk\u00e4n k\u00e4ytt\u00f6i\u00e4n ja korroosion- ja ruosteenkest\u00e4vyyden.<\/p>\n<ol>\n<li style=\"list-style-type: none;\">\n<ol>\n<li><strong>Helppo asentaa ja huoltaa:<\/strong> S\u00e4\u00e4dett\u00e4vien haarukkatyyppisten sylinterien toinen etu on niiden helppo asennus ja huolto. N\u00e4iss\u00e4 sylintereiss\u00e4 on s\u00e4\u00e4dett\u00e4v\u00e4 haarukka tangon p\u00e4\u00e4ss\u00e4, joten ne on helppo kiinnitt\u00e4\u00e4 erilaisiin laitteisiin. Niill\u00e4 on my\u00f6s yksinkertainen rakenne, mik\u00e4 tekee niiden huollosta ja korjaamisesta helppoa. Lis\u00e4ksi n\u00e4iss\u00e4 sylintereiss\u00e4 on v\u00e4hemm\u00e4n osia, mik\u00e4 tekee niist\u00e4 v\u00e4hemm\u00e4n alttiita kulumiselle.<\/li>\n<\/ol>\n<\/li>\n<\/ol>\n<p>S\u00e4\u00e4dett\u00e4v\u00e4t haarukkatyyppiset sylinterit on helppo asentaa ja huoltaa. Niiden yksinkertainen rakenne tekee niist\u00e4 helposti korjattavia ja vaihdettavia. N\u00e4iss\u00e4 sylintereiss\u00e4 on v\u00e4h\u00e4n osia, mik\u00e4 v\u00e4hent\u00e4\u00e4 kulumisriski\u00e4. Tangon p\u00e4\u00e4ss\u00e4 oleva s\u00e4\u00e4dett\u00e4v\u00e4 haarukka tekee niiden kiinnitt\u00e4misen erilaisiin laitteisiin helpoksi.<\/p>\n<ol>\n<li style=\"list-style-type: none;\">\n<ol>\n<li><strong>Laaja valikoima sovelluksia:<\/strong> S\u00e4\u00e4dett\u00e4vill\u00e4 haarukkatyyppisill\u00e4 sylintereill\u00e4 on laaja valikoima k\u00e4ytt\u00f6kohteita eri teollisuudenaloilla. Niit\u00e4 k\u00e4ytet\u00e4\u00e4n muun muassa rakennus-, valmistus- ja kuljetusteollisuudessa. N\u00e4it\u00e4 sylintereit\u00e4 k\u00e4ytet\u00e4\u00e4n raskaiden koneiden, kuten hinausautojen, kaivinkoneiden ja nostureiden, voimanl\u00e4hteen\u00e4. Niit\u00e4 k\u00e4ytet\u00e4\u00e4n my\u00f6s raskaiden kuormien nostamiseen ja siirt\u00e4miseen, mik\u00e4 tekee niist\u00e4 olennaisen osan monissa teollisissa prosesseissa.<\/li>\n<\/ol>\n<\/li>\n<\/ol>\n<p>S\u00e4\u00e4dett\u00e4vien haarukkatyyppisten sylinterien monipuolisuus tekee niist\u00e4 ihanteellisen valinnan useille eri teollisuudenaloille. Niit\u00e4 k\u00e4ytet\u00e4\u00e4n muun muassa valmistus-, kuljetus- ja rakennusteollisuudessa. N\u00e4m\u00e4 sylinterit ovat v\u00e4ltt\u00e4m\u00e4tt\u00f6mi\u00e4 raskaiden koneiden, kuten hinausautojen, nostureiden ja kaivinkoneiden, voimanl\u00e4hteen\u00e4. Niit\u00e4 k\u00e4ytet\u00e4\u00e4n my\u00f6s raskaiden kuormien nostamiseen ja siirt\u00e4miseen monissa teollisissa prosesseissa.<\/p>\n<ol>\n<li style=\"list-style-type: none;\">\n<ol>\n<li><strong>Parannettu tehokkuus:<\/strong> S\u00e4\u00e4dett\u00e4vien haarukkatyyppisten sylinterien k\u00e4ytt\u00f6 voi parantaa merkitt\u00e4v\u00e4sti erilaisten teollisten prosessien tehokkuutta. N\u00e4ill\u00e4 sylintereill\u00e4 on korkea tarkkuustaso, mink\u00e4 ansiosta ne tarjoavat tarkan ja tasaisen suorituskyvyn. Ne ovat my\u00f6s energiatehokkaita, mik\u00e4 v\u00e4hent\u00e4\u00e4 hydraulisten j\u00e4rjestelmien kokonaisenergiankulutusta. Lis\u00e4ksi niiden kompakti rakenne tarkoittaa, ett\u00e4 ne viev\u00e4t v\u00e4hemm\u00e4n tilaa, mik\u00e4 tekee niist\u00e4 ihanteellisia k\u00e4ytett\u00e4v\u00e4ksi ahtaissa tiloissa.<\/li>\n<\/ol>\n<\/li>\n<\/ol>\n<p>S\u00e4\u00e4dett\u00e4v\u00e4t haarukkatyyppiset sylinterit voivat parantaa merkitt\u00e4v\u00e4sti teollisten prosessien tehokkuutta. Niiden tarkkuus ja t\u00e4sm\u00e4llisyys takaavat tasaisen suorituskyvyn, ja niiden energiatehokkuus v\u00e4hent\u00e4\u00e4 kokonaisenergiankulutusta. Kompaktin rakenteensa ansiosta ne viev\u00e4t v\u00e4hemm\u00e4n tilaa, mik\u00e4 tekee niist\u00e4 ihanteellisia k\u00e4ytett\u00e4v\u00e4ksi ahtaissa tiloissa.<\/p>\n<ol>\n<li style=\"list-style-type: none;\">\n<ol>\n<li><strong>Mukautettava:<\/strong> Lopuksi, s\u00e4\u00e4dett\u00e4v\u00e4t haarukkatyyppiset sylinterit ovat muokattavissa erilaisiin sovelluksiin. N\u00e4m\u00e4 sylinterit voidaan suunnitella vastaamaan erityisvaatimuksia, mik\u00e4 varmistaa, ett\u00e4 ne sopivat erilaisiin teollisiin prosesseihin. Mukautettavat sylinterit tarjoavat kustannustehokkaan ratkaisun yrityksille, jotka tarvitsevat ainutlaatuisia hydraulij\u00e4rjestelmi\u00e4.<\/li>\n<\/ol>\n<\/li>\n<\/ol>\n<p>S\u00e4\u00e4dett\u00e4v\u00e4t haarukkatyyppiset sylinterit ovat muokattavissa vastaamaan erityisvaatimuksia. T\u00e4m\u00e4 tekee niist\u00e4 sopivia erilaisiin teollisiin prosesseihin. Mukautettavat sylinterit tarjoavat kustannustehokkaan ratkaisun yrityksille, jotka tarvitsevat ainutlaatuisia hydraulij\u00e4rjestelmi\u00e4.<\/p>\n<p>Yhteenvetona voidaan todeta, ett\u00e4 s\u00e4\u00e4dett\u00e4v\u00e4t haarukkatyyppiset sylinterit ovat erinomainen valinta useille eri teollisuudenaloille niiden lujuuden, kest\u00e4vyyden, monipuolisuuden, tehokkuuden ja r\u00e4\u00e4t\u00e4l\u00f6intimahdollisuuksien ansiosta. Oikean sylinterin valinta voi parantaa merkitt\u00e4v\u00e4sti hydraulij\u00e4rjestelmien suorituskyky\u00e4, mik\u00e4 johtaa tuottavuuden kasvuun ja kustannuss\u00e4\u00e4st\u00f6ihin.<\/p>\n<p><img decoding=\"async\" src=\"https:\/\/fmp-components.com\/wp-content\/uploads\/2024\/12\/Adjustable-Clevis-Type-Cylinders5.webp\" alt=\"S\u00e4\u00e4dett\u00e4v\u00e4 haarukkatyyppinen sylinteri\" width=\"800\" title=\"\"><\/p>\n<h2>S\u00e4\u00e4dett\u00e4vien haarukkatyyppisten sylinterien k\u00e4ytt\u00f6<\/h2>\n<p>S\u00e4\u00e4dett\u00e4v\u00e4t sakkelityyppiset sylinterit ovat olennaisia \u200b\u200bosia hydraulij\u00e4rjestelmiss\u00e4, joita k\u00e4ytet\u00e4\u00e4n monenlaisissa sovelluksissa eri teollisuudenaloilla. N\u00e4m\u00e4 sylinterit on suunniteltu tarjoamaan luotettavaa ja tarkkaa liikkeenohjausta erityyppisiss\u00e4 laitteissa ja koneissa. T\u00e4ss\u00e4 artikkelissa k\u00e4sittelemme yksityiskohtaisesti s\u00e4\u00e4dett\u00e4vien sakkelityyppisten sylinterien eri sovelluksia.<\/p>\n<h3>1. Teollisuuskoneet<\/h3>\n<p>S\u00e4\u00e4dett\u00e4vi\u00e4 haarukkatyyppisi\u00e4 sylintereit\u00e4 k\u00e4ytet\u00e4\u00e4n laajasti teollisuuskoneissa erilaisten komponenttien liikkeen ohjaamiseen. Esimerkiksi metallinty\u00f6st\u00f6teollisuudessa niit\u00e4 k\u00e4ytet\u00e4\u00e4n leikkuuterien, puristimien ja taivutuskoneiden liikkeen ohjaamiseen. Niit\u00e4 k\u00e4ytet\u00e4\u00e4n my\u00f6s tekstiiliteollisuudessa kutomakoneiden, kehruukoneiden ja muiden laitteiden liikkeen ohjaamiseen.<\/p>\n<h3>2. Maatalouskoneet<\/h3>\n<p>Maatalouskoneet, kuten traktorit, puimurit ja istutuskoneet, k\u00e4ytt\u00e4v\u00e4t s\u00e4\u00e4dett\u00e4vi\u00e4 haarukkatyyppisi\u00e4 sylintereit\u00e4 eri komponenttien liikkeiden ohjaamiseen. N\u00e4it\u00e4 sylintereit\u00e4 k\u00e4ytet\u00e4\u00e4n laitteiden, kuten aurojen ja kultivaattoreiden, korkeuden s\u00e4\u00e4t\u00e4miseen sek\u00e4 hydraulisten varsien liikkeen ohjaamiseen.<\/p>\n<h3>3. Rakennuslaitteet<\/h3>\n<p>S\u00e4\u00e4dett\u00e4vi\u00e4 haarukkatyyppisi\u00e4 sylintereit\u00e4 k\u00e4ytet\u00e4\u00e4n my\u00f6s rakennuslaitteissa, kuten kaivinkoneissa, nostureissa ja puskutraktoreissa. Niit\u00e4 k\u00e4ytet\u00e4\u00e4n eri komponenttien, kuten puomin, kauhan ja hydraulisten varsien, liikkeen ohjaamiseen. N\u00e4m\u00e4 sylinterit on suunniteltu kest\u00e4m\u00e4\u00e4n raskaita kuormia, korkeaa painetta ja \u00e4\u00e4rimm\u00e4isi\u00e4 l\u00e4mp\u00f6tiloja.<\/p>\n<h3>4. Autoteollisuus<\/h3>\n<p>S\u00e4\u00e4dett\u00e4vi\u00e4 haarukkatyyppisi\u00e4 sylintereit\u00e4 k\u00e4ytet\u00e4\u00e4n autoteollisuudessa ohjaamaan erilaisten komponenttien, kuten ovien, konepeltien ja tavaratilan luukkujen, liikett\u00e4. Niit\u00e4 k\u00e4ytet\u00e4\u00e4n my\u00f6s jousitusj\u00e4rjestelm\u00e4ss\u00e4 py\u00f6rien liikkeen ohjaamiseen ja tasaisen ajon varmistamiseen. Lis\u00e4ksi n\u00e4it\u00e4 sylintereit\u00e4 k\u00e4ytet\u00e4\u00e4n hinausautoissa puomin ja vinssin liikkeen ohjaamiseen.<\/p>\n<h3>5. L\u00e4\u00e4ketieteelliset laitteet<\/h3>\n<p>L\u00e4\u00e4kinn\u00e4llisiss\u00e4 laitteissa, kuten sairaalas\u00e4ngyiss\u00e4, paarissa ja leikkausp\u00f6ydiss\u00e4, k\u00e4ytet\u00e4\u00e4n s\u00e4\u00e4dett\u00e4vi\u00e4 haarukkatyyppisi\u00e4 sylintereit\u00e4 tarkan liikkeenohjauksen takaamiseksi. N\u00e4m\u00e4 sylinterit on suunniteltu tarjoamaan sujuvaa ja hiljaista toimintaa, mik\u00e4 on olennaista l\u00e4\u00e4ketieteellisess\u00e4 ymp\u00e4rist\u00f6ss\u00e4.<\/p>\n<p>Yhteenvetona voidaan todeta, ett\u00e4 s\u00e4\u00e4dett\u00e4v\u00e4t sakkelityyppiset sylinterit ovat monipuolisia komponentteja, joita k\u00e4ytet\u00e4\u00e4n erityyppisiss\u00e4 laitteissa eri teollisuudenaloilla. Niiden kyky tarjota tarkkaa liikkeenohjausta tekee niist\u00e4 olennaisia \u200b\u200bkomponentteja hydraulij\u00e4rjestelmiss\u00e4. Italialaisena hinausautojen ruostumattomasta ter\u00e4ksest\u00e4 valmistettujen hydraulisylintereiden toimittajana tarjoamme korkealaatuisia s\u00e4\u00e4dett\u00e4vi\u00e4 sakkelityyppisi\u00e4 sylintereit\u00e4 erilaisiin sovelluksiin varmistaen luotettavan ja tehokkaan toiminnan.<img decoding=\"async\" src=\"https:\/\/fmp-components.com\/wp-content\/uploads\/2024\/12\/Application-of-Adjustable-Clevis-Type-Cylinders.webp\" alt=\"S\u00e4\u00e4dett\u00e4v\u00e4 haarukkatyyppinen sylinteri\" width=\"800\" title=\"\"><\/p>\n<h3>Tietoja FMP:st\u00e4<\/h3>\n<p>FMP on hydraulisylintereiden tuotantoon ja myyntiin erikoistunut yritys. Olemme omistautuneet tarjoamaan asiakkaillemme korkealaatuisia ja luotettavia hydraulisylintereit\u00e4 erityyppisille rakennuskoneille. Vuosien kokemuksella alalta ja ammattitaitoisella tiimill\u00e4mme tarjoamme poikkeuksellisia tuotteita ja palveluita asiakkaidemme tarpeiden t\u00e4ytt\u00e4miseksi.<\/p>\n<p><strong>1. Laaja valikoima hydraulisylintereit\u00e4:<\/strong> Tuotevalikoimaamme kuuluu erilaisia \u200b\u200bhydraulisylintereit\u00e4, kuten s\u00e4\u00e4dett\u00e4vi\u00e4 haarukkatyyppisi\u00e4 sylintereit\u00e4, teleskooppisylintereit\u00e4 ja kaksitoimisia sylintereit\u00e4. Tarjoamme ratkaisuja erityyppisille rakennuskoneille varmistaen yhteensopivuuden ja tehokkuuden erilaisissa sovelluksissa.<\/p>\n<p><strong>2. Erinomainen laatu:<\/strong> FMP:ll\u00e4 asetamme tuotteidemme laadun etusijalle. Luomme pitk\u00e4aikaisia \u200b\u200bja vakaita yhteisty\u00f6suhteita korkealaatuisten toimittajien kanssa varmistaaksemme, ett\u00e4 kaikki toimittamamme hydraulisylinterit t\u00e4ytt\u00e4v\u00e4t tiukat laatustandardit. Sitoutumisemme laatuun takaa kest\u00e4vyyden, luotettavuuden ja optimaalisen suorituskyvyn.<\/p>\n<p><strong>3. Ammattimainen myyntitiimi:<\/strong> Meill\u00e4 on kokenut ja taitava myyntitiimi, joka tuntee rakennuskoneteollisuuden kehityssuunnat ja asiakastarpeet hyvin. He voivat tarjota ammattimaista tuotekonsultointia ja \u00e4lykk\u00e4it\u00e4 ostoehdotuksia auttaen asiakkaitamme tekem\u00e4\u00e4n tietoon perustuvia p\u00e4\u00e4t\u00f6ksi\u00e4.<\/p>\n<p><strong>4. Tehokas logistiikka ja jakelu:<\/strong> Ymm\u00e4rr\u00e4mme oikea-aikaisen toimituksen t\u00e4rkeyden. FMP:ll\u00e4 on k\u00e4yt\u00f6ss\u00e4 tehokas logistiikkaj\u00e4rjestelm\u00e4 varmistaakseen, ett\u00e4 asiakkaamme saavat tarvitsemansa hydraulisylinterit ajallaan ja t\u00e4sm\u00e4llisesti. Asiakastyytyv\u00e4isyys on meille etusijalla ja pyrimme t\u00e4ytt\u00e4m\u00e4\u00e4n heid\u00e4n toimitusodotuksensa.<\/p>\n<p><strong>5. Sitoutuminen asiakkaan menestykseen:<\/strong> FMP:ll\u00e4 uskomme pitk\u00e4aikaisten kumppanuuksien rakentamiseen asiakkaidemme kanssa. Olemme sitoutuneet heid\u00e4n menestykseens\u00e4 ja tyytyv\u00e4isyyteens\u00e4. Tiimimme on sitoutunut tarjoamaan erinomaista asiakaspalvelua, vastaamaan kaikkiin huolenaiheisiin ja tiedusteluihin nopeasti ja varmistamaan sujuvan ja miellytt\u00e4v\u00e4n kokemuksen koko ostoprosessin ajan.<\/p>\n<p><img decoding=\"async\" src=\"https:\/\/fmp-components.com\/wp-content\/uploads\/2024\/12\/Adjustable-Clevis-Type-Cylinders-6.webp\" alt=\"S\u00e4\u00e4dett\u00e4v\u00e4 haarukkatyyppinen sylinteri\" width=\"811\" title=\"\"><\/p>\n<h3>Usein kysytyt kysymykset<\/h3>\n<p><strong>K: Mik\u00e4 on hydraulisylinterin suurin kuorma?<\/strong><br \/>\nA: Hydraulisylinteri voi vet\u00e4\u00e4 enint\u00e4\u00e4n 20 tonnin kuorman.<\/p>\n<p><strong>K: Mitk\u00e4 ovat hydraulisylinterin reik\u00e4- ja varren koot?<\/strong><br \/>\nA: Rei\u00e4n koko vaihtelee 2\u20136 tuuman v\u00e4lill\u00e4 ja tangon koko vaihtelee 1,125\u20134 tuuman v\u00e4lill\u00e4.<\/p>\n<p><strong>K: Mit\u00e4 materiaalia hydraulisylinterin valmistuksessa k\u00e4ytet\u00e4\u00e4n?<\/strong><br \/>\nA: Hydraulisylinteri on valmistettu korkealaatuisesta ruostumattomasta ter\u00e4ksest\u00e4, mik\u00e4 varmistaa kest\u00e4vyyden ja korroosionkest\u00e4vyyden.<\/p>\n<p><img decoding=\"async\" src=\"https:\/\/img.jiansujichilun.com\/img\/hydrauliccylinders\/C_hydrauliccylinders-4.webp\" alt=\"hydraulisylinteri\" width=\"800\" title=\"\"><\/p>\n<p>Tekij\u00e4: CX<\/p>","protected":false},"excerpt":{"rendered":"<p>Italy Supplier Tow Truck Stainless Steel Hydraulic Cylinder is a high-quality product designed for heavy-duty towing applications. With its durable stainless steel construction, this hydraulic cylinder offers exceptional strength and resistance to corrosion, making it perfect for use in various industrial and commercial settings. Equipped with advanced hydraulic technology, this tow truck hydraulic cylinder delivers [&hellip;]<\/p>","protected":false},"featured_media":1340,"comment_status":"closed","ping_status":"closed","template":"","meta":{"_et_pb_use_builder":"","_et_pb_old_content":"","_et_gb_content_width":""},"product_brand":[],"product_cat":[39],"product_tag":[41,34],"class_list":{"0":"post-1349","1":"product","2":"type-product","3":"status-publish","4":"has-post-thumbnail","6":"product_cat-adjustable-clevis-type-cylinders","7":"product_tag-adjustable-clevis-type-cylinders","8":"product_tag-hydraulic-cylinder","10":"first","11":"instock","12":"product-type-simple"},"_links":{"self":[{"href":"https:\/\/fmp-components.com\/fi\/wp-json\/wp\/v2\/product\/1349","targetHints":{"allow":["GET"]}}],"collection":[{"href":"https:\/\/fmp-components.com\/fi\/wp-json\/wp\/v2\/product"}],"about":[{"href":"https:\/\/fmp-components.com\/fi\/wp-json\/wp\/v2\/types\/product"}],"replies":[{"embeddable":true,"href":"https:\/\/fmp-components.com\/fi\/wp-json\/wp\/v2\/comments?post=1349"}],"wp:featuredmedia":[{"embeddable":true,"href":"https:\/\/fmp-components.com\/fi\/wp-json\/wp\/v2\/media\/1340"}],"wp:attachment":[{"href":"https:\/\/fmp-components.com\/fi\/wp-json\/wp\/v2\/media?parent=1349"}],"wp:term":[{"taxonomy":"product_brand","embeddable":true,"href":"https:\/\/fmp-components.com\/fi\/wp-json\/wp\/v2\/product_brand?post=1349"},{"taxonomy":"product_cat","embeddable":true,"href":"https:\/\/fmp-components.com\/fi\/wp-json\/wp\/v2\/product_cat?post=1349"},{"taxonomy":"product_tag","embeddable":true,"href":"https:\/\/fmp-components.com\/fi\/wp-json\/wp\/v2\/product_tag?post=1349"}],"curies":[{"name":"wp","href":"https:\/\/api.w.org\/{rel}","templated":true}]}}