{"id":1348,"date":"2024-12-23T02:18:07","date_gmt":"2024-12-23T02:18:07","guid":{"rendered":"https:\/\/fmp-components.com\/product\/professional-adjustable-double-acting-cylinder-tractor-hydraulic-cylinder\/"},"modified":"2024-12-23T03:50:01","modified_gmt":"2024-12-23T03:50:01","slug":"professional-adjustable-double-acting-cylinder-tractor-hydraulic-cylinder","status":"publish","type":"product","link":"https:\/\/fmp-components.com\/fi\/product\/professional-adjustable-double-acting-cylinder-tractor-hydraulic-cylinder\/","title":{"rendered":"Ammattimainen s\u00e4\u00e4dett\u00e4v\u00e4 kaksitoiminen sylinteritraktorin hydraulisylinteri"},"content":{"rendered":"<p>Ammattimainen s\u00e4\u00e4dett\u00e4v\u00e4 kaksitoiminen traktorin hydraulisylinteri on korkealaatuinen hydraulisylinteri, joka on suunniteltu vastaamaan nykyaikaisten maatalouskoneiden vaatimuksiin. T\u00e4ss\u00e4 sylinteriss\u00e4 on kaksitoiminen tekniikka, joka mahdollistaa sujuvan ja luotettavan toiminnan jopa vaikeimmissa olosuhteissa.<\/p>\n<p>Kest\u00e4v\u00e4ksi ja lujaksi rakennettu hydraulisylinteri on valmistettu korkealaatuisista materiaaleista ja suunniteltu kest\u00e4m\u00e4\u00e4n vuosien kovaa k\u00e4ytt\u00f6\u00e4. Siin\u00e4 on s\u00e4\u00e4dett\u00e4v\u00e4 rakenne, jonka ansiosta se voidaan r\u00e4\u00e4t\u00e4l\u00f6id\u00e4 laitteesi erityistarpeisiin, ja sen kompakti koko tekee asennuksesta ja huollosta helppoa.<\/p>\n<p>Ty\u00f6skenteletp\u00e4 sitten pellolla tai korjaamossa, Professional Adjustable Double Acting Cylinder Tractor Hydraulic Cylinder on t\u00e4ydellinen valinta kaikkiin maataloussovelluksiin. Joten jos etsit luotettavaa ja tehokasta hydraulisylinteri\u00e4 laitteillesi, \u00e4l\u00e4 etsi kauempaa kuin t\u00e4m\u00e4 huipputuote.<\/p>\n<p><img loading=\"lazy\" decoding=\"async\" class=\"alignnone size-full wp-image-1334\" src=\"https:\/\/fmp-components.com\/wp-content\/uploads\/2024\/12\/Adjustable-Clevis-Type-Cylinders-4.webp\" alt=\"S\u00e4\u00e4dett\u00e4v\u00e4t haarukkatyyppiset sylinterit\" width=\"800\" height=\"800\" title=\"\" srcset=\"https:\/\/fmp-components.com\/wp-content\/uploads\/2024\/12\/Adjustable-Clevis-Type-Cylinders-4.webp 800w, https:\/\/fmp-components.com\/wp-content\/uploads\/2024\/12\/Adjustable-Clevis-Type-Cylinders-4-480x480.webp 480w\" sizes=\"(min-width: 0px) and (max-width: 480px) 480px, (min-width: 481px) 800px, 100vw\" \/><\/p>\n<p>Esittelyss\u00e4 uusin ammattimainen s\u00e4\u00e4dett\u00e4v\u00e4 kaksitoiminen traktorin hydraulisylinteri, joka sopii t\u00e4ydellisesti useille eri toimialoille, kuten konepajoille, maatiloille, energia- ja kaivosteollisuudelle, konevalmistukseen ja tehtaisiin. T\u00e4m\u00e4 huippuluokan hydraulisylinteri on valmistettu korkealaatuisesta ter\u00e4ksest\u00e4 ja sen maksimity\u00f6nt\u00f6voima on 3000, joten se sopii raskaaseen k\u00e4ytt\u00f6\u00f6n. Se on vakiorakenteinen m\u00e4nt\u00e4sylinteri, jota k\u00e4ytt\u00e4\u00e4 hydrauliikka, ja se on saatavana tyylikk\u00e4\u00e4n mustana.<\/p>\n<table style=\"width: 100%;\" border=\"1\" width=\"100%\" cellspacing=\"0\" cellpadding=\"0\">\n<tbody>\n<tr>\n<th>Tuotteen nimi<\/th>\n<td>Hitsattu l\u00e4pireik\u00e4inen hydraulisylinteri<\/td>\n<\/tr>\n<tr>\n<th>Kunto<\/th>\n<td>Uusi<\/td>\n<\/tr>\n<tr>\n<th>Vuosi<\/th>\n<td>2023<\/td>\n<\/tr>\n<tr>\n<th>Paino (kg)<\/th>\n<td>104<\/td>\n<\/tr>\n<tr>\n<th>Tyyppi<\/th>\n<td>Hitsattu l\u00e4pireik\u00e4inen sylinteri<\/td>\n<\/tr>\n<tr>\n<th>Portit<\/th>\n<td>G\/SAE\/NPT\/M<\/td>\n<\/tr>\n<tr>\n<th>Maksimiveto<\/th>\n<td>20 tonnia<\/td>\n<\/tr>\n<tr>\n<th>Sertifiointi<\/th>\n<td>ISO 9001:2000<\/td>\n<\/tr>\n<tr>\n<th>Laadunvarmistus<\/th>\n<td>Videon l\u00e4htev\u00e4 tarkastus, konetestausraportti<\/td>\n<\/tr>\n<tr>\n<th>Rei\u00e4n koko<\/th>\n<td>2\u20136 tuumaa<\/td>\n<\/tr>\n<tr>\n<th>Tangon koko<\/th>\n<td>1,125\u20134 tuumaa<\/td>\n<\/tr>\n<tr>\n<th>Iskun koko<\/th>\n<td>4\u2013100 tuumaa<\/td>\n<\/tr>\n<tr>\n<th>Tapin koko<\/th>\n<td>0,5\u20132 tuumaa<\/td>\n<\/tr>\n<tr>\n<th>Ydinkomponentit<\/th>\n<td>Laakeri, hydraulisylinteri<\/td>\n<\/tr>\n<tr>\n<th>Ydinkomponenttien takuu<\/th>\n<td>1 vuosi<\/td>\n<\/tr>\n<\/tbody>\n<\/table>\n<p>&nbsp;<\/p>\n<h2>S\u00e4\u00e4dett\u00e4vien haarukkatyyppisten sylinterien edut<\/h2>\n<p>S\u00e4\u00e4dett\u00e4v\u00e4t haarukkatyyppiset sylinterit, jotka tunnetaan my\u00f6s traktorin hydraulisylinterein\u00e4 tai ammattilaisten s\u00e4\u00e4dett\u00e4vin\u00e4 kaksitoimisina sylinterein\u00e4, tarjoavat useita etuja erilaisissa sovelluksissa. N\u00e4m\u00e4 sylinterit on suunniteltu ainutlaatuisella haarukkakiinnityksell\u00e4, joka mahdollistaa joustavuuden ja s\u00e4\u00e4dett\u00e4vyyden tiettyjen vaatimusten t\u00e4ytt\u00e4miseksi. T\u00e4ss\u00e4 artikkelissa tutkimme s\u00e4\u00e4dett\u00e4vien haarukkatyyppisten sylinterien etuja ja niiden merkityst\u00e4 eri teollisuudenaloilla.<\/p>\n<p><strong>1. Parempi sopeutumiskyky:<\/strong> N\u00e4iden sylinterien s\u00e4\u00e4dett\u00e4v\u00e4 haarukkakiinnitys tarjoaa paremman mukautuvuuden, jonka ansiosta ne on helppo asentaa ja s\u00e4\u00e4t\u00e4\u00e4 sopimaan erilaisiin hydraulij\u00e4rjestelmiin. T\u00e4m\u00e4 joustavuus mahdollistaa sylinterien k\u00e4yt\u00f6n monenlaisissa sovelluksissa, kuten maatalouskoneissa, rakennuskoneissa ja teollisuusj\u00e4rjestelmiss\u00e4.<\/p>\n<p><strong>2. Parannettu suorituskyky:<\/strong> S\u00e4\u00e4dett\u00e4v\u00e4t haarukkatyyppiset sylinterit on suunniteltu optimoimaan suorituskyky\u00e4. S\u00e4\u00e4dett\u00e4v\u00e4n kiinnityksen ansiosta niit\u00e4 voidaan hienos\u00e4\u00e4t\u00e4\u00e4 halutun iskunpituuden, voiman ja nopeuden saavuttamiseksi. T\u00e4m\u00e4 sylinterin asennon ja kulman s\u00e4\u00e4t\u00f6mahdollisuus varmistaa optimaalisen suorituskyvyn ja tehokkuuden erilaisissa teht\u00e4viss\u00e4.<\/p>\n<p><strong>3. Monipuoliset kiinnitysvaihtoehdot:<\/strong> N\u00e4m\u00e4 sylinterit tarjoavat monipuolisia asennusvaihtoehtoja, sill\u00e4 ne voidaan asentaa eri suuntiin ja asentoihin. S\u00e4\u00e4dett\u00e4v\u00e4 haarukkakiinnitys mahdollistaa helpon asennuksen ja liitt\u00e4misen muihin komponentteihin, kuten hydraulipumppuihin tai venttiileihin. T\u00e4m\u00e4 monipuolisuus mahdollistaa sylinterien mukautumisen erilaisiin j\u00e4rjestelm\u00e4kokoonpanoihin, mik\u00e4 maksimoi niiden k\u00e4ytett\u00e4vyyden.<\/p>\n<p><strong>4. Lis\u00e4\u00e4ntynyt kest\u00e4vyys:<\/strong> S\u00e4\u00e4dett\u00e4v\u00e4t haarukkatyyppiset sylinterit on rakennettu kest\u00e4m\u00e4\u00e4n raskaissa k\u00e4ytt\u00f6kohteissa. Ne on valmistettu korkealaatuisista materiaaleista, kuten karkaistusta ter\u00e4ksest\u00e4, mik\u00e4 varmistaa niiden kest\u00e4vyyden ja pitk\u00e4ik\u00e4isyyden. Lis\u00e4ksi n\u00e4m\u00e4 sylinterit k\u00e4yv\u00e4t l\u00e4pi tiukat testit niiden luotettavuuden ja kulumiskest\u00e4vyyden varmistamiseksi, mik\u00e4 tekee niist\u00e4 sopivia vaativiin ymp\u00e4rist\u00f6ihin.<\/p>\n<p><strong>5. Parannettu turvallisuus:<\/strong> S\u00e4\u00e4dett\u00e4v\u00e4 haarukkakiinnitys tarjoaa lis\u00e4turvaominaisuuksia. Se mahdollistaa tarkan s\u00e4\u00e4d\u00f6n ja kohdistuksen, mik\u00e4 v\u00e4hent\u00e4\u00e4 kohdistusvirheiden tai vikaantumisen riski\u00e4 k\u00e4yt\u00f6n aikana. T\u00e4m\u00e4 varmistaa laitteiden ja k\u00e4ytt\u00e4jien turvallisuuden ja minimoi onnettomuuksien tai vaurioiden mahdollisuuden.<\/p>\n<p><strong>6. Kustannustehokas ratkaisu:<\/strong> S\u00e4\u00e4dett\u00e4v\u00e4t haarukkatyyppiset sylinterit tarjoavat kustannustehokkaan ratkaisun useille eri toimialoille. Niiden mukautuvuus ja monipuolisuus poistavat useiden erityyppisten sylinterien tarpeen, mik\u00e4 v\u00e4hent\u00e4\u00e4 varastokustannuksia. Lis\u00e4ksi niiden pitk\u00e4 k\u00e4ytt\u00f6ik\u00e4 ja kest\u00e4vyys johtavat pienempiin huolto- ja vaihtokustannuksiin, mik\u00e4 tekee niist\u00e4 pitk\u00e4ll\u00e4 aikav\u00e4lill\u00e4 taloudellisen valinnan.<\/p>\n<p>Kaiken kaikkiaan s\u00e4\u00e4dett\u00e4v\u00e4t haarukkatyyppiset sylinterit, jotka tunnetaan my\u00f6s traktorin hydraulisylinterein\u00e4 tai ammattilaisten s\u00e4\u00e4dett\u00e4vin\u00e4 kaksitoimisina sylinterein\u00e4, tarjoavat lukuisia etuja mukautuvuuden, suorituskyvyn, monipuolisuuden, kest\u00e4vyyden, turvallisuuden ja kustannustehokkuuden suhteen. Niiden ainutlaatuinen rakenne ja s\u00e4\u00e4dett\u00e4vyys tekev\u00e4t niist\u00e4 ihanteellisen valinnan monenlaisiin k\u00e4ytt\u00f6tarkoituksiin, varmistaen optimaalisen suorituskyvyn ja tehokkuuden hydraulij\u00e4rjestelmiss\u00e4.<\/p>\n<p><img decoding=\"async\" src=\"https:\/\/fmp-components.com\/wp-content\/uploads\/2024\/12\/Adjustable-Clevis-Type-Cylinders5.webp\" alt=\"S\u00e4\u00e4dett\u00e4v\u00e4 haarukkatyyppinen sylinteri\" width=\"800\" title=\"\"><\/p>\n<h2>S\u00e4\u00e4dett\u00e4vien haarukkatyyppisten sylinterien k\u00e4ytt\u00f6<\/h2>\n<p>S\u00e4\u00e4dett\u00e4v\u00e4t haarukkatyyppiset sylinterit, jotka tunnetaan my\u00f6s ammattitason s\u00e4\u00e4dett\u00e4vin\u00e4 kaksitoimisina sylinterein\u00e4 tai traktorin hydraulisylinterein\u00e4, ovat monipuolisia hydraulikomponentteja, joita k\u00e4ytet\u00e4\u00e4n monenlaisissa sovelluksissa. T\u00e4ss\u00e4 artikkelissa tutkimme s\u00e4\u00e4dett\u00e4vien haarukkatyyppisten sylinterien erilaisia \u200b\u200bsovelluksia ja niiden etuja.<\/p>\n<h3>1. Maatalous ja maanviljely<\/h3>\n<p>Traktorin hydraulisylintereit\u00e4 k\u00e4ytet\u00e4\u00e4n laajalti maataloudessa ja maanviljelyssovelluksissa. Niit\u00e4 k\u00e4ytet\u00e4\u00e4n monenlaisiin teht\u00e4viin, kuten raskaiden laitteiden nostamiseen ja laskemiseen, aurojen ja muiden maatalousty\u00f6kalujen liikkeen ohjaamiseen sek\u00e4 hydraulimoottoreiden voimanl\u00e4hteen\u00e4. S\u00e4\u00e4dett\u00e4v\u00e4 haarukkatyyppinen sylinteri on suosittu valinta n\u00e4ihin sovelluksiin, koska se mahdollistaa iskunpituuden helpon s\u00e4\u00e4d\u00f6n, mik\u00e4 on olennaista hydraulij\u00e4rjestelm\u00e4n tarkan ohjauksen kannalta.<\/p>\n<h3>2. Rakentaminen<\/h3>\n<p>S\u00e4\u00e4dett\u00e4vi\u00e4 haarukkatyyppisi\u00e4 sylintereit\u00e4 k\u00e4ytet\u00e4\u00e4n yleisesti my\u00f6s rakennusteollisuudessa. Niit\u00e4 k\u00e4ytet\u00e4\u00e4n monenlaisiin teht\u00e4viin, kuten raskaiden kuormien nostamiseen ja laskemiseen, rakennuslaitteiden liikkeen ohjaamiseen ja hydraulimoottoreiden k\u00e4ytt\u00e4miseen. Sylinterin s\u00e4\u00e4dett\u00e4v\u00e4 iskunpituus mahdollistaa hydraulij\u00e4rjestelm\u00e4n tarkan ohjauksen, mik\u00e4 on v\u00e4ltt\u00e4m\u00e4t\u00f6nt\u00e4 rakennuslaitteiden turvallisen ja tehokkaan k\u00e4yt\u00f6n kannalta.<\/p>\n<h3>3. Valmistus<\/h3>\n<p>Tuotantolaitokset k\u00e4ytt\u00e4v\u00e4t usein hydraulij\u00e4rjestelmi\u00e4 koneiden ja laitteiden voimanl\u00e4hteen\u00e4. S\u00e4\u00e4dett\u00e4vi\u00e4 haarukkatyyppisi\u00e4 sylintereit\u00e4 k\u00e4ytet\u00e4\u00e4n yleisesti valmistussovelluksissa, kuten kuljetinj\u00e4rjestelmien liikkeen ohjaamisessa, kokoonpanolinjojen voimanl\u00e4hteen\u00e4 sek\u00e4 raskaiden kuormien nostamisessa ja laskemisessa. S\u00e4\u00e4dett\u00e4vien haarukkatyyppisten sylintereiden tarjoama tarkka ohjaus on v\u00e4ltt\u00e4m\u00e4t\u00f6nt\u00e4 n\u00e4iden j\u00e4rjestelmien tehokkuuden ja turvallisuuden yll\u00e4pit\u00e4miseksi.<\/p>\n<h3>4. Autoteollisuus ja liikenne<\/h3>\n<p>S\u00e4\u00e4dett\u00e4vi\u00e4 haarukkatyyppisi\u00e4 sylintereit\u00e4 k\u00e4ytet\u00e4\u00e4n my\u00f6s auto- ja kuljetusteollisuudessa. Niit\u00e4 k\u00e4ytet\u00e4\u00e4n monenlaisiin teht\u00e4viin, kuten hydraulisten jarrujen liikkeen ohjaamiseen, linja-autojen ja muiden suurten ajoneuvojen hydraulisten nostimien k\u00e4ytt\u00e4miseen sek\u00e4 ohjausj\u00e4rjestelmien liikkeen ohjaamiseen. Sylinterin s\u00e4\u00e4dett\u00e4v\u00e4 iskunpituus mahdollistaa n\u00e4iden j\u00e4rjestelmien tarkan ohjauksen, mik\u00e4 varmistaa turvallisen ja tehokkaan toiminnan.<\/p>\n<p>Yhteenvetona voidaan todeta, ett\u00e4 s\u00e4\u00e4dett\u00e4v\u00e4t haarukkatyyppiset sylinterit, jotka tunnetaan my\u00f6s ammattitason s\u00e4\u00e4dett\u00e4vin\u00e4 kaksitoimisina sylinterein\u00e4 tai traktorien hydraulisylinterein\u00e4, ovat monipuolisia hydrauliikkakomponentteja, joita k\u00e4ytet\u00e4\u00e4n monenlaisissa sovelluksissa. Niiden s\u00e4\u00e4dett\u00e4v\u00e4 iskunpituus mahdollistaa hydrauliikkaj\u00e4rjestelmien tarkan ohjauksen, mik\u00e4 tekee niist\u00e4 olennaisia \u200b\u200bkomponentteja monilla teollisuudenaloilla, kuten maataloudessa, rakentamisessa, valmistuksessa sek\u00e4 auto- ja kuljetusteollisuudessa.<img decoding=\"async\" src=\"https:\/\/fmp-components.com\/wp-content\/uploads\/2024\/12\/Application-of-Adjustable-Clevis-Type-Cylinders.webp\" alt=\"S\u00e4\u00e4dett\u00e4v\u00e4 haarukkatyyppinen sylinteri\" width=\"800\" title=\"\"><\/p>\n<h3>Tietoa FMP:st\u00e4 \u2013 Korkealaatuiset hydraulisylinterit rakennuskoneisiin<\/h3>\n<p>Etsitk\u00f6 korkealaatuisia hydraulisylintereit\u00e4 rakennuskoneisiisi? FMP on Italiassa toimiva johtava yritys, joka on erikoistunut rakennuskoneiden osien ja kokonaisten koneiden myyntiin ja huoltoon.<\/p>\n<p>FMP:ll\u00e4 olemme sitoutuneet tarjoamaan asiakkaillemme luotettavia ja tehokkaita ratkaisuja heid\u00e4n rakennuskoneiden tarpeisiinsa. Tuotevalikoimaamme kuuluu laaja valikoima rakennuskoneiden, maatalouskoneiden vaihteistoja, planeettavaihteistoja, teollisuusvaihteistoja ja niihin sopivia huippuluokan lis\u00e4varusteita.<\/p>\n<p>T\u00e4ss\u00e4 on joitakin FMP:n valinnan etuja hydraulisylinteritarpeisiisi:<\/p>\n<p>1. Korkealaatuiset tuotteet: Kaikki tuotteemme hankitaan korkealaatuisilta toimittajilta, mik\u00e4 varmistaa, ett\u00e4 asiakkaamme saavat vain parhaita laatutuotteita, jotka t\u00e4ytt\u00e4v\u00e4t tiukat laatustandardit.<\/p>\n<p>2. Ammattitaitoinen tiimi: Kokenut ja ammattitaitoinen myyntitiimimme tuntee rakennuskoneteollisuuden kehityssuunnat ja asiakastarpeet ja voi tarjota kattavaa tuotekonsultointia ja \u00e4lykk\u00e4it\u00e4 ostoehdotuksia.<\/p>\n<p>3. Tehokas logistiikka-jakeluj\u00e4rjestelm\u00e4: Meill\u00e4 on tehokas logistiikka-jakeluj\u00e4rjestelm\u00e4, joka varmistaa tuotteiden oikea-aikaisen ja tarkan toimituksen asiakkaillemme.<\/p>\n<p>4. Kilpailukykyiset hinnat: Tarjoamme tuotteillemme kilpailukykyiset hinnat laadusta tinkim\u00e4tt\u00e4.<\/p>\n<p>5. Mukauttaminen: Tarjoamme hydraulisylintereillemme r\u00e4\u00e4t\u00e4l\u00f6intivaihtoehtoja asiakkaidemme ainutlaatuisten tarpeiden t\u00e4ytt\u00e4miseksi.<\/p>\n<p>Hydraulisylinterimme, kuten s\u00e4\u00e4dett\u00e4v\u00e4 sakkelityyppinen sylinteri (kuvassa alla), sopivat t\u00e4ydellisesti monenlaisiin rakennuskoneiden sovelluksiin. Sitoutumisemme laatuun ja asiakastyytyv\u00e4isyyteen takaa, ett\u00e4 voit luottaa FMP:hen kaikissa hydraulisylintereihisi liittyviss\u00e4 tarpeissasi.<\/p>\n<p><img decoding=\"async\" src=\"https:\/\/fmp-components.com\/wp-content\/uploads\/2024\/12\/Adjustable-Clevis-Type-Cylinders-6.webp\" alt=\"S\u00e4\u00e4dett\u00e4v\u00e4 haarukkatyyppinen sylinteri\" width=\"810\" title=\"\"><\/p>\n<h2>Usein kysytyt kysymykset<\/h2>\n<p><strong>K: Mik\u00e4 on hydraulisylinterin paino?<\/strong><br \/>\nA: Hydraulisylinteri painaa 104 kg.<\/p>\n<p><strong>K: Mik\u00e4 on sylinterin keskeisten osien takuuaika?<\/strong><br \/>\nA: Sylinterin ydinosilla on 1 vuoden takuu.<\/p>\n<p><strong>K: Voidaanko hydraulisylinteri\u00e4 r\u00e4\u00e4t\u00e4l\u00f6id\u00e4 vastaamaan tiettyj\u00e4 vaatimuksia?<\/strong><br \/>\nV: Kyll\u00e4, r\u00e4\u00e4t\u00e4l\u00f6intivaihtoehtoja on saatavilla. Ota yhteytt\u00e4 saadaksesi lis\u00e4tietoja.<\/p>\n<p><img decoding=\"async\" src=\"https:\/\/img.jiansujichilun.com\/img\/hydrauliccylinders\/B_hydrauliccylinders-4.webp\" alt=\"hydraulisylinteri\" width=\"800\" title=\"\"><\/p>\n<p>Tekij\u00e4: CX<\/p>","protected":false},"excerpt":{"rendered":"<p>The Professional Adjustable Double Acting Cylinder Tractor Hydraulic Cylinder is a high-quality hydraulic cylinder designed to meet the demands of modern farming equipment. This cylinder features double-acting technology, which allows for smooth and reliable operation in even the toughest conditions. Built for durability and strength, this hydraulic cylinder is made from high-grade materials and is [&hellip;]<\/p>","protected":false},"featured_media":1338,"comment_status":"closed","ping_status":"closed","template":"","meta":{"_et_pb_use_builder":"","_et_pb_old_content":"","_et_gb_content_width":""},"product_brand":[],"product_cat":[39],"product_tag":[41,34],"class_list":{"0":"post-1348","1":"product","2":"type-product","3":"status-publish","4":"has-post-thumbnail","6":"product_cat-adjustable-clevis-type-cylinders","7":"product_tag-adjustable-clevis-type-cylinders","8":"product_tag-hydraulic-cylinder","10":"first","11":"instock","12":"product-type-simple"},"_links":{"self":[{"href":"https:\/\/fmp-components.com\/fi\/wp-json\/wp\/v2\/product\/1348","targetHints":{"allow":["GET"]}}],"collection":[{"href":"https:\/\/fmp-components.com\/fi\/wp-json\/wp\/v2\/product"}],"about":[{"href":"https:\/\/fmp-components.com\/fi\/wp-json\/wp\/v2\/types\/product"}],"replies":[{"embeddable":true,"href":"https:\/\/fmp-components.com\/fi\/wp-json\/wp\/v2\/comments?post=1348"}],"wp:featuredmedia":[{"embeddable":true,"href":"https:\/\/fmp-components.com\/fi\/wp-json\/wp\/v2\/media\/1338"}],"wp:attachment":[{"href":"https:\/\/fmp-components.com\/fi\/wp-json\/wp\/v2\/media?parent=1348"}],"wp:term":[{"taxonomy":"product_brand","embeddable":true,"href":"https:\/\/fmp-components.com\/fi\/wp-json\/wp\/v2\/product_brand?post=1348"},{"taxonomy":"product_cat","embeddable":true,"href":"https:\/\/fmp-components.com\/fi\/wp-json\/wp\/v2\/product_cat?post=1348"},{"taxonomy":"product_tag","embeddable":true,"href":"https:\/\/fmp-components.com\/fi\/wp-json\/wp\/v2\/product_tag?post=1348"}],"curies":[{"name":"wp","href":"https:\/\/api.w.org\/{rel}","templated":true}]}}