{"id":1346,"date":"2024-12-23T02:18:07","date_gmt":"2024-12-23T02:18:07","guid":{"rendered":"https:\/\/fmp-components.com\/product\/customized-10-ton-hydraulic-cylinder-mini-hydraulic-cylinder\/"},"modified":"2024-12-23T03:49:56","modified_gmt":"2024-12-23T03:49:56","slug":"customized-10-ton-hydraulic-cylinder-mini-hydraulic-cylinder","status":"publish","type":"product","link":"https:\/\/fmp-components.com\/fi\/product\/customized-10-ton-hydraulic-cylinder-mini-hydraulic-cylinder\/","title":{"rendered":"R\u00e4\u00e4t\u00e4l\u00f6ity 10 tonnin hydraulisylinteri Mini-hydraulisylinteri"},"content":{"rendered":"<h2>Tuotteen esittely: R\u00e4\u00e4t\u00e4l\u00f6ity 10 tonnin hydraulisylinteri Mini-hydraulisylinteri<\/h2>\n<p>R\u00e4\u00e4t\u00e4l\u00f6ity 10 tonnin hydraulisylinteri Mini Hydraulisylinteri on eritt\u00e4in tehokas ja kest\u00e4v\u00e4 hydraulisylinteri, joka on suunniteltu erilaisiin teollisiin sovelluksiin. Kompaktin rakenteensa ja tehokkaan suorituskykyns\u00e4 ansiosta t\u00e4m\u00e4 hydraulisylinteri on ihanteellinen valinta teht\u00e4viin, jotka vaativat tarkkaa ohjausta ja raskaita nostokykyj\u00e4.<\/p>\n<p>T\u00e4rkeimm\u00e4t ominaisuudet:<br \/>\n1. Mukautettava muotoilu: R\u00e4\u00e4t\u00e4l\u00f6ity 10 tonnin hydraulisylinteri Mini Hydraulisylinteri voidaan r\u00e4\u00e4t\u00e4l\u00f6id\u00e4 vastaamaan erityisvaatimuksia, mik\u00e4 varmistaa optimaalisen suorituskyvyn ja yhteensopivuuden erilaisten koneiden ja laitteiden kanssa.<\/p>\n<p>2. Kest\u00e4v\u00e4 rakenne: Korkealaatuisista materiaaleista valmistettu hydraulisylinteri on suunniteltu kest\u00e4m\u00e4\u00e4n raskaita kuormia ja jatkuvaa k\u00e4ytt\u00f6\u00e4. Se tarjoaa poikkeuksellisen kest\u00e4vyyden ja pitk\u00e4ik\u00e4isyyden, mik\u00e4 v\u00e4hent\u00e4\u00e4 yll\u00e4pitokustannuksia ja parantaa kokonaistuottavuutta.<\/p>\n<p>3. Luotettava suorituskyky: R\u00e4\u00e4t\u00e4l\u00f6ity 10 tonnin hydraulisylinterin minihydraulisylinteri tarjoaa tasaisen ja luotettavan suorituskyvyn vaativimmissakin ty\u00f6olosuhteissa. Se tarjoaa tasaisen ja tarkan liikkeen, mik\u00e4 mahdollistaa tehokkaan ja tarkan toiminnan.<\/p>\n<p>4. Helppo asennus: K\u00e4ytt\u00e4j\u00e4yst\u00e4v\u00e4llisyytt\u00e4 ajatellen suunniteltu hydraulisylinteri on helppo asentaa ja integroida olemassa oleviin j\u00e4rjestelmiin. Sen kompakti koko helpottaa saumatonta integrointia, s\u00e4\u00e4st\u00e4\u00e4 arvokasta tilaa ja yksinkertaistaa asennusprosesseja.<\/p>\n<p>5. Monipuolisuus: R\u00e4\u00e4t\u00e4l\u00f6ity 10 tonnin hydraulisylinterin minihydraulisylinteri soveltuu monenlaisiin sovelluksiin, kuten rakennuskoneisiin, maatalouskoneisiin ja teollisuusautomaatioon. Sen monipuolisuus tekee siit\u00e4 erinomaisen valinnan eri toimialoille.<\/p>\n<p>6. Turvaominaisuudet: T\u00e4m\u00e4 hydraulisylinteri on varustettu turvamekanismeilla k\u00e4ytt\u00e4j\u00e4n suojaamiseksi ja onnettomuuksien est\u00e4miseksi. N\u00e4it\u00e4 ominaisuuksia ovat ylikuormitussuoja, paineenalennusventtiilit ja h\u00e4t\u00e4pys\u00e4ytystoiminnot.<\/p>\n<p><img loading=\"lazy\" decoding=\"async\" class=\"alignnone size-full wp-image-1334\" src=\"https:\/\/fmp-components.com\/wp-content\/uploads\/2024\/12\/Adjustable-Clevis-Type-Cylinders-4.webp\" alt=\"S\u00e4\u00e4dett\u00e4v\u00e4t haarukkatyyppiset sylinterit\" width=\"800\" height=\"800\" title=\"\" srcset=\"https:\/\/fmp-components.com\/wp-content\/uploads\/2024\/12\/Adjustable-Clevis-Type-Cylinders-4.webp 800w, https:\/\/fmp-components.com\/wp-content\/uploads\/2024\/12\/Adjustable-Clevis-Type-Cylinders-4-480x480.webp 480w\" sizes=\"(min-width: 0px) and (max-width: 480px) 480px, (min-width: 481px) 800px, 100vw\" \/><\/p>\n<p>Yhteenvetona voidaan todeta, ett\u00e4 r\u00e4\u00e4t\u00e4l\u00f6ity 10 tonnin hydraulisylinteri (minihydraulisylinteri) on tehokas hydraulisylinteri, joka tarjoaa erinomaisen kest\u00e4vyyden, luotettavuuden ja monipuolisuuden. Sen mukautettava muotoilu, kest\u00e4v\u00e4 rakenne ja k\u00e4ytt\u00e4j\u00e4yst\u00e4v\u00e4lliset ominaisuudet tekev\u00e4t siit\u00e4 ihanteellisen valinnan teollisiin sovelluksiin, joissa vaaditaan tarkkaa ohjausta ja raskaita nostokykyj\u00e4.<\/p>\n<p>Koe r\u00e4\u00e4t\u00e4l\u00f6idyn 10 tonnin hydraulisylinterin minihydraulisylinterin teho. Se on ensiluokkainen valinta konekorjaamoille, maatiloille, energia- ja kaivosteollisuudelle sek\u00e4 konevalmistuslaitoksille. T\u00e4m\u00e4 tehokas hydraulisylinteri on upouusi, sill\u00e4 on yhden vuoden takuu ja ISO9001:2000-sertifiointi. Se on vakiom\u00e4nt\u00e4sylinterityyppi, jossa on tukeva ter\u00e4srunko. Sen enimm\u00e4isty\u00f6nt\u00f6voima on 3000 tonnia ja enimm\u00e4isvetovoima 20 tonnia. Sen s\u00e4\u00e4dett\u00e4v\u00e4 haarukkarakenne mahdollistaa monipuolisen k\u00e4yt\u00f6n eri sovelluksissa.<\/p>\n<h2>S\u00e4\u00e4dett\u00e4vien haarukkatyyppisten sylinterien edut<\/h2>\n<p>S\u00e4\u00e4dett\u00e4v\u00e4t haarukkatyyppiset sylinterit, jotka tunnetaan my\u00f6s nimell\u00e4 r\u00e4\u00e4t\u00e4l\u00f6idyt 10 tonnin hydraulisylinterit tai minihydraulisylinterit, tarjoavat useita ainutlaatuisia etuja erilaisissa sovelluksissa. N\u00e4m\u00e4 sylinterit on suunniteltu tarkasti ja monipuolisesti, ja ne tarjoavat tehokasta ja luotettavaa suorituskyky\u00e4. T\u00e4ss\u00e4 artikkelissa tutkimme n\u00e4iden sylinterien etuja yksityiskohtaisesti.<\/p>\n<p><strong>1. Parannettu joustavuus ja r\u00e4\u00e4t\u00e4l\u00f6inti:<\/strong> S\u00e4\u00e4dett\u00e4v\u00e4t haarukkatyyppiset sylinterit tarjoavat suurta joustavuutta r\u00e4\u00e4t\u00e4l\u00f6innin suhteen. Ne voidaan r\u00e4\u00e4t\u00e4l\u00f6id\u00e4 vastaamaan erityisvaatimuksia, kuten iskunpituutta, kiinnitysvaihtoehtoja ja sylinterin reikien kokoa. T\u00e4m\u00e4 mahdollistaa saumattoman integroinnin eri j\u00e4rjestelmiin ja varmistaa optimaalisen suorituskyvyn.<\/p>\n<p><strong>2. Erinomainen kuormituskapasiteetti:<\/strong> N\u00e4m\u00e4 sylinterit pystyv\u00e4t k\u00e4sittelem\u00e4\u00e4n raskaita kuormia helposti. 10 tonnin kapasiteetillaan ne tarjoavat vankan nosto- ja ty\u00f6nt\u00f6kyvyn, mik\u00e4 tekee niist\u00e4 ihanteellisia sovelluksiin, jotka vaativat suurta voimaa.<\/p>\n<p><strong>3. Kompakti ja tilaa s\u00e4\u00e4st\u00e4v\u00e4:<\/strong> N\u00e4iden sylinterien minihydraulinen rakenne mahdollistaa niiden sopimisen ahtaisiin tiloihin, joihin suuremmat sylinterit eiv\u00e4t v\u00e4ltt\u00e4m\u00e4tt\u00e4 sovellu. Niiden kompakti koko ei heikenn\u00e4 niiden suorituskyky\u00e4, mik\u00e4 tekee niist\u00e4 monipuolisia eri teollisuudenaloilla ja sovelluksissa.<\/p>\n<p><strong>4. Tarkka paikannus ja ohjaus:<\/strong> S\u00e4\u00e4dett\u00e4v\u00e4t haarukkatyyppiset sylinterit tarjoavat tarkan asemoinnin ja ohjauksen edistyneiden hydrauliikkaj\u00e4rjestelmiens\u00e4 ansiosta. T\u00e4m\u00e4 varmistaa tarkat ja toistettavat liikkeet, mik\u00e4 tekee niist\u00e4 ihanteellisia teht\u00e4viin, jotka vaativat hienos\u00e4\u00e4t\u00f6\u00e4.<\/p>\n<p><strong>5. Kest\u00e4vyys ja luotettavuus:<\/strong> N\u00e4m\u00e4 sylinterit on rakennettu kest\u00e4m\u00e4\u00e4n ankaria olosuhteita ja kovaa k\u00e4ytt\u00f6\u00e4. Ne on valmistettu korkealaatuisista materiaaleista ja ne k\u00e4yv\u00e4t l\u00e4pi tiukat testit, mik\u00e4 varmistaa kest\u00e4vyyden ja pitk\u00e4aikaisen luotettavuuden.<\/p>\n<p><strong>6. Helppo asennus ja huolto:<\/strong> S\u00e4\u00e4dett\u00e4vien haarukkatyyppisten sylinterien rakenne yksinkertaistaa asennusprosessia, s\u00e4\u00e4st\u00e4\u00e4 aikaa ja vaivaa. Lis\u00e4ksi ne vaativat vain v\u00e4h\u00e4n huoltoa, mik\u00e4 v\u00e4hent\u00e4\u00e4 k\u00e4ytt\u00f6kustannuksia ja seisokkiaikoja.<\/p>\n<p><strong>7. Laaja k\u00e4ytt\u00f6alue:<\/strong> R\u00e4\u00e4t\u00e4l\u00f6ityj\u00e4 10 tonnin hydraulisylintereit\u00e4 k\u00e4ytet\u00e4\u00e4n useilla eri teollisuudenaloilla, kuten rakentamisessa, teollisuudessa, maataloudessa ja muilla. Monipuolisuuden ansiosta ne sopivat teht\u00e4viin, kuten raskaiden kuormien nostamiseen, laitteiden ty\u00f6nt\u00e4miseen tai vet\u00e4miseen sek\u00e4 tarkkaan paikannukseen monimutkaisissa j\u00e4rjestelmiss\u00e4.<\/p>\n<p>Yhteenvetona voidaan todeta, ett\u00e4 s\u00e4\u00e4dett\u00e4v\u00e4t haarukkatyyppiset sylinterit tarjoavat lukuisia etuja joustavuuden, kuormituskapasiteetin, tilank\u00e4yt\u00f6n tehokkuuden, tarkan ohjauksen, kest\u00e4vyyden, asennuksen ja huollon helppouden sek\u00e4 laajan k\u00e4ytt\u00f6alueen suhteen. Niiden ainutlaatuiset ominaisuudet tekev\u00e4t niist\u00e4 luotettavan valinnan vaativiin hydraulij\u00e4rjestelmiin, varmistaen optimaalisen suorituskyvyn ja tehokkuuden.<\/p>\n<p><img decoding=\"async\" src=\"https:\/\/fmp-components.com\/wp-content\/uploads\/2024\/12\/Adjustable-Clevis-Type-Cylinders5.webp\" alt=\"S\u00e4\u00e4dett\u00e4v\u00e4 haarukkatyyppinen sylinteri\" width=\"800\" title=\"\"><\/p>\n<h2>S\u00e4\u00e4dett\u00e4vien haarukkatyyppisten sylinterien k\u00e4ytt\u00f6<\/h2>\n<p>S\u00e4\u00e4dett\u00e4v\u00e4 sakkelityyppinen sylinteri on hydraulisylinteri, jossa on toisessa p\u00e4\u00e4ss\u00e4 sakkeli, joka mahdollistaa helpon asennuksen ja liitt\u00e4misen erilaisiin mekaanisiin j\u00e4rjestelmiin. N\u00e4it\u00e4 sylintereit\u00e4 k\u00e4ytet\u00e4\u00e4n laajalti eri teollisuudenaloilla niiden monipuolisuuden ja s\u00e4\u00e4dett\u00e4v\u00e4n luonteen ansiosta. T\u00e4ss\u00e4 artikkelissa tutkimme s\u00e4\u00e4dett\u00e4vien sakkelityyppisten sylinterien sovelluksia ja keskustelemme niiden eduista ja eduista.<\/p>\n<h3>1. Teollisuusautomaatioj\u00e4rjestelm\u00e4t<\/h3>\n<p>Teollisuuden automaatioj\u00e4rjestelmiss\u00e4 s\u00e4\u00e4dett\u00e4v\u00e4t haarukkatyyppiset sylinterit ovat ratkaisevassa roolissa eri komponenttien liikkeen ohjaamisessa. Niit\u00e4 k\u00e4ytet\u00e4\u00e4n yleisesti robottik\u00e4sivarsissa, kuljetinj\u00e4rjestelmiss\u00e4 ja materiaalink\u00e4sittelylaitteissa. Sylinterin pituuden s\u00e4\u00e4t\u00f6mahdollisuus helpottaa n\u00e4iden j\u00e4rjestelmien sijainnin ja liikkeen hienos\u00e4\u00e4t\u00f6\u00e4, mik\u00e4 varmistaa tarkan ja tehokkaan toiminnan.<\/p>\n<h3>2. Rakennuskoneet<\/h3>\n<p>S\u00e4\u00e4dett\u00e4vi\u00e4 haarukkatyyppisi\u00e4 sylintereit\u00e4 k\u00e4ytet\u00e4\u00e4n laajasti rakennuskoneissa, kuten kaivinkoneissa, kuormaajissa ja nostureissa. N\u00e4m\u00e4 sylinterit tarjoavat tarvittavan voiman ja hallinnan erilaisiin toimintoihin, kuten nostamiseen, kaivamiseen ja kallistukseen. S\u00e4\u00e4dett\u00e4v\u00e4n ominaisuuden ansiosta k\u00e4ytt\u00e4j\u00e4t voivat mukauttaa sylinterin pituutta tiettyjen ty\u00f6olosuhteiden mukaan, mik\u00e4 parantaa koneen yleist\u00e4 suorituskyky\u00e4 ja tuottavuutta.<\/p>\n<h3>3. Maatalouskoneet<\/h3>\n<p>Maataloussektorilla s\u00e4\u00e4dett\u00e4vi\u00e4 haarukkatyyppisi\u00e4 sylintereit\u00e4 k\u00e4ytet\u00e4\u00e4n erilaisissa laitteissa, kuten traktoreissa, auroissa ja puimureissa. N\u00e4it\u00e4 sylintereit\u00e4 k\u00e4ytet\u00e4\u00e4n esimerkiksi ter\u00e4n korkeuden s\u00e4\u00e4t\u00e4miseen, lis\u00e4laitteiden asennon hallintaan ja hydraulisen tehon tarjoamiseen raskaiden kuormien nostamiseen. Niiden s\u00e4\u00e4dett\u00e4v\u00e4 luonne varmistaa optimaalisen suorituskyvyn ja joustavuuden erilaisissa maatalousteht\u00e4viss\u00e4.<\/p>\n<h3>4. Autoteollisuus<\/h3>\n<p>Autoteollisuudessa k\u00e4ytet\u00e4\u00e4n s\u00e4\u00e4dett\u00e4vi\u00e4 haarukkatyyppisi\u00e4 sylintereit\u00e4 erilaisissa sovelluksissa, kuten ajoneuvojen jousituksissa, katoissa ja s\u00e4\u00e4dett\u00e4viss\u00e4 istuimissa. N\u00e4m\u00e4 sylinterit tarjoavat tarvittavan tuen ja s\u00e4\u00e4t\u00f6mahdollisuudet ajoneuvojen yleisen mukavuuden ja toimivuuden parantamiseksi. Sylinterin pituuden mukauttamismahdollisuus varmistaa mukavan ajokokemuksen eri pituisille ja mieltymysten omaaville k\u00e4ytt\u00e4jille.<\/p>\n<h3>5. R\u00e4\u00e4t\u00e4l\u00f6idyt ratkaisut<\/h3>\n<p>Yksi s\u00e4\u00e4dett\u00e4vien haarukkatyyppisten sylinterien t\u00e4rkeimmist\u00e4 eduista on niiden r\u00e4\u00e4t\u00e4l\u00f6intimahdollisuus tiettyjen vaatimusten mukaan. Valmistajat voivat suunnitella ja valmistaa sylintereit\u00e4 eri iskunpituuksilla, kiinnitysvaihtoehdoilla ja painearvoilla kunkin sovelluksen ainutlaatuisten tarpeiden t\u00e4ytt\u00e4miseksi. T\u00e4m\u00e4 r\u00e4\u00e4t\u00e4l\u00f6inti varmistaa optimaalisen suorituskyvyn ja yhteensopivuuden, mik\u00e4 johtaa tehokkaaseen ja luotettavaan toimintaan.<\/p>\n<p>S\u00e4\u00e4dett\u00e4v\u00e4t haarukkatyyppiset sylinterit ovat monipuolisia hydrauliikkakomponentteja, joita k\u00e4ytet\u00e4\u00e4n useilla eri teollisuudenaloilla. Niiden s\u00e4\u00e4dett\u00e4v\u00e4 luonne ja r\u00e4\u00e4t\u00e4l\u00f6it\u00e4vyys tekev\u00e4t niist\u00e4 ihanteellisen valinnan erilaisiin mekaanisiin j\u00e4rjestelmiin. Olipa kyseess\u00e4 sitten teollisuusautomaatio, rakennuskoneet, maatalous, autoteollisuus tai muut toimialat, n\u00e4m\u00e4 sylinterit tarjoavat tarvittavan voiman, ohjauksen ja mukautuvuuden sujuvan ja tehokkaan toiminnan varmistamiseksi.<\/p>\n<p><img decoding=\"async\" src=\"https:\/\/fmp-components.com\/wp-content\/uploads\/2024\/12\/Application-of-Adjustable-Clevis-Type-Cylinders.webp\" alt=\"S\u00e4\u00e4dett\u00e4v\u00e4 haarukkatyyppinen sylinteri\" width=\"800\" title=\"\"><\/p>\n<h3>Tietoja FMP:st\u00e4<\/h3>\n<p><img decoding=\"async\" src=\"https:\/\/fmp-components.com\/wp-content\/uploads\/2024\/12\/Adjustable-Clevis-Type-Cylinders-6.webp\" alt=\"S\u00e4\u00e4dett\u00e4v\u00e4 haarukkatyyppinen sylinteri\" width=\"808\" title=\"\"><\/p>\n<p>FMP on johtava hydraulisylintereiden tuotantoon ja myyntiin erikoistunut yritys. Monivuotisen kokemuksemme alalta ja ammattitaitoisen tiimimme ansiosta olemme sitoutuneet tarjoamaan asiakkaillemme korkealaatuisia ja luotettavia hydraulisylintereit\u00e4 erilaisiin rakennuskoneteollisuuden sovelluksiin.<\/p>\n<p>1. Laaja tuotevalikoima: Tarjoamme laajan valikoiman hydraulisylintereit\u00e4, mukaan lukien s\u00e4\u00e4dett\u00e4v\u00e4t haarukkatyyppiset sylinterit, teleskooppisylinterit, hitsatut sylinterit, raidetanko-sylinterit ja paljon muuta. Olivatpa erityistarpeesi mitk\u00e4 tahansa, meill\u00e4 on sinulle sopiva hydraulisylinteriratkaisu.<\/p>\n<p>2. Ylivertainen laatu: FMP:ll\u00e4 asetamme laadun etusijalle ja varmistamme, ett\u00e4 kaikki hydraulisylinterimme t\u00e4ytt\u00e4v\u00e4t tiukat laatustandardit. Olemme luoneet pitk\u00e4aikaisia \u200b\u200bja vakaita suhteita korkealaatuisiin toimittajiin sek\u00e4 kotimaassa ett\u00e4 kansainv\u00e4lisesti taataksemme tuotteidemme kest\u00e4vyyden ja suorituskyvyn.<\/p>\n<p>3. Asiantunteva myyntitiimi: Kokenut ja taitava myyntitiimimme tuntee alan uusimmat trendit ja asiakkaiden tarpeet. He ovat valmiita tarjoamaan ammattimaista tuotekonsultointia ja \u00e4lykk\u00e4it\u00e4 ostoehdotuksia varmistaen, ett\u00e4 teet parhaan valinnan rakennuskonetarpeisiisi.<\/p>\n<p>4. Tehokas logistiikka ja jakelu: Ymm\u00e4rr\u00e4mme oikea-aikaisen toimituksen t\u00e4rkeyden. Tehokkaan logistiikka- ja jakeluj\u00e4rjestelm\u00e4mme avulla varmistamme, ett\u00e4 asiakkaat saavat tarvitsemansa hydraulisylinterit ajallaan ja t\u00e4sm\u00e4llisesti. Voit luottaa meihin nopean ja luotettavan palvelun suhteen.<\/p>\n<p>5. Mukautettavat ratkaisut: Ymm\u00e4rr\u00e4mme, ett\u00e4 jokainen rakennuskoneprojekti on ainutlaatuinen. Siksi tarjoamme mukautettavia hydraulisylinteriratkaisuja, jotka t\u00e4ytt\u00e4v\u00e4t erityisvaatimuksesi. Tarvitsetpa sylinterin tietyll\u00e4 iskunpituudella, kiinnitystavalla tai mill\u00e4 tahansa muulla r\u00e4\u00e4t\u00e4l\u00f6innill\u00e4, voimme tarjota sinulle r\u00e4\u00e4t\u00e4l\u00f6ityj\u00e4 ratkaisuja.<\/p>\n<p>Yhteisty\u00f6 FMP:n kanssa tarkoittaa p\u00e4\u00e4sy\u00e4 korkealaatuisiin hydraulisiin sylintereihin, osaavaan myyntitiimiin, tehokkaaseen logistiikkaan ja r\u00e4\u00e4t\u00e4l\u00f6it\u00e4viin ratkaisuihin. Luota meihin, kun toimitamme luotettavat ja kest\u00e4v\u00e4t hydrauliset sylinterit, joita tarvitset rakennuskoneprojekteihisi.<\/p>\n<h2>Usein kysytyt kysymykset<\/h2>\n<p><b>K: Mik\u00e4 on r\u00e4\u00e4t\u00e4l\u00f6idyn 10 tonnin hydraulisylinterin minihydraulisylinterin toimitusaika?<\/b><\/p>\n<p>V: Toimitusaika on yleens\u00e4 25\u201335 p\u00e4iv\u00e4\u00e4.<\/p>\n<p><b>K: Onko saatavilla n\u00e4ytteit\u00e4 r\u00e4\u00e4t\u00e4l\u00f6idyst\u00e4 10 tonnin hydraulisylinterist\u00e4, minihydraulisylinterist\u00e4?<\/b><\/p>\n<p>V: Kyll\u00e4, n\u00e4ytteit\u00e4 on saatavilla, mutta ne eiv\u00e4t ole ilmaisia.<\/p>\n<p><b>K: Voidaanko r\u00e4\u00e4t\u00e4l\u00f6ity\u00e4 10 tonnin hydraulisylinterin minihydraulisylinteri\u00e4 r\u00e4\u00e4t\u00e4l\u00f6id\u00e4 erityisvaatimusten mukaan?<\/b><\/p>\n<p>V: Kyll\u00e4, voimme valmistaa hydraulisylinterin n\u00e4ytteidesi tai teknisten piirustusten mukaan. Voimme rakentaa muotit ja kiinnikkeet vastaamaan erityistarpeitasi.<\/p>\n<p>Tekij\u00e4: CX<\/p>\n<p>&nbsp;<\/p>","protected":false},"excerpt":{"rendered":"<p>Product Introduction: Customized 10 Ton Hydraulic Cylinder Mini Hydraulic Cylinder The Customized 10 Ton Hydraulic Cylinder Mini Hydraulic Cylinder is a highly efficient and durable hydraulic cylinder designed for various industrial applications. With its compact design and powerful performance, this hydraulic cylinder is the ideal choice for tasks that require precise control and heavy lifting [&hellip;]<\/p>","protected":false},"featured_media":1340,"comment_status":"closed","ping_status":"closed","template":"","meta":{"_et_pb_use_builder":"","_et_pb_old_content":"","_et_gb_content_width":""},"product_brand":[],"product_cat":[39],"product_tag":[41,34],"class_list":{"0":"post-1346","1":"product","2":"type-product","3":"status-publish","4":"has-post-thumbnail","6":"product_cat-adjustable-clevis-type-cylinders","7":"product_tag-adjustable-clevis-type-cylinders","8":"product_tag-hydraulic-cylinder","10":"first","11":"instock","12":"product-type-simple"},"_links":{"self":[{"href":"https:\/\/fmp-components.com\/fi\/wp-json\/wp\/v2\/product\/1346","targetHints":{"allow":["GET"]}}],"collection":[{"href":"https:\/\/fmp-components.com\/fi\/wp-json\/wp\/v2\/product"}],"about":[{"href":"https:\/\/fmp-components.com\/fi\/wp-json\/wp\/v2\/types\/product"}],"replies":[{"embeddable":true,"href":"https:\/\/fmp-components.com\/fi\/wp-json\/wp\/v2\/comments?post=1346"}],"wp:featuredmedia":[{"embeddable":true,"href":"https:\/\/fmp-components.com\/fi\/wp-json\/wp\/v2\/media\/1340"}],"wp:attachment":[{"href":"https:\/\/fmp-components.com\/fi\/wp-json\/wp\/v2\/media?parent=1346"}],"wp:term":[{"taxonomy":"product_brand","embeddable":true,"href":"https:\/\/fmp-components.com\/fi\/wp-json\/wp\/v2\/product_brand?post=1346"},{"taxonomy":"product_cat","embeddable":true,"href":"https:\/\/fmp-components.com\/fi\/wp-json\/wp\/v2\/product_cat?post=1346"},{"taxonomy":"product_tag","embeddable":true,"href":"https:\/\/fmp-components.com\/fi\/wp-json\/wp\/v2\/product_tag?post=1346"}],"curies":[{"name":"wp","href":"https:\/\/api.w.org\/{rel}","templated":true}]}}