{"id":1345,"date":"2024-12-23T02:18:07","date_gmt":"2024-12-23T02:18:07","guid":{"rendered":"https:\/\/fmp-components.com\/product\/high-quality-double-acting-welded-hydraulic-cylinders-for-sale\/"},"modified":"2024-12-23T03:39:35","modified_gmt":"2024-12-23T03:39:35","slug":"high-quality-double-acting-welded-hydraulic-cylinders-for-sale","status":"publish","type":"product","link":"https:\/\/fmp-components.com\/fi\/product\/high-quality-double-acting-welded-hydraulic-cylinders-for-sale\/","title":{"rendered":"Korkealaatuiset kaksitoimiset hitsatut hydraulisylinterit myyt\u00e4v\u00e4n\u00e4"},"content":{"rendered":"<h2>Korkealaatuiset kaksitoimiset hitsatut hydraulisylinterit myyt\u00e4v\u00e4n\u00e4:<\/h2>\n<p>Korkealaatuiset kaksitoimiset hitsatut hydraulisylinterimme ovat t\u00e4ydellinen ratkaisu kaikkiin hydraulisisiin tarpeisiisi. N\u00e4m\u00e4 sylinterit on suunniteltu tarjoamaan poikkeuksellista suorituskyky\u00e4 ja luotettavuutta monenlaisissa sovelluksissa.<\/p>\n<p>Kaksitoimisen rakenteensa ansiosta hydraulisylinterimme tarjoavat erinomaisen toimivuuden ja monipuolisuuden. Ne voivat kohdistaa voimaa molempiin suuntiin, mik\u00e4 mahdollistaa tehokkaan toiminnan ja tarkan ohjauksen. Tarvitsetpa sitten raskaita kuormia nostamiseen, koneiden siirt\u00e4miseen tai hydraulisten j\u00e4rjestelmien k\u00e4ytt\u00e4miseen, sylinterimme auttavat sinua.<\/p>\n<p>Kest\u00e4vyys mieless\u00e4 rakennetut hydrauliikkasylinterimme on valmistettu korkealaatuisista materiaaleista ja ne k\u00e4yv\u00e4t l\u00e4pi tiukat testit pitk\u00e4kestoisen suorituskyvyn varmistamiseksi. Hitsattu rakenne lis\u00e4\u00e4 lujuutta ja vakautta, mink\u00e4 ansiosta ne kest\u00e4v\u00e4t kovaa k\u00e4ytt\u00f6\u00e4 ja \u00e4\u00e4rimm\u00e4isi\u00e4 olosuhteita. Voit luottaa siihen, ett\u00e4 sylinterimme tuottavat tasaista ja luotettavaa hydraulista tehoa silloin, kun sit\u00e4 eniten tarvitset.<\/p>\n<p><img loading=\"lazy\" decoding=\"async\" class=\"alignnone size-full wp-image-1334\" src=\"https:\/\/fmp-components.com\/wp-content\/uploads\/2024\/12\/Adjustable-Clevis-Type-Cylinders-4.webp\" alt=\"S\u00e4\u00e4dett\u00e4v\u00e4t haarukkatyyppiset sylinterit\" width=\"800\" height=\"800\" title=\"\" srcset=\"https:\/\/fmp-components.com\/wp-content\/uploads\/2024\/12\/Adjustable-Clevis-Type-Cylinders-4.webp 800w, https:\/\/fmp-components.com\/wp-content\/uploads\/2024\/12\/Adjustable-Clevis-Type-Cylinders-4-480x480.webp 480w\" sizes=\"(min-width: 0px) and (max-width: 480px) 480px, (min-width: 481px) 800px, 100vw\" \/><\/p>\n<p>Kaksitoimiset hitsatut hydraulisylinterimme on helppo asentaa ja huoltaa. Niit\u00e4 on saatavana useilla kiinnitysvaihtoehdoilla, jotka sopivat erityistarpeisiisi. Asianmukaisella huollolla ja s\u00e4\u00e4nn\u00f6llisell\u00e4 huollolla n\u00e4m\u00e4 sylinterit tarjoavat vuosia ongelmatonta palvelua.<\/p>\n<p>Olitpa sitten rakennus-, maatalous- tai valmistusteollisuudessa, korkealaatuiset kaksitoimiset hitsatut hydraulisylinterimme ovat ihanteellinen valinta hydraulisille tarpeillesi. \u00c4l\u00e4 tyydy v\u00e4hemp\u00e4\u00e4n kuin parhaaseen. Investoi sylintereihimme ja koe ansaitsemasi suorituskyky ja luotettavuus.<\/p>\n<table style=\"width: 100%;\" border=\"1\" width=\"100%\" cellspacing=\"0\" cellpadding=\"0\">\n<tbody>\n<tr>\n<th>Tuotteen nimi<\/th>\n<td>Uudet kaksitoimiset hitsatut hydraulisylinterit<\/td>\n<\/tr>\n<tr>\n<th>Takuu<\/th>\n<td>1 vuosi<\/td>\n<\/tr>\n<tr>\n<th>Sovellettavat toimialat<\/th>\n<td>Konekorjaamot, Maatilat, Energia ja kaivostoiminta, Koneiden valmistus, Konetehtaat<\/td>\n<\/tr>\n<tr>\n<th>Paino (kg)<\/th>\n<td>30<\/td>\n<\/tr>\n<tr>\n<th>Videon l\u00e4htev\u00e4 tarkastus<\/th>\n<td>Edellytt\u00e4en<\/td>\n<\/tr>\n<tr>\n<th>Koneiden testausraportti<\/th>\n<td>Edellytt\u00e4en<\/td>\n<\/tr>\n<tr>\n<th>Markkinointityyppi<\/th>\n<td>Uusi tuote 2023<\/td>\n<\/tr>\n<tr>\n<th>Ydinkomponenttien takuu<\/th>\n<td>1 vuosi<\/td>\n<\/tr>\n<tr>\n<th>Ydinkomponentit<\/th>\n<td>Laakerit, hydraulisylinterit<\/td>\n<\/tr>\n<tr>\n<th>Rakenne<\/th>\n<td>M\u00e4nt\u00e4sylinteri<\/td>\n<\/tr>\n<tr>\n<th>Voima<\/th>\n<td>Hydraulinen<\/td>\n<\/tr>\n<tr>\n<th>Rungon materiaali<\/th>\n<td>Kest\u00e4v\u00e4 ter\u00e4s<\/td>\n<\/tr>\n<tr>\n<th>Maksimi ty\u00f6nt\u00f6voima<\/th>\n<td>3000<\/td>\n<\/tr>\n<tr>\n<th>Tyyppi<\/th>\n<td>S\u00e4\u00e4dett\u00e4v\u00e4 haarukkatyyppinen sylinteri<\/td>\n<\/tr>\n<tr>\n<th>Portit<\/th>\n<td>G\/SAE\/NPT\/M<\/td>\n<\/tr>\n<tr>\n<th>Maksimiveto<\/th>\n<td>20 tonnia<\/td>\n<\/tr>\n<tr>\n<th>Sertifiointi<\/th>\n<td>ISO 9001:2000<\/td>\n<\/tr>\n<tr>\n<th>Rei\u00e4n koko<\/th>\n<td>2\u20136 tuumaa<\/td>\n<\/tr>\n<tr>\n<th>Tangon koko<\/th>\n<td>1,125\u20134 tuumaa<\/td>\n<\/tr>\n<tr>\n<th>Iskun koko<\/th>\n<td>4\u2013100 tuumaa<\/td>\n<\/tr>\n<tr>\n<th>Tapin koko<\/th>\n<td>0,5\u20132 tuumaa<\/td>\n<\/tr>\n<tr>\n<th>V\u00e4ri<\/th>\n<td>Musta<\/td>\n<\/tr>\n<\/tbody>\n<\/table>\n<h2>Kaksitoimisten hitsattujen hydraulisylintereiden tutkiminen<\/h2>\n<p>Tuote on pohjimmiltaan kaksitoiminen hydraulisylinteri, mik\u00e4 tarkoittaa, ett\u00e4 se k\u00e4ytt\u00e4\u00e4 hydraulista voimaa sek\u00e4 m\u00e4nn\u00e4nvarren pident\u00e4miseen ett\u00e4 vet\u00e4miseen sis\u00e4\u00e4n, mik\u00e4 mahdollistaa tarkan liikkeen ja ohjauksen. T\u00e4m\u00e4n tyyppisi\u00e4 sylintereit\u00e4 k\u00e4ytet\u00e4\u00e4n yleisesti teollisuuskoneissa ja mobiilihydrauliikassa sek\u00e4 maatalouskoneissa ja rakennusajoneuvoissa niiden suuren tehon ja kest\u00e4vyyden ansiosta.<\/p>\n<p>Sylintereill\u00e4mme on vaikuttavat tekniset tiedot ja suorituskykytiedot. Sis\u00e4halkaisijan koko vaihtelee 2\u20136 tuuman v\u00e4lill\u00e4, m\u00e4nn\u00e4nvarren koon 1,125\u20134 tuuman v\u00e4lill\u00e4, iskunpituuden 4\u2013100 tuuman v\u00e4lill\u00e4 ja tapin koon 0,5\u20132 tuuman v\u00e4lill\u00e4, joten n\u00e4m\u00e4 sylinterit on suunniteltu k\u00e4sittelem\u00e4\u00e4n erilaisia \u200b\u200braskaiden teht\u00e4vien tarpeita. Sylinterit pystyv\u00e4t tuottamaan enint\u00e4\u00e4n 3000 N ty\u00f6nt\u00f6voiman ja vet\u00e4m\u00e4\u00e4n enint\u00e4\u00e4n 20 tonnia, mik\u00e4 tekee niist\u00e4 tehokkaan lis\u00e4n mihin tahansa konej\u00e4rjestelm\u00e4\u00e4n.<\/p>\n<p>Kaksitoimiset hydraulisylinterit on valmistettu korkealaatuisesta ter\u00e4ksest\u00e4, mik\u00e4 varmistaa kest\u00e4vyyden ja pitk\u00e4ik\u00e4isyyden. Lis\u00e4ksi sylinterien musta v\u00e4ri lis\u00e4\u00e4 korroosionkest\u00e4vyyskerroksen, mik\u00e4 parantaa entisest\u00e4\u00e4n tuotteen k\u00e4ytt\u00f6ik\u00e4\u00e4 ja suorituskyky\u00e4.<\/p>\n<p>R\u00e4\u00e4t\u00e4l\u00f6itymp\u00e4\u00e4 ratkaisua tarvitseville tarjoamme hydraulisylintereillemme r\u00e4\u00e4t\u00e4l\u00f6intivaihtoehtoja. Olipa kyseess\u00e4 sitten tietty sis\u00e4halkaisijan koko, varren koko tai iskunpituus, voimme ottaa ne huomioon varmistaaksemme optimaalisen suorituskyvyn.<\/p>\n<h2>S\u00e4\u00e4dett\u00e4vien haarukkatyyppisten sylinterien edut<\/h2>\n<p>S\u00e4\u00e4dett\u00e4v\u00e4t haarukkatyyppiset sylinterit, kuten myynniss\u00e4 olevat korkealaatuiset kaksitoimiset hitsatut hydraulisylinterit, tarjoavat useita etuja erilaisissa sovelluksissa. N\u00e4m\u00e4 sylinterit on suunniteltu tarkasti ja asiantuntemuksella tarjoamaan erinomaista suorituskyky\u00e4 ja luotettavuutta. T\u00e4ss\u00e4 artikkelissa tutkimme s\u00e4\u00e4dett\u00e4vien haarukkatyyppisten sylinterien ainutlaatuisia ominaisuuksia ja etuja.<\/p>\n<p>1. Parannettu joustavuus ja s\u00e4\u00e4dett\u00e4vyys<\/p>\n<p>S\u00e4\u00e4dett\u00e4v\u00e4t haarukkatyyppiset sylinterit tunnetaan poikkeuksellisesta joustavuudestaan \u200b\u200bja s\u00e4\u00e4dett\u00e4vyydest\u00e4\u00e4n. Koska sylinterin pituutta ja haarukan sijaintia voidaan muuttaa, n\u00e4it\u00e4 sylintereit\u00e4 voidaan helposti mukauttaa vastaamaan erityisvaatimuksia. T\u00e4m\u00e4 joustavuus mahdollistaa saumattoman integroinnin eri j\u00e4rjestelmiin ja varmistaa optimaalisen suorituskyvyn erilaisissa sovelluksissa.<\/p>\n<p>2. Lis\u00e4\u00e4ntynyt kuormank\u00e4sittelykapasiteetti<\/p>\n<p>Yksi s\u00e4\u00e4dett\u00e4vien haarukkatyyppisten sylinterien t\u00e4rkeimmist\u00e4 eduista on niiden kyky k\u00e4sitell\u00e4 raskaita kuormia helposti. N\u00e4m\u00e4 sylinterit on suunniteltu kest\u00e4m\u00e4\u00e4n korkeita paineita ja tarjoamaan vankan nostokyvyn. N\u00e4iden sylinterien edistynyt suunnittelu ja rakenne mahdollistavat niiden \u00e4\u00e4rimm\u00e4isten kuormien k\u00e4sittelyn tinkim\u00e4tt\u00e4 suorituskyvyst\u00e4 tai turvallisuudesta.<\/p>\n<p>3. Tarkka paikannus ja ohjaus<\/p>\n<p>S\u00e4\u00e4dett\u00e4v\u00e4t haarukkatyyppiset sylinterit tarjoavat erinomaisen tarkan paikannuksen ja ohjauksen. Hienos\u00e4\u00e4dettyjen hydrauliikkaj\u00e4rjestelmiens\u00e4 ansiosta n\u00e4m\u00e4 sylinterit tarjoavat tarkan ja tasaisen liikkeen, mik\u00e4 mahdollistaa kuorman tarkan hallinnan. T\u00e4m\u00e4 hallinnan taso on ratkaisevan t\u00e4rke\u00e4\u00e4 sovelluksissa, joissa vaaditaan tarkkaa paikannusta, kuten materiaalink\u00e4sittelylaitteissa tai teollisuuskoneissa.<\/p>\n<p>4. Poikkeuksellinen kest\u00e4vyys ja pitk\u00e4ik\u00e4isyys<\/p>\n<p>Korkealaatuiset kaksitoimiset hitsatut hydraulisylinterit, mukaan lukien s\u00e4\u00e4dett\u00e4v\u00e4t haarukkatyyppiset sylinterit, on rakennettu kest\u00e4m\u00e4\u00e4n. N\u00e4m\u00e4 sylinterit on valmistettu kest\u00e4vist\u00e4 materiaaleista ja ne k\u00e4yv\u00e4t l\u00e4pi tiukat laadunvalvontatoimenpiteet niiden pitk\u00e4ik\u00e4isyyden ja luotettavuuden varmistamiseksi. Ne on suunniteltu kest\u00e4m\u00e4\u00e4n ankaria k\u00e4ytt\u00f6olosuhteita, kuten \u00e4\u00e4rimm\u00e4isi\u00e4 l\u00e4mp\u00f6tiloja, raskaita kuormia ja toistuvaa k\u00e4ytt\u00f6\u00e4, suorituskyky\u00e4 tai rakenteellista eheytt\u00e4 vaarantamatta.<\/p>\n<p>5. Parempi tehokkuus ja suorituskyky<\/p>\n<p>S\u00e4\u00e4dett\u00e4v\u00e4t haarukkatyyppiset sylinterit parantavat tehokkuutta ja suorituskyky\u00e4 erilaisissa j\u00e4rjestelmiss\u00e4 ja sovelluksissa. Tarkan ohjauksen ja luotettavan toiminnan ansiosta n\u00e4m\u00e4 sylinterit auttavat virtaviivaistamaan prosesseja ja optimoimaan tuottavuutta. Niiden kyky k\u00e4sitell\u00e4 raskaita kuormia ja mukautua erilaisiin vaatimuksiin varmistaa sujuvan ja tehokkaan toiminnan, s\u00e4\u00e4st\u00e4\u00e4 aikaa ja v\u00e4hent\u00e4\u00e4 seisokkiaikoja.<\/p>\n<p>Yhteenvetona voidaan todeta, ett\u00e4 s\u00e4\u00e4dett\u00e4v\u00e4t haarukkatyyppiset sylinterit, kuten myynniss\u00e4 olevat korkealaatuiset kaksitoimiset hitsatut hydraulisylinterit, tarjoavat useita etuja joustavuuden, kuormank\u00e4sittelykapasiteetin, sijoittelun, kest\u00e4vyyden ja tehokkuuden suhteen. N\u00e4m\u00e4 sylinterit on suunniteltu t\u00e4ytt\u00e4m\u00e4\u00e4n korkeimmat suorituskyky- ja luotettavuusstandardit, mik\u00e4 tekee niist\u00e4 erinomaisen valinnan monenlaisiin k\u00e4ytt\u00f6tarkoituksiin. Olipa kyseess\u00e4 sitten materiaalink\u00e4sittelylaitteet, teollisuuskoneet tai muut hydrauliset j\u00e4rjestelm\u00e4t, s\u00e4\u00e4dett\u00e4v\u00e4t haarukkatyyppiset sylinterit tarjoavat monipuolisuutta ja suorituskyky\u00e4, jota tarvitaan optimaalisten tulosten saavuttamiseksi.<img decoding=\"async\" src=\"https:\/\/fmp-components.com\/wp-content\/uploads\/2024\/12\/Adjustable-Clevis-Type-Cylinders5.webp\" alt=\"S\u00e4\u00e4dett\u00e4v\u00e4 haarukkatyyppinen sylinteri\" width=\"800\" title=\"\"><\/p>\n<h2>S\u00e4\u00e4dett\u00e4vien haarukkatyyppisten sylinterien k\u00e4ytt\u00f6<\/h2>\n<p>S\u00e4\u00e4dett\u00e4v\u00e4t haarukkatyyppiset sylinterit ovat monipuolisia hydrauliikkakomponentteja, joita k\u00e4ytet\u00e4\u00e4n monenlaisilla teollisuudenaloilla. T\u00e4ss\u00e4 on joitakin n\u00e4iden sylinterien yleisimpi\u00e4 k\u00e4ytt\u00f6tarkoituksia:<\/p>\n<ul>\n<li><strong>Valmistus:<\/strong> S\u00e4\u00e4dett\u00e4vi\u00e4 haarukkatyyppisi\u00e4 sylintereit\u00e4 k\u00e4ytet\u00e4\u00e4n laajalti valmistusprosesseissa, kuten leimauksessa, metallinmuovauksessa ja ty\u00f6st\u00f6koneissa. Niit\u00e4 k\u00e4ytet\u00e4\u00e4n voiman kohdistamiseen, osien paikallaan pit\u00e4miseen ja liikkeen ohjaamiseen. Korkealaatuiset kaksitoimiset hitsatut hydraulisylinterit ovat erityisen hy\u00f6dyllisi\u00e4 valmistusymp\u00e4rist\u00f6iss\u00e4, koska ne kest\u00e4v\u00e4t korkeaa painetta ja tarjoavat tasaisen suorituskyvyn.<\/li>\n<li><strong>Rakentaminen:<\/strong> S\u00e4\u00e4dett\u00e4vi\u00e4 haarukkatyyppisi\u00e4 sylintereit\u00e4 k\u00e4ytet\u00e4\u00e4n yleisesti my\u00f6s rakennuslaitteissa, kuten kaivinkoneissa, puskutraktoreissa ja nostureissa. N\u00e4it\u00e4 sylintereit\u00e4 k\u00e4ytet\u00e4\u00e4n raskaiden koneiden liikuttamiseen, kuormien nostamiseen ja laskemiseen sek\u00e4 erilaisten lis\u00e4laitteiden k\u00e4sittelyyn. Rakennusymp\u00e4rist\u00f6iss\u00e4 kest\u00e4vyys on avainasemassa, mink\u00e4 vuoksi myynniss\u00e4 olevat korkealaatuiset kaksitoimiset hitsatut hydraulisylintereet ovat usein edullisia.<\/li>\n<li><strong>Maatalous:<\/strong> S\u00e4\u00e4dett\u00e4vill\u00e4 haarukkatyyppisill\u00e4 sylintereill\u00e4 on ratkaiseva rooli nykyaikaisissa maatalouskoneissa, kuten traktoreissa, puimureissa ja auroissa. N\u00e4it\u00e4 sylintereit\u00e4 k\u00e4ytet\u00e4\u00e4n aurojen ja muiden lis\u00e4laitteiden liikkeen ohjaamiseen, mink\u00e4 ansiosta maanviljelij\u00e4t voivat muokata maaper\u00e4\u00e4 ja istuttaa satoa tehokkaammin. Korkealaatuiset kaksitoimiset hitsatut hydraulisylinterit ovat my\u00f6s suosittuja maatalousymp\u00e4rist\u00f6iss\u00e4 niiden luotettavuuden ja kest\u00e4vyyden ansiosta.<\/li>\n<li><strong>Kaivostoiminta:<\/strong> S\u00e4\u00e4dett\u00e4v\u00e4t haarukkatyyppiset hydraulisylinterit ovat v\u00e4ltt\u00e4m\u00e4tt\u00f6mi\u00e4 kaivoslaitteissa, joissa niit\u00e4 k\u00e4ytet\u00e4\u00e4n porien, kaivinkoneiden ja muiden raskaiden koneiden voimanl\u00e4hteen\u00e4. N\u00e4iden sylinterien on kestett\u00e4v\u00e4 \u00e4\u00e4rimm\u00e4ist\u00e4 painetta ja toimittava haastavissa ymp\u00e4rist\u00f6iss\u00e4, mink\u00e4 vuoksi korkealaatuiset kaksitoimiset hitsatut hydraulisylinterit ovat usein ensisijainen valinta myynniss\u00e4.<\/li>\n<li><strong>Kuljetus:<\/strong> S\u00e4\u00e4dett\u00e4vi\u00e4 haarukkatyyppisi\u00e4 sylintereit\u00e4 k\u00e4ytet\u00e4\u00e4n my\u00f6s erilaisissa kuljetussovelluksissa, kuten kuorma-autoissa, linja-autoissa ja lentokoneissa. N\u00e4it\u00e4 sylintereit\u00e4 k\u00e4ytet\u00e4\u00e4n erilaisten komponenttien, kuten laskutelineiden, ovien ja ramppien, voimanl\u00e4hteen\u00e4, mik\u00e4 mahdollistaa sujuvan ja tehokkaan toiminnan. Korkealaatuiset kaksitoimiset hitsatut hydraulisylinterit ovat v\u00e4ltt\u00e4m\u00e4tt\u00f6mi\u00e4 kuljetusymp\u00e4rist\u00f6iss\u00e4, joissa luotettavuus ja turvallisuus ovat kriittisi\u00e4.<\/li>\n<\/ul>\n<p>Yhteenvetona voidaan todeta, ett\u00e4 s\u00e4\u00e4dett\u00e4vien haarukkatyyppisten hydraulisylinterien k\u00e4ytt\u00f6kohteet ovat laajat ja monipuoliset, ja niit\u00e4 k\u00e4ytet\u00e4\u00e4n teollisuudessa, rakentamisessa, maataloudessa, kaivosteollisuudessa ja kuljetuksessa. N\u00e4it\u00e4 sylintereit\u00e4 valittaessa on t\u00e4rke\u00e4\u00e4 valita korkealaatuisia kaksitoimisia hitsattuja hydraulisylintereit\u00e4 myynnin varmistamiseksi optimaalisen suorituskyvyn ja kest\u00e4vyyden varmistamiseksi kaikissa ymp\u00e4rist\u00f6iss\u00e4.<img decoding=\"async\" src=\"https:\/\/fmp-components.com\/wp-content\/uploads\/2024\/12\/Application-of-Adjustable-Clevis-Type-Cylinders.webp\" alt=\"S\u00e4\u00e4dett\u00e4v\u00e4 haarukkatyyppinen sylinteri\" width=\"800\" title=\"\"><\/p>\n<h3>Tietoja FMP:st\u00e4 \u2013 Hydraulisylinteri<\/h3>\n<p>FMP on johtava yritys rakennuskoneiden osien ja kokonaisten koneiden myynniss\u00e4 ja huollossa. Meill\u00e4 on vuosien kokemus alalta ja ammattitaitoinen asiantuntijatiimi, joka tarjoaa korkealaatuisia ja luotettavia rakennuskoneiden osia ja kokonaisia \u200b\u200bkoneratkaisuja. Laaja tuotevalikoimamme sis\u00e4lt\u00e4\u00e4 maatalouskoneiden vaihteistoja, planeettavaihteistoja, teollisuusvaihteistoja, maatalouskoneiden osia ja useita niihin sopivia huipputason lis\u00e4varusteita. Olemme sitoutuneet tarjoamaan asiakkaillemme parhaita tuotteita ja palveluita. T\u00e4ss\u00e4 on joitakin syit\u00e4, miksi sinun kannattaa valita FMP hydraulisylintereiksi:<\/p>\n<ol>\n<li><strong>Korkealaatuiset ja luotettavat tuotteet:<\/strong> FMP:ll\u00e4 asetamme tuotteidemme laadun etusijalle. Luomme pitk\u00e4aikaisia \u200b\u200bja vakaita yhteisty\u00f6suhteita korkealaatuisten toimittajien kanssa ymp\u00e4ri maailmaa. Kaikki toimittamamme osat t\u00e4ytt\u00e4v\u00e4t tiukat laatustandardit.<\/li>\n<li><strong>Laaja tuotevalikoima:<\/strong> Tarjoamme laajan valikoiman hydraulisylintereit\u00e4, mukaan lukien vakio- ja r\u00e4\u00e4t\u00e4l\u00f6ityj\u00e4 sylintereit\u00e4. S\u00e4\u00e4dett\u00e4v\u00e4 haarukkatyyppinen sylinterimme on suosittu tuote, joka on eritt\u00e4in kest\u00e4v\u00e4 ja s\u00e4\u00e4dett\u00e4viss\u00e4 vastaamaan erilaisiin tarpeisiin.<\/li>\n<li><strong>Ammattimainen myyntitiimi:<\/strong> Myyntitiimimme on kokenut ja taitava rakennuskonealalla. He tuntevat uusimmat kehitystrendit ja asiakkaiden tarpeet ja voivat tarjota ammattimaista tuotekonsultointia ja \u00e4lykk\u00e4it\u00e4 ostoehdotuksia.<\/li>\n<li><strong>Tehokas logistiikka jakelussa:<\/strong> Ymm\u00e4rr\u00e4mme, ett\u00e4 oikea-aikainen toimitus on asiakkaillemme ratkaisevan t\u00e4rke\u00e4\u00e4. Siksi olemme luoneet tehokkaan logistiikka- ja jakeluj\u00e4rjestelm\u00e4n varmistaaksemme, ett\u00e4 asiakkaat saavat tarvitsemansa osat ajallaan ja t\u00e4sm\u00e4llisesti.<\/li>\n<li><strong>Kilpailukykyiset hinnat:<\/strong> FMP:ll\u00e4 tarjoamme kilpailukykyisi\u00e4 hintoja laadusta tinkim\u00e4tt\u00e4. Pyrimme tarjoamaan asiakkaillemme parhaan vastineen rahoilleen.<\/li>\n<\/ol>\n<p><img decoding=\"async\" src=\"https:\/\/fmp-components.com\/wp-content\/uploads\/2024\/12\/Adjustable-Clevis-Type-Cylinders-6.webp\" alt=\"S\u00e4\u00e4dett\u00e4v\u00e4 haarukkatyyppinen sylinteri\" width=\"807\" title=\"\"><\/p>\n<p>Olemme omistautuneet tarjoamaan asiakkaillemme korkealaatuisia tuotteita ja palveluita, ja olemme varmoja, ett\u00e4 pystymme t\u00e4ytt\u00e4m\u00e4\u00e4n hydraulisylinteritarpeesi. \u00c4l\u00e4 ep\u00e4r\u00f6i ottaa meihin yhteytt\u00e4, jos sinulla on lis\u00e4kysymyksi\u00e4 tai haluat tehd\u00e4 tilauksen.<\/p>\n<h2>Usein kysytyt kysymykset<\/h2>\n<p><strong>K: Voidaanko hydraulisylintereit\u00e4 r\u00e4\u00e4t\u00e4l\u00f6id\u00e4 tiettyjen vaatimusten mukaan?<\/strong><br \/>\nV: Kyll\u00e4, tarjoamme hydraulisylintereillemme r\u00e4\u00e4t\u00e4l\u00f6intivaihtoehtoja vastaamaan erityistarpeitasi.<\/p>\n<p><strong>K: Millainen takuu hydraulisylintereill\u00e4 on?<\/strong><br \/>\nA: Hydraulisylintereill\u00e4mme on vuoden takuu keskeisille osille \u2013 laakereille ja hydraulisylinterille.<\/p>\n<p><strong>K: Mik\u00e4 on hydraulisylintereiden toimitusaika?<\/strong><br \/>\nV: Toimitusaikamme on yleens\u00e4 25\u201335 p\u00e4iv\u00e4\u00e4 tilauksen vahvistamisesta.<\/p>\n<p><img decoding=\"async\" src=\"https:\/\/img.jiansujichilun.com\/img\/hydrauliccylinders\/T_hydrauliccylinders-5.webp\" alt=\"hydraulisylinteri\" width=\"800\" title=\"\"><\/p>\n<p>Tekij\u00e4: CX<\/p>","protected":false},"excerpt":{"rendered":"<p>High Quality Double Acting Welded Hydraulic Cylinders For Sale: Our High Quality Double Acting Welded Hydraulic Cylinders are the perfect solution for all your hydraulic power needs. These cylinders are designed to provide exceptional performance and reliability in a wide range of applications. With their double acting design, our hydraulic cylinders offer superior functionality and [&hellip;]<\/p>","protected":false},"featured_media":1338,"comment_status":"closed","ping_status":"closed","template":"","meta":{"_et_pb_use_builder":"","_et_pb_old_content":"","_et_gb_content_width":""},"product_brand":[],"product_cat":[39],"product_tag":[41,34],"class_list":{"0":"post-1345","1":"product","2":"type-product","3":"status-publish","4":"has-post-thumbnail","6":"product_cat-adjustable-clevis-type-cylinders","7":"product_tag-adjustable-clevis-type-cylinders","8":"product_tag-hydraulic-cylinder","10":"first","11":"instock","12":"product-type-simple"},"_links":{"self":[{"href":"https:\/\/fmp-components.com\/fi\/wp-json\/wp\/v2\/product\/1345","targetHints":{"allow":["GET"]}}],"collection":[{"href":"https:\/\/fmp-components.com\/fi\/wp-json\/wp\/v2\/product"}],"about":[{"href":"https:\/\/fmp-components.com\/fi\/wp-json\/wp\/v2\/types\/product"}],"replies":[{"embeddable":true,"href":"https:\/\/fmp-components.com\/fi\/wp-json\/wp\/v2\/comments?post=1345"}],"wp:featuredmedia":[{"embeddable":true,"href":"https:\/\/fmp-components.com\/fi\/wp-json\/wp\/v2\/media\/1338"}],"wp:attachment":[{"href":"https:\/\/fmp-components.com\/fi\/wp-json\/wp\/v2\/media?parent=1345"}],"wp:term":[{"taxonomy":"product_brand","embeddable":true,"href":"https:\/\/fmp-components.com\/fi\/wp-json\/wp\/v2\/product_brand?post=1345"},{"taxonomy":"product_cat","embeddable":true,"href":"https:\/\/fmp-components.com\/fi\/wp-json\/wp\/v2\/product_cat?post=1345"},{"taxonomy":"product_tag","embeddable":true,"href":"https:\/\/fmp-components.com\/fi\/wp-json\/wp\/v2\/product_tag?post=1345"}],"curies":[{"name":"wp","href":"https:\/\/api.w.org\/{rel}","templated":true}]}}