{"id":1342,"date":"2024-12-23T02:18:07","date_gmt":"2024-12-23T02:18:07","guid":{"rendered":"https:\/\/fmp-components.com\/product\/factory-price-double-acting-hydraulic-cylinder-customized-hydraulic-cylinders-for-sale\/"},"modified":"2024-12-23T03:49:45","modified_gmt":"2024-12-23T03:49:45","slug":"factory-price-double-acting-hydraulic-cylinder-customized-hydraulic-cylinders-for-sale","status":"publish","type":"product","link":"https:\/\/fmp-components.com\/fi\/product\/factory-price-double-acting-hydraulic-cylinder-customized-hydraulic-cylinders-for-sale\/","title":{"rendered":"Tehtaan hintainen kaksitoiminen hydraulisylinteri r\u00e4\u00e4t\u00e4l\u00f6ityj\u00e4 hydraulisylintereit\u00e4 myyt\u00e4v\u00e4n\u00e4"},"content":{"rendered":"<h2>Tehtaan hintainen kaksitoiminen hydraulisylinteri r\u00e4\u00e4t\u00e4l\u00f6ityj\u00e4 hydraulisylintereit\u00e4 myyt\u00e4v\u00e4n\u00e4<\/h2>\n<p>T\u00e4m\u00e4 hydraulisylinteri on suunniteltu vastaamaan raskaiden teollisuussovellusten vaatimuksiin. Se on valmistettu korkealaatuisista materiaaleista ja tarkkuudella, mik\u00e4 takaa maksimaalisen kest\u00e4vyyden ja suorituskyvyn.<\/p>\n<p>Kaksitoiminen rakenne mahdollistaa sek\u00e4 m\u00e4nn\u00e4n pident\u00e4misen ett\u00e4 vet\u00e4misen sis\u00e4\u00e4n, joten se sopii monenlaisiin k\u00e4ytt\u00f6tarkoituksiin. Hydraulisylinteri on my\u00f6s eritt\u00e4in muokattavissa, ja iskunpituutta, sylinterin sis\u00e4halkaisijaa ja kiinnityskokoonpanoa voi s\u00e4\u00e4t\u00e4\u00e4.<\/p>\n<p>T\u00e4m\u00e4n hydraulisylinterin tehdashinta varmistaa, ett\u00e4 saat parhaan vastineen rahoillesi laadusta tai suorituskyvyst\u00e4 tinkim\u00e4tt\u00e4. Tarvitsetpa hydraulisylinteri\u00e4 maatalouteen, rakennusty\u00f6maille tai teollisuuteen, t\u00e4m\u00e4 tuote on luotettava ja kustannustehokas valinta.<\/p>\n<p><img loading=\"lazy\" decoding=\"async\" class=\"alignnone size-full wp-image-1334\" src=\"https:\/\/fmp-components.com\/wp-content\/uploads\/2024\/12\/Adjustable-Clevis-Type-Cylinders-4.webp\" alt=\"S\u00e4\u00e4dett\u00e4v\u00e4t haarukkatyyppiset sylinterit\" width=\"800\" height=\"800\" title=\"\" srcset=\"https:\/\/fmp-components.com\/wp-content\/uploads\/2024\/12\/Adjustable-Clevis-Type-Cylinders-4.webp 800w, https:\/\/fmp-components.com\/wp-content\/uploads\/2024\/12\/Adjustable-Clevis-Type-Cylinders-4-480x480.webp 480w\" sizes=\"(min-width: 0px) and (max-width: 480px) 480px, (min-width: 481px) 800px, 100vw\" \/><\/p>\n<p>Investoimalla r\u00e4\u00e4t\u00e4l\u00f6ityyn hydraulisylinteriin yritykselt\u00e4mme varmistat, ett\u00e4 saat tuotteen, joka on r\u00e4\u00e4t\u00e4l\u00f6ity juuri sinun tarpeisiisi ja vaatimuksiisi. Asiantuntijatiimimme tekee tiivist\u00e4 yhteisty\u00f6t\u00e4 kanssasi varmistaakseen, ett\u00e4 saat hydraulisylinterin, joka t\u00e4ytt\u00e4\u00e4 tarkat vaatimuksesi ja ylitt\u00e4\u00e4 odotuksesi.<\/p>\n<p>Valitse tehtaan hintaan saatavat kaksitoimiset hydraulisylinterimme r\u00e4\u00e4t\u00e4l\u00f6idyt hydraulisylinterit luotettavaan ja tehokkaaseen hydrauliseen ratkaisuun, joka palvelee sinua vuosia.<\/p>\n<table style=\"width: 100%;\" border=\"1\" width=\"100%\" cellspacing=\"0\" cellpadding=\"0\">\n<tbody>\n<tr>\n<th>Kunto<\/th>\n<td>Uusi<\/td>\n<\/tr>\n<tr>\n<th>Takuu<\/th>\n<td>1 vuosi<\/td>\n<\/tr>\n<tr>\n<th>Sovellettavat toimialat<\/th>\n<td>Konekorjaamot, Maatilat, Energia ja kaivostoiminta, Koneiden valmistus, Konetehdas<\/td>\n<\/tr>\n<tr>\n<th>Paino (kg)<\/th>\n<td>30<\/td>\n<\/tr>\n<tr>\n<th>Videon l\u00e4htev\u00e4 tarkastus<\/th>\n<td>Edellytt\u00e4en<\/td>\n<\/tr>\n<tr>\n<th>Koneiden testausraportti<\/th>\n<td>Edellytt\u00e4en<\/td>\n<\/tr>\n<tr>\n<th>Markkinointityyppi<\/th>\n<td>Uusi tuote 2023<\/td>\n<\/tr>\n<tr>\n<th>Ydinkomponenttien takuu<\/th>\n<td>1 vuosi<\/td>\n<\/tr>\n<tr>\n<th>Ydinkomponentit<\/th>\n<td>Laakeri, hydraulisylinteri<\/td>\n<\/tr>\n<tr>\n<th>Vakio tai ei-standardi<\/th>\n<td>Standardi<\/td>\n<\/tr>\n<tr>\n<th>Rakenne<\/th>\n<td>M\u00e4nt\u00e4sylinteri<\/td>\n<\/tr>\n<tr>\n<th>Voima<\/th>\n<td>Hydraulinen<\/td>\n<\/tr>\n<tr>\n<th>Rungon materiaali<\/th>\n<td>Ter\u00e4s<\/td>\n<\/tr>\n<tr>\n<th>Maksimi ty\u00f6nt\u00f6voima<\/th>\n<td>3000<\/td>\n<\/tr>\n<tr>\n<th>Tyyppi<\/th>\n<td>S\u00e4\u00e4dett\u00e4v\u00e4t haarukkatyyppiset sylinterit<\/td>\n<\/tr>\n<tr>\n<th>Portit<\/th>\n<td>G\/SAE\/NPT\/M<\/td>\n<\/tr>\n<tr>\n<th>Maksimiveto<\/th>\n<td>20 tonnia<\/td>\n<\/tr>\n<tr>\n<th>Sertifiointi<\/th>\n<td>ISO 9001:2000<\/td>\n<\/tr>\n<tr>\n<th>Rei\u00e4n koko<\/th>\n<td>2\u20136 tuumaa<\/td>\n<\/tr>\n<tr>\n<th>Tangon koko<\/th>\n<td>1,125\u20134 tuumaa<\/td>\n<\/tr>\n<tr>\n<th>Iskun koko<\/th>\n<td>4\u2013100 tuumaa<\/td>\n<\/tr>\n<tr>\n<th>Tapin koko<\/th>\n<td>0,5\u20132 tuumaa<\/td>\n<\/tr>\n<tr>\n<th>V\u00e4ri<\/th>\n<td>Musta<\/td>\n<\/tr>\n<tr>\n<th>Pakkaustiedot<\/th>\n<td>Rautakotelo, vanerikotelo tai pahvilaatikko<\/td>\n<\/tr>\n<\/tbody>\n<\/table>\n<p>S\u00e4\u00e4dett\u00e4v\u00e4t haarukkatyyppiset hydraulisylinterimme ovat saatavilla vakiomuodossa erilaisilla ominaisuuksilla ja teknisill\u00e4 tiedoilla. Ne sopivat lukuisiin sovelluksiin useilla eri teollisuudenaloilla. Tuote on uusi, ja sill\u00e4 on yhden vuoden takuu. Sen keskeiset komponentit, kuten laakeri ja hydraulisylinteri, ovat mukana. Siin\u00e4 on vankka rakenne m\u00e4nt\u00e4sylinterill\u00e4 ja se toimii hydraulisella voimalla. Runkomateriaali on ter\u00e4st\u00e4, mik\u00e4 takaa kest\u00e4vyyden ja pitk\u00e4ik\u00e4isen suorituskyvyn.<\/p>\n<h2>S\u00e4\u00e4dett\u00e4vien haarukkatyyppisten sylinterien edut<\/h2>\n<ul>\n<li style=\"list-style-type: none;\">\n<ul>\n<li>Lis\u00e4\u00e4ntynyt joustavuus asennuksessa<\/li>\n<\/ul>\n<\/li>\n<\/ul>\n<p>S\u00e4\u00e4dett\u00e4v\u00e4 haarukkatyyppinen sylinteri on hydraulinen toimilaite, jossa on haarukka tangon p\u00e4\u00e4ss\u00e4. T\u00e4m\u00e4 rakenne mahdollistaa sylinterin asentamisen useisiin eri asentoihin, koska haarukkaa voidaan helposti s\u00e4\u00e4t\u00e4\u00e4 haluttuun kulmaan. T\u00e4m\u00e4 lis\u00e4\u00e4ntynyt asennuksen joustavuus tekee n\u00e4ist\u00e4 sylintereist\u00e4 ihanteellisia k\u00e4ytett\u00e4v\u00e4ksi useilla eri teollisuudenaloilla, kuten teollisuudessa, rakentamisessa ja maataloudessa.<\/p>\n<ul>\n<li style=\"list-style-type: none;\">\n<ul>\n<li>Optimoitu suorituskyky<\/li>\n<\/ul>\n<\/li>\n<\/ul>\n<p>S\u00e4\u00e4dett\u00e4v\u00e4t haarukkatyyppiset sylinterit on suunniteltu tarjoamaan optimaalista suorituskyky\u00e4 erilaisissa sovelluksissa. N\u00e4it\u00e4 sylintereit\u00e4 on saatavana sek\u00e4 yksi- ett\u00e4 kaksitoimisina malleina, ja ne voidaan r\u00e4\u00e4t\u00e4l\u00f6id\u00e4 vastaamaan erityisi\u00e4 suorituskykyvaatimuksia. Ominaisuuksien, kuten eritt\u00e4in lujan ter\u00e4srakenteen ja tarkkuuskoneistuksen, ansiosta n\u00e4m\u00e4 sylinterit on rakennettu kest\u00e4viksi ja pitk\u00e4ik\u00e4isiksi.<\/p>\n<ul>\n<li style=\"list-style-type: none;\">\n<ul>\n<li>Tehtaan hintainen kaksitoiminen hydraulisylinteri<\/li>\n<\/ul>\n<\/li>\n<\/ul>\n<p>Yksi s\u00e4\u00e4dett\u00e4vien haarukkatyyppisten sylinterien t\u00e4rkeimmist\u00e4 eduista on niiden edullisuus. N\u00e4m\u00e4 sylinterit valmistetaan virtaviivaistetulla tuotantoprosessilla, jonka ansiosta ne voidaan valmistaa alhaisemmilla kustannuksilla kuin muuntyyppiset hydraulisylinterit. T\u00e4m\u00e4 tekee niist\u00e4 houkuttelevan vaihtoehdon yrityksille, jotka etsiv\u00e4t korkealaatuisia hydraulij\u00e4rjestelmi\u00e4 edulliseen hintaan.<\/p>\n<ul>\n<li style=\"list-style-type: none;\">\n<ul>\n<li>R\u00e4\u00e4t\u00e4l\u00f6idyt hydraulisylinterit myyt\u00e4v\u00e4n\u00e4<\/li>\n<\/ul>\n<\/li>\n<\/ul>\n<p>S\u00e4\u00e4dett\u00e4vi\u00e4 haarukkatyyppisi\u00e4 sylintereit\u00e4 on saatavilla laajassa valikoimassa kokoja ja kokoonpanoja, joten oikean sylinterin l\u00f6yt\u00e4minen mihin tahansa k\u00e4ytt\u00f6tarkoitukseen on helppoa. Lis\u00e4ksi n\u00e4it\u00e4 sylintereit\u00e4 voidaan r\u00e4\u00e4t\u00e4l\u00f6id\u00e4 vastaamaan erityisvaatimuksia, kuten sylinterin halkaisijaa, iskunpituutta ja kiinnitysvaihtoehtoja. T\u00e4m\u00e4 r\u00e4\u00e4t\u00e4l\u00f6innin joustavuus tekee s\u00e4\u00e4dett\u00e4vist\u00e4 haarukkatyyppisist\u00e4 sylintereist\u00e4 ihanteellisen valinnan yrityksille, jotka tarvitsevat heid\u00e4n erityistarpeisiinsa r\u00e4\u00e4t\u00e4l\u00f6ityj\u00e4 hydraulij\u00e4rjestelmi\u00e4.<\/p>\n<ul>\n<li style=\"list-style-type: none;\">\n<ul>\n<li>Parannettu turvallisuus<\/li>\n<\/ul>\n<\/li>\n<\/ul>\n<p>S\u00e4\u00e4dett\u00e4v\u00e4t haarukkatyyppiset sylinterit on suunniteltu turvallisuus mieless\u00e4. N\u00e4iss\u00e4 sylintereiss\u00e4 on ominaisuuksia, kuten s\u00e4\u00e4dett\u00e4v\u00e4 iskunvaimennus, joka auttaa v\u00e4hent\u00e4m\u00e4\u00e4n iskuja ja t\u00e4rin\u00e4\u00e4 k\u00e4yt\u00f6n aikana. Lis\u00e4ksi n\u00e4ihin sylintereihin voidaan asentaa antureita ja muita turvalaitteita onnettomuuksien ehk\u00e4isemiseksi ja turvallisen k\u00e4yt\u00f6n varmistamiseksi erilaisissa sovelluksissa.<\/p>\n<ul>\n<li style=\"list-style-type: none;\">\n<ul>\n<li>Helppo huolto<\/li>\n<\/ul>\n<\/li>\n<\/ul>\n<p>S\u00e4\u00e4dett\u00e4v\u00e4t haarukkatyyppiset sylinterit on suunniteltu helppoon huoltoon. Irrotettavien p\u00e4\u00e4tykansien ja vaihdettavien tiivisteiden kaltaisten ominaisuuksien ansiosta n\u00e4it\u00e4 sylintereit\u00e4 on helppo huoltaa ja yll\u00e4pit\u00e4\u00e4 kent\u00e4ll\u00e4. T\u00e4m\u00e4 v\u00e4hent\u00e4\u00e4 seisokkiaikoja ja auttaa pit\u00e4m\u00e4\u00e4n hydrauliikkaj\u00e4rjestelm\u00e4t toiminnassa huipputeholla.<\/p>\n<p>Yhteenvetona voidaan todeta, ett\u00e4 s\u00e4\u00e4dett\u00e4v\u00e4t haarukkatyyppiset sylinterit tarjoavat useita etuja, jotka tekev\u00e4t niist\u00e4 ihanteellisen valinnan useille eri toimialoille. Lis\u00e4\u00e4ntyneest\u00e4 asennuksen joustavuudesta parannettuihin turvaominaisuuksiin ja helppoon huoltoon, n\u00e4m\u00e4 sylinterit tarjoavat useita etuja, jotka voivat auttaa parantamaan suorituskyky\u00e4 ja v\u00e4hent\u00e4m\u00e4\u00e4n kustannuksia. Tarvitsetpa sitten tehdashintaista kaksitoimista hydraulisylinteri\u00e4 tai r\u00e4\u00e4t\u00e4l\u00f6ity\u00e4 ratkaisua erityistarpeisiisi, s\u00e4\u00e4dett\u00e4v\u00e4t haarukkatyyppiset sylinterit ovat monipuolinen ja luotettava valinta hydraulij\u00e4rjestelmiin.<img decoding=\"async\" src=\"https:\/\/fmp-components.com\/wp-content\/uploads\/2024\/12\/Adjustable-Clevis-Type-Cylinders5.webp\" alt=\"S\u00e4\u00e4dett\u00e4v\u00e4 haarukkatyyppinen sylinteri\" width=\"800\" title=\"\"><\/p>\n<h2>S\u00e4\u00e4dett\u00e4vien haarukkatyyppisten sylinterien k\u00e4ytt\u00f6<\/h2>\n<p>S\u00e4\u00e4dett\u00e4v\u00e4t haarukkatyyppiset sylinterit ovat hydraulisylintereit\u00e4, joiden pituutta voidaan s\u00e4\u00e4t\u00e4\u00e4 tiettyjen sovellusvaatimusten mukaan. N\u00e4m\u00e4 sylinterit on suunniteltu tarjoamaan luotettavaa ja tehokasta suorituskyky\u00e4 monenlaisissa teollisissa sovelluksissa. T\u00e4ss\u00e4 artikkelissa k\u00e4sittelemme s\u00e4\u00e4dett\u00e4vien haarukkatyyppisten sylinterien erilaisia \u200b\u200bsovelluksia.<\/p>\n<h3>1. Rakennusteollisuus<\/h3>\n<p>Rakennusteollisuus on yksi yleisimmist\u00e4 s\u00e4\u00e4dett\u00e4vien haarukkatyyppisten sylinterien k\u00e4ytt\u00f6kohteista. N\u00e4it\u00e4 sylintereit\u00e4 k\u00e4ytet\u00e4\u00e4n erilaisten raskaiden koneiden, kuten nostureiden, puskutraktoreiden ja kaivinkoneiden, voimanl\u00e4hteen\u00e4. Ne sopivat erinomaisesti t\u00e4lle toimialalle, koska ne kest\u00e4v\u00e4t suuria kuormia ja ovat kest\u00e4vi\u00e4. S\u00e4\u00e4dett\u00e4vi\u00e4 haarukkatyyppisi\u00e4 sylintereit\u00e4 voidaan r\u00e4\u00e4t\u00e4l\u00f6id\u00e4 vastaamaan rakennuslaitteiden erityisvaatimuksia, mik\u00e4 tekee niist\u00e4 eritt\u00e4in monipuolisia.<\/p>\n<h3>2. Valmistava teollisuus<\/h3>\n<p>S\u00e4\u00e4dett\u00e4vi\u00e4 haarukkatyyppisi\u00e4 sylintereit\u00e4 k\u00e4ytet\u00e4\u00e4n my\u00f6s valmistusteollisuudessa monissa eri sovelluksissa. Niit\u00e4 k\u00e4ytet\u00e4\u00e4n puristimien, koneiden ja kuljetinj\u00e4rjestelmien voimanl\u00e4hteen\u00e4. N\u00e4m\u00e4 sylinterit ovat eritt\u00e4in luotettavia, mink\u00e4 ansiosta ne sopivat ihanteellisesti k\u00e4ytett\u00e4v\u00e4ksi nopeissa valmistusymp\u00e4rist\u00f6iss\u00e4. Lis\u00e4ksi niiden s\u00e4\u00e4dett\u00e4v\u00e4 pituus mahdollistaa niiden helpon integroinnin olemassa oleviin valmistusj\u00e4rjestelmiin.<\/p>\n<h3>3. Maatalousteollisuus<\/h3>\n<p>Maataloudessa k\u00e4ytet\u00e4\u00e4n my\u00f6s s\u00e4\u00e4dett\u00e4vi\u00e4 haarukkatyyppisi\u00e4 sylintereit\u00e4. N\u00e4it\u00e4 sylintereit\u00e4 k\u00e4ytet\u00e4\u00e4n maatalouslaitteissa, kuten auroissa, kultivaattoreissa ja puimureissa. Ne sopivat erinomaisesti t\u00e4lle alalle kest\u00e4vyytens\u00e4 ja ankarien ymp\u00e4rist\u00f6olosuhteidensa ansiosta. Lis\u00e4ksi niiden s\u00e4\u00e4dett\u00e4v\u00e4 pituus mahdollistaa niiden helpon integroinnin monenlaisiin maataloussovelluksiin.<\/p>\n<h3>4. Kuljetusala<\/h3>\n<p>S\u00e4\u00e4dett\u00e4vi\u00e4 haarukkatyyppisi\u00e4 sylintereit\u00e4 k\u00e4ytet\u00e4\u00e4n my\u00f6s kuljetusteollisuudessa monissa eri sovelluksissa. Niit\u00e4 k\u00e4ytet\u00e4\u00e4n kuorma-autoissa, per\u00e4vaunuissa ja linja-autoissa tarjoamaan luotettavaa ja tehokasta tehoa hydraulij\u00e4rjestelmille. N\u00e4m\u00e4 sylinterit ovat eritt\u00e4in muokattavissa, joten ne sopivat erinomaisesti k\u00e4ytett\u00e4v\u00e4ksi monenlaisissa kuljetussovelluksissa.<\/p>\n<h3>5. Meriteollisuus<\/h3>\n<p>Meriteollisuus on toinen yleinen k\u00e4ytt\u00f6kohde s\u00e4\u00e4dett\u00e4ville haarukkatyyppisille sylintereille. N\u00e4it\u00e4 sylintereit\u00e4 k\u00e4ytet\u00e4\u00e4n erilaisissa merisovelluksissa, kuten venenostimissa, nostureissa ja vinsseiss\u00e4. Ne sopivat ihanteellisesti t\u00e4lle teollisuudelle, koska ne kest\u00e4v\u00e4t ankaria meriymp\u00e4rist\u00f6j\u00e4 ja korroosiota.<\/p>\n<p>Yhteenvetona voidaan todeta, ett\u00e4 s\u00e4\u00e4dett\u00e4v\u00e4 sakkelityyppinen sylinteri on olennainen osa monenlaisissa teollisissa sovelluksissa. Niiden kest\u00e4vyys, luotettavuus ja s\u00e4\u00e4dett\u00e4v\u00e4 pituus tekev\u00e4t niist\u00e4 eritt\u00e4in monipuolisia ja mukautettavia. Olipa kyseess\u00e4 sitten rakentaminen, valmistus, maatalous, kuljetus tai meriteollisuus, s\u00e4\u00e4dett\u00e4v\u00e4t sakkelityyppiset sylinterit ovat luotettava ja tehokas voimanl\u00e4hde hydraulij\u00e4rjestelmille.<\/p>\n<p>Avainsanat: Tehtaan hintainen kaksitoiminen hydraulisylinteri, r\u00e4\u00e4t\u00e4l\u00f6idyt hydraulisylinterit myyt\u00e4v\u00e4n\u00e4.<img decoding=\"async\" src=\"https:\/\/fmp-components.com\/wp-content\/uploads\/2024\/12\/Application-of-Adjustable-Clevis-Type-Cylinders.webp\" alt=\"S\u00e4\u00e4dett\u00e4v\u00e4 haarukkatyyppinen sylinteri\" width=\"800\" title=\"\"><\/p>\n<h3>Tietoa FMP:st\u00e4 \u2013 ammattitaitoisesta hydraulisylintereiden toimittajastasi<\/h3>\n<p>Etsitk\u00f6 luotettavia ja korkealaatuisia hydraulisylintereit\u00e4 rakennuskoneisiisi? FMP on oikea valinta! Yrityksen\u00e4, jolla on vuosien kokemus alalta ja ammattitaitoinen tiimi, olemme erikoistuneet rakennuskoneiden osien ja kokonaisten koneiden myyntiin ja huoltoon. Laaja tuotevalikoimamme sis\u00e4lt\u00e4\u00e4 maatalouskoneiden vaihteistoja, teollisuusvaihteistoja, planeettavaihteistoja, maatalouskoneiden osia ja niihin sopivia huippuluokan lis\u00e4varusteita.<\/p>\n<p>T\u00e4ss\u00e4 on vain muutamia syit\u00e4, miksi sinun kannattaa valita FMP hydraulisylinterien toimittajaksi:<\/p>\n<p>1. Korkealaatuiset tuotteet \u2013 Teemme yhteisty\u00f6t\u00e4 useiden korkealaatuisten toimittajien kanssa sek\u00e4 kotimaassa ett\u00e4 ulkomailla varmistaaksemme, ett\u00e4 kaikki hydraulisylinterimme t\u00e4ytt\u00e4v\u00e4t tiukat laatustandardit. Tuotteemme ovat kest\u00e4vi\u00e4, luotettavia ja pitk\u00e4ik\u00e4isi\u00e4.<\/p>\n<p>2. Ammattitaitoinen myyntitiimi \u2013 Kokenut ja taitava myyntitiimimme tuntee rakennuskoneteollisuuden kehitystrendit ja asiakastarpeet. He voivat tarjota ammattimaista tuotekonsultointia ja \u00e4lykk\u00e4it\u00e4 ostoehdotuksia auttaakseen sinua l\u00f6yt\u00e4m\u00e4\u00e4n tarpeisiisi sopivan hydraulisylinterin.<\/p>\n<p>3. Tehokas logistiikka ja jakelu \u2013 Meill\u00e4 on tehokas logistiikkaj\u00e4rjestelm\u00e4, joka varmistaa, ett\u00e4 asiakkaat saavat tarvittavat osat ajallaan ja t\u00e4sm\u00e4llisesti. Voit luottaa siihen, ett\u00e4 toimitamme hydraulisylinterisi sinulle silloin, kun tarvitset niit\u00e4.<\/p>\n<p>4. Mukautettavat vaihtoehdot \u2013 FMP:ll\u00e4 ymm\u00e4rr\u00e4mme, ett\u00e4 jokaisella asiakkaalla on ainutlaatuiset tarpeet hydraulisylintereiden suhteen. Siksi tarjoamme mukautettavia vaihtoehtoja, jotka t\u00e4ytt\u00e4v\u00e4t erityisvaatimuksesi.<\/p>\n<p>5. Laaja tuotevalikoima \u2013 Tarjoamme laajan valikoiman hydraulisylintereit\u00e4, joista valita, mukaan lukien s\u00e4\u00e4dett\u00e4v\u00e4t haarukkatyyppiset sylinterit, hitsatut sylinterit, raidetangosylinterit ja paljon muuta. T\u00e4m\u00e4 tarkoittaa, ett\u00e4 l\u00f6yd\u00e4t t\u00e4ydellisen hydraulisylinterin rakennuskoneidesi tarpeisiin.<\/p>\n<p>Lis\u00e4ksi FMP:n avulla voit nauttia mielenrauhasta, jonka luotettavan toimittajan kanssa ty\u00f6skentely tuo. Miksi siis odottaa? Ota meihin yhteytt\u00e4 jo t\u00e4n\u00e4\u00e4n saadaksesi lis\u00e4tietoja hydraulisylintereist\u00e4mme ja siit\u00e4, miten voimme auttaa sinua t\u00e4ytt\u00e4m\u00e4\u00e4n rakennuskonetarpeesi.<\/p>\n<p><img decoding=\"async\" src=\"https:\/\/fmp-components.com\/wp-content\/uploads\/2024\/12\/Adjustable-Clevis-Type-Cylinders-6.webp\" alt=\"S\u00e4\u00e4dett\u00e4v\u00e4 haarukkatyyppinen sylinteri\" width=\"804\" title=\"\"><\/p>\n<h2>Usein kysytyt kysymykset<\/h2>\n<p><strong>K: Kuinka pitk\u00e4 on hydraulisylintereidesi takuu?<\/strong><br \/>\nA: Tarjoamme hydraulisylintereillemme yhden vuoden takuun.<\/p>\n<p><strong>K: Mist\u00e4 materiaaleista hydraulisylinterinne on valmistettu?<\/strong><br \/>\nA: Hydraulisylinterimme on valmistettu kest\u00e4v\u00e4st\u00e4 ja lujatekoisesta ter\u00e4ksest\u00e4.<\/p>\n<p><strong>K: Mitk\u00e4 teollisuudenalat voivat k\u00e4ytt\u00e4\u00e4 hydraulisylintereit\u00e4si?<\/strong><br \/>\nA: Hydraulisylintereit\u00e4mme voidaan k\u00e4ytt\u00e4\u00e4 konepajoissa, maatiloilla, energia- ja kaivosteollisuudessa, konevalmistuksessa ja tehtaissa.<\/p>\n<p><img decoding=\"async\" src=\"https:\/\/img.jiansujichilun.com\/img\/hydrauliccylinders\/B_hydrauliccylinders-4.webp\" alt=\"hydraulisylinteri\" width=\"800\" title=\"\"><\/p>\n<p>Tekij\u00e4: CX<\/p>","protected":false},"excerpt":{"rendered":"<p>Factory Price Double Acting Hydraulic Cylinder Customized Hydraulic Cylinders For Sale This hydraulic cylinder is designed to meet the demands of heavy-duty industrial applications. It is built with high-quality materials and precision engineering to ensure maximum durability and performance. The double-acting design allows for both extension and retraction of the piston, making it suitable for [&hellip;]<\/p>","protected":false},"featured_media":1338,"comment_status":"closed","ping_status":"closed","template":"","meta":{"_et_pb_use_builder":"","_et_pb_old_content":"","_et_gb_content_width":""},"product_brand":[],"product_cat":[39],"product_tag":[41,34],"class_list":{"0":"post-1342","1":"product","2":"type-product","3":"status-publish","4":"has-post-thumbnail","6":"product_cat-adjustable-clevis-type-cylinders","7":"product_tag-adjustable-clevis-type-cylinders","8":"product_tag-hydraulic-cylinder","10":"first","11":"instock","12":"product-type-simple"},"_links":{"self":[{"href":"https:\/\/fmp-components.com\/fi\/wp-json\/wp\/v2\/product\/1342","targetHints":{"allow":["GET"]}}],"collection":[{"href":"https:\/\/fmp-components.com\/fi\/wp-json\/wp\/v2\/product"}],"about":[{"href":"https:\/\/fmp-components.com\/fi\/wp-json\/wp\/v2\/types\/product"}],"replies":[{"embeddable":true,"href":"https:\/\/fmp-components.com\/fi\/wp-json\/wp\/v2\/comments?post=1342"}],"wp:featuredmedia":[{"embeddable":true,"href":"https:\/\/fmp-components.com\/fi\/wp-json\/wp\/v2\/media\/1338"}],"wp:attachment":[{"href":"https:\/\/fmp-components.com\/fi\/wp-json\/wp\/v2\/media?parent=1342"}],"wp:term":[{"taxonomy":"product_brand","embeddable":true,"href":"https:\/\/fmp-components.com\/fi\/wp-json\/wp\/v2\/product_brand?post=1342"},{"taxonomy":"product_cat","embeddable":true,"href":"https:\/\/fmp-components.com\/fi\/wp-json\/wp\/v2\/product_cat?post=1342"},{"taxonomy":"product_tag","embeddable":true,"href":"https:\/\/fmp-components.com\/fi\/wp-json\/wp\/v2\/product_tag?post=1342"}],"curies":[{"name":"wp","href":"https:\/\/api.w.org\/{rel}","templated":true}]}}