{"id":1341,"date":"2024-12-23T02:18:07","date_gmt":"2024-12-23T02:18:07","guid":{"rendered":"https:\/\/fmp-components.com\/product\/factory-price-mini-hydraulic-cylinders-piston-mini-hydraulic-cylinders\/"},"modified":"2024-12-23T03:49:52","modified_gmt":"2024-12-23T03:49:52","slug":"factory-price-mini-hydraulic-cylinders-piston-mini-hydraulic-cylinders","status":"publish","type":"product","link":"https:\/\/fmp-components.com\/fi\/product\/factory-price-mini-hydraulic-cylinders-piston-mini-hydraulic-cylinders\/","title":{"rendered":"Tehtaan hinta Mini Hydraulisylinterit M\u00e4nt\u00e4 Mini Hydraulisylinterit"},"content":{"rendered":"<p>Tehdashintaiset mini-hydraulisylinterit M\u00e4nt\u00e4minihydraulisylinterit tarjoavat kustannustehokkaan ratkaisun erilaisiin teollisiin sovelluksiin. N\u00e4m\u00e4 hydraulisylinterit ovat kompakteja, kest\u00e4vi\u00e4 ja tarjoavat korkean suorituskyvyn.<\/p>\n<p>M\u00e4nt\u00e4minihydrauliset sylinterit on suunniteltu tuottamaan lineaarista voimaa ja liikett\u00e4 hydraulinesteen paineesta. Niit\u00e4 on saatavana eri kokoisina, iskunpituuksina ja reikien halkaisijoina erilaisten vaatimusten t\u00e4ytt\u00e4miseksi. N\u00e4m\u00e4 sylinterit sopivat ihanteellisesti k\u00e4ytett\u00e4v\u00e4ksi rakennuskoneissa, maatalouskoneissa ja muissa teollisissa sovelluksissa.<\/p>\n<p>Tehdashintaiset minihydraulisylinterit, m\u00e4nt\u00e4minihydraulisylinterit, on valmistettu korkealaatuisista materiaaleista luotettavuuden ja pitk\u00e4n k\u00e4ytt\u00f6i\u00e4n varmistamiseksi. Sylinterit on suunniteltu kest\u00e4m\u00e4\u00e4n korkeaa painetta ja raskaita kuormia, joten ne sopivat erinomaisesti k\u00e4ytett\u00e4v\u00e4ksi vaativissa ymp\u00e4rist\u00f6iss\u00e4.<\/p>\n<p>Yhteenvetona voidaan todeta, ett\u00e4 jos etsit luotettavaa ja kustannustehokasta ratkaisua teollisiin sovelluksiisi, tehdashintaiset minihydraulisylinterit, m\u00e4nt\u00e4minihydraulisylinterit, ovat erinomainen valinta. Niiden kompakti rakenne, kest\u00e4vyys ja korkea suorituskyky tekev\u00e4t niist\u00e4 t\u00e4ydellisen valinnan monenlaisiin sovelluksiin.<\/p>\n<p><img loading=\"lazy\" decoding=\"async\" class=\"alignnone size-full wp-image-1334\" src=\"https:\/\/fmp-components.com\/wp-content\/uploads\/2024\/12\/Adjustable-Clevis-Type-Cylinders-4.webp\" alt=\"S\u00e4\u00e4dett\u00e4v\u00e4t haarukkatyyppiset sylinterit\" width=\"800\" height=\"800\" title=\"\" srcset=\"https:\/\/fmp-components.com\/wp-content\/uploads\/2024\/12\/Adjustable-Clevis-Type-Cylinders-4.webp 800w, https:\/\/fmp-components.com\/wp-content\/uploads\/2024\/12\/Adjustable-Clevis-Type-Cylinders-4-480x480.webp 480w\" sizes=\"(min-width: 0px) and (max-width: 480px) 480px, (min-width: 481px) 800px, 100vw\" \/><\/p>\n<table style=\"width: 100%;\" border=\"1\" width=\"100%\" cellspacing=\"0\" cellpadding=\"0\">\n<tbody>\n<tr>\n<th>Tuotteen nimi<\/th>\n<td>Mini-hydrauliset sylinterit<\/td>\n<\/tr>\n<tr>\n<th>Kunto<\/th>\n<td>Uusi<\/td>\n<\/tr>\n<tr>\n<th>Hinta<\/th>\n<td>Tehtaan hinta<\/td>\n<\/tr>\n<tr>\n<th>Virtal\u00e4hde<\/th>\n<td>Hydraulinen<\/td>\n<\/tr>\n<tr>\n<th>Rungon materiaali<\/th>\n<td>Kest\u00e4v\u00e4 ter\u00e4s<\/td>\n<\/tr>\n<tr>\n<th>Maksimi ty\u00f6nt\u00f6voima<\/th>\n<td>3000<\/td>\n<\/tr>\n<tr>\n<th>Maksimiveto<\/th>\n<td>20 tonnia<\/td>\n<\/tr>\n<tr>\n<th>Tyyppi<\/th>\n<td>S\u00e4\u00e4dett\u00e4v\u00e4 haarukkatyyppinen sylinteri<\/td>\n<\/tr>\n<tr>\n<th>Portit<\/th>\n<td>G\/SAE\/NPT\/M<\/td>\n<\/tr>\n<tr>\n<th>Rei\u00e4n koko<\/th>\n<td>2\u20136 tuumaa<\/td>\n<\/tr>\n<tr>\n<th>Tangon koko<\/th>\n<td>1,125\u20134 tuumaa<\/td>\n<\/tr>\n<tr>\n<th>Iskun koko<\/th>\n<td>4\u2013100 tuumaa<\/td>\n<\/tr>\n<tr>\n<th>Tapin koko<\/th>\n<td>0,5\u20132 tuumaa<\/td>\n<\/tr>\n<tr>\n<th>V\u00e4ri<\/th>\n<td>Tyylik\u00e4s musta<\/td>\n<\/tr>\n<tr>\n<th>Sertifiointi<\/th>\n<td>ISO 9001:2000<\/td>\n<\/tr>\n<tr>\n<th>Pakkausvaihtoehdot<\/th>\n<td>Rautakotelo, vanerikotelo tai pahvilaatikko<\/td>\n<\/tr>\n<tr>\n<th>Sovellettavat toimialat<\/th>\n<td>Konekorjaamot, Maatilat, Energia ja kaivostoiminta, Koneiden valmistus, Konetehtaat<\/td>\n<\/tr>\n<\/tbody>\n<\/table>\n<p>&nbsp;<\/p>\n<h2>S\u00e4\u00e4dett\u00e4vien haarukkatyyppisten sylinterien edut<\/h2>\n<p>S\u00e4\u00e4dett\u00e4v\u00e4t haarukkatyyppiset sylinterit, kuten tehdashintaiset minihydraulisylinterit, tarjoavat lukuisia etuja erilaisissa sovelluksissa ainutlaatuisen rakenteensa ja toiminnallisuutensa ansiosta. T\u00e4ss\u00e4 artikkelissa tutkimme n\u00e4iden sylinterien t\u00e4rkeimpi\u00e4 etuja ja syvennymme niiden yksityiskohtaisiin kuvauksiin.<\/p>\n<h3>1. Parannettu joustavuus ja r\u00e4\u00e4t\u00e4l\u00f6inti<\/h3>\n<p>Yksi s\u00e4\u00e4dett\u00e4vien haarukkatyyppisten sylinterien t\u00e4rkeimmist\u00e4 eduista on niiden kyky tarjota parannettua joustavuutta ja r\u00e4\u00e4t\u00e4l\u00f6intivaihtoehtoja. N\u00e4m\u00e4 sylinterit on suunniteltu s\u00e4\u00e4dett\u00e4vill\u00e4 haarukkakiinnikkeill\u00e4, joiden avulla k\u00e4ytt\u00e4j\u00e4t voivat helposti muokata asennusasentoa ja -kulmaa omien vaatimustensa mukaan. T\u00e4m\u00e4 joustavuus mahdollistaa sylinterien saumattoman integroinnin monenlaisiin sovelluksiin, mik\u00e4 varmistaa optimaalisen suorituskyvyn ja tehokkuuden.<\/p>\n<h3>2. Tarkat iskunvaimennuksen s\u00e4\u00e4d\u00f6t<\/h3>\n<p>S\u00e4\u00e4dett\u00e4v\u00e4t haarukkatyyppiset sylinterit sopivat erinomaisesti sovelluksiin, joissa tarvitaan tarkkaa iskunpituuden s\u00e4\u00e4t\u00f6\u00e4. N\u00e4iss\u00e4 sylintereiss\u00e4 on kierteitetty haarukka, joka mahdollistaa sylinterin iskunpituuden hienos\u00e4\u00e4d\u00f6n. T\u00e4m\u00e4 hallinnan taso varmistaa tarkan liikkeen ja sijoittelun, mik\u00e4 tekee niist\u00e4 ihanteellisia teht\u00e4viin, jotka vaativat suurta tarkkuutta ja t\u00e4sm\u00e4llisyytt\u00e4.<\/p>\n<h3>3. Lis\u00e4\u00e4ntynyt kuormankantokyky<\/h3>\n<p>Vankan rakenteensa ja edistyksellisen suunnittelunsa ansiosta s\u00e4\u00e4dett\u00e4v\u00e4t haarukkatyyppiset sylinterit tarjoavat suuremman kuormankantokyvyn verrattuna muihin sylintereihin. N\u00e4m\u00e4 sylinterit on suunniteltu kest\u00e4m\u00e4\u00e4n raskaita kuormia ja ankaria k\u00e4ytt\u00f6olosuhteita, mink\u00e4 ansiosta ne sopivat vaativiin sovelluksiin, jotka vaativat suuria nosto- tai ty\u00f6nt\u00f6voimia. Niiden luotettava suorituskyky ja kest\u00e4vyys tekev\u00e4t niist\u00e4 ensisijaisen valinnan esimerkiksi rakentamisessa, valmistuksessa ja materiaalink\u00e4sittelyss\u00e4.<\/p>\n<h3>4. Parannetut turvatoimenpiteet<\/h3>\n<p>S\u00e4\u00e4dett\u00e4v\u00e4t haarukkatyyppiset sylinterit asettavat turvallisuuden k\u00e4yt\u00f6n aikana etusijalle. Ne on usein varustettu turvaominaisuuksilla, kuten ylikuormitussuojaventtiileill\u00e4, jotka est\u00e4v\u00e4t sylinterin ja muiden komponenttien vaurioitumisen liiallisen kuormituksen tai paineen sattuessa. Lis\u00e4ksi n\u00e4ill\u00e4 sylintereill\u00e4 on erinomainen vakaus ja kest\u00e4vyys ulkoisia iskuja vastaan, mik\u00e4 v\u00e4hent\u00e4\u00e4 onnettomuuksien tai laitevikojen riski\u00e4.<\/p>\n<h3>5. Tehokas energiankulutus<\/h3>\n<p>S\u00e4\u00e4dett\u00e4vien haarukkatyyppisten sylinterien toinen huomattava etu on niiden tehokas energiankulutus. N\u00e4m\u00e4 sylinterit on suunniteltu minimoimaan energiah\u00e4vi\u00f6it\u00e4 optimoimalla sis\u00e4isi\u00e4 virtausreittej\u00e4 ja v\u00e4hent\u00e4m\u00e4ll\u00e4 kitkaa. T\u00e4m\u00e4 energiatehokas toiminta ei ainoastaan \u200b\u200balenna k\u00e4ytt\u00f6kustannuksia, vaan my\u00f6s edist\u00e4\u00e4 vihre\u00e4mp\u00e4\u00e4 ja kest\u00e4v\u00e4mp\u00e4\u00e4 ymp\u00e4rist\u00f6\u00e4.<\/p>\n<p>S\u00e4\u00e4dett\u00e4v\u00e4t haarukkatyyppiset sylinterit, kuten tehdashintaiset minihydraulisylinterit, tarjoavat monia etuja, jotka tekev\u00e4t niist\u00e4 arvokkaan valinnan erilaisiin k\u00e4ytt\u00f6tarkoituksiin. Niiden parannettu joustavuus, tarkat iskun s\u00e4\u00e4d\u00f6t, lis\u00e4\u00e4ntynyt kuormankantokyky, parannetut turvatoimenpiteet ja tehokas energiankulutus erottavat ne muista sylinterityypeist\u00e4. Sis\u00e4llytt\u00e4m\u00e4ll\u00e4 n\u00e4m\u00e4 sylinterit projekteihisi voit saavuttaa optimaalisen suorituskyvyn, paremman tuottavuuden ja kustannustehokkuuden.<\/p>\n<p><img decoding=\"async\" src=\"https:\/\/fmp-components.com\/wp-content\/uploads\/2024\/12\/Adjustable-Clevis-Type-Cylinders5.webp\" alt=\"S\u00e4\u00e4dett\u00e4v\u00e4 haarukkatyyppinen sylinteri\" width=\"800\" title=\"\"><\/p>\n<h2>S\u00e4\u00e4dett\u00e4vien haarukkatyyppisten sylinterien k\u00e4ytt\u00f6<\/h2>\n<p>S\u00e4\u00e4dett\u00e4v\u00e4t haarukkatyyppiset sylinterit ovat monipuolisia hydraulilaitteita, joilla on laaja valikoima sovelluksia eri teollisuudenaloilla. T\u00e4ss\u00e4 on joitakin n\u00e4iden sylinterien t\u00e4rkeimmist\u00e4 sovelluksista:<\/p>\n<p>1. <strong>Rakennusteollisuus<\/strong><br \/>\nS\u00e4\u00e4dett\u00e4vi\u00e4 haarukkatyyppisi\u00e4 sylintereit\u00e4 k\u00e4ytet\u00e4\u00e4n laajalti rakennusteollisuudessa raskaisiin sovelluksiin, kuten raskaiden kuormien nostamiseen ja siirt\u00e4miseen. N\u00e4m\u00e4 sylinterit sopivat erinomaisesti esimerkiksi kaivu-, poraus- ja purkut\u00f6ihin. Niiden kyky tarjota tarkkaa ohjausta ja nostovoimaa tekee niist\u00e4 suositun valinnan t\u00e4ll\u00e4 alalla. Lis\u00e4ksi niiden kyky kest\u00e4\u00e4 ankaria olosuhteita ja kulumista tekee niist\u00e4 eritt\u00e4in kest\u00e4vi\u00e4, mik\u00e4 tekee niist\u00e4 ihanteellisia vaativiin rakennussovelluksiin.<\/p>\n<p>2. <strong>Valmistava teollisuus<\/strong><br \/>\nValmistusteollisuus on toinen sektori, jossa s\u00e4\u00e4dett\u00e4vi\u00e4 haarukkatyyppisi\u00e4 sylintereit\u00e4 k\u00e4ytet\u00e4\u00e4n laajalti. N\u00e4it\u00e4 sylintereit\u00e4 k\u00e4ytet\u00e4\u00e4n monenlaisten valmistuslaitteiden, kuten kuljetinhihnojen, puristimien ja leikkauskoneiden, voimanl\u00e4hteen\u00e4. N\u00e4iden sylinterien pituuden s\u00e4\u00e4t\u00f6mahdollisuus tekee niist\u00e4 ihanteellisia k\u00e4ytett\u00e4v\u00e4ksi valmistuslaitteissa, jotka vaativat tarkkaa liikett\u00e4 ja ohjausta. Lis\u00e4ksi niiden kompakti koko tekee niiden asentamisesta helppoa ahtaissa tiloissa.<\/p>\n<p>3. <strong>Maatalousteollisuus<\/strong><br \/>\nMaatalousteollisuus on my\u00f6s s\u00e4\u00e4dett\u00e4vien haarukkatyyppisten sylinterien merkitt\u00e4v\u00e4 k\u00e4ytt\u00e4j\u00e4. N\u00e4it\u00e4 sylintereit\u00e4 k\u00e4ytet\u00e4\u00e4n laajalti maatalouskoneissa, kuten traktoreissa ja puimureissa. Kyky hallita tarkasti liikett\u00e4 ja voimaa tekee n\u00e4ist\u00e4 sylintereist\u00e4 ihanteellisia esimerkiksi kynt\u00e4miseen, istutukseen ja sadonkorjuuseen. N\u00e4iden sylinterien kompakti koko tekee niist\u00e4 my\u00f6s helposti asennettavia maatalouskoneisiin, mik\u00e4 lis\u00e4\u00e4 niiden monipuolisuutta t\u00e4ll\u00e4 alalla.<\/p>\n<p>4. <strong>Kuljetusala<\/strong><br \/>\nKuljetusalalla k\u00e4ytet\u00e4\u00e4n my\u00f6s s\u00e4\u00e4dett\u00e4vi\u00e4 haarukkatyyppisi\u00e4 sylintereit\u00e4 erilaisissa sovelluksissa. N\u00e4it\u00e4 sylintereit\u00e4 k\u00e4ytet\u00e4\u00e4n ajoneuvojen, kuten kuorma-autojen ja linja-autojen, jousitusj\u00e4rjestelmiss\u00e4, jotka tarjoavat matkustajille tasaisen ja mukavan kyydin. Lis\u00e4ksi n\u00e4it\u00e4 sylintereit\u00e4 k\u00e4ytet\u00e4\u00e4n raskaiden ajoneuvojen, kuten nostureiden ja kaivinkoneiden, hydraulij\u00e4rjestelmiss\u00e4, jotka tarjoavat n\u00e4iden ajoneuvojen teht\u00e4vien suorittamiseen tarvittavan nostovoiman.<\/p>\n<p>Yhteenvetona voidaan todeta, ett\u00e4 s\u00e4\u00e4dett\u00e4v\u00e4t sakkelityyppiset sylinterit ovat monipuolisia hydraulilaitteita, joita k\u00e4ytet\u00e4\u00e4n laajalti eri teollisuudenaloilla. Niiden kyky tarjota tarkkaa ohjausta ja nostovoimaa sek\u00e4 kest\u00e4vyys ja kompakti koko tekev\u00e4t niist\u00e4 ihanteellisia raskaisiin sovelluksiin, joissa tarkkuus ja luotettavuus ovat ratkaisevan t\u00e4rkeit\u00e4. Tehdashintaisten minihydraulisylinterien (m\u00e4nt\u00e4minihydraulisylinterit) ansiosta n\u00e4m\u00e4 sylinterit tarjoavat edullisen ja tehokkaan ratkaisun monenlaisiin hydraulisiin sovelluksiin.<img decoding=\"async\" src=\"https:\/\/fmp-components.com\/wp-content\/uploads\/2024\/12\/Application-of-Adjustable-Clevis-Type-Cylinders.webp\" alt=\"S\u00e4\u00e4dett\u00e4v\u00e4 haarukkatyyppinen sylinteri\" width=\"800\" title=\"\"><\/p>\n<h3>Tietoja FMP:st\u00e4 \u2013 Hydraulisylinteri<\/h3>\n<p><img decoding=\"async\" src=\"https:\/\/fmp-components.com\/wp-content\/uploads\/2024\/12\/Adjustable-Clevis-Type-Cylinders-6.webp\" alt=\"S\u00e4\u00e4dett\u00e4v\u00e4 haarukkatyyppinen sylinteri\" width=\"803\" title=\"\"><\/p>\n<p>FMP:ll\u00e4 olemme erikoistuneet hydraulisylintereiden tuotantoon ja myyntiin. Laajan kokemuksemme alalta ja ammattitaitoisen tiimimme avulla pyrimme tarjoamaan asiakkaillemme korkealaatuisia ja luotettavia tuotteita. T\u00e4ss\u00e4 on viisi t\u00e4rkeint\u00e4 etua, joita hydraulisylintereidemme valitsemisessa on:<\/p>\n<p>1. Erinomainen laatu: Hydraulisylinterimme valmistetaan huippuluokan materiaaleista ja edistyneest\u00e4 teknologiasta, mik\u00e4 takaa poikkeuksellisen suorituskyvyn ja kest\u00e4vyyden. Asetamme laadun etusijalle t\u00e4ytt\u00e4\u00e4ksemme korkeimmat standardit ja ylitt\u00e4\u00e4ksemme asiakkaiden odotukset.<\/p>\n<p>2. Laaja valikoima vaihtoehtoja: Tarjoamme laajan valikoiman hydraulisylintereit\u00e4 erilaisiin tarpeisiin. Tarvitsetpa sitten yksi- tai kaksitoimisia sylintereit\u00e4, teleskooppisylintereit\u00e4 tai r\u00e4\u00e4t\u00e4l\u00f6ityj\u00e4 malleja, meill\u00e4 on t\u00e4ydellinen ratkaisu erityistarpeisiisi.<\/p>\n<p>3. Asiantuntijakonsultointi: Kokeneella myyntitiimill\u00e4mme on syv\u00e4llinen tiet\u00e4mys rakennuskoneteollisuudesta. He tuntevat hyvin uusimmat kehitystrendit ja asiakkaiden tarpeet, mink\u00e4 ansiosta he voivat tarjota ammattimaista tuotekonsultointia. Olemme sitoutuneet auttamaan sinua tekem\u00e4\u00e4n tietoon perustuvia p\u00e4\u00e4t\u00f6ksi\u00e4 ja valitsemaan oikean hydraulisylinterin k\u00e4ytt\u00f6tarpeisiisi.<\/p>\n<p>4. Tehokas logistiikka: Ymm\u00e4rr\u00e4mme oikea-aikaisen toimituksen t\u00e4rkeyden. Tehokkaan logistiikka-jakeluj\u00e4rjestelm\u00e4mme avulla varmistamme, ett\u00e4 tilaamasi hydraulisylinterit toimitetaan sinulle viipym\u00e4tt\u00e4. Luotettava ja tarkka toimitusprosessimme takaa, ett\u00e4 saat tarvitsemasi osat juuri silloin, kun niit\u00e4 tarvitset.<\/p>\n<p>5. Luotettavat kumppanuudet: FMP on luonut pitk\u00e4aikaisia \u200b\u200bja vakaita suhteita korkealaatuisiin toimittajiin sek\u00e4 kotimaassa ett\u00e4 kansainv\u00e4lisesti. T\u00e4m\u00e4n ansiosta voimme hankkia hydraulisylintereihimme vain parhaat komponentit ja varmistaa, ett\u00e4 jokainen osa t\u00e4ytt\u00e4\u00e4 tiukat laatustandardit. Pid\u00e4mme luotettavuutta kumppanuuksissamme ensisijaisena tavoitteena tarjotaksemme sinulle korkeimman mahdollisen tyytyv\u00e4isyyden.<\/p>\n<p>Valitse FMP hydraulisylinteritarpeisiisi ja koe tarjoamamme erinomaisuus. Ota meihin yhteytt\u00e4 jo t\u00e4n\u00e4\u00e4n keskustellaksesi tarpeistasi ja aloittaaksesi menestyksekk\u00e4\u00e4n yhteisty\u00f6n.<\/p>\n<p>Tekij\u00e4: CX<\/p>","protected":false},"excerpt":{"rendered":"<p>Factory Price Mini Hydraulic Cylinders Piston Mini Hydraulic Cylinders provide a cost-effective solution for various industrial applications. These hydraulic cylinders are compact, durable and offer high performance. The piston mini hydraulic cylinders are designed to generate linear force and motion from hydraulic fluid pressure. They are available in various sizes, stroke lengths, and bore diameters [&hellip;]<\/p>","protected":false},"featured_media":1336,"comment_status":"closed","ping_status":"closed","template":"","meta":{"_et_pb_use_builder":"","_et_pb_old_content":"","_et_gb_content_width":""},"product_brand":[],"product_cat":[39],"product_tag":[41,34],"class_list":{"0":"post-1341","1":"product","2":"type-product","3":"status-publish","4":"has-post-thumbnail","6":"product_cat-adjustable-clevis-type-cylinders","7":"product_tag-adjustable-clevis-type-cylinders","8":"product_tag-hydraulic-cylinder","10":"first","11":"instock","12":"product-type-simple"},"_links":{"self":[{"href":"https:\/\/fmp-components.com\/fi\/wp-json\/wp\/v2\/product\/1341","targetHints":{"allow":["GET"]}}],"collection":[{"href":"https:\/\/fmp-components.com\/fi\/wp-json\/wp\/v2\/product"}],"about":[{"href":"https:\/\/fmp-components.com\/fi\/wp-json\/wp\/v2\/types\/product"}],"replies":[{"embeddable":true,"href":"https:\/\/fmp-components.com\/fi\/wp-json\/wp\/v2\/comments?post=1341"}],"wp:featuredmedia":[{"embeddable":true,"href":"https:\/\/fmp-components.com\/fi\/wp-json\/wp\/v2\/media\/1336"}],"wp:attachment":[{"href":"https:\/\/fmp-components.com\/fi\/wp-json\/wp\/v2\/media?parent=1341"}],"wp:term":[{"taxonomy":"product_brand","embeddable":true,"href":"https:\/\/fmp-components.com\/fi\/wp-json\/wp\/v2\/product_brand?post=1341"},{"taxonomy":"product_cat","embeddable":true,"href":"https:\/\/fmp-components.com\/fi\/wp-json\/wp\/v2\/product_cat?post=1341"},{"taxonomy":"product_tag","embeddable":true,"href":"https:\/\/fmp-components.com\/fi\/wp-json\/wp\/v2\/product_tag?post=1341"}],"curies":[{"name":"wp","href":"https:\/\/api.w.org\/{rel}","templated":true}]}}