{"id":1335,"date":"2024-12-23T02:18:07","date_gmt":"2024-12-23T02:18:07","guid":{"rendered":"https:\/\/fmp-components.com\/product\/professional-10-ton-hydraulic-cylinder-piston-customized-hydraulic-cylinder\/"},"modified":"2024-12-23T03:50:08","modified_gmt":"2024-12-23T03:50:08","slug":"professional-10-ton-hydraulic-cylinder-piston-customized-hydraulic-cylinder","status":"publish","type":"product","link":"https:\/\/fmp-components.com\/fi\/product\/professional-10-ton-hydraulic-cylinder-piston-customized-hydraulic-cylinder\/","title":{"rendered":"Ammattimainen 10 tonnin hydraulisylinterin m\u00e4nt\u00e4 r\u00e4\u00e4t\u00e4l\u00f6ity hydraulisylinteri"},"content":{"rendered":"<h2>Esittelyss\u00e4 ammattimainen 10 tonnin hydraulisylinterim\u00e4nt\u00e4inen r\u00e4\u00e4t\u00e4l\u00f6ity hydraulisylinteri:<\/h2>\n<p>Ammattimainen 10 tonnin hydraulisylinterim\u00e4nt\u00e4inen r\u00e4\u00e4t\u00e4l\u00f6ity hydraulisylinteri on korkealaatuinen ja kest\u00e4v\u00e4 tuote, joka on suunniteltu vastaamaan erilaisten hydraulisten sovellusten erityistarpeisiin. 10 tonnin enimm\u00e4iskuormituskapasiteetillaan se tarjoaa poikkeuksellista lujuutta ja luotettavuutta raskaisiin teht\u00e4viin.<\/p>\n<p>T\u00e4ss\u00e4 hydraulisylinteriss\u00e4 on r\u00e4\u00e4t\u00e4l\u00f6ity m\u00e4nn\u00e4n rakenne, joka mahdollistaa tarkan ohjauksen ja tasaisen toiminnan. M\u00e4nt\u00e4 on suunniteltu kest\u00e4m\u00e4\u00e4n korkeita paineita, mik\u00e4 varmistaa tehokkaan suorituskyvyn ja pitk\u00e4n k\u00e4ytt\u00f6i\u00e4n.<\/p>\n<p>Ammattimainen 10 tonnin hydraulisylinterin m\u00e4nt\u00e4mallin r\u00e4\u00e4t\u00e4l\u00f6ity hydraulisylinteri on valmistettu ensiluokkaisista materiaaleista, mik\u00e4 takaa sen kest\u00e4vyyden vaativissa olosuhteissa ja usein toistuvassa k\u00e4yt\u00f6ss\u00e4. Se on korroosionkest\u00e4v\u00e4, joten se sopii sek\u00e4 sis\u00e4- ett\u00e4 ulkok\u00e4ytt\u00f6\u00f6n.<\/p>\n<p><img loading=\"lazy\" decoding=\"async\" class=\"alignnone size-full wp-image-1334\" src=\"https:\/\/fmp-components.com\/wp-content\/uploads\/2024\/12\/Adjustable-Clevis-Type-Cylinders-4.webp\" alt=\"S\u00e4\u00e4dett\u00e4v\u00e4t haarukkatyyppiset sylinterit\" width=\"800\" height=\"800\" title=\"\" srcset=\"https:\/\/fmp-components.com\/wp-content\/uploads\/2024\/12\/Adjustable-Clevis-Type-Cylinders-4.webp 800w, https:\/\/fmp-components.com\/wp-content\/uploads\/2024\/12\/Adjustable-Clevis-Type-Cylinders-4-480x480.webp 480w\" sizes=\"(min-width: 0px) and (max-width: 480px) 480px, (min-width: 481px) 800px, 100vw\" \/><\/p>\n<p>K\u00e4ytt\u00e4j\u00e4yst\u00e4v\u00e4llisen rakenteensa ansiosta t\u00e4m\u00e4 hydraulisylinteri on helppo asentaa ja huoltaa. Kompaktin kokonsa ansiosta se sopii monenlaisiin laitteisiin ja koneisiin, mik\u00e4 tekee siit\u00e4 monipuolisen valinnan eri toimialoille, kuten rakentamiseen, valmistukseen ja maatalouteen.<\/p>\n<p>Yhteenvetona voidaan todeta, ett\u00e4 Professional 10 Ton Hydraulic Cylinder Piston Customized Hydraulic Cylinder on huippuluokan tuote, joka yhdist\u00e4\u00e4 lujuuden, tarkkuuden ja r\u00e4\u00e4t\u00e4l\u00f6it\u00e4vyyden. Se on rakennettu tarjoamaan poikkeuksellista suorituskyky\u00e4 ja luotettavuutta vaativissa hydraulisissa toiminnoissa.<\/p>\n<p>10 tonnin hydraulisylinterim\u00e4nt\u00e4 on t\u00e4ydellinen ratkaisu useille eri toimialoille, kuten konepajoille, maatiloille, energia- ja kaivosteollisuudelle, konevalmistukseen ja konetehtaisiin. FMP Hydraulic Machinerylla olemme ylpeit\u00e4 voidessamme tarjota eritt\u00e4in laadukkaita tuotteita, mukaan lukien t\u00e4m\u00e4n upouuden hydraulisylinterim\u00e4nt\u00e4m\u00e4nn\u00e4n, jonka ydinosille \u2013 laakerille ja hydraulisylinterille \u2013 on vuoden takuu.<\/p>\n<h2>S\u00e4\u00e4dett\u00e4vien haarukkatyyppisten sylinterien edut<\/h2>\n<p>S\u00e4\u00e4dett\u00e4v\u00e4t sakkelityyppiset sylinterit ovat eritt\u00e4in monipuolisia ja niill\u00e4 on lukuisia etuja, jotka tekev\u00e4t niist\u00e4 suositun valinnan monissa teollisissa sovelluksissa. T\u00e4ss\u00e4 on joitakin s\u00e4\u00e4dett\u00e4vien sakkelityyppisten sylinterien k\u00e4yt\u00f6n etuja:<\/p>\n<h3>1. Mukautettavuus<\/h3>\n<p>Yksi s\u00e4\u00e4dett\u00e4vien haarukkatyyppisten sylinterien suurimmista eduista on niiden muokattavuus. N\u00e4m\u00e4 sylinterit voidaan valmistaa asiakkaan erityistarpeiden mukaan. Tarvitsetpa sitten ammattimaisen 10 tonnin hydraulisylinterin m\u00e4nt\u00e4ll\u00e4 tai r\u00e4\u00e4t\u00e4l\u00f6idyn hydraulisylinterin, s\u00e4\u00e4dett\u00e4v\u00e4t haarukkatyyppiset sylinterit voidaan valmistaa tarpeidesi mukaan.<\/p>\n<h3>2. Suurempi joustavuus<\/h3>\n<p>S\u00e4\u00e4dett\u00e4v\u00e4t haarukkatyyppiset sylinterit tarjoavat suurempaa joustavuutta kuin kiinte\u00e4t vastineensa. T\u00e4m\u00e4 johtuu siit\u00e4, ett\u00e4 n\u00e4it\u00e4 sylintereit\u00e4 voidaan s\u00e4\u00e4t\u00e4\u00e4 erilaisiin asennusasetuksiin ja -kulmiin. T\u00e4m\u00e4 tekee niist\u00e4 ihanteellisia k\u00e4ytett\u00e4v\u00e4ksi tiloissa, joissa tilaa on rajoitetusti tai joissa sylinterin sijoittelulle on rajoituksia.<\/p>\n<h3>3. Tehokkuuden lis\u00e4\u00e4ntyminen<\/h3>\n<p>S\u00e4\u00e4dett\u00e4v\u00e4t haarukkatyyppiset sylinterit on suunniteltu toimimaan tehokkaammin kuin muut sylinterityypit. T\u00e4m\u00e4 johtuu siit\u00e4, ett\u00e4 ne on suunniteltu v\u00e4hent\u00e4m\u00e4\u00e4n kitkaa ja kulumista, mik\u00e4 puolestaan \u200b\u200bjohtaa pidemp\u00e4\u00e4n k\u00e4ytt\u00f6ik\u00e4\u00e4n ja parempaan luotettavuuteen. T\u00e4m\u00e4 lis\u00e4\u00e4ntynyt tehokkuus tarkoittaa pienempi\u00e4 huoltokustannuksia ja lyhyempi\u00e4 seisokkiaikoja.<\/p>\n<h3>4. Parannetut turvaominaisuudet<\/h3>\n<p>S\u00e4\u00e4dett\u00e4viss\u00e4 haarukkatyyppisiss\u00e4 sylintereiss\u00e4 on parannetut turvaominaisuudet, jotka tekev\u00e4t niist\u00e4 ihanteellisia k\u00e4ytett\u00e4v\u00e4ksi vaarallisissa ymp\u00e4rist\u00f6iss\u00e4. N\u00e4m\u00e4 sylinterit on suunniteltu kest\u00e4m\u00e4\u00e4n \u00e4\u00e4rimm\u00e4isi\u00e4 l\u00e4mp\u00f6tiloja, paineita ja muita ankaria olosuhteita, mik\u00e4 tekee niist\u00e4 v\u00e4hemm\u00e4n alttiita vikaantumiselle. Niiss\u00e4 on my\u00f6s sis\u00e4\u00e4nrakennetut turvaominaisuudet, kuten paineenalennusventtiilit, jotka est\u00e4v\u00e4t ylikuormituksen ja ylikuumenemisen.<\/p>\n<h3>5. Kustannustehokas ratkaisu<\/h3>\n<p>Lopuksi, s\u00e4\u00e4dett\u00e4v\u00e4t haarukkatyyppiset sylinterit ovat kustannustehokas ratkaisu moniin teollisiin sovelluksiin. Ne tarjoavat pidemm\u00e4n k\u00e4ytt\u00f6i\u00e4n, paremman luotettavuuden ja alhaisemmat yll\u00e4pitokustannukset kuin muut sylinterityypit. T\u00e4m\u00e4 tekee niist\u00e4 houkuttelevan vaihtoehdon yrityksille, jotka haluavat alentaa k\u00e4ytt\u00f6kustannuksiaan ja parantaa tulostaan.<\/p>\n<p>Yhteenvetona voidaan todeta, ett\u00e4 s\u00e4\u00e4dett\u00e4vill\u00e4 haarukkatyyppisill\u00e4 sylintereill\u00e4 on lukuisia etuja, jotka tekev\u00e4t niist\u00e4 suositun valinnan moniin teollisiin sovelluksiin. Mukautettavuudesta parannettuihin turvaominaisuuksiin, n\u00e4m\u00e4 sylinterit tarjoavat kustannustehokkaan ja toimivan ratkaisun yrityksille, jotka haluavat parantaa toimintaansa. Joten jos etsit hydraulisylinteri\u00e4, harkitse s\u00e4\u00e4dett\u00e4v\u00e4n haarukkatyyppisen sylinterin valitsemista seuraavaan projektiisi.<img decoding=\"async\" src=\"https:\/\/fmp-components.com\/wp-content\/uploads\/2024\/12\/Adjustable-Clevis-Type-Cylinders5.webp\" alt=\"S\u00e4\u00e4dett\u00e4v\u00e4 haarukkatyyppinen sylinteri\" width=\"800\" title=\"\"><\/p>\n<h2>S\u00e4\u00e4dett\u00e4vien haarukkatyyppisten sylinterien k\u00e4ytt\u00f6<\/h2>\n<p>S\u00e4\u00e4dett\u00e4v\u00e4t haarukkatyyppiset sylinterit ovat hydraulisylintereit\u00e4, joissa on m\u00e4nn\u00e4n p\u00e4\u00e4ss\u00e4 haarukkakiinnitys, jota voidaan s\u00e4\u00e4t\u00e4\u00e4 eri asentoihin. T\u00e4m\u00e4n tyyppisi\u00e4 sylintereit\u00e4 k\u00e4ytet\u00e4\u00e4n useissa eri sovelluksissa, kuten raskaissa koneissa, rakennuslaitteissa ja valmistusprosesseissa.<\/p>\n<p>T\u00e4ss\u00e4 on joitakin s\u00e4\u00e4dett\u00e4vien haarukkatyyppisten sylinterien erityisi\u00e4 sovelluksia ja niiden k\u00e4ytt\u00f6tapoja:<\/p>\n<h3>1. Raskaat koneet<\/h3>\n<p>S\u00e4\u00e4dett\u00e4vi\u00e4 haarukkatyyppisi\u00e4 sylintereit\u00e4 k\u00e4ytet\u00e4\u00e4n yleisesti raskaissa koneissa, kuten puskutraktoreissa, kaivinkoneissa ja nostureissa. N\u00e4it\u00e4 sylintereit\u00e4 k\u00e4ytet\u00e4\u00e4n tarvittavan voiman tuottamiseen raskaiden kuormien nostamiseen, ty\u00f6nt\u00e4miseen tai vet\u00e4miseen. Esimerkiksi ammattimaista 10 tonnin hydraulisylinterim\u00e4nn\u00e4n mukautettua hydraulisylinteri\u00e4, jossa on s\u00e4\u00e4dett\u00e4v\u00e4 haarukkakiinnitys, voidaan k\u00e4ytt\u00e4\u00e4 puskutraktorissa suurten maa- tai roskakasojen siirt\u00e4miseen.<\/p>\n<h3>2. Rakennuslaitteet<\/h3>\n<p>S\u00e4\u00e4dett\u00e4vi\u00e4 haarukkatyyppisi\u00e4 sylintereit\u00e4 k\u00e4ytet\u00e4\u00e4n my\u00f6s rakennuslaitteissa, kuten kaivinkoneissa, kuormaajissa ja liukuohjatuissa koneissa. N\u00e4it\u00e4 sylintereit\u00e4 k\u00e4ytet\u00e4\u00e4n laitteiden erilaisten liikkeiden, kuten kaivamisen, nostamisen ja ty\u00f6nt\u00e4misen, voimanl\u00e4hteen\u00e4. Ammattimaista 10 tonnin hydraulisylinterim\u00e4nn\u00e4n mukaista r\u00e4\u00e4t\u00e4l\u00f6ity\u00e4 hydraulisylinteri\u00e4, jossa on s\u00e4\u00e4dett\u00e4v\u00e4 haarukkakiinnitys, voidaan k\u00e4ytt\u00e4\u00e4 kuormaajassa raskaiden maa- tai muiden materiaalien nostamiseen.<\/p>\n<h3>3. Valmistusprosessit<\/h3>\n<p>S\u00e4\u00e4dett\u00e4vi\u00e4 haarukkatyyppisi\u00e4 sylintereit\u00e4 k\u00e4ytet\u00e4\u00e4n my\u00f6s erilaisissa valmistusprosesseissa, kuten leimaamisessa ja puristamisessa. N\u00e4it\u00e4 sylintereit\u00e4 k\u00e4ytet\u00e4\u00e4n voiman kohdistamiseen materiaaleihin niiden muokkaamiseksi haluttuun muotoon. Esimerkiksi ammattimaista 10 tonnin hydraulisylinterim\u00e4nt\u00e4ll\u00e4 varustettua r\u00e4\u00e4t\u00e4l\u00f6ity\u00e4 hydraulisylinteri\u00e4, jossa on s\u00e4\u00e4dett\u00e4v\u00e4 haarukkakiinnitys, voidaan k\u00e4ytt\u00e4\u00e4 puristimessa metallilevyjen muokkaamiseen tiettyihin osiin.<\/p>\n<p>Yhteenvetona voidaan todeta, ett\u00e4 s\u00e4\u00e4dett\u00e4v\u00e4t haarukkatyyppiset sylinterit ovat monipuolisia hydraulisylintereit\u00e4, joita k\u00e4ytet\u00e4\u00e4n monissa eri sovelluksissa. Niiden s\u00e4\u00e4dett\u00e4vyys ja lujuus tekev\u00e4t niist\u00e4 ihanteellisen valinnan raskaisiin koneisiin, rakennuslaitteisiin ja valmistusprosesseihin. S\u00e4\u00e4dett\u00e4v\u00e4\u00e4 haarukkatyyppist\u00e4 sylinteri\u00e4 valittaessa on t\u00e4rke\u00e4\u00e4 valita sellainen, joka on r\u00e4\u00e4t\u00e4l\u00f6ity vastaamaan sovelluksen erityistarpeita.<img decoding=\"async\" src=\"https:\/\/fmp-components.com\/wp-content\/uploads\/2024\/12\/Application-of-Adjustable-Clevis-Type-Cylinders.webp\" alt=\"S\u00e4\u00e4dett\u00e4v\u00e4 haarukkatyyppinen sylinteri\" width=\"800\" title=\"\"><\/p>\n<h3>Tietoja FMP:st\u00e4<\/h3>\n<p>FMP on yritys, joka on erikoistunut rakennuskoneiden osien ja kokonaisten koneiden myyntiin ja huoltoon. Monivuotisen kokemuksemme alalta ja ammattitaitoisen tiimimme avulla tarjoamme asiakkaillemme korkealaatuisia ja luotettavia rakennuskoneiden osia ja kokonaisia \u200b\u200bkoneratkaisuja. Tuotevalikoimamme on laaja ja sis\u00e4lt\u00e4\u00e4 erityyppisi\u00e4 rakennuskoneita, kuten maatalouskoneiden vaihteistoja, hydraulisylintereit\u00e4, planeettavaihteistoja, teollisuusvaihteistoja, maatalouskoneiden osia sek\u00e4 niihin sopivia huipputason lis\u00e4varusteita.<\/p>\n<h3>Hydraulisylinterit<\/h3>\n<p>Hydraulisylinterimme ovat yksi FMP:n lippulaivatuotteista. T\u00e4ss\u00e4 on viisi syyt\u00e4, miksi hydraulisylinterimme erottuvat kilpailijoista:<\/p>\n<ol>\n<li><strong>Korkealaatuiset materiaalit:<\/strong> Hydraulisylinterimme on valmistettu korkealaatuisista materiaaleista kest\u00e4vyyden ja pitk\u00e4ik\u00e4isyyden varmistamiseksi. Hankimme materiaaleja vain luotettavilta toimittajilta, jotka t\u00e4ytt\u00e4v\u00e4t tiukat laatustandardimme.<\/li>\n<li><strong>Mukautettava:<\/strong> Tarjoamme mukautettavia hydraulisylintereit\u00e4 asiakkaidemme erityistarpeisiin. Esimerkiksi s\u00e4\u00e4dett\u00e4v\u00e4 haarukkatyyppinen sylinterimme voidaan s\u00e4\u00e4t\u00e4\u00e4 sopimaan erilaisiin k\u00e4ytt\u00f6tarkoituksiin.<\/li>\n<li><strong>Asiantuntemus:<\/strong> FMP:ll\u00e4 meill\u00e4 on kokenut ja taitava myyntitiimi, joka tuntee rakennuskoneteollisuuden kehitystrendit ja asiakastarpeet. He voivat tarjota ammattimaista tuotekonsultointia ja \u00e4lykk\u00e4it\u00e4 ostoehdotuksia.<\/li>\n<li><strong>Tehokas logistiikka:<\/strong> Meill\u00e4 on tehokas logistiikkaj\u00e4rjestelm\u00e4 varmistaaksemme, ett\u00e4 asiakkaat saavat tarvittavat osat ajallaan ja t\u00e4sm\u00e4llisesti. Ymm\u00e4rr\u00e4mme, ett\u00e4 aika on rahaa, ja pyrimme minimoimaan asiakkaidemme seisokkiajat.<\/li>\n<li><strong>Luotettavuus:<\/strong> Hydraulisylinterimme on suunniteltu luotettaviksi ja kest\u00e4viksi. Olemme ylpeit\u00e4 voidessamme tarjota asiakkaillemme tuotteita, joihin he voivat luottaa.<\/li>\n<\/ol>\n<p>Valitse FMP rakennuskonetarpeisiisi ja koe laadun ja palvelun ero. Ota yhteytt\u00e4 jo t\u00e4n\u00e4\u00e4n saadaksesi lis\u00e4tietoja tuotteistamme ja palveluistamme.<\/p>\n<p><img decoding=\"async\" src=\"https:\/\/fmp-components.com\/wp-content\/uploads\/2024\/12\/Adjustable-Clevis-Type-Cylinders-6.webp\" alt=\"S\u00e4\u00e4dett\u00e4v\u00e4 haarukkatyyppinen sylinteri\" width=\"800\" title=\"\"><\/p>\n<h2>Usein kysytyt kysymykset<\/h2>\n<p><strong>K: Mik\u00e4 on hydraulisylinterin toimitusaika?<\/strong><br \/>\nA: Toimitusaika on tyypillisesti 25\u201335 p\u00e4iv\u00e4\u00e4.<\/p>\n<p><strong>K: Voinko pyyt\u00e4\u00e4 hydraulisylinterin n\u00e4ytett\u00e4?<\/strong><br \/>\nV: Kyll\u00e4, tarjoamme n\u00e4ytteit\u00e4, mutta ne eiv\u00e4t ole ilmaisia.<\/p>\n<p><strong>K: Voidaanko hydraulisylintereit\u00e4 r\u00e4\u00e4t\u00e4l\u00f6id\u00e4 n\u00e4ytteiden tai teknisten piirustusten perusteella?<\/strong><br \/>\nV: Kyll\u00e4, voimme valmistaa sylintereit\u00e4 n\u00e4ytteidesi tai teknisten piirustusten mukaan. Voimme my\u00f6s rakentaa muotteja ja kiinnittimi\u00e4 pyynn\u00f6st\u00e4si.<\/p>\n<p>Tekij\u00e4: CX<\/p>","protected":false},"excerpt":{"rendered":"<p>Introducing the Professional 10 Ton Hydraulic Cylinder Piston Customized Hydraulic Cylinder: The Professional 10 Ton Hydraulic Cylinder Piston Customized Hydraulic Cylinder is a high-quality and durable product designed to meet the specific needs of various hydraulic applications. With a maximum load capacity of 10 tons, it provides exceptional strength and reliability for heavy-duty tasks. This [&hellip;]<\/p>","protected":false},"featured_media":1336,"comment_status":"closed","ping_status":"closed","template":"","meta":{"_et_pb_use_builder":"","_et_pb_old_content":"","_et_gb_content_width":""},"product_brand":[],"product_cat":[39],"product_tag":[41,34],"class_list":{"0":"post-1335","1":"product","2":"type-product","3":"status-publish","4":"has-post-thumbnail","6":"product_cat-adjustable-clevis-type-cylinders","7":"product_tag-adjustable-clevis-type-cylinders","8":"product_tag-hydraulic-cylinder","10":"first","11":"instock","12":"product-type-simple"},"_links":{"self":[{"href":"https:\/\/fmp-components.com\/fi\/wp-json\/wp\/v2\/product\/1335","targetHints":{"allow":["GET"]}}],"collection":[{"href":"https:\/\/fmp-components.com\/fi\/wp-json\/wp\/v2\/product"}],"about":[{"href":"https:\/\/fmp-components.com\/fi\/wp-json\/wp\/v2\/types\/product"}],"replies":[{"embeddable":true,"href":"https:\/\/fmp-components.com\/fi\/wp-json\/wp\/v2\/comments?post=1335"}],"wp:featuredmedia":[{"embeddable":true,"href":"https:\/\/fmp-components.com\/fi\/wp-json\/wp\/v2\/media\/1336"}],"wp:attachment":[{"href":"https:\/\/fmp-components.com\/fi\/wp-json\/wp\/v2\/media?parent=1335"}],"wp:term":[{"taxonomy":"product_brand","embeddable":true,"href":"https:\/\/fmp-components.com\/fi\/wp-json\/wp\/v2\/product_brand?post=1335"},{"taxonomy":"product_cat","embeddable":true,"href":"https:\/\/fmp-components.com\/fi\/wp-json\/wp\/v2\/product_cat?post=1335"},{"taxonomy":"product_tag","embeddable":true,"href":"https:\/\/fmp-components.com\/fi\/wp-json\/wp\/v2\/product_tag?post=1335"}],"curies":[{"name":"wp","href":"https:\/\/api.w.org\/{rel}","templated":true}]}}