{"id":1058,"date":"2024-12-19T06:17:44","date_gmt":"2024-12-19T06:17:44","guid":{"rendered":"https:\/\/fmp-components.com\/product\/10050-factory-price-trailer-hydraulic-ram-cylinder-hydraulic-cylinder-for-sale\/"},"modified":"2024-12-23T09:01:24","modified_gmt":"2024-12-23T09:01:24","slug":"10050-factory-price-trailer-hydraulic-ram-cylinder-hydraulic-cylinder-for-sale","status":"publish","type":"product","link":"https:\/\/fmp-components.com\/fi\/product\/10050-factory-price-trailer-hydraulic-ram-cylinder-hydraulic-cylinder-for-sale\/","title":{"rendered":"10050 Tehtaan hintainen per\u00e4vaunun hydraulinen sylinteri hydraulinen sylinteri myyt\u00e4v\u00e4n\u00e4"},"content":{"rendered":"<h2>Tuotteen esittely:<\/h2>\n<p>Myyt\u00e4v\u00e4n\u00e4 oleva 10050-tehdashintainen per\u00e4vaunun hydraulisylinteri on luotettava ja tehokas hydraulisylinteri, joka on suunniteltu k\u00e4ytett\u00e4v\u00e4ksi erityyppisiss\u00e4 per\u00e4vaunuissa. Vankan rakenteensa ja erinomaisen suorituskykyns\u00e4 ansiosta t\u00e4m\u00e4 hydraulisylinteri on ensisijainen valinta monille teollisuudenaloille.<\/p>\n<h3>Ominaisuudet ja edut:<\/h3>\n<p>\u2013 Vahva ja kest\u00e4v\u00e4 rakenne: 10050-hydraulisylinteri on valmistettu korkealaatuisista materiaaleista, jotka takaavat sen lujuuden ja kest\u00e4vyyden, tehden siit\u00e4 pitk\u00e4aikaisen investoinnin yrityksellesi.<\/p>\n<p>\u2013 Tehokas suorituskyky: T\u00e4m\u00e4 hydraulisylinteri on suunniteltu tarjoamaan vertaansa vailla olevaa suorituskyky\u00e4 ja tehokkuutta varmistaen, ett\u00e4 per\u00e4vaunusi toimii sujuvasti ja luotettavasti.<\/p>\n<p>\u2013 Helppo asentaa: Sylinteri on helppo asentaa, mik\u00e4 s\u00e4\u00e4st\u00e4\u00e4 aikaa ja rahaa asennuskustannuksissa.<\/p>\n<p>\u2013 V\u00e4h\u00e4inen huoltotarve: Sylinteri vaatii vain v\u00e4h\u00e4n huoltoa, mik\u00e4 v\u00e4hent\u00e4\u00e4 seisokkiaikoja ja varmistaa liiketoimintasi sujuvan toiminnan.<\/p>\n<p><img decoding=\"async\" src=\"https:\/\/hzpt.com\/wp-content\/uploads\/2023\/12\/insert-1.webp\" alt=\"\" title=\"\"><\/p>\n<h3>Sovellukset:<\/h3>\n<p>10050-hydraulisylinteri soveltuu monenlaisiin k\u00e4ytt\u00f6tarkoituksiin, mukaan lukien:<\/p>\n<p>\u2013 Kippiper\u00e4vaunut<br \/>\n\u2013 Lavaper\u00e4vaunut<br \/>\n\u2013 Raskaan kaluston per\u00e4vaunut<br \/>\n\u2013 Karjaper\u00e4vaunut<br \/>\n\u2013 Mets\u00e4per\u00e4vaunut<br \/>\n\u2013 Ja lis\u00e4\u00e4<\/p>\n<p>Myyt\u00e4v\u00e4n\u00e4 oleva 10050-sarjan per\u00e4vaunun hydraulisylinteri on erinomainen sijoitus kaikille yrityksille, jotka tarvitsevat luotettavia ja tehokkaita hydraulisylintereit\u00e4. Vahvan rakenteensa, tehokkaan suorituskykyns\u00e4 ja helpon asennuksensa ansiosta t\u00e4m\u00e4 hydraulisylinteri on ensisijainen valinta monille toimialoille. FMP tarjoaa laajan valikoiman hydraulisylintereit\u00e4 kilpailukykyiseen hintaan. N\u00e4m\u00e4 sylinterit on suunniteltu tarjoamaan optimaalista suorituskyky\u00e4, kest\u00e4vyytt\u00e4 ja luotettavuutta, mik\u00e4 takaa poikkeukselliset tulokset kaikissa hydraulisissa sovelluksissasi.<\/p>\n<p>FMP:n hydraulisylinterit: Mit\u00e4 ne ovat ja niiden toiminta<br \/>\nFMP:n hydrauliset m\u00e4nn\u00e4nsylinterit ovat mekaanisia laitteita, jotka muuntavat hydraulisen energian mekaaniseksi voimaksi. Ne ovat eritt\u00e4in kysyttyj\u00e4 eri teollisuudenaloilla tehokkuutensa ja toimivuutensa ansiosta.<\/p>\n<p>Tuotteen tekniset tiedot<br \/>\nHydraulisilla m\u00e4nn\u00e4nsylintereill\u00e4mme on seuraavat tekniset parametrit:<br \/>\n\u2013 Mitat: Mukautettavissa asiakkaan toiveiden mukaisesti<br \/>\n\u2013 Kapasiteetti: Vaihtelee mallista riippuen<br \/>\n\u2013 Kantavuus: Suunniteltu raskaisiin sovelluksiin<\/p>\n<p>Ainutlaatuiset ominaisuudet ja edut<br \/>\nFMP:n hydraulisylintereiden avulla voit nauttia seuraavista ominaisuuksista:<br \/>\n\u2013 Energiatehokas: Sylinterimme on suunniteltu kuluttamaan v\u00e4hemm\u00e4n energiaa, mik\u00e4 tekee niist\u00e4 kustannustehokkaita.<br \/>\n\u2013 Korkea suorituskyky: Suunniteltu suuren kapasiteetin ja korkean paineen sovelluksiin.<br \/>\n\u2013 Turvallisuus: Varustettu turvaominaisuuksilla onnettomuuksien est\u00e4miseksi k\u00e4yt\u00f6n aikana.<\/p>\n<p>Hydraulij\u00e4rjestelm\u00e4n ja toimintaperiaatteen ymm\u00e4rt\u00e4minen<br \/>\nFMP-hydrauliset m\u00e4nn\u00e4nsylinterit toimivat yksinkertaisella paine-eroperiaatteella. Korkeapaineista hydraulinestett\u00e4 k\u00e4ytet\u00e4\u00e4n m\u00e4nn\u00e4lle liikkeen aikaansaamiseksi, mik\u00e4 puolestaan \u200b\u200bliikuttaa kuormaa.<\/p>\n<p>Hydraulisten sylinterien k\u00e4ytt\u00f6<br \/>\nFMP:n hydraulisylintereit\u00e4 k\u00e4ytet\u00e4\u00e4n laajasti eri teollisuudenaloilla, kuten rakentamisessa, valmistuksessa ja kuljetuksessa. Ne sopivat ihanteellisesti raskaiden kuormien nostamiseen, ty\u00f6nt\u00e4miseen tai vet\u00e4miseen.<\/p>\n<p><img loading=\"lazy\" decoding=\"async\" class=\"alignnone size-full wp-image-1074\" src=\"https:\/\/fmp-components.com\/wp-content\/uploads\/2024\/12\/Welded-Clevis-Type-Cylinder1.webp\" alt=\"Hitsattu Clevis-tyyppinen sylinteri\" width=\"800\" height=\"800\" title=\"\" srcset=\"https:\/\/fmp-components.com\/wp-content\/uploads\/2024\/12\/Welded-Clevis-Type-Cylinder1.webp 800w, https:\/\/fmp-components.com\/wp-content\/uploads\/2024\/12\/Welded-Clevis-Type-Cylinder1-480x480.webp 480w\" sizes=\"(min-width: 0px) and (max-width: 480px) 480px, (min-width: 481px) 800px, 100vw\" \/><\/p>\n<h3>Tietoja FMP:st\u00e4<\/h3>\n<p>FMP on johtava toimija Italian mobiilihydraulisylinterien markkinoilla. 200 000 laitteen tuotantokapasiteetillamme meill\u00e4 on 300 t\u00e4ysin automaattista CNC-tuotantolaitetta sek\u00e4 t\u00e4ysin automaattiset hydraulisylinterien kokoonpanolaitteet.<\/p>\n<p>Miksi valita FMP<br \/>\nKun valitset FMP:n, saat paitsi tuotteen, my\u00f6s laadun, kohtuuhintaisuuden ja luotettavan palvelun. Tarjoamme laajan valikoiman tuotteita, kuten hydraulisylintereit\u00e4 henkil\u00f6nostimiin, teollisuusajoneuvoihin, porauslautoihin, kuorma-autonostureihin, rakennuskoneisiin, trukkeihin, kaivoskuorma-autoihin ja saniteettikoneisiin. My\u00f6s r\u00e4\u00e4t\u00e4l\u00f6idyt tilaukset ovat tervetulleita.<\/p>\n<p>Usein kysytyt kysymykset<br \/>\nK: Mik\u00e4 on sylinterienne kuormankantokyky?<br \/>\nA: Se vaihtelee mallista riippuen, mutta sylinterimme on suunniteltu raskaaseen k\u00e4ytt\u00f6\u00f6n.<\/p>\n<p>K: Voinko tilata hydraulisylinterin mittatilausty\u00f6n\u00e4?<br \/>\nV: Kyll\u00e4, otamme mielell\u00e4mme vastaan \u200b\u200br\u00e4\u00e4t\u00e4l\u00f6ityj\u00e4 tilauksia. Antakaa meille omat tietonne tai n\u00e4yte.<\/p>\n<p>K: Miten huollan hydraulisylinteri\u00e4ni?<br \/>\nA: Hydrauli\u00f6ljyn ja tiivisteiden s\u00e4\u00e4nn\u00f6llinen tarkistus ja vaihto voivat pident\u00e4\u00e4 sylinterisi k\u00e4ytt\u00f6ik\u00e4\u00e4.<\/p>\n<p>K: Miten hydraulisylinteri toimii?<br \/>\nA: Se toimii paine-eroperiaatteella. Korkeapaineista hydraulinestett\u00e4 k\u00e4ytet\u00e4\u00e4n m\u00e4nn\u00e4lle liikkeen aikaansaamiseksi, mik\u00e4 puolestaan \u200b\u200bliikuttaa kuormaa.<\/p>\n<p>K: Voinko vierailla tehtaallasi?<br \/>\nV: Kyll\u00e4, voit vierailla tehtaallamme virtuaalisesti napsauttamalla yll\u00e4 olevaa VR-tehtaamme johtavaa linkki\u00e4.<\/p>\n<h2>Hitsatun Clevis-tyyppisen sylinterin edut<\/h2>\n<p>Hitsatut haarukkatyyppiset sylinterit ovat suosittu valinta moniin teollisiin sovelluksiin ainutlaatuisten etujensa ja hy\u00f6tyjens\u00e4 ansiosta. T\u00e4ss\u00e4 on joitakin hitsattujen haarukkatyyppisten sylinterien t\u00e4rkeimmist\u00e4 eduista:<\/p>\n<h3>1. Lis\u00e4\u00e4ntynyt lujuus ja kest\u00e4vyys<\/h3>\n<p>Hitsatut haarukkatyyppiset sylinterit on valmistettu hitsatulla p\u00e4\u00e4tykorkilla, joka tarjoaa enemm\u00e4n lujuutta ja kest\u00e4vyytt\u00e4 verrattuna muuntyyppisiin sylintereihin. T\u00e4m\u00e4 tekee niist\u00e4 ihanteellisia raskaisiin sovelluksiin, jotka vaativat korkeaa lujuutta ja kest\u00e4vyytt\u00e4.<\/p>\n<p>Lis\u00e4ksi n\u00e4iden sylinterien hitsattu rakenne tarkoittaa, ett\u00e4 ne vuotavat tai rikkoutuvat ep\u00e4todenn\u00e4k\u00f6isemmin, mik\u00e4 voi auttaa v\u00e4hent\u00e4m\u00e4\u00e4n seisokkiaikoja ja yll\u00e4pitokustannuksia.<\/p>\n<h3>2. Kyky k\u00e4sitell\u00e4 korkeaa painetta<\/h3>\n<p>Hitsatut haarukkatyyppiset sylinterit pystyv\u00e4t k\u00e4sittelem\u00e4\u00e4n my\u00f6s korkeapainesovelluksia, mik\u00e4 tekee niist\u00e4 suositun valinnan esimerkiksi rakennus-, kaivos- sek\u00e4 \u00f6ljy- ja kaasuteollisuudessa. Niiden kyky k\u00e4sitell\u00e4 korkeaa painetta varmistaa luotettavan suorituskyvyn vaativissa ymp\u00e4rist\u00f6iss\u00e4.<\/p>\n<h3>3. Mukautettava muotoilu<\/h3>\n<p>Hitsattuja haarukkatyyppisi\u00e4 sylintereit\u00e4 voidaan suunnitella mittatilausty\u00f6n\u00e4 vastaamaan sovelluksen erityistarpeita. T\u00e4m\u00e4 tarkoittaa, ett\u00e4 ne voidaan r\u00e4\u00e4t\u00e4l\u00f6id\u00e4 tiettyyn kokoon, muotoon tai suorituskykyvaatimukseen. Mukautettava suunnittelu mahdollistaa my\u00f6s suuremman joustavuuden valmistusprosessissa, mik\u00e4 voi johtaa kustannuss\u00e4\u00e4st\u00f6ihin.<\/p>\n<h3>4. Helppo asennus<\/h3>\n<p>Hitsatut haarukkatyyppiset sylinterit on suunniteltu helppoon asennukseen, mik\u00e4 auttaa v\u00e4hent\u00e4m\u00e4\u00e4n asennusaikaa ja ty\u00f6voimakustannuksia. Ne ovat yleens\u00e4 esikoottuja ja k\u00e4ytt\u00f6valmiita suoraan pakkauksesta, mik\u00e4 minimoi lis\u00e4osien tai -komponenttien tarpeen.<\/p>\n<h3>5. Parannettu suorituskyky<\/h3>\n<p>Hitsattujen haarukkatyyppisten sylinterien rakenne mahdollistaa paremman suorituskyvyn verrattuna muuntyyppisiin sylintereihin. Ne pystyv\u00e4t tuottamaan enemm\u00e4n voimaa paineyksikk\u00f6\u00e4 kohden, mik\u00e4 voi auttaa parantamaan tehokkuutta ja tuottavuutta teollisissa sovelluksissa.<\/p>\n<p>Kaiken kaikkiaan hitsatut haarukkatyyppiset sylinterit tarjoavat useita etuja ja hy\u00f6tyj\u00e4, jotka tekev\u00e4t niist\u00e4 suositun valinnan moniin teollisiin sovelluksiin. Niiden lis\u00e4\u00e4ntynyt lujuus ja kest\u00e4vyys, kyky k\u00e4sitell\u00e4 korkeaa painetta, mukautettava suunnittelu, helppo asennus ja parannettu suorituskyky tekev\u00e4t niist\u00e4 ihanteellisen valinnan vaativiin ymp\u00e4rist\u00f6ihin, joissa luotettavuus ja suorituskyky ovat avainasemassa.<\/p>\n<h2>Hitsatun Clevis-tyyppisen sylinterin k\u00e4ytt\u00f6<\/h2>\n<ul>\n<li><strong>Teollisuuskoneet:<\/strong> Hitsattuja sakkelisylintereit\u00e4 k\u00e4ytet\u00e4\u00e4n laajalti erilaisissa teollisuuskoneissa raskaissa sovelluksissa. N\u00e4m\u00e4 sylinterit pystyv\u00e4t tuottamaan suuren voiman koneiden komponenttien nostamiseen ja puristamiseen. Hitsattu sakkelirakenne mahdollistaa helpon asennuksen ja tehokkaan k\u00e4yt\u00f6n, mik\u00e4 tekee siit\u00e4 suositun valinnan valmistajille.\n<ul>\n<li>Valmistavassa teollisuudessa hitsattuja haarukkatyyppisi\u00e4 sylintereit\u00e4 k\u00e4ytet\u00e4\u00e4n hydraulipuristimissa, ruiskuvalukoneissa ja metallinleimauslaitteissa tarvittavan voiman aikaansaamiseksi metallilevyjen muovaukseen ja muotoiluun.<\/li>\n<li>Autoteollisuudessa n\u00e4it\u00e4 sylintereit\u00e4 k\u00e4ytet\u00e4\u00e4n autonostureissa, nostimissa ja kokoonpanokoneissa raskaiden komponenttien nostamiseen valmistusprosessin aikana.<\/li>\n<li>Rakennusteollisuudessa hitsattuja haarukkatyyppisi\u00e4 sylintereit\u00e4 k\u00e4ytet\u00e4\u00e4n nostureissa, kaivinkoneissa ja puskutraktoreissa raskaita kuormia nostavien ja siirt\u00e4vien hydraulij\u00e4rjestelmien voimanl\u00e4hteen\u00e4.<\/li>\n<\/ul>\n<\/li>\n<li><strong>Maatalouskoneet:<\/strong> Maatalouskoneet ovat yksi t\u00e4rkeimmist\u00e4 k\u00e4ytt\u00f6alueista, joilla hitsattuja sakkelityyppisi\u00e4 sylintereit\u00e4 k\u00e4ytet\u00e4\u00e4n. N\u00e4it\u00e4 sylintereit\u00e4 k\u00e4ytet\u00e4\u00e4n erilaisissa maatalouskoneissa, kuten traktoreissa, puimureissa ja auroissa, tarjoamaan tarvittava voima maanmuokkaukseen, istutukseen ja sadonkorjuuseen.\n<ul>\n<li>Maataloudessa hitsattuja sakkelityyppisi\u00e4 sylintereit\u00e4 k\u00e4ytet\u00e4\u00e4n auroissa, kultivaattoreissa ja kylv\u00f6koneissa tarvittavan voiman aikaansaamiseksi maanmuokkaukseen ja siementen kylv\u00f6\u00f6n.<\/li>\n<li>Sadonkorjuuteollisuudessa n\u00e4it\u00e4 sylintereit\u00e4 k\u00e4ytet\u00e4\u00e4n puimureissa, paalaimissa ja ruohonleikkureissa satoa ker\u00e4\u00e4vien ja kuljettavien hydraulij\u00e4rjestelmien voimanl\u00e4hteen\u00e4.<\/li>\n<\/ul>\n<\/li>\n<li><strong>Ilmailu ja puolustus:<\/strong> Hitsattuja Clevis-tyyppisi\u00e4 sylintereit\u00e4 k\u00e4ytet\u00e4\u00e4n my\u00f6s ilmailu- ja puolustusteollisuudessa, jossa niit\u00e4 k\u00e4ytet\u00e4\u00e4n monenlaisissa sovelluksissa lentokoneissa, raketeissa, ohjuksissa ja puolustusj\u00e4rjestelmiss\u00e4.\n<ul>\n<li>Ilmailuteollisuudessa hitsattuja haarukkatyyppisi\u00e4 sylintereit\u00e4 k\u00e4ytet\u00e4\u00e4n lentokoneiden laskutelineiss\u00e4, l\u00e4ppiss\u00e4 ja jarruissa tarvittavan voiman aikaansaamiseksi nousussa ja laskeutumisessa.<\/li>\n<li>Puolustusteollisuudessa n\u00e4it\u00e4 sylintereit\u00e4 k\u00e4ytet\u00e4\u00e4n ohjuslaukaisimissa, tykkitorneissa ja panssarivaunuj\u00e4rjestelmiss\u00e4 aseiden ja ammusten liikett\u00e4 ohjaavien hydraulij\u00e4rjestelmien virransy\u00f6tt\u00f6\u00f6n.<\/li>\n<\/ul>\n<\/li>\n<li><strong>Meriteollisuus:<\/strong> Hitsattuja Clevis-tyyppisi\u00e4 sylintereit\u00e4 k\u00e4ytet\u00e4\u00e4n my\u00f6s laajalti meriteollisuudessa, jossa niit\u00e4 k\u00e4ytet\u00e4\u00e4n erilaisissa sovelluksissa laivoissa, veneiss\u00e4 ja vedenalaisissa ajoneuvoissa.\n<ul>\n<li>Merenkulkualalla hitsattuja haarukkatyyppisi\u00e4 sylintereit\u00e4 k\u00e4ytet\u00e4\u00e4n nostureissa, vinsseiss\u00e4 ja lastink\u00e4sittelylaitteissa tarvittavan voiman aikaansaamiseksi lastin lastaamiseen ja purkamiseen.<\/li>\n<li>Veneteollisuudessa n\u00e4it\u00e4 sylintereit\u00e4 k\u00e4ytet\u00e4\u00e4n ohjausj\u00e4rjestelmiss\u00e4, potkureissa ja ankkurij\u00e4rjestelmiss\u00e4 veneiden ja laivojen liikkeen ohjaamiseen tarvittavan voiman aikaansaamiseksi.<\/li>\n<li>Vedenalaisten ajoneuvojen teollisuudessa hitsattuja haarukkatyyppisi\u00e4 sylintereit\u00e4 k\u00e4ytet\u00e4\u00e4n sukellusveneiss\u00e4, kauko-ohjattavissa ajoneuvoissa (ROV) ja sukellusvarusteissa tarvittavan voiman aikaansaamiseksi vedenalaisiin operaatioihin.<\/li>\n<\/ul>\n<\/li>\n<li><strong>Kaivosteollisuus:<\/strong> Hitsattuja haarukkatyyppisi\u00e4 sylintereit\u00e4 k\u00e4ytet\u00e4\u00e4n my\u00f6s kaivosteollisuudessa, jossa niit\u00e4 k\u00e4ytet\u00e4\u00e4n erilaisissa sovelluksissa mineraalien louhintaan ja materiaalink\u00e4sittelyyn.\n<ul>\n<li>Kaivosteollisuudessa hitsattuja sakkelityyppisi\u00e4 sylintereit\u00e4 k\u00e4ytet\u00e4\u00e4n kuljetinj\u00e4rjestelmiss\u00e4, porakoneissa ja hydraulisissa kaivoksissa tarvittavan voiman aikaansaamiseksi mineraalien ja materiaalien louhintaan kaivoksista ja louhoksista.<\/li>\n<\/ul>\n<\/li>\n<\/ul>\n<p><img decoding=\"async\" src=\"https:\/\/hzpt.com\/wp-content\/uploads\/2023\/12\/insert-2.webp\" alt=\"\" title=\"\"><\/p>\n<p>Tekij\u00e4: CX<\/p>","protected":false},"excerpt":{"rendered":"<p>Product Introduction: The 10050 Factory Price Trailer Hydraulic Ram Cylinder Hydraulic Cylinder For Sale is a reliable and efficient hydraulic cylinder designed for use in various types of trailers. With a sturdy construction and superior performance, this hydraulic cylinder is a preferred choice for many industries. Features and Benefits: &#8211; Strong and durable construction: The [&hellip;]<\/p>","protected":false},"featured_media":1127,"comment_status":"closed","ping_status":"closed","template":"","meta":{"_et_pb_use_builder":"","_et_pb_old_content":"","_et_gb_content_width":""},"product_brand":[],"product_cat":[36],"product_tag":[34,38],"class_list":{"0":"post-1058","1":"product","2":"type-product","3":"status-publish","4":"has-post-thumbnail","6":"product_cat-welded-clevis-type-cylinder","7":"product_tag-hydraulic-cylinder","8":"product_tag-welded-clevis-type-cylinder","10":"first","11":"instock","12":"product-type-simple"},"_links":{"self":[{"href":"https:\/\/fmp-components.com\/fi\/wp-json\/wp\/v2\/product\/1058","targetHints":{"allow":["GET"]}}],"collection":[{"href":"https:\/\/fmp-components.com\/fi\/wp-json\/wp\/v2\/product"}],"about":[{"href":"https:\/\/fmp-components.com\/fi\/wp-json\/wp\/v2\/types\/product"}],"replies":[{"embeddable":true,"href":"https:\/\/fmp-components.com\/fi\/wp-json\/wp\/v2\/comments?post=1058"}],"wp:featuredmedia":[{"embeddable":true,"href":"https:\/\/fmp-components.com\/fi\/wp-json\/wp\/v2\/media\/1127"}],"wp:attachment":[{"href":"https:\/\/fmp-components.com\/fi\/wp-json\/wp\/v2\/media?parent=1058"}],"wp:term":[{"taxonomy":"product_brand","embeddable":true,"href":"https:\/\/fmp-components.com\/fi\/wp-json\/wp\/v2\/product_brand?post=1058"},{"taxonomy":"product_cat","embeddable":true,"href":"https:\/\/fmp-components.com\/fi\/wp-json\/wp\/v2\/product_cat?post=1058"},{"taxonomy":"product_tag","embeddable":true,"href":"https:\/\/fmp-components.com\/fi\/wp-json\/wp\/v2\/product_tag?post=1058"}],"curies":[{"name":"wp","href":"https:\/\/api.w.org\/{rel}","templated":true}]}}