{"id":1055,"date":"2024-12-19T06:17:44","date_gmt":"2024-12-19T06:17:44","guid":{"rendered":"https:\/\/fmp-components.com\/product\/10047-factory-customized-hydraulic-piston-cylinder-for-sale\/"},"modified":"2024-12-23T08:59:09","modified_gmt":"2024-12-23T08:59:09","slug":"10047-factory-customized-hydraulic-piston-cylinder-for-sale","status":"publish","type":"product","link":"https:\/\/fmp-components.com\/fi\/product\/10047-factory-customized-hydraulic-piston-cylinder-for-sale\/","title":{"rendered":"10047 Tehtaan r\u00e4\u00e4t\u00e4l\u00f6ity hydraulinen m\u00e4nt\u00e4sylinteri myyt\u00e4v\u00e4n\u00e4"},"content":{"rendered":"<h2>Tuote 10047 Myyt\u00e4v\u00e4n\u00e4 tehtaalla r\u00e4\u00e4t\u00e4l\u00f6ity hydraulinen m\u00e4nt\u00e4sylinteri<\/h2>\n<p>Etsitk\u00f6 luotettavaa hydraulista m\u00e4nt\u00e4sylinteri\u00e4 teollisuuden tarpeisiin? Tuote 10047, tehtaalla r\u00e4\u00e4t\u00e4l\u00f6ity hydraulinen m\u00e4nt\u00e4sylinteri, on oikea valinta.<\/p>\n<p>Hydraulinen m\u00e4nt\u00e4sylinterimme on suunniteltu tarkkaan suunnitteluun ja ensiluokkaisista materiaaleista korkean suorituskyvyn ja kest\u00e4vyyden varmistamiseksi. Se pystyy k\u00e4sittelem\u00e4\u00e4n raskaita teht\u00e4vi\u00e4 helposti, joten se on t\u00e4ydellinen valinta monenlaisiin k\u00e4ytt\u00f6tarkoituksiin.<\/p>\n<p>Huippulaatuisista materiaaleista valmistettu hydraulinen m\u00e4nt\u00e4sylinterimme tarjoaa erinomaisen kulumiskest\u00e4vyyden varmistaen pitk\u00e4kestoisen suorituskyvyn jopa vaativimmissakin ty\u00f6olosuhteissa. Se on my\u00f6s eritt\u00e4in muokattavissa, joten voit r\u00e4\u00e4t\u00e4l\u00f6id\u00e4 sen omiin tarpeisiisi ja vaatimuksiisi.<\/p>\n<p>Miksi siis odottaa? Investoi tuotteeseen 10047, tehtaalla r\u00e4\u00e4t\u00e4l\u00f6ityyn hydrauliseen m\u00e4nt\u00e4sylinteriin jo t\u00e4n\u00e4\u00e4n ja koe paras hydrauliikkateknologia.<\/p>\n<h2>Esittelyss\u00e4 hydraulinen m\u00e4nt\u00e4sylinteri<\/h2>\n<p>Vuonna 2006 perustetun FMP:n valmistama hydraulinen m\u00e4nt\u00e4sylinteri on eritt\u00e4in tehokas ja luotettava tuote, joka on palvellut teollisuutta jo yli vuosikymmenen ajan.<\/p>\n<h3>Hydraulisen m\u00e4nt\u00e4sylinterin toiminta ja ominaisuudet<\/h3>\n<p>Hydraulinen m\u00e4nt\u00e4sylinteri toimii muuttamalla hydraulinesteen energiaa mekaaniseksi energiaksi. Se on ratkaisevan t\u00e4rke\u00e4 monissa sovelluksissa, mukaan lukien, mutta ei rajoittuen, rakennuslaitteet, valmistuskoneet ja maanrakennus.<\/p>\n<h2>Tuotteen tekniset tiedot<\/h2>\n<p>Tuotteemme ylpeilee erinomaisilla teknisill\u00e4 ominaisuuksilla, kuten:<br \/>\n\u2013 Mitat: Vaihtelee tilausty\u00f6n\u00e4<br \/>\n\u2013 Kapasiteetti: Korkea<br \/>\n\u2013 Kantavuus: Poikkeuksellinen<\/p>\n<h2>Ainutlaatuiset ominaisuudet ja edut<\/h2>\n<p>Joitakin ainutlaatuisia ominaisuuksia ja etuja ovat:<br \/>\n\u2013 Energiatehokas: Auttaa v\u00e4hent\u00e4m\u00e4\u00e4n k\u00e4ytt\u00f6kustannuksia<br \/>\n\u2013 Korkea hy\u00f6tysuhde: Maksimoi tuottavuuden<br \/>\n\u2013 Turvallisuus: Varmistaa turvallisen toiminnan<\/p>\n<h2>Hydraulij\u00e4rjestelm\u00e4n ja sen toimintaperiaatteen ymm\u00e4rt\u00e4minen<\/h2>\n<p>Hydraulij\u00e4rjestelm\u00e4 toimii Pascalin lain periaatteella, joka ohjaa s\u00e4ili\u00f6ss\u00e4 varastoitua hydraulinestett\u00e4. T\u00e4m\u00e4 j\u00e4rjestelm\u00e4 mahdollistaa hydraulim\u00e4nt\u00e4sylinterin tehokkaan toiminnan.<\/p>\n<h2>Hydraulisen m\u00e4nt\u00e4sylinterin k\u00e4ytt\u00f6<\/h2>\n<p>Hydraulinen m\u00e4nt\u00e4sylinteri on tarkoitettu k\u00e4ytett\u00e4v\u00e4ksi useilla eri aloilla, kuten rakentamisessa, valmistuksessa ja maanrakennuksessa.<\/p>\n<h2>VR-kierros tehtaallamme<\/h2>\n<p>Kutsumme sinut virtuaalikierrokselle tehtaallemme <a href=\"https:\/\/v.holoworld.com.cn\/v\/virtualbuy.html?id=78a76263-47ab-485f-b978-0dafacfb4096\" target=\"_blank\" rel=\"noopener\">t\u00e4ss\u00e4<\/a>.<\/p>\n<h2>Tarkempi katsaus hydrauliseen m\u00e4nt\u00e4sylinteriin<\/h2>\n<p>Hydraulisella m\u00e4nt\u00e4sylinterill\u00e4 on rikas historia, monipuoliset luokitukset, lukuisia etuja ja se vaatii vain v\u00e4h\u00e4n huoltoa. Se on helppo asentaa ja sill\u00e4 on pitk\u00e4 k\u00e4ytt\u00f6ik\u00e4.<\/p>\n<h2>Tuotevalintaopas<\/h2>\n<p>Oikean hydrauliikka\u00f6ljyn ja \u00f6ljytiivisteen valinta on ratkaisevan t\u00e4rke\u00e4\u00e4 hydraulisen m\u00e4nt\u00e4sylinterin optimaalisen toiminnan kannalta. Tarjoamme kattavaa opastusta tuotteen valintaan varmistaaksemme, ett\u00e4 saat tuotteistamme parhaan hy\u00f6dyn.<\/p>\n<h2>Hitsatun Clevis-tyyppisen sylinterin edut<\/h2>\n<p>Hitsatut haarukkatyyppiset sylinterit ovat suosittu valinta moniin teollisiin sovelluksiin ainutlaatuisten etujensa ja hy\u00f6tyjens\u00e4 ansiosta. T\u00e4ss\u00e4 on joitakin hitsattujen haarukkatyyppisten sylinterien t\u00e4rkeimmist\u00e4 eduista:<\/p>\n<h3>1. Lis\u00e4\u00e4ntynyt lujuus ja kest\u00e4vyys<\/h3>\n<p>Hitsatut haarukkatyyppiset sylinterit on valmistettu hitsatulla p\u00e4\u00e4tykorkilla, joka tarjoaa enemm\u00e4n lujuutta ja kest\u00e4vyytt\u00e4 verrattuna muuntyyppisiin sylintereihin. T\u00e4m\u00e4 tekee niist\u00e4 ihanteellisia raskaisiin sovelluksiin, jotka vaativat korkeaa lujuutta ja kest\u00e4vyytt\u00e4.<\/p>\n<p>Lis\u00e4ksi n\u00e4iden sylinterien hitsattu rakenne tarkoittaa, ett\u00e4 ne vuotavat tai rikkoutuvat ep\u00e4todenn\u00e4k\u00f6isemmin, mik\u00e4 voi auttaa v\u00e4hent\u00e4m\u00e4\u00e4n seisokkiaikoja ja yll\u00e4pitokustannuksia.<\/p>\n<h3>2. Kyky k\u00e4sitell\u00e4 korkeaa painetta<\/h3>\n<p>Hitsatut haarukkatyyppiset sylinterit pystyv\u00e4t k\u00e4sittelem\u00e4\u00e4n my\u00f6s korkeapainesovelluksia, mik\u00e4 tekee niist\u00e4 suositun valinnan esimerkiksi rakennus-, kaivos- sek\u00e4 \u00f6ljy- ja kaasuteollisuudessa. Niiden kyky k\u00e4sitell\u00e4 korkeaa painetta varmistaa luotettavan suorituskyvyn vaativissa ymp\u00e4rist\u00f6iss\u00e4.<\/p>\n<h3>3. Mukautettava muotoilu<\/h3>\n<p>Hitsattuja haarukkatyyppisi\u00e4 sylintereit\u00e4 voidaan suunnitella mittatilausty\u00f6n\u00e4 vastaamaan sovelluksen erityistarpeita. T\u00e4m\u00e4 tarkoittaa, ett\u00e4 ne voidaan r\u00e4\u00e4t\u00e4l\u00f6id\u00e4 tiettyyn kokoon, muotoon tai suorituskykyvaatimukseen. Mukautettava suunnittelu mahdollistaa my\u00f6s suuremman joustavuuden valmistusprosessissa, mik\u00e4 voi johtaa kustannuss\u00e4\u00e4st\u00f6ihin.<\/p>\n<h3>4. Helppo asennus<\/h3>\n<p>Hitsatut haarukkatyyppiset sylinterit on suunniteltu helppoon asennukseen, mik\u00e4 auttaa v\u00e4hent\u00e4m\u00e4\u00e4n asennusaikaa ja ty\u00f6voimakustannuksia. Ne ovat yleens\u00e4 esikoottuja ja k\u00e4ytt\u00f6valmiita suoraan pakkauksesta, mik\u00e4 minimoi lis\u00e4osien tai -komponenttien tarpeen.<\/p>\n<h3>5. Parannettu suorituskyky<\/h3>\n<p>Hitsattujen haarukkatyyppisten sylinterien rakenne mahdollistaa paremman suorituskyvyn verrattuna muuntyyppisiin sylintereihin. Ne pystyv\u00e4t tuottamaan enemm\u00e4n voimaa paineyksikk\u00f6\u00e4 kohden, mik\u00e4 voi auttaa parantamaan tehokkuutta ja tuottavuutta teollisissa sovelluksissa.<\/p>\n<p>Kaiken kaikkiaan hitsatut haarukkatyyppiset sylinterit tarjoavat useita etuja ja hy\u00f6tyj\u00e4, jotka tekev\u00e4t niist\u00e4 suositun valinnan moniin teollisiin sovelluksiin. Niiden lis\u00e4\u00e4ntynyt lujuus ja kest\u00e4vyys, kyky k\u00e4sitell\u00e4 korkeaa painetta, mukautettava suunnittelu, helppo asennus ja parannettu suorituskyky tekev\u00e4t niist\u00e4 ihanteellisen valinnan vaativiin ymp\u00e4rist\u00f6ihin, joissa luotettavuus ja suorituskyky ovat avainasemassa.<\/p>\n<h2>Hitsatun Clevis-tyyppisen sylinterin k\u00e4ytt\u00f6<\/h2>\n<ul>\n<li><strong>Teollisuuskoneet:<\/strong> Hitsattuja sakkelisylintereit\u00e4 k\u00e4ytet\u00e4\u00e4n laajalti erilaisissa teollisuuskoneissa raskaissa sovelluksissa. N\u00e4m\u00e4 sylinterit pystyv\u00e4t tuottamaan suuren voiman koneiden komponenttien nostamiseen ja puristamiseen. Hitsattu sakkelirakenne mahdollistaa helpon asennuksen ja tehokkaan k\u00e4yt\u00f6n, mik\u00e4 tekee siit\u00e4 suositun valinnan valmistajille.\n<ul>\n<li>Valmistavassa teollisuudessa hitsattuja haarukkatyyppisi\u00e4 sylintereit\u00e4 k\u00e4ytet\u00e4\u00e4n hydraulipuristimissa, ruiskuvalukoneissa ja metallinleimauslaitteissa tarvittavan voiman aikaansaamiseksi metallilevyjen muovaukseen ja muotoiluun.<\/li>\n<li>Autoteollisuudessa n\u00e4it\u00e4 sylintereit\u00e4 k\u00e4ytet\u00e4\u00e4n autonostureissa, nostimissa ja kokoonpanokoneissa raskaiden komponenttien nostamiseen valmistusprosessin aikana.<\/li>\n<li>Rakennusteollisuudessa hitsattuja haarukkatyyppisi\u00e4 sylintereit\u00e4 k\u00e4ytet\u00e4\u00e4n nostureissa, kaivinkoneissa ja puskutraktoreissa raskaita kuormia nostavien ja siirt\u00e4vien hydraulij\u00e4rjestelmien voimanl\u00e4hteen\u00e4.<\/li>\n<\/ul>\n<\/li>\n<li><strong>Maatalouskoneet:<\/strong> Maatalouskoneet ovat yksi t\u00e4rkeimmist\u00e4 k\u00e4ytt\u00f6alueista, joilla hitsattuja sakkelityyppisi\u00e4 sylintereit\u00e4 k\u00e4ytet\u00e4\u00e4n. N\u00e4it\u00e4 sylintereit\u00e4 k\u00e4ytet\u00e4\u00e4n erilaisissa maatalouskoneissa, kuten traktoreissa, puimureissa ja auroissa, tarjoamaan tarvittava voima maanmuokkaukseen, istutukseen ja sadonkorjuuseen.\n<ul>\n<li>Maataloudessa hitsattuja sakkelityyppisi\u00e4 sylintereit\u00e4 k\u00e4ytet\u00e4\u00e4n auroissa, kultivaattoreissa ja kylv\u00f6koneissa tarvittavan voiman aikaansaamiseksi maanmuokkaukseen ja siementen kylv\u00f6\u00f6n.<\/li>\n<li>Sadonkorjuuteollisuudessa n\u00e4it\u00e4 sylintereit\u00e4 k\u00e4ytet\u00e4\u00e4n puimureissa, paalaimissa ja ruohonleikkureissa satoa ker\u00e4\u00e4vien ja kuljettavien hydraulij\u00e4rjestelmien voimanl\u00e4hteen\u00e4.<\/li>\n<\/ul>\n<\/li>\n<li><strong>Ilmailu ja puolustus:<\/strong> Hitsattuja Clevis-tyyppisi\u00e4 sylintereit\u00e4 k\u00e4ytet\u00e4\u00e4n my\u00f6s ilmailu- ja puolustusteollisuudessa, jossa niit\u00e4 k\u00e4ytet\u00e4\u00e4n monenlaisissa sovelluksissa lentokoneissa, raketeissa, ohjuksissa ja puolustusj\u00e4rjestelmiss\u00e4.\n<ul>\n<li>Ilmailuteollisuudessa hitsattuja haarukkatyyppisi\u00e4 sylintereit\u00e4 k\u00e4ytet\u00e4\u00e4n lentokoneiden laskutelineiss\u00e4, l\u00e4ppiss\u00e4 ja jarruissa tarvittavan voiman aikaansaamiseksi nousussa ja laskeutumisessa.<\/li>\n<li>Puolustusteollisuudessa n\u00e4it\u00e4 sylintereit\u00e4 k\u00e4ytet\u00e4\u00e4n ohjuslaukaisimissa, tykkitorneissa ja panssarivaunuj\u00e4rjestelmiss\u00e4 aseiden ja ammusten liikett\u00e4 ohjaavien hydraulij\u00e4rjestelmien virransy\u00f6tt\u00f6\u00f6n.<\/li>\n<\/ul>\n<\/li>\n<li><strong>Meriteollisuus:<\/strong> Hitsattuja Clevis-tyyppisi\u00e4 sylintereit\u00e4 k\u00e4ytet\u00e4\u00e4n my\u00f6s laajalti meriteollisuudessa, jossa niit\u00e4 k\u00e4ytet\u00e4\u00e4n erilaisissa sovelluksissa laivoissa, veneiss\u00e4 ja vedenalaisissa ajoneuvoissa.\n<ul>\n<li>Merenkulkualalla hitsattuja haarukkatyyppisi\u00e4 sylintereit\u00e4 k\u00e4ytet\u00e4\u00e4n nostureissa, vinsseiss\u00e4 ja lastink\u00e4sittelylaitteissa tarvittavan voiman aikaansaamiseksi lastin lastaamiseen ja purkamiseen.<\/li>\n<li>Veneteollisuudessa n\u00e4it\u00e4 sylintereit\u00e4 k\u00e4ytet\u00e4\u00e4n ohjausj\u00e4rjestelmiss\u00e4, potkureissa ja ankkurij\u00e4rjestelmiss\u00e4 veneiden ja laivojen liikkeen ohjaamiseen tarvittavan voiman aikaansaamiseksi.<\/li>\n<li>Vedenalaisten ajoneuvojen teollisuudessa hitsattuja haarukkatyyppisi\u00e4 sylintereit\u00e4 k\u00e4ytet\u00e4\u00e4n sukellusveneiss\u00e4, kauko-ohjattavissa ajoneuvoissa (ROV) ja sukellusvarusteissa tarvittavan voiman aikaansaamiseksi vedenalaisiin operaatioihin.<\/li>\n<\/ul>\n<\/li>\n<li><strong>Kaivosteollisuus:<\/strong> Hitsattuja haarukkatyyppisi\u00e4 sylintereit\u00e4 k\u00e4ytet\u00e4\u00e4n my\u00f6s kaivosteollisuudessa, jossa niit\u00e4 k\u00e4ytet\u00e4\u00e4n erilaisissa sovelluksissa mineraalien louhintaan ja materiaalink\u00e4sittelyyn.\n<ul>\n<li>Kaivosteollisuudessa hitsattuja sakkelityyppisi\u00e4 sylintereit\u00e4 k\u00e4ytet\u00e4\u00e4n kuljetinj\u00e4rjestelmiss\u00e4, porakoneissa ja hydraulisissa kaivoksissa tarvittavan voiman aikaansaamiseksi mineraalien ja materiaalien louhintaan kaivoksista ja louhoksista.<\/li>\n<\/ul>\n<\/li>\n<\/ul>\n<h2>Tietoja FMP:st\u00e4<\/h2>\n<p><img decoding=\"async\" src=\"https:\/\/hzpt.com\/wp-content\/uploads\/2023\/12\/insert-4.webp?v=1694163707\" alt=\"\" title=\"\"><br \/>\nFMP:ll\u00e4 on johtava asema Italian liikkuvien koneiden hydraulisylinterien osamarkkinoilla. Tuotteisiimme kuuluvat hydrauliset kallistussylinterit, hydrauliset ohjaussylinterit ja hydrauliset nostosylinterit. Vuotuinen tuotantokapasiteettimme on 200 000 sarjaa, joista 300 on erilaisia \u200b\u200bt\u00e4ysautomaattisia CNC-tuotantolaitteita ja t\u00e4ysautomaattisia hydraulisylinterien kokoonpanolaitteita.<\/p>\n<h2>Miksi valita FMP?<\/h2>\n<p>Erottumme joukosta korkealaatuisten tuotteiden, kilpailukykyisten hintojen ja erinomaisen asiakaspalvelun ansiosta.<\/p>\n<h3>Muita tarjoamiamme tuotteita<\/h3>\n<p>Tarjoamme my\u00f6s korkean korkeuden ty\u00f6lavojen \u00f6ljysylintereit\u00e4, teollisuusajoneuvojen hydraulisylintereit\u00e4, py\u00f6rivien porauslauttojen \u00f6ljysylintereit\u00e4, kuorma-autonostureiden \u00f6ljysylintereit\u00e4, konepajakoneiden hydraulisylintereit\u00e4, <b>Trukin hydraulisylinterit<\/b>, kaivosten kippiautojen \u00f6ljysylinterit ja saniteettikoneiden hydraulisylinterit. Otamme mielell\u00e4mme vastaan \u200b\u200b\u200b\u200bmittatilausty\u00f6n\u00e4 tehtyj\u00e4 tilauksia.<\/p>\n<h2>Tehtaamme<\/h2>\n<p><img decoding=\"async\" src=\"https:\/\/hzpt.com\/wp-content\/uploads\/2023\/12\/insert-5.webp\" alt=\"Tehtaamme\" title=\"\"><\/p>\n<h2>Usein kysytyt kysymykset<\/h2>\n<p>T\u00e4ss\u00e4 on joitakin yleisi\u00e4 kysymyksi\u00e4 hydraulisesta m\u00e4nt\u00e4sylinterist\u00e4mme:<\/p>\n<p>K1: Mik\u00e4 on hydraulisen m\u00e4nt\u00e4sylinterin kuormankantokyky?<br \/>\nA1: Kantavuus on poikkeuksellisen hyv\u00e4 ja vaihtelee tilausty\u00f6n\u00e4.<\/p>\n<p>K2: Kuinka energiatehokas hydraulinen m\u00e4nt\u00e4sylinteri on?<br \/>\nA2: Hydraulinen m\u00e4nt\u00e4sylinterimme on eritt\u00e4in energiatehokas, mik\u00e4 auttaa v\u00e4hent\u00e4m\u00e4\u00e4n k\u00e4ytt\u00f6kustannuksia.<\/p>\n<p>K3: Kuinka turvallinen hydraulinen m\u00e4nt\u00e4sylinteri on k\u00e4ytt\u00e4\u00e4?<br \/>\nA3: Turvallisuus on yksi t\u00e4rkeimmist\u00e4 huolenaiheistamme. Hydraulinen m\u00e4nt\u00e4sylinterimme varmistaa turvallisen k\u00e4yt\u00f6n.<\/p>\n<p>K4: Mik\u00e4 on FMP:n tuotantokapasiteetti?<br \/>\nA4: Vuotuinen tuotantokapasiteettimme on 200 000 kappaletta.<br \/>\n<img decoding=\"async\" src=\"https:\/\/hzpt.com\/wp-content\/uploads\/2023\/12\/insert-1.webp\" alt=\"\" title=\"\"><\/p>\n<p>K5: Tarjoatteko r\u00e4\u00e4t\u00e4l\u00f6ityj\u00e4 tilauksia?<br \/>\nA5: Kyll\u00e4, otamme mielell\u00e4mme vastaan \u200b\u200br\u00e4\u00e4t\u00e4l\u00f6ityj\u00e4 tilauksia tarpeidesi perusteella.<\/p>\n<p>Tekij\u00e4: CX<\/p>","protected":false},"excerpt":{"rendered":"<p>Product 10047 Factory Customized Hydraulic Piston Cylinder for Sale Looking for a reliable hydraulic piston cylinder for your industrial needs? Look no further than Product 10047 Factory Customized Hydraulic Piston Cylinder. Our hydraulic piston cylinder is designed with precision engineering and superior materials to ensure high performance and durability. It is capable of handling heavy-duty [&hellip;]<\/p>","protected":false},"featured_media":1127,"comment_status":"closed","ping_status":"closed","template":"","meta":{"_et_pb_use_builder":"","_et_pb_old_content":"","_et_gb_content_width":""},"product_brand":[],"product_cat":[36],"product_tag":[34,38],"class_list":{"0":"post-1055","1":"product","2":"type-product","3":"status-publish","4":"has-post-thumbnail","6":"product_cat-welded-clevis-type-cylinder","7":"product_tag-hydraulic-cylinder","8":"product_tag-welded-clevis-type-cylinder","10":"first","11":"instock","12":"product-type-simple"},"_links":{"self":[{"href":"https:\/\/fmp-components.com\/fi\/wp-json\/wp\/v2\/product\/1055","targetHints":{"allow":["GET"]}}],"collection":[{"href":"https:\/\/fmp-components.com\/fi\/wp-json\/wp\/v2\/product"}],"about":[{"href":"https:\/\/fmp-components.com\/fi\/wp-json\/wp\/v2\/types\/product"}],"replies":[{"embeddable":true,"href":"https:\/\/fmp-components.com\/fi\/wp-json\/wp\/v2\/comments?post=1055"}],"wp:featuredmedia":[{"embeddable":true,"href":"https:\/\/fmp-components.com\/fi\/wp-json\/wp\/v2\/media\/1127"}],"wp:attachment":[{"href":"https:\/\/fmp-components.com\/fi\/wp-json\/wp\/v2\/media?parent=1055"}],"wp:term":[{"taxonomy":"product_brand","embeddable":true,"href":"https:\/\/fmp-components.com\/fi\/wp-json\/wp\/v2\/product_brand?post=1055"},{"taxonomy":"product_cat","embeddable":true,"href":"https:\/\/fmp-components.com\/fi\/wp-json\/wp\/v2\/product_cat?post=1055"},{"taxonomy":"product_tag","embeddable":true,"href":"https:\/\/fmp-components.com\/fi\/wp-json\/wp\/v2\/product_tag?post=1055"}],"curies":[{"name":"wp","href":"https:\/\/api.w.org\/{rel}","templated":true}]}}