{"id":1053,"date":"2024-12-19T06:17:44","date_gmt":"2024-12-19T06:17:44","guid":{"rendered":"https:\/\/fmp-components.com\/product\/10045-customized-mini-tractor-hydraulic-cylinder-for-trailer\/"},"modified":"2024-12-23T08:56:59","modified_gmt":"2024-12-23T08:56:59","slug":"10045-customized-mini-tractor-hydraulic-cylinder-for-trailer","status":"publish","type":"product","link":"https:\/\/fmp-components.com\/fi\/product\/10045-customized-mini-tractor-hydraulic-cylinder-for-trailer\/","title":{"rendered":"10045 R\u00e4\u00e4t\u00e4l\u00f6ity minitraktorin hydraulisylinteri per\u00e4vaunulle"},"content":{"rendered":"<p>10045 r\u00e4\u00e4t\u00e4l\u00f6ity minitraktorin hydraulisylinteri per\u00e4vaunuun on korkealaatuinen tuote, joka on suunniteltu erityisesti traktorin per\u00e4vaunuihin. R\u00e4\u00e4t\u00e4l\u00f6ityjen ominaisuuksiensa ja edistyneen hydrauliikkateknologiansa ansiosta t\u00e4m\u00e4 sylinteri tarjoaa optimaalisen suorituskyvyn ja kest\u00e4vyyden.<\/p>\n<p>Kompaktin rakenteensa ansiosta 10045-sylinteri sopii t\u00e4ydellisesti rajoitetusti tilaa k\u00e4ytt\u00e4viin per\u00e4vaunuihin. Se tarjoaa vahvan ja luotettavan hydraulij\u00e4rjestelm\u00e4n, joka varmistaa sujuvan toiminnan ja tehokkaan voimansiirron. T\u00e4m\u00e4 sylinteri pystyy k\u00e4sittelem\u00e4\u00e4n raskaita kuormia ja kest\u00e4\u00e4 \u00e4\u00e4rimm\u00e4isi\u00e4 ty\u00f6olosuhteita.<\/p>\n<p>Yksi 10045-sylinterin t\u00e4rkeimmist\u00e4 eduista on sen r\u00e4\u00e4t\u00e4l\u00f6intimahdollisuudet. Asiakkaat voivat valita useista eri ominaisuuksista ja kokoonpanoista t\u00e4ytt\u00e4\u00e4kseen erityisvaatimuksensa. N\u00e4ihin kuuluvat iskunpituuden, m\u00e4nn\u00e4nvarren halkaisijan ja kiinnitystavan vaihtoehdot. N\u00e4iden mukautettavien ominaisuuksien avulla asiakkaat voivat optimoida sylinterin suorituskyvyn omiin sovelluksiinsa.<\/p>\n<p>Kest\u00e4vyyden ja r\u00e4\u00e4t\u00e4l\u00f6intimahdollisuuksien lis\u00e4ksi 10045-sylinteriss\u00e4 on my\u00f6s turvaominaisuuksia, jotka takaavat luotettavan ja turvallisen toiminnan. Se on varustettu korkealaatuisilla tiivisteill\u00e4 ja kest\u00e4v\u00e4ll\u00e4 rakenteella, mik\u00e4 minimoi vuotojen ja muiden mahdollisten ongelmien riskin.<\/p>\n<p>Olipa kyseess\u00e4 sitten maatalous-, rakennus- tai teollisuusk\u00e4ytt\u00f6, 10045-r\u00e4\u00e4t\u00e4l\u00f6ity minitraktorin per\u00e4vaunuhydraulisylinteri on erinomainen valinta. Sen erinomainen suorituskyky, kest\u00e4vyys ja r\u00e4\u00e4t\u00e4l\u00f6intimahdollisuudet tekev\u00e4t siit\u00e4 luotettavan ja monipuolisen ratkaisun erilaisiin k\u00e4ytt\u00f6tarkoituksiin.<\/p>\n<p><img decoding=\"async\" src=\"https:\/\/hzpt.com\/wp-content\/uploads\/2023\/12\/insert-4.webp?v=1694163707\" alt=\"\" title=\"\"><\/p>\n<h2>Tietoja FMP:n r\u00e4\u00e4t\u00e4l\u00f6idyst\u00e4 minitraktorin hydraulisylinterist\u00e4 per\u00e4vaunuun<\/h2>\n<p>FMP on toimittanut laadukkaita hydraulisylintereit\u00e4 ja niihin liittyvi\u00e4 tuotteita vuodesta 2006 l\u00e4htien. R\u00e4\u00e4t\u00e4l\u00f6ity minitraktorin per\u00e4vaunuhydraulisylinterimme on huippuluokan tuote, joka on suunniteltu tarkasti vastaamaan asiakkaidemme monipuolisiin tarpeisiin. Sill\u00e4 on erinomaiset mitat, kapasiteetti ja kantavuus.<\/p>\n<h2>Toiminto ja merkitys<\/h2>\n<p>Minitraktorin hydraulisylinterill\u00e4 on ratkaiseva rooli per\u00e4vaunujen kuormien nostamisessa, vet\u00e4misess\u00e4 ja ty\u00f6nt\u00e4misess\u00e4. Se on eritt\u00e4in tehokas ja turvallinen k\u00e4ytt\u00e4\u00e4. Lis\u00e4ksi se on v\u00e4ltt\u00e4m\u00e4t\u00f6n eri teollisuudenalojen hydraulikaytrosovelluksissa.<\/p>\n<h3>Ominaisuudet ja edut<\/h3>\n<ul>\n<li>Energiatehokas<\/li>\n<li>Eritt\u00e4in tehokas<\/li>\n<li>Turvallinen k\u00e4ytt\u00e4\u00e4<\/li>\n<\/ul>\n<h2>Hydraulij\u00e4rjestelm\u00e4 ja toimintaperiaate<\/h2>\n<p>Hydraulij\u00e4rjestelm\u00e4 toimii paineenk\u00e4yt\u00f6n periaatteella, ja hydraulisylinteri liikkuu molempien p\u00e4iden v\u00e4lisen paine-eron ansiosta, mik\u00e4 mahdollistaa tehokkaan toiminnan.<\/p>\n<p><img decoding=\"async\" class=\"aligncenter\" src=\"https:\/\/hzpt.com\/wp-content\/uploads\/2023\/12\/insert-1.webp\" alt=\"\" title=\"\"><\/p>\n<h2>Usein kysytyt kysymykset<\/h2>\n<dl>\n<dt>K1: Mik\u00e4 on hydraulisylinterin kuormankantokyky?<\/dt>\n<dd>A1: Kantavuus vaihtelee sylinterin mallin ja teknisten tietojen mukaan.<\/dd>\n<dt>K2: Kuinka usein hydrauliikka\u00f6ljy tulisi vaihtaa?<\/dt>\n<dd>A2: Vaihtotiheys riippuu sylinterin k\u00e4yt\u00f6st\u00e4, mutta yleens\u00e4 suositellaan \u00f6ljyn vaihtoa muutaman vuoden v\u00e4lein.<\/dd>\n<dt>K3: Miten hydraulisylinteri mitataan?<\/dt>\n<dd>A3: Mittaukset voidaan tehd\u00e4 mittanauhalla sylinterin iskunpituuden mittaamiseen.<\/dd>\n<\/dl>\n<dl>\n<dt>K4: Voinko suunnitella hydraulisylinterini mittatilausty\u00f6n\u00e4?<\/dt>\n<dd>A4: Kyll\u00e4, toivotamme asiakkaat tervetulleiksi tarjoamaan r\u00e4\u00e4t\u00e4l\u00f6ityj\u00e4 malleja.<\/dd>\n<dt>K5: Mit\u00e4 muita tuotteita FMP tarjoaa?<\/dt>\n<dd>A5: FMP tarjoaa my\u00f6s muita tuotteita, kuten henkil\u00f6nostinten sylintereit\u00e4, teollisuusajoneuvojen hydraulisylintereit\u00e4, porauslautan py\u00f6rysylintereit\u00e4 ja paljon muuta.<\/dd>\n<\/dl>\n<h2>Hitsatun Clevis-tyyppisen sylinterin edut<\/h2>\n<p>Hitsatut haarukkatyyppiset sylinterit ovat suosittu valinta moniin teollisiin sovelluksiin ainutlaatuisten etujensa ja hy\u00f6tyjens\u00e4 ansiosta. T\u00e4ss\u00e4 on joitakin hitsattujen haarukkatyyppisten sylinterien t\u00e4rkeimmist\u00e4 eduista:<\/p>\n<h3>1. Lis\u00e4\u00e4ntynyt lujuus ja kest\u00e4vyys<\/h3>\n<p>Hitsatut haarukkatyyppiset sylinterit on valmistettu hitsatulla p\u00e4\u00e4tykorkilla, joka tarjoaa enemm\u00e4n lujuutta ja kest\u00e4vyytt\u00e4 verrattuna muuntyyppisiin sylintereihin. T\u00e4m\u00e4 tekee niist\u00e4 ihanteellisia raskaisiin sovelluksiin, jotka vaativat korkeaa lujuutta ja kest\u00e4vyytt\u00e4.<\/p>\n<p>Lis\u00e4ksi n\u00e4iden sylinterien hitsattu rakenne tarkoittaa, ett\u00e4 ne vuotavat tai rikkoutuvat ep\u00e4todenn\u00e4k\u00f6isemmin, mik\u00e4 voi auttaa v\u00e4hent\u00e4m\u00e4\u00e4n seisokkiaikoja ja yll\u00e4pitokustannuksia.<\/p>\n<h3>2. Kyky k\u00e4sitell\u00e4 korkeaa painetta<\/h3>\n<p>Hitsatut haarukkatyyppiset sylinterit pystyv\u00e4t k\u00e4sittelem\u00e4\u00e4n my\u00f6s korkeapainesovelluksia, mik\u00e4 tekee niist\u00e4 suositun valinnan esimerkiksi rakennus-, kaivos- sek\u00e4 \u00f6ljy- ja kaasuteollisuudessa. Niiden kyky k\u00e4sitell\u00e4 korkeaa painetta varmistaa luotettavan suorituskyvyn vaativissa ymp\u00e4rist\u00f6iss\u00e4.<\/p>\n<h3>3. Mukautettava muotoilu<\/h3>\n<p>Hitsattuja haarukkatyyppisi\u00e4 sylintereit\u00e4 voidaan suunnitella mittatilausty\u00f6n\u00e4 vastaamaan sovelluksen erityistarpeita. T\u00e4m\u00e4 tarkoittaa, ett\u00e4 ne voidaan r\u00e4\u00e4t\u00e4l\u00f6id\u00e4 tiettyyn kokoon, muotoon tai suorituskykyvaatimukseen. Mukautettava suunnittelu mahdollistaa my\u00f6s suuremman joustavuuden valmistusprosessissa, mik\u00e4 voi johtaa kustannuss\u00e4\u00e4st\u00f6ihin.<\/p>\n<h3>4. Helppo asennus<\/h3>\n<p>Hitsatut haarukkatyyppiset sylinterit on suunniteltu helppoon asennukseen, mik\u00e4 auttaa v\u00e4hent\u00e4m\u00e4\u00e4n asennusaikaa ja ty\u00f6voimakustannuksia. Ne ovat yleens\u00e4 esikoottuja ja k\u00e4ytt\u00f6valmiita suoraan pakkauksesta, mik\u00e4 minimoi lis\u00e4osien tai -komponenttien tarpeen.<\/p>\n<h3>5. Parannettu suorituskyky<\/h3>\n<p>Hitsattujen haarukkatyyppisten sylinterien rakenne mahdollistaa paremman suorituskyvyn verrattuna muuntyyppisiin sylintereihin. Ne pystyv\u00e4t tuottamaan enemm\u00e4n voimaa paineyksikk\u00f6\u00e4 kohden, mik\u00e4 voi auttaa parantamaan tehokkuutta ja tuottavuutta teollisissa sovelluksissa.<\/p>\n<p>Kaiken kaikkiaan hitsatut haarukkatyyppiset sylinterit tarjoavat useita etuja ja hy\u00f6tyj\u00e4, jotka tekev\u00e4t niist\u00e4 suositun valinnan moniin teollisiin sovelluksiin. Niiden lis\u00e4\u00e4ntynyt lujuus ja kest\u00e4vyys, kyky k\u00e4sitell\u00e4 korkeaa painetta, mukautettava suunnittelu, helppo asennus ja parannettu suorituskyky tekev\u00e4t niist\u00e4 ihanteellisen valinnan vaativiin ymp\u00e4rist\u00f6ihin, joissa luotettavuus ja suorituskyky ovat avainasemassa.<\/p>\n<h2>Hitsatun Clevis-tyyppisen sylinterin k\u00e4ytt\u00f6<\/h2>\n<ul>\n<li><strong>Teollisuuskoneet:<\/strong> Hitsattuja sakkelisylintereit\u00e4 k\u00e4ytet\u00e4\u00e4n laajalti erilaisissa teollisuuskoneissa raskaissa sovelluksissa. N\u00e4m\u00e4 sylinterit pystyv\u00e4t tuottamaan suuren voiman koneiden komponenttien nostamiseen ja puristamiseen. Hitsattu sakkelirakenne mahdollistaa helpon asennuksen ja tehokkaan k\u00e4yt\u00f6n, mik\u00e4 tekee siit\u00e4 suositun valinnan valmistajille.\n<ul>\n<li>Valmistavassa teollisuudessa hitsattuja haarukkatyyppisi\u00e4 sylintereit\u00e4 k\u00e4ytet\u00e4\u00e4n hydraulipuristimissa, ruiskuvalukoneissa ja metallinleimauslaitteissa tarvittavan voiman aikaansaamiseksi metallilevyjen muovaukseen ja muotoiluun.<\/li>\n<li>Autoteollisuudessa n\u00e4it\u00e4 sylintereit\u00e4 k\u00e4ytet\u00e4\u00e4n autonostureissa, nostimissa ja kokoonpanokoneissa raskaiden komponenttien nostamiseen valmistusprosessin aikana.<\/li>\n<li>Rakennusteollisuudessa hitsattuja haarukkatyyppisi\u00e4 sylintereit\u00e4 k\u00e4ytet\u00e4\u00e4n nostureissa, kaivinkoneissa ja puskutraktoreissa raskaita kuormia nostavien ja siirt\u00e4vien hydraulij\u00e4rjestelmien voimanl\u00e4hteen\u00e4.<\/li>\n<\/ul>\n<\/li>\n<li><strong>Maatalouskoneet:<\/strong> Maatalouskoneet ovat yksi t\u00e4rkeimmist\u00e4 k\u00e4ytt\u00f6alueista, joilla hitsattuja sakkelityyppisi\u00e4 sylintereit\u00e4 k\u00e4ytet\u00e4\u00e4n. N\u00e4it\u00e4 sylintereit\u00e4 k\u00e4ytet\u00e4\u00e4n erilaisissa maatalouskoneissa, kuten traktoreissa, puimureissa ja auroissa, tarjoamaan tarvittava voima maanmuokkaukseen, istutukseen ja sadonkorjuuseen.\n<ul>\n<li>Maataloudessa hitsattuja sakkelityyppisi\u00e4 sylintereit\u00e4 k\u00e4ytet\u00e4\u00e4n auroissa, kultivaattoreissa ja kylv\u00f6koneissa tarvittavan voiman aikaansaamiseksi maanmuokkaukseen ja siementen kylv\u00f6\u00f6n.<\/li>\n<li>Sadonkorjuuteollisuudessa n\u00e4it\u00e4 sylintereit\u00e4 k\u00e4ytet\u00e4\u00e4n puimureissa, paalaimissa ja ruohonleikkureissa satoa ker\u00e4\u00e4vien ja kuljettavien hydraulij\u00e4rjestelmien voimanl\u00e4hteen\u00e4.<\/li>\n<\/ul>\n<\/li>\n<li><strong>Ilmailu ja puolustus:<\/strong> Hitsattuja Clevis-tyyppisi\u00e4 sylintereit\u00e4 k\u00e4ytet\u00e4\u00e4n my\u00f6s ilmailu- ja puolustusteollisuudessa, jossa niit\u00e4 k\u00e4ytet\u00e4\u00e4n monenlaisissa sovelluksissa lentokoneissa, raketeissa, ohjuksissa ja puolustusj\u00e4rjestelmiss\u00e4.\n<ul>\n<li>Ilmailuteollisuudessa hitsattuja haarukkatyyppisi\u00e4 sylintereit\u00e4 k\u00e4ytet\u00e4\u00e4n lentokoneiden laskutelineiss\u00e4, l\u00e4ppiss\u00e4 ja jarruissa tarvittavan voiman aikaansaamiseksi nousussa ja laskeutumisessa.<\/li>\n<li>Puolustusteollisuudessa n\u00e4it\u00e4 sylintereit\u00e4 k\u00e4ytet\u00e4\u00e4n ohjuslaukaisimissa, tykkitorneissa ja panssarivaunuj\u00e4rjestelmiss\u00e4 aseiden ja ammusten liikett\u00e4 ohjaavien hydraulij\u00e4rjestelmien virransy\u00f6tt\u00f6\u00f6n.<\/li>\n<\/ul>\n<\/li>\n<li><strong>Meriteollisuus:<\/strong> Hitsattuja Clevis-tyyppisi\u00e4 sylintereit\u00e4 k\u00e4ytet\u00e4\u00e4n my\u00f6s laajalti meriteollisuudessa, jossa niit\u00e4 k\u00e4ytet\u00e4\u00e4n erilaisissa sovelluksissa laivoissa, veneiss\u00e4 ja vedenalaisissa ajoneuvoissa.\n<ul>\n<li>Merenkulkualalla hitsattuja haarukkatyyppisi\u00e4 sylintereit\u00e4 k\u00e4ytet\u00e4\u00e4n nostureissa, vinsseiss\u00e4 ja lastink\u00e4sittelylaitteissa tarvittavan voiman aikaansaamiseksi lastin lastaamiseen ja purkamiseen.<\/li>\n<li>Veneteollisuudessa n\u00e4it\u00e4 sylintereit\u00e4 k\u00e4ytet\u00e4\u00e4n ohjausj\u00e4rjestelmiss\u00e4, potkureissa ja ankkurij\u00e4rjestelmiss\u00e4 veneiden ja laivojen liikkeen ohjaamiseen tarvittavan voiman aikaansaamiseksi.<\/li>\n<li>Vedenalaisten ajoneuvojen teollisuudessa hitsattuja haarukkatyyppisi\u00e4 sylintereit\u00e4 k\u00e4ytet\u00e4\u00e4n sukellusveneiss\u00e4, kauko-ohjattavissa ajoneuvoissa (ROV) ja sukellusvarusteissa tarvittavan voiman aikaansaamiseksi vedenalaisiin operaatioihin.<\/li>\n<\/ul>\n<\/li>\n<li><strong>Kaivosteollisuus:<\/strong> Hitsattuja haarukkatyyppisi\u00e4 sylintereit\u00e4 k\u00e4ytet\u00e4\u00e4n my\u00f6s kaivosteollisuudessa, jossa niit\u00e4 k\u00e4ytet\u00e4\u00e4n erilaisissa sovelluksissa mineraalien louhintaan ja materiaalink\u00e4sittelyyn.\n<ul>\n<li>Kaivosteollisuudessa hitsattuja sakkelityyppisi\u00e4 sylintereit\u00e4 k\u00e4ytet\u00e4\u00e4n kuljetinj\u00e4rjestelmiss\u00e4, porakoneissa ja hydraulisissa kaivoksissa tarvittavan voiman aikaansaamiseksi mineraalien ja materiaalien louhintaan kaivoksista ja louhoksista.<\/li>\n<\/ul>\n<\/li>\n<\/ul>\n<p><img decoding=\"async\" src=\"https:\/\/hzpt.com\/wp-content\/uploads\/2023\/12\/insert-2.webp\" alt=\"\" title=\"\"><\/p>\n<h2>Tietoja FMP:st\u00e4<\/h2>\n<p>FMP on johtava toimija Italian mobiilikoneiden hydraulisylinterien markkinoilla. Tuotevalikoimaamme kuuluvat hydrauliset kallistussylinterit, hydrauliset ohjaussylinterit ja hydrauliset nostosylinterit. Suunnittelukapasiteettimme on 200 000 sarjaa ja meill\u00e4 on 300 sarjaa erilaisia \u200b\u200bt\u00e4ysautomaattisia CNC-tuotantolaitteita ja t\u00e4ysautomaattisia hydraulisylinterien kokoonpanolaitteita.<\/p>\n<p>Toimitamme my\u00f6s muita tuotteita, kuten henkil\u00f6nostinten sylintereit\u00e4, teollisuusajoneuvojen hydraulisylintereit\u00e4, porauslauttojen sylintereit\u00e4, autonostureiden sylintereit\u00e4, rakennuskoneiden hydraulisylintereit\u00e4, trukkien hydraulisylintereit\u00e4, kaivoskuorma-autojen sylintereit\u00e4 ja sanitaatiokoneiden hydraulisylintereit\u00e4. Toivotamme asiakkaat tervetulleiksi tarjoamaan r\u00e4\u00e4t\u00e4l\u00f6ityj\u00e4 malleja.<\/p>\n<p><img decoding=\"async\" src=\"https:\/\/hzpt.com\/wp-content\/uploads\/2023\/12\/insert-5.webp\" alt=\"FMP-tehdas\" title=\"\"><\/p>\n<p>Tekij\u00e4: CX<\/p>","protected":false},"excerpt":{"rendered":"<p>The 10045 Customized Mini Tractor Hydraulic Cylinder for Trailer is a high-quality product designed specifically for tractor trailers. With its customized features and advanced hydraulic technology, this cylinder provides optimal performance and durability. Featuring a compact design, the 10045 cylinder is perfect for trailers with limited space. It offers a strong and reliable hydraulic system [&hellip;]<\/p>","protected":false},"featured_media":1127,"comment_status":"closed","ping_status":"closed","template":"","meta":{"_et_pb_use_builder":"","_et_pb_old_content":"","_et_gb_content_width":""},"product_brand":[],"product_cat":[36],"product_tag":[34,38],"class_list":{"0":"post-1053","1":"product","2":"type-product","3":"status-publish","4":"has-post-thumbnail","6":"product_cat-welded-clevis-type-cylinder","7":"product_tag-hydraulic-cylinder","8":"product_tag-welded-clevis-type-cylinder","10":"first","11":"instock","12":"product-type-simple"},"_links":{"self":[{"href":"https:\/\/fmp-components.com\/fi\/wp-json\/wp\/v2\/product\/1053","targetHints":{"allow":["GET"]}}],"collection":[{"href":"https:\/\/fmp-components.com\/fi\/wp-json\/wp\/v2\/product"}],"about":[{"href":"https:\/\/fmp-components.com\/fi\/wp-json\/wp\/v2\/types\/product"}],"replies":[{"embeddable":true,"href":"https:\/\/fmp-components.com\/fi\/wp-json\/wp\/v2\/comments?post=1053"}],"wp:featuredmedia":[{"embeddable":true,"href":"https:\/\/fmp-components.com\/fi\/wp-json\/wp\/v2\/media\/1127"}],"wp:attachment":[{"href":"https:\/\/fmp-components.com\/fi\/wp-json\/wp\/v2\/media?parent=1053"}],"wp:term":[{"taxonomy":"product_brand","embeddable":true,"href":"https:\/\/fmp-components.com\/fi\/wp-json\/wp\/v2\/product_brand?post=1053"},{"taxonomy":"product_cat","embeddable":true,"href":"https:\/\/fmp-components.com\/fi\/wp-json\/wp\/v2\/product_cat?post=1053"},{"taxonomy":"product_tag","embeddable":true,"href":"https:\/\/fmp-components.com\/fi\/wp-json\/wp\/v2\/product_tag?post=1053"}],"curies":[{"name":"wp","href":"https:\/\/api.w.org\/{rel}","templated":true}]}}