{"id":1051,"date":"2024-12-19T06:17:44","date_gmt":"2024-12-19T06:17:44","guid":{"rendered":"https:\/\/fmp-components.com\/product\/10043-guaranteed-quality-hydraulic-ram-cylinder-hydraulic-cylinder-for-sale\/"},"modified":"2025-03-18T00:43:31","modified_gmt":"2025-03-18T00:43:31","slug":"10043-guaranteed-quality-hydraulic-ram-cylinder-hydraulic-cylinder-for-sale","status":"publish","type":"product","link":"https:\/\/fmp-components.com\/fi\/product\/10043-guaranteed-quality-hydraulic-ram-cylinder-hydraulic-cylinder-for-sale\/","title":{"rendered":"10043 Taattu laatu Hydraulinen sylinteri Hydraulinen sylinteri myyt\u00e4v\u00e4n\u00e4"},"content":{"rendered":"<h2>Tuotteen esittely:<\/h2>\n<p>Myyt\u00e4v\u00e4n\u00e4 oleva 10043 Guaranteed Quality Hydraulic Ram Cylinder -hydraulisylinteri on huippuluokan hydraulisylinteri, joka on suunniteltu tarjoamaan poikkeuksellista suorituskyky\u00e4 ja luotettavuutta. Ylivertaisen laatunsa ja edistyneen teknologiansa ansiosta t\u00e4m\u00e4 hydraulisylinteri on alan mullistava.<\/p>\n<p>Ominaisuudet:<br \/>\n1. Vertaansa vailla oleva kest\u00e4vyys: Korkealaatuisista materiaaleista valmistettu 10043-hydraulisylinteri takaa pitk\u00e4ik\u00e4isen kest\u00e4vyyden ja kest\u00e4\u00e4 jopa vaikeimmat k\u00e4ytt\u00f6olosuhteet.<br \/>\n2. Taattu laatu: Jokainen hydraulisylinteri k\u00e4y l\u00e4pi tiukat laadunvalvontatoimenpiteet sen varmistamiseksi, ett\u00e4 se t\u00e4ytt\u00e4\u00e4 alan korkeimmat standardit, mik\u00e4 tarjoaa sinulle luotettavan ja ongelmattoman kokemuksen.<br \/>\n3. Tehokas suorituskyky: Edistyksellisell\u00e4 hydrauliikkatekniikalla varustettu sylinteri tarjoaa erinomaisen tehon ja tarkkuuden, mik\u00e4 tekee siit\u00e4 t\u00e4ydellisen vaativiin sovelluksiin.<br \/>\n4. Sujuva toiminta: 10043-hydraulisylinteri tarjoaa sujuvan ja tarkan toiminnan optimoidun rakenteensa ja tarkkuustekniikan ansiosta.<br \/>\n5. Monipuoliset k\u00e4ytt\u00f6kohteet: T\u00e4m\u00e4 hydraulisylinteri soveltuu monenlaisiin k\u00e4ytt\u00f6tarkoituksiin, kuten rakennuskoneisiin, maatalouteen, kaivosteollisuuteen ja muuhun.<\/p>\n<p><img loading=\"lazy\" decoding=\"async\" class=\"alignnone size-full wp-image-1073\" src=\"https:\/\/fmp-components.com\/wp-content\/uploads\/2024\/12\/Welded-Clevis-Type-Cylinder2.webp\" alt=\"Hitsattu Clevis-tyyppinen sylinteri\" width=\"800\" height=\"800\" title=\"\" srcset=\"https:\/\/fmp-components.com\/wp-content\/uploads\/2024\/12\/Welded-Clevis-Type-Cylinder2.webp 800w, https:\/\/fmp-components.com\/wp-content\/uploads\/2024\/12\/Welded-Clevis-Type-Cylinder2-480x480.webp 480w\" sizes=\"(min-width: 0px) and (max-width: 480px) 480px, (min-width: 481px) 800px, 100vw\" \/><\/p>\n<p>Edut:<br \/>\n1. Parannettu tehokkuus: 10043-hydraulisylinterin erinomainen suorituskyky mahdollistaa tehokkaan toiminnan, mik\u00e4 lis\u00e4\u00e4 tuottavuutta ja v\u00e4hent\u00e4\u00e4 seisokkiaikoja.<br \/>\n2. Kustannustehokas ratkaisu: Pitk\u00e4n k\u00e4ytt\u00f6ik\u00e4ns\u00e4 ja luotettavan suorituskykyns\u00e4 ansiosta t\u00e4m\u00e4 hydraulisylinteri tarjoaa kustannustehokkaan ratkaisun, joka s\u00e4\u00e4st\u00e4\u00e4 rahaa pitk\u00e4ll\u00e4 aikav\u00e4lill\u00e4.<br \/>\n3. Helppo huolto: K\u00e4ytt\u00e4j\u00e4yst\u00e4v\u00e4llisyytt\u00e4 ajatellen suunniteltu 10043-hydraulisylinteri vaatii vain v\u00e4h\u00e4n huoltoa, mik\u00e4 v\u00e4hent\u00e4\u00e4 seisokkiaikoja ja varmistaa maksimaalisen tehokkuuden.<br \/>\n4. Parannettu turvallisuus: Hydraulisylinteri on varustettu edistyneill\u00e4 turvaominaisuuksilla, jotka takaavat turvallisen ja luotettavan toiminnan miss\u00e4 tahansa ty\u00f6ymp\u00e4rist\u00f6ss\u00e4.<br \/>\n5. Asiakastyytyv\u00e4isyys: 10043-hydraulisylinterill\u00e4 on erinomainen asiakastuki, joka varmistaa, ett\u00e4 tarpeesi t\u00e4yttyv\u00e4t ja tyytyv\u00e4isyytesi on taattu.<\/p>\n<p>Yhteenvetona voidaan todeta, ett\u00e4 myynniss\u00e4 oleva 10043 Guaranteed Quality Hydraulic Ram Cylinder -hydraulisylinteri on huippuluokan hydraulisylinteri, joka tarjoaa poikkeuksellista suorituskyky\u00e4, kest\u00e4vyytt\u00e4 ja luotettavuutta. Edistyneiden ominaisuuksiensa ja monipuolisten sovellustensa ansiosta se on t\u00e4ydellinen valinta kaikille toimialoille, jotka tarvitsevat luotettavaa hydraulista tehoa.<\/p>\n<h2>Johdanto hydrauliseen m\u00e4nn\u00e4n sylinteriimme<\/h2>\n<p>FMP:ll\u00e4 olemme ylpeit\u00e4 huippuluokan hydraulisylintereiden valmistuksesta. Asiantuntemuksemme ja omistautumisemme laatuun takaavat, ett\u00e4 asiakkaamme saavat vain parasta. Italiassa sijaitseva yrityksemme on hydraulisylintereiden alan johtava toimija.<\/p>\n<h2>Hydraulisen m\u00e4nn\u00e4n sylinterin ominaisuudet ja edut<\/h2>\n<p>Hydraulisylinterimme on suunniteltu tehokkuutta ja energians\u00e4\u00e4st\u00f6\u00e4 silm\u00e4ll\u00e4 pit\u00e4en. Ne tunnetaan my\u00f6s turvallisuusominaisuuksistaan. Voit luottaa hydraulisylintereidemme suureen kantavuuteen raskaissa teht\u00e4viss\u00e4. Tuotteen tiedot, kuten mitat ja kapasiteetti, on esitetty teknisten parametrien osiossa.<\/p>\n<ol>\n<li><img decoding=\"async\" src=\"https:\/\/hzpt.com\/wp-content\/uploads\/2023\/12\/insert-1.webp\" alt=\"\" title=\"\"><\/li>\n<\/ol>\n<h2>Hydraulisen sylinterimme tekniset parametrit<\/h2>\n<ul>\n<li>Mitat: t\u00e4ytett\u00e4v\u00e4ksi<\/li>\n<li>Kapasiteetti: t\u00e4ytett\u00e4v\u00e4<\/li>\n<li>Painokantavuus: t\u00e4ytett\u00e4v\u00e4<\/li>\n<\/ul>\n<h2>Hydraulisen m\u00e4nn\u00e4n sylinterin ainutlaatuiset ominaisuudet<\/h2>\n<p>FMP:n hydraulisylinterit ovat paitsi tehokkaita ja turvallisia, my\u00f6s ymp\u00e4rist\u00f6yst\u00e4v\u00e4llisiksi suunniteltuja. Ne on rakennettu toimimaan korkean paineen alla suorituskyvyst\u00e4 tinkim\u00e4tt\u00e4.<\/p>\n<h2>Hydraulisten j\u00e4rjestelmien toimintaperiaate<\/h2>\n<p>Hydraulisten j\u00e4rjestelmien toimintaperiaate on Pascalin laissa. Yhdess\u00e4 pisteess\u00e4 suljetussa nesteess\u00e4 olevaan paineeseen kohdistuva paine v\u00e4littyy tasaisesti kaikkiin suuntiin, mik\u00e4 mahdollistaa hydraulisylintereiden toiminnan.<\/p>\n<h2>Hydraulisen m\u00e4nn\u00e4n sylinterin valinta, asennus ja huolto<\/h2>\n<p>Oikean hydrauli\u00f6ljyn ja \u00f6ljytiivisteen valinta on ratkaisevan t\u00e4rke\u00e4\u00e4 hydraulisylinterien tehokkaan toiminnan kannalta. Hydraulisylinterien mitat ja toiminta ovat my\u00f6s t\u00e4rkeit\u00e4 huomioitavia n\u00e4k\u00f6kohtia. Tarjoamme yksityiskohtaista tietoa ja apua kaikilla n\u00e4ill\u00e4 alueilla.<\/p>\n<p>&nbsp;<\/p>\n<p><img decoding=\"async\" src=\"https:\/\/hzpt.com\/wp-content\/uploads\/2023\/12\/insert-3.webp\" alt=\"\" title=\"\"><\/p>\n<p>V: Kyll\u00e4, tarjoamme r\u00e4\u00e4t\u00e4l\u00f6intipalveluita. Voit antaa meille vaatimuksesi, ja valmistamme tuotteen niiden mukaisesti.<\/p>\n<h2>Hitsatun Clevis-tyyppisen sylinterin edut<\/h2>\n<p>Hitsatut haarukkatyyppiset sylinterit ovat suosittu valinta moniin teollisiin sovelluksiin ainutlaatuisten etujensa ja hy\u00f6tyjens\u00e4 ansiosta. T\u00e4ss\u00e4 on joitakin hitsattujen haarukkatyyppisten sylinterien t\u00e4rkeimmist\u00e4 eduista:<\/p>\n<h3>1. Lis\u00e4\u00e4ntynyt lujuus ja kest\u00e4vyys<\/h3>\n<p>Hitsatut haarukkatyyppiset sylinterit on valmistettu hitsatulla p\u00e4\u00e4tykorkilla, joka tarjoaa enemm\u00e4n lujuutta ja kest\u00e4vyytt\u00e4 verrattuna muuntyyppisiin sylintereihin. T\u00e4m\u00e4 tekee niist\u00e4 ihanteellisia raskaisiin sovelluksiin, jotka vaativat korkeaa lujuutta ja kest\u00e4vyytt\u00e4.<\/p>\n<p>Lis\u00e4ksi n\u00e4iden sylinterien hitsattu rakenne tarkoittaa, ett\u00e4 ne vuotavat tai rikkoutuvat ep\u00e4todenn\u00e4k\u00f6isemmin, mik\u00e4 voi auttaa v\u00e4hent\u00e4m\u00e4\u00e4n seisokkiaikoja ja yll\u00e4pitokustannuksia.<\/p>\n<h3>2. Kyky k\u00e4sitell\u00e4 korkeaa painetta<\/h3>\n<p>Hitsatut haarukkatyyppiset sylinterit pystyv\u00e4t k\u00e4sittelem\u00e4\u00e4n my\u00f6s korkeapainesovelluksia, mik\u00e4 tekee niist\u00e4 suositun valinnan esimerkiksi rakennus-, kaivos- sek\u00e4 \u00f6ljy- ja kaasuteollisuudessa. Niiden kyky k\u00e4sitell\u00e4 korkeaa painetta varmistaa luotettavan suorituskyvyn vaativissa ymp\u00e4rist\u00f6iss\u00e4.<\/p>\n<h3>3. Mukautettava muotoilu<\/h3>\n<p>Hitsattuja haarukkatyyppisi\u00e4 sylintereit\u00e4 voidaan suunnitella mittatilausty\u00f6n\u00e4 vastaamaan sovelluksen erityistarpeita. T\u00e4m\u00e4 tarkoittaa, ett\u00e4 ne voidaan r\u00e4\u00e4t\u00e4l\u00f6id\u00e4 tiettyyn kokoon, muotoon tai suorituskykyvaatimukseen. Mukautettava suunnittelu mahdollistaa my\u00f6s suuremman joustavuuden valmistusprosessissa, mik\u00e4 voi johtaa kustannuss\u00e4\u00e4st\u00f6ihin.<\/p>\n<h3>4. Helppo asennus<\/h3>\n<p>Hitsatut haarukkatyyppiset sylinterit on suunniteltu helppoon asennukseen, mik\u00e4 auttaa v\u00e4hent\u00e4m\u00e4\u00e4n asennusaikaa ja ty\u00f6voimakustannuksia. Ne ovat yleens\u00e4 esikoottuja ja k\u00e4ytt\u00f6valmiita suoraan pakkauksesta, mik\u00e4 minimoi lis\u00e4osien tai -komponenttien tarpeen.<\/p>\n<h3>5. Parannettu suorituskyky<\/h3>\n<p>Hitsattujen haarukkatyyppisten sylinterien rakenne mahdollistaa paremman suorituskyvyn verrattuna muuntyyppisiin sylintereihin. Ne pystyv\u00e4t tuottamaan enemm\u00e4n voimaa paineyksikk\u00f6\u00e4 kohden, mik\u00e4 voi auttaa parantamaan tehokkuutta ja tuottavuutta teollisissa sovelluksissa.<\/p>\n<p>Kaiken kaikkiaan hitsatut haarukkatyyppiset sylinterit tarjoavat useita etuja ja hy\u00f6tyj\u00e4, jotka tekev\u00e4t niist\u00e4 suositun valinnan moniin teollisiin sovelluksiin. Niiden lis\u00e4\u00e4ntynyt lujuus ja kest\u00e4vyys, kyky k\u00e4sitell\u00e4 korkeaa painetta, mukautettava suunnittelu, helppo asennus ja parannettu suorituskyky tekev\u00e4t niist\u00e4 ihanteellisen valinnan vaativiin ymp\u00e4rist\u00f6ihin, joissa luotettavuus ja suorituskyky ovat avainasemassa.<\/p>\n<p><img decoding=\"async\" src=\"https:\/\/hzpt.com\/wp-content\/uploads\/2023\/12\/insert-2.webp\" alt=\"\" title=\"\"><\/p>\n<h2>Hitsatun Clevis-tyyppisen sylinterin k\u00e4ytt\u00f6<\/h2>\n<ul>\n<li><strong>Teollisuuskoneet:<\/strong> Hitsattuja sakkelisylintereit\u00e4 k\u00e4ytet\u00e4\u00e4n laajalti erilaisissa teollisuuskoneissa raskaissa sovelluksissa. N\u00e4m\u00e4 sylinterit pystyv\u00e4t tuottamaan suuren voiman koneiden komponenttien nostamiseen ja puristamiseen. Hitsattu sakkelirakenne mahdollistaa helpon asennuksen ja tehokkaan k\u00e4yt\u00f6n, mik\u00e4 tekee siit\u00e4 suositun valinnan valmistajille.\n<ul>\n<li>Valmistavassa teollisuudessa hitsattuja haarukkatyyppisi\u00e4 sylintereit\u00e4 k\u00e4ytet\u00e4\u00e4n hydraulipuristimissa, ruiskuvalukoneissa ja metallinleimauslaitteissa tarvittavan voiman aikaansaamiseksi metallilevyjen muovaukseen ja muotoiluun.<\/li>\n<li>Autoteollisuudessa n\u00e4it\u00e4 sylintereit\u00e4 k\u00e4ytet\u00e4\u00e4n autonostureissa, nostimissa ja kokoonpanokoneissa raskaiden komponenttien nostamiseen valmistusprosessin aikana.<\/li>\n<li>Rakennusteollisuudessa hitsattuja haarukkatyyppisi\u00e4 sylintereit\u00e4 k\u00e4ytet\u00e4\u00e4n nostureissa, kaivinkoneissa ja puskutraktoreissa raskaita kuormia nostavien ja siirt\u00e4vien hydraulij\u00e4rjestelmien voimanl\u00e4hteen\u00e4.<\/li>\n<\/ul>\n<\/li>\n<li><strong>Maatalouskoneet:<\/strong> Maatalouskoneet ovat yksi t\u00e4rkeimmist\u00e4 k\u00e4ytt\u00f6alueista, joilla hitsattuja sakkelityyppisi\u00e4 sylintereit\u00e4 k\u00e4ytet\u00e4\u00e4n. N\u00e4it\u00e4 sylintereit\u00e4 k\u00e4ytet\u00e4\u00e4n erilaisissa maatalouskoneissa, kuten traktoreissa, puimureissa ja auroissa, tarjoamaan tarvittava voima maanmuokkaukseen, istutukseen ja sadonkorjuuseen.\n<ul>\n<li>Maataloudessa hitsattuja sakkelityyppisi\u00e4 sylintereit\u00e4 k\u00e4ytet\u00e4\u00e4n auroissa, kultivaattoreissa ja kylv\u00f6koneissa tarvittavan voiman aikaansaamiseksi maanmuokkaukseen ja siementen kylv\u00f6\u00f6n.<\/li>\n<li>Sadonkorjuuteollisuudessa n\u00e4it\u00e4 sylintereit\u00e4 k\u00e4ytet\u00e4\u00e4n puimureissa, paalaimissa ja ruohonleikkureissa satoa ker\u00e4\u00e4vien ja kuljettavien hydraulij\u00e4rjestelmien voimanl\u00e4hteen\u00e4.<\/li>\n<\/ul>\n<\/li>\n<li><strong>Ilmailu ja puolustus:<\/strong> Hitsattuja Clevis-tyyppisi\u00e4 sylintereit\u00e4 k\u00e4ytet\u00e4\u00e4n my\u00f6s ilmailu- ja puolustusteollisuudessa, jossa niit\u00e4 k\u00e4ytet\u00e4\u00e4n monenlaisissa sovelluksissa lentokoneissa, raketeissa, ohjuksissa ja puolustusj\u00e4rjestelmiss\u00e4.\n<ul>\n<li>Ilmailuteollisuudessa hitsattuja haarukkatyyppisi\u00e4 sylintereit\u00e4 k\u00e4ytet\u00e4\u00e4n lentokoneiden laskutelineiss\u00e4, l\u00e4ppiss\u00e4 ja jarruissa tarvittavan voiman aikaansaamiseksi nousussa ja laskeutumisessa.<\/li>\n<li>Puolustusteollisuudessa n\u00e4it\u00e4 sylintereit\u00e4 k\u00e4ytet\u00e4\u00e4n ohjuslaukaisimissa, tykkitorneissa ja panssarivaunuj\u00e4rjestelmiss\u00e4 aseiden ja ammusten liikett\u00e4 ohjaavien hydraulij\u00e4rjestelmien virransy\u00f6tt\u00f6\u00f6n.<\/li>\n<\/ul>\n<\/li>\n<li><strong>Meriteollisuus:<\/strong> Hitsattuja Clevis-tyyppisi\u00e4 sylintereit\u00e4 k\u00e4ytet\u00e4\u00e4n my\u00f6s laajalti meriteollisuudessa, jossa niit\u00e4 k\u00e4ytet\u00e4\u00e4n erilaisissa sovelluksissa laivoissa, veneiss\u00e4 ja vedenalaisissa ajoneuvoissa.\n<ul>\n<li>Merenkulkualalla hitsattuja haarukkatyyppisi\u00e4 sylintereit\u00e4 k\u00e4ytet\u00e4\u00e4n nostureissa, vinsseiss\u00e4 ja lastink\u00e4sittelylaitteissa tarvittavan voiman aikaansaamiseksi lastin lastaamiseen ja purkamiseen.<\/li>\n<li>Veneteollisuudessa n\u00e4it\u00e4 sylintereit\u00e4 k\u00e4ytet\u00e4\u00e4n ohjausj\u00e4rjestelmiss\u00e4, potkureissa ja ankkurij\u00e4rjestelmiss\u00e4 veneiden ja laivojen liikkeen ohjaamiseen tarvittavan voiman aikaansaamiseksi.<\/li>\n<li>Vedenalaisten ajoneuvojen teollisuudessa hitsattuja haarukkatyyppisi\u00e4 sylintereit\u00e4 k\u00e4ytet\u00e4\u00e4n sukellusveneiss\u00e4, kauko-ohjattavissa ajoneuvoissa (ROV) ja sukellusvarusteissa tarvittavan voiman aikaansaamiseksi vedenalaisiin operaatioihin.<\/li>\n<\/ul>\n<\/li>\n<li><strong>Kaivosteollisuus:<\/strong> Hitsattuja haarukkatyyppisi\u00e4 sylintereit\u00e4 k\u00e4ytet\u00e4\u00e4n my\u00f6s kaivosteollisuudessa, jossa niit\u00e4 k\u00e4ytet\u00e4\u00e4n erilaisissa sovelluksissa mineraalien louhintaan ja materiaalink\u00e4sittelyyn.\n<ul>\n<li>Kaivosteollisuudessa hitsattuja sakkelityyppisi\u00e4 sylintereit\u00e4 k\u00e4ytet\u00e4\u00e4n kuljetinj\u00e4rjestelmiss\u00e4, porakoneissa ja hydraulisissa kaivoksissa tarvittavan voiman aikaansaamiseksi mineraalien ja materiaalien louhintaan kaivoksista ja louhoksista.<\/li>\n<\/ul>\n<\/li>\n<\/ul>\n<h2>Tietoja FMP:st\u00e4<\/h2>\n<p>FMP on johtava hydraulisylinterien valmistaja Italiassa. Tuotantokapasiteettimme on 200 000 sarjaa ja omistamme 300 sarjaa erilaisia \u200b\u200bt\u00e4ysautomaattisia CNC-tuotantolaitteita. Tuotevalikoimaamme kuuluvat hydrauliset kallistussylinterit, hydrauliset ohjaussylinterit ja hydrauliset nostosylinterit.<\/p>\n<p>Tarjoamme korkealaatuisia tuotteita, kilpailukykyisi\u00e4 hintoja ja erinomaista palvelua. Hydraulisylinterimme, henkil\u00f6nostinten sylinterimme, teollisuusajoneuvojen hydraulisylinterimme, porauslauttojen sylinterimme, kuorma-autonostureiden sylinterimme, rakennuskoneiden hydraulisylinterimme, <b>Trukin hydraulisylinterit<\/b>, kaivoskuorma-autojen sylinterit, sanitaatiokoneiden hydraulisylinterit ovat saatavilla r\u00e4\u00e4t\u00e4l\u00f6inti\u00e4 varten tarpeidesi mukaan.<\/p>\n<p><img decoding=\"async\" src=\"https:\/\/hzpt.com\/wp-content\/uploads\/2023\/12\/insert-5.webp\" alt=\"FMP-tehdas\" title=\"\"><\/p>\n<p>Tekij\u00e4: CX<\/p>","protected":false},"excerpt":{"rendered":"<p>Product Introduction: The 10043 Guaranteed Quality Hydraulic Ram Cylinder Hydraulic Cylinder For Sale is a top-notch hydraulic cylinder designed to deliver exceptional performance and reliability. With its superior quality and advanced technology, this hydraulic cylinder is a game-changer in the industry. Features: 1. Unparalleled Durability: Built with high-quality materials, the 10043 hydraulic cylinder ensures long-lasting [&hellip;]<\/p>","protected":false},"featured_media":1127,"comment_status":"closed","ping_status":"closed","template":"","meta":{"_et_pb_use_builder":"","_et_pb_old_content":"","_et_gb_content_width":""},"product_brand":[],"product_cat":[36],"product_tag":[34,38],"class_list":{"0":"post-1051","1":"product","2":"type-product","3":"status-publish","4":"has-post-thumbnail","6":"product_cat-welded-clevis-type-cylinder","7":"product_tag-hydraulic-cylinder","8":"product_tag-welded-clevis-type-cylinder","10":"first","11":"instock","12":"product-type-simple"},"_links":{"self":[{"href":"https:\/\/fmp-components.com\/fi\/wp-json\/wp\/v2\/product\/1051","targetHints":{"allow":["GET"]}}],"collection":[{"href":"https:\/\/fmp-components.com\/fi\/wp-json\/wp\/v2\/product"}],"about":[{"href":"https:\/\/fmp-components.com\/fi\/wp-json\/wp\/v2\/types\/product"}],"replies":[{"embeddable":true,"href":"https:\/\/fmp-components.com\/fi\/wp-json\/wp\/v2\/comments?post=1051"}],"wp:featuredmedia":[{"embeddable":true,"href":"https:\/\/fmp-components.com\/fi\/wp-json\/wp\/v2\/media\/1127"}],"wp:attachment":[{"href":"https:\/\/fmp-components.com\/fi\/wp-json\/wp\/v2\/media?parent=1051"}],"wp:term":[{"taxonomy":"product_brand","embeddable":true,"href":"https:\/\/fmp-components.com\/fi\/wp-json\/wp\/v2\/product_brand?post=1051"},{"taxonomy":"product_cat","embeddable":true,"href":"https:\/\/fmp-components.com\/fi\/wp-json\/wp\/v2\/product_cat?post=1051"},{"taxonomy":"product_tag","embeddable":true,"href":"https:\/\/fmp-components.com\/fi\/wp-json\/wp\/v2\/product_tag?post=1051"}],"curies":[{"name":"wp","href":"https:\/\/api.w.org\/{rel}","templated":true}]}}