{"id":1048,"date":"2024-12-19T06:17:44","date_gmt":"2024-12-19T06:17:44","guid":{"rendered":"https:\/\/fmp-components.com\/product\/10040-high-end-small-piston-hydraulic-cylinder-for-trailer\/"},"modified":"2024-12-23T08:58:10","modified_gmt":"2024-12-23T08:58:10","slug":"10040-high-end-small-piston-hydraulic-cylinder-for-trailer","status":"publish","type":"product","link":"https:\/\/fmp-components.com\/fi\/product\/10040-high-end-small-piston-hydraulic-cylinder-for-trailer\/","title":{"rendered":"10040 Huippuluokan pieni m\u00e4nt\u00e4hydraulinen sylinteri per\u00e4vaunuun"},"content":{"rendered":"<h2>Tuotteen esittely:<\/h2>\n<p>10040 High End Small M\u00e4nt\u00e4hydraulisylinteri per\u00e4vaunuille on tehokas ja luotettava hydraulisylinteri, joka on suunniteltu k\u00e4ytett\u00e4v\u00e4ksi erilaisissa teollisissa ja kaupallisissa sovelluksissa. T\u00e4ss\u00e4 sylinteriss\u00e4 on k\u00e4ytetty korkealaatuisia materiaaleja ja edistynytt\u00e4 suunnittelua, jotka takaavat poikkeuksellisen suorituskyvyn, kest\u00e4vyyden ja tehokkuuden.<\/p>\n<p>100 mm:n m\u00e4nn\u00e4n halkaisijan ja 40 mm:n iskunpituuden ansiosta t\u00e4m\u00e4 hydraulisylinteri sopii erinomaisesti pieniin ja keskikokoisiin per\u00e4vaunuihin, ja se tarjoaa tasaisen ja luotettavan toiminnan jopa vaativimmissakin olosuhteissa. Sylinteri on valmistettu korkealaatuisesta ter\u00e4ksest\u00e4, ja sen tarkkuussuunnittelu ja -valmistus takaavat pitk\u00e4kestoisen suorituskyvyn ja luotettavuuden.<\/p>\n<p>Per\u00e4vaunuihin tarkoitettu 10040 High End -pienim\u00e4nt\u00e4inen hydraulisylinteri sis\u00e4lt\u00e4\u00e4 my\u00f6s edistyneen tiivistystekniikan vuotojen est\u00e4miseksi ja optimaalisen suorituskyvyn varmistamiseksi. Sylinteri on helppo asentaa ja huoltaa, joten se on ihanteellinen valinta mihin tahansa teolliseen tai kaupalliseen k\u00e4ytt\u00f6\u00f6n, jossa luotettava hydraulinen teho on v\u00e4ltt\u00e4m\u00e4t\u00f6nt\u00e4.<\/p>\n<p>Etsitp\u00e4 sitten kest\u00e4v\u00e4\u00e4 ja tehokasta hydraulisylinteri\u00e4 per\u00e4vaunuusi tai luotettavaa ratkaisua teollisiin tai kaupallisiin sovelluksiisi, 10040 High End Small M\u00e4nt\u00e4hydraulisylinteri per\u00e4vaunuun on t\u00e4ydellinen valinta. Poikkeuksellisen suorituskykyns\u00e4, kest\u00e4vyytens\u00e4 ja tehokkuutensa ansiosta t\u00e4m\u00e4 sylinteri on suunniteltu vastaamaan vaativimpienkin sovellusten tarpeisiin.<\/p>\n<p><img decoding=\"async\" src=\"https:\/\/hzpt.com\/wp-content\/uploads\/2023\/12\/insert-1.webp\" alt=\"\" title=\"\"><\/p>\n<h2>Tietoja tuotteesta<\/h2>\n<p>Huippuluokan pienim\u00e4nt\u00e4hydraulisylinterimme on ensiluokkainen tuote, joka on suunniteltu teholla ja tarkkuudella tukemaan erilaisia \u200b\u200bper\u00e4vaunusovelluksia. Vuonna 2006 perustettu FMP on palvellut raskaiden koneiden teollisuuden tarpeita luotettavilla ja tehokkailla hydrauliikkaratkaisuilla.<\/p>\n<h2>Ominaisuudet ja edut<\/h2>\n<h3>Tuotteen tekniset tiedot<\/h3>\n<p>Hydraulisylinterimme ylpeilee erinomaisilla teknisill\u00e4 ominaisuuksilla, kuten kompaktilla koolla, suurella kapasiteetilla ja huomattavalla kuormankantokyvyll\u00e4.<\/p>\n<h3>Ainutlaatuiset myyntivaltit<\/h3>\n<p>T\u00e4m\u00e4 hydraulisylinteri erottuu edukseen energians\u00e4\u00e4st\u00f6ominaisuuksiensa, korkean hy\u00f6tysuhteensa ja turvallisuusominaisuuksiensa ansiosta. Se on rakennettu tarjoamaan vertaansa vailla olevaa suorituskyky\u00e4 my\u00f6s ankarissa ty\u00f6olosuhteissa.<\/p>\n<h2>Hydraulij\u00e4rjestelm\u00e4t ja toimintaperiaatteet<\/h2>\n<p>Hydraulisylinterimme on olennainen osa hydraulij\u00e4rjestelmi\u00e4, ja se muuntaa nesteen paineen mekaaniseksi voimaksi. T\u00e4m\u00e4 voima k\u00e4ytt\u00e4\u00e4 m\u00e4nt\u00e4\u00e4, jolloin hydraulisylinteri voi suorittaa teht\u00e4v\u00e4ns\u00e4.<\/p>\n<h2>Sovellukset<\/h2>\n<p>Huippuluokan pienim\u00e4nt\u00e4inen hydraulisylinterimme sopii t\u00e4ydellisesti per\u00e4vaunuk\u00e4ytt\u00f6\u00f6n, sill\u00e4 se parantaa ohjattavuutta ja toiminnan tehokkuutta.<\/p>\n<h2>Tietoja hydraulisylintereist\u00e4<\/h2>\n<p>Hydraulisylintereill\u00e4 on rikas historia, monipuoliset luokitukset ja lukemattomia etuja. Asennuksesta huoltoon jokainen n\u00e4iden komponenttien osa-alue on ratkaisevan t\u00e4rke\u00e4 optimaalisen suorituskyvyn kannalta.<\/p>\n<h2>Tuotevalikoima<\/h2>\n<p>Oikean hydrauli\u00f6ljyn ja \u00f6ljytiivisteen valinta voi vaikuttaa merkitt\u00e4v\u00e4sti hydraulisylinterisi kest\u00e4vyyteen ja suorituskykyyn. Tarjoamme my\u00f6s ohjeita n\u00e4iden komponenttien vaihtamiseen, hydraulisylinterin mittaamiseen ja sen toimintaan.<\/p>\n<h2>Tietoja FMP:st\u00e4<\/h2>\n<p>FMP:ll\u00e4 on johtava asema Italian liikkuvien koneiden hydraulisylinterien markkinoilla. Tuotevalikoimaamme kuuluvat hydrauliset kallistussylinterit, ohjaussylinterit ja nostosylinterit. 200 000 kappaleen suunnittelukapasiteetillamme meill\u00e4 on 300 erilaista automaattista CNC-tuotantolaitetta ja t\u00e4ysautomaattista hydraulisylinterien kokoonpanolaitteistoa.<\/p>\n<h2>Miksi valita FMP?<\/h2>\n<p>FMP on sitoutunut toimittamaan laadukkaita tuotteita kilpailukykyiseen hintaan ja tarjoamaan huomaavaista palvelua. Tarjoamme my\u00f6s r\u00e4\u00e4t\u00e4l\u00f6intipalveluita asiakkaiden toimittamien piirustusten tai n\u00e4ytteiden perusteella.<\/p>\n<p>Toimitamme my\u00f6s hydraulisylintereit\u00e4 henkil\u00f6nostimiin, teollisuusajoneuvoihin, porauslautoihin, kuorma-autonostureihin, rakennuskoneisiin, trukkeihin, kaivoskuorma-autoihin ja saniteettikoneisiin.<\/p>\n<h2>Usein kysytyt kysymykset<\/h2>\n<h3>K1: Mik\u00e4 on High End Small M\u00e4nt\u00e4hydraulisylinterin kuormankantokyky?<\/h3>\n<p>A1: Ominaisuus riippuu mallista. Katso tarkemmat tiedot tuotteen teknisist\u00e4 tiedoista tai ota yhteytt\u00e4 asiakaspalveluumme.<\/p>\n<h3>K2: Kuinka usein minun pit\u00e4isi vaihtaa hydrauliikka\u00f6ljy ja \u00f6ljytiiviste?<\/h3>\n<p>A2: Vaihtotiheys vaihtelee k\u00e4yt\u00f6n mukaan. S\u00e4\u00e4nn\u00f6llinen tarkastus voi auttaa m\u00e4\u00e4ritt\u00e4m\u00e4\u00e4n optimaalisen vaihtoajankohdan.<\/p>\n<h3>K3: Miten voin mitata hydraulisylinterini?<\/h3>\n<p>A3: Hydraulisylinterin mittaaminen edellytt\u00e4\u00e4 sen sis\u00e4halkaisijan, m\u00e4nn\u00e4nvarren halkaisijan ja iskunpituuden laskemista. Jos tarvitset apua, asiakaspalvelutiimimme on t\u00e4\u00e4ll\u00e4 auttaakseen.<\/p>\n<h3>K4: Voinko mukauttaa hydraulisylinteri\u00e4ni?<\/h3>\n<p>A4: Kyll\u00e4, tarjoamme r\u00e4\u00e4t\u00e4l\u00f6intipalveluita asiakkaan toimittamien piirustusten tai n\u00e4ytteiden perusteella.<\/p>\n<h3>K5: Miten huippuluokan pienim\u00e4nt\u00e4inen hydraulisylinteri toimii?<\/h3>\n<p>A5: Hydraulisylinteri toimii muuttamalla nesteen paineen mekaaniseksi voimaksi, joka ajaa m\u00e4nt\u00e4\u00e4 suorittamaan teht\u00e4v\u00e4ns\u00e4.<\/p>\n<h2>Hitsatun Clevis-tyyppisen sylinterin edut<\/h2>\n<p>Hitsatut haarukkatyyppiset sylinterit ovat suosittu valinta moniin teollisiin sovelluksiin ainutlaatuisten etujensa ja hy\u00f6tyjens\u00e4 ansiosta. T\u00e4ss\u00e4 on joitakin hitsattujen haarukkatyyppisten sylinterien t\u00e4rkeimmist\u00e4 eduista:<\/p>\n<h3>1. Lis\u00e4\u00e4ntynyt lujuus ja kest\u00e4vyys<\/h3>\n<p>Hitsatut haarukkatyyppiset sylinterit on valmistettu hitsatulla p\u00e4\u00e4tykorkilla, joka tarjoaa enemm\u00e4n lujuutta ja kest\u00e4vyytt\u00e4 verrattuna muuntyyppisiin sylintereihin. T\u00e4m\u00e4 tekee niist\u00e4 ihanteellisia raskaisiin sovelluksiin, jotka vaativat korkeaa lujuutta ja kest\u00e4vyytt\u00e4.<\/p>\n<p>Lis\u00e4ksi n\u00e4iden sylinterien hitsattu rakenne tarkoittaa, ett\u00e4 ne vuotavat tai rikkoutuvat ep\u00e4todenn\u00e4k\u00f6isemmin, mik\u00e4 voi auttaa v\u00e4hent\u00e4m\u00e4\u00e4n seisokkiaikoja ja yll\u00e4pitokustannuksia.<\/p>\n<h3>2. Kyky k\u00e4sitell\u00e4 korkeaa painetta<\/h3>\n<p>Hitsatut haarukkatyyppiset sylinterit pystyv\u00e4t k\u00e4sittelem\u00e4\u00e4n my\u00f6s korkeapainesovelluksia, mik\u00e4 tekee niist\u00e4 suositun valinnan esimerkiksi rakennus-, kaivos- sek\u00e4 \u00f6ljy- ja kaasuteollisuudessa. Niiden kyky k\u00e4sitell\u00e4 korkeaa painetta varmistaa luotettavan suorituskyvyn vaativissa ymp\u00e4rist\u00f6iss\u00e4.<\/p>\n<h3>3. Mukautettava muotoilu<\/h3>\n<p>Hitsattuja haarukkatyyppisi\u00e4 sylintereit\u00e4 voidaan suunnitella mittatilausty\u00f6n\u00e4 vastaamaan sovelluksen erityistarpeita. T\u00e4m\u00e4 tarkoittaa, ett\u00e4 ne voidaan r\u00e4\u00e4t\u00e4l\u00f6id\u00e4 tiettyyn kokoon, muotoon tai suorituskykyvaatimukseen. Mukautettava suunnittelu mahdollistaa my\u00f6s suuremman joustavuuden valmistusprosessissa, mik\u00e4 voi johtaa kustannuss\u00e4\u00e4st\u00f6ihin.<\/p>\n<h3>4. Helppo asennus<\/h3>\n<p>Hitsatut haarukkatyyppiset sylinterit on suunniteltu helppoon asennukseen, mik\u00e4 auttaa v\u00e4hent\u00e4m\u00e4\u00e4n asennusaikaa ja ty\u00f6voimakustannuksia. Ne ovat yleens\u00e4 esikoottuja ja k\u00e4ytt\u00f6valmiita suoraan pakkauksesta, mik\u00e4 minimoi lis\u00e4osien tai -komponenttien tarpeen.<\/p>\n<h3>5. Parannettu suorituskyky<\/h3>\n<p>Hitsattujen haarukkatyyppisten sylinterien rakenne mahdollistaa paremman suorituskyvyn verrattuna muuntyyppisiin sylintereihin. Ne pystyv\u00e4t tuottamaan enemm\u00e4n voimaa paineyksikk\u00f6\u00e4 kohden, mik\u00e4 voi auttaa parantamaan tehokkuutta ja tuottavuutta teollisissa sovelluksissa.<\/p>\n<p>Kaiken kaikkiaan hitsatut haarukkatyyppiset sylinterit tarjoavat useita etuja ja hy\u00f6tyj\u00e4, jotka tekev\u00e4t niist\u00e4 suositun valinnan moniin teollisiin sovelluksiin. Niiden lis\u00e4\u00e4ntynyt lujuus ja kest\u00e4vyys, kyky k\u00e4sitell\u00e4 korkeaa painetta, mukautettava suunnittelu, helppo asennus ja parannettu suorituskyky tekev\u00e4t niist\u00e4 ihanteellisen valinnan vaativiin ymp\u00e4rist\u00f6ihin, joissa luotettavuus ja suorituskyky ovat avainasemassa.<\/p>\n<p><img loading=\"lazy\" decoding=\"async\" class=\"alignnone size-full wp-image-1074\" src=\"https:\/\/fmp-components.com\/wp-content\/uploads\/2024\/12\/Welded-Clevis-Type-Cylinder1.webp\" alt=\"Hitsattu Clevis-tyyppinen sylinteri\" width=\"800\" height=\"800\" title=\"\" srcset=\"https:\/\/fmp-components.com\/wp-content\/uploads\/2024\/12\/Welded-Clevis-Type-Cylinder1.webp 800w, https:\/\/fmp-components.com\/wp-content\/uploads\/2024\/12\/Welded-Clevis-Type-Cylinder1-480x480.webp 480w\" sizes=\"(min-width: 0px) and (max-width: 480px) 480px, (min-width: 481px) 800px, 100vw\" \/><\/p>\n<h2>Hitsatun Clevis-tyyppisen sylinterin k\u00e4ytt\u00f6<\/h2>\n<ul>\n<li><strong>Teollisuuskoneet:<\/strong> Hitsattuja sakkelisylintereit\u00e4 k\u00e4ytet\u00e4\u00e4n laajalti erilaisissa teollisuuskoneissa raskaissa sovelluksissa. N\u00e4m\u00e4 sylinterit pystyv\u00e4t tuottamaan suuren voiman koneiden komponenttien nostamiseen ja puristamiseen. Hitsattu sakkelirakenne mahdollistaa helpon asennuksen ja tehokkaan k\u00e4yt\u00f6n, mik\u00e4 tekee siit\u00e4 suositun valinnan valmistajille.\n<ul>\n<li>Valmistavassa teollisuudessa hitsattuja haarukkatyyppisi\u00e4 sylintereit\u00e4 k\u00e4ytet\u00e4\u00e4n hydraulipuristimissa, ruiskuvalukoneissa ja metallinleimauslaitteissa tarvittavan voiman aikaansaamiseksi metallilevyjen muovaukseen ja muotoiluun.<\/li>\n<li>Autoteollisuudessa n\u00e4it\u00e4 sylintereit\u00e4 k\u00e4ytet\u00e4\u00e4n autonostureissa, nostimissa ja kokoonpanokoneissa raskaiden komponenttien nostamiseen valmistusprosessin aikana.<\/li>\n<li>Rakennusteollisuudessa hitsattuja haarukkatyyppisi\u00e4 sylintereit\u00e4 k\u00e4ytet\u00e4\u00e4n nostureissa, kaivinkoneissa ja puskutraktoreissa raskaita kuormia nostavien ja siirt\u00e4vien hydraulij\u00e4rjestelmien voimanl\u00e4hteen\u00e4.<\/li>\n<\/ul>\n<\/li>\n<li><strong>Maatalouskoneet:<\/strong> Maatalouskoneet ovat yksi t\u00e4rkeimmist\u00e4 k\u00e4ytt\u00f6alueista, joilla hitsattuja sakkelityyppisi\u00e4 sylintereit\u00e4 k\u00e4ytet\u00e4\u00e4n. N\u00e4it\u00e4 sylintereit\u00e4 k\u00e4ytet\u00e4\u00e4n erilaisissa maatalouskoneissa, kuten traktoreissa, puimureissa ja auroissa, tarjoamaan tarvittava voima maanmuokkaukseen, istutukseen ja sadonkorjuuseen.\n<ul>\n<li>Maataloudessa hitsattuja sakkelityyppisi\u00e4 sylintereit\u00e4 k\u00e4ytet\u00e4\u00e4n auroissa, kultivaattoreissa ja kylv\u00f6koneissa tarvittavan voiman aikaansaamiseksi maanmuokkaukseen ja siementen kylv\u00f6\u00f6n.<\/li>\n<li>Sadonkorjuuteollisuudessa n\u00e4it\u00e4 sylintereit\u00e4 k\u00e4ytet\u00e4\u00e4n puimureissa, paalaimissa ja ruohonleikkureissa satoa ker\u00e4\u00e4vien ja kuljettavien hydraulij\u00e4rjestelmien voimanl\u00e4hteen\u00e4.<\/li>\n<\/ul>\n<\/li>\n<li><strong>Ilmailu ja puolustus:<\/strong> Hitsattuja Clevis-tyyppisi\u00e4 sylintereit\u00e4 k\u00e4ytet\u00e4\u00e4n my\u00f6s ilmailu- ja puolustusteollisuudessa, jossa niit\u00e4 k\u00e4ytet\u00e4\u00e4n monenlaisissa sovelluksissa lentokoneissa, raketeissa, ohjuksissa ja puolustusj\u00e4rjestelmiss\u00e4.\n<ul>\n<li>Ilmailuteollisuudessa hitsattuja haarukkatyyppisi\u00e4 sylintereit\u00e4 k\u00e4ytet\u00e4\u00e4n lentokoneiden laskutelineiss\u00e4, l\u00e4ppiss\u00e4 ja jarruissa tarvittavan voiman aikaansaamiseksi nousussa ja laskeutumisessa.<\/li>\n<li>Puolustusteollisuudessa n\u00e4it\u00e4 sylintereit\u00e4 k\u00e4ytet\u00e4\u00e4n ohjuslaukaisimissa, tykkitorneissa ja panssarivaunuj\u00e4rjestelmiss\u00e4 aseiden ja ammusten liikett\u00e4 ohjaavien hydraulij\u00e4rjestelmien virransy\u00f6tt\u00f6\u00f6n.<\/li>\n<\/ul>\n<\/li>\n<li><strong>Meriteollisuus:<\/strong> Hitsattuja Clevis-tyyppisi\u00e4 sylintereit\u00e4 k\u00e4ytet\u00e4\u00e4n my\u00f6s laajalti meriteollisuudessa, jossa niit\u00e4 k\u00e4ytet\u00e4\u00e4n erilaisissa sovelluksissa laivoissa, veneiss\u00e4 ja vedenalaisissa ajoneuvoissa.\n<ul>\n<li>Merenkulkualalla hitsattuja haarukkatyyppisi\u00e4 sylintereit\u00e4 k\u00e4ytet\u00e4\u00e4n nostureissa, vinsseiss\u00e4 ja lastink\u00e4sittelylaitteissa tarvittavan voiman aikaansaamiseksi lastin lastaamiseen ja purkamiseen.<\/li>\n<li>Veneteollisuudessa n\u00e4it\u00e4 sylintereit\u00e4 k\u00e4ytet\u00e4\u00e4n ohjausj\u00e4rjestelmiss\u00e4, potkureissa ja ankkurij\u00e4rjestelmiss\u00e4 veneiden ja laivojen liikkeen ohjaamiseen tarvittavan voiman aikaansaamiseksi.<\/li>\n<li>Vedenalaisten ajoneuvojen teollisuudessa hitsattuja haarukkatyyppisi\u00e4 sylintereit\u00e4 k\u00e4ytet\u00e4\u00e4n sukellusveneiss\u00e4, kauko-ohjattavissa ajoneuvoissa (ROV) ja sukellusvarusteissa tarvittavan voiman aikaansaamiseksi vedenalaisiin operaatioihin.<\/li>\n<\/ul>\n<\/li>\n<li><strong>Kaivosteollisuus:<\/strong> Hitsattuja haarukkatyyppisi\u00e4 sylintereit\u00e4 k\u00e4ytet\u00e4\u00e4n my\u00f6s kaivosteollisuudessa, jossa niit\u00e4 k\u00e4ytet\u00e4\u00e4n erilaisissa sovelluksissa mineraalien louhintaan ja materiaalink\u00e4sittelyyn.\n<ul>\n<li>Kaivosteollisuudessa hitsattuja sakkelityyppisi\u00e4 sylintereit\u00e4 k\u00e4ytet\u00e4\u00e4n kuljetinj\u00e4rjestelmiss\u00e4, porakoneissa ja hydraulisissa kaivoksissa tarvittavan voiman aikaansaamiseksi mineraalien ja materiaalien louhintaan kaivoksista ja louhoksista.<\/li>\n<\/ul>\n<\/li>\n<\/ul>\n<p><img decoding=\"async\" src=\"https:\/\/hzpt.com\/wp-content\/uploads\/2023\/12\/insert-2.webp\" alt=\"\" title=\"\"><\/p>\n<p>Tekij\u00e4: CX<\/p>","protected":false},"excerpt":{"rendered":"<p>Product Introduction: The 10040 High End Small Piston Hydraulic Cylinder for Trailer is a powerful and reliable hydraulic cylinder designed for use in a variety of industrial and commercial applications. This cylinder features high-quality materials and advanced engineering to deliver exceptional performance, durability, and efficiency. With a piston diameter of 100mm and a stroke length [&hellip;]<\/p>","protected":false},"featured_media":1127,"comment_status":"closed","ping_status":"closed","template":"","meta":{"_et_pb_use_builder":"","_et_pb_old_content":"","_et_gb_content_width":""},"product_brand":[],"product_cat":[36],"product_tag":[34,38],"class_list":{"0":"post-1048","1":"product","2":"type-product","3":"status-publish","4":"has-post-thumbnail","6":"product_cat-welded-clevis-type-cylinder","7":"product_tag-hydraulic-cylinder","8":"product_tag-welded-clevis-type-cylinder","10":"first","11":"instock","12":"product-type-simple"},"_links":{"self":[{"href":"https:\/\/fmp-components.com\/fi\/wp-json\/wp\/v2\/product\/1048","targetHints":{"allow":["GET"]}}],"collection":[{"href":"https:\/\/fmp-components.com\/fi\/wp-json\/wp\/v2\/product"}],"about":[{"href":"https:\/\/fmp-components.com\/fi\/wp-json\/wp\/v2\/types\/product"}],"replies":[{"embeddable":true,"href":"https:\/\/fmp-components.com\/fi\/wp-json\/wp\/v2\/comments?post=1048"}],"wp:featuredmedia":[{"embeddable":true,"href":"https:\/\/fmp-components.com\/fi\/wp-json\/wp\/v2\/media\/1127"}],"wp:attachment":[{"href":"https:\/\/fmp-components.com\/fi\/wp-json\/wp\/v2\/media?parent=1048"}],"wp:term":[{"taxonomy":"product_brand","embeddable":true,"href":"https:\/\/fmp-components.com\/fi\/wp-json\/wp\/v2\/product_brand?post=1048"},{"taxonomy":"product_cat","embeddable":true,"href":"https:\/\/fmp-components.com\/fi\/wp-json\/wp\/v2\/product_cat?post=1048"},{"taxonomy":"product_tag","embeddable":true,"href":"https:\/\/fmp-components.com\/fi\/wp-json\/wp\/v2\/product_tag?post=1048"}],"curies":[{"name":"wp","href":"https:\/\/api.w.org\/{rel}","templated":true}]}}