{"id":1046,"date":"2024-12-19T06:17:09","date_gmt":"2024-12-19T06:17:09","guid":{"rendered":"https:\/\/fmp-components.com\/product\/10038-factory-direct-sale-1200mm-stroke-hydraulic-cylinder-mini-hydraulic-cylinder-for-trailer\/"},"modified":"2024-12-24T00:35:48","modified_gmt":"2024-12-24T00:35:48","slug":"10038-factory-direct-sale-1200mm-stroke-hydraulic-cylinder-mini-hydraulic-cylinder-for-trailer","status":"publish","type":"product","link":"https:\/\/fmp-components.com\/fi\/product\/10038-factory-direct-sale-1200mm-stroke-hydraulic-cylinder-mini-hydraulic-cylinder-for-trailer\/","title":{"rendered":"10038 Tehtaan suoramyynti 1200 mm:n iskun hydraulisylinteri Mini-hydraulisylinteri per\u00e4vaunuun"},"content":{"rendered":"<h2>Tuotteen esittely:<\/h2>\n<p>10038 tehtaan suoramyyntiin tarkoitettu 1200 mm:n iskun hydraulisylinteri, minihydraulisylinteri per\u00e4vaunuille, on eritt\u00e4in tehokas ja luotettava hydraulisylinteri, joka on suunniteltu per\u00e4vaunuille. 1200 mm:n iskunpituudellaan t\u00e4m\u00e4 hydraulisylinteri tarjoaa poikkeuksellisen suorituskyvyn ja kest\u00e4vyyden.<\/p>\n<p>Kompaktin muotoilunsa ansiosta t\u00e4m\u00e4 minikokoinen hydraulisylinteri sopii t\u00e4ydellisesti per\u00e4vaunuihin, jotka vaativat tarkkoja nosto- ja laskutoimintoja. Se on suunniteltu edistyneell\u00e4 teknologialla varmistamaan sujuvat ja hallitut liikkeet, mik\u00e4 tekee siit\u00e4 ihanteellisen erilaisiin k\u00e4ytt\u00f6tarkoituksiin per\u00e4vaunuteollisuudessa.<\/p>\n<p>Tehtaan suoramyynniss\u00e4 oleva 1200 mm:n iskun hydraulisylinteri 10038 on valmistettu korkealaatuisista materiaaleista ja tiukoilla laadunvalvontaprosesseilla. T\u00e4m\u00e4 varmistaa sen pitk\u00e4n k\u00e4ytt\u00f6i\u00e4n ja kyvyn kest\u00e4\u00e4 raskaita kuormia ja ankaria k\u00e4ytt\u00f6olosuhteita. Sen tukeva rakenne ja korroosionkest\u00e4v\u00e4t komponentit tekev\u00e4t siit\u00e4 luotettavan valinnan per\u00e4vaunujen omistajille ja k\u00e4ytt\u00e4jille.<\/p>\n<p><img decoding=\"async\" src=\"https:\/\/hzpt.com\/wp-content\/uploads\/2023\/12\/insert-4.webp?v=1694163707\" alt=\"\" title=\"\"><\/p>\n<p>Kest\u00e4vyytens\u00e4 lis\u00e4ksi t\u00e4m\u00e4 hydraulisylinteri on helppo asentaa ja huoltaa. Se on suunniteltu vaivattomaksi integroimiseksi per\u00e4vaunuj\u00e4rjestelmiin, mik\u00e4 s\u00e4\u00e4st\u00e4\u00e4 aikaa ja vaivaa asennusprosessin aikana. S\u00e4\u00e4nn\u00f6llinen huolto varmistaa optimaalisen suorituskyvyn ja pident\u00e4\u00e4 hydraulisylinterin k\u00e4ytt\u00f6ik\u00e4\u00e4.<\/p>\n<p>Erinomaisen suorituskyvyn, kest\u00e4vyyden ja k\u00e4ytt\u00e4j\u00e4yst\u00e4v\u00e4llisen suunnittelun ansiosta 10038 tehtaan suoramyynniss\u00e4 oleva 1200 mm:n iskun hydraulisylinteri per\u00e4vaunuun on t\u00e4ydellinen valinta yksityishenkil\u00f6ille ja yrityksille, jotka tarvitsevat luotettavan hydraulisylinteriratkaisun.<\/p>\n<h2>Toiminnot ja ominaisuudet<\/h2>\n<p>T\u00e4ss\u00e4 hydraulisylinteriss\u00e4 on useita vaikuttavia ominaisuuksia, jotka tekev\u00e4t siit\u00e4 erinomaisen valinnan per\u00e4vaunuihin. Sen iskunpituus on 1200 mm, joten se sopii erinomaisesti k\u00e4ytett\u00e4v\u00e4ksi monenlaisissa sovelluksissa.<\/p>\n<h3>Tekniset tiedot<\/h3>\n<ul>\n<li>Iskun pituus: 1200 mm<\/li>\n<li>Kapasiteetti: Korkea<\/li>\n<li>Suorituskyky: Tehokas ja luotettava<\/li>\n<\/ul>\n<h3>Ainutlaatuiset ominaisuudet ja edut<\/h3>\n<p>T\u00e4m\u00e4 hydraulisylinteri on energiatehokas, tehokas ja turvallinen. N\u00e4m\u00e4 ominaisuudet tekev\u00e4t siit\u00e4 eritt\u00e4in halutun tuotteen markkinoilla.<\/p>\n<p><img decoding=\"async\" src=\"https:\/\/hzpt.com\/wp-content\/uploads\/2023\/12\/insert-1.webp\" alt=\"\" title=\"\"><\/p>\n<h2>Hydraulij\u00e4rjestelm\u00e4 ja toimintaperiaate<\/h2>\n<p>Hydraulisylinterin toiminta perustuu virtausmekaniikan periaatteisiin. Se k\u00e4ytt\u00e4\u00e4 hydrauli\u00f6ljy\u00e4 voiman ja liikkeen tuottamiseen, mik\u00e4 tekee siit\u00e4 elint\u00e4rke\u00e4n osan miss\u00e4 tahansa hydraulij\u00e4rjestelm\u00e4ss\u00e4.<\/p>\n<p>Per\u00e4vaunun 1200 mm:n iskunpituisella hydraulisylinterill\u00e4 on rikas historia, ja saatavilla on useita eri tyyppej\u00e4. Asennus, huolto ja korjaus ovat kaikki yksinkertaisia, mik\u00e4 tekee siit\u00e4 k\u00e4ytt\u00e4j\u00e4yst\u00e4v\u00e4llisen tuotteen.<\/p>\n<h2>Tuotevalikoima<\/h2>\n<p>Oikean hydrauli\u00f6ljyn ja \u00f6ljytiivisteen valinta on ratkaisevan t\u00e4rke\u00e4\u00e4 hydraulisylinterin optimaalisen toiminnan kannalta. Mittaukset ja vaihtotoimenpiteet ovat yksinkertaisia, mik\u00e4 varmistaa, ett\u00e4 hydraulisylinterisi toimii aina parhaalla mahdollisella tavalla.<\/p>\n<h2>Hitsatun Clevis-tyyppisen sylinterin edut<\/h2>\n<p>Hitsatut haarukkatyyppiset sylinterit ovat suosittu valinta moniin teollisiin sovelluksiin ainutlaatuisten etujensa ja hy\u00f6tyjens\u00e4 ansiosta. T\u00e4ss\u00e4 on joitakin hitsattujen haarukkatyyppisten sylinterien t\u00e4rkeimmist\u00e4 eduista:<\/p>\n<h3>1. Lis\u00e4\u00e4ntynyt lujuus ja kest\u00e4vyys<\/h3>\n<p>Hitsatut haarukkatyyppiset sylinterit on valmistettu hitsatulla p\u00e4\u00e4tykorkilla, joka tarjoaa enemm\u00e4n lujuutta ja kest\u00e4vyytt\u00e4 verrattuna muuntyyppisiin sylintereihin. T\u00e4m\u00e4 tekee niist\u00e4 ihanteellisia raskaisiin sovelluksiin, jotka vaativat korkeaa lujuutta ja kest\u00e4vyytt\u00e4.<\/p>\n<p>Lis\u00e4ksi n\u00e4iden sylinterien hitsattu rakenne tarkoittaa, ett\u00e4 ne vuotavat tai rikkoutuvat ep\u00e4todenn\u00e4k\u00f6isemmin, mik\u00e4 voi auttaa v\u00e4hent\u00e4m\u00e4\u00e4n seisokkiaikoja ja yll\u00e4pitokustannuksia.<\/p>\n<h3>2. Kyky k\u00e4sitell\u00e4 korkeaa painetta<\/h3>\n<p>Hitsatut haarukkatyyppiset sylinterit pystyv\u00e4t k\u00e4sittelem\u00e4\u00e4n my\u00f6s korkeapainesovelluksia, mik\u00e4 tekee niist\u00e4 suositun valinnan esimerkiksi rakennus-, kaivos- sek\u00e4 \u00f6ljy- ja kaasuteollisuudessa. Niiden kyky k\u00e4sitell\u00e4 korkeaa painetta varmistaa luotettavan suorituskyvyn vaativissa ymp\u00e4rist\u00f6iss\u00e4.<\/p>\n<h3>3. Mukautettava muotoilu<\/h3>\n<p>Hitsattuja haarukkatyyppisi\u00e4 sylintereit\u00e4 voidaan suunnitella mittatilausty\u00f6n\u00e4 vastaamaan sovelluksen erityistarpeita. T\u00e4m\u00e4 tarkoittaa, ett\u00e4 ne voidaan r\u00e4\u00e4t\u00e4l\u00f6id\u00e4 tiettyyn kokoon, muotoon tai suorituskykyvaatimukseen. Mukautettava suunnittelu mahdollistaa my\u00f6s suuremman joustavuuden valmistusprosessissa, mik\u00e4 voi johtaa kustannuss\u00e4\u00e4st\u00f6ihin.<\/p>\n<h3>4. Helppo asennus<\/h3>\n<p>Hitsatut haarukkatyyppiset sylinterit on suunniteltu helppoon asennukseen, mik\u00e4 auttaa v\u00e4hent\u00e4m\u00e4\u00e4n asennusaikaa ja ty\u00f6voimakustannuksia. Ne ovat yleens\u00e4 esikoottuja ja k\u00e4ytt\u00f6valmiita suoraan pakkauksesta, mik\u00e4 minimoi lis\u00e4osien tai -komponenttien tarpeen.<\/p>\n<h3>5. Parannettu suorituskyky<\/h3>\n<p>Hitsattujen haarukkatyyppisten sylinterien rakenne mahdollistaa paremman suorituskyvyn verrattuna muuntyyppisiin sylintereihin. Ne pystyv\u00e4t tuottamaan enemm\u00e4n voimaa paineyksikk\u00f6\u00e4 kohden, mik\u00e4 voi auttaa parantamaan tehokkuutta ja tuottavuutta teollisissa sovelluksissa.<\/p>\n<p>Kaiken kaikkiaan hitsatut haarukkatyyppiset sylinterit tarjoavat useita etuja ja hy\u00f6tyj\u00e4, jotka tekev\u00e4t niist\u00e4 suositun valinnan moniin teollisiin sovelluksiin. Niiden lis\u00e4\u00e4ntynyt lujuus ja kest\u00e4vyys, kyky k\u00e4sitell\u00e4 korkeaa painetta, mukautettava suunnittelu, helppo asennus ja parannettu suorituskyky tekev\u00e4t niist\u00e4 ihanteellisen valinnan vaativiin ymp\u00e4rist\u00f6ihin, joissa luotettavuus ja suorituskyky ovat avainasemassa.<\/p>\n<p><img decoding=\"async\" src=\"https:\/\/hzpt.com\/wp-content\/uploads\/2023\/12\/insert-2.webp\" alt=\"\" title=\"\"><\/p>\n<h2>Hitsatun Clevis-tyyppisen sylinterin k\u00e4ytt\u00f6<\/h2>\n<ul>\n<li><strong>Teollisuuskoneet:<\/strong> Hitsattuja sakkelisylintereit\u00e4 k\u00e4ytet\u00e4\u00e4n laajalti erilaisissa teollisuuskoneissa raskaissa sovelluksissa. N\u00e4m\u00e4 sylinterit pystyv\u00e4t tuottamaan suuren voiman koneiden komponenttien nostamiseen ja puristamiseen. Hitsattu sakkelirakenne mahdollistaa helpon asennuksen ja tehokkaan k\u00e4yt\u00f6n, mik\u00e4 tekee siit\u00e4 suositun valinnan valmistajille.\n<ul>\n<li>Valmistavassa teollisuudessa hitsattuja haarukkatyyppisi\u00e4 sylintereit\u00e4 k\u00e4ytet\u00e4\u00e4n hydraulipuristimissa, ruiskuvalukoneissa ja metallinleimauslaitteissa tarvittavan voiman aikaansaamiseksi metallilevyjen muovaukseen ja muotoiluun.<\/li>\n<li>Autoteollisuudessa n\u00e4it\u00e4 sylintereit\u00e4 k\u00e4ytet\u00e4\u00e4n autonostureissa, nostimissa ja kokoonpanokoneissa raskaiden komponenttien nostamiseen valmistusprosessin aikana.<\/li>\n<li>Rakennusteollisuudessa hitsattuja haarukkatyyppisi\u00e4 sylintereit\u00e4 k\u00e4ytet\u00e4\u00e4n nostureissa, kaivinkoneissa ja puskutraktoreissa raskaita kuormia nostavien ja siirt\u00e4vien hydraulij\u00e4rjestelmien voimanl\u00e4hteen\u00e4.<\/li>\n<\/ul>\n<\/li>\n<li><strong>Maatalouskoneet:<\/strong> Maatalouskoneet ovat yksi t\u00e4rkeimmist\u00e4 k\u00e4ytt\u00f6alueista, joilla hitsattuja sakkelityyppisi\u00e4 sylintereit\u00e4 k\u00e4ytet\u00e4\u00e4n. N\u00e4it\u00e4 sylintereit\u00e4 k\u00e4ytet\u00e4\u00e4n erilaisissa maatalouskoneissa, kuten traktoreissa, puimureissa ja auroissa, tarjoamaan tarvittava voima maanmuokkaukseen, istutukseen ja sadonkorjuuseen.\n<ul>\n<li>Maataloudessa hitsattuja sakkelityyppisi\u00e4 sylintereit\u00e4 k\u00e4ytet\u00e4\u00e4n auroissa, kultivaattoreissa ja kylv\u00f6koneissa tarvittavan voiman aikaansaamiseksi maanmuokkaukseen ja siementen kylv\u00f6\u00f6n.<\/li>\n<li>Sadonkorjuuteollisuudessa n\u00e4it\u00e4 sylintereit\u00e4 k\u00e4ytet\u00e4\u00e4n puimureissa, paalaimissa ja ruohonleikkureissa satoa ker\u00e4\u00e4vien ja kuljettavien hydraulij\u00e4rjestelmien voimanl\u00e4hteen\u00e4.<\/li>\n<\/ul>\n<\/li>\n<li><strong>Ilmailu ja puolustus:<\/strong> Hitsattuja Clevis-tyyppisi\u00e4 sylintereit\u00e4 k\u00e4ytet\u00e4\u00e4n my\u00f6s ilmailu- ja puolustusteollisuudessa, jossa niit\u00e4 k\u00e4ytet\u00e4\u00e4n monenlaisissa sovelluksissa lentokoneissa, raketeissa, ohjuksissa ja puolustusj\u00e4rjestelmiss\u00e4.\n<ul>\n<li>Ilmailuteollisuudessa hitsattuja haarukkatyyppisi\u00e4 sylintereit\u00e4 k\u00e4ytet\u00e4\u00e4n lentokoneiden laskutelineiss\u00e4, l\u00e4ppiss\u00e4 ja jarruissa tarvittavan voiman aikaansaamiseksi nousussa ja laskeutumisessa.<\/li>\n<li>Puolustusteollisuudessa n\u00e4it\u00e4 sylintereit\u00e4 k\u00e4ytet\u00e4\u00e4n ohjuslaukaisimissa, tykkitorneissa ja panssarivaunuj\u00e4rjestelmiss\u00e4 aseiden ja ammusten liikett\u00e4 ohjaavien hydraulij\u00e4rjestelmien virransy\u00f6tt\u00f6\u00f6n.<\/li>\n<\/ul>\n<\/li>\n<li><strong>Meriteollisuus:<\/strong> Hitsattuja Clevis-tyyppisi\u00e4 sylintereit\u00e4 k\u00e4ytet\u00e4\u00e4n my\u00f6s laajalti meriteollisuudessa, jossa niit\u00e4 k\u00e4ytet\u00e4\u00e4n erilaisissa sovelluksissa laivoissa, veneiss\u00e4 ja vedenalaisissa ajoneuvoissa.\n<ul>\n<li>Merenkulkualalla hitsattuja haarukkatyyppisi\u00e4 sylintereit\u00e4 k\u00e4ytet\u00e4\u00e4n nostureissa, vinsseiss\u00e4 ja lastink\u00e4sittelylaitteissa tarvittavan voiman aikaansaamiseksi lastin lastaamiseen ja purkamiseen.<\/li>\n<li>Veneteollisuudessa n\u00e4it\u00e4 sylintereit\u00e4 k\u00e4ytet\u00e4\u00e4n ohjausj\u00e4rjestelmiss\u00e4, potkureissa ja ankkurij\u00e4rjestelmiss\u00e4 veneiden ja laivojen liikkeen ohjaamiseen tarvittavan voiman aikaansaamiseksi.<\/li>\n<li>Vedenalaisten ajoneuvojen teollisuudessa hitsattuja haarukkatyyppisi\u00e4 sylintereit\u00e4 k\u00e4ytet\u00e4\u00e4n sukellusveneiss\u00e4, kauko-ohjattavissa ajoneuvoissa (ROV) ja sukellusvarusteissa tarvittavan voiman aikaansaamiseksi vedenalaisiin operaatioihin.<\/li>\n<\/ul>\n<\/li>\n<li><strong>Kaivosteollisuus:<\/strong> Hitsattuja haarukkatyyppisi\u00e4 sylintereit\u00e4 k\u00e4ytet\u00e4\u00e4n my\u00f6s kaivosteollisuudessa, jossa niit\u00e4 k\u00e4ytet\u00e4\u00e4n erilaisissa sovelluksissa mineraalien louhintaan ja materiaalink\u00e4sittelyyn.\n<ul>\n<li>Kaivosteollisuudessa hitsattuja sakkelityyppisi\u00e4 sylintereit\u00e4 k\u00e4ytet\u00e4\u00e4n kuljetinj\u00e4rjestelmiss\u00e4, porakoneissa ja hydraulisissa kaivoksissa tarvittavan voiman aikaansaamiseksi mineraalien ja materiaalien louhintaan kaivoksista ja louhoksista.<\/li>\n<\/ul>\n<\/li>\n<\/ul>\n<h2>Tietoja FMP:st\u00e4<\/h2>\n<p>FMP on Italian mobiilikoneiden hydraulisylinterien markkinajohtaja. Tuotevalikoimaamme kuuluvat hydrauliset kallistussylinterit, hydrauliset ohjaussylinterit ja hydrauliset nostosylinterit. FMP:n suunnittelukapasiteetti on 200 000 sarjaa, ja sill\u00e4 on 300 sarjaa erilaisia \u200b\u200bt\u00e4ysautomaattisia CNC-tuotantolaitteita ja t\u00e4ysautomaattisia hydraulisylinterien kokoonpanolaitteita.<\/p>\n<h2>Miksi valita FMP?<\/h2>\n<p>FMP tarjoaa laadukkaita tuotteita kilpailukykyiseen hintaan ja poikkeuksellisen hyv\u00e4ll\u00e4 palvelulla. Edell\u00e4 mainittujen tuotteiden lis\u00e4ksi tarjoamme my\u00f6s henkil\u00f6nostinten sylintereit\u00e4, teollisuusajoneuvojen hydraulisylintereit\u00e4, porauslauttojen sylintereit\u00e4, autonostureiden sylintereit\u00e4, rakennuskoneiden hydraulisylintereit\u00e4, <b>Trukin hydraulisylinterit<\/b>, kaivosten kippiautojen sylinterit ja saniteettikoneiden hydraulisylinterit. Toivotamme asiakkaat tervetulleiksi r\u00e4\u00e4t\u00e4l\u00f6im\u00e4\u00e4n tilauksiaan tarpeidensa mukaan.<\/p>\n<p><img decoding=\"async\" src=\"https:\/\/hzpt.com\/wp-content\/uploads\/2023\/12\/insert-5.webp\" alt=\"FMP-tehdaskuva\" title=\"\"><\/p>\n<h2>Usein kysytyt kysymykset<\/h2>\n<dl>\n<dt>K: Mik\u00e4 on t\u00e4m\u00e4n hydraulisylinterin iskunpituus?<\/dt>\n<dd>A: T\u00e4m\u00e4n hydraulisylinterin iskunpituus on 1200 mm.<\/dd>\n<dt>K: Mitk\u00e4 ovat t\u00e4m\u00e4n tuotteen ainutlaatuiset ominaisuudet?<\/dt>\n<dd>A: T\u00e4m\u00e4 hydraulisylinteri on energiatehokas, tehokas ja turvallinen.<\/dd>\n<\/dl>\n<dl>\n<dt>K: Mitk\u00e4 ovat t\u00e4m\u00e4n hydraulisylinterin sovellukset?<\/dt>\n<dd>A: T\u00e4m\u00e4 hydraulisylinteri sopii erinomaisesti per\u00e4vaunuihin.<\/dd>\n<dt>K: Miten valitsen oikean hydrauli\u00f6ljyn ja \u00f6ljytiivisteen t\u00e4lle hydraulisylinterille?<\/dt>\n<dd>A: Voit kysy\u00e4 asiantuntijoiltamme neuvoja oikean hydrauli\u00f6ljyn ja \u00f6ljytiivisteen valinnassa t\u00e4lle hydraulisylinterille.<\/dd>\n<dt>K: Miksi minun pit\u00e4isi valita FMP?<\/dt>\n<dd>A: FMP tarjoaa laadukkaita tuotteita kilpailukykyiseen hintaan sek\u00e4 erinomaista palvelua.<\/dd>\n<\/dl>\n<p>Tekij\u00e4: CX<\/p>","protected":false},"excerpt":{"rendered":"<p>Product Introduction: The 10038 Factory Direct Sale 1200mm Stroke Hydraulic Cylinder Mini Hydraulic Cylinder For Trailer is a highly efficient and reliable hydraulic cylinder designed for trailers. With a stroke length of 1200mm, this hydraulic cylinder offers exceptional performance and durability. Featuring a compact design, this mini hydraulic cylinder is perfect for trailers that require [&hellip;]<\/p>","protected":false},"featured_media":1127,"comment_status":"closed","ping_status":"closed","template":"","meta":{"_et_pb_use_builder":"","_et_pb_old_content":"","_et_gb_content_width":""},"product_brand":[],"product_cat":[36],"product_tag":[34,38],"class_list":{"0":"post-1046","1":"product","2":"type-product","3":"status-publish","4":"has-post-thumbnail","6":"product_cat-welded-clevis-type-cylinder","7":"product_tag-hydraulic-cylinder","8":"product_tag-welded-clevis-type-cylinder","10":"first","11":"instock","12":"product-type-simple"},"_links":{"self":[{"href":"https:\/\/fmp-components.com\/fi\/wp-json\/wp\/v2\/product\/1046","targetHints":{"allow":["GET"]}}],"collection":[{"href":"https:\/\/fmp-components.com\/fi\/wp-json\/wp\/v2\/product"}],"about":[{"href":"https:\/\/fmp-components.com\/fi\/wp-json\/wp\/v2\/types\/product"}],"replies":[{"embeddable":true,"href":"https:\/\/fmp-components.com\/fi\/wp-json\/wp\/v2\/comments?post=1046"}],"wp:featuredmedia":[{"embeddable":true,"href":"https:\/\/fmp-components.com\/fi\/wp-json\/wp\/v2\/media\/1127"}],"wp:attachment":[{"href":"https:\/\/fmp-components.com\/fi\/wp-json\/wp\/v2\/media?parent=1046"}],"wp:term":[{"taxonomy":"product_brand","embeddable":true,"href":"https:\/\/fmp-components.com\/fi\/wp-json\/wp\/v2\/product_brand?post=1046"},{"taxonomy":"product_cat","embeddable":true,"href":"https:\/\/fmp-components.com\/fi\/wp-json\/wp\/v2\/product_cat?post=1046"},{"taxonomy":"product_tag","embeddable":true,"href":"https:\/\/fmp-components.com\/fi\/wp-json\/wp\/v2\/product_tag?post=1046"}],"curies":[{"name":"wp","href":"https:\/\/api.w.org\/{rel}","templated":true}]}}