{"id":1044,"date":"2024-12-19T06:17:09","date_gmt":"2024-12-19T06:17:09","guid":{"rendered":"https:\/\/fmp-components.com\/product\/10036-high-quality-stainless-steel-welded-clevis-hydraulic-cylinders\/"},"modified":"2025-03-18T00:44:17","modified_gmt":"2025-03-18T00:44:17","slug":"10036-high-quality-stainless-steel-welded-clevis-hydraulic-cylinders","status":"publish","type":"product","link":"https:\/\/fmp-components.com\/fi\/product\/10036-high-quality-stainless-steel-welded-clevis-hydraulic-cylinders\/","title":{"rendered":"10036 korkealaatuista ruostumattomasta ter\u00e4ksest\u00e4 valmistettua hitsattua Clevis-hydraulisylinteri\u00e4"},"content":{"rendered":"<h2>Tuotteen kuvaus:<\/h2>\n<p>10036 korkealaatuiset ruostumattomasta ter\u00e4ksest\u00e4 hitsatut sakkelihydraulisylinterit ovat tarkkuusvalmisteisia hydraulisylintereit\u00e4, jotka on valmistettu kest\u00e4v\u00e4st\u00e4 ruostumattomasta ter\u00e4ksest\u00e4. N\u00e4m\u00e4 sylinterit on suunniteltu tarjoamaan poikkeuksellista suorituskyky\u00e4 ja luotettavuutta, ja ne sopivat ihanteellisesti erilaisiin teollisiin sovelluksiin.<\/p>\n<p>T\u00e4rkeimm\u00e4t ominaisuudet:<br \/>\n1. Korkealaatuinen ruostumaton ter\u00e4s: N\u00e4m\u00e4 hydraulisylinterit on valmistettu korkealaatuisesta ruostumattomasta ter\u00e4ksest\u00e4, mik\u00e4 varmistaa erinomaisen lujuuden ja korroosionkest\u00e4vyyden.<br \/>\n2. Hitsattu sakkelikiinnitys: Sylintereiss\u00e4 on hitsattu sakkelikiinnitys, joka tarjoaa turvallisen ja vakaan liitoksen tehokasta k\u00e4ytt\u00f6\u00e4 varten.<br \/>\n3. Tarkkuustekniikka: Jokainen sylinteri on suunniteltu huolellisesti tarkkojen liikkeiden ja tasaisen suorituskyvyn takaamiseksi.<br \/>\n4. Luotettava hydrauliikkaj\u00e4rjestelm\u00e4: Sylinterit on suunniteltu toimimaan saumattomasti hydrauliikkaj\u00e4rjestelmien kanssa, mik\u00e4 tarjoaa sujuvan toiminnan ja luotettavan voimantuotannon.<br \/>\n5. Monipuoliset k\u00e4ytt\u00f6kohteet: Sopii monenlaisiin sovelluksiin, kuten valmistukseen, rakentamiseen, maatalouteen ja muuhun.<br \/>\n6. Kest\u00e4v\u00e4 rakenne: N\u00e4m\u00e4 sylinterit on rakennettu kest\u00e4m\u00e4\u00e4n vaativia olosuhteita, ja ne ovat tukevia ja pitk\u00e4ik\u00e4isi\u00e4.<br \/>\n7. Helppo asennus: Sylintereiden mukana toimitetaan helposti seurattavat asennusohjeet, jotka takaavat vaivattoman asennuksen ja integroinnin olemassa oleviin j\u00e4rjestelmiin.<br \/>\n8. V\u00e4h\u00e4inen huoltotarve: Kest\u00e4v\u00e4n rakenteensa ja korkealaatuisten komponenttiensa ansiosta n\u00e4m\u00e4 sylinterit vaativat vain v\u00e4h\u00e4n huoltoa, mik\u00e4 v\u00e4hent\u00e4\u00e4 seisokkiaikaa ja k\u00e4ytt\u00f6kustannuksia.<br \/>\n9. Laaja kokovalikoima: Saatavilla eri kokoisina ja iskunpituisina, mik\u00e4 mahdollistaa joustavuuden tiettyjen sovellusvaatimusten t\u00e4ytt\u00e4misess\u00e4.<br \/>\n10. Turvallinen ja tehokas: Sylinterit on suunniteltu turvaominaisuuksilla onnettomuuksien est\u00e4miseksi ja tehokkaan toiminnan varmistamiseksi.<\/p>\n<p>Tarvitsetpa sitten raskaita kuormia, hydraulisten koneiden k\u00e4ytt\u00f6\u00e4 tai muita teht\u00e4vi\u00e4, jotka vaativat luotettavaa voimantuottoa, 10036 korkealaatuiset ruostumattomasta ter\u00e4ksest\u00e4 hitsatut sakarahydraulisylinterit ovat t\u00e4ydellinen valinta. Investoi n\u00e4ihin sylintereihin parantaaksesi hydraulij\u00e4rjestelmiesi suorituskyky\u00e4 ja kest\u00e4vyytt\u00e4. Esittelyss\u00e4 FMP:n huippuluokan tuote, Italiassa valmistettu 10036 korkealaatuinen ruostumattomasta ter\u00e4ksest\u00e4 hitsattu sakarahydraulisylinteri. T\u00e4m\u00e4 hydraulisylinteri on v\u00e4ltt\u00e4m\u00e4t\u00f6n ty\u00f6kalu hydraulij\u00e4rjestelmien maailmassa, ja se on suunniteltu muuntamaan nestevoima lineaariseksi mekaaniseksi voimaksi ja tuottamaan voimaa iskun kautta yhteen suuntaan.<\/p>\n<p><img loading=\"lazy\" decoding=\"async\" class=\"alignnone size-full wp-image-1073\" src=\"https:\/\/fmp-components.com\/wp-content\/uploads\/2024\/12\/Welded-Clevis-Type-Cylinder2.webp\" alt=\"Hitsattu Clevis-tyyppinen sylinteri\" width=\"800\" height=\"800\" title=\"\" srcset=\"https:\/\/fmp-components.com\/wp-content\/uploads\/2024\/12\/Welded-Clevis-Type-Cylinder2.webp 800w, https:\/\/fmp-components.com\/wp-content\/uploads\/2024\/12\/Welded-Clevis-Type-Cylinder2-480x480.webp 480w\" sizes=\"(min-width: 0px) and (max-width: 480px) 480px, (min-width: 481px) 800px, 100vw\" \/><\/p>\n<p>Hydraulisylinterit toimivat paineistetun nesteen moninkertaistamisen periaatteella. Kun hydrauli\u00f6ljy\u00e4 pumpataan sylinterin pohjalle, sylinterin varsi liikkuu ulosp\u00e4in ja suorittaa ty\u00f6t\u00e4 iskun aikana.<\/p>\n<p>Hydraulisylintereit\u00e4mme k\u00e4ytet\u00e4\u00e4n laajalti erilaisissa liikkuvissa laitteissa, kuten trukeissa, kaivinkoneissa, henkil\u00f6nostimissa ja muissa. Tarjoamme my\u00f6s r\u00e4\u00e4t\u00e4l\u00f6inti\u00e4 tarpeidesi mukaan.<\/p>\n<p>FMP:n hydraulisylintereill\u00e4 on rikas historia, johon kuuluu erilaisia \u200b\u200bluokituksia, etuja, asennusmenetelmi\u00e4, huolto- ja hoitomenettelyj\u00e4. Oikean hydrauli\u00f6ljyn ja tiivisteiden valinta on ratkaisevan t\u00e4rke\u00e4\u00e4 hydraulisylinterisi pitk\u00e4ik\u00e4isyyden ja suorituskyvyn kannalta. Tarjoamme ohjeita hydraulisylinterin mittaamiseen sek\u00e4 sen vaihtoaikaan ja -ohjeisiin.<\/p>\n<h2>Hitsatun Clevis-tyyppisen sylinterin edut<\/h2>\n<p>Hitsatut haarukkatyyppiset sylinterit ovat suosittu valinta moniin teollisiin sovelluksiin ainutlaatuisten etujensa ja hy\u00f6tyjens\u00e4 ansiosta. T\u00e4ss\u00e4 on joitakin hitsattujen haarukkatyyppisten sylinterien t\u00e4rkeimmist\u00e4 eduista:<\/p>\n<h3>1. Lis\u00e4\u00e4ntynyt lujuus ja kest\u00e4vyys<\/h3>\n<p>Hitsatut haarukkatyyppiset sylinterit on valmistettu hitsatulla p\u00e4\u00e4tykorkilla, joka tarjoaa enemm\u00e4n lujuutta ja kest\u00e4vyytt\u00e4 verrattuna muuntyyppisiin sylintereihin. T\u00e4m\u00e4 tekee niist\u00e4 ihanteellisia raskaisiin sovelluksiin, jotka vaativat korkeaa lujuutta ja kest\u00e4vyytt\u00e4.<\/p>\n<p>Lis\u00e4ksi n\u00e4iden sylinterien hitsattu rakenne tarkoittaa, ett\u00e4 ne vuotavat tai rikkoutuvat ep\u00e4todenn\u00e4k\u00f6isemmin, mik\u00e4 voi auttaa v\u00e4hent\u00e4m\u00e4\u00e4n seisokkiaikoja ja yll\u00e4pitokustannuksia.<\/p>\n<h3>2. Kyky k\u00e4sitell\u00e4 korkeaa painetta<\/h3>\n<p>Hitsatut haarukkatyyppiset sylinterit pystyv\u00e4t k\u00e4sittelem\u00e4\u00e4n my\u00f6s korkeapainesovelluksia, mik\u00e4 tekee niist\u00e4 suositun valinnan esimerkiksi rakennus-, kaivos- sek\u00e4 \u00f6ljy- ja kaasuteollisuudessa. Niiden kyky k\u00e4sitell\u00e4 korkeaa painetta varmistaa luotettavan suorituskyvyn vaativissa ymp\u00e4rist\u00f6iss\u00e4.<\/p>\n<h3>3. Mukautettava muotoilu<\/h3>\n<p>Hitsattuja haarukkatyyppisi\u00e4 sylintereit\u00e4 voidaan suunnitella mittatilausty\u00f6n\u00e4 vastaamaan sovelluksen erityistarpeita. T\u00e4m\u00e4 tarkoittaa, ett\u00e4 ne voidaan r\u00e4\u00e4t\u00e4l\u00f6id\u00e4 tiettyyn kokoon, muotoon tai suorituskykyvaatimukseen. Mukautettava suunnittelu mahdollistaa my\u00f6s suuremman joustavuuden valmistusprosessissa, mik\u00e4 voi johtaa kustannuss\u00e4\u00e4st\u00f6ihin.<\/p>\n<h3>4. Helppo asennus<\/h3>\n<p>Hitsatut haarukkatyyppiset sylinterit on suunniteltu helppoon asennukseen, mik\u00e4 auttaa v\u00e4hent\u00e4m\u00e4\u00e4n asennusaikaa ja ty\u00f6voimakustannuksia. Ne ovat yleens\u00e4 esikoottuja ja k\u00e4ytt\u00f6valmiita suoraan pakkauksesta, mik\u00e4 minimoi lis\u00e4osien tai -komponenttien tarpeen.<\/p>\n<h3>5. Parannettu suorituskyky<\/h3>\n<p>Hitsattujen haarukkatyyppisten sylinterien rakenne mahdollistaa paremman suorituskyvyn verrattuna muuntyyppisiin sylintereihin. Ne pystyv\u00e4t tuottamaan enemm\u00e4n voimaa paineyksikk\u00f6\u00e4 kohden, mik\u00e4 voi auttaa parantamaan tehokkuutta ja tuottavuutta teollisissa sovelluksissa.<\/p>\n<p>Kaiken kaikkiaan hitsatut haarukkatyyppiset sylinterit tarjoavat useita etuja ja hy\u00f6tyj\u00e4, jotka tekev\u00e4t niist\u00e4 suositun valinnan moniin teollisiin sovelluksiin. Niiden lis\u00e4\u00e4ntynyt lujuus ja kest\u00e4vyys, kyky k\u00e4sitell\u00e4 korkeaa painetta, mukautettava suunnittelu, helppo asennus ja parannettu suorituskyky tekev\u00e4t niist\u00e4 ihanteellisen valinnan vaativiin ymp\u00e4rist\u00f6ihin, joissa luotettavuus ja suorituskyky ovat avainasemassa.<\/p>\n<ol>\n<li><img decoding=\"async\" src=\"https:\/\/hzpt.com\/wp-content\/uploads\/2023\/12\/insert-1.webp\" alt=\"\" title=\"\"><\/li>\n<\/ol>\n<h2>Hitsatun Clevis-tyyppisen sylinterin k\u00e4ytt\u00f6<\/h2>\n<ul>\n<li><strong>Teollisuuskoneet:<\/strong> Hitsattuja sakkelisylintereit\u00e4 k\u00e4ytet\u00e4\u00e4n laajalti erilaisissa teollisuuskoneissa raskaissa sovelluksissa. N\u00e4m\u00e4 sylinterit pystyv\u00e4t tuottamaan suuren voiman koneiden komponenttien nostamiseen ja puristamiseen. Hitsattu sakkelirakenne mahdollistaa helpon asennuksen ja tehokkaan k\u00e4yt\u00f6n, mik\u00e4 tekee siit\u00e4 suositun valinnan valmistajille.\n<ul>\n<li>Valmistavassa teollisuudessa hitsattuja haarukkatyyppisi\u00e4 sylintereit\u00e4 k\u00e4ytet\u00e4\u00e4n hydraulipuristimissa, ruiskuvalukoneissa ja metallinleimauslaitteissa tarvittavan voiman aikaansaamiseksi metallilevyjen muovaukseen ja muotoiluun.<\/li>\n<li>Autoteollisuudessa n\u00e4it\u00e4 sylintereit\u00e4 k\u00e4ytet\u00e4\u00e4n autonostureissa, nostimissa ja kokoonpanokoneissa raskaiden komponenttien nostamiseen valmistusprosessin aikana.<\/li>\n<li>Rakennusteollisuudessa hitsattuja haarukkatyyppisi\u00e4 sylintereit\u00e4 k\u00e4ytet\u00e4\u00e4n nostureissa, kaivinkoneissa ja puskutraktoreissa raskaita kuormia nostavien ja siirt\u00e4vien hydraulij\u00e4rjestelmien voimanl\u00e4hteen\u00e4.<\/li>\n<\/ul>\n<\/li>\n<li><strong>Maatalouskoneet:<\/strong> Maatalouskoneet ovat yksi t\u00e4rkeimmist\u00e4 k\u00e4ytt\u00f6alueista, joilla hitsattuja sakkelityyppisi\u00e4 sylintereit\u00e4 k\u00e4ytet\u00e4\u00e4n. N\u00e4it\u00e4 sylintereit\u00e4 k\u00e4ytet\u00e4\u00e4n erilaisissa maatalouskoneissa, kuten traktoreissa, puimureissa ja auroissa, tarjoamaan tarvittava voima maanmuokkaukseen, istutukseen ja sadonkorjuuseen.\n<ul>\n<li>Maataloudessa hitsattuja sakkelityyppisi\u00e4 sylintereit\u00e4 k\u00e4ytet\u00e4\u00e4n auroissa, kultivaattoreissa ja kylv\u00f6koneissa tarvittavan voiman aikaansaamiseksi maanmuokkaukseen ja siementen kylv\u00f6\u00f6n.<\/li>\n<li>Sadonkorjuuteollisuudessa n\u00e4it\u00e4 sylintereit\u00e4 k\u00e4ytet\u00e4\u00e4n puimureissa, paalaimissa ja ruohonleikkureissa satoa ker\u00e4\u00e4vien ja kuljettavien hydraulij\u00e4rjestelmien voimanl\u00e4hteen\u00e4.<\/li>\n<\/ul>\n<\/li>\n<li><strong>Ilmailu ja puolustus:<\/strong> Hitsattuja Clevis-tyyppisi\u00e4 sylintereit\u00e4 k\u00e4ytet\u00e4\u00e4n my\u00f6s ilmailu- ja puolustusteollisuudessa, jossa niit\u00e4 k\u00e4ytet\u00e4\u00e4n monenlaisissa sovelluksissa lentokoneissa, raketeissa, ohjuksissa ja puolustusj\u00e4rjestelmiss\u00e4.\n<ul>\n<li>Ilmailuteollisuudessa hitsattuja haarukkatyyppisi\u00e4 sylintereit\u00e4 k\u00e4ytet\u00e4\u00e4n lentokoneiden laskutelineiss\u00e4, l\u00e4ppiss\u00e4 ja jarruissa tarvittavan voiman aikaansaamiseksi nousussa ja laskeutumisessa.<\/li>\n<li>Puolustusteollisuudessa n\u00e4it\u00e4 sylintereit\u00e4 k\u00e4ytet\u00e4\u00e4n ohjuslaukaisimissa, tykkitorneissa ja panssarivaunuj\u00e4rjestelmiss\u00e4 aseiden ja ammusten liikett\u00e4 ohjaavien hydraulij\u00e4rjestelmien virransy\u00f6tt\u00f6\u00f6n.<\/li>\n<\/ul>\n<\/li>\n<li><strong>Meriteollisuus:<\/strong> Hitsattuja Clevis-tyyppisi\u00e4 sylintereit\u00e4 k\u00e4ytet\u00e4\u00e4n my\u00f6s laajalti meriteollisuudessa, jossa niit\u00e4 k\u00e4ytet\u00e4\u00e4n erilaisissa sovelluksissa laivoissa, veneiss\u00e4 ja vedenalaisissa ajoneuvoissa.\n<ul>\n<li>Merenkulkualalla hitsattuja haarukkatyyppisi\u00e4 sylintereit\u00e4 k\u00e4ytet\u00e4\u00e4n nostureissa, vinsseiss\u00e4 ja lastink\u00e4sittelylaitteissa tarvittavan voiman aikaansaamiseksi lastin lastaamiseen ja purkamiseen.<\/li>\n<li>Veneteollisuudessa n\u00e4it\u00e4 sylintereit\u00e4 k\u00e4ytet\u00e4\u00e4n ohjausj\u00e4rjestelmiss\u00e4, potkureissa ja ankkurij\u00e4rjestelmiss\u00e4 veneiden ja laivojen liikkeen ohjaamiseen tarvittavan voiman aikaansaamiseksi.<\/li>\n<li>Vedenalaisten ajoneuvojen teollisuudessa hitsattuja haarukkatyyppisi\u00e4 sylintereit\u00e4 k\u00e4ytet\u00e4\u00e4n sukellusveneiss\u00e4, kauko-ohjattavissa ajoneuvoissa (ROV) ja sukellusvarusteissa tarvittavan voiman aikaansaamiseksi vedenalaisiin operaatioihin.<\/li>\n<\/ul>\n<\/li>\n<li><strong>Kaivosteollisuus:<\/strong> Hitsattuja haarukkatyyppisi\u00e4 sylintereit\u00e4 k\u00e4ytet\u00e4\u00e4n my\u00f6s kaivosteollisuudessa, jossa niit\u00e4 k\u00e4ytet\u00e4\u00e4n erilaisissa sovelluksissa mineraalien louhintaan ja materiaalink\u00e4sittelyyn.\n<ul>\n<li>Kaivosteollisuudessa hitsattuja sakkelityyppisi\u00e4 sylintereit\u00e4 k\u00e4ytet\u00e4\u00e4n kuljetinj\u00e4rjestelmiss\u00e4, porakoneissa ja hydraulisissa kaivoksissa tarvittavan voiman aikaansaamiseksi mineraalien ja materiaalien louhintaan kaivoksista ja louhoksista.<\/li>\n<\/ul>\n<\/li>\n<\/ul>\n<p><img decoding=\"async\" src=\"https:\/\/hzpt.com\/wp-content\/uploads\/2023\/12\/insert-2.webp\" alt=\"\" title=\"\"><\/p>\n<h3>Tietoja FMP:st\u00e4:<\/h3>\n<p>FMP on johtava nimi Italian hydraulisylintereiden markkinoilla, ja se on erikoistunut hydraulisiin kallistussylintereihin, hydraulisiin ohjaussylintereihin ja hydraulisiin nostosylintereihin. 200 000 kappaleen suunnittelukapasiteetillamme omistamme noin 300 erilaista automaattista CNC-tuotantolaitetta ja automaattista hydraulisylintereiden kokoonpanolaitetta.<\/p>\n<p>Esittelyss\u00e4 olevien tuotteidemme lis\u00e4ksi toimitamme my\u00f6s henkil\u00f6nostinten sylintereit\u00e4, teollisuusajoneuvojen hydraulisylintereit\u00e4, porauslauttojen sylintereit\u00e4, kuorma-autonostureiden sylintereit\u00e4, rakennuskoneiden hydraulisylintereit\u00e4, trukkien hydraulisylintereit\u00e4, kaivoskuorma-autojen sylintereit\u00e4 ja sanitaatiokoneiden hydraulisylintereit\u00e4. R\u00e4\u00e4t\u00e4l\u00f6inti on mahdollista tarpeidesi mukaan.<img decoding=\"async\" src=\"https:\/\/hzpt.com\/wp-content\/uploads\/2023\/12\/insert-5.webp\" alt=\"FMP-tehdas\" title=\"\"><\/p>\n<p>Tekij\u00e4: CX<\/p>","protected":false},"excerpt":{"rendered":"<p>Product Description: The 10036 High Quality Stainless Steel Welded Clevis Hydraulic Cylinders are precision-engineered hydraulic cylinders made from durable stainless steel. Designed to deliver exceptional performance and reliability, these cylinders are ideal for various industrial applications. Key Features: 1. High-Quality Stainless Steel: These hydraulic cylinders are constructed using high-grade stainless steel, ensuring superior strength and [&hellip;]<\/p>","protected":false},"featured_media":1127,"comment_status":"closed","ping_status":"closed","template":"","meta":{"_et_pb_use_builder":"","_et_pb_old_content":"","_et_gb_content_width":""},"product_brand":[],"product_cat":[36],"product_tag":[34,38],"class_list":{"0":"post-1044","1":"product","2":"type-product","3":"status-publish","4":"has-post-thumbnail","6":"product_cat-welded-clevis-type-cylinder","7":"product_tag-hydraulic-cylinder","8":"product_tag-welded-clevis-type-cylinder","10":"first","11":"instock","12":"product-type-simple"},"_links":{"self":[{"href":"https:\/\/fmp-components.com\/fi\/wp-json\/wp\/v2\/product\/1044","targetHints":{"allow":["GET"]}}],"collection":[{"href":"https:\/\/fmp-components.com\/fi\/wp-json\/wp\/v2\/product"}],"about":[{"href":"https:\/\/fmp-components.com\/fi\/wp-json\/wp\/v2\/types\/product"}],"replies":[{"embeddable":true,"href":"https:\/\/fmp-components.com\/fi\/wp-json\/wp\/v2\/comments?post=1044"}],"wp:featuredmedia":[{"embeddable":true,"href":"https:\/\/fmp-components.com\/fi\/wp-json\/wp\/v2\/media\/1127"}],"wp:attachment":[{"href":"https:\/\/fmp-components.com\/fi\/wp-json\/wp\/v2\/media?parent=1044"}],"wp:term":[{"taxonomy":"product_brand","embeddable":true,"href":"https:\/\/fmp-components.com\/fi\/wp-json\/wp\/v2\/product_brand?post=1044"},{"taxonomy":"product_cat","embeddable":true,"href":"https:\/\/fmp-components.com\/fi\/wp-json\/wp\/v2\/product_cat?post=1044"},{"taxonomy":"product_tag","embeddable":true,"href":"https:\/\/fmp-components.com\/fi\/wp-json\/wp\/v2\/product_tag?post=1044"}],"curies":[{"name":"wp","href":"https:\/\/api.w.org\/{rel}","templated":true}]}}