{"id":1043,"date":"2024-12-19T06:17:09","date_gmt":"2024-12-19T06:17:09","guid":{"rendered":"https:\/\/fmp-components.com\/product\/10035-factory-price-double-acting-welded-hydraulic-cylinder\/"},"modified":"2024-12-24T00:38:48","modified_gmt":"2024-12-24T00:38:48","slug":"10035-factory-price-double-acting-welded-hydraulic-cylinder","status":"publish","type":"product","link":"https:\/\/fmp-components.com\/fi\/product\/10035-factory-price-double-acting-welded-hydraulic-cylinder\/","title":{"rendered":"10035 Tehtaan hintainen kaksitoiminen hitsattu hydraulisylinteri"},"content":{"rendered":"<h2>Esittelyss\u00e4 10035 tehdashintainen kaksitoiminen hitsattu hydraulisylinteri:<\/h2>\n<p>Tehdashintainen 10035 kaksitoiminen hitsattu hydraulisylinteri on korkealaatuinen ja kest\u00e4v\u00e4 hydrauliikkakomponentti, joka on suunniteltu erilaisiin teollisiin sovelluksiin. T\u00e4m\u00e4 sylinteri on valmistettu tarkasti ja yksityiskohtia my\u00f6ten, mik\u00e4 varmistaa luotettavan suorituskyvyn ja pitk\u00e4ik\u00e4isen toimivuuden.<\/p>\n<p>Yksi 10035-mallin tehdashintaisen kaksitoimisen hitsatun hydraulisylinterin t\u00e4rkeimmist\u00e4 ominaisuuksista on sen kaksitoiminen rakenne. T\u00e4m\u00e4 tarkoittaa, ett\u00e4 se voi tuottaa voimaa molempiin suuntiin, mik\u00e4 tarjoaa tehokkaan ja monipuolisen toiminnan. Tarvitsetpa sitten ty\u00f6nt\u00f6- tai vetovoimaa, t\u00e4m\u00e4 sylinteri tarjoaa tarvitsemasi tehon.<\/p>\n<p><img decoding=\"async\" src=\"https:\/\/hzpt.com\/wp-content\/uploads\/2023\/12\/insert-4.webp?v=1694163707\" alt=\"\" title=\"\"><\/p>\n<p>T\u00e4m\u00e4 hydraulisylinteri on asiantuntevasti valmistettu hitsaustekniikoilla. Hitsausprosessi varmistaa vahvan ja varman liitoksen, joka kest\u00e4\u00e4 raskaita kuormia ja voimakasta painetta. Kest\u00e4v\u00e4n rakenteensa ansiosta tehdashintainen kaksitoiminen hitsattu hydraulisylinteri 10035 on rakennettu vaativiin teht\u00e4viin ja haastaviin ymp\u00e4rist\u00f6ihin.<\/p>\n<p>Vahvuutensa lis\u00e4ksi t\u00e4m\u00e4 hydraulisylinteri tarjoaa my\u00f6s tasaisen ja tarkan toiminnan. Sis\u00e4iset komponentit on suunniteltu tarkasti, mik\u00e4 minimoi kitkan ja optimaalisen suorituskyvyn. T\u00e4m\u00e4 mahdollistaa tarkat ja hallitut liikkeet, mik\u00e4 parantaa tuottavuutta ja tehokkuutta.<\/p>\n<p>Tehdashintainen 10035-mallin kaksitoiminen hitsattu hydraulisylinteri on suunniteltu eritt\u00e4in mukautuvaksi, joten se sopii monenlaisiin k\u00e4ytt\u00f6tarkoituksiin. Rakennusalasta ja maataloudesta valmistukseen ja materiaalink\u00e4sittelyyn, t\u00e4m\u00e4 sylinteri voi vastata eri teollisuudenalojen tarpeisiin.<\/p>\n<p>Olitpa sitten vaihtamassa olemassa olevaa sylinteri\u00e4 tai aloittamassa uutta projektia, tehdashintainen 10035-merkkinen kaksitoiminen hitsattu hydraulisylinteri on erinomainen valinta. Sen luotettavuus, kest\u00e4vyys ja erinomainen suorituskyky tekev\u00e4t siit\u00e4 arvokkaan hy\u00f6dyn miss\u00e4 tahansa hydraulij\u00e4rjestelm\u00e4ss\u00e4.<\/p>\n<p>Investoi tehdashintaiseen 10035 kaksitoimiseen hitsattuun hydraulisylinteriin ja koe sen teho ja monipuolisuus toimintoihisi.<\/p>\n<p><img decoding=\"async\" src=\"https:\/\/hzpt.com\/wp-content\/uploads\/2023\/12\/insert-3.webp\" alt=\"\" title=\"\"><\/p>\n<h2>Hitsatun Clevis-tyyppisen sylinterin edut<\/h2>\n<p>Hitsatut haarukkatyyppiset sylinterit ovat suosittu valinta moniin teollisiin sovelluksiin ainutlaatuisten etujensa ja hy\u00f6tyjens\u00e4 ansiosta. T\u00e4ss\u00e4 on joitakin hitsattujen haarukkatyyppisten sylinterien t\u00e4rkeimmist\u00e4 eduista:<\/p>\n<h3>1. Lis\u00e4\u00e4ntynyt lujuus ja kest\u00e4vyys<\/h3>\n<p>Hitsatut haarukkatyyppiset sylinterit on valmistettu hitsatulla p\u00e4\u00e4tykorkilla, joka tarjoaa enemm\u00e4n lujuutta ja kest\u00e4vyytt\u00e4 verrattuna muuntyyppisiin sylintereihin. T\u00e4m\u00e4 tekee niist\u00e4 ihanteellisia raskaisiin sovelluksiin, jotka vaativat korkeaa lujuutta ja kest\u00e4vyytt\u00e4.<\/p>\n<p>Lis\u00e4ksi n\u00e4iden sylinterien hitsattu rakenne tarkoittaa, ett\u00e4 ne vuotavat tai rikkoutuvat ep\u00e4todenn\u00e4k\u00f6isemmin, mik\u00e4 voi auttaa v\u00e4hent\u00e4m\u00e4\u00e4n seisokkiaikoja ja yll\u00e4pitokustannuksia.<\/p>\n<h3>2. Kyky k\u00e4sitell\u00e4 korkeaa painetta<\/h3>\n<p>Hitsatut haarukkatyyppiset sylinterit pystyv\u00e4t k\u00e4sittelem\u00e4\u00e4n my\u00f6s korkeapainesovelluksia, mik\u00e4 tekee niist\u00e4 suositun valinnan esimerkiksi rakennus-, kaivos- sek\u00e4 \u00f6ljy- ja kaasuteollisuudessa. Niiden kyky k\u00e4sitell\u00e4 korkeaa painetta varmistaa luotettavan suorituskyvyn vaativissa ymp\u00e4rist\u00f6iss\u00e4.<\/p>\n<h3>3. Mukautettava muotoilu<\/h3>\n<p>Hitsattuja haarukkatyyppisi\u00e4 sylintereit\u00e4 voidaan suunnitella mittatilausty\u00f6n\u00e4 vastaamaan sovelluksen erityistarpeita. T\u00e4m\u00e4 tarkoittaa, ett\u00e4 ne voidaan r\u00e4\u00e4t\u00e4l\u00f6id\u00e4 tiettyyn kokoon, muotoon tai suorituskykyvaatimukseen. Mukautettava suunnittelu mahdollistaa my\u00f6s suuremman joustavuuden valmistusprosessissa, mik\u00e4 voi johtaa kustannuss\u00e4\u00e4st\u00f6ihin.<\/p>\n<h3>4. Helppo asennus<\/h3>\n<p>Hitsatut haarukkatyyppiset sylinterit on suunniteltu helppoon asennukseen, mik\u00e4 auttaa v\u00e4hent\u00e4m\u00e4\u00e4n asennusaikaa ja ty\u00f6voimakustannuksia. Ne ovat yleens\u00e4 esikoottuja ja k\u00e4ytt\u00f6valmiita suoraan pakkauksesta, mik\u00e4 minimoi lis\u00e4osien tai -komponenttien tarpeen.<\/p>\n<h3>5. Parannettu suorituskyky<\/h3>\n<p>Hitsattujen haarukkatyyppisten sylinterien rakenne mahdollistaa paremman suorituskyvyn verrattuna muuntyyppisiin sylintereihin. Ne pystyv\u00e4t tuottamaan enemm\u00e4n voimaa paineyksikk\u00f6\u00e4 kohden, mik\u00e4 voi auttaa parantamaan tehokkuutta ja tuottavuutta teollisissa sovelluksissa.<\/p>\n<p>Kaiken kaikkiaan hitsatut haarukkatyyppiset sylinterit tarjoavat useita etuja ja hy\u00f6tyj\u00e4, jotka tekev\u00e4t niist\u00e4 suositun valinnan moniin teollisiin sovelluksiin. Niiden lis\u00e4\u00e4ntynyt lujuus ja kest\u00e4vyys, kyky k\u00e4sitell\u00e4 korkeaa painetta, mukautettava suunnittelu, helppo asennus ja parannettu suorituskyky tekev\u00e4t niist\u00e4 ihanteellisen valinnan vaativiin ymp\u00e4rist\u00f6ihin, joissa luotettavuus ja suorituskyky ovat avainasemassa.<\/p>\n<p><img decoding=\"async\" src=\"https:\/\/hzpt.com\/wp-content\/uploads\/2023\/12\/insert-2.webp\" alt=\"\" title=\"\"><\/p>\n<h2>Hitsatun Clevis-tyyppisen sylinterin k\u00e4ytt\u00f6<\/h2>\n<ul>\n<li><strong>Teollisuuskoneet:<\/strong> Hitsattuja sakkelisylintereit\u00e4 k\u00e4ytet\u00e4\u00e4n laajalti erilaisissa teollisuuskoneissa raskaissa sovelluksissa. N\u00e4m\u00e4 sylinterit pystyv\u00e4t tuottamaan suuren voiman koneiden komponenttien nostamiseen ja puristamiseen. Hitsattu sakkelirakenne mahdollistaa helpon asennuksen ja tehokkaan k\u00e4yt\u00f6n, mik\u00e4 tekee siit\u00e4 suositun valinnan valmistajille.\n<ul>\n<li>Valmistavassa teollisuudessa hitsattuja haarukkatyyppisi\u00e4 sylintereit\u00e4 k\u00e4ytet\u00e4\u00e4n hydraulipuristimissa, ruiskuvalukoneissa ja metallinleimauslaitteissa tarvittavan voiman aikaansaamiseksi metallilevyjen muovaukseen ja muotoiluun.<\/li>\n<li>Autoteollisuudessa n\u00e4it\u00e4 sylintereit\u00e4 k\u00e4ytet\u00e4\u00e4n autonostureissa, nostimissa ja kokoonpanokoneissa raskaiden komponenttien nostamiseen valmistusprosessin aikana.<\/li>\n<li>Rakennusteollisuudessa hitsattuja haarukkatyyppisi\u00e4 sylintereit\u00e4 k\u00e4ytet\u00e4\u00e4n nostureissa, kaivinkoneissa ja puskutraktoreissa raskaita kuormia nostavien ja siirt\u00e4vien hydraulij\u00e4rjestelmien voimanl\u00e4hteen\u00e4.<\/li>\n<\/ul>\n<\/li>\n<li><strong>Maatalouskoneet:<\/strong> Maatalouskoneet ovat yksi t\u00e4rkeimmist\u00e4 k\u00e4ytt\u00f6alueista, joilla hitsattuja sakkelityyppisi\u00e4 sylintereit\u00e4 k\u00e4ytet\u00e4\u00e4n. N\u00e4it\u00e4 sylintereit\u00e4 k\u00e4ytet\u00e4\u00e4n erilaisissa maatalouskoneissa, kuten traktoreissa, puimureissa ja auroissa, tarjoamaan tarvittava voima maanmuokkaukseen, istutukseen ja sadonkorjuuseen.\n<ul>\n<li>Maataloudessa hitsattuja sakkelityyppisi\u00e4 sylintereit\u00e4 k\u00e4ytet\u00e4\u00e4n auroissa, kultivaattoreissa ja kylv\u00f6koneissa tarvittavan voiman aikaansaamiseksi maanmuokkaukseen ja siementen kylv\u00f6\u00f6n.<\/li>\n<li>Sadonkorjuuteollisuudessa n\u00e4it\u00e4 sylintereit\u00e4 k\u00e4ytet\u00e4\u00e4n puimureissa, paalaimissa ja ruohonleikkureissa satoa ker\u00e4\u00e4vien ja kuljettavien hydraulij\u00e4rjestelmien voimanl\u00e4hteen\u00e4.<\/li>\n<\/ul>\n<\/li>\n<li><strong>Ilmailu ja puolustus:<\/strong> Hitsattuja Clevis-tyyppisi\u00e4 sylintereit\u00e4 k\u00e4ytet\u00e4\u00e4n my\u00f6s ilmailu- ja puolustusteollisuudessa, jossa niit\u00e4 k\u00e4ytet\u00e4\u00e4n monenlaisissa sovelluksissa lentokoneissa, raketeissa, ohjuksissa ja puolustusj\u00e4rjestelmiss\u00e4.\n<ul>\n<li>Ilmailuteollisuudessa hitsattuja haarukkatyyppisi\u00e4 sylintereit\u00e4 k\u00e4ytet\u00e4\u00e4n lentokoneiden laskutelineiss\u00e4, l\u00e4ppiss\u00e4 ja jarruissa tarvittavan voiman aikaansaamiseksi nousussa ja laskeutumisessa.<\/li>\n<li>Puolustusteollisuudessa n\u00e4it\u00e4 sylintereit\u00e4 k\u00e4ytet\u00e4\u00e4n ohjuslaukaisimissa, tykkitorneissa ja panssarivaunuj\u00e4rjestelmiss\u00e4 aseiden ja ammusten liikett\u00e4 ohjaavien hydraulij\u00e4rjestelmien virransy\u00f6tt\u00f6\u00f6n.<\/li>\n<\/ul>\n<\/li>\n<li><strong>Meriteollisuus:<\/strong> Hitsattuja Clevis-tyyppisi\u00e4 sylintereit\u00e4 k\u00e4ytet\u00e4\u00e4n my\u00f6s laajalti meriteollisuudessa, jossa niit\u00e4 k\u00e4ytet\u00e4\u00e4n erilaisissa sovelluksissa laivoissa, veneiss\u00e4 ja vedenalaisissa ajoneuvoissa.\n<ul>\n<li>Merenkulkualalla hitsattuja haarukkatyyppisi\u00e4 sylintereit\u00e4 k\u00e4ytet\u00e4\u00e4n nostureissa, vinsseiss\u00e4 ja lastink\u00e4sittelylaitteissa tarvittavan voiman aikaansaamiseksi lastin lastaamiseen ja purkamiseen.<\/li>\n<li>Veneteollisuudessa n\u00e4it\u00e4 sylintereit\u00e4 k\u00e4ytet\u00e4\u00e4n ohjausj\u00e4rjestelmiss\u00e4, potkureissa ja ankkurij\u00e4rjestelmiss\u00e4 veneiden ja laivojen liikkeen ohjaamiseen tarvittavan voiman aikaansaamiseksi.<\/li>\n<li>Vedenalaisten ajoneuvojen teollisuudessa hitsattuja haarukkatyyppisi\u00e4 sylintereit\u00e4 k\u00e4ytet\u00e4\u00e4n sukellusveneiss\u00e4, kauko-ohjattavissa ajoneuvoissa (ROV) ja sukellusvarusteissa tarvittavan voiman aikaansaamiseksi vedenalaisiin operaatioihin.<\/li>\n<\/ul>\n<\/li>\n<li><strong>Kaivosteollisuus:<\/strong> Hitsattuja haarukkatyyppisi\u00e4 sylintereit\u00e4 k\u00e4ytet\u00e4\u00e4n my\u00f6s kaivosteollisuudessa, jossa niit\u00e4 k\u00e4ytet\u00e4\u00e4n erilaisissa sovelluksissa mineraalien louhintaan ja materiaalink\u00e4sittelyyn.\n<ul>\n<li>Kaivosteollisuudessa hitsattuja sakkelityyppisi\u00e4 sylintereit\u00e4 k\u00e4ytet\u00e4\u00e4n kuljetinj\u00e4rjestelmiss\u00e4, porakoneissa ja hydraulisissa kaivoksissa tarvittavan voiman aikaansaamiseksi mineraalien ja materiaalien louhintaan kaivoksista ja louhoksista.<\/li>\n<\/ul>\n<\/li>\n<\/ul>\n<h2>Tietoja FMP:st\u00e4<\/h2>\n<p>FMP on Italian hydraulisylinterien markkinajohtaja, jonka suunnittelukapasiteetti on 200 000 sarjaa. Meill\u00e4 on 300 sarjaa erilaisia \u200b\u200bt\u00e4ysautomaattisia CNC-tuotantolaitteita ja t\u00e4ysautomaattisia hydraulisylinterien kokoonpanolaitteita.<\/p>\n<p>Hydraulisylinteriemme lis\u00e4ksi toimitamme my\u00f6s korkealla ty\u00f6skentelyyn tarkoitettujen laiturien \u00f6ljysylintereit\u00e4, teollisuusajoneuvojen hydraulisylintereit\u00e4, py\u00f6rivien porakoneiden \u00f6ljysylintereit\u00e4, autonostureiden \u00f6ljysylintereit\u00e4, konepajakoneiden hydraulisylintereit\u00e4, <b>Trukin hydraulisylinterit<\/b>, kaivosten itsepurkautuvat \u00f6ljysylinterit autoille ja ymp\u00e4rist\u00f6nsuojelukoneiden hydraulisylinterit. Toivotamme asiakkaat tervetulleiksi r\u00e4\u00e4t\u00e4l\u00f6im\u00e4\u00e4n niit\u00e4 piirustusten tai n\u00e4ytteiden mukaan.<\/p>\n<p><img decoding=\"async\" src=\"https:\/\/hzpt.com\/wp-content\/uploads\/2023\/12\/insert-5.webp\" alt=\"FMP-tehdaskuva\" title=\"\"><\/p>\n<h2>Usein kysytyt kysymykset<\/h2>\n<dl>\n<dt>K: Mit\u00e4 etuja 10035-tehdashintaisesta kaksitoimisesta hitsatusta hydraulisylinterist\u00e4 on?<\/dt>\n<dd>A: Ne ovat energiatehokkaita, suuren kapasiteetin, kest\u00e4vi\u00e4 ja turvallisia.<\/dd>\n<dt>K: Mik\u00e4 on hydraulisylinterin toimintaperiaate?<\/dt>\n<dd>A: Se toimii paine-eroperiaatteella.<\/dd>\n<dt>K: Miss\u00e4 voin k\u00e4ytt\u00e4\u00e4 hydraulisylinteri\u00e4?<\/dt>\n<dd>A: Niit\u00e4 k\u00e4ytet\u00e4\u00e4n useilla eri toimialoilla, kuten rakentamisessa, valmistuksessa ja kuljetuksessa.<\/dd>\n<dt>K: Miten valitsen oikean hydrauliikka\u00f6ljyn ja \u00f6ljytiivisteen?<\/dt>\n<dd>A: Tarjoamme laaja-alaista tukea ja ohjausta tuotevalinnassa.<\/dd>\n<dt>K: Voinko mukauttaa tilaustani?<\/dt>\n<dd>V: Kyll\u00e4, toivotamme asiakkaat tervetulleiksi mukauttamaan piirustusten tai n\u00e4ytteiden mukaan.<\/dd>\n<\/dl>\n<p>Tekij\u00e4: CX<\/p>","protected":false},"excerpt":{"rendered":"<p>Introducing the 10035 Factory Price Double Acting Welded Hydraulic Cylinder: The 10035 Factory Price Double Acting Welded Hydraulic Cylinder is a high-quality and durable hydraulic component designed for various industrial applications. This cylinder is built with precision and attention to detail, ensuring reliable performance and long-lasting functionality. One of the key features of the 10035 [&hellip;]<\/p>","protected":false},"featured_media":1127,"comment_status":"closed","ping_status":"closed","template":"","meta":{"_et_pb_use_builder":"","_et_pb_old_content":"","_et_gb_content_width":""},"product_brand":[],"product_cat":[36],"product_tag":[34,38],"class_list":{"0":"post-1043","1":"product","2":"type-product","3":"status-publish","4":"has-post-thumbnail","6":"product_cat-welded-clevis-type-cylinder","7":"product_tag-hydraulic-cylinder","8":"product_tag-welded-clevis-type-cylinder","10":"first","11":"instock","12":"product-type-simple"},"_links":{"self":[{"href":"https:\/\/fmp-components.com\/fi\/wp-json\/wp\/v2\/product\/1043","targetHints":{"allow":["GET"]}}],"collection":[{"href":"https:\/\/fmp-components.com\/fi\/wp-json\/wp\/v2\/product"}],"about":[{"href":"https:\/\/fmp-components.com\/fi\/wp-json\/wp\/v2\/types\/product"}],"replies":[{"embeddable":true,"href":"https:\/\/fmp-components.com\/fi\/wp-json\/wp\/v2\/comments?post=1043"}],"wp:featuredmedia":[{"embeddable":true,"href":"https:\/\/fmp-components.com\/fi\/wp-json\/wp\/v2\/media\/1127"}],"wp:attachment":[{"href":"https:\/\/fmp-components.com\/fi\/wp-json\/wp\/v2\/media?parent=1043"}],"wp:term":[{"taxonomy":"product_brand","embeddable":true,"href":"https:\/\/fmp-components.com\/fi\/wp-json\/wp\/v2\/product_brand?post=1043"},{"taxonomy":"product_cat","embeddable":true,"href":"https:\/\/fmp-components.com\/fi\/wp-json\/wp\/v2\/product_cat?post=1043"},{"taxonomy":"product_tag","embeddable":true,"href":"https:\/\/fmp-components.com\/fi\/wp-json\/wp\/v2\/product_tag?post=1043"}],"curies":[{"name":"wp","href":"https:\/\/api.w.org\/{rel}","templated":true}]}}