{"id":1040,"date":"2024-12-19T06:17:09","date_gmt":"2024-12-19T06:17:09","guid":{"rendered":"https:\/\/fmp-components.com\/product\/10032-mini-hydraulic-cylinder-tractor-hydraulic-cylinder-double-acting\/"},"modified":"2025-03-18T00:46:19","modified_gmt":"2025-03-18T00:46:19","slug":"10032-mini-hydraulic-cylinder-tractor-hydraulic-cylinder-double-acting","status":"publish","type":"product","link":"https:\/\/fmp-components.com\/fi\/product\/10032-mini-hydraulic-cylinder-tractor-hydraulic-cylinder-double-acting\/","title":{"rendered":"10032 Mini hydraulisylinteri traktorin hydraulisylinteri kaksitoiminen"},"content":{"rendered":"<h2>Tuote 10032 Minihydraulisylinteri Traktorin hydraulisylinteri, kaksitoiminen:<\/h2>\n<p>Tuote 10032 Mini Hydraulic Cylinder Tractor Hydraulic Cylinder Double Actual on korkealaatuinen hydraulisylinteri, joka on suunniteltu k\u00e4ytett\u00e4v\u00e4ksi traktoreissa ja muissa maatalouskoneissa. T\u00e4m\u00e4 sylinteri on rakennettu kest\u00e4m\u00e4\u00e4n raskaita kuormia ja korkeita paineita, joten se sopii erinomaisesti vaativiin sovelluksiin.<\/p>\n<p>Yksi t\u00e4m\u00e4n hydraulisylinterin t\u00e4rkeimmist\u00e4 ominaisuuksista on sen kaksitoiminen rakenne. T\u00e4m\u00e4 tarkoittaa, ett\u00e4 se pystyy laajenemaan ja vet\u00e4m\u00e4\u00e4n sis\u00e4\u00e4n hydraulisen paineen avulla molempiin suuntiin, mik\u00e4 takaa tehokkaan ja luotettavan toiminnan. Lis\u00e4ksi sylinteri on valmistettu korkealaatuisista materiaaleista, mik\u00e4 varmistaa pitk\u00e4n k\u00e4ytt\u00f6i\u00e4n ja suorituskyvyn.<\/p>\n<p>10032 Mini Hydraulic Cylinder Tractor Hydraulic Cylinder Double Activity -traktorin kompakti koko tekee siit\u00e4 ihanteellisen k\u00e4ytett\u00e4v\u00e4ksi ahtaissa tiloissa ja pienemmiss\u00e4 koneissa. Pienest\u00e4 koostaan \u200b\u200bhuolimatta se tarjoaa kuitenkin vaikuttavan suorituskyvyn ja nostovoiman.<\/p>\n<p>Yhteenvetona voidaan todeta, ett\u00e4 10032 Mini Hydraulic Cylinder Tractor Hydraulic Cylinder Double Actual on huippulaatuinen hydraulisylinteri, joka on suunniteltu k\u00e4ytett\u00e4v\u00e4ksi traktoreissa ja muissa maatalouskoneissa. Kaksitoimisen rakenteensa, kest\u00e4v\u00e4n rakenteensa ja kompaktin kokonsa ansiosta se on t\u00e4ydellinen valinta vaativiin sovelluksiin, joissa luotettavuus ja suorituskyky ovat olennaisia.<\/p>\n<p><img loading=\"lazy\" decoding=\"async\" class=\"alignnone size-full wp-image-7061\" src=\"https:\/\/fmp-components.com\/wp-content\/uploads\/2024\/12\/hydarulic-cylinder.webp\" alt=\"hydraulisylinteri\" width=\"800\" height=\"800\" title=\"\" srcset=\"https:\/\/fmp-components.com\/wp-content\/uploads\/2024\/12\/hydarulic-cylinder.webp 800w, https:\/\/fmp-components.com\/wp-content\/uploads\/2024\/12\/hydarulic-cylinder-480x480.webp 480w\" sizes=\"(min-width: 0px) and (max-width: 480px) 480px, (min-width: 481px) 800px, 100vw\" \/><\/p>\n<h2>Tuotteen esittely<\/h2>\n<p>FMP perustettiin Italiassa, ja siit\u00e4 l\u00e4htien siit\u00e4 on tullut markkinajohtaja mobiilikoneiden hydraulisylintereiden segmentoiduilla markkinoilla Italiassa. P\u00e4\u00e4tuotteitamme ovat minihydraulisylinteri ja traktorihydraulisylinteri, jotka molemmat ovat kaksitoimisia.<\/p>\n<h2>Toiminto ja merkitys<\/h2>\n<p>Hydraulisylinterimme ovat olennainen osa monenlaisia \u200b\u200bkoneita, ja ne tuottavat useimpiin mekaanisiin liikkeisiin tarvittavan voiman. Niit\u00e4 k\u00e4ytet\u00e4\u00e4n voiman luomiseen suorassa linjassa, kuten ty\u00f6nt\u00e4misess\u00e4, vet\u00e4misess\u00e4, nostamisessa ja laskemisessa.<\/p>\n<h2>Tuotetiedot<\/h2>\n<p>Hydraulisylintereidemme tekniset parametrit vaihtelevat niiden k\u00e4ytt\u00f6tarkoituksen mukaan. Niill\u00e4 kaikilla on kuitenkin yhteisi\u00e4 ominaisuuksia, kuten suuri kapasiteetti, erinomainen kest\u00e4vyys ja tarkat mitat.<\/p>\n<h3>Ainutlaatuiset ominaisuudet ja edut<\/h3>\n<ul>\n<li>Energiatehokas<\/li>\n<li>Eritt\u00e4in tehokas<\/li>\n<li>Turvallisuusvarmistettu<\/li>\n<\/ul>\n<h2>Hydraulij\u00e4rjestelm\u00e4 ja toimintaperiaate<\/h2>\n<p>Hydraulisylinteri toimii siten, ett\u00e4 paineistettu hydraulineste liikuttaa sylinterin tankoa, joka puolestaan \u200b\u200btekee ty\u00f6n. T\u00e4m\u00e4 j\u00e4rjestelm\u00e4 varmistaa, ett\u00e4 hydraulisylinterimme tarjoavat optimaalisen suorituskyvyn kussakin k\u00e4ytt\u00f6tarkoituksessa.<\/p>\n<h2>Sovellusskenaariot<\/h2>\n<p>Hydraulisylintereit\u00e4mme k\u00e4ytet\u00e4\u00e4n laajalti rakennuskoneissa, kaivoskoneissa, nostolaitteissa ja muissa teollisuuslaitteissa.<\/p>\n<h2>Tietoja FMP:st\u00e4<\/h2>\n<p>FMP:ll\u00e4 on 200 000 laitteen suunnittelukapasiteetti, 300 erilaista automaattista CNC-tuotantolaitetta ja t\u00e4ysautomaattiset hydraulisylinterien kokoonpanolaitteet. Tarjoamme korkealaatuisia tuotteita, kilpailukykyiset hinnat ja erinomaista palvelua.<\/p>\n<h3>Lis\u00e4tuotteet<\/h3>\n<p>Mainittujen hydraulisylintereiden lis\u00e4ksi toimitamme my\u00f6s korkean korkeuden ty\u00f6lavojen sylintereit\u00e4, teollisuusajoneuvojen hydraulisylintereit\u00e4, porauslauttojen sylintereit\u00e4, autonostureiden sylintereit\u00e4, konepajakoneiden hydraulisylintereit\u00e4, trukkien hydraulisylintereit\u00e4, kaivoskuorma-autojen sylintereit\u00e4 ja sanitaatiokoneiden hydraulisylintereit\u00e4. R\u00e4\u00e4t\u00e4l\u00f6inti toimitettujen kaavioiden ja n\u00e4ytteiden perusteella on tervetullutta. Katso lis\u00e4tietoja alla olevasta kuvasta:<\/p>\n<p><img decoding=\"async\" src=\"https:\/\/hzpt.com\/wp-content\/uploads\/2023\/12\/insert-5.webp\" alt=\"FMP-tehdas\" title=\"\"><\/p>\n<h2>Kysymykset ja vastaukset<\/h2>\n<ol>\n<li>K: Mik\u00e4 on hydraulisylintereidesi kapasiteetti? V: Hydraulisylintereill\u00e4mme on erilaisia \u200b\u200bkapasiteetteja niiden erityisten sovellusten mukaan.<\/li>\n<li>K: Ovatko hydraulisylinterinne energiatehokkaita? V: Kyll\u00e4, hydraulisylinterimme on suunniteltu energiatehokkaiksi.<\/li>\n<li>K: Mink\u00e4 tyyppisiss\u00e4 koneissa hydraulisylintereit\u00e4nne voidaan k\u00e4ytt\u00e4\u00e4? V: Hydraulisylintereit\u00e4mme voidaan k\u00e4ytt\u00e4\u00e4 rakennus-, kaivos-, nosto- ja muissa teollisuuslaitteissa.<\/li>\n<li>K: Tarjoatteko r\u00e4\u00e4t\u00e4l\u00f6intipalveluita? V: Kyll\u00e4, teemme mielell\u00e4mme r\u00e4\u00e4t\u00e4l\u00f6inti\u00e4 annettujen kaavioiden ja esimerkkien perusteella.<\/li>\n<li>K: Miten hydraulisylinteri toimii? V: Hydraulisylinteri toimii siten, ett\u00e4 paineistettu hydraulineste saa sylinterin m\u00e4nn\u00e4n liikkumaan.<\/li>\n<\/ol>\n<h2>Hitsatun Clevis-tyyppisen sylinterin edut<\/h2>\n<p>Hitsatut haarukkatyyppiset sylinterit ovat suosittu valinta moniin teollisiin sovelluksiin ainutlaatuisten etujensa ja hy\u00f6tyjens\u00e4 ansiosta. T\u00e4ss\u00e4 on joitakin hitsattujen haarukkatyyppisten sylinterien t\u00e4rkeimmist\u00e4 eduista:<\/p>\n<h3>1. Lis\u00e4\u00e4ntynyt lujuus ja kest\u00e4vyys<\/h3>\n<p>Hitsatut haarukkatyyppiset sylinterit on valmistettu hitsatulla p\u00e4\u00e4tykorkilla, joka tarjoaa enemm\u00e4n lujuutta ja kest\u00e4vyytt\u00e4 verrattuna muuntyyppisiin sylintereihin. T\u00e4m\u00e4 tekee niist\u00e4 ihanteellisia raskaisiin sovelluksiin, jotka vaativat korkeaa lujuutta ja kest\u00e4vyytt\u00e4.<\/p>\n<p>Lis\u00e4ksi n\u00e4iden sylinterien hitsattu rakenne tarkoittaa, ett\u00e4 ne vuotavat tai rikkoutuvat ep\u00e4todenn\u00e4k\u00f6isemmin, mik\u00e4 voi auttaa v\u00e4hent\u00e4m\u00e4\u00e4n seisokkiaikoja ja yll\u00e4pitokustannuksia.<\/p>\n<h3>2. Kyky k\u00e4sitell\u00e4 korkeaa painetta<\/h3>\n<p>Hitsatut haarukkatyyppiset sylinterit pystyv\u00e4t k\u00e4sittelem\u00e4\u00e4n my\u00f6s korkeapainesovelluksia, mik\u00e4 tekee niist\u00e4 suositun valinnan esimerkiksi rakennus-, kaivos- sek\u00e4 \u00f6ljy- ja kaasuteollisuudessa. Niiden kyky k\u00e4sitell\u00e4 korkeaa painetta varmistaa luotettavan suorituskyvyn vaativissa ymp\u00e4rist\u00f6iss\u00e4.<\/p>\n<h3>3. Mukautettava muotoilu<\/h3>\n<p>Hitsattuja haarukkatyyppisi\u00e4 sylintereit\u00e4 voidaan suunnitella mittatilausty\u00f6n\u00e4 vastaamaan sovelluksen erityistarpeita. T\u00e4m\u00e4 tarkoittaa, ett\u00e4 ne voidaan r\u00e4\u00e4t\u00e4l\u00f6id\u00e4 tiettyyn kokoon, muotoon tai suorituskykyvaatimukseen. Mukautettava suunnittelu mahdollistaa my\u00f6s suuremman joustavuuden valmistusprosessissa, mik\u00e4 voi johtaa kustannuss\u00e4\u00e4st\u00f6ihin.<\/p>\n<h3>4. Helppo asennus<\/h3>\n<p>Hitsatut haarukkatyyppiset sylinterit on suunniteltu helppoon asennukseen, mik\u00e4 auttaa v\u00e4hent\u00e4m\u00e4\u00e4n asennusaikaa ja ty\u00f6voimakustannuksia. Ne ovat yleens\u00e4 esikoottuja ja k\u00e4ytt\u00f6valmiita suoraan pakkauksesta, mik\u00e4 minimoi lis\u00e4osien tai -komponenttien tarpeen.<\/p>\n<h3>5. Parannettu suorituskyky<\/h3>\n<p>Hitsattujen haarukkatyyppisten sylinterien rakenne mahdollistaa paremman suorituskyvyn verrattuna muuntyyppisiin sylintereihin. Ne pystyv\u00e4t tuottamaan enemm\u00e4n voimaa paineyksikk\u00f6\u00e4 kohden, mik\u00e4 voi auttaa parantamaan tehokkuutta ja tuottavuutta teollisissa sovelluksissa.<\/p>\n<p>Kaiken kaikkiaan hitsatut haarukkatyyppiset sylinterit tarjoavat useita etuja ja hy\u00f6tyj\u00e4, jotka tekev\u00e4t niist\u00e4 suositun valinnan moniin teollisiin sovelluksiin. Niiden lis\u00e4\u00e4ntynyt lujuus ja kest\u00e4vyys, kyky k\u00e4sitell\u00e4 korkeaa painetta, mukautettava suunnittelu, helppo asennus ja parannettu suorituskyky tekev\u00e4t niist\u00e4 ihanteellisen valinnan vaativiin ymp\u00e4rist\u00f6ihin, joissa luotettavuus ja suorituskyky ovat avainasemassa.<\/p>\n<h2>Hitsatun Clevis-tyyppisen sylinterin k\u00e4ytt\u00f6<\/h2>\n<ul>\n<li><strong>Teollisuuskoneet:<\/strong> Hitsattuja sakkelisylintereit\u00e4 k\u00e4ytet\u00e4\u00e4n laajalti erilaisissa teollisuuskoneissa raskaissa sovelluksissa. N\u00e4m\u00e4 sylinterit pystyv\u00e4t tuottamaan suuren voiman koneiden komponenttien nostamiseen ja puristamiseen. Hitsattu sakkelirakenne mahdollistaa helpon asennuksen ja tehokkaan k\u00e4yt\u00f6n, mik\u00e4 tekee siit\u00e4 suositun valinnan valmistajille.\n<ul>\n<li>Valmistavassa teollisuudessa hitsattuja haarukkatyyppisi\u00e4 sylintereit\u00e4 k\u00e4ytet\u00e4\u00e4n hydraulipuristimissa, ruiskuvalukoneissa ja metallinleimauslaitteissa tarvittavan voiman aikaansaamiseksi metallilevyjen muovaukseen ja muotoiluun.<\/li>\n<li>Autoteollisuudessa n\u00e4it\u00e4 sylintereit\u00e4 k\u00e4ytet\u00e4\u00e4n autonostureissa, nostimissa ja kokoonpanokoneissa raskaiden komponenttien nostamiseen valmistusprosessin aikana.<\/li>\n<li>Rakennusteollisuudessa hitsattuja haarukkatyyppisi\u00e4 sylintereit\u00e4 k\u00e4ytet\u00e4\u00e4n nostureissa, kaivinkoneissa ja puskutraktoreissa raskaita kuormia nostavien ja siirt\u00e4vien hydraulij\u00e4rjestelmien voimanl\u00e4hteen\u00e4.<\/li>\n<\/ul>\n<\/li>\n<li><strong>Maatalouskoneet:<\/strong> Maatalouskoneet ovat yksi t\u00e4rkeimmist\u00e4 k\u00e4ytt\u00f6alueista, joilla hitsattuja sakkelityyppisi\u00e4 sylintereit\u00e4 k\u00e4ytet\u00e4\u00e4n. N\u00e4it\u00e4 sylintereit\u00e4 k\u00e4ytet\u00e4\u00e4n erilaisissa maatalouskoneissa, kuten traktoreissa, puimureissa ja auroissa, tarjoamaan tarvittava voima maanmuokkaukseen, istutukseen ja sadonkorjuuseen.\n<ul>\n<li>Maataloudessa hitsattuja sakkelityyppisi\u00e4 sylintereit\u00e4 k\u00e4ytet\u00e4\u00e4n auroissa, kultivaattoreissa ja kylv\u00f6koneissa tarvittavan voiman aikaansaamiseksi maanmuokkaukseen ja siementen kylv\u00f6\u00f6n.<\/li>\n<li>Sadonkorjuuteollisuudessa n\u00e4it\u00e4 sylintereit\u00e4 k\u00e4ytet\u00e4\u00e4n puimureissa, paalaimissa ja ruohonleikkureissa satoa ker\u00e4\u00e4vien ja kuljettavien hydraulij\u00e4rjestelmien voimanl\u00e4hteen\u00e4.<\/li>\n<\/ul>\n<\/li>\n<li><strong>Ilmailu ja puolustus:<\/strong> Hitsattuja Clevis-tyyppisi\u00e4 sylintereit\u00e4 k\u00e4ytet\u00e4\u00e4n my\u00f6s ilmailu- ja puolustusteollisuudessa, jossa niit\u00e4 k\u00e4ytet\u00e4\u00e4n monenlaisissa sovelluksissa lentokoneissa, raketeissa, ohjuksissa ja puolustusj\u00e4rjestelmiss\u00e4.\n<ul>\n<li>Ilmailuteollisuudessa hitsattuja haarukkatyyppisi\u00e4 sylintereit\u00e4 k\u00e4ytet\u00e4\u00e4n lentokoneiden laskutelineiss\u00e4, l\u00e4ppiss\u00e4 ja jarruissa tarvittavan voiman aikaansaamiseksi nousussa ja laskeutumisessa.<\/li>\n<li>Puolustusteollisuudessa n\u00e4it\u00e4 sylintereit\u00e4 k\u00e4ytet\u00e4\u00e4n ohjuslaukaisimissa, tykkitorneissa ja panssarivaunuj\u00e4rjestelmiss\u00e4 aseiden ja ammusten liikett\u00e4 ohjaavien hydraulij\u00e4rjestelmien virransy\u00f6tt\u00f6\u00f6n.<\/li>\n<\/ul>\n<\/li>\n<li><strong>Meriteollisuus:<\/strong> Hitsattuja Clevis-tyyppisi\u00e4 sylintereit\u00e4 k\u00e4ytet\u00e4\u00e4n my\u00f6s laajalti meriteollisuudessa, jossa niit\u00e4 k\u00e4ytet\u00e4\u00e4n erilaisissa sovelluksissa laivoissa, veneiss\u00e4 ja vedenalaisissa ajoneuvoissa.\n<ul>\n<li>Merenkulkualalla hitsattuja haarukkatyyppisi\u00e4 sylintereit\u00e4 k\u00e4ytet\u00e4\u00e4n nostureissa, vinsseiss\u00e4 ja lastink\u00e4sittelylaitteissa tarvittavan voiman aikaansaamiseksi lastin lastaamiseen ja purkamiseen.<\/li>\n<li>Veneteollisuudessa n\u00e4it\u00e4 sylintereit\u00e4 k\u00e4ytet\u00e4\u00e4n ohjausj\u00e4rjestelmiss\u00e4, potkureissa ja ankkurij\u00e4rjestelmiss\u00e4 veneiden ja laivojen liikkeen ohjaamiseen tarvittavan voiman aikaansaamiseksi.<\/li>\n<li>Vedenalaisten ajoneuvojen teollisuudessa hitsattuja haarukkatyyppisi\u00e4 sylintereit\u00e4 k\u00e4ytet\u00e4\u00e4n sukellusveneiss\u00e4, kauko-ohjattavissa ajoneuvoissa (ROV) ja sukellusvarusteissa tarvittavan voiman aikaansaamiseksi vedenalaisiin operaatioihin.<\/li>\n<\/ul>\n<\/li>\n<li><strong>Kaivosteollisuus:<\/strong> Hitsattuja haarukkatyyppisi\u00e4 sylintereit\u00e4 k\u00e4ytet\u00e4\u00e4n my\u00f6s kaivosteollisuudessa, jossa niit\u00e4 k\u00e4ytet\u00e4\u00e4n erilaisissa sovelluksissa mineraalien louhintaan ja materiaalink\u00e4sittelyyn.\n<ul>\n<li>Kaivosteollisuudessa hitsattuja sakkelityyppisi\u00e4 sylintereit\u00e4 k\u00e4ytet\u00e4\u00e4n kuljetinj\u00e4rjestelmiss\u00e4, porakoneissa ja hydraulisissa kaivoksissa tarvittavan voiman aikaansaamiseksi mineraalien ja materiaalien louhintaan kaivoksista ja louhoksista.<\/li>\n<\/ul>\n<\/li>\n<\/ul>\n<p>Tekij\u00e4: CX<\/p>","protected":false},"excerpt":{"rendered":"<p>Product 10032 Mini Hydraulic Cylinder Tractor Hydraulic Cylinder Double Acting: The product 10032 Mini Hydraulic Cylinder Tractor Hydraulic Cylinder Double Acting is a high-quality hydraulic cylinder that is designed for use in tractors and other agricultural machinery. This cylinder is built to withstand heavy loads and high pressures, making it ideal for use in demanding [&hellip;]<\/p>","protected":false},"featured_media":1127,"comment_status":"closed","ping_status":"closed","template":"","meta":{"_et_pb_use_builder":"","_et_pb_old_content":"","_et_gb_content_width":""},"product_brand":[],"product_cat":[36],"product_tag":[34,38],"class_list":{"0":"post-1040","1":"product","2":"type-product","3":"status-publish","4":"has-post-thumbnail","6":"product_cat-welded-clevis-type-cylinder","7":"product_tag-hydraulic-cylinder","8":"product_tag-welded-clevis-type-cylinder","10":"first","11":"instock","12":"product-type-simple"},"_links":{"self":[{"href":"https:\/\/fmp-components.com\/fi\/wp-json\/wp\/v2\/product\/1040","targetHints":{"allow":["GET"]}}],"collection":[{"href":"https:\/\/fmp-components.com\/fi\/wp-json\/wp\/v2\/product"}],"about":[{"href":"https:\/\/fmp-components.com\/fi\/wp-json\/wp\/v2\/types\/product"}],"replies":[{"embeddable":true,"href":"https:\/\/fmp-components.com\/fi\/wp-json\/wp\/v2\/comments?post=1040"}],"wp:featuredmedia":[{"embeddable":true,"href":"https:\/\/fmp-components.com\/fi\/wp-json\/wp\/v2\/media\/1127"}],"wp:attachment":[{"href":"https:\/\/fmp-components.com\/fi\/wp-json\/wp\/v2\/media?parent=1040"}],"wp:term":[{"taxonomy":"product_brand","embeddable":true,"href":"https:\/\/fmp-components.com\/fi\/wp-json\/wp\/v2\/product_brand?post=1040"},{"taxonomy":"product_cat","embeddable":true,"href":"https:\/\/fmp-components.com\/fi\/wp-json\/wp\/v2\/product_cat?post=1040"},{"taxonomy":"product_tag","embeddable":true,"href":"https:\/\/fmp-components.com\/fi\/wp-json\/wp\/v2\/product_tag?post=1040"}],"curies":[{"name":"wp","href":"https:\/\/api.w.org\/{rel}","templated":true}]}}