{"id":1038,"date":"2024-12-19T06:17:09","date_gmt":"2024-12-19T06:17:09","guid":{"rendered":"https:\/\/fmp-components.com\/product\/10030-guaranteed-quality-mini-hydraulic-ram-cylinder-hydraulic-cylinder-for-agriculture\/"},"modified":"2024-12-26T08:50:35","modified_gmt":"2024-12-26T08:50:35","slug":"10030-guaranteed-quality-mini-hydraulic-ram-cylinder-hydraulic-cylinder-for-agriculture","status":"publish","type":"product","link":"https:\/\/fmp-components.com\/fi\/product\/10030-guaranteed-quality-mini-hydraulic-ram-cylinder-hydraulic-cylinder-for-agriculture\/","title":{"rendered":"10030 Taattu laatu Mini Hydraulinen Ram Sylinteri Hydraulinen Sylinteri Maatalouteen"},"content":{"rendered":"<h2>Esittelyss\u00e4 10030 taatun laadun minihydraulinen sylinterin hydraulisylinteri maatalouteen:<\/h2>\n<p>10030 Guaranteed Quality Mini Hydraulic Ram Cylinder on korkealaatuinen hydraulisylinteri, joka on erityisesti suunniteltu maatalousk\u00e4ytt\u00f6\u00f6n. Kompaktin kokonsa ja erinomaisen suorituskykyns\u00e4 ansiosta t\u00e4m\u00e4 sylinteri sopii erinomaisesti monenlaisiin maatalouskoneisiin.<\/p>\n<p>Vankan rakenteensa ja edistyneen hydrauliikkateknologiansa ansiosta 10030-sylinteri tarjoaa poikkeuksellisen kest\u00e4vyyden ja luotettavuuden varmistaen pitk\u00e4aikaisen suorituskyvyn vaativimmissakin maatalousymp\u00e4rist\u00f6iss\u00e4. Sen pieni koko mahdollistaa helpon asennuksen ja integroinnin erilaisiin maatalouslaitteisiin.<\/p>\n<p>T\u00e4m\u00e4 hydraulisylinteri on suunniteltu tarjoamaan taattua laatua ja t\u00e4ytt\u00e4m\u00e4\u00e4n alan korkeimmat standardit. Se on valmistettu ensiluokkaisista materiaaleista ja k\u00e4y l\u00e4pi tiukan laadunvalvonnan optimaalisen toimivuuden ja suorituskyvyn varmistamiseksi.<\/p>\n<p>Hydraulisella sylinterill\u00e4 varustettu 10030-sylinteri tarjoaa tehokkaan hydraulisen voiman ja tarkan ohjauksen, mik\u00e4 mahdollistaa tehokkaan ja tarkan toiminnan maatalousteht\u00e4viss\u00e4, kuten nostamisessa, ty\u00f6nt\u00e4misess\u00e4 ja vet\u00e4misess\u00e4. Sen hydraulij\u00e4rjestelm\u00e4 varmistaa tasaisen ja tasaisen liikkeen, mik\u00e4 parantaa tuottavuutta ja v\u00e4hent\u00e4\u00e4 seisokkiaikoja.<\/p>\n<p>10030-mallin taatun laadun omaava minikokoinen hydraulinen m\u00e4nn\u00e4nsylinteri on suunniteltu parantamaan maatalouskoneiden yleist\u00e4 tehokkuutta ja vaikuttavuutta. Sen luotettava suorituskyky, kompakti koko ja helppo asennus tekev\u00e4t siit\u00e4 arvokkaan ty\u00f6kalun maanviljelij\u00f6ille, maatalousalan ammattilaisille ja laitevalmistajille.<\/p>\n<p>Valitse 10030 Guaranteed Quality Mini Hydraulic Ram Cylinder -hydraulisylinteri maatalouteen, jos haluat luotettavia ja tehokkaita hydraulisia ratkaisuja maatalousteollisuuteen. Koe parantunut tuottavuus ja erinomainen suorituskyky t\u00e4ll\u00e4 poikkeuksellisella hydraulisylinterill\u00e4.<\/p>\n<p><img decoding=\"async\" src=\"https:\/\/hzpt.com\/wp-content\/uploads\/2023\/12\/insert-4.webp?v=1694163707\" alt=\"\" title=\"\"><\/p>\n<h2>Tietoja maatalousk\u00e4ytt\u00f6\u00f6n tarkoitetusta minihydraulisesta sylinterist\u00e4mme<\/h2>\n<p>Mini hydraulinen m\u00e4nn\u00e4nsylinterimme on huippulaatuinen tuote, joka on suunniteltu erityisesti maatalousk\u00e4ytt\u00f6\u00f6n. Se pystyy muuttamaan hydraulisen energian mekaaniseksi energiaksi, jotta sit\u00e4 voidaan k\u00e4ytt\u00e4\u00e4 erilaisissa maataloussovelluksissa. Sen ensisijainen teht\u00e4v\u00e4 on helpottaa teht\u00e4vi\u00e4, kuten raskaiden kuormien nostamista ja siirt\u00e4mist\u00e4, mik\u00e4 varmistaa tehokkuuden maataloustoiminnassa.<\/p>\n<h2>Tuotetiedot ja tekniset tiedot<\/h2>\n<ul>\n<li>Mitat: [lis\u00e4\u00e4 mitat]<\/li>\n<li>Kapasiteetti: [lis\u00e4\u00e4 kapasiteetti]<\/li>\n<li>Kantavuus: [lis\u00e4\u00e4 kuormankantokyky]<\/li>\n<\/ul>\n<h2>Ainutlaatuiset ominaisuudet ja edut<\/h2>\n<p>Minihydraulinen m\u00e4nn\u00e4nsylinterimme erottuu edukseen energians\u00e4\u00e4st\u00f6ominaisuuksiensa, korkean hy\u00f6tysuhteensa ja turvallisuusominaisuuksiensa ansiosta. Se on suunniteltu toimimaan vaativissa olosuhteissa ja varmistamaan optimaalisen suorituskyvyn.<\/p>\n<h2>Hydraulisten j\u00e4rjestelmien toimintaperiaate<\/h2>\n<p>Hydraulij\u00e4rjestelm\u00e4t toimivat Pascalin lain periaatteella. Kun paine kohdistetaan yhteen nesteen pisteeseen, se siirtyy nesteen muihin osiin ilman h\u00e4vi\u00f6it\u00e4. T\u00e4m\u00e4n periaatteen ansiosta Mini Hydraulic Storage -sylinterimme toimii tehokkaasti.<\/p>\n<p>Oikean hydrauli\u00f6ljyn ja tiivisteen valinta on ratkaisevan t\u00e4rke\u00e4\u00e4 hydraulisylinterin optimaalisen toiminnan kannalta. Vaihdon tarve voi m\u00e4\u00e4r\u00e4yty\u00e4 tiettyjen olosuhteiden mukaan. Hydraulisylinterin mitat ja toiminta voidaan my\u00f6s r\u00e4\u00e4t\u00e4l\u00f6id\u00e4. Vuonna 2006 perustettu FMP on johtava hydraulisylinterien valmistaja Italiassa. Tuotevalikoimaamme kuuluvat hydrauliset kallistussylinterit, hydrauliset ohjaussylinterit ja hydrauliset nostosylinterit, joiden suunnittelukapasiteetti on 200 000 kappaletta.<\/p>\n<p><img decoding=\"async\" src=\"https:\/\/hzpt.com\/wp-content\/uploads\/2023\/12\/insert-1.webp\" alt=\"\" title=\"\"><\/p>\n<h2>Hitsatun Clevis-tyyppisen sylinterin edut<\/h2>\n<p>Hitsatut haarukkatyyppiset sylinterit ovat suosittu valinta moniin teollisiin sovelluksiin ainutlaatuisten etujensa ja hy\u00f6tyjens\u00e4 ansiosta. T\u00e4ss\u00e4 on joitakin hitsattujen haarukkatyyppisten sylinterien t\u00e4rkeimmist\u00e4 eduista:<\/p>\n<h3>1. Lis\u00e4\u00e4ntynyt lujuus ja kest\u00e4vyys<\/h3>\n<p>Hitsatut haarukkatyyppiset sylinterit on valmistettu hitsatulla p\u00e4\u00e4tykorkilla, joka tarjoaa enemm\u00e4n lujuutta ja kest\u00e4vyytt\u00e4 verrattuna muuntyyppisiin sylintereihin. T\u00e4m\u00e4 tekee niist\u00e4 ihanteellisia raskaisiin sovelluksiin, jotka vaativat korkeaa lujuutta ja kest\u00e4vyytt\u00e4.<\/p>\n<p>Lis\u00e4ksi n\u00e4iden sylinterien hitsattu rakenne tarkoittaa, ett\u00e4 ne vuotavat tai rikkoutuvat ep\u00e4todenn\u00e4k\u00f6isemmin, mik\u00e4 voi auttaa v\u00e4hent\u00e4m\u00e4\u00e4n seisokkiaikoja ja yll\u00e4pitokustannuksia.<\/p>\n<h3>2. Kyky k\u00e4sitell\u00e4 korkeaa painetta<\/h3>\n<p>Hitsatut haarukkatyyppiset sylinterit pystyv\u00e4t k\u00e4sittelem\u00e4\u00e4n my\u00f6s korkeapainesovelluksia, mik\u00e4 tekee niist\u00e4 suositun valinnan esimerkiksi rakennus-, kaivos- sek\u00e4 \u00f6ljy- ja kaasuteollisuudessa. Niiden kyky k\u00e4sitell\u00e4 korkeaa painetta varmistaa luotettavan suorituskyvyn vaativissa ymp\u00e4rist\u00f6iss\u00e4.<\/p>\n<h3>3. Mukautettava muotoilu<\/h3>\n<p>Hitsattuja haarukkatyyppisi\u00e4 sylintereit\u00e4 voidaan suunnitella mittatilausty\u00f6n\u00e4 vastaamaan sovelluksen erityistarpeita. T\u00e4m\u00e4 tarkoittaa, ett\u00e4 ne voidaan r\u00e4\u00e4t\u00e4l\u00f6id\u00e4 tiettyyn kokoon, muotoon tai suorituskykyvaatimukseen. Mukautettava suunnittelu mahdollistaa my\u00f6s suuremman joustavuuden valmistusprosessissa, mik\u00e4 voi johtaa kustannuss\u00e4\u00e4st\u00f6ihin.<\/p>\n<h3>4. Helppo asennus<\/h3>\n<p>Hitsatut haarukkatyyppiset sylinterit on suunniteltu helppoon asennukseen, mik\u00e4 auttaa v\u00e4hent\u00e4m\u00e4\u00e4n asennusaikaa ja ty\u00f6voimakustannuksia. Ne ovat yleens\u00e4 esikoottuja ja k\u00e4ytt\u00f6valmiita suoraan pakkauksesta, mik\u00e4 minimoi lis\u00e4osien tai -komponenttien tarpeen.<\/p>\n<h3>5. Parannettu suorituskyky<\/h3>\n<p>Hitsattujen haarukkatyyppisten sylinterien rakenne mahdollistaa paremman suorituskyvyn verrattuna muuntyyppisiin sylintereihin. Ne pystyv\u00e4t tuottamaan enemm\u00e4n voimaa paineyksikk\u00f6\u00e4 kohden, mik\u00e4 voi auttaa parantamaan tehokkuutta ja tuottavuutta teollisissa sovelluksissa.<\/p>\n<p>Kaiken kaikkiaan hitsatut haarukkatyyppiset sylinterit tarjoavat useita etuja ja hy\u00f6tyj\u00e4, jotka tekev\u00e4t niist\u00e4 suositun valinnan moniin teollisiin sovelluksiin. Niiden lis\u00e4\u00e4ntynyt lujuus ja kest\u00e4vyys, kyky k\u00e4sitell\u00e4 korkeaa painetta, mukautettava suunnittelu, helppo asennus ja parannettu suorituskyky tekev\u00e4t niist\u00e4 ihanteellisen valinnan vaativiin ymp\u00e4rist\u00f6ihin, joissa luotettavuus ja suorituskyky ovat avainasemassa.<\/p>\n<p><img decoding=\"async\" src=\"https:\/\/hzpt.com\/wp-content\/uploads\/2023\/12\/insert-2.webp\" alt=\"\" title=\"\"><\/p>\n<h2>Hitsatun Clevis-tyyppisen sylinterin k\u00e4ytt\u00f6<\/h2>\n<ul>\n<li><strong>Teollisuuskoneet:<\/strong> Hitsattuja sakkelisylintereit\u00e4 k\u00e4ytet\u00e4\u00e4n laajalti erilaisissa teollisuuskoneissa raskaissa sovelluksissa. N\u00e4m\u00e4 sylinterit pystyv\u00e4t tuottamaan suuren voiman koneiden komponenttien nostamiseen ja puristamiseen. Hitsattu sakkelirakenne mahdollistaa helpon asennuksen ja tehokkaan k\u00e4yt\u00f6n, mik\u00e4 tekee siit\u00e4 suositun valinnan valmistajille.\n<ul>\n<li>Valmistavassa teollisuudessa hitsattuja haarukkatyyppisi\u00e4 sylintereit\u00e4 k\u00e4ytet\u00e4\u00e4n hydraulipuristimissa, ruiskuvalukoneissa ja metallinleimauslaitteissa tarvittavan voiman aikaansaamiseksi metallilevyjen muovaukseen ja muotoiluun.<\/li>\n<li>Autoteollisuudessa n\u00e4it\u00e4 sylintereit\u00e4 k\u00e4ytet\u00e4\u00e4n autonostureissa, nostimissa ja kokoonpanokoneissa raskaiden komponenttien nostamiseen valmistusprosessin aikana.<\/li>\n<li>Rakennusteollisuudessa hitsattuja haarukkatyyppisi\u00e4 sylintereit\u00e4 k\u00e4ytet\u00e4\u00e4n nostureissa, kaivinkoneissa ja puskutraktoreissa raskaita kuormia nostavien ja siirt\u00e4vien hydraulij\u00e4rjestelmien voimanl\u00e4hteen\u00e4.<\/li>\n<\/ul>\n<\/li>\n<li><strong>Maatalouskoneet:<\/strong> Maatalouskoneet ovat yksi t\u00e4rkeimmist\u00e4 k\u00e4ytt\u00f6alueista, joilla hitsattuja sakkelityyppisi\u00e4 sylintereit\u00e4 k\u00e4ytet\u00e4\u00e4n. N\u00e4it\u00e4 sylintereit\u00e4 k\u00e4ytet\u00e4\u00e4n erilaisissa maatalouskoneissa, kuten traktoreissa, puimureissa ja auroissa, tarjoamaan tarvittava voima maanmuokkaukseen, istutukseen ja sadonkorjuuseen.\n<ul>\n<li>Maataloudessa hitsattuja sakkelityyppisi\u00e4 sylintereit\u00e4 k\u00e4ytet\u00e4\u00e4n auroissa, kultivaattoreissa ja kylv\u00f6koneissa tarvittavan voiman aikaansaamiseksi maanmuokkaukseen ja siementen kylv\u00f6\u00f6n.<\/li>\n<li>Sadonkorjuuteollisuudessa n\u00e4it\u00e4 sylintereit\u00e4 k\u00e4ytet\u00e4\u00e4n puimureissa, paalaimissa ja ruohonleikkureissa satoa ker\u00e4\u00e4vien ja kuljettavien hydraulij\u00e4rjestelmien voimanl\u00e4hteen\u00e4.<\/li>\n<\/ul>\n<\/li>\n<li><strong>Ilmailu ja puolustus:<\/strong> Hitsattuja Clevis-tyyppisi\u00e4 sylintereit\u00e4 k\u00e4ytet\u00e4\u00e4n my\u00f6s ilmailu- ja puolustusteollisuudessa, jossa niit\u00e4 k\u00e4ytet\u00e4\u00e4n monenlaisissa sovelluksissa lentokoneissa, raketeissa, ohjuksissa ja puolustusj\u00e4rjestelmiss\u00e4.\n<ul>\n<li>Ilmailuteollisuudessa hitsattuja haarukkatyyppisi\u00e4 sylintereit\u00e4 k\u00e4ytet\u00e4\u00e4n lentokoneiden laskutelineiss\u00e4, l\u00e4ppiss\u00e4 ja jarruissa tarvittavan voiman aikaansaamiseksi nousussa ja laskeutumisessa.<\/li>\n<li>Puolustusteollisuudessa n\u00e4it\u00e4 sylintereit\u00e4 k\u00e4ytet\u00e4\u00e4n ohjuslaukaisimissa, tykkitorneissa ja panssarivaunuj\u00e4rjestelmiss\u00e4 aseiden ja ammusten liikett\u00e4 ohjaavien hydraulij\u00e4rjestelmien virransy\u00f6tt\u00f6\u00f6n.<\/li>\n<\/ul>\n<\/li>\n<li><strong>Meriteollisuus:<\/strong> Hitsattuja Clevis-tyyppisi\u00e4 sylintereit\u00e4 k\u00e4ytet\u00e4\u00e4n my\u00f6s laajalti meriteollisuudessa, jossa niit\u00e4 k\u00e4ytet\u00e4\u00e4n erilaisissa sovelluksissa laivoissa, veneiss\u00e4 ja vedenalaisissa ajoneuvoissa.\n<ul>\n<li>Merenkulkualalla hitsattuja haarukkatyyppisi\u00e4 sylintereit\u00e4 k\u00e4ytet\u00e4\u00e4n nostureissa, vinsseiss\u00e4 ja lastink\u00e4sittelylaitteissa tarvittavan voiman aikaansaamiseksi lastin lastaamiseen ja purkamiseen.<\/li>\n<li>Veneteollisuudessa n\u00e4it\u00e4 sylintereit\u00e4 k\u00e4ytet\u00e4\u00e4n ohjausj\u00e4rjestelmiss\u00e4, potkureissa ja ankkurij\u00e4rjestelmiss\u00e4 veneiden ja laivojen liikkeen ohjaamiseen tarvittavan voiman aikaansaamiseksi.<\/li>\n<li>Vedenalaisten ajoneuvojen teollisuudessa hitsattuja haarukkatyyppisi\u00e4 sylintereit\u00e4 k\u00e4ytet\u00e4\u00e4n sukellusveneiss\u00e4, kauko-ohjattavissa ajoneuvoissa (ROV) ja sukellusvarusteissa tarvittavan voiman aikaansaamiseksi vedenalaisiin operaatioihin.<\/li>\n<\/ul>\n<\/li>\n<li><strong>Kaivosteollisuus:<\/strong> Hitsattuja haarukkatyyppisi\u00e4 sylintereit\u00e4 k\u00e4ytet\u00e4\u00e4n my\u00f6s kaivosteollisuudessa, jossa niit\u00e4 k\u00e4ytet\u00e4\u00e4n erilaisissa sovelluksissa mineraalien louhintaan ja materiaalink\u00e4sittelyyn.\n<ul>\n<li>Kaivosteollisuudessa hitsattuja sakkelityyppisi\u00e4 sylintereit\u00e4 k\u00e4ytet\u00e4\u00e4n kuljetinj\u00e4rjestelmiss\u00e4, porakoneissa ja hydraulisissa kaivoksissa tarvittavan voiman aikaansaamiseksi mineraalien ja materiaalien louhintaan kaivoksista ja louhoksista.<\/li>\n<\/ul>\n<\/li>\n<\/ul>\n<h2>FMP:n tarjoukset<\/h2>\n<p>Huippulaadukkaan Mini Hydraulic Ram -sylinterin lis\u00e4ksi tarjoamme my\u00f6s muita hydraulisylintereit\u00e4, kuten korkean korkeuden ty\u00f6tasojen sylintereit\u00e4, teollisuusajoneuvojen hydraulisylintereit\u00e4, porauslauttojen sylintereit\u00e4, autonostureiden sylintereit\u00e4, konepajahydraulisia sylintereit\u00e4, <b>Trukin hydraulisylinterit<\/b>, kaivosteollisuuden kippiautojen sylinterit ja ymp\u00e4rist\u00f6nsuojelukoneiden hydraulisylinterit. Asiakkaamme voivat r\u00e4\u00e4t\u00e4l\u00f6id\u00e4 tuotteita omien erityisvaatimustensa mukaisesti.<\/p>\n<p><img decoding=\"async\" src=\"https:\/\/hzpt.com\/wp-content\/uploads\/2023\/12\/insert-5.webp\" alt=\"Tehdaskuva\" title=\"\"><\/p>\n<p>Tekij\u00e4: CX<\/p>","protected":false},"excerpt":{"rendered":"<p>Introducing the 10030 Guaranteed Quality Mini Hydraulic Ram Cylinder Hydraulic Cylinder For Agriculture: The 10030 Guaranteed Quality Mini Hydraulic Ram Cylinder is a high-quality hydraulic cylinder specifically designed for agricultural applications. With its compact size and superior performance, this cylinder is ideal for a wide range of agricultural machinery. Featuring a robust construction and advanced [&hellip;]<\/p>","protected":false},"featured_media":1127,"comment_status":"closed","ping_status":"closed","template":"","meta":{"_et_pb_use_builder":"","_et_pb_old_content":"","_et_gb_content_width":""},"product_brand":[],"product_cat":[36],"product_tag":[34,38],"class_list":{"0":"post-1038","1":"product","2":"type-product","3":"status-publish","4":"has-post-thumbnail","6":"product_cat-welded-clevis-type-cylinder","7":"product_tag-hydraulic-cylinder","8":"product_tag-welded-clevis-type-cylinder","10":"first","11":"instock","12":"product-type-simple"},"_links":{"self":[{"href":"https:\/\/fmp-components.com\/fi\/wp-json\/wp\/v2\/product\/1038","targetHints":{"allow":["GET"]}}],"collection":[{"href":"https:\/\/fmp-components.com\/fi\/wp-json\/wp\/v2\/product"}],"about":[{"href":"https:\/\/fmp-components.com\/fi\/wp-json\/wp\/v2\/types\/product"}],"replies":[{"embeddable":true,"href":"https:\/\/fmp-components.com\/fi\/wp-json\/wp\/v2\/comments?post=1038"}],"wp:featuredmedia":[{"embeddable":true,"href":"https:\/\/fmp-components.com\/fi\/wp-json\/wp\/v2\/media\/1127"}],"wp:attachment":[{"href":"https:\/\/fmp-components.com\/fi\/wp-json\/wp\/v2\/media?parent=1038"}],"wp:term":[{"taxonomy":"product_brand","embeddable":true,"href":"https:\/\/fmp-components.com\/fi\/wp-json\/wp\/v2\/product_brand?post=1038"},{"taxonomy":"product_cat","embeddable":true,"href":"https:\/\/fmp-components.com\/fi\/wp-json\/wp\/v2\/product_cat?post=1038"},{"taxonomy":"product_tag","embeddable":true,"href":"https:\/\/fmp-components.com\/fi\/wp-json\/wp\/v2\/product_tag?post=1038"}],"curies":[{"name":"wp","href":"https:\/\/api.w.org\/{rel}","templated":true}]}}