{"id":1036,"date":"2024-12-19T06:17:09","date_gmt":"2024-12-19T06:17:09","guid":{"rendered":"https:\/\/fmp-components.com\/product\/10028-cost-effective-hydraulic-piston-cylinder-tractor-hydraulic-cylinder\/"},"modified":"2024-12-26T08:50:50","modified_gmt":"2024-12-26T08:50:50","slug":"10028-cost-effective-hydraulic-piston-cylinder-tractor-hydraulic-cylinder","status":"publish","type":"product","link":"https:\/\/fmp-components.com\/fi\/product\/10028-cost-effective-hydraulic-piston-cylinder-tractor-hydraulic-cylinder\/","title":{"rendered":"10028 Kustannustehokas hydraulinen m\u00e4nt\u00e4sylinteri traktorin hydraulisylinteri"},"content":{"rendered":"<p>Mallinumerolla 10028 varustettu kustannustehokas hydraulinen m\u00e4nt\u00e4sylinterinen traktorin hydraulisylinteri on korkealaatuinen hydraulisylinteri, joka on suunniteltu erityisesti traktoreihin. T\u00e4m\u00e4 hydraulisylinteri tunnetaan kustannustehokkuudestaan \u200b\u200bja tehokkaasta suorituskyvyst\u00e4\u00e4n.<\/p>\n<p>Kustannustehokas hydraulinen m\u00e4nt\u00e4sylinteri traktorin hydraulisylinteri on rakennettu tarkkuutta ja kest\u00e4vyytt\u00e4 silm\u00e4ll\u00e4 pit\u00e4en. Se on valmistettu korkealaatuisista materiaaleista, mik\u00e4 varmistaa sen pitk\u00e4n k\u00e4ytt\u00f6i\u00e4n ja luotettavuuden my\u00f6s raskaassa k\u00e4yt\u00f6ss\u00e4. Hydraulinen m\u00e4nt\u00e4sylinteri tarjoaa tasaisen ja tasaisen liikkeen, mik\u00e4 mahdollistaa traktorin tehokkaan k\u00e4yt\u00f6n.<\/p>\n<p>T\u00e4m\u00e4 hydraulisylinteri on suunniteltu tuottamaan tehokasta hydraulista voimaa, joten se sopii erinomaisesti erilaisiin maataloussovelluksiin. Sit\u00e4 k\u00e4ytet\u00e4\u00e4n yleisesti teht\u00e4viss\u00e4, kuten raskaiden kuormien nostamisessa, lis\u00e4laitteiden k\u00e4yt\u00f6ss\u00e4 ja muissa hydraulisissa toiminnoissa traktoreissa. Erinomaisen suorituskykyns\u00e4 ansiosta kustannustehokas hydraulinen m\u00e4nt\u00e4sylinteritraktorin hydraulisylinteri parantaa traktoreiden kokonaistuottavuutta, mik\u00e4 tekee siit\u00e4 olennaisen komponentin maanviljelij\u00f6ille ja maatalousty\u00f6ntekij\u00f6ille.<\/p>\n<p><img loading=\"lazy\" decoding=\"async\" class=\"alignnone size-full wp-image-1073\" src=\"https:\/\/fmp-components.com\/wp-content\/uploads\/2024\/12\/Welded-Clevis-Type-Cylinder2.webp\" alt=\"Hitsattu Clevis-tyyppinen sylinteri\" width=\"800\" height=\"800\" title=\"\" srcset=\"https:\/\/fmp-components.com\/wp-content\/uploads\/2024\/12\/Welded-Clevis-Type-Cylinder2.webp 800w, https:\/\/fmp-components.com\/wp-content\/uploads\/2024\/12\/Welded-Clevis-Type-Cylinder2-480x480.webp 480w\" sizes=\"(min-width: 0px) and (max-width: 480px) 480px, (min-width: 481px) 800px, 100vw\" \/><\/p>\n<p>Erinomaisen suorituskyvyn lis\u00e4ksi t\u00e4m\u00e4 hydraulisylinteri on my\u00f6s helppo asentaa ja huoltaa. Se on suunniteltu k\u00e4tev\u00e4ksi, joten se on nopea ja vaivaton asentaa traktoreihin. Lis\u00e4ksi s\u00e4\u00e4nn\u00f6llinen huolto ja huolto ovat helppoja, mik\u00e4 varmistaa sujuvan toiminnan ja pident\u00e4\u00e4 hydraulisylinterin k\u00e4ytt\u00f6ik\u00e4\u00e4.<\/p>\n<p>Kaiken kaikkiaan kustannustehokas hydraulinen m\u00e4nt\u00e4sylinteri traktorin hydraulisylinteri on luotettava ja tehokas hydrauliikkakomponentti traktoreihin. Sen kustannustehokkuus, kest\u00e4vyys ja erinomainen suorituskyky tekev\u00e4t siit\u00e4 erinomaisen valinnan maatalousk\u00e4ytt\u00f6\u00f6n. T\u00e4m\u00e4n hydraulisylinterin avulla traktorinkuljettajat voivat odottaa parempaa tuottavuutta ja luotettavaa hydraulista suorituskyky\u00e4.<\/p>\n<h2>T\u00e4rkeimm\u00e4t ominaisuudet ja edut<\/h2>\n<ul>\n<li>Energiatehokas: Suunniteltu minimoimaan energiankulutus tinkim\u00e4tt\u00e4 suorituskyvyst\u00e4.<\/li>\n<li>Eritt\u00e4in tehokas: Toimii suurella tarkkuudella ja nopeudella, mik\u00e4 parantaa kokonaistuottavuutta.<\/li>\n<li>Turvallinen: Valmistettu kest\u00e4vist\u00e4 materiaaleista turvallisuuden varmistamiseksi k\u00e4yt\u00f6n aikana.<\/li>\n<\/ul>\n<p><img decoding=\"async\" src=\"https:\/\/hzpt.com\/wp-content\/uploads\/2023\/12\/insert-1.webp\" alt=\"\" title=\"\"><\/p>\n<h2>Tuotevalintaopas<\/h2>\n<p>Tarjoamme asiantuntevaa neuvontaa oikean hydrauli\u00f6ljyn ja tiivisteiden valinnassa, niiden vaihdon ajankohdassa ja hydraulisylinterin tehokkaassa mittaamisessa.<\/p>\n<h2>Hitsatun Clevis-tyyppisen sylinterin edut<\/h2>\n<p>Hitsatut haarukkatyyppiset sylinterit ovat suosittu valinta moniin teollisiin sovelluksiin ainutlaatuisten etujensa ja hy\u00f6tyjens\u00e4 ansiosta. T\u00e4ss\u00e4 on joitakin hitsattujen haarukkatyyppisten sylinterien t\u00e4rkeimmist\u00e4 eduista:<\/p>\n<h3>1. Lis\u00e4\u00e4ntynyt lujuus ja kest\u00e4vyys<\/h3>\n<p>Hitsatut haarukkatyyppiset sylinterit on valmistettu hitsatulla p\u00e4\u00e4tykorkilla, joka tarjoaa enemm\u00e4n lujuutta ja kest\u00e4vyytt\u00e4 verrattuna muuntyyppisiin sylintereihin. T\u00e4m\u00e4 tekee niist\u00e4 ihanteellisia raskaisiin sovelluksiin, jotka vaativat korkeaa lujuutta ja kest\u00e4vyytt\u00e4.<\/p>\n<p>Lis\u00e4ksi n\u00e4iden sylinterien hitsattu rakenne tarkoittaa, ett\u00e4 ne vuotavat tai rikkoutuvat ep\u00e4todenn\u00e4k\u00f6isemmin, mik\u00e4 voi auttaa v\u00e4hent\u00e4m\u00e4\u00e4n seisokkiaikoja ja yll\u00e4pitokustannuksia.<\/p>\n<h3>2. Kyky k\u00e4sitell\u00e4 korkeaa painetta<\/h3>\n<p>Hitsatut haarukkatyyppiset sylinterit pystyv\u00e4t k\u00e4sittelem\u00e4\u00e4n my\u00f6s korkeapainesovelluksia, mik\u00e4 tekee niist\u00e4 suositun valinnan esimerkiksi rakennus-, kaivos- sek\u00e4 \u00f6ljy- ja kaasuteollisuudessa. Niiden kyky k\u00e4sitell\u00e4 korkeaa painetta varmistaa luotettavan suorituskyvyn vaativissa ymp\u00e4rist\u00f6iss\u00e4.<\/p>\n<h3>3. Mukautettava muotoilu<\/h3>\n<p>Hitsattuja haarukkatyyppisi\u00e4 sylintereit\u00e4 voidaan suunnitella mittatilausty\u00f6n\u00e4 vastaamaan sovelluksen erityistarpeita. T\u00e4m\u00e4 tarkoittaa, ett\u00e4 ne voidaan r\u00e4\u00e4t\u00e4l\u00f6id\u00e4 tiettyyn kokoon, muotoon tai suorituskykyvaatimukseen. Mukautettava suunnittelu mahdollistaa my\u00f6s suuremman joustavuuden valmistusprosessissa, mik\u00e4 voi johtaa kustannuss\u00e4\u00e4st\u00f6ihin.<\/p>\n<h3>4. Helppo asennus<\/h3>\n<p>Hitsatut haarukkatyyppiset sylinterit on suunniteltu helppoon asennukseen, mik\u00e4 auttaa v\u00e4hent\u00e4m\u00e4\u00e4n asennusaikaa ja ty\u00f6voimakustannuksia. Ne ovat yleens\u00e4 esikoottuja ja k\u00e4ytt\u00f6valmiita suoraan pakkauksesta, mik\u00e4 minimoi lis\u00e4osien tai -komponenttien tarpeen.<\/p>\n<h3>5. Parannettu suorituskyky<\/h3>\n<p>Hitsattujen haarukkatyyppisten sylinterien rakenne mahdollistaa paremman suorituskyvyn verrattuna muuntyyppisiin sylintereihin. Ne pystyv\u00e4t tuottamaan enemm\u00e4n voimaa paineyksikk\u00f6\u00e4 kohden, mik\u00e4 voi auttaa parantamaan tehokkuutta ja tuottavuutta teollisissa sovelluksissa.<\/p>\n<p>Kaiken kaikkiaan hitsatut haarukkatyyppiset sylinterit tarjoavat useita etuja ja hy\u00f6tyj\u00e4, jotka tekev\u00e4t niist\u00e4 suositun valinnan moniin teollisiin sovelluksiin. Niiden lis\u00e4\u00e4ntynyt lujuus ja kest\u00e4vyys, kyky k\u00e4sitell\u00e4 korkeaa painetta, mukautettava suunnittelu, helppo asennus ja parannettu suorituskyky tekev\u00e4t niist\u00e4 ihanteellisen valinnan vaativiin ymp\u00e4rist\u00f6ihin, joissa luotettavuus ja suorituskyky ovat avainasemassa.<\/p>\n<p><img decoding=\"async\" src=\"https:\/\/hzpt.com\/wp-content\/uploads\/2023\/12\/insert-2.webp\" alt=\"\" title=\"\"><\/p>\n<h2>Hitsatun Clevis-tyyppisen sylinterin k\u00e4ytt\u00f6<\/h2>\n<ul>\n<li><strong>Teollisuuskoneet:<\/strong> Hitsattuja sakkelisylintereit\u00e4 k\u00e4ytet\u00e4\u00e4n laajalti erilaisissa teollisuuskoneissa raskaissa sovelluksissa. N\u00e4m\u00e4 sylinterit pystyv\u00e4t tuottamaan suuren voiman koneiden komponenttien nostamiseen ja puristamiseen. Hitsattu sakkelirakenne mahdollistaa helpon asennuksen ja tehokkaan k\u00e4yt\u00f6n, mik\u00e4 tekee siit\u00e4 suositun valinnan valmistajille.\n<ul>\n<li>Valmistavassa teollisuudessa hitsattuja haarukkatyyppisi\u00e4 sylintereit\u00e4 k\u00e4ytet\u00e4\u00e4n hydraulipuristimissa, ruiskuvalukoneissa ja metallinleimauslaitteissa tarvittavan voiman aikaansaamiseksi metallilevyjen muovaukseen ja muotoiluun.<\/li>\n<li>Autoteollisuudessa n\u00e4it\u00e4 sylintereit\u00e4 k\u00e4ytet\u00e4\u00e4n autonostureissa, nostimissa ja kokoonpanokoneissa raskaiden komponenttien nostamiseen valmistusprosessin aikana.<\/li>\n<li>Rakennusteollisuudessa hitsattuja haarukkatyyppisi\u00e4 sylintereit\u00e4 k\u00e4ytet\u00e4\u00e4n nostureissa, kaivinkoneissa ja puskutraktoreissa raskaita kuormia nostavien ja siirt\u00e4vien hydraulij\u00e4rjestelmien voimanl\u00e4hteen\u00e4.<\/li>\n<\/ul>\n<\/li>\n<li><strong>Maatalouskoneet:<\/strong> Maatalouskoneet ovat yksi t\u00e4rkeimmist\u00e4 k\u00e4ytt\u00f6alueista, joilla hitsattuja sakkelityyppisi\u00e4 sylintereit\u00e4 k\u00e4ytet\u00e4\u00e4n. N\u00e4it\u00e4 sylintereit\u00e4 k\u00e4ytet\u00e4\u00e4n erilaisissa maatalouskoneissa, kuten traktoreissa, puimureissa ja auroissa, tarjoamaan tarvittava voima maanmuokkaukseen, istutukseen ja sadonkorjuuseen.\n<ul>\n<li>Maataloudessa hitsattuja sakkelityyppisi\u00e4 sylintereit\u00e4 k\u00e4ytet\u00e4\u00e4n auroissa, kultivaattoreissa ja kylv\u00f6koneissa tarvittavan voiman aikaansaamiseksi maanmuokkaukseen ja siementen kylv\u00f6\u00f6n.<\/li>\n<li>Sadonkorjuuteollisuudessa n\u00e4it\u00e4 sylintereit\u00e4 k\u00e4ytet\u00e4\u00e4n puimureissa, paalaimissa ja ruohonleikkureissa satoa ker\u00e4\u00e4vien ja kuljettavien hydraulij\u00e4rjestelmien voimanl\u00e4hteen\u00e4.<\/li>\n<\/ul>\n<\/li>\n<li><strong>Ilmailu ja puolustus:<\/strong> Hitsattuja Clevis-tyyppisi\u00e4 sylintereit\u00e4 k\u00e4ytet\u00e4\u00e4n my\u00f6s ilmailu- ja puolustusteollisuudessa, jossa niit\u00e4 k\u00e4ytet\u00e4\u00e4n monenlaisissa sovelluksissa lentokoneissa, raketeissa, ohjuksissa ja puolustusj\u00e4rjestelmiss\u00e4.\n<ul>\n<li>Ilmailuteollisuudessa hitsattuja haarukkatyyppisi\u00e4 sylintereit\u00e4 k\u00e4ytet\u00e4\u00e4n lentokoneiden laskutelineiss\u00e4, l\u00e4ppiss\u00e4 ja jarruissa tarvittavan voiman aikaansaamiseksi nousussa ja laskeutumisessa.<\/li>\n<li>Puolustusteollisuudessa n\u00e4it\u00e4 sylintereit\u00e4 k\u00e4ytet\u00e4\u00e4n ohjuslaukaisimissa, tykkitorneissa ja panssarivaunuj\u00e4rjestelmiss\u00e4 aseiden ja ammusten liikett\u00e4 ohjaavien hydraulij\u00e4rjestelmien virransy\u00f6tt\u00f6\u00f6n.<\/li>\n<\/ul>\n<\/li>\n<li><strong>Meriteollisuus:<\/strong> Hitsattuja Clevis-tyyppisi\u00e4 sylintereit\u00e4 k\u00e4ytet\u00e4\u00e4n my\u00f6s laajalti meriteollisuudessa, jossa niit\u00e4 k\u00e4ytet\u00e4\u00e4n erilaisissa sovelluksissa laivoissa, veneiss\u00e4 ja vedenalaisissa ajoneuvoissa.\n<ul>\n<li>Merenkulkualalla hitsattuja haarukkatyyppisi\u00e4 sylintereit\u00e4 k\u00e4ytet\u00e4\u00e4n nostureissa, vinsseiss\u00e4 ja lastink\u00e4sittelylaitteissa tarvittavan voiman aikaansaamiseksi lastin lastaamiseen ja purkamiseen.<\/li>\n<li>Veneteollisuudessa n\u00e4it\u00e4 sylintereit\u00e4 k\u00e4ytet\u00e4\u00e4n ohjausj\u00e4rjestelmiss\u00e4, potkureissa ja ankkurij\u00e4rjestelmiss\u00e4 veneiden ja laivojen liikkeen ohjaamiseen tarvittavan voiman aikaansaamiseksi.<\/li>\n<li>Vedenalaisten ajoneuvojen teollisuudessa hitsattuja haarukkatyyppisi\u00e4 sylintereit\u00e4 k\u00e4ytet\u00e4\u00e4n sukellusveneiss\u00e4, kauko-ohjattavissa ajoneuvoissa (ROV) ja sukellusvarusteissa tarvittavan voiman aikaansaamiseksi vedenalaisiin operaatioihin.<\/li>\n<\/ul>\n<\/li>\n<li><strong>Kaivosteollisuus:<\/strong> Hitsattuja haarukkatyyppisi\u00e4 sylintereit\u00e4 k\u00e4ytet\u00e4\u00e4n my\u00f6s kaivosteollisuudessa, jossa niit\u00e4 k\u00e4ytet\u00e4\u00e4n erilaisissa sovelluksissa mineraalien louhintaan ja materiaalink\u00e4sittelyyn.\n<ul>\n<li>Kaivosteollisuudessa hitsattuja sakkelityyppisi\u00e4 sylintereit\u00e4 k\u00e4ytet\u00e4\u00e4n kuljetinj\u00e4rjestelmiss\u00e4, porakoneissa ja hydraulisissa kaivoksissa tarvittavan voiman aikaansaamiseksi mineraalien ja materiaalien louhintaan kaivoksista ja louhoksista.<\/li>\n<\/ul>\n<\/li>\n<\/ul>\n<h2>Tietoja FMP:st\u00e4<\/h2>\n<p>FMP:ll\u00e4 on johtava asema Italian mobiilikoneiden hydraulisylinterien markkinoilla. Tuotevalikoimaamme kuuluvat hydrauliset kallistussylinterit, hydrauliset ohjaussylinterit ja hydrauliset nostosylinterit. 200 000 kappaleen suunnittelukapasiteetillamme meill\u00e4 on 300 erilaista t\u00e4ysautomaattista CNC-tuotantolaitteistoa ja t\u00e4ysautomaattista hydraulisylinterien kokoonpanolaitteistoa.<\/p>\n<p>FMP on ylpe\u00e4 voidessaan tarjota korkealaatuisia tuotteita kilpailukykyiseen hintaan sek\u00e4 erinomaista asiakaspalvelua. P\u00e4\u00e4tuotelinjamme lis\u00e4ksi toimitamme hydraulisylintereit\u00e4 henkil\u00f6nostimiin, teollisuusajoneuvoihin, porauslautoihin, kuorma-autonostureihin, rakennuskoneisiin, trukkeihin, kaivoskuorma-autoihin ja saniteettikoneisiin. Tarjoamme asiakkaillemme my\u00f6s r\u00e4\u00e4t\u00e4l\u00f6intipalveluita.<\/p>\n<p><img decoding=\"async\" src=\"https:\/\/hzpt.com\/wp-content\/uploads\/2023\/12\/insert-5.webp\" alt=\"FMP-tehdas\" title=\"\"><\/p>\n<h2>Usein kysytyt kysymykset<\/h2>\n<ol>\n<li>K: Mik\u00e4 on n\u00e4iden hydraulisylintereiden kuormankantokyky?<br \/>\nA: Kantavuus vaihtelee mallista ja k\u00e4ytt\u00f6tarkoituksesta riippuen.<\/li>\n<li>K: Kuinka usein hydrauliikka\u00f6ljy pit\u00e4isi vaihtaa?<br \/>\nA: Se riippuu k\u00e4yt\u00f6st\u00e4, mutta yleens\u00e4 hydrauliikka\u00f6ljy tulisi vaihtaa 1\u20132 vuoden v\u00e4lein.<\/li>\n<li>K: Miten mittaan hydraulisylinterini?<br \/>\nA: Mittausten tulee sis\u00e4lt\u00e4\u00e4 sylinterin rei\u00e4n halkaisija, m\u00e4nn\u00e4nvarren halkaisija ja iskunpituus.<\/li>\n<li>K: Miten hydraulisylinteri toimii?<br \/>\nA: Hydraulisylinteri toimii paineistamalla hydraulinestett\u00e4, joka sitten py\u00f6ritt\u00e4\u00e4 m\u00e4nt\u00e4\u00e4 ja tuottaa voimaa ja liikett\u00e4.<\/li>\n<li>K: Voinko mukauttaa hydraulisylinteritilaustani?<br \/>\nV: Kyll\u00e4, FMP tarjoaa r\u00e4\u00e4t\u00e4l\u00f6intipalveluita asiakkaiden erityisvaatimusten t\u00e4ytt\u00e4miseksi.<\/li>\n<\/ol>\n<p>Tekij\u00e4: CX<\/p>","protected":false},"excerpt":{"rendered":"<p>The product with the model number 10028, the Cost Effective Hydraulic Piston Cylinder Tractor Hydraulic Cylinder, is a high-quality hydraulic cylinder designed specifically for tractors. This hydraulic cylinder is known for its cost-effectiveness and efficient performance. The Cost Effective Hydraulic Piston Cylinder Tractor Hydraulic Cylinder is built with precision and durability in mind. It is [&hellip;]<\/p>","protected":false},"featured_media":1127,"comment_status":"closed","ping_status":"closed","template":"","meta":{"_et_pb_use_builder":"","_et_pb_old_content":"","_et_gb_content_width":""},"product_brand":[],"product_cat":[36],"product_tag":[34,38],"class_list":{"0":"post-1036","1":"product","2":"type-product","3":"status-publish","4":"has-post-thumbnail","6":"product_cat-welded-clevis-type-cylinder","7":"product_tag-hydraulic-cylinder","8":"product_tag-welded-clevis-type-cylinder","10":"first","11":"instock","12":"product-type-simple"},"_links":{"self":[{"href":"https:\/\/fmp-components.com\/fi\/wp-json\/wp\/v2\/product\/1036","targetHints":{"allow":["GET"]}}],"collection":[{"href":"https:\/\/fmp-components.com\/fi\/wp-json\/wp\/v2\/product"}],"about":[{"href":"https:\/\/fmp-components.com\/fi\/wp-json\/wp\/v2\/types\/product"}],"replies":[{"embeddable":true,"href":"https:\/\/fmp-components.com\/fi\/wp-json\/wp\/v2\/comments?post=1036"}],"wp:featuredmedia":[{"embeddable":true,"href":"https:\/\/fmp-components.com\/fi\/wp-json\/wp\/v2\/media\/1127"}],"wp:attachment":[{"href":"https:\/\/fmp-components.com\/fi\/wp-json\/wp\/v2\/media?parent=1036"}],"wp:term":[{"taxonomy":"product_brand","embeddable":true,"href":"https:\/\/fmp-components.com\/fi\/wp-json\/wp\/v2\/product_brand?post=1036"},{"taxonomy":"product_cat","embeddable":true,"href":"https:\/\/fmp-components.com\/fi\/wp-json\/wp\/v2\/product_cat?post=1036"},{"taxonomy":"product_tag","embeddable":true,"href":"https:\/\/fmp-components.com\/fi\/wp-json\/wp\/v2\/product_tag?post=1036"}],"curies":[{"name":"wp","href":"https:\/\/api.w.org\/{rel}","templated":true}]}}