{"id":1035,"date":"2024-12-19T06:17:09","date_gmt":"2024-12-19T06:17:09","guid":{"rendered":"https:\/\/fmp-components.com\/product\/10027-good-quality-double-acting-cylinder-hydraulic-piston-cylinder-for-sale\/"},"modified":"2024-12-26T08:51:25","modified_gmt":"2024-12-26T08:51:25","slug":"10027-good-quality-double-acting-cylinder-hydraulic-piston-cylinder-for-sale","status":"publish","type":"product","link":"https:\/\/fmp-components.com\/fi\/product\/10027-good-quality-double-acting-cylinder-hydraulic-piston-cylinder-for-sale\/","title":{"rendered":"10027 Hyv\u00e4laatuinen kaksitoiminen sylinterin hydraulinen m\u00e4nt\u00e4sylinteri myyt\u00e4v\u00e4n\u00e4"},"content":{"rendered":"<p>Tuote 10027 on myynniss\u00e4 oleva korkealaatuinen kaksitoiminen hydraulinen m\u00e4nt\u00e4sylinteri. T\u00e4m\u00e4 sylinteri on suunniteltu tarjoamaan luotettavaa ja tehokasta suorituskyky\u00e4 erilaisissa sovelluksissa. Kaksitoimisen rakenteensa ansiosta se voi tuottaa voimaa sek\u00e4 ulos- ett\u00e4 sis\u00e4\u00e4nvetosuuntaan, mik\u00e4 tekee siit\u00e4 eritt\u00e4in monipuolisen.<\/p>\n<p>Laadukas kaksitoiminen hydraulinen m\u00e4nt\u00e4sylinteri tunnetaan kest\u00e4vyydest\u00e4\u00e4n ja vankasta rakenteestaan. Se on valmistettu korkealaatuisista materiaaleista, jotka takaavat sen pitk\u00e4n k\u00e4ytt\u00f6i\u00e4n ja kyvyn kest\u00e4\u00e4 raskasta k\u00e4ytt\u00f6\u00e4. T\u00e4m\u00e4 sylinteri on suunniteltu toimimaan sujuvasti ja tehokkaasti, ja se tarjoaa tasaisen suorituskyvyn my\u00f6s vaativissa olosuhteissa.<\/p>\n<p>Yksi t\u00e4m\u00e4n sylinterin t\u00e4rkeimmist\u00e4 ominaisuuksista on sen erinomainen tiivistyskyky. Se on varustettu luotettavilla tiivisteill\u00e4, jotka est\u00e4v\u00e4t vuodot ja yll\u00e4pit\u00e4v\u00e4t hydraulij\u00e4rjestelm\u00e4n eheytt\u00e4. T\u00e4m\u00e4 varmistaa, ett\u00e4 sylinteri toimii tasaisesti ja tehokkaasti ilman paineh\u00e4vi\u00f6it\u00e4.<\/p>\n<p>Lis\u00e4ksi Good Quality Double Acting Cylinder Hydraulic M\u00e4nt\u00e4sylinteri tarjoaa laajan valikoiman vaihtoehtoja sylinterin halkaisijan, iskunpituuden ja kiinnitystapojen suhteen. T\u00e4m\u00e4 monipuolisuus mahdollistaa helpon integroinnin erilaisiin hydraulij\u00e4rjestelmiin, joten se sopii monenlaisiin k\u00e4ytt\u00f6tarkoituksiin.<\/p>\n<p>Korkealaatuisen rakenteensa ja monipuolisen suunnittelunsa lis\u00e4ksi t\u00e4m\u00e4 hydraulinen m\u00e4nt\u00e4sylinteri on hinnoiteltu kilpailukykyisesti, mik\u00e4 tekee siit\u00e4 erinomaisen valinnan asiakkaille, jotka etsiv\u00e4t sek\u00e4 laatua ett\u00e4 edullisuutta.<\/p>\n<p>Kaiken kaikkiaan tuote 10027 Hyv\u00e4laatuinen kaksitoiminen sylinteri Hydraulinen m\u00e4nt\u00e4sylinteri Myyt\u00e4v\u00e4n\u00e4 on luotettava ja tehokas hydraulisylinteri, joka tarjoaa erinomaisen suorituskyvyn erilaisissa sovelluksissa. Sen kest\u00e4v\u00e4 rakenne, luotettava tiivistys ja monipuolinen muotoilu tekev\u00e4t siit\u00e4 erinomaisen valinnan niille, jotka tarvitsevat korkealaatuista hydrauliikkaratkaisua.<\/p>\n<p><img decoding=\"async\" src=\"https:\/\/hzpt.com\/wp-content\/uploads\/2023\/12\/insert-4.webp?v=1694163707\" alt=\"\" title=\"\"><\/p>\n<h2>Usein kysytyt kysymykset<\/h2>\n<h3>K1: Mik\u00e4 on hydraulinen m\u00e4nt\u00e4sylinteri?<\/h3>\n<p>A1: Hydraulinen m\u00e4nt\u00e4sylinteri on mekaaninen laite, joka k\u00e4ytt\u00e4\u00e4 hydraulinesteen voimaa lineaarisen liikkeen ja voiman tuottamiseen.<\/p>\n<h3>K2: Miten hydraulinen m\u00e4nt\u00e4sylinteri toimii?<\/h3>\n<p>A2: Se toimii periaatteella, jossa nesteen paine muuttuu voimaksi ja liikkeeksi.<\/p>\n<h3>K3: Miss\u00e4 hydraulisylintereit\u00e4 k\u00e4ytet\u00e4\u00e4n?<\/h3>\n<p>A3: Niit\u00e4 k\u00e4ytet\u00e4\u00e4n useilla eri teollisuudenaloilla, kuten rakentamisessa, valmistuksessa ja autoteollisuudessa.<\/p>\n<h3>K4: Miksi valita FMP:n hydrauliset m\u00e4nt\u00e4sylinterit?<\/h3>\n<p>A4: FMP tarjoaa korkealaatuisia, tehokkaita ja turvallisia hydraulisylintereit\u00e4 kilpailukykyiseen hintaan.<\/p>\n<h3>K5: Voinko mukauttaa hydraulista m\u00e4nt\u00e4sylinteri\u00e4ni?<\/h3>\n<p>A5: Kyll\u00e4, FMP antaa asiakkaille mahdollisuuden mukauttaa hydraulisylintereit\u00e4 tarpeidensa mukaan.<\/p>\n<h2>Hitsatun Clevis-tyyppisen sylinterin edut<\/h2>\n<p>Hitsatut haarukkatyyppiset sylinterit ovat suosittu valinta moniin teollisiin sovelluksiin ainutlaatuisten etujensa ja hy\u00f6tyjens\u00e4 ansiosta. T\u00e4ss\u00e4 on joitakin hitsattujen haarukkatyyppisten sylinterien t\u00e4rkeimmist\u00e4 eduista:<\/p>\n<h3>1. Lis\u00e4\u00e4ntynyt lujuus ja kest\u00e4vyys<\/h3>\n<p>Hitsatut haarukkatyyppiset sylinterit on valmistettu hitsatulla p\u00e4\u00e4tykorkilla, joka tarjoaa enemm\u00e4n lujuutta ja kest\u00e4vyytt\u00e4 verrattuna muuntyyppisiin sylintereihin. T\u00e4m\u00e4 tekee niist\u00e4 ihanteellisia raskaisiin sovelluksiin, jotka vaativat korkeaa lujuutta ja kest\u00e4vyytt\u00e4.<\/p>\n<p>Lis\u00e4ksi n\u00e4iden sylinterien hitsattu rakenne tarkoittaa, ett\u00e4 ne vuotavat tai rikkoutuvat ep\u00e4todenn\u00e4k\u00f6isemmin, mik\u00e4 voi auttaa v\u00e4hent\u00e4m\u00e4\u00e4n seisokkiaikoja ja yll\u00e4pitokustannuksia.<\/p>\n<h3>2. Kyky k\u00e4sitell\u00e4 korkeaa painetta<\/h3>\n<p>Hitsatut haarukkatyyppiset sylinterit pystyv\u00e4t k\u00e4sittelem\u00e4\u00e4n my\u00f6s korkeapainesovelluksia, mik\u00e4 tekee niist\u00e4 suositun valinnan esimerkiksi rakennus-, kaivos- sek\u00e4 \u00f6ljy- ja kaasuteollisuudessa. Niiden kyky k\u00e4sitell\u00e4 korkeaa painetta varmistaa luotettavan suorituskyvyn vaativissa ymp\u00e4rist\u00f6iss\u00e4.<\/p>\n<h3>3. Mukautettava muotoilu<\/h3>\n<p>Hitsattuja haarukkatyyppisi\u00e4 sylintereit\u00e4 voidaan suunnitella mittatilausty\u00f6n\u00e4 vastaamaan sovelluksen erityistarpeita. T\u00e4m\u00e4 tarkoittaa, ett\u00e4 ne voidaan r\u00e4\u00e4t\u00e4l\u00f6id\u00e4 tiettyyn kokoon, muotoon tai suorituskykyvaatimukseen. Mukautettava suunnittelu mahdollistaa my\u00f6s suuremman joustavuuden valmistusprosessissa, mik\u00e4 voi johtaa kustannuss\u00e4\u00e4st\u00f6ihin.<\/p>\n<h3>4. Helppo asennus<\/h3>\n<p>Hitsatut haarukkatyyppiset sylinterit on suunniteltu helppoon asennukseen, mik\u00e4 auttaa v\u00e4hent\u00e4m\u00e4\u00e4n asennusaikaa ja ty\u00f6voimakustannuksia. Ne ovat yleens\u00e4 esikoottuja ja k\u00e4ytt\u00f6valmiita suoraan pakkauksesta, mik\u00e4 minimoi lis\u00e4osien tai -komponenttien tarpeen.<\/p>\n<h3>5. Parannettu suorituskyky<\/h3>\n<p>Hitsattujen haarukkatyyppisten sylinterien rakenne mahdollistaa paremman suorituskyvyn verrattuna muuntyyppisiin sylintereihin. Ne pystyv\u00e4t tuottamaan enemm\u00e4n voimaa paineyksikk\u00f6\u00e4 kohden, mik\u00e4 voi auttaa parantamaan tehokkuutta ja tuottavuutta teollisissa sovelluksissa.<\/p>\n<p>Kaiken kaikkiaan hitsatut haarukkatyyppiset sylinterit tarjoavat useita etuja ja hy\u00f6tyj\u00e4, jotka tekev\u00e4t niist\u00e4 suositun valinnan moniin teollisiin sovelluksiin. Niiden lis\u00e4\u00e4ntynyt lujuus ja kest\u00e4vyys, kyky k\u00e4sitell\u00e4 korkeaa painetta, mukautettava suunnittelu, helppo asennus ja parannettu suorituskyky tekev\u00e4t niist\u00e4 ihanteellisen valinnan vaativiin ymp\u00e4rist\u00f6ihin, joissa luotettavuus ja suorituskyky ovat avainasemassa.<\/p>\n<p><img decoding=\"async\" src=\"https:\/\/hzpt.com\/wp-content\/uploads\/2023\/12\/insert-2.webp\" alt=\"\" title=\"\"><\/p>\n<h2>Hitsatun Clevis-tyyppisen sylinterin k\u00e4ytt\u00f6<\/h2>\n<ul>\n<li><strong>Teollisuuskoneet:<\/strong> Hitsattuja sakkelisylintereit\u00e4 k\u00e4ytet\u00e4\u00e4n laajalti erilaisissa teollisuuskoneissa raskaissa sovelluksissa. N\u00e4m\u00e4 sylinterit pystyv\u00e4t tuottamaan suuren voiman koneiden komponenttien nostamiseen ja puristamiseen. Hitsattu sakkelirakenne mahdollistaa helpon asennuksen ja tehokkaan k\u00e4yt\u00f6n, mik\u00e4 tekee siit\u00e4 suositun valinnan valmistajille.\n<ul>\n<li>Valmistavassa teollisuudessa hitsattuja haarukkatyyppisi\u00e4 sylintereit\u00e4 k\u00e4ytet\u00e4\u00e4n hydraulipuristimissa, ruiskuvalukoneissa ja metallinleimauslaitteissa tarvittavan voiman aikaansaamiseksi metallilevyjen muovaukseen ja muotoiluun.<\/li>\n<li>Autoteollisuudessa n\u00e4it\u00e4 sylintereit\u00e4 k\u00e4ytet\u00e4\u00e4n autonostureissa, nostimissa ja kokoonpanokoneissa raskaiden komponenttien nostamiseen valmistusprosessin aikana.<\/li>\n<li>Rakennusteollisuudessa hitsattuja haarukkatyyppisi\u00e4 sylintereit\u00e4 k\u00e4ytet\u00e4\u00e4n nostureissa, kaivinkoneissa ja puskutraktoreissa raskaita kuormia nostavien ja siirt\u00e4vien hydraulij\u00e4rjestelmien voimanl\u00e4hteen\u00e4.<\/li>\n<\/ul>\n<\/li>\n<li><strong>Maatalouskoneet:<\/strong> Maatalouskoneet ovat yksi t\u00e4rkeimmist\u00e4 k\u00e4ytt\u00f6alueista, joilla hitsattuja sakkelityyppisi\u00e4 sylintereit\u00e4 k\u00e4ytet\u00e4\u00e4n. N\u00e4it\u00e4 sylintereit\u00e4 k\u00e4ytet\u00e4\u00e4n erilaisissa maatalouskoneissa, kuten traktoreissa, puimureissa ja auroissa, tarjoamaan tarvittava voima maanmuokkaukseen, istutukseen ja sadonkorjuuseen.\n<ul>\n<li>Maataloudessa hitsattuja sakkelityyppisi\u00e4 sylintereit\u00e4 k\u00e4ytet\u00e4\u00e4n auroissa, kultivaattoreissa ja kylv\u00f6koneissa tarvittavan voiman aikaansaamiseksi maanmuokkaukseen ja siementen kylv\u00f6\u00f6n.<\/li>\n<li>Sadonkorjuuteollisuudessa n\u00e4it\u00e4 sylintereit\u00e4 k\u00e4ytet\u00e4\u00e4n puimureissa, paalaimissa ja ruohonleikkureissa satoa ker\u00e4\u00e4vien ja kuljettavien hydraulij\u00e4rjestelmien voimanl\u00e4hteen\u00e4.<\/li>\n<\/ul>\n<\/li>\n<li><strong>Ilmailu ja puolustus:<\/strong> Hitsattuja Clevis-tyyppisi\u00e4 sylintereit\u00e4 k\u00e4ytet\u00e4\u00e4n my\u00f6s ilmailu- ja puolustusteollisuudessa, jossa niit\u00e4 k\u00e4ytet\u00e4\u00e4n monenlaisissa sovelluksissa lentokoneissa, raketeissa, ohjuksissa ja puolustusj\u00e4rjestelmiss\u00e4.\n<ul>\n<li>Ilmailuteollisuudessa hitsattuja haarukkatyyppisi\u00e4 sylintereit\u00e4 k\u00e4ytet\u00e4\u00e4n lentokoneiden laskutelineiss\u00e4, l\u00e4ppiss\u00e4 ja jarruissa tarvittavan voiman aikaansaamiseksi nousussa ja laskeutumisessa.<\/li>\n<li>Puolustusteollisuudessa n\u00e4it\u00e4 sylintereit\u00e4 k\u00e4ytet\u00e4\u00e4n ohjuslaukaisimissa, tykkitorneissa ja panssarivaunuj\u00e4rjestelmiss\u00e4 aseiden ja ammusten liikett\u00e4 ohjaavien hydraulij\u00e4rjestelmien virransy\u00f6tt\u00f6\u00f6n.<\/li>\n<\/ul>\n<\/li>\n<li><strong>Meriteollisuus:<\/strong> Hitsattuja Clevis-tyyppisi\u00e4 sylintereit\u00e4 k\u00e4ytet\u00e4\u00e4n my\u00f6s laajalti meriteollisuudessa, jossa niit\u00e4 k\u00e4ytet\u00e4\u00e4n erilaisissa sovelluksissa laivoissa, veneiss\u00e4 ja vedenalaisissa ajoneuvoissa.\n<ul>\n<li>Merenkulkualalla hitsattuja haarukkatyyppisi\u00e4 sylintereit\u00e4 k\u00e4ytet\u00e4\u00e4n nostureissa, vinsseiss\u00e4 ja lastink\u00e4sittelylaitteissa tarvittavan voiman aikaansaamiseksi lastin lastaamiseen ja purkamiseen.<\/li>\n<li>Veneteollisuudessa n\u00e4it\u00e4 sylintereit\u00e4 k\u00e4ytet\u00e4\u00e4n ohjausj\u00e4rjestelmiss\u00e4, potkureissa ja ankkurij\u00e4rjestelmiss\u00e4 veneiden ja laivojen liikkeen ohjaamiseen tarvittavan voiman aikaansaamiseksi.<\/li>\n<li>Vedenalaisten ajoneuvojen teollisuudessa hitsattuja haarukkatyyppisi\u00e4 sylintereit\u00e4 k\u00e4ytet\u00e4\u00e4n sukellusveneiss\u00e4, kauko-ohjattavissa ajoneuvoissa (ROV) ja sukellusvarusteissa tarvittavan voiman aikaansaamiseksi vedenalaisiin operaatioihin.<\/li>\n<\/ul>\n<\/li>\n<li><strong>Kaivosteollisuus:<\/strong> Hitsattuja haarukkatyyppisi\u00e4 sylintereit\u00e4 k\u00e4ytet\u00e4\u00e4n my\u00f6s kaivosteollisuudessa, jossa niit\u00e4 k\u00e4ytet\u00e4\u00e4n erilaisissa sovelluksissa mineraalien louhintaan ja materiaalink\u00e4sittelyyn.\n<ul>\n<li>Kaivosteollisuudessa hitsattuja sakkelityyppisi\u00e4 sylintereit\u00e4 k\u00e4ytet\u00e4\u00e4n kuljetinj\u00e4rjestelmiss\u00e4, porakoneissa ja hydraulisissa kaivoksissa tarvittavan voiman aikaansaamiseksi mineraalien ja materiaalien louhintaan kaivoksista ja louhoksista.<\/li>\n<\/ul>\n<\/li>\n<\/ul>\n<h2>FMP: Alan johtava<\/h2>\n<p>FMP on Italian hydraulisylintereiden markkinajohtaja. Tarjoamme muun muassa hydraulisia kallistussylintereit\u00e4, hydraulisia ohjaussylintereit\u00e4 ja hydraulisia nostosylintereit\u00e4. Suunnittelukapasiteettimme on 200 000 sarjaa, joista 300 on erilaisia \u200b\u200bautomaattisia CNC-tuotantolaitteita ja automaattisia hydraulisylintereiden kokoonpanolaitteita.<\/p>\n<p>Toimitamme my\u00f6s korkean korkeuden ty\u00f6lavojen sylintereit\u00e4, teollisuusajoneuvojen hydraulisylintereit\u00e4, py\u00f6rivien porauslauttojen sylintereit\u00e4, autonostureiden sylintereit\u00e4, rakennuskoneiden hydraulisylintereit\u00e4, <b>Trukin hydraulisylinterit<\/b>, kaivosautojen sylinterit ja sanitaatiokoneiden hydraulisylinterit. Toivotamme asiakkaat tervetulleiksi r\u00e4\u00e4t\u00e4l\u00f6im\u00e4\u00e4n malleja.<\/p>\n<p>Luota FMP:hen huippulaatuisten tuotteiden, kilpailukykyisten hintojen ja erinomaisen palvelun suhteen.<\/p>\n<p><img decoding=\"async\" src=\"https:\/\/hzpt.com\/wp-content\/uploads\/2023\/12\/insert-5.webp\" alt=\"FMP-tehdas\" title=\"\"><\/p>\n<p>Tekij\u00e4: CX<\/p>","protected":false},"excerpt":{"rendered":"<p>Product 10027 is a high-quality double-acting hydraulic piston cylinder that is available for sale. This cylinder is designed to provide reliable and efficient performance in various applications. With its double-acting design, it can generate force in both the extending and retracting directions, making it highly versatile. The Good Quality Double Acting Cylinder Hydraulic Piston Cylinder [&hellip;]<\/p>","protected":false},"featured_media":1127,"comment_status":"closed","ping_status":"closed","template":"","meta":{"_et_pb_use_builder":"","_et_pb_old_content":"","_et_gb_content_width":""},"product_brand":[],"product_cat":[36],"product_tag":[34,38],"class_list":{"0":"post-1035","1":"product","2":"type-product","3":"status-publish","4":"has-post-thumbnail","6":"product_cat-welded-clevis-type-cylinder","7":"product_tag-hydraulic-cylinder","8":"product_tag-welded-clevis-type-cylinder","10":"first","11":"instock","12":"product-type-simple"},"_links":{"self":[{"href":"https:\/\/fmp-components.com\/fi\/wp-json\/wp\/v2\/product\/1035","targetHints":{"allow":["GET"]}}],"collection":[{"href":"https:\/\/fmp-components.com\/fi\/wp-json\/wp\/v2\/product"}],"about":[{"href":"https:\/\/fmp-components.com\/fi\/wp-json\/wp\/v2\/types\/product"}],"replies":[{"embeddable":true,"href":"https:\/\/fmp-components.com\/fi\/wp-json\/wp\/v2\/comments?post=1035"}],"wp:featuredmedia":[{"embeddable":true,"href":"https:\/\/fmp-components.com\/fi\/wp-json\/wp\/v2\/media\/1127"}],"wp:attachment":[{"href":"https:\/\/fmp-components.com\/fi\/wp-json\/wp\/v2\/media?parent=1035"}],"wp:term":[{"taxonomy":"product_brand","embeddable":true,"href":"https:\/\/fmp-components.com\/fi\/wp-json\/wp\/v2\/product_brand?post=1035"},{"taxonomy":"product_cat","embeddable":true,"href":"https:\/\/fmp-components.com\/fi\/wp-json\/wp\/v2\/product_cat?post=1035"},{"taxonomy":"product_tag","embeddable":true,"href":"https:\/\/fmp-components.com\/fi\/wp-json\/wp\/v2\/product_tag?post=1035"}],"curies":[{"name":"wp","href":"https:\/\/api.w.org\/{rel}","templated":true}]}}