{"id":1034,"date":"2024-12-19T06:17:09","date_gmt":"2024-12-19T06:17:09","guid":{"rendered":"https:\/\/fmp-components.com\/product\/10026-hot-selling-agricultural-hydraulic-double-acting-cylinder-for-tractor\/"},"modified":"2024-12-26T08:51:35","modified_gmt":"2024-12-26T08:51:35","slug":"10026-hot-selling-agricultural-hydraulic-double-acting-cylinder-for-tractor","status":"publish","type":"product","link":"https:\/\/fmp-components.com\/fi\/product\/10026-hot-selling-agricultural-hydraulic-double-acting-cylinder-for-tractor\/","title":{"rendered":"10026 Kuuma myynti maatalouden hydraulinen kaksitoiminen sylinteri traktoriin"},"content":{"rendered":"<h2>Tuote 10026 Myydyin maatalouden hydraulinen kaksitoiminen sylinteri traktoriin:<\/h2>\n<p>10026-niminen eritt\u00e4in suosittu maatalouden hydraulinen kaksitoiminen sylinteri on korkealaatuinen ja tehokas hydrauliikkakomponentti, joka on suunniteltu erityisesti traktoreihin. T\u00e4m\u00e4 sylinteri on rakennettu tarkkuutta ja kest\u00e4vyytt\u00e4 silm\u00e4ll\u00e4 pit\u00e4en, joten se on erinomainen valinta maatalousk\u00e4ytt\u00f6\u00f6n.<\/p>\n<p>T\u00e4rkeimm\u00e4t ominaisuudet:<br \/>\n1. Kaksitoiminen rakenne: Sylinteri on suunniteltu tuottamaan sek\u00e4 ty\u00f6nt\u00f6- ett\u00e4 vetovoimia, mik\u00e4 mahdollistaa monipuolisemman ja tehokkaamman toiminnan.<br \/>\n2. Hydraulinen voima: Hydraulinesteen avulla t\u00e4m\u00e4 sylinteri voi tuottaa merkitt\u00e4v\u00e4\u00e4 voimaa, mik\u00e4 tekee siit\u00e4 sopivan raskaisiin teht\u00e4viin.<br \/>\n3. Kest\u00e4v\u00e4 rakenne: Sylinteri on rakennettu kest\u00e4m\u00e4\u00e4n ankaria maatalousymp\u00e4rist\u00f6j\u00e4, mik\u00e4 varmistaa luotettavan suorituskyvyn my\u00f6s haastavissa olosuhteissa.<br \/>\n4. Helppo asennus: T\u00e4m\u00e4 sylinteri on suunniteltu k\u00e4tev\u00e4sti asennettavaksi, ja se voidaan integroida nopeasti traktorij\u00e4rjestelmiin ilman laajoja muutoksia.<br \/>\n5. Parannettu tehokkuus: Tarjoamalla tehokkaan ja tarkan hydraulisen voiman t\u00e4m\u00e4 sylinteri parantaa traktorin toiminnan kokonaistehokkuutta, s\u00e4\u00e4st\u00e4en aikaa ja vaivaa.<\/p>\n<p>Sovellukset:<br \/>\n10026-mallin suosittu maatalouden hydraulinen kaksitoiminen sylinteri sopii erinomaisesti erilaisiin maatalousteht\u00e4viin, mukaan lukien:<br \/>\n1. Ty\u00f6laitteen k\u00e4ytt\u00f6: Sit\u00e4 voidaan k\u00e4ytt\u00e4\u00e4 lis\u00e4laitteiden, kuten aurojen, \u00e4keiden ja jyrsien, k\u00e4ytt\u00f6\u00f6n, mik\u00e4 tarjoaa tarvittavan voiman tehokkaaseen maanmuokkaukseen.<br \/>\n2. Nosto ja lasku: T\u00e4t\u00e4 sylinteri\u00e4 voidaan k\u00e4ytt\u00e4\u00e4 raskaiden kuormien nostamiseen ja laskemiseen, mik\u00e4 helpottaa teht\u00e4vi\u00e4, kuten materiaalien lastaamista ja purkamista.<br \/>\n3. Ohjausapu: Traktorin ohjausj\u00e4rjestelm\u00e4\u00e4n integroitumalla t\u00e4m\u00e4 sylinteri voi parantaa ohjauksen hallintaa, mik\u00e4 helpottaa ohjaamista ahtaissa tiloissa.<br \/>\n4. Muut maataloussovellukset: Sit\u00e4 voidaan k\u00e4ytt\u00e4\u00e4 my\u00f6s esimerkiksi kylv\u00f6ss\u00e4, kasvin ruiskutuksessa ja hein\u00e4n paalauksessa, joissa tarvitaan hydraulista voimaa.<\/p>\n<p>Yhteenvetona voidaan todeta, ett\u00e4 10026-niminen eritt\u00e4in suosittu maatalouden hydraulinen kaksitoiminen sylinteri on luotettava ja tehokas hydrauliikkakomponentti, joka parantaa traktoreiden suorituskyky\u00e4 erilaisissa maatalousteht\u00e4viss\u00e4. Kest\u00e4v\u00e4n rakenteensa ja monipuolisen suunnittelunsa ansiosta se tarjoaa tarvittavan voiman ja tarkkuuden monenlaisiin maatalousteollisuuden sovelluksiin.<\/p>\n<p><img decoding=\"async\" src=\"https:\/\/hzpt.com\/wp-content\/uploads\/2023\/12\/insert-4.webp?v=1694163707\" alt=\"\" title=\"\"><\/p>\n<h2>Hitsatun Clevis-tyyppisen sylinterin edut<\/h2>\n<p>Hitsatut haarukkatyyppiset sylinterit ovat suosittu valinta moniin teollisiin sovelluksiin ainutlaatuisten etujensa ja hy\u00f6tyjens\u00e4 ansiosta. T\u00e4ss\u00e4 on joitakin hitsattujen haarukkatyyppisten sylinterien t\u00e4rkeimmist\u00e4 eduista:<\/p>\n<h3>1. Lis\u00e4\u00e4ntynyt lujuus ja kest\u00e4vyys<\/h3>\n<p>Hitsatut haarukkatyyppiset sylinterit on valmistettu hitsatulla p\u00e4\u00e4tykorkilla, joka tarjoaa enemm\u00e4n lujuutta ja kest\u00e4vyytt\u00e4 verrattuna muuntyyppisiin sylintereihin. T\u00e4m\u00e4 tekee niist\u00e4 ihanteellisia raskaisiin sovelluksiin, jotka vaativat korkeaa lujuutta ja kest\u00e4vyytt\u00e4.<\/p>\n<p>Lis\u00e4ksi n\u00e4iden sylinterien hitsattu rakenne tarkoittaa, ett\u00e4 ne vuotavat tai rikkoutuvat ep\u00e4todenn\u00e4k\u00f6isemmin, mik\u00e4 voi auttaa v\u00e4hent\u00e4m\u00e4\u00e4n seisokkiaikoja ja yll\u00e4pitokustannuksia.<\/p>\n<h3>2. Kyky k\u00e4sitell\u00e4 korkeaa painetta<\/h3>\n<p>Hitsatut haarukkatyyppiset sylinterit pystyv\u00e4t k\u00e4sittelem\u00e4\u00e4n my\u00f6s korkeapainesovelluksia, mik\u00e4 tekee niist\u00e4 suositun valinnan esimerkiksi rakennus-, kaivos- sek\u00e4 \u00f6ljy- ja kaasuteollisuudessa. Niiden kyky k\u00e4sitell\u00e4 korkeaa painetta varmistaa luotettavan suorituskyvyn vaativissa ymp\u00e4rist\u00f6iss\u00e4.<\/p>\n<h3>3. Mukautettava muotoilu<\/h3>\n<p>Hitsattuja haarukkatyyppisi\u00e4 sylintereit\u00e4 voidaan suunnitella mittatilausty\u00f6n\u00e4 vastaamaan sovelluksen erityistarpeita. T\u00e4m\u00e4 tarkoittaa, ett\u00e4 ne voidaan r\u00e4\u00e4t\u00e4l\u00f6id\u00e4 tiettyyn kokoon, muotoon tai suorituskykyvaatimukseen. Mukautettava suunnittelu mahdollistaa my\u00f6s suuremman joustavuuden valmistusprosessissa, mik\u00e4 voi johtaa kustannuss\u00e4\u00e4st\u00f6ihin.<\/p>\n<h3>4. Helppo asennus<\/h3>\n<p>Hitsatut haarukkatyyppiset sylinterit on suunniteltu helppoon asennukseen, mik\u00e4 auttaa v\u00e4hent\u00e4m\u00e4\u00e4n asennusaikaa ja ty\u00f6voimakustannuksia. Ne ovat yleens\u00e4 esikoottuja ja k\u00e4ytt\u00f6valmiita suoraan pakkauksesta, mik\u00e4 minimoi lis\u00e4osien tai -komponenttien tarpeen.<\/p>\n<h3>5. Parannettu suorituskyky<\/h3>\n<p>Hitsattujen haarukkatyyppisten sylinterien rakenne mahdollistaa paremman suorituskyvyn verrattuna muuntyyppisiin sylintereihin. Ne pystyv\u00e4t tuottamaan enemm\u00e4n voimaa paineyksikk\u00f6\u00e4 kohden, mik\u00e4 voi auttaa parantamaan tehokkuutta ja tuottavuutta teollisissa sovelluksissa.<\/p>\n<p>Kaiken kaikkiaan hitsatut haarukkatyyppiset sylinterit tarjoavat useita etuja ja hy\u00f6tyj\u00e4, jotka tekev\u00e4t niist\u00e4 suositun valinnan moniin teollisiin sovelluksiin. Niiden lis\u00e4\u00e4ntynyt lujuus ja kest\u00e4vyys, kyky k\u00e4sitell\u00e4 korkeaa painetta, mukautettava suunnittelu, helppo asennus ja parannettu suorituskyky tekev\u00e4t niist\u00e4 ihanteellisen valinnan vaativiin ymp\u00e4rist\u00f6ihin, joissa luotettavuus ja suorituskyky ovat avainasemassa.<\/p>\n<p><img decoding=\"async\" src=\"https:\/\/hzpt.com\/wp-content\/uploads\/2023\/12\/insert-2.webp\" alt=\"\" title=\"\"><\/p>\n<h2>Hitsatun Clevis-tyyppisen sylinterin k\u00e4ytt\u00f6<\/h2>\n<ul>\n<li><strong>Teollisuuskoneet:<\/strong> Hitsattuja sakkelisylintereit\u00e4 k\u00e4ytet\u00e4\u00e4n laajalti erilaisissa teollisuuskoneissa raskaissa sovelluksissa. N\u00e4m\u00e4 sylinterit pystyv\u00e4t tuottamaan suuren voiman koneiden komponenttien nostamiseen ja puristamiseen. Hitsattu sakkelirakenne mahdollistaa helpon asennuksen ja tehokkaan k\u00e4yt\u00f6n, mik\u00e4 tekee siit\u00e4 suositun valinnan valmistajille.\n<ul>\n<li>Valmistavassa teollisuudessa hitsattuja haarukkatyyppisi\u00e4 sylintereit\u00e4 k\u00e4ytet\u00e4\u00e4n hydraulipuristimissa, ruiskuvalukoneissa ja metallinleimauslaitteissa tarvittavan voiman aikaansaamiseksi metallilevyjen muovaukseen ja muotoiluun.<\/li>\n<li>Autoteollisuudessa n\u00e4it\u00e4 sylintereit\u00e4 k\u00e4ytet\u00e4\u00e4n autonostureissa, nostimissa ja kokoonpanokoneissa raskaiden komponenttien nostamiseen valmistusprosessin aikana.<\/li>\n<li>Rakennusteollisuudessa hitsattuja haarukkatyyppisi\u00e4 sylintereit\u00e4 k\u00e4ytet\u00e4\u00e4n nostureissa, kaivinkoneissa ja puskutraktoreissa raskaita kuormia nostavien ja siirt\u00e4vien hydraulij\u00e4rjestelmien voimanl\u00e4hteen\u00e4.<\/li>\n<\/ul>\n<\/li>\n<li><strong>Maatalouskoneet:<\/strong> Maatalouskoneet ovat yksi t\u00e4rkeimmist\u00e4 k\u00e4ytt\u00f6alueista, joilla hitsattuja sakkelityyppisi\u00e4 sylintereit\u00e4 k\u00e4ytet\u00e4\u00e4n. N\u00e4it\u00e4 sylintereit\u00e4 k\u00e4ytet\u00e4\u00e4n erilaisissa maatalouskoneissa, kuten traktoreissa, puimureissa ja auroissa, tarjoamaan tarvittava voima maanmuokkaukseen, istutukseen ja sadonkorjuuseen.\n<ul>\n<li>Maataloudessa hitsattuja sakkelityyppisi\u00e4 sylintereit\u00e4 k\u00e4ytet\u00e4\u00e4n auroissa, kultivaattoreissa ja kylv\u00f6koneissa tarvittavan voiman aikaansaamiseksi maanmuokkaukseen ja siementen kylv\u00f6\u00f6n.<\/li>\n<li>Sadonkorjuuteollisuudessa n\u00e4it\u00e4 sylintereit\u00e4 k\u00e4ytet\u00e4\u00e4n puimureissa, paalaimissa ja ruohonleikkureissa satoa ker\u00e4\u00e4vien ja kuljettavien hydraulij\u00e4rjestelmien voimanl\u00e4hteen\u00e4.<\/li>\n<\/ul>\n<\/li>\n<li><strong>Ilmailu ja puolustus:<\/strong> Hitsattuja Clevis-tyyppisi\u00e4 sylintereit\u00e4 k\u00e4ytet\u00e4\u00e4n my\u00f6s ilmailu- ja puolustusteollisuudessa, jossa niit\u00e4 k\u00e4ytet\u00e4\u00e4n monenlaisissa sovelluksissa lentokoneissa, raketeissa, ohjuksissa ja puolustusj\u00e4rjestelmiss\u00e4.\n<ul>\n<li>Ilmailuteollisuudessa hitsattuja haarukkatyyppisi\u00e4 sylintereit\u00e4 k\u00e4ytet\u00e4\u00e4n lentokoneiden laskutelineiss\u00e4, l\u00e4ppiss\u00e4 ja jarruissa tarvittavan voiman aikaansaamiseksi nousussa ja laskeutumisessa.<\/li>\n<li>Puolustusteollisuudessa n\u00e4it\u00e4 sylintereit\u00e4 k\u00e4ytet\u00e4\u00e4n ohjuslaukaisimissa, tykkitorneissa ja panssarivaunuj\u00e4rjestelmiss\u00e4 aseiden ja ammusten liikett\u00e4 ohjaavien hydraulij\u00e4rjestelmien virransy\u00f6tt\u00f6\u00f6n.<\/li>\n<\/ul>\n<\/li>\n<li><strong>Meriteollisuus:<\/strong> Hitsattuja Clevis-tyyppisi\u00e4 sylintereit\u00e4 k\u00e4ytet\u00e4\u00e4n my\u00f6s laajalti meriteollisuudessa, jossa niit\u00e4 k\u00e4ytet\u00e4\u00e4n erilaisissa sovelluksissa laivoissa, veneiss\u00e4 ja vedenalaisissa ajoneuvoissa.\n<ul>\n<li>Merenkulkualalla hitsattuja haarukkatyyppisi\u00e4 sylintereit\u00e4 k\u00e4ytet\u00e4\u00e4n nostureissa, vinsseiss\u00e4 ja lastink\u00e4sittelylaitteissa tarvittavan voiman aikaansaamiseksi lastin lastaamiseen ja purkamiseen.<\/li>\n<li>Veneteollisuudessa n\u00e4it\u00e4 sylintereit\u00e4 k\u00e4ytet\u00e4\u00e4n ohjausj\u00e4rjestelmiss\u00e4, potkureissa ja ankkurij\u00e4rjestelmiss\u00e4 veneiden ja laivojen liikkeen ohjaamiseen tarvittavan voiman aikaansaamiseksi.<\/li>\n<li>Vedenalaisten ajoneuvojen teollisuudessa hitsattuja haarukkatyyppisi\u00e4 sylintereit\u00e4 k\u00e4ytet\u00e4\u00e4n sukellusveneiss\u00e4, kauko-ohjattavissa ajoneuvoissa (ROV) ja sukellusvarusteissa tarvittavan voiman aikaansaamiseksi vedenalaisiin operaatioihin.<\/li>\n<\/ul>\n<\/li>\n<li><strong>Kaivosteollisuus:<\/strong> Hitsattuja haarukkatyyppisi\u00e4 sylintereit\u00e4 k\u00e4ytet\u00e4\u00e4n my\u00f6s kaivosteollisuudessa, jossa niit\u00e4 k\u00e4ytet\u00e4\u00e4n erilaisissa sovelluksissa mineraalien louhintaan ja materiaalink\u00e4sittelyyn.\n<ul>\n<li>Kaivosteollisuudessa hitsattuja sakkelityyppisi\u00e4 sylintereit\u00e4 k\u00e4ytet\u00e4\u00e4n kuljetinj\u00e4rjestelmiss\u00e4, porakoneissa ja hydraulisissa kaivoksissa tarvittavan voiman aikaansaamiseksi mineraalien ja materiaalien louhintaan kaivoksista ja louhoksista.<\/li>\n<\/ul>\n<\/li>\n<\/ul>\n<h2>Kuinka valita ja vaihtaa hydrauliikka\u00f6ljy ja tiivisteet?<\/h2>\n<p>Oikean hydrauliikka\u00f6ljyn ja tiivisteiden valinta riippuu k\u00e4ytt\u00f6olosuhteista ja valmistajan suosituksista. S\u00e4\u00e4nn\u00f6llinen tarkastus on v\u00e4ltt\u00e4m\u00e4t\u00f6nt\u00e4 oikea-aikaisen vaihdon varmistamiseksi.<\/p>\n<h2>Yritys- ja tuotemarkkinointi<\/h2>\n<p>FMP on johtava hydraulisylinterien toimittaja Italiassa. Tuotevalikoimaamme kuuluvat hydrauliset kallistussylinterit, hydrauliset ohjaussylinterit ja hydrauliset nostosylinterit. 200 000 kappaleen tuotantokapasiteetillamme meill\u00e4 on 300 erilaista automaattista CNC-tuotantolaitetta ja t\u00e4ysautomaattista hydraulisylinterien kokoonpanolaitteistoa.<\/p>\n<p>FMP:ll\u00e4 olemme ylpeit\u00e4 voidessamme tarjota laadukkaita tuotteita edulliseen hintaan ja erinomaista asiakaspalvelua. Toimitamme my\u00f6s henkil\u00f6nostinten sylintereit\u00e4, teollisuusajoneuvojen hydraulisylintereit\u00e4, porauslauttojen sylintereit\u00e4, kuorma-autonostureiden sylintereit\u00e4, rakennuskoneiden hydraulisylintereit\u00e4, <b>Trukin hydraulisylinterit<\/b>, kaivosteollisuuden kippiautojen sylinterit, saniteettikoneiden hydraulisylinterit. Tilausty\u00f6t ovat tervetulleita.<\/p>\n<p><img decoding=\"async\" src=\"https:\/\/hzpt.com\/wp-content\/uploads\/2023\/12\/insert-5.webp\" alt=\"Tehtaamme\" title=\"\"><\/p>\n<h2>Usein kysytyt kysymykset<\/h2>\n<h3>Mik\u00e4 on FMP:n hydraulisen kaksitoimisen sylinterin takuuaika?<\/h3>\n<p>Tuotteemme takuuaika on yksi vuosi.<\/p>\n<h3>Voinko saada r\u00e4\u00e4t\u00e4l\u00f6idyn hydraulisen kaksitoimisen sylinterin?<\/h3>\n<p>Kyll\u00e4, tarjoamme r\u00e4\u00e4t\u00e4l\u00f6inti\u00e4 tiettyjen vaatimusten t\u00e4ytt\u00e4miseksi.<\/p>\n<h3>Mik\u00e4 on toimitusaika?<\/h3>\n<p>Toimitusaika vaihtelee tilausm\u00e4\u00e4r\u00e4n ja r\u00e4\u00e4t\u00e4l\u00f6innin mukaan.<\/p>\n<h3>Tarjoatteko teknist\u00e4 tukea?<\/h3>\n<p>Kyll\u00e4, tarjoamme asiakkaillemme kattavaa teknist\u00e4 tukea.<\/p>\n<h3>Kuinka usein minun pit\u00e4isi vaihtaa hydrauliikka\u00f6ljy?<\/h3>\n<p>Hydrauli\u00f6ljy on vaihdettava valmistajan ohjeiden mukaisesti tai jos \u00f6ljy on likaantunut.<\/p>\n<p>Tekij\u00e4: CX<\/p>","protected":false},"excerpt":{"rendered":"<p>Product 10026 Hot Selling Agricultural Hydraulic Double Acting Cylinder For Tractor: The 10026 Hot Selling Agricultural Hydraulic Double Acting Cylinder is a high-quality and efficient hydraulic component specifically designed for tractors. This cylinder is built with precision and durability in mind, making it an excellent choice for agricultural applications. Key Features: 1. Double Acting Design: [&hellip;]<\/p>","protected":false},"featured_media":1127,"comment_status":"closed","ping_status":"closed","template":"","meta":{"_et_pb_use_builder":"","_et_pb_old_content":"","_et_gb_content_width":""},"product_brand":[],"product_cat":[36],"product_tag":[34,38],"class_list":{"0":"post-1034","1":"product","2":"type-product","3":"status-publish","4":"has-post-thumbnail","6":"product_cat-welded-clevis-type-cylinder","7":"product_tag-hydraulic-cylinder","8":"product_tag-welded-clevis-type-cylinder","10":"first","11":"instock","12":"product-type-simple"},"_links":{"self":[{"href":"https:\/\/fmp-components.com\/fi\/wp-json\/wp\/v2\/product\/1034","targetHints":{"allow":["GET"]}}],"collection":[{"href":"https:\/\/fmp-components.com\/fi\/wp-json\/wp\/v2\/product"}],"about":[{"href":"https:\/\/fmp-components.com\/fi\/wp-json\/wp\/v2\/types\/product"}],"replies":[{"embeddable":true,"href":"https:\/\/fmp-components.com\/fi\/wp-json\/wp\/v2\/comments?post=1034"}],"wp:featuredmedia":[{"embeddable":true,"href":"https:\/\/fmp-components.com\/fi\/wp-json\/wp\/v2\/media\/1127"}],"wp:attachment":[{"href":"https:\/\/fmp-components.com\/fi\/wp-json\/wp\/v2\/media?parent=1034"}],"wp:term":[{"taxonomy":"product_brand","embeddable":true,"href":"https:\/\/fmp-components.com\/fi\/wp-json\/wp\/v2\/product_brand?post=1034"},{"taxonomy":"product_cat","embeddable":true,"href":"https:\/\/fmp-components.com\/fi\/wp-json\/wp\/v2\/product_cat?post=1034"},{"taxonomy":"product_tag","embeddable":true,"href":"https:\/\/fmp-components.com\/fi\/wp-json\/wp\/v2\/product_tag?post=1034"}],"curies":[{"name":"wp","href":"https:\/\/api.w.org\/{rel}","templated":true}]}}