{"id":1030,"date":"2024-12-19T06:17:09","date_gmt":"2024-12-19T06:17:09","guid":{"rendered":"https:\/\/fmp-components.com\/product\/10022-factory-price-mini-double-acting-hydraulic-cylinder-for-trailer\/"},"modified":"2025-03-18T00:48:07","modified_gmt":"2025-03-18T00:48:07","slug":"10022-factory-price-mini-double-acting-hydraulic-cylinder-for-trailer","status":"publish","type":"product","link":"https:\/\/fmp-components.com\/fi\/product\/10022-factory-price-mini-double-acting-hydraulic-cylinder-for-trailer\/","title":{"rendered":"10022 Tehtaan hinta Mini kaksitoiminen hydraulisylinteri per\u00e4vaunulle"},"content":{"rendered":"<h2>Tuotteen nimi: 10022 Tehdashintainen minikokoinen kaksitoiminen hydraulisylinteri per\u00e4vaunuun<\/h2>\n<p>Tarvitsetko luotettavaa hydraulisylinteri\u00e4 per\u00e4vaunuusi? 10022 tehdashintainen minikokoinen kaksitoiminen hydraulisylinterimme on oikea valinta. T\u00e4m\u00e4 korkealaatuinen hydraulisylinteri on erityisesti suunniteltu vastaamaan per\u00e4vaunusovellusten vaatimuksiin ja tarjoaa poikkeuksellisen suorituskyvyn ja kest\u00e4vyyden.<\/p>\n<p>T\u00e4rkeimm\u00e4t ominaisuudet:<\/p>\n<p>1. Kompakti muotoilu: T\u00e4m\u00e4n hydraulisylinterin pieni koko mahdollistaa helpon asennuksen ja integroinnin erikokoisiin per\u00e4vaunuihin.<\/p>\n<p>2. Kaksitoiminen: T\u00e4m\u00e4 hydraulisylinteri on kaksitoiminen, mik\u00e4 tarkoittaa, ett\u00e4 se voi kohdistaa voimaa molempiin suuntiin, mik\u00e4 mahdollistaa tehokkaan toiminnan ja lis\u00e4\u00e4 tuottavuutta.<\/p>\n<p>3. Tehdashinta: 10022-hydraulisylinterimme tarjotaan kilpailukykyiseen tehdashintaan, mik\u00e4 takaa erinomaisen vastineen investoinnillesi.<\/p>\n<p>4. Kest\u00e4v\u00e4 rakenne: T\u00e4m\u00e4 hydraulisylinteri on valmistettu kest\u00e4m\u00e4\u00e4n kovaa k\u00e4ytt\u00f6\u00e4 ja korkealaatuisista materiaaleista, mik\u00e4 takaa pitk\u00e4ik\u00e4isen kest\u00e4vyyden ja luotettavuuden.<\/p>\n<p>5. Sujuva toiminta: T\u00e4m\u00e4n hydraulisylinterin tarkka suunnittelu varmistaa sujuvan ja saumattoman toiminnan minimoiden kitkan ja kulumisen.<\/p>\n<p>6. Monipuolinen k\u00e4ytt\u00f6: T\u00e4m\u00e4 hydraulisylinteri on suunniteltu k\u00e4sittelem\u00e4\u00e4n monenlaisia \u200b\u200bk\u00e4ytt\u00f6tarkoituksia helposti, olipa kyseess\u00e4 sitten per\u00e4vaunun nostaminen, laskeminen, kallistaminen tai vakauttaminen.<\/p>\n<p>7. Helppo huolto: K\u00e4ytt\u00e4j\u00e4yst\u00e4v\u00e4llisen rakenteensa ansiosta t\u00e4t\u00e4 hydraulisylinteri\u00e4 on helppo huoltaa, mik\u00e4 s\u00e4\u00e4st\u00e4\u00e4 aikaa ja vaivaa pitk\u00e4ll\u00e4 aikav\u00e4lill\u00e4.<\/p>\n<p><img loading=\"lazy\" decoding=\"async\" class=\"alignnone size-full wp-image-1073\" src=\"https:\/\/fmp-components.com\/wp-content\/uploads\/2024\/12\/Welded-Clevis-Type-Cylinder2.webp\" alt=\"Hitsattu Clevis-tyyppinen sylinteri\" width=\"800\" height=\"800\" title=\"\" srcset=\"https:\/\/fmp-components.com\/wp-content\/uploads\/2024\/12\/Welded-Clevis-Type-Cylinder2.webp 800w, https:\/\/fmp-components.com\/wp-content\/uploads\/2024\/12\/Welded-Clevis-Type-Cylinder2-480x480.webp 480w\" sizes=\"(min-width: 0px) and (max-width: 480px) 480px, (min-width: 481px) 800px, 100vw\" \/><\/p>\n<p>Tekniset tiedot:<\/p>\n<p>\u2013 Porausrei\u00e4n halkaisija: [M\u00e4\u00e4rit\u00e4 poran halkaisija]<br \/>\n\u2013 Iskun pituus: [M\u00e4\u00e4rit\u00e4 iskun pituus]<br \/>\n\u2013 Maksimipaine: [M\u00e4\u00e4rit\u00e4 maksimipaine]<br \/>\n\u2013 Kiinnitystyyppi: [M\u00e4\u00e4rit\u00e4 kiinnitystyyppi]<br \/>\n\u2013 M\u00e4nn\u00e4nvarren halkaisija: [M\u00e4\u00e4rit\u00e4 m\u00e4nn\u00e4nvarren halkaisija]<br \/>\n\u2013 K\u00e4ytt\u00f6l\u00e4mp\u00f6tila-alue: [M\u00e4\u00e4rit\u00e4 k\u00e4ytt\u00f6l\u00e4mp\u00f6tila-alue]<\/p>\n<p>10022 tehdashintainen minikokoinen kaksitoiminen hydraulisylinteri per\u00e4vaunuun on t\u00e4ydellinen valinta kaikille, jotka tarvitsevat luotettavan ja tehokkaan hydraulisylinterin. Kompaktin rakenteensa, kaksitoimisen toiminnallisuutensa ja kilpailukykyisen tehdashintansa ansiosta t\u00e4m\u00e4 hydraulisylinteri tarjoaa poikkeuksellisen suorituskyvyn ja kest\u00e4vyyden. Investoi t\u00e4h\u00e4n hydraulisylinteriin jo t\u00e4n\u00e4\u00e4n ja koe parantunut tuottavuus ja luotettavuus per\u00e4vaunusovelluksissasi.<\/p>\n<p><img decoding=\"async\" src=\"https:\/\/hzpt.com\/wp-content\/uploads\/2023\/12\/insert-1.webp\" alt=\"\" title=\"\"><\/p>\n<h2>Hitsatun Clevis-tyyppisen sylinterin edut<\/h2>\n<p>Hitsatut haarukkatyyppiset sylinterit ovat suosittu valinta moniin teollisiin sovelluksiin ainutlaatuisten etujensa ja hy\u00f6tyjens\u00e4 ansiosta. T\u00e4ss\u00e4 on joitakin hitsattujen haarukkatyyppisten sylinterien t\u00e4rkeimmist\u00e4 eduista:<\/p>\n<h3>1. Lis\u00e4\u00e4ntynyt lujuus ja kest\u00e4vyys<\/h3>\n<p>Hitsatut haarukkatyyppiset sylinterit on valmistettu hitsatulla p\u00e4\u00e4tykorkilla, joka tarjoaa enemm\u00e4n lujuutta ja kest\u00e4vyytt\u00e4 verrattuna muuntyyppisiin sylintereihin. T\u00e4m\u00e4 tekee niist\u00e4 ihanteellisia raskaisiin sovelluksiin, jotka vaativat korkeaa lujuutta ja kest\u00e4vyytt\u00e4.<\/p>\n<p>Lis\u00e4ksi n\u00e4iden sylinterien hitsattu rakenne tarkoittaa, ett\u00e4 ne vuotavat tai rikkoutuvat ep\u00e4todenn\u00e4k\u00f6isemmin, mik\u00e4 voi auttaa v\u00e4hent\u00e4m\u00e4\u00e4n seisokkiaikoja ja yll\u00e4pitokustannuksia.<\/p>\n<h3>2. Kyky k\u00e4sitell\u00e4 korkeaa painetta<\/h3>\n<p>Hitsatut haarukkatyyppiset sylinterit pystyv\u00e4t k\u00e4sittelem\u00e4\u00e4n my\u00f6s korkeapainesovelluksia, mik\u00e4 tekee niist\u00e4 suositun valinnan esimerkiksi rakennus-, kaivos- sek\u00e4 \u00f6ljy- ja kaasuteollisuudessa. Niiden kyky k\u00e4sitell\u00e4 korkeaa painetta varmistaa luotettavan suorituskyvyn vaativissa ymp\u00e4rist\u00f6iss\u00e4.<\/p>\n<h3>3. Mukautettava muotoilu<\/h3>\n<p>Hitsattuja haarukkatyyppisi\u00e4 sylintereit\u00e4 voidaan suunnitella mittatilausty\u00f6n\u00e4 vastaamaan sovelluksen erityistarpeita. T\u00e4m\u00e4 tarkoittaa, ett\u00e4 ne voidaan r\u00e4\u00e4t\u00e4l\u00f6id\u00e4 tiettyyn kokoon, muotoon tai suorituskykyvaatimukseen. Mukautettava suunnittelu mahdollistaa my\u00f6s suuremman joustavuuden valmistusprosessissa, mik\u00e4 voi johtaa kustannuss\u00e4\u00e4st\u00f6ihin.<\/p>\n<h3>4. Helppo asennus<\/h3>\n<p>Hitsatut haarukkatyyppiset sylinterit on suunniteltu helppoon asennukseen, mik\u00e4 auttaa v\u00e4hent\u00e4m\u00e4\u00e4n asennusaikaa ja ty\u00f6voimakustannuksia. Ne ovat yleens\u00e4 esikoottuja ja k\u00e4ytt\u00f6valmiita suoraan pakkauksesta, mik\u00e4 minimoi lis\u00e4osien tai -komponenttien tarpeen.<\/p>\n<h3>5. Parannettu suorituskyky<\/h3>\n<p>Hitsattujen haarukkatyyppisten sylinterien rakenne mahdollistaa paremman suorituskyvyn verrattuna muuntyyppisiin sylintereihin. Ne pystyv\u00e4t tuottamaan enemm\u00e4n voimaa paineyksikk\u00f6\u00e4 kohden, mik\u00e4 voi auttaa parantamaan tehokkuutta ja tuottavuutta teollisissa sovelluksissa.<\/p>\n<p>Kaiken kaikkiaan hitsatut haarukkatyyppiset sylinterit tarjoavat useita etuja ja hy\u00f6tyj\u00e4, jotka tekev\u00e4t niist\u00e4 suositun valinnan moniin teollisiin sovelluksiin. Niiden lis\u00e4\u00e4ntynyt lujuus ja kest\u00e4vyys, kyky k\u00e4sitell\u00e4 korkeaa painetta, mukautettava suunnittelu, helppo asennus ja parannettu suorituskyky tekev\u00e4t niist\u00e4 ihanteellisen valinnan vaativiin ymp\u00e4rist\u00f6ihin, joissa luotettavuus ja suorituskyky ovat avainasemassa.<\/p>\n<p><img decoding=\"async\" src=\"https:\/\/hzpt.com\/wp-content\/uploads\/2023\/12\/insert-2.webp\" alt=\"\" title=\"\"><\/p>\n<h2>Hitsatun Clevis-tyyppisen sylinterin k\u00e4ytt\u00f6<\/h2>\n<ul>\n<li><strong>Teollisuuskoneet:<\/strong> Hitsattuja sakkelisylintereit\u00e4 k\u00e4ytet\u00e4\u00e4n laajalti erilaisissa teollisuuskoneissa raskaissa sovelluksissa. N\u00e4m\u00e4 sylinterit pystyv\u00e4t tuottamaan suuren voiman koneiden komponenttien nostamiseen ja puristamiseen. Hitsattu sakkelirakenne mahdollistaa helpon asennuksen ja tehokkaan k\u00e4yt\u00f6n, mik\u00e4 tekee siit\u00e4 suositun valinnan valmistajille.\n<ul>\n<li>Valmistavassa teollisuudessa hitsattuja haarukkatyyppisi\u00e4 sylintereit\u00e4 k\u00e4ytet\u00e4\u00e4n hydraulipuristimissa, ruiskuvalukoneissa ja metallinleimauslaitteissa tarvittavan voiman aikaansaamiseksi metallilevyjen muovaukseen ja muotoiluun.<\/li>\n<li>Autoteollisuudessa n\u00e4it\u00e4 sylintereit\u00e4 k\u00e4ytet\u00e4\u00e4n autonostureissa, nostimissa ja kokoonpanokoneissa raskaiden komponenttien nostamiseen valmistusprosessin aikana.<\/li>\n<li>Rakennusteollisuudessa hitsattuja haarukkatyyppisi\u00e4 sylintereit\u00e4 k\u00e4ytet\u00e4\u00e4n nostureissa, kaivinkoneissa ja puskutraktoreissa raskaita kuormia nostavien ja siirt\u00e4vien hydraulij\u00e4rjestelmien voimanl\u00e4hteen\u00e4.<\/li>\n<\/ul>\n<\/li>\n<li><strong>Maatalouskoneet:<\/strong> Maatalouskoneet ovat yksi t\u00e4rkeimmist\u00e4 k\u00e4ytt\u00f6alueista, joilla hitsattuja sakkelityyppisi\u00e4 sylintereit\u00e4 k\u00e4ytet\u00e4\u00e4n. N\u00e4it\u00e4 sylintereit\u00e4 k\u00e4ytet\u00e4\u00e4n erilaisissa maatalouskoneissa, kuten traktoreissa, puimureissa ja auroissa, tarjoamaan tarvittava voima maanmuokkaukseen, istutukseen ja sadonkorjuuseen.\n<ul>\n<li>Maataloudessa hitsattuja sakkelityyppisi\u00e4 sylintereit\u00e4 k\u00e4ytet\u00e4\u00e4n auroissa, kultivaattoreissa ja kylv\u00f6koneissa tarvittavan voiman aikaansaamiseksi maanmuokkaukseen ja siementen kylv\u00f6\u00f6n.<\/li>\n<li>Sadonkorjuuteollisuudessa n\u00e4it\u00e4 sylintereit\u00e4 k\u00e4ytet\u00e4\u00e4n puimureissa, paalaimissa ja ruohonleikkureissa satoa ker\u00e4\u00e4vien ja kuljettavien hydraulij\u00e4rjestelmien voimanl\u00e4hteen\u00e4.<\/li>\n<\/ul>\n<\/li>\n<li><strong>Ilmailu ja puolustus:<\/strong> Hitsattuja Clevis-tyyppisi\u00e4 sylintereit\u00e4 k\u00e4ytet\u00e4\u00e4n my\u00f6s ilmailu- ja puolustusteollisuudessa, jossa niit\u00e4 k\u00e4ytet\u00e4\u00e4n monenlaisissa sovelluksissa lentokoneissa, raketeissa, ohjuksissa ja puolustusj\u00e4rjestelmiss\u00e4.\n<ul>\n<li>Ilmailuteollisuudessa hitsattuja haarukkatyyppisi\u00e4 sylintereit\u00e4 k\u00e4ytet\u00e4\u00e4n lentokoneiden laskutelineiss\u00e4, l\u00e4ppiss\u00e4 ja jarruissa tarvittavan voiman aikaansaamiseksi nousussa ja laskeutumisessa.<\/li>\n<li>Puolustusteollisuudessa n\u00e4it\u00e4 sylintereit\u00e4 k\u00e4ytet\u00e4\u00e4n ohjuslaukaisimissa, tykkitorneissa ja panssarivaunuj\u00e4rjestelmiss\u00e4 aseiden ja ammusten liikett\u00e4 ohjaavien hydraulij\u00e4rjestelmien virransy\u00f6tt\u00f6\u00f6n.<\/li>\n<\/ul>\n<\/li>\n<li><strong>Meriteollisuus:<\/strong> Hitsattuja Clevis-tyyppisi\u00e4 sylintereit\u00e4 k\u00e4ytet\u00e4\u00e4n my\u00f6s laajalti meriteollisuudessa, jossa niit\u00e4 k\u00e4ytet\u00e4\u00e4n erilaisissa sovelluksissa laivoissa, veneiss\u00e4 ja vedenalaisissa ajoneuvoissa.\n<ul>\n<li>Merenkulkualalla hitsattuja haarukkatyyppisi\u00e4 sylintereit\u00e4 k\u00e4ytet\u00e4\u00e4n nostureissa, vinsseiss\u00e4 ja lastink\u00e4sittelylaitteissa tarvittavan voiman aikaansaamiseksi lastin lastaamiseen ja purkamiseen.<\/li>\n<li>Veneteollisuudessa n\u00e4it\u00e4 sylintereit\u00e4 k\u00e4ytet\u00e4\u00e4n ohjausj\u00e4rjestelmiss\u00e4, potkureissa ja ankkurij\u00e4rjestelmiss\u00e4 veneiden ja laivojen liikkeen ohjaamiseen tarvittavan voiman aikaansaamiseksi.<\/li>\n<li>Vedenalaisten ajoneuvojen teollisuudessa hitsattuja haarukkatyyppisi\u00e4 sylintereit\u00e4 k\u00e4ytet\u00e4\u00e4n sukellusveneiss\u00e4, kauko-ohjattavissa ajoneuvoissa (ROV) ja sukellusvarusteissa tarvittavan voiman aikaansaamiseksi vedenalaisiin operaatioihin.<\/li>\n<\/ul>\n<\/li>\n<li><strong>Kaivosteollisuus:<\/strong> Hitsattuja haarukkatyyppisi\u00e4 sylintereit\u00e4 k\u00e4ytet\u00e4\u00e4n my\u00f6s kaivosteollisuudessa, jossa niit\u00e4 k\u00e4ytet\u00e4\u00e4n erilaisissa sovelluksissa mineraalien louhintaan ja materiaalink\u00e4sittelyyn.\n<ul>\n<li>Kaivosteollisuudessa hitsattuja sakkelityyppisi\u00e4 sylintereit\u00e4 k\u00e4ytet\u00e4\u00e4n kuljetinj\u00e4rjestelmiss\u00e4, porakoneissa ja hydraulisissa kaivoksissa tarvittavan voiman aikaansaamiseksi mineraalien ja materiaalien louhintaan kaivoksista ja louhoksista.<\/li>\n<\/ul>\n<\/li>\n<\/ul>\n<h2>Tietoja FMP:st\u00e4<\/h2>\n<p>FMP tunnetaan korkealaatuisista tuotteistaan, kilpailukykyisist\u00e4 hinnoistaan \u200b\u200bja erinomaisesta palvelustaan. Tarjoamme laajan valikoiman hydraulisylintereit\u00e4 erilaisiin k\u00e4ytt\u00f6tarkoituksiin, mukaan lukien henkil\u00f6nostinten hydraulisylinterit, teollisuusajoneuvojen hydraulisylinterit, porauslauttojen sylinterit, kuorma-autonostureiden sylinterit, rakennuskoneiden hydraulisylinterit, trukkien hydraulisylinterit, kaivoskuorma-autojen sylinterit ja saniteettikoneiden hydraulisylinterit. Tarjoamme my\u00f6s r\u00e4\u00e4t\u00e4l\u00f6intivaihtoehtoja toimitettujen mallien ja n\u00e4ytteiden perusteella.<\/p>\n<p><img decoding=\"async\" src=\"https:\/\/hzpt.com\/wp-content\/uploads\/2023\/12\/insert-5.webp\" alt=\"FMP-tehdas\" title=\"\"><\/p>\n<h2>Usein kysytyt kysymykset<\/h2>\n<dl>\n<dt>K: Mik\u00e4 on Mini Double Acting Hydraulisylinterin kuormankantokyky?<\/dt>\n<dd>A: Kantavuus on korkea ja sopii raskaille per\u00e4vaunuille.<\/dd>\n<dt>K: Mitk\u00e4 ovat t\u00e4m\u00e4n hydraulisylinterin mitat?<\/dt>\n<dd>V: Mitat voidaan mukauttaa tarpeidesi mukaan.<\/dd>\n<dt>K: Miten hydraulisylinteri toimii?<\/dt>\n<dd>A: Se toimii paine-eron periaatteella k\u00e4ytt\u00e4en hydrauli\u00f6ljy\u00e4 voiman tuottamiseen.<\/dd>\n<dt>K: Miss\u00e4 FMP sijaitsee?<\/dt>\n<dd>A: FMP sijaitsee Italiassa.<\/dd>\n<dt>K: Voinko mukauttaa hydraulisylinteri\u00e4ni?<\/dt>\n<dd>V: Kyll\u00e4, FMP tarjoaa r\u00e4\u00e4t\u00e4l\u00f6intivaihtoehtoja annettujen mallien ja mallien perusteella.<\/dd>\n<\/dl>\n<p>Tekij\u00e4: CX<\/p>","protected":false},"excerpt":{"rendered":"<p>Product Name: 10022 Factory Price Mini Double Acting Hydraulic Cylinder for Trailer Are you in need of a reliable hydraulic cylinder for your trailer? Look no further than our 10022 Factory Price Mini Double Acting Hydraulic Cylinder. This high-quality hydraulic cylinder is specifically designed to meet the demands of trailer applications, providing exceptional performance and [&hellip;]<\/p>","protected":false},"featured_media":1127,"comment_status":"closed","ping_status":"closed","template":"","meta":{"_et_pb_use_builder":"","_et_pb_old_content":"","_et_gb_content_width":""},"product_brand":[],"product_cat":[36],"product_tag":[34,38],"class_list":{"0":"post-1030","1":"product","2":"type-product","3":"status-publish","4":"has-post-thumbnail","6":"product_cat-welded-clevis-type-cylinder","7":"product_tag-hydraulic-cylinder","8":"product_tag-welded-clevis-type-cylinder","10":"first","11":"instock","12":"product-type-simple"},"_links":{"self":[{"href":"https:\/\/fmp-components.com\/fi\/wp-json\/wp\/v2\/product\/1030","targetHints":{"allow":["GET"]}}],"collection":[{"href":"https:\/\/fmp-components.com\/fi\/wp-json\/wp\/v2\/product"}],"about":[{"href":"https:\/\/fmp-components.com\/fi\/wp-json\/wp\/v2\/types\/product"}],"replies":[{"embeddable":true,"href":"https:\/\/fmp-components.com\/fi\/wp-json\/wp\/v2\/comments?post=1030"}],"wp:featuredmedia":[{"embeddable":true,"href":"https:\/\/fmp-components.com\/fi\/wp-json\/wp\/v2\/media\/1127"}],"wp:attachment":[{"href":"https:\/\/fmp-components.com\/fi\/wp-json\/wp\/v2\/media?parent=1030"}],"wp:term":[{"taxonomy":"product_brand","embeddable":true,"href":"https:\/\/fmp-components.com\/fi\/wp-json\/wp\/v2\/product_brand?post=1030"},{"taxonomy":"product_cat","embeddable":true,"href":"https:\/\/fmp-components.com\/fi\/wp-json\/wp\/v2\/product_cat?post=1030"},{"taxonomy":"product_tag","embeddable":true,"href":"https:\/\/fmp-components.com\/fi\/wp-json\/wp\/v2\/product_tag?post=1030"}],"curies":[{"name":"wp","href":"https:\/\/api.w.org\/{rel}","templated":true}]}}