{"id":1024,"date":"2024-12-19T06:16:24","date_gmt":"2024-12-19T06:16:24","guid":{"rendered":"https:\/\/fmp-components.com\/product\/10016-factory-direct-sale-double-acting-small-hydraulic-cylinder-for-agriculture\/"},"modified":"2024-12-26T08:53:25","modified_gmt":"2024-12-26T08:53:25","slug":"10016-factory-direct-sale-double-acting-small-hydraulic-cylinder-for-agriculture","status":"publish","type":"product","link":"https:\/\/fmp-components.com\/fi\/product\/10016-factory-direct-sale-double-acting-small-hydraulic-cylinder-for-agriculture\/","title":{"rendered":"10016 Tehtaan suoramyynti Kaksitoiminen pieni hydraulisylinteri maatalouteen"},"content":{"rendered":"<h2>Tuotteen esittely:<\/h2>\n<p>Tehtaan suoramyynniss\u00e4 oleva 10016 kaksitoiminen pieni hydraulisylinteri maatalouteen on monipuolinen ja luotettava hydraulisylinteri, joka on suunniteltu vastaamaan erilaisten maataloussovellusten tarpeisiin. T\u00e4m\u00e4 hydraulisylinteri on valmistettu korkealaatuisista materiaaleista ja edistyneell\u00e4 teknologialla erinomaisen suorituskyvyn, kest\u00e4vyyden ja luotettavuuden varmistamiseksi.<\/p>\n<p>Ominaisuudet:<\/p>\n<p>1. Kaksitoiminen rakenne: T\u00e4m\u00e4 hydraulisylinteri on suunniteltu tarjoamaan luotettavaa ja tasaista suorituskyky\u00e4 molempiin suuntiin.<\/p>\n<p>2. Pieni koko: Kompaktin ja kevyen rakenteensa ansiosta t\u00e4m\u00e4 hydraulisylinteri sopii t\u00e4ydellisesti k\u00e4ytett\u00e4v\u00e4ksi pieniss\u00e4 ja ahtaissa tiloissa.<\/p>\n<p>3. Korkealaatuiset materiaalit: 10016-hydraulisylinteri on valmistettu eritt\u00e4in lujista materiaaleista, jotka kest\u00e4v\u00e4t maataloussovellusten ankaria olosuhteita.<\/p>\n<p>4. Helppo asennus: T\u00e4m\u00e4 hydraulisylinteri on helppo asentaa ja vaatii vain v\u00e4h\u00e4n huoltoa.<\/p>\n<p><img decoding=\"async\" src=\"https:\/\/hzpt.com\/wp-content\/uploads\/2023\/12\/insert-4.webp?v=1694163707\" alt=\"\" title=\"\"><\/p>\n<p>Yhteenvetona voidaan todeta, ett\u00e4 10016 tehtaan suoramyynniss\u00e4 oleva kaksitoiminen pieni hydraulisylinteri maatalouteen on erinomainen valinta kaikille, jotka etsiv\u00e4t korkealaatuista, luotettavaa ja monipuolista hydraulisylinteri\u00e4 maatalousk\u00e4ytt\u00f6\u00f6n. Kompaktin rakenteensa, edistyneen teknologiansa ja kest\u00e4v\u00e4n rakenteensa ansiosta t\u00e4m\u00e4 hydraulisylinteri vastaa varmasti mink\u00e4 tahansa maataloustoiminnan tarpeisiin.<\/p>\n<h2>Hitsatun Clevis-tyyppisen sylinterin edut<\/h2>\n<p>Hitsatut haarukkatyyppiset sylinterit ovat suosittu valinta moniin teollisiin sovelluksiin ainutlaatuisten etujensa ja hy\u00f6tyjens\u00e4 ansiosta. T\u00e4ss\u00e4 on joitakin hitsattujen haarukkatyyppisten sylinterien t\u00e4rkeimmist\u00e4 eduista:<\/p>\n<h3>1. Lis\u00e4\u00e4ntynyt lujuus ja kest\u00e4vyys<\/h3>\n<p>Hitsatut haarukkatyyppiset sylinterit on valmistettu hitsatulla p\u00e4\u00e4tykorkilla, joka tarjoaa enemm\u00e4n lujuutta ja kest\u00e4vyytt\u00e4 verrattuna muuntyyppisiin sylintereihin. T\u00e4m\u00e4 tekee niist\u00e4 ihanteellisia raskaisiin sovelluksiin, jotka vaativat korkeaa lujuutta ja kest\u00e4vyytt\u00e4.<\/p>\n<p>Lis\u00e4ksi n\u00e4iden sylinterien hitsattu rakenne tarkoittaa, ett\u00e4 ne vuotavat tai rikkoutuvat ep\u00e4todenn\u00e4k\u00f6isemmin, mik\u00e4 voi auttaa v\u00e4hent\u00e4m\u00e4\u00e4n seisokkiaikoja ja yll\u00e4pitokustannuksia.<\/p>\n<h3>2. Kyky k\u00e4sitell\u00e4 korkeaa painetta<\/h3>\n<p>Hitsatut haarukkatyyppiset sylinterit pystyv\u00e4t k\u00e4sittelem\u00e4\u00e4n my\u00f6s korkeapainesovelluksia, mik\u00e4 tekee niist\u00e4 suositun valinnan esimerkiksi rakennus-, kaivos- sek\u00e4 \u00f6ljy- ja kaasuteollisuudessa. Niiden kyky k\u00e4sitell\u00e4 korkeaa painetta varmistaa luotettavan suorituskyvyn vaativissa ymp\u00e4rist\u00f6iss\u00e4.<\/p>\n<h3>3. Mukautettava muotoilu<\/h3>\n<p>Hitsattuja haarukkatyyppisi\u00e4 sylintereit\u00e4 voidaan suunnitella mittatilausty\u00f6n\u00e4 vastaamaan sovelluksen erityistarpeita. T\u00e4m\u00e4 tarkoittaa, ett\u00e4 ne voidaan r\u00e4\u00e4t\u00e4l\u00f6id\u00e4 tiettyyn kokoon, muotoon tai suorituskykyvaatimukseen. Mukautettava suunnittelu mahdollistaa my\u00f6s suuremman joustavuuden valmistusprosessissa, mik\u00e4 voi johtaa kustannuss\u00e4\u00e4st\u00f6ihin.<\/p>\n<h3>4. Helppo asennus<\/h3>\n<p>Hitsatut haarukkatyyppiset sylinterit on suunniteltu helppoon asennukseen, mik\u00e4 auttaa v\u00e4hent\u00e4m\u00e4\u00e4n asennusaikaa ja ty\u00f6voimakustannuksia. Ne ovat yleens\u00e4 esikoottuja ja k\u00e4ytt\u00f6valmiita suoraan pakkauksesta, mik\u00e4 minimoi lis\u00e4osien tai -komponenttien tarpeen.<\/p>\n<h3>5. Parannettu suorituskyky<\/h3>\n<p>Hitsattujen haarukkatyyppisten sylinterien rakenne mahdollistaa paremman suorituskyvyn verrattuna muuntyyppisiin sylintereihin. Ne pystyv\u00e4t tuottamaan enemm\u00e4n voimaa paineyksikk\u00f6\u00e4 kohden, mik\u00e4 voi auttaa parantamaan tehokkuutta ja tuottavuutta teollisissa sovelluksissa.<\/p>\n<p>Kaiken kaikkiaan hitsatut haarukkatyyppiset sylinterit tarjoavat useita etuja ja hy\u00f6tyj\u00e4, jotka tekev\u00e4t niist\u00e4 suositun valinnan moniin teollisiin sovelluksiin. Niiden lis\u00e4\u00e4ntynyt lujuus ja kest\u00e4vyys, kyky k\u00e4sitell\u00e4 korkeaa painetta, mukautettava suunnittelu, helppo asennus ja parannettu suorituskyky tekev\u00e4t niist\u00e4 ihanteellisen valinnan vaativiin ymp\u00e4rist\u00f6ihin, joissa luotettavuus ja suorituskyky ovat avainasemassa.<\/p>\n<p><img decoding=\"async\" src=\"https:\/\/hzpt.com\/wp-content\/uploads\/2023\/12\/insert-1.webp\" alt=\"\" title=\"\"><\/p>\n<h2>Hitsatun Clevis-tyyppisen sylinterin k\u00e4ytt\u00f6<\/h2>\n<ul>\n<li><strong>Teollisuuskoneet:<\/strong> Hitsattuja sakkelisylintereit\u00e4 k\u00e4ytet\u00e4\u00e4n laajalti erilaisissa teollisuuskoneissa raskaissa sovelluksissa. N\u00e4m\u00e4 sylinterit pystyv\u00e4t tuottamaan suuren voiman koneiden komponenttien nostamiseen ja puristamiseen. Hitsattu sakkelirakenne mahdollistaa helpon asennuksen ja tehokkaan k\u00e4yt\u00f6n, mik\u00e4 tekee siit\u00e4 suositun valinnan valmistajille.\n<ul>\n<li>Valmistavassa teollisuudessa hitsattuja haarukkatyyppisi\u00e4 sylintereit\u00e4 k\u00e4ytet\u00e4\u00e4n hydraulipuristimissa, ruiskuvalukoneissa ja metallinleimauslaitteissa tarvittavan voiman aikaansaamiseksi metallilevyjen muovaukseen ja muotoiluun.<\/li>\n<li>Autoteollisuudessa n\u00e4it\u00e4 sylintereit\u00e4 k\u00e4ytet\u00e4\u00e4n autonostureissa, nostimissa ja kokoonpanokoneissa raskaiden komponenttien nostamiseen valmistusprosessin aikana.<\/li>\n<li>Rakennusteollisuudessa hitsattuja haarukkatyyppisi\u00e4 sylintereit\u00e4 k\u00e4ytet\u00e4\u00e4n nostureissa, kaivinkoneissa ja puskutraktoreissa raskaita kuormia nostavien ja siirt\u00e4vien hydraulij\u00e4rjestelmien voimanl\u00e4hteen\u00e4.<\/li>\n<\/ul>\n<\/li>\n<li><strong>Maatalouskoneet:<\/strong> Maatalouskoneet ovat yksi t\u00e4rkeimmist\u00e4 k\u00e4ytt\u00f6alueista, joilla hitsattuja sakkelityyppisi\u00e4 sylintereit\u00e4 k\u00e4ytet\u00e4\u00e4n. N\u00e4it\u00e4 sylintereit\u00e4 k\u00e4ytet\u00e4\u00e4n erilaisissa maatalouskoneissa, kuten traktoreissa, puimureissa ja auroissa, tarjoamaan tarvittava voima maanmuokkaukseen, istutukseen ja sadonkorjuuseen.\n<ul>\n<li>Maataloudessa hitsattuja sakkelityyppisi\u00e4 sylintereit\u00e4 k\u00e4ytet\u00e4\u00e4n auroissa, kultivaattoreissa ja kylv\u00f6koneissa tarvittavan voiman aikaansaamiseksi maanmuokkaukseen ja siementen kylv\u00f6\u00f6n.<\/li>\n<li>Sadonkorjuuteollisuudessa n\u00e4it\u00e4 sylintereit\u00e4 k\u00e4ytet\u00e4\u00e4n puimureissa, paalaimissa ja ruohonleikkureissa satoa ker\u00e4\u00e4vien ja kuljettavien hydraulij\u00e4rjestelmien voimanl\u00e4hteen\u00e4.<\/li>\n<\/ul>\n<\/li>\n<li><strong>Ilmailu ja puolustus:<\/strong> Hitsattuja Clevis-tyyppisi\u00e4 sylintereit\u00e4 k\u00e4ytet\u00e4\u00e4n my\u00f6s ilmailu- ja puolustusteollisuudessa, jossa niit\u00e4 k\u00e4ytet\u00e4\u00e4n monenlaisissa sovelluksissa lentokoneissa, raketeissa, ohjuksissa ja puolustusj\u00e4rjestelmiss\u00e4.\n<ul>\n<li>Ilmailuteollisuudessa hitsattuja haarukkatyyppisi\u00e4 sylintereit\u00e4 k\u00e4ytet\u00e4\u00e4n lentokoneiden laskutelineiss\u00e4, l\u00e4ppiss\u00e4 ja jarruissa tarvittavan voiman aikaansaamiseksi nousussa ja laskeutumisessa.<\/li>\n<li>Puolustusteollisuudessa n\u00e4it\u00e4 sylintereit\u00e4 k\u00e4ytet\u00e4\u00e4n ohjuslaukaisimissa, tykkitorneissa ja panssarivaunuj\u00e4rjestelmiss\u00e4 aseiden ja ammusten liikett\u00e4 ohjaavien hydraulij\u00e4rjestelmien virransy\u00f6tt\u00f6\u00f6n.<\/li>\n<\/ul>\n<\/li>\n<li><strong>Meriteollisuus:<\/strong> Hitsattuja Clevis-tyyppisi\u00e4 sylintereit\u00e4 k\u00e4ytet\u00e4\u00e4n my\u00f6s laajalti meriteollisuudessa, jossa niit\u00e4 k\u00e4ytet\u00e4\u00e4n erilaisissa sovelluksissa laivoissa, veneiss\u00e4 ja vedenalaisissa ajoneuvoissa.\n<ul>\n<li>Merenkulkualalla hitsattuja haarukkatyyppisi\u00e4 sylintereit\u00e4 k\u00e4ytet\u00e4\u00e4n nostureissa, vinsseiss\u00e4 ja lastink\u00e4sittelylaitteissa tarvittavan voiman aikaansaamiseksi lastin lastaamiseen ja purkamiseen.<\/li>\n<li>Veneteollisuudessa n\u00e4it\u00e4 sylintereit\u00e4 k\u00e4ytet\u00e4\u00e4n ohjausj\u00e4rjestelmiss\u00e4, potkureissa ja ankkurij\u00e4rjestelmiss\u00e4 veneiden ja laivojen liikkeen ohjaamiseen tarvittavan voiman aikaansaamiseksi.<\/li>\n<li>Vedenalaisten ajoneuvojen teollisuudessa hitsattuja haarukkatyyppisi\u00e4 sylintereit\u00e4 k\u00e4ytet\u00e4\u00e4n sukellusveneiss\u00e4, kauko-ohjattavissa ajoneuvoissa (ROV) ja sukellusvarusteissa tarvittavan voiman aikaansaamiseksi vedenalaisiin operaatioihin.<\/li>\n<\/ul>\n<\/li>\n<li><strong>Kaivosteollisuus:<\/strong> Hitsattuja haarukkatyyppisi\u00e4 sylintereit\u00e4 k\u00e4ytet\u00e4\u00e4n my\u00f6s kaivosteollisuudessa, jossa niit\u00e4 k\u00e4ytet\u00e4\u00e4n erilaisissa sovelluksissa mineraalien louhintaan ja materiaalink\u00e4sittelyyn.\n<ul>\n<li>Kaivosteollisuudessa hitsattuja sakkelityyppisi\u00e4 sylintereit\u00e4 k\u00e4ytet\u00e4\u00e4n kuljetinj\u00e4rjestelmiss\u00e4, porakoneissa ja hydraulisissa kaivoksissa tarvittavan voiman aikaansaamiseksi mineraalien ja materiaalien louhintaan kaivoksista ja louhoksista.<\/li>\n<\/ul>\n<\/li>\n<\/ul>\n<h2>Tietoja FMP:st\u00e4<\/h2>\n<p>FMP:ll\u00e4 on johtava asema Italian liikkuvien koneiden hydraulisylinterien osamarkkinoilla. Tuotevalikoimaamme kuuluvat hydrauliset kallistussylinterit, hydrauliset ohjaussylinterit ja hydrauliset nostosylinterit. 200 000 kappaleen suunnittelukapasiteetillamme k\u00e4yt\u00e4mme 300 erilaista automaattista CNC-tuotantolaitetta sek\u00e4 automaattisia hydraulisylinterien kokoonpanolaitteita.<\/p>\n<p>FMP on ylpe\u00e4 voidessaan tarjota korkealaatuisia tuotteita kilpailukykyiseen hintaan ja poikkeuksellisen palvelumme tueksi. Toimitamme my\u00f6s henkil\u00f6nostinten hydraulisylintereit\u00e4, teollisuusajoneuvojen hydraulisylintereit\u00e4, porauslauttojen sylintereit\u00e4, kuorma-autonostureiden sylintereit\u00e4, rakennuskoneiden hydraulisylintereit\u00e4, <b>Trukin hydraulisylinterit<\/b>, kaivosautojen sylinterit ja saniteettikoneiden hydraulisylinterit. Tilaukset ovat tervetulleita asiakkaan toiveiden mukaisesti.<\/p>\n<p><img decoding=\"async\" src=\"https:\/\/hzpt.com\/wp-content\/uploads\/2023\/12\/insert-5.webp\" alt=\"Tehdaskuva\" title=\"\"><\/p>\n<h2>Usein kysytyt kysymykset<\/h2>\n<ol>\n<li>K: Mik\u00e4 on hydraulisylinterin kuormankantokyky? V: Se vaihtelee mallista riippuen.<\/li>\n<li>K: Miten kaksitoiminen hydraulisylinteri toimii? V: Se kohdistaa voimaa kahteen suuntaan sylinterin sis\u00e4ll\u00e4 olevan paineistetun nesteen ansiosta.<\/li>\n<li>K: Mihin t\u00e4t\u00e4 hydraulisylinteri\u00e4 k\u00e4ytet\u00e4\u00e4n? V: Sit\u00e4 k\u00e4ytet\u00e4\u00e4n laajalti maatalouskoneissa.<\/li>\n<li>K: Miten huollan hydraulisylinteri\u00e4? V: S\u00e4\u00e4nn\u00f6llinen tarkastus ja oikeanlainen hydrauli\u00f6ljyn ja tiivisteiden valinta varmistavat sen pitk\u00e4n k\u00e4ytt\u00f6i\u00e4n.<\/li>\n<li>K: Voinko mukauttaa tilaustani? V: Kyll\u00e4, FMP ottaa vastaan \u200b\u200br\u00e4\u00e4t\u00e4l\u00f6ityj\u00e4 tilauksia toiveidesi perusteella.<\/li>\n<\/ol>\n<p>Tekij\u00e4: CX<\/p>","protected":false},"excerpt":{"rendered":"<p>Product Introduction: The 10016 Factory Direct Sale Double Acting Small Hydraulic Cylinder for Agriculture is a versatile and reliable hydraulic cylinder that is designed to meet the needs of various agricultural applications. This hydraulic cylinder is built with high-quality materials and advanced technology to ensure excellent performance, durability, and reliability. Features: 1. Double-acting design: This [&hellip;]<\/p>","protected":false},"featured_media":1127,"comment_status":"closed","ping_status":"closed","template":"","meta":{"_et_pb_use_builder":"","_et_pb_old_content":"","_et_gb_content_width":""},"product_brand":[],"product_cat":[36],"product_tag":[34,38],"class_list":{"0":"post-1024","1":"product","2":"type-product","3":"status-publish","4":"has-post-thumbnail","6":"product_cat-welded-clevis-type-cylinder","7":"product_tag-hydraulic-cylinder","8":"product_tag-welded-clevis-type-cylinder","10":"first","11":"instock","12":"product-type-simple"},"_links":{"self":[{"href":"https:\/\/fmp-components.com\/fi\/wp-json\/wp\/v2\/product\/1024","targetHints":{"allow":["GET"]}}],"collection":[{"href":"https:\/\/fmp-components.com\/fi\/wp-json\/wp\/v2\/product"}],"about":[{"href":"https:\/\/fmp-components.com\/fi\/wp-json\/wp\/v2\/types\/product"}],"replies":[{"embeddable":true,"href":"https:\/\/fmp-components.com\/fi\/wp-json\/wp\/v2\/comments?post=1024"}],"wp:featuredmedia":[{"embeddable":true,"href":"https:\/\/fmp-components.com\/fi\/wp-json\/wp\/v2\/media\/1127"}],"wp:attachment":[{"href":"https:\/\/fmp-components.com\/fi\/wp-json\/wp\/v2\/media?parent=1024"}],"wp:term":[{"taxonomy":"product_brand","embeddable":true,"href":"https:\/\/fmp-components.com\/fi\/wp-json\/wp\/v2\/product_brand?post=1024"},{"taxonomy":"product_cat","embeddable":true,"href":"https:\/\/fmp-components.com\/fi\/wp-json\/wp\/v2\/product_cat?post=1024"},{"taxonomy":"product_tag","embeddable":true,"href":"https:\/\/fmp-components.com\/fi\/wp-json\/wp\/v2\/product_tag?post=1024"}],"curies":[{"name":"wp","href":"https:\/\/api.w.org\/{rel}","templated":true}]}}